{"id":272234,"date":"2022-07-21T16:10:39","date_gmt":"2022-07-21T14:10:39","guid":{"rendered":"https:\/\/naseprogram.wp-ms.ahuekna.org.ar\/?page_id=272234"},"modified":"2022-07-21T16:11:33","modified_gmt":"2022-07-21T14:11:33","slug":"proiecte-iau-unesco","status":"publish","type":"page","link":"https:\/\/www.naseprogram.org\/ca\/proiecte-iau-unesco\/","title":{"rendered":"Proiecte IAU\/UNESCO"},"content":{"rendered":"\n<p>Pentru a comemora Ziua Interna\u021bional\u0103 a Luminii, convocat\u0103 anual de UNESCO, NASE propune tuturor participan\u021bilor \u0219i instructorilor s\u0103i s\u0103 realizeze o experien\u021b\u0103 simpl\u0103, dar de mare interes educativ.<br>De\u0219i ziua luminii este 16 mai, se propune tuturor participan\u021bilor s\u0103 o realizeze pe parcursul \u00eentregii jum\u0103t\u0103\u021bi de an, de la echinoc\u021biul din martie p\u00e2n\u0103 la cel din septembrie. Nu se limiteaz\u0103 la 16 mai, deoarece, dup\u0103 cum se \u0219tie, aceast\u0103 zi se \u00eencadreaz\u0103 \u00een sezonul ploios \u00een unele \u021b\u0103ri. Din acest motiv, profesorii interesa\u021bi pot fi efectuate cu elevii lor timp de jum\u0103tate de an. V\u0103 rug\u0103m s\u0103 ne trimite\u021bi c\u00e2teva fotografii de m\u0103rturie \u0219i datele din observa\u021biile ob\u021binute \u00een timpul desf\u0103\u0219ur\u0103rii experien\u021bei. Tabelul din materialul introductiv pe care trebuie s\u0103-l citi\u021bi pentru a v\u0103 preg\u0103ti pentru aceast\u0103 experien\u021b\u0103. Mult succes \u0219i s\u0103 ave\u021bi o zi sau o noapte f\u0103r\u0103 nori pentru a face acest lucru.<\/p>\n\n\n\n<p><a href=\"https:\/\/www.unesco.org\/es\">Link c\u0103tre site-ul UNESCO unde se afl\u0103 toate lucr\u0103rile (proiectul NASE apare la sf\u00e2r\u0219it, \u00een &#8220;worldwide&#8221;)<\/a><\/p>\n","protected":false},"excerpt":{"rendered":"<p>Pentru a comemora Ziua Interna\u021bional\u0103 a Luminii, convocat\u0103 anual de UNESCO, NASE propune tuturor participan\u021bilor \u0219i instructorilor s\u0103i s\u0103 realizeze o experien\u021b\u0103 simpl\u0103, dar de mare interes educativ.De\u0219i ziua luminii este 16 mai, se propune tuturor participan\u021bilor s\u0103 o realizeze pe parcursul \u00eentregii jum\u0103t\u0103\u021bi de an, de la echinoc\u021biul din martie p\u00e2n\u0103 la cel din &#8230; <a title=\"Proiecte IAU\/UNESCO\" class=\"read-more\" href=\"https:\/\/www.naseprogram.org\/ca\/proiecte-iau-unesco\/\" aria-label=\"More on Proiecte IAU\/UNESCO\">Read more<\/a><\/p>\n","protected":false},"author":15,"featured_media":0,"parent":0,"menu_order":0,"comment_status":"closed","ping_status":"closed","template":"","meta":{"_uag_custom_page_level_css":"","_coblocks_attr":"","_coblocks_dimensions":"","_coblocks_responsive_height":"","_coblocks_accordion_ie_support":"","footnotes":""},"class_list":["post-272234","page","type-page","status-publish"],"acf":[],"yoast_head":"<!-- This site is optimized with the Yoast SEO plugin v27.4 - https:\/\/yoast.com\/product\/yoast-seo-wordpress\/ -->\n<title>Proiecte IAU\/UNESCO - NASE<\/title>\n<meta name=\"robots\" content=\"index, follow, max-snippet:-1, max-image-preview:large, max-video-preview:-1\" \/>\n<link rel=\"canonical\" href=\"https:\/\/www.naseprogram.org\/ca\/proiecte-iau-unesco\/\" \/>\n<meta property=\"og:locale\" content=\"ca_ES\" \/>\n<meta property=\"og:type\" content=\"article\" \/>\n<meta property=\"og:title\" content=\"Proiecte IAU\/UNESCO - NASE\" \/>\n<meta property=\"og:description\" content=\"Pentru a comemora Ziua Interna\u021bional\u0103 a Luminii, convocat\u0103 anual de UNESCO, NASE propune tuturor participan\u021bilor \u0219i instructorilor s\u0103i s\u0103 realizeze o experien\u021b\u0103 simpl\u0103, dar de mare interes educativ.De\u0219i ziua luminii este 16 mai, se propune tuturor participan\u021bilor s\u0103 o realizeze pe parcursul \u00eentregii jum\u0103t\u0103\u021bi de an, de la echinoc\u021biul din martie p\u00e2n\u0103 la cel din ... Read more\" \/>\n<meta property=\"og:url\" content=\"https:\/\/www.naseprogram.org\/ca\/proiecte-iau-unesco\/\" \/>\n<meta property=\"og:site_name\" content=\"NASE\" \/>\n<meta property=\"article:modified_time\" content=\"2022-07-21T14:11:33+00:00\" \/>\n<meta name=\"twitter:card\" content=\"summary_large_image\" \/>\n<meta name=\"twitter:label1\" content=\"Temps estimat de lectura\" \/>\n\t<meta name=\"twitter:data1\" content=\"1 minut\" \/>\n<script type=\"application\/ld+json\" class=\"yoast-schema-graph\">{\"@context\":\"https:\\\/\\\/schema.org\",\"@graph\":[{\"@type\":\"WebPage\",\"@id\":\"https:\\\/\\\/www.naseprogram.org\\\/ca\\\/proiecte-iau-unesco\\\/\",\"url\":\"https:\\\/\\\/www.naseprogram.org\\\/ca\\\/proiecte-iau-unesco\\\/\",\"name\":\"Proiecte IAU\\\/UNESCO - NASE\",\"isPartOf\":{\"@id\":\"https:\\\/\\\/www.naseprogram.org\\\/ca\\\/#website\"},\"datePublished\":\"2022-07-21T14:10:39+00:00\",\"dateModified\":\"2022-07-21T14:11:33+00:00\",\"breadcrumb\":{\"@id\":\"https:\\\/\\\/www.naseprogram.org\\\/ca\\\/proiecte-iau-unesco\\\/#breadcrumb\"},\"inLanguage\":\"ca\",\"potentialAction\":[{\"@type\":\"ReadAction\",\"target\":[\"https:\\\/\\\/www.naseprogram.org\\\/ca\\\/proiecte-iau-unesco\\\/\"]}]},{\"@type\":\"BreadcrumbList\",\"@id\":\"https:\\\/\\\/www.naseprogram.org\\\/ca\\\/proiecte-iau-unesco\\\/#breadcrumb\",\"itemListElement\":[{\"@type\":\"ListItem\",\"position\":1,\"name\":\"Home\",\"item\":\"https:\\\/\\\/www.naseprogram.org\\\/ca\\\/\"},{\"@type\":\"ListItem\",\"position\":2,\"name\":\"Proiecte IAU\\\/UNESCO\"}]},{\"@type\":\"WebSite\",\"@id\":\"https:\\\/\\\/www.naseprogram.org\\\/ca\\\/#website\",\"url\":\"https:\\\/\\\/www.naseprogram.org\\\/ca\\\/\",\"name\":\"NASE\",\"description\":\"Network for Astronomy School Education\",\"publisher\":{\"@id\":\"https:\\\/\\\/www.naseprogram.org\\\/ca\\\/#organization\"},\"potentialAction\":[{\"@type\":\"SearchAction\",\"target\":{\"@type\":\"EntryPoint\",\"urlTemplate\":\"https:\\\/\\\/www.naseprogram.org\\\/ca\\\/?s={search_term_string}\"},\"query-input\":{\"@type\":\"PropertyValueSpecification\",\"valueRequired\":true,\"valueName\":\"search_term_string\"}}],\"inLanguage\":\"ca\"},{\"@type\":\"Organization\",\"@id\":\"https:\\\/\\\/www.naseprogram.org\\\/ca\\\/#organization\",\"name\":\"NASE\",\"url\":\"https:\\\/\\\/www.naseprogram.org\\\/ca\\\/\",\"logo\":{\"@type\":\"ImageObject\",\"inLanguage\":\"ca\",\"@id\":\"https:\\\/\\\/www.naseprogram.org\\\/ca\\\/#\\\/schema\\\/logo\\\/image\\\/\",\"url\":\"https:\\\/\\\/www.naseprogram.org\\\/wp-content\\\/uploads\\\/sites\\\/10\\\/2021\\\/12\\\/naselogo.png\",\"contentUrl\":\"https:\\\/\\\/www.naseprogram.org\\\/wp-content\\\/uploads\\\/sites\\\/10\\\/2021\\\/12\\\/naselogo.png\",\"width\":234,\"height\":91,\"caption\":\"NASE\"},\"image\":{\"@id\":\"https:\\\/\\\/www.naseprogram.org\\\/ca\\\/#\\\/schema\\\/logo\\\/image\\\/\"}}]}<\/script>\n<!-- \/ Yoast SEO plugin. -->","yoast_head_json":{"title":"Proiecte IAU\/UNESCO - NASE","robots":{"index":"index","follow":"follow","max-snippet":"max-snippet:-1","max-image-preview":"max-image-preview:large","max-video-preview":"max-video-preview:-1"},"canonical":"https:\/\/www.naseprogram.org\/ca\/proiecte-iau-unesco\/","og_locale":"ca_ES","og_type":"article","og_title":"Proiecte IAU\/UNESCO - NASE","og_description":"Pentru a comemora Ziua Interna\u021bional\u0103 a Luminii, convocat\u0103 anual de UNESCO, NASE propune tuturor participan\u021bilor \u0219i instructorilor s\u0103i s\u0103 realizeze o experien\u021b\u0103 simpl\u0103, dar de mare interes educativ.De\u0219i ziua luminii este 16 mai, se propune tuturor participan\u021bilor s\u0103 o realizeze pe parcursul \u00eentregii jum\u0103t\u0103\u021bi de an, de la echinoc\u021biul din martie p\u00e2n\u0103 la cel din ... Read more","og_url":"https:\/\/www.naseprogram.org\/ca\/proiecte-iau-unesco\/","og_site_name":"NASE","article_modified_time":"2022-07-21T14:11:33+00:00","twitter_card":"summary_large_image","twitter_misc":{"Temps estimat de lectura":"1 minut"},"schema":{"@context":"https:\/\/schema.org","@graph":[{"@type":"WebPage","@id":"https:\/\/www.naseprogram.org\/ca\/proiecte-iau-unesco\/","url":"https:\/\/www.naseprogram.org\/ca\/proiecte-iau-unesco\/","name":"Proiecte IAU\/UNESCO - NASE","isPartOf":{"@id":"https:\/\/www.naseprogram.org\/ca\/#website"},"datePublished":"2022-07-21T14:10:39+00:00","dateModified":"2022-07-21T14:11:33+00:00","breadcrumb":{"@id":"https:\/\/www.naseprogram.org\/ca\/proiecte-iau-unesco\/#breadcrumb"},"inLanguage":"ca","potentialAction":[{"@type":"ReadAction","target":["https:\/\/www.naseprogram.org\/ca\/proiecte-iau-unesco\/"]}]},{"@type":"BreadcrumbList","@id":"https:\/\/www.naseprogram.org\/ca\/proiecte-iau-unesco\/#breadcrumb","itemListElement":[{"@type":"ListItem","position":1,"name":"Home","item":"https:\/\/www.naseprogram.org\/ca\/"},{"@type":"ListItem","position":2,"name":"Proiecte IAU\/UNESCO"}]},{"@type":"WebSite","@id":"https:\/\/www.naseprogram.org\/ca\/#website","url":"https:\/\/www.naseprogram.org\/ca\/","name":"NASE","description":"Network for Astronomy School Education","publisher":{"@id":"https:\/\/www.naseprogram.org\/ca\/#organization"},"potentialAction":[{"@type":"SearchAction","target":{"@type":"EntryPoint","urlTemplate":"https:\/\/www.naseprogram.org\/ca\/?s={search_term_string}"},"query-input":{"@type":"PropertyValueSpecification","valueRequired":true,"valueName":"search_term_string"}}],"inLanguage":"ca"},{"@type":"Organization","@id":"https:\/\/www.naseprogram.org\/ca\/#organization","name":"NASE","url":"https:\/\/www.naseprogram.org\/ca\/","logo":{"@type":"ImageObject","inLanguage":"ca","@id":"https:\/\/www.naseprogram.org\/ca\/#\/schema\/logo\/image\/","url":"https:\/\/www.naseprogram.org\/wp-content\/uploads\/sites\/10\/2021\/12\/naselogo.png","contentUrl":"https:\/\/www.naseprogram.org\/wp-content\/uploads\/sites\/10\/2021\/12\/naselogo.png","width":234,"height":91,"caption":"NASE"},"image":{"@id":"https:\/\/www.naseprogram.org\/ca\/#\/schema\/logo\/image\/"}}]}},"uagb_featured_image_src":{"full":false,"thumbnail":false,"medium":false,"medium_large":false,"large":false,"1536x1536":false,"2048x2048":false},"uagb_author_info":{"display_name":"NASE","author_link":"https:\/\/www.naseprogram.org\/ca\/author\/nase1\/"},"uagb_comment_info":0,"uagb_excerpt":"Pentru a comemora Ziua Interna\u021bional\u0103 a Luminii, convocat\u0103 anual de UNESCO, NASE propune tuturor participan\u021bilor \u0219i instructorilor s\u0103i s\u0103 realizeze o experien\u021b\u0103 simpl\u0103, dar de mare interes educativ.De\u0219i ziua luminii este 16 mai, se propune tuturor participan\u021bilor s\u0103 o realizeze pe parcursul \u00eentregii jum\u0103t\u0103\u021bi de an, de la echinoc\u021biul din martie p\u00e2n\u0103 la cel din&hellip;","_links":{"self":[{"href":"https:\/\/www.naseprogram.org\/ca\/wp-json\/wp\/v2\/pages\/272234","targetHints":{"allow":["GET"]}}],"collection":[{"href":"https:\/\/www.naseprogram.org\/ca\/wp-json\/wp\/v2\/pages"}],"about":[{"href":"https:\/\/www.naseprogram.org\/ca\/wp-json\/wp\/v2\/types\/page"}],"author":[{"embeddable":true,"href":"https:\/\/www.naseprogram.org\/ca\/wp-json\/wp\/v2\/users\/15"}],"replies":[{"embeddable":true,"href":"https:\/\/www.naseprogram.org\/ca\/wp-json\/wp\/v2\/comments?post=272234"}],"version-history":[{"count":1,"href":"https:\/\/www.naseprogram.org\/ca\/wp-json\/wp\/v2\/pages\/272234\/revisions"}],"predecessor-version":[{"id":272236,"href":"https:\/\/www.naseprogram.org\/ca\/wp-json\/wp\/v2\/pages\/272234\/revisions\/272236"}],"wp:attachment":[{"href":"https:\/\/www.naseprogram.org\/ca\/wp-json\/wp\/v2\/media?parent=272234"}],"curies":[{"name":"wp","href":"https:\/\/api.w.org\/{rel}","templated":true}]}}