{"id":291511,"date":"2021-12-31T10:51:13","date_gmt":"2021-12-31T13:51:13","guid":{"rendered":"https:\/\/naseprogram.wp-ms.ahuekna.org.ar\/?page_id=291511"},"modified":"2024-05-06T17:30:05","modified_gmt":"2024-05-06T20:30:05","slug":"proposits-pla-de-treball","status":"publish","type":"page","link":"https:\/\/www.naseprogram.org\/ca\/proposits-pla-de-treball\/","title":{"rendered":"Prop\u00f2sits + Pla de Treball"},"content":{"rendered":"\n<p><strong>PROP\u00d2SIT<\/strong><\/p>\n\n\n\n<p>El prop\u00f2sit dels cursos gratu\u00efts de&nbsp;NASE&nbsp;\u00e9s promoure l&#8217;ensenyament de l&#8217;astronomia formant al professorat (prim\u00e0ria, secund\u00e0ria i universit\u00e0ria) i fomentar l&#8217;ensenyament\/aprenentatge actiu de la disciplina mitjan\u00e7ant models i observaci\u00f3 de fen\u00f2mens.<\/p>\n\n\n\n<p><strong>REQUISITS I \/O EXPERI\u00c8NCIA PROFESSIONAL REQUERIDES DELS PARTICIPANTS<\/strong><\/p>\n\n\n\n<p>Docents d&#8217;educaci\u00f3 prim\u00e0ria, professors de secund\u00e0ria de qualsevol \u00e0rea, professors de nivell terciari (professorats de ci\u00e8ncies) i el cicle b\u00e0sic universitari de carreres afins, alumnes avan\u00e7ats de professorat, alumnes del cicle b\u00e0sic universitari de carreres afins.<\/p>\n\n\n\n<p>No \u00e9s necessari coneixements previs d&#8217;astronomia.<\/p>\n\n\n\n<p><strong>FORMAT<\/strong> \u2013 (Tots els cursos es poden donar presencials, en<strong> l\u00ednia o h\u00edbrids)<\/strong><\/p>\n\n\n\n<p>El curs general d&#8217;Astronomia, Astrof\u00edsica, Astrobiologia i Astre-cultura es dona en 4 dies de classes sobre conceptes b\u00e0sics i inclou observacions i una visita astron\u00f2mica. Cont\u00e9 4 confer\u00e8ncies, 10 tallers i 3 grups de treball.<\/p>\n\n\n\n<div class=\"wp-block-columns is-layout-flex wp-container-core-columns-is-layout-9d6595d7 wp-block-columns-is-layout-flex\">\n<div class=\"wp-block-column is-layout-flow wp-block-column-is-layout-flow\">\n<ul class=\"wp-block-list\">\n<li>  Curs General<\/li>\n<\/ul>\n<\/div>\n\n\n\n<div class=\"wp-block-column is-layout-flow wp-block-column-is-layout-flow\"><\/div>\n<\/div>\n\n\n\n<p>Com a cursos de menor durada, s&#8217;han estructurat quatre nous cursos que inclouen 2 confer\u00e8ncies o grups de treball i 4 tallers o grups de treball.<\/p>\n\n\n\n<div class=\"wp-block-columns is-layout-flex wp-container-core-columns-is-layout-9d6595d7 wp-block-columns-is-layout-flex\">\n<div class=\"wp-block-column is-layout-flow wp-block-column-is-layout-flow\">\n<ul class=\"wp-block-list\">\n<li>Curs Astronomia<\/li>\n<\/ul>\n<\/div>\n\n\n\n<div class=\"wp-block-column is-layout-flow wp-block-column-is-layout-flow\"><\/div>\n<\/div>\n\n\n\n<div class=\"wp-block-columns is-layout-flex wp-container-core-columns-is-layout-9d6595d7 wp-block-columns-is-layout-flex\">\n<div class=\"wp-block-column is-layout-flow wp-block-column-is-layout-flow\">\n<ul class=\"wp-block-list\">\n<li>Curs Astrof\u00edsica<\/li>\n<\/ul>\n<\/div>\n\n\n\n<div class=\"wp-block-column is-layout-flow wp-block-column-is-layout-flow\"><\/div>\n<\/div>\n\n\n\n<div class=\"wp-block-columns is-layout-flex wp-container-core-columns-is-layout-9d6595d7 wp-block-columns-is-layout-flex\">\n<div class=\"wp-block-column is-layout-flow wp-block-column-is-layout-flow\">\n<ul class=\"wp-block-list\">\n<li>Curs Astrobiologia<\/li>\n<\/ul>\n<\/div>\n\n\n\n<div class=\"wp-block-column is-layout-flow wp-block-column-is-layout-flow\"><\/div>\n<\/div>\n\n\n\n<div class=\"wp-block-columns is-layout-flex wp-container-core-columns-is-layout-9d6595d7 wp-block-columns-is-layout-flex\">\n<div class=\"wp-block-column is-layout-flow wp-block-column-is-layout-flow\">\n<ul class=\"wp-block-list\">\n<li>Curs Astre-cultura<\/li>\n<\/ul>\n<\/div>\n\n\n\n<div class=\"wp-block-column is-layout-flow wp-block-column-is-layout-flow\"><\/div>\n<\/div>\n\n\n\n<p>Les activitats pr\u00e0ctiques que es poden dur a terme en el sal\u00f3 de classes sense l&#8217;\u00fas d&#8217;instruments especials, simplement usant dispositius produ\u00efts pels propis docents amb l&#8217;ajuda i el programari de manera gratu\u00efta dels estudiants.<\/p>\n\n\n\n<p>S&#8217;organitzen Grups de Treball Generals per a debats i sessions de cartells per a mostrar el que els participants estan fent en l&#8217;astronomia. Per a millor comprensi\u00f3 de les activitats, si us plau remetre&#8217;s a la secci\u00f3 \u201cPla de treball: conceptes, continguts i horaris\u201d d&#8217;aquesta mateixa p\u00e0gina web.<\/p>\n\n\n\n<p>Temes de les confer\u00e8ncies: Evoluci\u00f3 estel\u00b7lar, Cosmologia, Hist\u00f2ria de l&#8217;Astronomia i Sistema Solar.<\/p>\n\n\n\n<p>Temes dels tallers: Horitz\u00f3 local i Rellotges de Sol, Moviment de les estrelles, el Sol i la Lluna, Fases i eclipsis, Malet\u00ed del Jove Astr\u00f2nom, Espectre solar i Taques solars, La vida de les estrelles, Astronomia m\u00e9s enll\u00e0 del visible, Expansi\u00f3 de l&#8217;Univers, Planetes i exoplanetes i Elements d&#8217;Astrobiologia.<\/p>\n\n\n\n<p>Temes per a Grups Generals de Treball: Preparaci\u00f3 Observacions i Astronomia a la ciutat o\u00a0Arqueoastronom\u00eda.<\/p>\n\n\n\n<p>El curs per a professors de nens molt petits s&#8217;organitza en una confer\u00e8ncia, 4 tallers<br>i un grup de treball.<\/p>\n\n\n\n<ul class=\"wp-block-list\">\n<li>Curs Infantil d&#8217;Astronomia<\/li>\n<\/ul>\n\n\n\n<p>La filosofia del curs \u00e9s an\u00e0loga a les esmentades anteriorment. En la part pr\u00e0ctica les activitats s\u00f3n senzilles i amb materials molt f\u00e0cils d&#8217;aconseguir. Els temes a tractar s\u00f3n evoluci\u00f3 estel\u00b7lar amb una hist\u00f2ria, preliminars del sistema solar, les fases de la Lluna, la Terra com a globus i rudiments d&#8217;observaci\u00f3.<\/p>\n\n\n\n<p><strong>M\u00c8TODES I MITJANS UTILITZATS PER A l&#8217;AVALUACI\u00d3<\/strong><\/p>\n\n\n\n<p>&#8211; A l&#8217;inici del curs, s&#8217;efectua una avaluaci\u00f3 diagn\u00f2stica escrita (multiple&nbsp;choice). Durant el curs es realitzen avaluacions mitjan\u00e7ant observacions directa de l&#8217;execuci\u00f3 dels tallers.<\/p>\n\n\n\n<p>\u2013 En l&#8217;\u00faltim dia del curs, es realitza una avaluaci\u00f3 final, la qual consisteix en el mateix examen realitzat en el diagn\u00f2stic (mateix paper, respostes amb diferent color).<\/p>\n\n\n\n<p>\u2013 En finalitzar el curs, es procedeix al lliurament d&#8217;enquesta de satisfacci\u00f3, la qual ha de ser omplerta per l&#8217;alumne i lliurada per a la seva avaluaci\u00f3.<\/p>\n\n\n\n<p>\u2013 Finalment es procedeix a una avaluaci\u00f3 d&#8217;impacte (o seguiment de la transfer\u00e8ncia de l&#8217;aprenentatge) despr\u00e9s de transcorreguts uns mesos, que consisteix en una avaluaci\u00f3 de coneixement (preguntes especifiques sobre continguts), \u00fas dels materials&nbsp;NASE&nbsp;(si els mateixos van ser utilitzats en els espais curriculars, que freq\u00fc\u00e8ncia i profunditat). Aquesta avaluaci\u00f3 es realitza mitjan\u00e7ant un q\u00fcestionari preparat especialment per a aquest curs, que es respon per Internet i en l\u00ednia, i que brinda resultats immediats que permeten mantenir actualitzada l&#8217;estad\u00edstica i els estudis d&#8217;impacte<\/p>\n\n\n\n<p><strong>OBLIGACIONS I&nbsp;RESPONSABIDADES&nbsp;DELS ALUMNES<\/strong><\/p>\n\n\n\n<p>\u2013 Assist\u00e8ncia al 80% m\u00ednim de les activitats del curs.<\/p>\n\n\n\n<p>\u2013 Presentar-se al curs amb tots els materials indispensables per a realitzar les activitats de maquetes, models, etc. Una o dues setmanes abans del curs s&#8217;informar\u00e0 de la llista de materials necessaris, per correu electr\u00f2nic als participants&nbsp;inscriptos.<\/p>\n\n\n\n<p><strong>OBLIGACIONS I RESPONSABILITATS DE&nbsp;NASE<\/strong><\/p>\n\n\n\n<p>El curs \u00e9s totalment gratu\u00eft per als participants. La infraestructura, log\u00edstica i altres elements o recursos associats al dictat del curs s\u00f3n prove\u00efts per l&#8217;Organitzaci\u00f3 Local.<\/p>\n\n\n\n<p>Respecte dels materials necessaris per al desenvolupament dels tallers,&nbsp;NASE&nbsp;proveeix:<\/p>\n\n\n\n<p>\u2013 Llista d&#8217;Elements fungibles o input per als participants: aquests s\u00f3n prove\u00efts per l&#8217;Organitzaci\u00f3 Local. La llista d&#8217;aquests elements est\u00e0 publicada en el lloc web de&nbsp;NASE, en l&#8217;idioma del pa\u00eds (Secci\u00f3 \u201cLlesta d&#8217;elements\u201d de la p\u00e0gina web de&nbsp;NASE).<\/p>\n\n\n\n<p>\u2013 Fotoc\u00f2pies per al desenvolupament dels Tallers, l&#8217;arxiu haur\u00e0 de ser seleccionat d&#8217;acord amb la LATITUD del lloc en qu\u00e8 es realitza el curs. Els arxius estan disponibles en la p\u00e0gina web de&nbsp;NASE, en l&#8217;idioma en qu\u00e8 es realitza el curs (aquest material ha de ser lliurat impr\u00e8s als docents participants).<\/p>\n\n\n\n<p>\u2013 Material de consulta: Cada participant rep per email les confer\u00e8ncies i els tallers: textos i presentacions en&nbsp;PowerPoint&nbsp;. Tots disponibles en la p\u00e0gina web de&nbsp;NASE.<\/p>\n\n\n\n<p><strong>SUPORT PER A LA FORMACI\u00d3<\/strong><\/p>\n\n\n\n<p>\u2013 Els professors de prim\u00e0ria i secund\u00e0ria poden trobar documents de suport \u00fatils per a les seves activitats a l&#8217;escola en la p\u00e0gina web de&nbsp;NASE, secci\u00f3 \u201cMaterial Complementari\u201d.<\/p>\n\n\n\n<p>\u2013 Els materials s&#8217;han produ\u00eft en diversos idiomes.<\/p>\n\n\n\n<p><strong>INSATISFACCI\u00d3 D&#8217;ALGUNA DE LES PARTS INTERESSADES<\/strong><\/p>\n\n\n\n<p>En cas de conflicte o desacord, es procedir\u00e0 a la resoluci\u00f3 del mateix mitjan\u00e7ant el plantejo d&#8217;una No Conformitat, la qual donar\u00e0 una Soluci\u00f3 Immediata i finalment una Acci\u00f3 Correctiva.<\/p>\n\n\n\n<p><strong>CERTIFICATS<\/strong><\/p>\n\n\n\n<p>NASE&nbsp;proveeix una certificaci\u00f3 d&#8217;abast internacional. El certificat \u00e9s nominatiu, amb el n\u00famero DNI si aquest \u00e9s requerit, amb l&#8217;acreditatiu de ser un grup de treball de la&nbsp;IAU, Uni\u00f3 Astron\u00f2mica Internacional, i amb l&#8217;aval de les institucions locals de cada pa\u00eds, i en el cas de la Rep\u00fablica Argentina, del&nbsp;CONICET. Aquest certificat s&#8217;est\u00e9n als alumnes que han participat (m\u00ednim) en el 80% de les activitats del curs.<\/p>\n\n\n\n<p><strong>PARTICIPANTS I INSTRUCTORS<\/strong><\/p>\n\n\n\n<p>Els participants seran entre 40 i 50 docents de prim\u00e0ria i secund\u00e0ria al pa\u00eds d&#8217;acolliment.<\/p>\n\n\n\n<p>Els instructors seran membres de&nbsp;NASE&nbsp;i 6 a 8 professors i \/ o mestres de pa\u00eds\/ciutat amfitrions.<\/p>\n\n\n\n<div class=\"wp-block-columns is-layout-flex wp-container-core-columns-is-layout-9d6595d7 wp-block-columns-is-layout-flex\">\n<div class=\"wp-block-column is-layout-flow wp-block-column-is-layout-flow\">\n<h2 class=\"gb-headline gb-headline-6d252cf3 gb-headline-text\"><strong>Pla de treball<\/strong><\/h2>\n<\/div>\n\n\n\n<div class=\"wp-block-column is-layout-flow wp-block-column-is-layout-flow\"><div class=\"gb-button-wrapper gb-button-wrapper-a14dd1fa\">\n\n<a class=\"gb-button gb-button-faad25a3\" href=\"https:\/\/www.naseprogram.org\/wp-content\/uploads\/sites\/10\/2024\/05\/horarioeng.pdf\" target=\"_blank\" rel=\"noopener noreferrer\"><span class=\"gb-button-text\">Download PDF<\/span><span class=\"gb-icon\">    <\/span><\/a>\n\n<\/div><\/div>\n<\/div>\n","protected":false},"excerpt":{"rendered":"<p>PROP\u00d2SIT El prop\u00f2sit dels cursos gratu\u00efts de&nbsp;NASE&nbsp;\u00e9s promoure l&#8217;ensenyament de l&#8217;astronomia formant al professorat (prim\u00e0ria, secund\u00e0ria i universit\u00e0ria) i fomentar l&#8217;ensenyament\/aprenentatge actiu de la disciplina mitjan\u00e7ant models i observaci\u00f3 de fen\u00f2mens. REQUISITS I \/O EXPERI\u00c8NCIA PROFESSIONAL REQUERIDES DELS PARTICIPANTS Docents d&#8217;educaci\u00f3 prim\u00e0ria, professors de secund\u00e0ria de qualsevol \u00e0rea, professors de nivell terciari (professorats de ci\u00e8ncies) &#8230; <a title=\"Prop\u00f2sits + Pla de Treball\" class=\"read-more\" href=\"https:\/\/www.naseprogram.org\/ca\/proposits-pla-de-treball\/\" aria-label=\"More on Prop\u00f2sits + Pla de Treball\">Read more<\/a><\/p>\n","protected":false},"author":13,"featured_media":0,"parent":0,"menu_order":0,"comment_status":"closed","ping_status":"closed","template":"","meta":{"_uag_custom_page_level_css":"","_coblocks_attr":"","_coblocks_dimensions":"","_coblocks_responsive_height":"","_coblocks_accordion_ie_support":"","footnotes":""},"class_list":["post-291511","page","type-page","status-publish"],"acf":[],"yoast_head":"<!-- This site is optimized with the Yoast SEO plugin v27.3 - https:\/\/yoast.com\/product\/yoast-seo-wordpress\/ -->\n<title>Prop\u00f2sits + Pla de Treball - NASE<\/title>\n<meta name=\"robots\" content=\"index, follow, max-snippet:-1, max-image-preview:large, max-video-preview:-1\" \/>\n<link rel=\"canonical\" href=\"https:\/\/www.naseprogram.org\/ca\/proposits-pla-de-treball\/\" \/>\n<meta property=\"og:locale\" content=\"ca_ES\" \/>\n<meta property=\"og:type\" content=\"article\" \/>\n<meta property=\"og:title\" content=\"Prop\u00f2sits + Pla de Treball - NASE\" \/>\n<meta property=\"og:description\" content=\"PROP\u00d2SIT El prop\u00f2sit dels cursos gratu\u00efts de&nbsp;NASE&nbsp;\u00e9s promoure l&#8217;ensenyament de l&#8217;astronomia formant al professorat (prim\u00e0ria, secund\u00e0ria i universit\u00e0ria) i fomentar l&#8217;ensenyament\/aprenentatge actiu de la disciplina mitjan\u00e7ant models i observaci\u00f3 de fen\u00f2mens. REQUISITS I \/O EXPERI\u00c8NCIA PROFESSIONAL REQUERIDES DELS PARTICIPANTS Docents d&#8217;educaci\u00f3 prim\u00e0ria, professors de secund\u00e0ria de qualsevol \u00e0rea, professors de nivell terciari (professorats de ci\u00e8ncies) ... Read more\" \/>\n<meta property=\"og:url\" content=\"https:\/\/www.naseprogram.org\/ca\/proposits-pla-de-treball\/\" \/>\n<meta property=\"og:site_name\" content=\"NASE\" \/>\n<meta property=\"article:modified_time\" content=\"2024-05-06T20:30:05+00:00\" \/>\n<meta name=\"twitter:card\" content=\"summary_large_image\" \/>\n<meta name=\"twitter:label1\" content=\"Temps estimat de lectura\" \/>\n\t<meta name=\"twitter:data1\" content=\"5 minuts\" \/>\n<script type=\"application\/ld+json\" class=\"yoast-schema-graph\">{\"@context\":\"https:\\\/\\\/schema.org\",\"@graph\":[{\"@type\":\"WebPage\",\"@id\":\"https:\\\/\\\/www.naseprogram.org\\\/ca\\\/proposits-pla-de-treball\\\/\",\"url\":\"https:\\\/\\\/www.naseprogram.org\\\/ca\\\/proposits-pla-de-treball\\\/\",\"name\":\"Prop\u00f2sits + Pla de Treball - NASE\",\"isPartOf\":{\"@id\":\"https:\\\/\\\/www.naseprogram.org\\\/ca\\\/#website\"},\"datePublished\":\"2021-12-31T13:51:13+00:00\",\"dateModified\":\"2024-05-06T20:30:05+00:00\",\"breadcrumb\":{\"@id\":\"https:\\\/\\\/www.naseprogram.org\\\/ca\\\/proposits-pla-de-treball\\\/#breadcrumb\"},\"inLanguage\":\"ca\",\"potentialAction\":[{\"@type\":\"ReadAction\",\"target\":[\"https:\\\/\\\/www.naseprogram.org\\\/ca\\\/proposits-pla-de-treball\\\/\"]}]},{\"@type\":\"BreadcrumbList\",\"@id\":\"https:\\\/\\\/www.naseprogram.org\\\/ca\\\/proposits-pla-de-treball\\\/#breadcrumb\",\"itemListElement\":[{\"@type\":\"ListItem\",\"position\":1,\"name\":\"Home\",\"item\":\"https:\\\/\\\/www.naseprogram.org\\\/ca\\\/\"},{\"@type\":\"ListItem\",\"position\":2,\"name\":\"Prop\u00f2sits + Pla de Treball\"}]},{\"@type\":\"WebSite\",\"@id\":\"https:\\\/\\\/www.naseprogram.org\\\/ca\\\/#website\",\"url\":\"https:\\\/\\\/www.naseprogram.org\\\/ca\\\/\",\"name\":\"NASE\",\"description\":\"Network for Astronomy School Education\",\"publisher\":{\"@id\":\"https:\\\/\\\/www.naseprogram.org\\\/ca\\\/#organization\"},\"potentialAction\":[{\"@type\":\"SearchAction\",\"target\":{\"@type\":\"EntryPoint\",\"urlTemplate\":\"https:\\\/\\\/www.naseprogram.org\\\/ca\\\/?s={search_term_string}\"},\"query-input\":{\"@type\":\"PropertyValueSpecification\",\"valueRequired\":true,\"valueName\":\"search_term_string\"}}],\"inLanguage\":\"ca\"},{\"@type\":\"Organization\",\"@id\":\"https:\\\/\\\/www.naseprogram.org\\\/ca\\\/#organization\",\"name\":\"NASE\",\"url\":\"https:\\\/\\\/www.naseprogram.org\\\/ca\\\/\",\"logo\":{\"@type\":\"ImageObject\",\"inLanguage\":\"ca\",\"@id\":\"https:\\\/\\\/www.naseprogram.org\\\/ca\\\/#\\\/schema\\\/logo\\\/image\\\/\",\"url\":\"https:\\\/\\\/www.naseprogram.org\\\/wp-content\\\/uploads\\\/sites\\\/10\\\/2021\\\/12\\\/naselogo.png\",\"contentUrl\":\"https:\\\/\\\/www.naseprogram.org\\\/wp-content\\\/uploads\\\/sites\\\/10\\\/2021\\\/12\\\/naselogo.png\",\"width\":234,\"height\":91,\"caption\":\"NASE\"},\"image\":{\"@id\":\"https:\\\/\\\/www.naseprogram.org\\\/ca\\\/#\\\/schema\\\/logo\\\/image\\\/\"}}]}<\/script>\n<!-- \/ Yoast SEO plugin. -->","yoast_head_json":{"title":"Prop\u00f2sits + Pla de Treball - NASE","robots":{"index":"index","follow":"follow","max-snippet":"max-snippet:-1","max-image-preview":"max-image-preview:large","max-video-preview":"max-video-preview:-1"},"canonical":"https:\/\/www.naseprogram.org\/ca\/proposits-pla-de-treball\/","og_locale":"ca_ES","og_type":"article","og_title":"Prop\u00f2sits + Pla de Treball - NASE","og_description":"PROP\u00d2SIT El prop\u00f2sit dels cursos gratu\u00efts de&nbsp;NASE&nbsp;\u00e9s promoure l&#8217;ensenyament de l&#8217;astronomia formant al professorat (prim\u00e0ria, secund\u00e0ria i universit\u00e0ria) i fomentar l&#8217;ensenyament\/aprenentatge actiu de la disciplina mitjan\u00e7ant models i observaci\u00f3 de fen\u00f2mens. REQUISITS I \/O EXPERI\u00c8NCIA PROFESSIONAL REQUERIDES DELS PARTICIPANTS Docents d&#8217;educaci\u00f3 prim\u00e0ria, professors de secund\u00e0ria de qualsevol \u00e0rea, professors de nivell terciari (professorats de ci\u00e8ncies) ... Read more","og_url":"https:\/\/www.naseprogram.org\/ca\/proposits-pla-de-treball\/","og_site_name":"NASE","article_modified_time":"2024-05-06T20:30:05+00:00","twitter_card":"summary_large_image","twitter_misc":{"Temps estimat de lectura":"5 minuts"},"schema":{"@context":"https:\/\/schema.org","@graph":[{"@type":"WebPage","@id":"https:\/\/www.naseprogram.org\/ca\/proposits-pla-de-treball\/","url":"https:\/\/www.naseprogram.org\/ca\/proposits-pla-de-treball\/","name":"Prop\u00f2sits + Pla de Treball - NASE","isPartOf":{"@id":"https:\/\/www.naseprogram.org\/ca\/#website"},"datePublished":"2021-12-31T13:51:13+00:00","dateModified":"2024-05-06T20:30:05+00:00","breadcrumb":{"@id":"https:\/\/www.naseprogram.org\/ca\/proposits-pla-de-treball\/#breadcrumb"},"inLanguage":"ca","potentialAction":[{"@type":"ReadAction","target":["https:\/\/www.naseprogram.org\/ca\/proposits-pla-de-treball\/"]}]},{"@type":"BreadcrumbList","@id":"https:\/\/www.naseprogram.org\/ca\/proposits-pla-de-treball\/#breadcrumb","itemListElement":[{"@type":"ListItem","position":1,"name":"Home","item":"https:\/\/www.naseprogram.org\/ca\/"},{"@type":"ListItem","position":2,"name":"Prop\u00f2sits + Pla de Treball"}]},{"@type":"WebSite","@id":"https:\/\/www.naseprogram.org\/ca\/#website","url":"https:\/\/www.naseprogram.org\/ca\/","name":"NASE","description":"Network for Astronomy School Education","publisher":{"@id":"https:\/\/www.naseprogram.org\/ca\/#organization"},"potentialAction":[{"@type":"SearchAction","target":{"@type":"EntryPoint","urlTemplate":"https:\/\/www.naseprogram.org\/ca\/?s={search_term_string}"},"query-input":{"@type":"PropertyValueSpecification","valueRequired":true,"valueName":"search_term_string"}}],"inLanguage":"ca"},{"@type":"Organization","@id":"https:\/\/www.naseprogram.org\/ca\/#organization","name":"NASE","url":"https:\/\/www.naseprogram.org\/ca\/","logo":{"@type":"ImageObject","inLanguage":"ca","@id":"https:\/\/www.naseprogram.org\/ca\/#\/schema\/logo\/image\/","url":"https:\/\/www.naseprogram.org\/wp-content\/uploads\/sites\/10\/2021\/12\/naselogo.png","contentUrl":"https:\/\/www.naseprogram.org\/wp-content\/uploads\/sites\/10\/2021\/12\/naselogo.png","width":234,"height":91,"caption":"NASE"},"image":{"@id":"https:\/\/www.naseprogram.org\/ca\/#\/schema\/logo\/image\/"}}]}},"uagb_featured_image_src":{"full":false,"thumbnail":false,"medium":false,"medium_large":false,"large":false,"1536x1536":false,"2048x2048":false},"uagb_author_info":{"display_name":"Willy Valentin","author_link":"https:\/\/www.naseprogram.org\/ca\/author\/willyvalen\/"},"uagb_comment_info":0,"uagb_excerpt":"PROP\u00d2SIT El prop\u00f2sit dels cursos gratu\u00efts de&nbsp;NASE&nbsp;\u00e9s promoure l&#8217;ensenyament de l&#8217;astronomia formant al professorat (prim\u00e0ria, secund\u00e0ria i universit\u00e0ria) i fomentar l&#8217;ensenyament\/aprenentatge actiu de la disciplina mitjan\u00e7ant models i observaci\u00f3 de fen\u00f2mens. REQUISITS I \/O EXPERI\u00c8NCIA PROFESSIONAL REQUERIDES DELS PARTICIPANTS Docents d&#8217;educaci\u00f3 prim\u00e0ria, professors de secund\u00e0ria de qualsevol \u00e0rea, professors de nivell terciari (professorats de ci\u00e8ncies)&hellip;","_links":{"self":[{"href":"https:\/\/www.naseprogram.org\/ca\/wp-json\/wp\/v2\/pages\/291511","targetHints":{"allow":["GET"]}}],"collection":[{"href":"https:\/\/www.naseprogram.org\/ca\/wp-json\/wp\/v2\/pages"}],"about":[{"href":"https:\/\/www.naseprogram.org\/ca\/wp-json\/wp\/v2\/types\/page"}],"author":[{"embeddable":true,"href":"https:\/\/www.naseprogram.org\/ca\/wp-json\/wp\/v2\/users\/13"}],"replies":[{"embeddable":true,"href":"https:\/\/www.naseprogram.org\/ca\/wp-json\/wp\/v2\/comments?post=291511"}],"version-history":[{"count":7,"href":"https:\/\/www.naseprogram.org\/ca\/wp-json\/wp\/v2\/pages\/291511\/revisions"}],"predecessor-version":[{"id":487438,"href":"https:\/\/www.naseprogram.org\/ca\/wp-json\/wp\/v2\/pages\/291511\/revisions\/487438"}],"wp:attachment":[{"href":"https:\/\/www.naseprogram.org\/ca\/wp-json\/wp\/v2\/media?parent=291511"}],"curies":[{"name":"wp","href":"https:\/\/api.w.org\/{rel}","templated":true}]}}