{"id":292365,"date":"2021-12-31T10:46:21","date_gmt":"2021-12-31T13:46:21","guid":{"rendered":"https:\/\/naseprogram.wp-ms.ahuekna.org.ar\/content-and-modalities\/"},"modified":"2024-12-21T14:29:23","modified_gmt":"2024-12-21T17:29:23","slug":"content-and-modalities","status":"publish","type":"page","link":"https:\/\/www.naseprogram.org\/ca\/content-and-modalities\/","title":{"rendered":"Contingut i modalitats"},"content":{"rendered":"\n<p><strong>PROP\u00d2SIT<\/strong><\/p>\n\n\n\n<p>El prop\u00f2sit dels cursos gratu\u00efts de\u00a0NASE\u00a0\u00e9s promoure l&#8217;ensenyament de l&#8217;astronomia formant al professorat (prim\u00e0ria, secund\u00e0ria i universit\u00e0ria) i fomentar l&#8217;ensenyament\/aprenentatge actiu de la disciplina mitjan\u00e7ant models i observaci\u00f3 de fen\u00f2mens.<\/p>\n\n\n\n<p><strong>REQUISITS I \/O EXPERI\u00c8NCIA PROFESSIONAL REQUERIDES DELS PARTICIPANTS<\/strong><\/p>\n\n\n\n<p>Docents d&#8217;educaci\u00f3 prim\u00e0ria, professors de secund\u00e0ria de qualsevol \u00e0rea, professors de nivell terciari (professorats de ci\u00e8ncies) i el cicle b\u00e0sic universitari de carreres afins, alumnes avan\u00e7ats de professorat, alumnes del cicle b\u00e0sic universitari de carreres afins. No \u00e9s necessari coneixements previs d&#8217;astronomia.<\/p>\n\n\n\n<p>No \u00e9s necessari coneixements previs d&#8217;astronomia.<\/p>\n\n\n\n<p><strong>FORMAT <\/strong>\u2013 (Tots els cursos es poden donar pres<strong>encials, en l\u00ednia o h\u00edbrids)<\/strong><\/p>\n\n\n\n<p>El curs general d&#8217;Astronomia, Astrof\u00edsica, Astrobiologia i Astre-cultura es dona en 4 dies de classes sobre conceptes b\u00e0sics i inclou observacions i una visita astron\u00f2mica. Cont\u00e9 4 confer\u00e8ncies, 10 tallers i 3 grups de treball.<\/p>\n","protected":false},"excerpt":{"rendered":"<p>PROP\u00d2SIT El prop\u00f2sit dels cursos gratu\u00efts de\u00a0NASE\u00a0\u00e9s promoure l&#8217;ensenyament de l&#8217;astronomia formant al professorat (prim\u00e0ria, secund\u00e0ria i universit\u00e0ria) i fomentar l&#8217;ensenyament\/aprenentatge actiu de la disciplina mitjan\u00e7ant models i observaci\u00f3 de fen\u00f2mens. REQUISITS I \/O EXPERI\u00c8NCIA PROFESSIONAL REQUERIDES DELS PARTICIPANTS Docents d&#8217;educaci\u00f3 prim\u00e0ria, professors de secund\u00e0ria de qualsevol \u00e0rea, professors de nivell terciari (professorats de ci\u00e8ncies) &#8230; <a title=\"Contingut i modalitats\" class=\"read-more\" href=\"https:\/\/www.naseprogram.org\/ca\/content-and-modalities\/\" aria-label=\"More on Contingut i modalitats\">Read more<\/a><\/p>\n","protected":false},"author":12,"featured_media":0,"parent":0,"menu_order":0,"comment_status":"closed","ping_status":"closed","template":"","meta":{"_uag_custom_page_level_css":"","_coblocks_attr":"","_coblocks_dimensions":"","_coblocks_responsive_height":"","_coblocks_accordion_ie_support":"","footnotes":""},"class_list":["post-292365","page","type-page","status-publish"],"acf":[],"yoast_head":"<!-- This site is optimized with the Yoast SEO plugin v27.5 - https:\/\/yoast.com\/product\/yoast-seo-wordpress\/ -->\n<title>Contingut i modalitats - NASE<\/title>\n<meta name=\"robots\" content=\"index, follow, max-snippet:-1, max-image-preview:large, max-video-preview:-1\" \/>\n<link rel=\"canonical\" href=\"https:\/\/www.naseprogram.org\/ca\/content-and-modalities\/\" \/>\n<meta property=\"og:locale\" content=\"ca_ES\" \/>\n<meta property=\"og:type\" content=\"article\" \/>\n<meta property=\"og:title\" content=\"Contingut i modalitats - NASE\" \/>\n<meta property=\"og:description\" content=\"PROP\u00d2SIT El prop\u00f2sit dels cursos gratu\u00efts de\u00a0NASE\u00a0\u00e9s promoure l&#8217;ensenyament de l&#8217;astronomia formant al professorat (prim\u00e0ria, secund\u00e0ria i universit\u00e0ria) i fomentar l&#8217;ensenyament\/aprenentatge actiu de la disciplina mitjan\u00e7ant models i observaci\u00f3 de fen\u00f2mens. REQUISITS I \/O EXPERI\u00c8NCIA PROFESSIONAL REQUERIDES DELS PARTICIPANTS Docents d&#8217;educaci\u00f3 prim\u00e0ria, professors de secund\u00e0ria de qualsevol \u00e0rea, professors de nivell terciari (professorats de ci\u00e8ncies) ... Read more\" \/>\n<meta property=\"og:url\" content=\"https:\/\/www.naseprogram.org\/ca\/content-and-modalities\/\" \/>\n<meta property=\"og:site_name\" content=\"NASE\" \/>\n<meta property=\"article:modified_time\" content=\"2024-12-21T17:29:23+00:00\" \/>\n<meta name=\"twitter:card\" content=\"summary_large_image\" \/>\n<meta name=\"twitter:label1\" content=\"Temps estimat de lectura\" \/>\n\t<meta name=\"twitter:data1\" content=\"1 minut\" \/>\n<script type=\"application\/ld+json\" class=\"yoast-schema-graph\">{\"@context\":\"https:\\\/\\\/schema.org\",\"@graph\":[{\"@type\":\"WebPage\",\"@id\":\"https:\\\/\\\/www.naseprogram.org\\\/ca\\\/content-and-modalities\\\/\",\"url\":\"https:\\\/\\\/www.naseprogram.org\\\/ca\\\/content-and-modalities\\\/\",\"name\":\"Contingut i modalitats - NASE\",\"isPartOf\":{\"@id\":\"https:\\\/\\\/www.naseprogram.org\\\/ca\\\/#website\"},\"datePublished\":\"2021-12-31T13:46:21+00:00\",\"dateModified\":\"2024-12-21T17:29:23+00:00\",\"breadcrumb\":{\"@id\":\"https:\\\/\\\/www.naseprogram.org\\\/ca\\\/content-and-modalities\\\/#breadcrumb\"},\"inLanguage\":\"ca\",\"potentialAction\":[{\"@type\":\"ReadAction\",\"target\":[\"https:\\\/\\\/www.naseprogram.org\\\/ca\\\/content-and-modalities\\\/\"]}]},{\"@type\":\"BreadcrumbList\",\"@id\":\"https:\\\/\\\/www.naseprogram.org\\\/ca\\\/content-and-modalities\\\/#breadcrumb\",\"itemListElement\":[{\"@type\":\"ListItem\",\"position\":1,\"name\":\"Home\",\"item\":\"https:\\\/\\\/www.naseprogram.org\\\/ca\\\/\"},{\"@type\":\"ListItem\",\"position\":2,\"name\":\"Contingut i modalitats\"}]},{\"@type\":\"WebSite\",\"@id\":\"https:\\\/\\\/www.naseprogram.org\\\/ca\\\/#website\",\"url\":\"https:\\\/\\\/www.naseprogram.org\\\/ca\\\/\",\"name\":\"NASE\",\"description\":\"Network for Astronomy School Education\",\"publisher\":{\"@id\":\"https:\\\/\\\/www.naseprogram.org\\\/ca\\\/#organization\"},\"potentialAction\":[{\"@type\":\"SearchAction\",\"target\":{\"@type\":\"EntryPoint\",\"urlTemplate\":\"https:\\\/\\\/www.naseprogram.org\\\/ca\\\/?s={search_term_string}\"},\"query-input\":{\"@type\":\"PropertyValueSpecification\",\"valueRequired\":true,\"valueName\":\"search_term_string\"}}],\"inLanguage\":\"ca\"},{\"@type\":\"Organization\",\"@id\":\"https:\\\/\\\/www.naseprogram.org\\\/ca\\\/#organization\",\"name\":\"NASE\",\"url\":\"https:\\\/\\\/www.naseprogram.org\\\/ca\\\/\",\"logo\":{\"@type\":\"ImageObject\",\"inLanguage\":\"ca\",\"@id\":\"https:\\\/\\\/www.naseprogram.org\\\/ca\\\/#\\\/schema\\\/logo\\\/image\\\/\",\"url\":\"https:\\\/\\\/www.naseprogram.org\\\/wp-content\\\/uploads\\\/sites\\\/10\\\/2021\\\/12\\\/naselogo.png\",\"contentUrl\":\"https:\\\/\\\/www.naseprogram.org\\\/wp-content\\\/uploads\\\/sites\\\/10\\\/2021\\\/12\\\/naselogo.png\",\"width\":234,\"height\":91,\"caption\":\"NASE\"},\"image\":{\"@id\":\"https:\\\/\\\/www.naseprogram.org\\\/ca\\\/#\\\/schema\\\/logo\\\/image\\\/\"}}]}<\/script>\n<!-- \/ Yoast SEO plugin. -->","yoast_head_json":{"title":"Contingut i modalitats - NASE","robots":{"index":"index","follow":"follow","max-snippet":"max-snippet:-1","max-image-preview":"max-image-preview:large","max-video-preview":"max-video-preview:-1"},"canonical":"https:\/\/www.naseprogram.org\/ca\/content-and-modalities\/","og_locale":"ca_ES","og_type":"article","og_title":"Contingut i modalitats - NASE","og_description":"PROP\u00d2SIT El prop\u00f2sit dels cursos gratu\u00efts de\u00a0NASE\u00a0\u00e9s promoure l&#8217;ensenyament de l&#8217;astronomia formant al professorat (prim\u00e0ria, secund\u00e0ria i universit\u00e0ria) i fomentar l&#8217;ensenyament\/aprenentatge actiu de la disciplina mitjan\u00e7ant models i observaci\u00f3 de fen\u00f2mens. REQUISITS I \/O EXPERI\u00c8NCIA PROFESSIONAL REQUERIDES DELS PARTICIPANTS Docents d&#8217;educaci\u00f3 prim\u00e0ria, professors de secund\u00e0ria de qualsevol \u00e0rea, professors de nivell terciari (professorats de ci\u00e8ncies) ... Read more","og_url":"https:\/\/www.naseprogram.org\/ca\/content-and-modalities\/","og_site_name":"NASE","article_modified_time":"2024-12-21T17:29:23+00:00","twitter_card":"summary_large_image","twitter_misc":{"Temps estimat de lectura":"1 minut"},"schema":{"@context":"https:\/\/schema.org","@graph":[{"@type":"WebPage","@id":"https:\/\/www.naseprogram.org\/ca\/content-and-modalities\/","url":"https:\/\/www.naseprogram.org\/ca\/content-and-modalities\/","name":"Contingut i modalitats - NASE","isPartOf":{"@id":"https:\/\/www.naseprogram.org\/ca\/#website"},"datePublished":"2021-12-31T13:46:21+00:00","dateModified":"2024-12-21T17:29:23+00:00","breadcrumb":{"@id":"https:\/\/www.naseprogram.org\/ca\/content-and-modalities\/#breadcrumb"},"inLanguage":"ca","potentialAction":[{"@type":"ReadAction","target":["https:\/\/www.naseprogram.org\/ca\/content-and-modalities\/"]}]},{"@type":"BreadcrumbList","@id":"https:\/\/www.naseprogram.org\/ca\/content-and-modalities\/#breadcrumb","itemListElement":[{"@type":"ListItem","position":1,"name":"Home","item":"https:\/\/www.naseprogram.org\/ca\/"},{"@type":"ListItem","position":2,"name":"Contingut i modalitats"}]},{"@type":"WebSite","@id":"https:\/\/www.naseprogram.org\/ca\/#website","url":"https:\/\/www.naseprogram.org\/ca\/","name":"NASE","description":"Network for Astronomy School Education","publisher":{"@id":"https:\/\/www.naseprogram.org\/ca\/#organization"},"potentialAction":[{"@type":"SearchAction","target":{"@type":"EntryPoint","urlTemplate":"https:\/\/www.naseprogram.org\/ca\/?s={search_term_string}"},"query-input":{"@type":"PropertyValueSpecification","valueRequired":true,"valueName":"search_term_string"}}],"inLanguage":"ca"},{"@type":"Organization","@id":"https:\/\/www.naseprogram.org\/ca\/#organization","name":"NASE","url":"https:\/\/www.naseprogram.org\/ca\/","logo":{"@type":"ImageObject","inLanguage":"ca","@id":"https:\/\/www.naseprogram.org\/ca\/#\/schema\/logo\/image\/","url":"https:\/\/www.naseprogram.org\/wp-content\/uploads\/sites\/10\/2021\/12\/naselogo.png","contentUrl":"https:\/\/www.naseprogram.org\/wp-content\/uploads\/sites\/10\/2021\/12\/naselogo.png","width":234,"height":91,"caption":"NASE"},"image":{"@id":"https:\/\/www.naseprogram.org\/ca\/#\/schema\/logo\/image\/"}}]}},"uagb_featured_image_src":{"full":false,"thumbnail":false,"medium":false,"medium_large":false,"large":false,"1536x1536":false,"2048x2048":false},"uagb_author_info":{"display_name":"lifetimemedia","author_link":"https:\/\/www.naseprogram.org\/ca\/author\/lifetimemedia\/"},"uagb_comment_info":0,"uagb_excerpt":"PROP\u00d2SIT El prop\u00f2sit dels cursos gratu\u00efts de\u00a0NASE\u00a0\u00e9s promoure l&#8217;ensenyament de l&#8217;astronomia formant al professorat (prim\u00e0ria, secund\u00e0ria i universit\u00e0ria) i fomentar l&#8217;ensenyament\/aprenentatge actiu de la disciplina mitjan\u00e7ant models i observaci\u00f3 de fen\u00f2mens. REQUISITS I \/O EXPERI\u00c8NCIA PROFESSIONAL REQUERIDES DELS PARTICIPANTS Docents d&#8217;educaci\u00f3 prim\u00e0ria, professors de secund\u00e0ria de qualsevol \u00e0rea, professors de nivell terciari (professorats de ci\u00e8ncies)&hellip;","_links":{"self":[{"href":"https:\/\/www.naseprogram.org\/ca\/wp-json\/wp\/v2\/pages\/292365","targetHints":{"allow":["GET"]}}],"collection":[{"href":"https:\/\/www.naseprogram.org\/ca\/wp-json\/wp\/v2\/pages"}],"about":[{"href":"https:\/\/www.naseprogram.org\/ca\/wp-json\/wp\/v2\/types\/page"}],"author":[{"embeddable":true,"href":"https:\/\/www.naseprogram.org\/ca\/wp-json\/wp\/v2\/users\/12"}],"replies":[{"embeddable":true,"href":"https:\/\/www.naseprogram.org\/ca\/wp-json\/wp\/v2\/comments?post=292365"}],"version-history":[{"count":6,"href":"https:\/\/www.naseprogram.org\/ca\/wp-json\/wp\/v2\/pages\/292365\/revisions"}],"predecessor-version":[{"id":529411,"href":"https:\/\/www.naseprogram.org\/ca\/wp-json\/wp\/v2\/pages\/292365\/revisions\/529411"}],"wp:attachment":[{"href":"https:\/\/www.naseprogram.org\/ca\/wp-json\/wp\/v2\/media?parent=292365"}],"curies":[{"name":"wp","href":"https:\/\/api.w.org\/{rel}","templated":true}]}}