{"id":292375,"date":"2021-12-31T10:50:26","date_gmt":"2021-12-31T13:50:26","guid":{"rendered":"https:\/\/naseprogram.wp-ms.ahuekna.org.ar\/iau-unesco-projects\/"},"modified":"2025-02-16T14:22:56","modified_gmt":"2025-02-16T17:22:56","slug":"proyectos-con-iau-unesco","status":"publish","type":"page","link":"https:\/\/www.naseprogram.org\/ca\/proyectos-con-iau-unesco\/","title":{"rendered":"Projectes amb\u00a0IAU\/UNESCO"},"content":{"rendered":"\n<p>Per a commemorar el Dia Internacional de la Llum convocat per UNESCO de manera anual,&nbsp;NASE&nbsp;proposa a tots els seus participants i instructors dur a terme una experi\u00e8ncia senzilla, per\u00f2 de gran inter\u00e8s formatiu.<\/p>\n\n\n\n<p>Encara que el dia de la llum \u00e9s el 16 de maig, es proposa a tots els participants que ho realitzin al llarg del mig any, des del&nbsp;equinoccio&nbsp;de mar\u00e7 al&nbsp;equinoccio&nbsp;de setembre. No es redueix al dia 16 de maig perqu\u00e8, com \u00e9s ben sabut, aquest dia cau dins de l&#8217;estaci\u00f3 de pluges en alguns pa\u00efsos. Per aquest motiu els professors interessats poden realitzar-lo amb els seus alumnes durant mig any. Sol\u00b7licitem que ens envi\u00efn algunes fotos testimonials i les dades de les observacions obtinguts durant el desenvolupament de l&#8217;experi\u00e8ncia. Es proporciona un material introductori que cal llegir per a preparar l&#8217;experi\u00e8ncia.<\/p>\n\n\n\n<p><a href=\"https:\/\/www.lightday.org\/events\" target=\"_blank\" rel=\"noreferrer noopener\">Link a la p\u00e0gina web d&#8217;UNESCO on figuren els treballs (el projecte de NASE no apareix en pa\u00efsos sin\u00f3 al final, en worlldwide)<\/a><\/p>\n","protected":false},"excerpt":{"rendered":"<p>Per a commemorar el Dia Internacional de la Llum convocat per UNESCO de manera anual,&nbsp;NASE&nbsp;proposa a tots els seus participants i instructors dur a terme una experi\u00e8ncia senzilla, per\u00f2 de gran inter\u00e8s formatiu. Encara que el dia de la llum \u00e9s el 16 de maig, es proposa a tots els participants que ho realitzin al &#8230; <a title=\"Projectes amb\u00a0IAU\/UNESCO\" class=\"read-more\" href=\"https:\/\/www.naseprogram.org\/ca\/proyectos-con-iau-unesco\/\" aria-label=\"More on Projectes amb\u00a0IAU\/UNESCO\">Read more<\/a><\/p>\n","protected":false},"author":12,"featured_media":0,"parent":0,"menu_order":0,"comment_status":"closed","ping_status":"closed","template":"","meta":{"_uag_custom_page_level_css":"","_coblocks_attr":"","_coblocks_dimensions":"","_coblocks_responsive_height":"","_coblocks_accordion_ie_support":"","footnotes":""},"class_list":["post-292375","page","type-page","status-publish"],"acf":[],"yoast_head":"<!-- This site is optimized with the Yoast SEO plugin v27.4 - https:\/\/yoast.com\/product\/yoast-seo-wordpress\/ -->\n<title>Projectes amb\u00a0IAU\/UNESCO - NASE<\/title>\n<meta name=\"robots\" content=\"index, follow, max-snippet:-1, max-image-preview:large, max-video-preview:-1\" \/>\n<link rel=\"canonical\" href=\"https:\/\/www.naseprogram.org\/ca\/proyectos-con-iau-unesco\/\" \/>\n<meta property=\"og:locale\" content=\"ca_ES\" \/>\n<meta property=\"og:type\" content=\"article\" \/>\n<meta property=\"og:title\" content=\"Projectes amb\u00a0IAU\/UNESCO - NASE\" \/>\n<meta property=\"og:description\" content=\"Per a commemorar el Dia Internacional de la Llum convocat per UNESCO de manera anual,&nbsp;NASE&nbsp;proposa a tots els seus participants i instructors dur a terme una experi\u00e8ncia senzilla, per\u00f2 de gran inter\u00e8s formatiu. Encara que el dia de la llum \u00e9s el 16 de maig, es proposa a tots els participants que ho realitzin al ... Read more\" \/>\n<meta property=\"og:url\" content=\"https:\/\/www.naseprogram.org\/ca\/proyectos-con-iau-unesco\/\" \/>\n<meta property=\"og:site_name\" content=\"NASE\" \/>\n<meta property=\"article:modified_time\" content=\"2025-02-16T17:22:56+00:00\" \/>\n<meta name=\"twitter:card\" content=\"summary_large_image\" \/>\n<meta name=\"twitter:label1\" content=\"Temps estimat de lectura\" \/>\n\t<meta name=\"twitter:data1\" content=\"1 minut\" \/>\n<script type=\"application\/ld+json\" class=\"yoast-schema-graph\">{\"@context\":\"https:\\\/\\\/schema.org\",\"@graph\":[{\"@type\":\"WebPage\",\"@id\":\"https:\\\/\\\/www.naseprogram.org\\\/ca\\\/proyectos-con-iau-unesco\\\/\",\"url\":\"https:\\\/\\\/www.naseprogram.org\\\/ca\\\/proyectos-con-iau-unesco\\\/\",\"name\":\"Projectes amb\u00a0IAU\\\/UNESCO - NASE\",\"isPartOf\":{\"@id\":\"https:\\\/\\\/www.naseprogram.org\\\/ca\\\/#website\"},\"datePublished\":\"2021-12-31T13:50:26+00:00\",\"dateModified\":\"2025-02-16T17:22:56+00:00\",\"breadcrumb\":{\"@id\":\"https:\\\/\\\/www.naseprogram.org\\\/ca\\\/proyectos-con-iau-unesco\\\/#breadcrumb\"},\"inLanguage\":\"ca\",\"potentialAction\":[{\"@type\":\"ReadAction\",\"target\":[\"https:\\\/\\\/www.naseprogram.org\\\/ca\\\/proyectos-con-iau-unesco\\\/\"]}]},{\"@type\":\"BreadcrumbList\",\"@id\":\"https:\\\/\\\/www.naseprogram.org\\\/ca\\\/proyectos-con-iau-unesco\\\/#breadcrumb\",\"itemListElement\":[{\"@type\":\"ListItem\",\"position\":1,\"name\":\"Home\",\"item\":\"https:\\\/\\\/www.naseprogram.org\\\/ca\\\/\"},{\"@type\":\"ListItem\",\"position\":2,\"name\":\"Projectes amb\u00a0IAU\\\/UNESCO\"}]},{\"@type\":\"WebSite\",\"@id\":\"https:\\\/\\\/www.naseprogram.org\\\/ca\\\/#website\",\"url\":\"https:\\\/\\\/www.naseprogram.org\\\/ca\\\/\",\"name\":\"NASE\",\"description\":\"Network for Astronomy School Education\",\"publisher\":{\"@id\":\"https:\\\/\\\/www.naseprogram.org\\\/ca\\\/#organization\"},\"potentialAction\":[{\"@type\":\"SearchAction\",\"target\":{\"@type\":\"EntryPoint\",\"urlTemplate\":\"https:\\\/\\\/www.naseprogram.org\\\/ca\\\/?s={search_term_string}\"},\"query-input\":{\"@type\":\"PropertyValueSpecification\",\"valueRequired\":true,\"valueName\":\"search_term_string\"}}],\"inLanguage\":\"ca\"},{\"@type\":\"Organization\",\"@id\":\"https:\\\/\\\/www.naseprogram.org\\\/ca\\\/#organization\",\"name\":\"NASE\",\"url\":\"https:\\\/\\\/www.naseprogram.org\\\/ca\\\/\",\"logo\":{\"@type\":\"ImageObject\",\"inLanguage\":\"ca\",\"@id\":\"https:\\\/\\\/www.naseprogram.org\\\/ca\\\/#\\\/schema\\\/logo\\\/image\\\/\",\"url\":\"https:\\\/\\\/www.naseprogram.org\\\/wp-content\\\/uploads\\\/sites\\\/10\\\/2021\\\/12\\\/naselogo.png\",\"contentUrl\":\"https:\\\/\\\/www.naseprogram.org\\\/wp-content\\\/uploads\\\/sites\\\/10\\\/2021\\\/12\\\/naselogo.png\",\"width\":234,\"height\":91,\"caption\":\"NASE\"},\"image\":{\"@id\":\"https:\\\/\\\/www.naseprogram.org\\\/ca\\\/#\\\/schema\\\/logo\\\/image\\\/\"}}]}<\/script>\n<!-- \/ Yoast SEO plugin. -->","yoast_head_json":{"title":"Projectes amb\u00a0IAU\/UNESCO - NASE","robots":{"index":"index","follow":"follow","max-snippet":"max-snippet:-1","max-image-preview":"max-image-preview:large","max-video-preview":"max-video-preview:-1"},"canonical":"https:\/\/www.naseprogram.org\/ca\/proyectos-con-iau-unesco\/","og_locale":"ca_ES","og_type":"article","og_title":"Projectes amb\u00a0IAU\/UNESCO - NASE","og_description":"Per a commemorar el Dia Internacional de la Llum convocat per UNESCO de manera anual,&nbsp;NASE&nbsp;proposa a tots els seus participants i instructors dur a terme una experi\u00e8ncia senzilla, per\u00f2 de gran inter\u00e8s formatiu. Encara que el dia de la llum \u00e9s el 16 de maig, es proposa a tots els participants que ho realitzin al ... Read more","og_url":"https:\/\/www.naseprogram.org\/ca\/proyectos-con-iau-unesco\/","og_site_name":"NASE","article_modified_time":"2025-02-16T17:22:56+00:00","twitter_card":"summary_large_image","twitter_misc":{"Temps estimat de lectura":"1 minut"},"schema":{"@context":"https:\/\/schema.org","@graph":[{"@type":"WebPage","@id":"https:\/\/www.naseprogram.org\/ca\/proyectos-con-iau-unesco\/","url":"https:\/\/www.naseprogram.org\/ca\/proyectos-con-iau-unesco\/","name":"Projectes amb\u00a0IAU\/UNESCO - NASE","isPartOf":{"@id":"https:\/\/www.naseprogram.org\/ca\/#website"},"datePublished":"2021-12-31T13:50:26+00:00","dateModified":"2025-02-16T17:22:56+00:00","breadcrumb":{"@id":"https:\/\/www.naseprogram.org\/ca\/proyectos-con-iau-unesco\/#breadcrumb"},"inLanguage":"ca","potentialAction":[{"@type":"ReadAction","target":["https:\/\/www.naseprogram.org\/ca\/proyectos-con-iau-unesco\/"]}]},{"@type":"BreadcrumbList","@id":"https:\/\/www.naseprogram.org\/ca\/proyectos-con-iau-unesco\/#breadcrumb","itemListElement":[{"@type":"ListItem","position":1,"name":"Home","item":"https:\/\/www.naseprogram.org\/ca\/"},{"@type":"ListItem","position":2,"name":"Projectes amb\u00a0IAU\/UNESCO"}]},{"@type":"WebSite","@id":"https:\/\/www.naseprogram.org\/ca\/#website","url":"https:\/\/www.naseprogram.org\/ca\/","name":"NASE","description":"Network for Astronomy School Education","publisher":{"@id":"https:\/\/www.naseprogram.org\/ca\/#organization"},"potentialAction":[{"@type":"SearchAction","target":{"@type":"EntryPoint","urlTemplate":"https:\/\/www.naseprogram.org\/ca\/?s={search_term_string}"},"query-input":{"@type":"PropertyValueSpecification","valueRequired":true,"valueName":"search_term_string"}}],"inLanguage":"ca"},{"@type":"Organization","@id":"https:\/\/www.naseprogram.org\/ca\/#organization","name":"NASE","url":"https:\/\/www.naseprogram.org\/ca\/","logo":{"@type":"ImageObject","inLanguage":"ca","@id":"https:\/\/www.naseprogram.org\/ca\/#\/schema\/logo\/image\/","url":"https:\/\/www.naseprogram.org\/wp-content\/uploads\/sites\/10\/2021\/12\/naselogo.png","contentUrl":"https:\/\/www.naseprogram.org\/wp-content\/uploads\/sites\/10\/2021\/12\/naselogo.png","width":234,"height":91,"caption":"NASE"},"image":{"@id":"https:\/\/www.naseprogram.org\/ca\/#\/schema\/logo\/image\/"}}]}},"uagb_featured_image_src":{"full":false,"thumbnail":false,"medium":false,"medium_large":false,"large":false,"1536x1536":false,"2048x2048":false},"uagb_author_info":{"display_name":"lifetimemedia","author_link":"https:\/\/www.naseprogram.org\/ca\/author\/lifetimemedia\/"},"uagb_comment_info":0,"uagb_excerpt":"Per a commemorar el Dia Internacional de la Llum convocat per UNESCO de manera anual,&nbsp;NASE&nbsp;proposa a tots els seus participants i instructors dur a terme una experi\u00e8ncia senzilla, per\u00f2 de gran inter\u00e8s formatiu. Encara que el dia de la llum \u00e9s el 16 de maig, es proposa a tots els participants que ho realitzin al&hellip;","_links":{"self":[{"href":"https:\/\/www.naseprogram.org\/ca\/wp-json\/wp\/v2\/pages\/292375","targetHints":{"allow":["GET"]}}],"collection":[{"href":"https:\/\/www.naseprogram.org\/ca\/wp-json\/wp\/v2\/pages"}],"about":[{"href":"https:\/\/www.naseprogram.org\/ca\/wp-json\/wp\/v2\/types\/page"}],"author":[{"embeddable":true,"href":"https:\/\/www.naseprogram.org\/ca\/wp-json\/wp\/v2\/users\/12"}],"replies":[{"embeddable":true,"href":"https:\/\/www.naseprogram.org\/ca\/wp-json\/wp\/v2\/comments?post=292375"}],"version-history":[{"count":12,"href":"https:\/\/www.naseprogram.org\/ca\/wp-json\/wp\/v2\/pages\/292375\/revisions"}],"predecessor-version":[{"id":540755,"href":"https:\/\/www.naseprogram.org\/ca\/wp-json\/wp\/v2\/pages\/292375\/revisions\/540755"}],"wp:attachment":[{"href":"https:\/\/www.naseprogram.org\/ca\/wp-json\/wp\/v2\/media?parent=292375"}],"curies":[{"name":"wp","href":"https:\/\/api.w.org\/{rel}","templated":true}]}}