{"id":10084,"date":"2022-02-06T11:24:33","date_gmt":"2022-02-06T10:24:33","guid":{"rendered":"https:\/\/naseprogram.wp-ms.ahuekna.org.ar\/?page_id=10084"},"modified":"2022-04-06T12:51:50","modified_gmt":"2022-04-06T10:51:50","slug":"12-18-anos","status":"publish","type":"page","link":"https:\/\/www.naseprogram.org\/es\/material-complementario\/12-18-anos\/","title":{"rendered":"Material complementario: 12-18 a\u00f1os"},"content":{"rendered":"\n<p>Actividades: <\/p>\n\n\n\n<p>\u00b7<a href=\"http:\/\/sac.csic.es\/astrosecundaria\/complementario\/es\/actividades\/instrumentos\/Instrumentos.php\">Instrumentos<\/a><\/p>\n\n\n\n<ul class=\"wp-block-list\"><li><a href=\"http:\/\/sac.csic.es\/astrosecundaria\/complementario\/es\/actividades\/instrumentos\/Instrumentos.php\">Instrumentos<\/a><\/li><li><a href=\"http:\/\/sac.csic.es\/astrosecundaria\/complementario\/es\/actividades\/modelos\/Modelos.php\">Modelos<\/a><\/li><li><a href=\"http:\/\/sac.csic.es\/astrosecundaria\/complementario\/es\/actividades\/observacion\/Observacion.php\">Observaci\u00f3n<\/a><\/li><li><a href=\"http:\/\/sac.csic.es\/astrosecundaria\/complementario\/es\/actividades\/sistema_solar\/Sistema_solar.php\">Sistema Solar<\/a><\/li><li><a href=\"http:\/\/sac.csic.es\/astrosecundaria\/complementario\/es\/actividades\/tierra_luna\/Tierra_luna.php\">Tierra-Luna<\/a><\/li><li><a href=\"http:\/\/sac.csic.es\/astrosecundaria\/complementario\/es\/actividades\/universo\/Universo.php\">Universo<\/a><\/li><\/ul>\n\n\n\n<p><a href=\"http:\/\/sac.csic.es\/astrosecundaria\/complementario\/es\/articulos\/Articulos.php\">Articulos<\/a><\/p>\n\n\n\n<p><a href=\"http:\/\/sac.csic.es\/astrosecundaria\/complementario\/es\/animaciones\/Animaciones.php\">Animaciones<\/a><\/p>\n\n\n\n<p><a href=\"http:\/\/sac.csic.es\/astrosecundaria\/complementario\/es\/galeria_fotografica\/Galeria_fotografica.php\">Galer\u00eda fotogr\u00e1fica<\/a><\/p>\n\n\n\n<p><a href=\"http:\/\/sac.csic.es\/astrosecundaria\/complementario\/es\/videos\/Videos.php\">Videos<\/a><\/p>\n","protected":false},"excerpt":{"rendered":"<p>Actividades: \u00b7Instrumentos Instrumentos Modelos Observaci\u00f3n Sistema Solar Tierra-Luna Universo Articulos Animaciones Galer\u00eda fotogr\u00e1fica Videos<\/p>\n","protected":false},"author":12,"featured_media":0,"parent":202,"menu_order":0,"comment_status":"closed","ping_status":"closed","template":"","meta":{"_uag_custom_page_level_css":"","_coblocks_attr":"","_coblocks_dimensions":"","_coblocks_responsive_height":"","_coblocks_accordion_ie_support":"","footnotes":""},"class_list":["post-10084","page","type-page","status-publish"],"acf":[],"yoast_head":"<!-- This site is optimized with the Yoast SEO plugin v27.4 - https:\/\/yoast.com\/product\/yoast-seo-wordpress\/ -->\n<title>Material complementario: 12-18 a\u00f1os - NASE<\/title>\n<meta name=\"robots\" content=\"index, follow, max-snippet:-1, max-image-preview:large, max-video-preview:-1\" \/>\n<link rel=\"canonical\" href=\"https:\/\/www.naseprogram.org\/es\/material-complementario\/12-18-anos\/\" \/>\n<meta property=\"og:locale\" content=\"es_ES\" \/>\n<meta property=\"og:type\" content=\"article\" \/>\n<meta property=\"og:title\" content=\"Material complementario: 12-18 a\u00f1os - NASE\" \/>\n<meta property=\"og:description\" content=\"Actividades: \u00b7Instrumentos Instrumentos Modelos Observaci\u00f3n Sistema Solar Tierra-Luna Universo Articulos Animaciones Galer\u00eda fotogr\u00e1fica Videos\" \/>\n<meta property=\"og:url\" content=\"https:\/\/www.naseprogram.org\/es\/material-complementario\/12-18-anos\/\" \/>\n<meta property=\"og:site_name\" content=\"NASE\" \/>\n<meta property=\"article:modified_time\" content=\"2022-04-06T10:51:50+00:00\" \/>\n<meta name=\"twitter:card\" content=\"summary_large_image\" \/>\n<meta name=\"twitter:label1\" content=\"Tiempo de lectura\" \/>\n\t<meta name=\"twitter:data1\" content=\"1 minuto\" \/>\n<script type=\"application\/ld+json\" class=\"yoast-schema-graph\">{\"@context\":\"https:\\\/\\\/schema.org\",\"@graph\":[{\"@type\":\"WebPage\",\"@id\":\"https:\\\/\\\/www.naseprogram.org\\\/es\\\/material-complementario\\\/12-18-anos\\\/\",\"url\":\"https:\\\/\\\/www.naseprogram.org\\\/es\\\/material-complementario\\\/12-18-anos\\\/\",\"name\":\"Material complementario: 12-18 a\u00f1os - NASE\",\"isPartOf\":{\"@id\":\"https:\\\/\\\/www.naseprogram.org\\\/es\\\/#website\"},\"datePublished\":\"2022-02-06T10:24:33+00:00\",\"dateModified\":\"2022-04-06T10:51:50+00:00\",\"breadcrumb\":{\"@id\":\"https:\\\/\\\/www.naseprogram.org\\\/es\\\/material-complementario\\\/12-18-anos\\\/#breadcrumb\"},\"inLanguage\":\"es\",\"potentialAction\":[{\"@type\":\"ReadAction\",\"target\":[\"https:\\\/\\\/www.naseprogram.org\\\/es\\\/material-complementario\\\/12-18-anos\\\/\"]}]},{\"@type\":\"BreadcrumbList\",\"@id\":\"https:\\\/\\\/www.naseprogram.org\\\/es\\\/material-complementario\\\/12-18-anos\\\/#breadcrumb\",\"itemListElement\":[{\"@type\":\"ListItem\",\"position\":1,\"name\":\"Home\",\"item\":\"https:\\\/\\\/www.naseprogram.org\\\/es\\\/\"},{\"@type\":\"ListItem\",\"position\":2,\"name\":\"Material complementario\",\"item\":\"https:\\\/\\\/www.naseprogram.org\\\/es\\\/material-complementario\\\/\"},{\"@type\":\"ListItem\",\"position\":3,\"name\":\"Material complementario: 12-18 a\u00f1os\"}]},{\"@type\":\"WebSite\",\"@id\":\"https:\\\/\\\/www.naseprogram.org\\\/es\\\/#website\",\"url\":\"https:\\\/\\\/www.naseprogram.org\\\/es\\\/\",\"name\":\"NASE\",\"description\":\"Network for Astronomy School Education\",\"publisher\":{\"@id\":\"https:\\\/\\\/www.naseprogram.org\\\/es\\\/#organization\"},\"potentialAction\":[{\"@type\":\"SearchAction\",\"target\":{\"@type\":\"EntryPoint\",\"urlTemplate\":\"https:\\\/\\\/www.naseprogram.org\\\/es\\\/?s={search_term_string}\"},\"query-input\":{\"@type\":\"PropertyValueSpecification\",\"valueRequired\":true,\"valueName\":\"search_term_string\"}}],\"inLanguage\":\"es\"},{\"@type\":\"Organization\",\"@id\":\"https:\\\/\\\/www.naseprogram.org\\\/es\\\/#organization\",\"name\":\"NASE\",\"url\":\"https:\\\/\\\/www.naseprogram.org\\\/es\\\/\",\"logo\":{\"@type\":\"ImageObject\",\"inLanguage\":\"es\",\"@id\":\"https:\\\/\\\/www.naseprogram.org\\\/es\\\/#\\\/schema\\\/logo\\\/image\\\/\",\"url\":\"https:\\\/\\\/www.naseprogram.org\\\/wp-content\\\/uploads\\\/sites\\\/10\\\/2021\\\/12\\\/naselogo.png\",\"contentUrl\":\"https:\\\/\\\/www.naseprogram.org\\\/wp-content\\\/uploads\\\/sites\\\/10\\\/2021\\\/12\\\/naselogo.png\",\"width\":234,\"height\":91,\"caption\":\"NASE\"},\"image\":{\"@id\":\"https:\\\/\\\/www.naseprogram.org\\\/es\\\/#\\\/schema\\\/logo\\\/image\\\/\"}}]}<\/script>\n<!-- \/ Yoast SEO plugin. -->","yoast_head_json":{"title":"Material complementario: 12-18 a\u00f1os - NASE","robots":{"index":"index","follow":"follow","max-snippet":"max-snippet:-1","max-image-preview":"max-image-preview:large","max-video-preview":"max-video-preview:-1"},"canonical":"https:\/\/www.naseprogram.org\/es\/material-complementario\/12-18-anos\/","og_locale":"es_ES","og_type":"article","og_title":"Material complementario: 12-18 a\u00f1os - NASE","og_description":"Actividades: \u00b7Instrumentos Instrumentos Modelos Observaci\u00f3n Sistema Solar Tierra-Luna Universo Articulos Animaciones Galer\u00eda fotogr\u00e1fica Videos","og_url":"https:\/\/www.naseprogram.org\/es\/material-complementario\/12-18-anos\/","og_site_name":"NASE","article_modified_time":"2022-04-06T10:51:50+00:00","twitter_card":"summary_large_image","twitter_misc":{"Tiempo de lectura":"1 minuto"},"schema":{"@context":"https:\/\/schema.org","@graph":[{"@type":"WebPage","@id":"https:\/\/www.naseprogram.org\/es\/material-complementario\/12-18-anos\/","url":"https:\/\/www.naseprogram.org\/es\/material-complementario\/12-18-anos\/","name":"Material complementario: 12-18 a\u00f1os - NASE","isPartOf":{"@id":"https:\/\/www.naseprogram.org\/es\/#website"},"datePublished":"2022-02-06T10:24:33+00:00","dateModified":"2022-04-06T10:51:50+00:00","breadcrumb":{"@id":"https:\/\/www.naseprogram.org\/es\/material-complementario\/12-18-anos\/#breadcrumb"},"inLanguage":"es","potentialAction":[{"@type":"ReadAction","target":["https:\/\/www.naseprogram.org\/es\/material-complementario\/12-18-anos\/"]}]},{"@type":"BreadcrumbList","@id":"https:\/\/www.naseprogram.org\/es\/material-complementario\/12-18-anos\/#breadcrumb","itemListElement":[{"@type":"ListItem","position":1,"name":"Home","item":"https:\/\/www.naseprogram.org\/es\/"},{"@type":"ListItem","position":2,"name":"Material complementario","item":"https:\/\/www.naseprogram.org\/es\/material-complementario\/"},{"@type":"ListItem","position":3,"name":"Material complementario: 12-18 a\u00f1os"}]},{"@type":"WebSite","@id":"https:\/\/www.naseprogram.org\/es\/#website","url":"https:\/\/www.naseprogram.org\/es\/","name":"NASE","description":"Network for Astronomy School Education","publisher":{"@id":"https:\/\/www.naseprogram.org\/es\/#organization"},"potentialAction":[{"@type":"SearchAction","target":{"@type":"EntryPoint","urlTemplate":"https:\/\/www.naseprogram.org\/es\/?s={search_term_string}"},"query-input":{"@type":"PropertyValueSpecification","valueRequired":true,"valueName":"search_term_string"}}],"inLanguage":"es"},{"@type":"Organization","@id":"https:\/\/www.naseprogram.org\/es\/#organization","name":"NASE","url":"https:\/\/www.naseprogram.org\/es\/","logo":{"@type":"ImageObject","inLanguage":"es","@id":"https:\/\/www.naseprogram.org\/es\/#\/schema\/logo\/image\/","url":"https:\/\/www.naseprogram.org\/wp-content\/uploads\/sites\/10\/2021\/12\/naselogo.png","contentUrl":"https:\/\/www.naseprogram.org\/wp-content\/uploads\/sites\/10\/2021\/12\/naselogo.png","width":234,"height":91,"caption":"NASE"},"image":{"@id":"https:\/\/www.naseprogram.org\/es\/#\/schema\/logo\/image\/"}}]}},"uagb_featured_image_src":{"full":false,"thumbnail":false,"medium":false,"medium_large":false,"large":false,"1536x1536":false,"2048x2048":false},"uagb_author_info":{"display_name":"lifetimemedia","author_link":"https:\/\/www.naseprogram.org\/es\/author\/lifetimemedia\/"},"uagb_comment_info":0,"uagb_excerpt":"Actividades: \u00b7Instrumentos Instrumentos Modelos Observaci\u00f3n Sistema Solar Tierra-Luna Universo Articulos Animaciones Galer\u00eda fotogr\u00e1fica Videos","_links":{"self":[{"href":"https:\/\/www.naseprogram.org\/es\/wp-json\/wp\/v2\/pages\/10084","targetHints":{"allow":["GET"]}}],"collection":[{"href":"https:\/\/www.naseprogram.org\/es\/wp-json\/wp\/v2\/pages"}],"about":[{"href":"https:\/\/www.naseprogram.org\/es\/wp-json\/wp\/v2\/types\/page"}],"author":[{"embeddable":true,"href":"https:\/\/www.naseprogram.org\/es\/wp-json\/wp\/v2\/users\/12"}],"replies":[{"embeddable":true,"href":"https:\/\/www.naseprogram.org\/es\/wp-json\/wp\/v2\/comments?post=10084"}],"version-history":[{"count":3,"href":"https:\/\/www.naseprogram.org\/es\/wp-json\/wp\/v2\/pages\/10084\/revisions"}],"predecessor-version":[{"id":216834,"href":"https:\/\/www.naseprogram.org\/es\/wp-json\/wp\/v2\/pages\/10084\/revisions\/216834"}],"up":[{"embeddable":true,"href":"https:\/\/www.naseprogram.org\/es\/wp-json\/wp\/v2\/pages\/202"}],"wp:attachment":[{"href":"https:\/\/www.naseprogram.org\/es\/wp-json\/wp\/v2\/media?parent=10084"}],"curies":[{"name":"wp","href":"https:\/\/api.w.org\/{rel}","templated":true}]}}