{"id":10086,"date":"2022-02-06T11:25:00","date_gmt":"2022-02-06T10:25:00","guid":{"rendered":"https:\/\/naseprogram.wp-ms.ahuekna.org.ar\/?page_id=10086"},"modified":"2022-02-06T11:32:32","modified_gmt":"2022-02-06T10:32:32","slug":"enlaces","status":"publish","type":"page","link":"https:\/\/www.naseprogram.org\/es\/material-complementario\/enlaces\/","title":{"rendered":"Material complementario: Enlaces"},"content":{"rendered":"\n<ul class=\"wp-block-list\"><li><a href=\"http:\/\/www.esa.int\/esaKIDSes\/\" target=\"_blank\" rel=\"noreferrer noopener\">ESA para ni\u00f1os<\/a><\/li><li><a href=\"http:\/\/es.unawe.org\" target=\"_blank\" rel=\"noreferrer noopener\">EU-UNAWE<\/a><\/li><li><a href=\"http:\/\/www.sea-astronomia.es\/drupal\/?q=glosario\" target=\"_blank\" rel=\"noreferrer noopener\">Glosario de astronom\u00eda<\/a><\/li><li><a href=\"http:\/\/www.astronomia2009.es\/Noticias_AIA-IYA2009\/Inauguracion_de_la_Exposicion_.html\" target=\"_blank\" rel=\"noreferrer noopener\">Con \u00abA\u00bb de astr\u00f3nomas<\/a><\/li><li><a href=\"http:\/\/www.tierrayestrellas.com\" target=\"_blank\" rel=\"noreferrer noopener\">Tierra y estrellas (im\u00e1genes espectaculares)<\/a><\/li><li><a href=\"http:\/\/es-us.noticias.yahoo.com\/video\/la-tierra-canta-nasa-graba-175724064.html\" target=\"_blank\" rel=\"noreferrer noopener\">La Tierra canta<\/a><\/li><li><a href=\"http:\/\/sky-live.tv\/\" target=\"_blank\" rel=\"noreferrer noopener\">Retransmisi\u00f3 del eclipse total solar (13\/11\/2012)<\/a><\/li><li><a href=\"http:\/\/fisica.usac.edu.gt\/~cifuentes\/mayas\/index.html\" target=\"_blank\" rel=\"noreferrer noopener\">Astronom\u00eda, calendario y la matem\u00e1tica de los mayas<\/a><\/li><li><a href=\"http:\/\/gaiavideo.ub.edu\/index.html\" target=\"_blank\" rel=\"noreferrer noopener\">Gaia Videos<\/a><\/li><li><a href=\"https:\/\/www.youtube.com\/watch?v=zR3Igc3Rhfg&amp;feature=youtu.be\" target=\"_blank\" rel=\"noreferrer noopener\">Sistema Solar a escala<\/a><\/li><li><a href=\"https:\/\/www.youtube.com\/playlist?list=PL3gyEHNyUJXNEcoiPUzSCwEXd4KptP1Rf\" target=\"_blank\" rel=\"noreferrer noopener\">Videos de astronom\u00eda pr\u00e1ctica<\/a><\/li><li><a href=\"https:\/\/www.youtube.com\/watch?v=oIMMZl4n-uk\" target=\"_blank\" rel=\"noreferrer noopener\">Una \u00abca\u00edda de bola\u00bb de 1 kil\u00f3metro en cuerpos del Sistema Solar<\/a><\/li><li><a href=\"https:\/\/www.youtube.com\/watch?v=qhJrpzsKEXo\" target=\"_blank\" rel=\"noreferrer noopener\">Los ocho planetas<\/a><\/li><\/ul>\n","protected":false},"excerpt":{"rendered":"<p>ESA para ni\u00f1os EU-UNAWE Glosario de astronom\u00eda Con \u00abA\u00bb de astr\u00f3nomas Tierra y estrellas (im\u00e1genes espectaculares) La Tierra canta Retransmisi\u00f3 del eclipse total solar (13\/11\/2012) Astronom\u00eda, calendario y la matem\u00e1tica de los mayas Gaia Videos Sistema Solar a escala Videos de astronom\u00eda pr\u00e1ctica Una \u00abca\u00edda de bola\u00bb de 1 kil\u00f3metro en cuerpos del Sistema Solar &#8230; <a title=\"Material complementario: Enlaces\" class=\"read-more\" href=\"https:\/\/www.naseprogram.org\/es\/material-complementario\/enlaces\/\" aria-label=\"M\u00e1s en Material complementario: Enlaces\">Leer m\u00e1s<\/a><\/p>\n","protected":false},"author":12,"featured_media":0,"parent":202,"menu_order":0,"comment_status":"closed","ping_status":"closed","template":"","meta":{"_uag_custom_page_level_css":"","_coblocks_attr":"","_coblocks_dimensions":"","_coblocks_responsive_height":"","_coblocks_accordion_ie_support":"","footnotes":""},"class_list":["post-10086","page","type-page","status-publish"],"acf":[],"yoast_head":"<!-- This site is optimized with the Yoast SEO plugin v27.3 - https:\/\/yoast.com\/product\/yoast-seo-wordpress\/ -->\n<title>Material complementario: Enlaces - NASE<\/title>\n<meta name=\"robots\" content=\"index, follow, max-snippet:-1, max-image-preview:large, max-video-preview:-1\" \/>\n<link rel=\"canonical\" href=\"https:\/\/www.naseprogram.org\/es\/material-complementario\/enlaces\/\" \/>\n<meta property=\"og:locale\" content=\"es_ES\" \/>\n<meta property=\"og:type\" content=\"article\" \/>\n<meta property=\"og:title\" content=\"Material complementario: Enlaces - NASE\" \/>\n<meta property=\"og:description\" content=\"ESA para ni\u00f1os EU-UNAWE Glosario de astronom\u00eda Con \u00abA\u00bb de astr\u00f3nomas Tierra y estrellas (im\u00e1genes espectaculares) La Tierra canta Retransmisi\u00f3 del eclipse total solar (13\/11\/2012) Astronom\u00eda, calendario y la matem\u00e1tica de los mayas Gaia Videos Sistema Solar a escala Videos de astronom\u00eda pr\u00e1ctica Una \u00abca\u00edda de bola\u00bb de 1 kil\u00f3metro en cuerpos del Sistema Solar ... Leer m\u00e1s\" \/>\n<meta property=\"og:url\" content=\"https:\/\/www.naseprogram.org\/es\/material-complementario\/enlaces\/\" \/>\n<meta property=\"og:site_name\" content=\"NASE\" \/>\n<meta property=\"article:modified_time\" content=\"2022-02-06T10:32:32+00:00\" \/>\n<meta name=\"twitter:card\" content=\"summary_large_image\" \/>\n<meta name=\"twitter:label1\" content=\"Tiempo de lectura\" \/>\n\t<meta name=\"twitter:data1\" content=\"1 minuto\" \/>\n<script type=\"application\/ld+json\" class=\"yoast-schema-graph\">{\"@context\":\"https:\\\/\\\/schema.org\",\"@graph\":[{\"@type\":\"WebPage\",\"@id\":\"https:\\\/\\\/www.naseprogram.org\\\/es\\\/material-complementario\\\/enlaces\\\/\",\"url\":\"https:\\\/\\\/www.naseprogram.org\\\/es\\\/material-complementario\\\/enlaces\\\/\",\"name\":\"Material complementario: Enlaces - NASE\",\"isPartOf\":{\"@id\":\"https:\\\/\\\/www.naseprogram.org\\\/es\\\/#website\"},\"datePublished\":\"2022-02-06T10:25:00+00:00\",\"dateModified\":\"2022-02-06T10:32:32+00:00\",\"breadcrumb\":{\"@id\":\"https:\\\/\\\/www.naseprogram.org\\\/es\\\/material-complementario\\\/enlaces\\\/#breadcrumb\"},\"inLanguage\":\"es\",\"potentialAction\":[{\"@type\":\"ReadAction\",\"target\":[\"https:\\\/\\\/www.naseprogram.org\\\/es\\\/material-complementario\\\/enlaces\\\/\"]}]},{\"@type\":\"BreadcrumbList\",\"@id\":\"https:\\\/\\\/www.naseprogram.org\\\/es\\\/material-complementario\\\/enlaces\\\/#breadcrumb\",\"itemListElement\":[{\"@type\":\"ListItem\",\"position\":1,\"name\":\"Home\",\"item\":\"https:\\\/\\\/www.naseprogram.org\\\/es\\\/\"},{\"@type\":\"ListItem\",\"position\":2,\"name\":\"Material complementario\",\"item\":\"https:\\\/\\\/www.naseprogram.org\\\/es\\\/material-complementario\\\/\"},{\"@type\":\"ListItem\",\"position\":3,\"name\":\"Material complementario: Enlaces\"}]},{\"@type\":\"WebSite\",\"@id\":\"https:\\\/\\\/www.naseprogram.org\\\/es\\\/#website\",\"url\":\"https:\\\/\\\/www.naseprogram.org\\\/es\\\/\",\"name\":\"NASE\",\"description\":\"Network for Astronomy School Education\",\"publisher\":{\"@id\":\"https:\\\/\\\/www.naseprogram.org\\\/es\\\/#organization\"},\"potentialAction\":[{\"@type\":\"SearchAction\",\"target\":{\"@type\":\"EntryPoint\",\"urlTemplate\":\"https:\\\/\\\/www.naseprogram.org\\\/es\\\/?s={search_term_string}\"},\"query-input\":{\"@type\":\"PropertyValueSpecification\",\"valueRequired\":true,\"valueName\":\"search_term_string\"}}],\"inLanguage\":\"es\"},{\"@type\":\"Organization\",\"@id\":\"https:\\\/\\\/www.naseprogram.org\\\/es\\\/#organization\",\"name\":\"NASE\",\"url\":\"https:\\\/\\\/www.naseprogram.org\\\/es\\\/\",\"logo\":{\"@type\":\"ImageObject\",\"inLanguage\":\"es\",\"@id\":\"https:\\\/\\\/www.naseprogram.org\\\/es\\\/#\\\/schema\\\/logo\\\/image\\\/\",\"url\":\"https:\\\/\\\/www.naseprogram.org\\\/wp-content\\\/uploads\\\/sites\\\/10\\\/2021\\\/12\\\/naselogo.png\",\"contentUrl\":\"https:\\\/\\\/www.naseprogram.org\\\/wp-content\\\/uploads\\\/sites\\\/10\\\/2021\\\/12\\\/naselogo.png\",\"width\":234,\"height\":91,\"caption\":\"NASE\"},\"image\":{\"@id\":\"https:\\\/\\\/www.naseprogram.org\\\/es\\\/#\\\/schema\\\/logo\\\/image\\\/\"}}]}<\/script>\n<!-- \/ Yoast SEO plugin. -->","yoast_head_json":{"title":"Material complementario: Enlaces - NASE","robots":{"index":"index","follow":"follow","max-snippet":"max-snippet:-1","max-image-preview":"max-image-preview:large","max-video-preview":"max-video-preview:-1"},"canonical":"https:\/\/www.naseprogram.org\/es\/material-complementario\/enlaces\/","og_locale":"es_ES","og_type":"article","og_title":"Material complementario: Enlaces - NASE","og_description":"ESA para ni\u00f1os EU-UNAWE Glosario de astronom\u00eda Con \u00abA\u00bb de astr\u00f3nomas Tierra y estrellas (im\u00e1genes espectaculares) La Tierra canta Retransmisi\u00f3 del eclipse total solar (13\/11\/2012) Astronom\u00eda, calendario y la matem\u00e1tica de los mayas Gaia Videos Sistema Solar a escala Videos de astronom\u00eda pr\u00e1ctica Una \u00abca\u00edda de bola\u00bb de 1 kil\u00f3metro en cuerpos del Sistema Solar ... Leer m\u00e1s","og_url":"https:\/\/www.naseprogram.org\/es\/material-complementario\/enlaces\/","og_site_name":"NASE","article_modified_time":"2022-02-06T10:32:32+00:00","twitter_card":"summary_large_image","twitter_misc":{"Tiempo de lectura":"1 minuto"},"schema":{"@context":"https:\/\/schema.org","@graph":[{"@type":"WebPage","@id":"https:\/\/www.naseprogram.org\/es\/material-complementario\/enlaces\/","url":"https:\/\/www.naseprogram.org\/es\/material-complementario\/enlaces\/","name":"Material complementario: Enlaces - NASE","isPartOf":{"@id":"https:\/\/www.naseprogram.org\/es\/#website"},"datePublished":"2022-02-06T10:25:00+00:00","dateModified":"2022-02-06T10:32:32+00:00","breadcrumb":{"@id":"https:\/\/www.naseprogram.org\/es\/material-complementario\/enlaces\/#breadcrumb"},"inLanguage":"es","potentialAction":[{"@type":"ReadAction","target":["https:\/\/www.naseprogram.org\/es\/material-complementario\/enlaces\/"]}]},{"@type":"BreadcrumbList","@id":"https:\/\/www.naseprogram.org\/es\/material-complementario\/enlaces\/#breadcrumb","itemListElement":[{"@type":"ListItem","position":1,"name":"Home","item":"https:\/\/www.naseprogram.org\/es\/"},{"@type":"ListItem","position":2,"name":"Material complementario","item":"https:\/\/www.naseprogram.org\/es\/material-complementario\/"},{"@type":"ListItem","position":3,"name":"Material complementario: Enlaces"}]},{"@type":"WebSite","@id":"https:\/\/www.naseprogram.org\/es\/#website","url":"https:\/\/www.naseprogram.org\/es\/","name":"NASE","description":"Network for Astronomy School Education","publisher":{"@id":"https:\/\/www.naseprogram.org\/es\/#organization"},"potentialAction":[{"@type":"SearchAction","target":{"@type":"EntryPoint","urlTemplate":"https:\/\/www.naseprogram.org\/es\/?s={search_term_string}"},"query-input":{"@type":"PropertyValueSpecification","valueRequired":true,"valueName":"search_term_string"}}],"inLanguage":"es"},{"@type":"Organization","@id":"https:\/\/www.naseprogram.org\/es\/#organization","name":"NASE","url":"https:\/\/www.naseprogram.org\/es\/","logo":{"@type":"ImageObject","inLanguage":"es","@id":"https:\/\/www.naseprogram.org\/es\/#\/schema\/logo\/image\/","url":"https:\/\/www.naseprogram.org\/wp-content\/uploads\/sites\/10\/2021\/12\/naselogo.png","contentUrl":"https:\/\/www.naseprogram.org\/wp-content\/uploads\/sites\/10\/2021\/12\/naselogo.png","width":234,"height":91,"caption":"NASE"},"image":{"@id":"https:\/\/www.naseprogram.org\/es\/#\/schema\/logo\/image\/"}}]}},"uagb_featured_image_src":{"full":false,"thumbnail":false,"medium":false,"medium_large":false,"large":false,"1536x1536":false,"2048x2048":false},"uagb_author_info":{"display_name":"lifetimemedia","author_link":"https:\/\/www.naseprogram.org\/es\/author\/lifetimemedia\/"},"uagb_comment_info":0,"uagb_excerpt":"ESA para ni\u00f1os EU-UNAWE Glosario de astronom\u00eda Con \u00abA\u00bb de astr\u00f3nomas Tierra y estrellas (im\u00e1genes espectaculares) La Tierra canta Retransmisi\u00f3 del eclipse total solar (13\/11\/2012) Astronom\u00eda, calendario y la matem\u00e1tica de los mayas Gaia Videos Sistema Solar a escala Videos de astronom\u00eda pr\u00e1ctica Una \u00abca\u00edda de bola\u00bb de 1 kil\u00f3metro en cuerpos del Sistema Solar&hellip;","_links":{"self":[{"href":"https:\/\/www.naseprogram.org\/es\/wp-json\/wp\/v2\/pages\/10086","targetHints":{"allow":["GET"]}}],"collection":[{"href":"https:\/\/www.naseprogram.org\/es\/wp-json\/wp\/v2\/pages"}],"about":[{"href":"https:\/\/www.naseprogram.org\/es\/wp-json\/wp\/v2\/types\/page"}],"author":[{"embeddable":true,"href":"https:\/\/www.naseprogram.org\/es\/wp-json\/wp\/v2\/users\/12"}],"replies":[{"embeddable":true,"href":"https:\/\/www.naseprogram.org\/es\/wp-json\/wp\/v2\/comments?post=10086"}],"version-history":[{"count":4,"href":"https:\/\/www.naseprogram.org\/es\/wp-json\/wp\/v2\/pages\/10086\/revisions"}],"predecessor-version":[{"id":10095,"href":"https:\/\/www.naseprogram.org\/es\/wp-json\/wp\/v2\/pages\/10086\/revisions\/10095"}],"up":[{"embeddable":true,"href":"https:\/\/www.naseprogram.org\/es\/wp-json\/wp\/v2\/pages\/202"}],"wp:attachment":[{"href":"https:\/\/www.naseprogram.org\/es\/wp-json\/wp\/v2\/media?parent=10086"}],"curies":[{"name":"wp","href":"https:\/\/api.w.org\/{rel}","templated":true}]}}