{"id":168,"date":"2021-12-31T10:45:57","date_gmt":"2021-12-31T09:45:57","guid":{"rendered":"https:\/\/naseprogram.wp-ms.ahuekna.org.ar\/?page_id=168"},"modified":"2025-01-31T19:12:15","modified_gmt":"2025-01-31T22:12:15","slug":"presentacion-de-nase","status":"publish","type":"page","link":"https:\/\/www.naseprogram.org\/es\/presentacion-de-nase\/","title":{"rendered":"Presentaci\u00f3n de NASE"},"content":{"rendered":"\n<p class=\"has-amarillo-nase-background-color has-background\"><strong>NASE (Network for Astronomy School Education) es un Grupo de Trabajo adscrito al Grupo de Trabajo Funcional \u201cKey Initiatives in Education, Outreach and Development\u201c dentro de la divisi\u00f3n C (Education, Outreach and Heritage) de la IAU (International Astronomical Union).<\/strong><\/p>\n\n\n\n<p>El objetivo principal de NASE es educar a las nuevas generaciones de profesores y colaborar en la formaci\u00f3n permanente de los actuales. Trabajamos con profesores universitarios para capacitar a futuros \u00abdocentes de secundaria y primaria\u00bb y cooperamos con los departamentos de educaci\u00f3n para la capacitaci\u00f3n continuada. <\/p>\n\n\n\n<p>Los participantes ser\u00e1n entre 40 y 50 docentes de primaria y secundaria en el pa\u00eds de acogida, distribuidos en dos subgrupos (de 20 o 25 participantes) para los talleres en los cursos presenciales. En los cursos online no hay restricciones num\u00e9ricas.<\/p>\n\n\n\n<p>Los instructores ser\u00e1n miembros de NASE y profesores del pa\u00eds\/ciudad anfitriones.<\/p>\n\n\n\n<p>El mayor logro de NASE es la formaci\u00f3n de un grupo de trabajo local (GTL) que sigue la organizaci\u00f3n de cursos y otras actividades, y que en 2 o 3 a\u00f1os es aut\u00f3nomo. Los instructores locales forman parte, de manera inmediata, del grupo NASE local y est\u00e1n a cargo de realizar reuniones peri\u00f3dicas para mantener las actividades de dicho grupo.<\/p>\n\n\n\n<p>El idioma del curso ser\u00e1 el idioma oficial en el pa\u00eds de acogida.<\/p>\n","protected":false},"excerpt":{"rendered":"<p>NASE (Network for Astronomy School Education) es un Grupo de Trabajo adscrito al Grupo de Trabajo Funcional \u201cKey Initiatives in Education, Outreach and Development\u201c dentro de la divisi\u00f3n C (Education, Outreach and Heritage) de la IAU (International Astronomical Union). El objetivo principal de NASE es educar a las nuevas generaciones de profesores y colaborar en &#8230; <a title=\"Presentaci\u00f3n de NASE\" class=\"read-more\" href=\"https:\/\/www.naseprogram.org\/es\/presentacion-de-nase\/\" aria-label=\"M\u00e1s en Presentaci\u00f3n de NASE\">Leer m\u00e1s<\/a><\/p>\n","protected":false},"author":12,"featured_media":0,"parent":0,"menu_order":0,"comment_status":"closed","ping_status":"closed","template":"","meta":{"_uag_custom_page_level_css":"","_coblocks_attr":"","_coblocks_dimensions":"","_coblocks_responsive_height":"","_coblocks_accordion_ie_support":"","footnotes":""},"class_list":["post-168","page","type-page","status-publish"],"acf":[],"yoast_head":"<!-- This site is optimized with the Yoast SEO plugin v27.4 - https:\/\/yoast.com\/product\/yoast-seo-wordpress\/ -->\n<title>Presentaci\u00f3n de NASE - NASE<\/title>\n<meta name=\"robots\" content=\"index, follow, max-snippet:-1, max-image-preview:large, max-video-preview:-1\" \/>\n<link rel=\"canonical\" href=\"https:\/\/www.naseprogram.org\/es\/presentacion-de-nase\/\" \/>\n<meta property=\"og:locale\" content=\"es_ES\" \/>\n<meta property=\"og:type\" content=\"article\" \/>\n<meta property=\"og:title\" content=\"Presentaci\u00f3n de NASE - NASE\" \/>\n<meta property=\"og:description\" content=\"NASE (Network for Astronomy School Education) es un Grupo de Trabajo adscrito al Grupo de Trabajo Funcional \u201cKey Initiatives in Education, Outreach and Development\u201c dentro de la divisi\u00f3n C (Education, Outreach and Heritage) de la IAU (International Astronomical Union). El objetivo principal de NASE es educar a las nuevas generaciones de profesores y colaborar en ... Leer m\u00e1s\" \/>\n<meta property=\"og:url\" content=\"https:\/\/www.naseprogram.org\/es\/presentacion-de-nase\/\" \/>\n<meta property=\"og:site_name\" content=\"NASE\" \/>\n<meta property=\"article:modified_time\" content=\"2025-01-31T22:12:15+00:00\" \/>\n<meta name=\"twitter:card\" content=\"summary_large_image\" \/>\n<meta name=\"twitter:label1\" content=\"Tiempo de lectura\" \/>\n\t<meta name=\"twitter:data1\" content=\"1 minuto\" \/>\n<script type=\"application\/ld+json\" class=\"yoast-schema-graph\">{\"@context\":\"https:\\\/\\\/schema.org\",\"@graph\":[{\"@type\":\"WebPage\",\"@id\":\"https:\\\/\\\/www.naseprogram.org\\\/es\\\/presentacion-de-nase\\\/\",\"url\":\"https:\\\/\\\/www.naseprogram.org\\\/es\\\/presentacion-de-nase\\\/\",\"name\":\"Presentaci\u00f3n de NASE - NASE\",\"isPartOf\":{\"@id\":\"https:\\\/\\\/www.naseprogram.org\\\/es\\\/#website\"},\"datePublished\":\"2021-12-31T09:45:57+00:00\",\"dateModified\":\"2025-01-31T22:12:15+00:00\",\"breadcrumb\":{\"@id\":\"https:\\\/\\\/www.naseprogram.org\\\/es\\\/presentacion-de-nase\\\/#breadcrumb\"},\"inLanguage\":\"es\",\"potentialAction\":[{\"@type\":\"ReadAction\",\"target\":[\"https:\\\/\\\/www.naseprogram.org\\\/es\\\/presentacion-de-nase\\\/\"]}]},{\"@type\":\"BreadcrumbList\",\"@id\":\"https:\\\/\\\/www.naseprogram.org\\\/es\\\/presentacion-de-nase\\\/#breadcrumb\",\"itemListElement\":[{\"@type\":\"ListItem\",\"position\":1,\"name\":\"Home\",\"item\":\"https:\\\/\\\/www.naseprogram.org\\\/es\\\/\"},{\"@type\":\"ListItem\",\"position\":2,\"name\":\"Presentaci\u00f3n de NASE\"}]},{\"@type\":\"WebSite\",\"@id\":\"https:\\\/\\\/www.naseprogram.org\\\/es\\\/#website\",\"url\":\"https:\\\/\\\/www.naseprogram.org\\\/es\\\/\",\"name\":\"NASE\",\"description\":\"Network for Astronomy School Education\",\"publisher\":{\"@id\":\"https:\\\/\\\/www.naseprogram.org\\\/es\\\/#organization\"},\"potentialAction\":[{\"@type\":\"SearchAction\",\"target\":{\"@type\":\"EntryPoint\",\"urlTemplate\":\"https:\\\/\\\/www.naseprogram.org\\\/es\\\/?s={search_term_string}\"},\"query-input\":{\"@type\":\"PropertyValueSpecification\",\"valueRequired\":true,\"valueName\":\"search_term_string\"}}],\"inLanguage\":\"es\"},{\"@type\":\"Organization\",\"@id\":\"https:\\\/\\\/www.naseprogram.org\\\/es\\\/#organization\",\"name\":\"NASE\",\"url\":\"https:\\\/\\\/www.naseprogram.org\\\/es\\\/\",\"logo\":{\"@type\":\"ImageObject\",\"inLanguage\":\"es\",\"@id\":\"https:\\\/\\\/www.naseprogram.org\\\/es\\\/#\\\/schema\\\/logo\\\/image\\\/\",\"url\":\"https:\\\/\\\/www.naseprogram.org\\\/wp-content\\\/uploads\\\/sites\\\/10\\\/2021\\\/12\\\/naselogo.png\",\"contentUrl\":\"https:\\\/\\\/www.naseprogram.org\\\/wp-content\\\/uploads\\\/sites\\\/10\\\/2021\\\/12\\\/naselogo.png\",\"width\":234,\"height\":91,\"caption\":\"NASE\"},\"image\":{\"@id\":\"https:\\\/\\\/www.naseprogram.org\\\/es\\\/#\\\/schema\\\/logo\\\/image\\\/\"}}]}<\/script>\n<!-- \/ Yoast SEO plugin. -->","yoast_head_json":{"title":"Presentaci\u00f3n de NASE - NASE","robots":{"index":"index","follow":"follow","max-snippet":"max-snippet:-1","max-image-preview":"max-image-preview:large","max-video-preview":"max-video-preview:-1"},"canonical":"https:\/\/www.naseprogram.org\/es\/presentacion-de-nase\/","og_locale":"es_ES","og_type":"article","og_title":"Presentaci\u00f3n de NASE - NASE","og_description":"NASE (Network for Astronomy School Education) es un Grupo de Trabajo adscrito al Grupo de Trabajo Funcional \u201cKey Initiatives in Education, Outreach and Development\u201c dentro de la divisi\u00f3n C (Education, Outreach and Heritage) de la IAU (International Astronomical Union). El objetivo principal de NASE es educar a las nuevas generaciones de profesores y colaborar en ... Leer m\u00e1s","og_url":"https:\/\/www.naseprogram.org\/es\/presentacion-de-nase\/","og_site_name":"NASE","article_modified_time":"2025-01-31T22:12:15+00:00","twitter_card":"summary_large_image","twitter_misc":{"Tiempo de lectura":"1 minuto"},"schema":{"@context":"https:\/\/schema.org","@graph":[{"@type":"WebPage","@id":"https:\/\/www.naseprogram.org\/es\/presentacion-de-nase\/","url":"https:\/\/www.naseprogram.org\/es\/presentacion-de-nase\/","name":"Presentaci\u00f3n de NASE - NASE","isPartOf":{"@id":"https:\/\/www.naseprogram.org\/es\/#website"},"datePublished":"2021-12-31T09:45:57+00:00","dateModified":"2025-01-31T22:12:15+00:00","breadcrumb":{"@id":"https:\/\/www.naseprogram.org\/es\/presentacion-de-nase\/#breadcrumb"},"inLanguage":"es","potentialAction":[{"@type":"ReadAction","target":["https:\/\/www.naseprogram.org\/es\/presentacion-de-nase\/"]}]},{"@type":"BreadcrumbList","@id":"https:\/\/www.naseprogram.org\/es\/presentacion-de-nase\/#breadcrumb","itemListElement":[{"@type":"ListItem","position":1,"name":"Home","item":"https:\/\/www.naseprogram.org\/es\/"},{"@type":"ListItem","position":2,"name":"Presentaci\u00f3n de NASE"}]},{"@type":"WebSite","@id":"https:\/\/www.naseprogram.org\/es\/#website","url":"https:\/\/www.naseprogram.org\/es\/","name":"NASE","description":"Network for Astronomy School Education","publisher":{"@id":"https:\/\/www.naseprogram.org\/es\/#organization"},"potentialAction":[{"@type":"SearchAction","target":{"@type":"EntryPoint","urlTemplate":"https:\/\/www.naseprogram.org\/es\/?s={search_term_string}"},"query-input":{"@type":"PropertyValueSpecification","valueRequired":true,"valueName":"search_term_string"}}],"inLanguage":"es"},{"@type":"Organization","@id":"https:\/\/www.naseprogram.org\/es\/#organization","name":"NASE","url":"https:\/\/www.naseprogram.org\/es\/","logo":{"@type":"ImageObject","inLanguage":"es","@id":"https:\/\/www.naseprogram.org\/es\/#\/schema\/logo\/image\/","url":"https:\/\/www.naseprogram.org\/wp-content\/uploads\/sites\/10\/2021\/12\/naselogo.png","contentUrl":"https:\/\/www.naseprogram.org\/wp-content\/uploads\/sites\/10\/2021\/12\/naselogo.png","width":234,"height":91,"caption":"NASE"},"image":{"@id":"https:\/\/www.naseprogram.org\/es\/#\/schema\/logo\/image\/"}}]}},"uagb_featured_image_src":{"full":false,"thumbnail":false,"medium":false,"medium_large":false,"large":false,"1536x1536":false,"2048x2048":false},"uagb_author_info":{"display_name":"lifetimemedia","author_link":"https:\/\/www.naseprogram.org\/es\/author\/lifetimemedia\/"},"uagb_comment_info":0,"uagb_excerpt":"NASE (Network for Astronomy School Education) es un Grupo de Trabajo adscrito al Grupo de Trabajo Funcional \u201cKey Initiatives in Education, Outreach and Development\u201c dentro de la divisi\u00f3n C (Education, Outreach and Heritage) de la IAU (International Astronomical Union). El objetivo principal de NASE es educar a las nuevas generaciones de profesores y colaborar en&hellip;","_links":{"self":[{"href":"https:\/\/www.naseprogram.org\/es\/wp-json\/wp\/v2\/pages\/168","targetHints":{"allow":["GET"]}}],"collection":[{"href":"https:\/\/www.naseprogram.org\/es\/wp-json\/wp\/v2\/pages"}],"about":[{"href":"https:\/\/www.naseprogram.org\/es\/wp-json\/wp\/v2\/types\/page"}],"author":[{"embeddable":true,"href":"https:\/\/www.naseprogram.org\/es\/wp-json\/wp\/v2\/users\/12"}],"replies":[{"embeddable":true,"href":"https:\/\/www.naseprogram.org\/es\/wp-json\/wp\/v2\/comments?post=168"}],"version-history":[{"count":19,"href":"https:\/\/www.naseprogram.org\/es\/wp-json\/wp\/v2\/pages\/168\/revisions"}],"predecessor-version":[{"id":539305,"href":"https:\/\/www.naseprogram.org\/es\/wp-json\/wp\/v2\/pages\/168\/revisions\/539305"}],"wp:attachment":[{"href":"https:\/\/www.naseprogram.org\/es\/wp-json\/wp\/v2\/media?parent=168"}],"curies":[{"name":"wp","href":"https:\/\/api.w.org\/{rel}","templated":true}]}}