{"id":198,"date":"2021-12-31T10:50:26","date_gmt":"2021-12-31T09:50:26","guid":{"rendered":"https:\/\/naseprogram.wp-ms.ahuekna.org.ar\/?page_id=198"},"modified":"2026-01-24T15:06:44","modified_gmt":"2026-01-24T18:06:44","slug":"proyectos-con-iau-unesco","status":"publish","type":"page","link":"https:\/\/www.naseprogram.org\/es\/proyectos-con-iau-unesco\/","title":{"rendered":"Proyectos con IAU\/UNESCO"},"content":{"rendered":"\n<p>Para conmemorar el D\u00eda Internacional de la Luz convocado por UNESCO de forma anual, NASE propone a todos sus participantes e instructores llevar a cabo una experiencia sencilla, pero de gran inter\u00e9s formativo.<\/p>\n\n\n\n<p>Aunque el d\u00eda de la luz es el 16 de mayo, se propone a todos los participantes que lo realicen a lo largo del medio a\u00f1o, desde el equinoccio de marzo al equinoccio de septiembre. No se reduce al d\u00eda 16 de mayo porque, como es bien sabido, este d\u00eda cae dentro de la estaci\u00f3n de lluvias en algunos pa\u00edses. Por ese motivo los profesores interesados pueden realizarlo con sus alumnos durante medio a\u00f1o. Solicitamos que nos env\u00eden algunas fotos testimoniales y los datos de las observaciones obtenidos durante el desarrollo de la experiencia. Se proporciona un material introductorio que hay que leer para preparar la experiencia.<\/p>\n\n\n\n<p><a href=\"https:\/\/www.lightday.org\/events\" target=\"_blank\" rel=\"noreferrer noopener\">Link a la pagina web de UNESCO donde figuran los trabajos (el proyecto de NASE no aparece en pa\u00edses sino al final, en worlldwide)<\/a><\/p>\n","protected":false},"excerpt":{"rendered":"<p>Para conmemorar el D\u00eda Internacional de la Luz convocado por UNESCO de forma anual, NASE propone a todos sus participantes e instructores llevar a cabo una experiencia sencilla, pero de gran inter\u00e9s formativo. Aunque el d\u00eda de la luz es el 16 de mayo, se propone a todos los participantes que lo realicen a lo &#8230; <a title=\"Proyectos con IAU\/UNESCO\" class=\"read-more\" href=\"https:\/\/www.naseprogram.org\/es\/proyectos-con-iau-unesco\/\" aria-label=\"M\u00e1s en Proyectos con IAU\/UNESCO\">Leer m\u00e1s<\/a><\/p>\n","protected":false},"author":12,"featured_media":0,"parent":0,"menu_order":0,"comment_status":"closed","ping_status":"closed","template":"","meta":{"_uag_custom_page_level_css":"","_coblocks_attr":"","_coblocks_dimensions":"","_coblocks_responsive_height":"","_coblocks_accordion_ie_support":"","footnotes":""},"class_list":["post-198","page","type-page","status-publish"],"acf":[],"yoast_head":"<!-- This site is optimized with the Yoast SEO plugin v27.4 - https:\/\/yoast.com\/product\/yoast-seo-wordpress\/ -->\n<title>Proyectos con IAU\/UNESCO - NASE<\/title>\n<meta name=\"robots\" content=\"index, follow, max-snippet:-1, max-image-preview:large, max-video-preview:-1\" \/>\n<link rel=\"canonical\" href=\"https:\/\/www.naseprogram.org\/es\/proyectos-con-iau-unesco\/\" \/>\n<meta property=\"og:locale\" content=\"es_ES\" \/>\n<meta property=\"og:type\" content=\"article\" \/>\n<meta property=\"og:title\" content=\"Proyectos con IAU\/UNESCO - NASE\" \/>\n<meta property=\"og:description\" content=\"Para conmemorar el D\u00eda Internacional de la Luz convocado por UNESCO de forma anual, NASE propone a todos sus participantes e instructores llevar a cabo una experiencia sencilla, pero de gran inter\u00e9s formativo. Aunque el d\u00eda de la luz es el 16 de mayo, se propone a todos los participantes que lo realicen a lo ... Leer m\u00e1s\" \/>\n<meta property=\"og:url\" content=\"https:\/\/www.naseprogram.org\/es\/proyectos-con-iau-unesco\/\" \/>\n<meta property=\"og:site_name\" content=\"NASE\" \/>\n<meta property=\"article:modified_time\" content=\"2026-01-24T18:06:44+00:00\" \/>\n<meta name=\"twitter:card\" content=\"summary_large_image\" \/>\n<meta name=\"twitter:label1\" content=\"Tiempo de lectura\" \/>\n\t<meta name=\"twitter:data1\" content=\"1 minuto\" \/>\n<script type=\"application\/ld+json\" class=\"yoast-schema-graph\">{\"@context\":\"https:\\\/\\\/schema.org\",\"@graph\":[{\"@type\":\"WebPage\",\"@id\":\"https:\\\/\\\/www.naseprogram.org\\\/es\\\/proyectos-con-iau-unesco\\\/\",\"url\":\"https:\\\/\\\/www.naseprogram.org\\\/es\\\/proyectos-con-iau-unesco\\\/\",\"name\":\"Proyectos con IAU\\\/UNESCO - NASE\",\"isPartOf\":{\"@id\":\"https:\\\/\\\/www.naseprogram.org\\\/es\\\/#website\"},\"datePublished\":\"2021-12-31T09:50:26+00:00\",\"dateModified\":\"2026-01-24T18:06:44+00:00\",\"breadcrumb\":{\"@id\":\"https:\\\/\\\/www.naseprogram.org\\\/es\\\/proyectos-con-iau-unesco\\\/#breadcrumb\"},\"inLanguage\":\"es\",\"potentialAction\":[{\"@type\":\"ReadAction\",\"target\":[\"https:\\\/\\\/www.naseprogram.org\\\/es\\\/proyectos-con-iau-unesco\\\/\"]}]},{\"@type\":\"BreadcrumbList\",\"@id\":\"https:\\\/\\\/www.naseprogram.org\\\/es\\\/proyectos-con-iau-unesco\\\/#breadcrumb\",\"itemListElement\":[{\"@type\":\"ListItem\",\"position\":1,\"name\":\"Home\",\"item\":\"https:\\\/\\\/www.naseprogram.org\\\/es\\\/\"},{\"@type\":\"ListItem\",\"position\":2,\"name\":\"Proyectos con IAU\\\/UNESCO\"}]},{\"@type\":\"WebSite\",\"@id\":\"https:\\\/\\\/www.naseprogram.org\\\/es\\\/#website\",\"url\":\"https:\\\/\\\/www.naseprogram.org\\\/es\\\/\",\"name\":\"NASE\",\"description\":\"Network for Astronomy School Education\",\"publisher\":{\"@id\":\"https:\\\/\\\/www.naseprogram.org\\\/es\\\/#organization\"},\"potentialAction\":[{\"@type\":\"SearchAction\",\"target\":{\"@type\":\"EntryPoint\",\"urlTemplate\":\"https:\\\/\\\/www.naseprogram.org\\\/es\\\/?s={search_term_string}\"},\"query-input\":{\"@type\":\"PropertyValueSpecification\",\"valueRequired\":true,\"valueName\":\"search_term_string\"}}],\"inLanguage\":\"es\"},{\"@type\":\"Organization\",\"@id\":\"https:\\\/\\\/www.naseprogram.org\\\/es\\\/#organization\",\"name\":\"NASE\",\"url\":\"https:\\\/\\\/www.naseprogram.org\\\/es\\\/\",\"logo\":{\"@type\":\"ImageObject\",\"inLanguage\":\"es\",\"@id\":\"https:\\\/\\\/www.naseprogram.org\\\/es\\\/#\\\/schema\\\/logo\\\/image\\\/\",\"url\":\"https:\\\/\\\/www.naseprogram.org\\\/wp-content\\\/uploads\\\/sites\\\/10\\\/2021\\\/12\\\/naselogo.png\",\"contentUrl\":\"https:\\\/\\\/www.naseprogram.org\\\/wp-content\\\/uploads\\\/sites\\\/10\\\/2021\\\/12\\\/naselogo.png\",\"width\":234,\"height\":91,\"caption\":\"NASE\"},\"image\":{\"@id\":\"https:\\\/\\\/www.naseprogram.org\\\/es\\\/#\\\/schema\\\/logo\\\/image\\\/\"}}]}<\/script>\n<!-- \/ Yoast SEO plugin. -->","yoast_head_json":{"title":"Proyectos con IAU\/UNESCO - NASE","robots":{"index":"index","follow":"follow","max-snippet":"max-snippet:-1","max-image-preview":"max-image-preview:large","max-video-preview":"max-video-preview:-1"},"canonical":"https:\/\/www.naseprogram.org\/es\/proyectos-con-iau-unesco\/","og_locale":"es_ES","og_type":"article","og_title":"Proyectos con IAU\/UNESCO - NASE","og_description":"Para conmemorar el D\u00eda Internacional de la Luz convocado por UNESCO de forma anual, NASE propone a todos sus participantes e instructores llevar a cabo una experiencia sencilla, pero de gran inter\u00e9s formativo. Aunque el d\u00eda de la luz es el 16 de mayo, se propone a todos los participantes que lo realicen a lo ... Leer m\u00e1s","og_url":"https:\/\/www.naseprogram.org\/es\/proyectos-con-iau-unesco\/","og_site_name":"NASE","article_modified_time":"2026-01-24T18:06:44+00:00","twitter_card":"summary_large_image","twitter_misc":{"Tiempo de lectura":"1 minuto"},"schema":{"@context":"https:\/\/schema.org","@graph":[{"@type":"WebPage","@id":"https:\/\/www.naseprogram.org\/es\/proyectos-con-iau-unesco\/","url":"https:\/\/www.naseprogram.org\/es\/proyectos-con-iau-unesco\/","name":"Proyectos con IAU\/UNESCO - NASE","isPartOf":{"@id":"https:\/\/www.naseprogram.org\/es\/#website"},"datePublished":"2021-12-31T09:50:26+00:00","dateModified":"2026-01-24T18:06:44+00:00","breadcrumb":{"@id":"https:\/\/www.naseprogram.org\/es\/proyectos-con-iau-unesco\/#breadcrumb"},"inLanguage":"es","potentialAction":[{"@type":"ReadAction","target":["https:\/\/www.naseprogram.org\/es\/proyectos-con-iau-unesco\/"]}]},{"@type":"BreadcrumbList","@id":"https:\/\/www.naseprogram.org\/es\/proyectos-con-iau-unesco\/#breadcrumb","itemListElement":[{"@type":"ListItem","position":1,"name":"Home","item":"https:\/\/www.naseprogram.org\/es\/"},{"@type":"ListItem","position":2,"name":"Proyectos con IAU\/UNESCO"}]},{"@type":"WebSite","@id":"https:\/\/www.naseprogram.org\/es\/#website","url":"https:\/\/www.naseprogram.org\/es\/","name":"NASE","description":"Network for Astronomy School Education","publisher":{"@id":"https:\/\/www.naseprogram.org\/es\/#organization"},"potentialAction":[{"@type":"SearchAction","target":{"@type":"EntryPoint","urlTemplate":"https:\/\/www.naseprogram.org\/es\/?s={search_term_string}"},"query-input":{"@type":"PropertyValueSpecification","valueRequired":true,"valueName":"search_term_string"}}],"inLanguage":"es"},{"@type":"Organization","@id":"https:\/\/www.naseprogram.org\/es\/#organization","name":"NASE","url":"https:\/\/www.naseprogram.org\/es\/","logo":{"@type":"ImageObject","inLanguage":"es","@id":"https:\/\/www.naseprogram.org\/es\/#\/schema\/logo\/image\/","url":"https:\/\/www.naseprogram.org\/wp-content\/uploads\/sites\/10\/2021\/12\/naselogo.png","contentUrl":"https:\/\/www.naseprogram.org\/wp-content\/uploads\/sites\/10\/2021\/12\/naselogo.png","width":234,"height":91,"caption":"NASE"},"image":{"@id":"https:\/\/www.naseprogram.org\/es\/#\/schema\/logo\/image\/"}}]}},"uagb_featured_image_src":{"full":false,"thumbnail":false,"medium":false,"medium_large":false,"large":false,"1536x1536":false,"2048x2048":false},"uagb_author_info":{"display_name":"lifetimemedia","author_link":"https:\/\/www.naseprogram.org\/es\/author\/lifetimemedia\/"},"uagb_comment_info":0,"uagb_excerpt":"Para conmemorar el D\u00eda Internacional de la Luz convocado por UNESCO de forma anual, NASE propone a todos sus participantes e instructores llevar a cabo una experiencia sencilla, pero de gran inter\u00e9s formativo. Aunque el d\u00eda de la luz es el 16 de mayo, se propone a todos los participantes que lo realicen a lo&hellip;","_links":{"self":[{"href":"https:\/\/www.naseprogram.org\/es\/wp-json\/wp\/v2\/pages\/198","targetHints":{"allow":["GET"]}}],"collection":[{"href":"https:\/\/www.naseprogram.org\/es\/wp-json\/wp\/v2\/pages"}],"about":[{"href":"https:\/\/www.naseprogram.org\/es\/wp-json\/wp\/v2\/types\/page"}],"author":[{"embeddable":true,"href":"https:\/\/www.naseprogram.org\/es\/wp-json\/wp\/v2\/users\/12"}],"replies":[{"embeddable":true,"href":"https:\/\/www.naseprogram.org\/es\/wp-json\/wp\/v2\/comments?post=198"}],"version-history":[{"count":49,"href":"https:\/\/www.naseprogram.org\/es\/wp-json\/wp\/v2\/pages\/198\/revisions"}],"predecessor-version":[{"id":669931,"href":"https:\/\/www.naseprogram.org\/es\/wp-json\/wp\/v2\/pages\/198\/revisions\/669931"}],"wp:attachment":[{"href":"https:\/\/www.naseprogram.org\/es\/wp-json\/wp\/v2\/media?parent=198"}],"curies":[{"name":"wp","href":"https:\/\/api.w.org\/{rel}","templated":true}]}}