{"id":481920,"date":"2021-12-31T10:46:21","date_gmt":"2021-12-31T13:46:21","guid":{"rendered":"https:\/\/www.naseprogram.org\/content-and-modalities\/"},"modified":"2024-12-23T21:08:55","modified_gmt":"2024-12-24T00:08:55","slug":"content-and-modalities","status":"publish","type":"page","link":"https:\/\/www.naseprogram.org\/es\/content-and-modalities\/","title":{"rendered":"Contenido y modalidades"},"content":{"rendered":"\n<p><strong>PROP\u00d3SITO<\/strong><\/p>\n\n\n\n<p>Los cursos gratuitos de la NASE tienen un objetivo principal que es promover la formaci\u00f3n de profesores de astronom\u00eda (primaria, secundaria y universidad) y fomentar la ense\u00f1anza\/aprendizaje activo de la disciplina a trav\u00e9s de modelos y observaci\u00f3n de fen\u00f3menos.<\/p>\n\n\n\n<p><strong>REQUISITOS Y\/O EXPERIENCIA PROFESIONAL REQUERIDOS<\/strong><\/p>\n\n\n\n<p>Profesores de ense\u00f1anza primaria, profesores de ense\u00f1anza secundaria de cualquier \u00e1rea, profesores de ense\u00f1anza superior (profesores de ciencias) y otras carreras universitarias afines, estudiantes de cursos avanzados de magisterio.<\/p>\n\n\n\n<p>No son necesarios conocimientos previos de astronom\u00eda.<\/p>\n\n\n\n<p><strong>FORMATO &#8211;<\/strong> (Todos los cursos pueden ser presenciales, en l\u00ednea o h\u00edbridos)<\/p>\n\n\n\n<p>El curso general de astronom\u00eda y astrof\u00edsica comprende 4 d\u00edas de clases sobre conceptos astron\u00f3micos b\u00e1sicos e incluye observaciones y una visita astron\u00f3mica. Presenta 4 clases, 10 talleres y 3 grupos de trabajo.<\/p>\n","protected":false},"excerpt":{"rendered":"<p>PROP\u00d3SITO Los cursos gratuitos de la NASE tienen un objetivo principal que es promover la formaci\u00f3n de profesores de astronom\u00eda (primaria, secundaria y universidad) y fomentar la ense\u00f1anza\/aprendizaje activo de la disciplina a trav\u00e9s de modelos y observaci\u00f3n de fen\u00f3menos. REQUISITOS Y\/O EXPERIENCIA PROFESIONAL REQUERIDOS Profesores de ense\u00f1anza primaria, profesores de ense\u00f1anza secundaria de cualquier &#8230; <a title=\"Contenido y modalidades\" class=\"read-more\" href=\"https:\/\/www.naseprogram.org\/es\/content-and-modalities\/\" aria-label=\"M\u00e1s en Contenido y modalidades\">Leer m\u00e1s<\/a><\/p>\n","protected":false},"author":12,"featured_media":0,"parent":0,"menu_order":0,"comment_status":"closed","ping_status":"closed","template":"","meta":{"_uag_custom_page_level_css":"","_coblocks_attr":"","_coblocks_dimensions":"","_coblocks_responsive_height":"","_coblocks_accordion_ie_support":"","footnotes":""},"class_list":["post-481920","page","type-page","status-publish"],"acf":[],"yoast_head":"<!-- This site is optimized with the Yoast SEO plugin v27.3 - https:\/\/yoast.com\/product\/yoast-seo-wordpress\/ -->\n<title>Contenido y modalidades - NASE<\/title>\n<meta name=\"robots\" content=\"index, follow, max-snippet:-1, max-image-preview:large, max-video-preview:-1\" \/>\n<link rel=\"canonical\" href=\"https:\/\/www.naseprogram.org\/es\/content-and-modalities\/\" \/>\n<meta property=\"og:locale\" content=\"es_ES\" \/>\n<meta property=\"og:type\" content=\"article\" \/>\n<meta property=\"og:title\" content=\"Contenido y modalidades - NASE\" \/>\n<meta property=\"og:description\" content=\"PROP\u00d3SITO Los cursos gratuitos de la NASE tienen un objetivo principal que es promover la formaci\u00f3n de profesores de astronom\u00eda (primaria, secundaria y universidad) y fomentar la ense\u00f1anza\/aprendizaje activo de la disciplina a trav\u00e9s de modelos y observaci\u00f3n de fen\u00f3menos. REQUISITOS Y\/O EXPERIENCIA PROFESIONAL REQUERIDOS Profesores de ense\u00f1anza primaria, profesores de ense\u00f1anza secundaria de cualquier ... Leer m\u00e1s\" \/>\n<meta property=\"og:url\" content=\"https:\/\/www.naseprogram.org\/es\/content-and-modalities\/\" \/>\n<meta property=\"og:site_name\" content=\"NASE\" \/>\n<meta property=\"article:modified_time\" content=\"2024-12-24T00:08:55+00:00\" \/>\n<meta name=\"twitter:card\" content=\"summary_large_image\" \/>\n<meta name=\"twitter:label1\" content=\"Tiempo de lectura\" \/>\n\t<meta name=\"twitter:data1\" content=\"1 minuto\" \/>\n<script type=\"application\/ld+json\" class=\"yoast-schema-graph\">{\"@context\":\"https:\\\/\\\/schema.org\",\"@graph\":[{\"@type\":\"WebPage\",\"@id\":\"https:\\\/\\\/www.naseprogram.org\\\/es\\\/content-and-modalities\\\/\",\"url\":\"https:\\\/\\\/www.naseprogram.org\\\/es\\\/content-and-modalities\\\/\",\"name\":\"Contenido y modalidades - NASE\",\"isPartOf\":{\"@id\":\"https:\\\/\\\/www.naseprogram.org\\\/es\\\/#website\"},\"datePublished\":\"2021-12-31T13:46:21+00:00\",\"dateModified\":\"2024-12-24T00:08:55+00:00\",\"breadcrumb\":{\"@id\":\"https:\\\/\\\/www.naseprogram.org\\\/es\\\/content-and-modalities\\\/#breadcrumb\"},\"inLanguage\":\"es\",\"potentialAction\":[{\"@type\":\"ReadAction\",\"target\":[\"https:\\\/\\\/www.naseprogram.org\\\/es\\\/content-and-modalities\\\/\"]}]},{\"@type\":\"BreadcrumbList\",\"@id\":\"https:\\\/\\\/www.naseprogram.org\\\/es\\\/content-and-modalities\\\/#breadcrumb\",\"itemListElement\":[{\"@type\":\"ListItem\",\"position\":1,\"name\":\"Home\",\"item\":\"https:\\\/\\\/www.naseprogram.org\\\/es\\\/\"},{\"@type\":\"ListItem\",\"position\":2,\"name\":\"Contenido y modalidades\"}]},{\"@type\":\"WebSite\",\"@id\":\"https:\\\/\\\/www.naseprogram.org\\\/es\\\/#website\",\"url\":\"https:\\\/\\\/www.naseprogram.org\\\/es\\\/\",\"name\":\"NASE\",\"description\":\"Network for Astronomy School Education\",\"publisher\":{\"@id\":\"https:\\\/\\\/www.naseprogram.org\\\/es\\\/#organization\"},\"potentialAction\":[{\"@type\":\"SearchAction\",\"target\":{\"@type\":\"EntryPoint\",\"urlTemplate\":\"https:\\\/\\\/www.naseprogram.org\\\/es\\\/?s={search_term_string}\"},\"query-input\":{\"@type\":\"PropertyValueSpecification\",\"valueRequired\":true,\"valueName\":\"search_term_string\"}}],\"inLanguage\":\"es\"},{\"@type\":\"Organization\",\"@id\":\"https:\\\/\\\/www.naseprogram.org\\\/es\\\/#organization\",\"name\":\"NASE\",\"url\":\"https:\\\/\\\/www.naseprogram.org\\\/es\\\/\",\"logo\":{\"@type\":\"ImageObject\",\"inLanguage\":\"es\",\"@id\":\"https:\\\/\\\/www.naseprogram.org\\\/es\\\/#\\\/schema\\\/logo\\\/image\\\/\",\"url\":\"https:\\\/\\\/www.naseprogram.org\\\/wp-content\\\/uploads\\\/sites\\\/10\\\/2021\\\/12\\\/naselogo.png\",\"contentUrl\":\"https:\\\/\\\/www.naseprogram.org\\\/wp-content\\\/uploads\\\/sites\\\/10\\\/2021\\\/12\\\/naselogo.png\",\"width\":234,\"height\":91,\"caption\":\"NASE\"},\"image\":{\"@id\":\"https:\\\/\\\/www.naseprogram.org\\\/es\\\/#\\\/schema\\\/logo\\\/image\\\/\"}}]}<\/script>\n<!-- \/ Yoast SEO plugin. -->","yoast_head_json":{"title":"Contenido y modalidades - NASE","robots":{"index":"index","follow":"follow","max-snippet":"max-snippet:-1","max-image-preview":"max-image-preview:large","max-video-preview":"max-video-preview:-1"},"canonical":"https:\/\/www.naseprogram.org\/es\/content-and-modalities\/","og_locale":"es_ES","og_type":"article","og_title":"Contenido y modalidades - NASE","og_description":"PROP\u00d3SITO Los cursos gratuitos de la NASE tienen un objetivo principal que es promover la formaci\u00f3n de profesores de astronom\u00eda (primaria, secundaria y universidad) y fomentar la ense\u00f1anza\/aprendizaje activo de la disciplina a trav\u00e9s de modelos y observaci\u00f3n de fen\u00f3menos. REQUISITOS Y\/O EXPERIENCIA PROFESIONAL REQUERIDOS Profesores de ense\u00f1anza primaria, profesores de ense\u00f1anza secundaria de cualquier ... Leer m\u00e1s","og_url":"https:\/\/www.naseprogram.org\/es\/content-and-modalities\/","og_site_name":"NASE","article_modified_time":"2024-12-24T00:08:55+00:00","twitter_card":"summary_large_image","twitter_misc":{"Tiempo de lectura":"1 minuto"},"schema":{"@context":"https:\/\/schema.org","@graph":[{"@type":"WebPage","@id":"https:\/\/www.naseprogram.org\/es\/content-and-modalities\/","url":"https:\/\/www.naseprogram.org\/es\/content-and-modalities\/","name":"Contenido y modalidades - NASE","isPartOf":{"@id":"https:\/\/www.naseprogram.org\/es\/#website"},"datePublished":"2021-12-31T13:46:21+00:00","dateModified":"2024-12-24T00:08:55+00:00","breadcrumb":{"@id":"https:\/\/www.naseprogram.org\/es\/content-and-modalities\/#breadcrumb"},"inLanguage":"es","potentialAction":[{"@type":"ReadAction","target":["https:\/\/www.naseprogram.org\/es\/content-and-modalities\/"]}]},{"@type":"BreadcrumbList","@id":"https:\/\/www.naseprogram.org\/es\/content-and-modalities\/#breadcrumb","itemListElement":[{"@type":"ListItem","position":1,"name":"Home","item":"https:\/\/www.naseprogram.org\/es\/"},{"@type":"ListItem","position":2,"name":"Contenido y modalidades"}]},{"@type":"WebSite","@id":"https:\/\/www.naseprogram.org\/es\/#website","url":"https:\/\/www.naseprogram.org\/es\/","name":"NASE","description":"Network for Astronomy School Education","publisher":{"@id":"https:\/\/www.naseprogram.org\/es\/#organization"},"potentialAction":[{"@type":"SearchAction","target":{"@type":"EntryPoint","urlTemplate":"https:\/\/www.naseprogram.org\/es\/?s={search_term_string}"},"query-input":{"@type":"PropertyValueSpecification","valueRequired":true,"valueName":"search_term_string"}}],"inLanguage":"es"},{"@type":"Organization","@id":"https:\/\/www.naseprogram.org\/es\/#organization","name":"NASE","url":"https:\/\/www.naseprogram.org\/es\/","logo":{"@type":"ImageObject","inLanguage":"es","@id":"https:\/\/www.naseprogram.org\/es\/#\/schema\/logo\/image\/","url":"https:\/\/www.naseprogram.org\/wp-content\/uploads\/sites\/10\/2021\/12\/naselogo.png","contentUrl":"https:\/\/www.naseprogram.org\/wp-content\/uploads\/sites\/10\/2021\/12\/naselogo.png","width":234,"height":91,"caption":"NASE"},"image":{"@id":"https:\/\/www.naseprogram.org\/es\/#\/schema\/logo\/image\/"}}]}},"uagb_featured_image_src":{"full":false,"thumbnail":false,"medium":false,"medium_large":false,"large":false,"1536x1536":false,"2048x2048":false},"uagb_author_info":{"display_name":"lifetimemedia","author_link":"https:\/\/www.naseprogram.org\/es\/author\/lifetimemedia\/"},"uagb_comment_info":0,"uagb_excerpt":"PROP\u00d3SITO Los cursos gratuitos de la NASE tienen un objetivo principal que es promover la formaci\u00f3n de profesores de astronom\u00eda (primaria, secundaria y universidad) y fomentar la ense\u00f1anza\/aprendizaje activo de la disciplina a trav\u00e9s de modelos y observaci\u00f3n de fen\u00f3menos. REQUISITOS Y\/O EXPERIENCIA PROFESIONAL REQUERIDOS Profesores de ense\u00f1anza primaria, profesores de ense\u00f1anza secundaria de cualquier&hellip;","_links":{"self":[{"href":"https:\/\/www.naseprogram.org\/es\/wp-json\/wp\/v2\/pages\/481920","targetHints":{"allow":["GET"]}}],"collection":[{"href":"https:\/\/www.naseprogram.org\/es\/wp-json\/wp\/v2\/pages"}],"about":[{"href":"https:\/\/www.naseprogram.org\/es\/wp-json\/wp\/v2\/types\/page"}],"author":[{"embeddable":true,"href":"https:\/\/www.naseprogram.org\/es\/wp-json\/wp\/v2\/users\/12"}],"replies":[{"embeddable":true,"href":"https:\/\/www.naseprogram.org\/es\/wp-json\/wp\/v2\/comments?post=481920"}],"version-history":[{"count":7,"href":"https:\/\/www.naseprogram.org\/es\/wp-json\/wp\/v2\/pages\/481920\/revisions"}],"predecessor-version":[{"id":531290,"href":"https:\/\/www.naseprogram.org\/es\/wp-json\/wp\/v2\/pages\/481920\/revisions\/531290"}],"wp:attachment":[{"href":"https:\/\/www.naseprogram.org\/es\/wp-json\/wp\/v2\/media?parent=481920"}],"curies":[{"name":"wp","href":"https:\/\/api.w.org\/{rel}","templated":true}]}}