{"id":669929,"date":"2026-01-24T14:59:54","date_gmt":"2026-01-24T17:59:54","guid":{"rendered":"https:\/\/www.naseprogram.org\/?page_id=669929"},"modified":"2026-03-22T21:28:58","modified_gmt":"2026-03-23T00:28:58","slug":"encuentra-tu-exoplaneta","status":"publish","type":"page","link":"https:\/\/www.naseprogram.org\/es\/encuentra-tu-exoplaneta\/","title":{"rendered":"Encuentra tu Exoplaneta"},"content":{"rendered":"\n<p>La propuesta de NASE para el D\u00eda Internacional de la Luz (IDL) de 2026 consiste en elegir un exoplaneta, investigar su naturaleza y debatir si podr\u00eda ser una segunda Tierra, utilizando los indicadores de la Misi\u00f3n Kepler. Parte de la propuesta consiste en reconocer c\u00f3mo los astr\u00f3nomos intentan detectar biofirmas.<\/p>\n\n\n\n<div class=\"wp-block-uagb-tabs uagb-block-759d0fcd uagb-tabs__wrap uagb-tabs__hstyle1-desktop uagb-tabs__vstyle6-tablet uagb-tabs__stack1-mobile\" data-tab-active=\"0\"><ul class=\"uagb-tabs__panel uagb-tabs__align-left\" role=\"tablist\"><li class=\"uagb-tab uagb-tabs__active\" role=\"none\"><a href=\"#uagb-tabs__tab0\" class=\"uagb-tabs-list uagb-tabs__icon-position-left\" data-tab=\"0\" role=\"tab\"><div>Material preparatorio<\/div><\/a><\/li><li class=\"uagb-tab \" role=\"none\"><a href=\"#uagb-tabs__tab1\" class=\"uagb-tabs-list uagb-tabs__icon-position-left\" data-tab=\"1\" role=\"tab\"><div>Material para enviar<\/div><\/a><\/li><\/ul><div class=\"uagb-tabs__body-wrap\">\n<div class=\"wp-block-uagb-tabs-child uagb-tabs__body-container uagb-inner-tab-0\" aria-labelledby=\"uagb-tabs__tab0\">\n<p><a href=\"https:\/\/www.naseprogram.org\/wp-content\/uploads\/sites\/10\/2026\/03\/intro-exoplanetas-unesco-cas2.pdf\">Encuentra tu Exoplaneta<\/a><\/p>\n<\/div>\n\n\n\n<div class=\"wp-block-uagb-tabs-child uagb-tabs__body-container uagb-inner-tab-1\" aria-labelledby=\"uagb-tabs__tab1\">\n<p><a href=\"https:\/\/www.naseprogram.org\/wp-content\/uploads\/sites\/10\/2026\/03\/report-encuentra-tu-exoplaneta-unesco-cas2.docx\">Material para enviar<\/a><\/p>\n<\/div>\n<\/div><\/div>\n\n\n\n<p><\/p>\n","protected":false},"excerpt":{"rendered":"<p>La propuesta de NASE para el D\u00eda Internacional de la Luz (IDL) de 2026 consiste en elegir un exoplaneta, investigar su naturaleza y debatir si podr\u00eda ser una segunda Tierra, utilizando los indicadores de la Misi\u00f3n Kepler. Parte de la propuesta consiste en reconocer c\u00f3mo los astr\u00f3nomos intentan detectar biofirmas.<\/p>\n","protected":false},"author":15,"featured_media":0,"parent":0,"menu_order":0,"comment_status":"closed","ping_status":"closed","template":"","meta":{"_uag_custom_page_level_css":"","_coblocks_attr":"","_coblocks_dimensions":"","_coblocks_responsive_height":"","_coblocks_accordion_ie_support":"","footnotes":""},"class_list":["post-669929","page","type-page","status-publish"],"acf":[],"yoast_head":"<!-- This site is optimized with the Yoast SEO plugin v27.4 - https:\/\/yoast.com\/product\/yoast-seo-wordpress\/ -->\n<title>Encuentra tu Exoplaneta - NASE<\/title>\n<meta name=\"robots\" content=\"index, follow, max-snippet:-1, max-image-preview:large, max-video-preview:-1\" \/>\n<link rel=\"canonical\" href=\"https:\/\/www.naseprogram.org\/es\/encuentra-tu-exoplaneta\/\" \/>\n<meta property=\"og:locale\" content=\"es_ES\" \/>\n<meta property=\"og:type\" content=\"article\" \/>\n<meta property=\"og:title\" content=\"Encuentra tu Exoplaneta - NASE\" \/>\n<meta property=\"og:description\" content=\"La propuesta de NASE para el D\u00eda Internacional de la Luz (IDL) de 2026 consiste en elegir un exoplaneta, investigar su naturaleza y debatir si podr\u00eda ser una segunda Tierra, utilizando los indicadores de la Misi\u00f3n Kepler. Parte de la propuesta consiste en reconocer c\u00f3mo los astr\u00f3nomos intentan detectar biofirmas.\" \/>\n<meta property=\"og:url\" content=\"https:\/\/www.naseprogram.org\/es\/encuentra-tu-exoplaneta\/\" \/>\n<meta property=\"og:site_name\" content=\"NASE\" \/>\n<meta property=\"article:modified_time\" content=\"2026-03-23T00:28:58+00:00\" \/>\n<meta name=\"twitter:card\" content=\"summary_large_image\" \/>\n<meta name=\"twitter:label1\" content=\"Tiempo de lectura\" \/>\n\t<meta name=\"twitter:data1\" content=\"1 minuto\" \/>\n<script type=\"application\/ld+json\" class=\"yoast-schema-graph\">{\"@context\":\"https:\\\/\\\/schema.org\",\"@graph\":[{\"@type\":\"WebPage\",\"@id\":\"https:\\\/\\\/www.naseprogram.org\\\/es\\\/encuentra-tu-exoplaneta\\\/\",\"url\":\"https:\\\/\\\/www.naseprogram.org\\\/es\\\/encuentra-tu-exoplaneta\\\/\",\"name\":\"Encuentra tu Exoplaneta - NASE\",\"isPartOf\":{\"@id\":\"https:\\\/\\\/www.naseprogram.org\\\/es\\\/#website\"},\"datePublished\":\"2026-01-24T17:59:54+00:00\",\"dateModified\":\"2026-03-23T00:28:58+00:00\",\"breadcrumb\":{\"@id\":\"https:\\\/\\\/www.naseprogram.org\\\/es\\\/encuentra-tu-exoplaneta\\\/#breadcrumb\"},\"inLanguage\":\"es\",\"potentialAction\":[{\"@type\":\"ReadAction\",\"target\":[\"https:\\\/\\\/www.naseprogram.org\\\/es\\\/encuentra-tu-exoplaneta\\\/\"]}]},{\"@type\":\"BreadcrumbList\",\"@id\":\"https:\\\/\\\/www.naseprogram.org\\\/es\\\/encuentra-tu-exoplaneta\\\/#breadcrumb\",\"itemListElement\":[{\"@type\":\"ListItem\",\"position\":1,\"name\":\"Home\",\"item\":\"https:\\\/\\\/www.naseprogram.org\\\/es\\\/\"},{\"@type\":\"ListItem\",\"position\":2,\"name\":\"Encuentra tu Exoplaneta\"}]},{\"@type\":\"WebSite\",\"@id\":\"https:\\\/\\\/www.naseprogram.org\\\/es\\\/#website\",\"url\":\"https:\\\/\\\/www.naseprogram.org\\\/es\\\/\",\"name\":\"NASE\",\"description\":\"Network for Astronomy School Education\",\"publisher\":{\"@id\":\"https:\\\/\\\/www.naseprogram.org\\\/es\\\/#organization\"},\"potentialAction\":[{\"@type\":\"SearchAction\",\"target\":{\"@type\":\"EntryPoint\",\"urlTemplate\":\"https:\\\/\\\/www.naseprogram.org\\\/es\\\/?s={search_term_string}\"},\"query-input\":{\"@type\":\"PropertyValueSpecification\",\"valueRequired\":true,\"valueName\":\"search_term_string\"}}],\"inLanguage\":\"es\"},{\"@type\":\"Organization\",\"@id\":\"https:\\\/\\\/www.naseprogram.org\\\/es\\\/#organization\",\"name\":\"NASE\",\"url\":\"https:\\\/\\\/www.naseprogram.org\\\/es\\\/\",\"logo\":{\"@type\":\"ImageObject\",\"inLanguage\":\"es\",\"@id\":\"https:\\\/\\\/www.naseprogram.org\\\/es\\\/#\\\/schema\\\/logo\\\/image\\\/\",\"url\":\"https:\\\/\\\/www.naseprogram.org\\\/wp-content\\\/uploads\\\/sites\\\/10\\\/2021\\\/12\\\/naselogo.png\",\"contentUrl\":\"https:\\\/\\\/www.naseprogram.org\\\/wp-content\\\/uploads\\\/sites\\\/10\\\/2021\\\/12\\\/naselogo.png\",\"width\":234,\"height\":91,\"caption\":\"NASE\"},\"image\":{\"@id\":\"https:\\\/\\\/www.naseprogram.org\\\/es\\\/#\\\/schema\\\/logo\\\/image\\\/\"}}]}<\/script>\n<!-- \/ Yoast SEO plugin. -->","yoast_head_json":{"title":"Encuentra tu Exoplaneta - NASE","robots":{"index":"index","follow":"follow","max-snippet":"max-snippet:-1","max-image-preview":"max-image-preview:large","max-video-preview":"max-video-preview:-1"},"canonical":"https:\/\/www.naseprogram.org\/es\/encuentra-tu-exoplaneta\/","og_locale":"es_ES","og_type":"article","og_title":"Encuentra tu Exoplaneta - NASE","og_description":"La propuesta de NASE para el D\u00eda Internacional de la Luz (IDL) de 2026 consiste en elegir un exoplaneta, investigar su naturaleza y debatir si podr\u00eda ser una segunda Tierra, utilizando los indicadores de la Misi\u00f3n Kepler. Parte de la propuesta consiste en reconocer c\u00f3mo los astr\u00f3nomos intentan detectar biofirmas.","og_url":"https:\/\/www.naseprogram.org\/es\/encuentra-tu-exoplaneta\/","og_site_name":"NASE","article_modified_time":"2026-03-23T00:28:58+00:00","twitter_card":"summary_large_image","twitter_misc":{"Tiempo de lectura":"1 minuto"},"schema":{"@context":"https:\/\/schema.org","@graph":[{"@type":"WebPage","@id":"https:\/\/www.naseprogram.org\/es\/encuentra-tu-exoplaneta\/","url":"https:\/\/www.naseprogram.org\/es\/encuentra-tu-exoplaneta\/","name":"Encuentra tu Exoplaneta - NASE","isPartOf":{"@id":"https:\/\/www.naseprogram.org\/es\/#website"},"datePublished":"2026-01-24T17:59:54+00:00","dateModified":"2026-03-23T00:28:58+00:00","breadcrumb":{"@id":"https:\/\/www.naseprogram.org\/es\/encuentra-tu-exoplaneta\/#breadcrumb"},"inLanguage":"es","potentialAction":[{"@type":"ReadAction","target":["https:\/\/www.naseprogram.org\/es\/encuentra-tu-exoplaneta\/"]}]},{"@type":"BreadcrumbList","@id":"https:\/\/www.naseprogram.org\/es\/encuentra-tu-exoplaneta\/#breadcrumb","itemListElement":[{"@type":"ListItem","position":1,"name":"Home","item":"https:\/\/www.naseprogram.org\/es\/"},{"@type":"ListItem","position":2,"name":"Encuentra tu Exoplaneta"}]},{"@type":"WebSite","@id":"https:\/\/www.naseprogram.org\/es\/#website","url":"https:\/\/www.naseprogram.org\/es\/","name":"NASE","description":"Network for Astronomy School Education","publisher":{"@id":"https:\/\/www.naseprogram.org\/es\/#organization"},"potentialAction":[{"@type":"SearchAction","target":{"@type":"EntryPoint","urlTemplate":"https:\/\/www.naseprogram.org\/es\/?s={search_term_string}"},"query-input":{"@type":"PropertyValueSpecification","valueRequired":true,"valueName":"search_term_string"}}],"inLanguage":"es"},{"@type":"Organization","@id":"https:\/\/www.naseprogram.org\/es\/#organization","name":"NASE","url":"https:\/\/www.naseprogram.org\/es\/","logo":{"@type":"ImageObject","inLanguage":"es","@id":"https:\/\/www.naseprogram.org\/es\/#\/schema\/logo\/image\/","url":"https:\/\/www.naseprogram.org\/wp-content\/uploads\/sites\/10\/2021\/12\/naselogo.png","contentUrl":"https:\/\/www.naseprogram.org\/wp-content\/uploads\/sites\/10\/2021\/12\/naselogo.png","width":234,"height":91,"caption":"NASE"},"image":{"@id":"https:\/\/www.naseprogram.org\/es\/#\/schema\/logo\/image\/"}}]}},"uagb_featured_image_src":{"full":false,"thumbnail":false,"medium":false,"medium_large":false,"large":false,"1536x1536":false,"2048x2048":false},"uagb_author_info":{"display_name":"NASE","author_link":"https:\/\/www.naseprogram.org\/es\/author\/nase1\/"},"uagb_comment_info":0,"uagb_excerpt":"La propuesta de NASE para el D\u00eda Internacional de la Luz (IDL) de 2026 consiste en elegir un exoplaneta, investigar su naturaleza y debatir si podr\u00eda ser una segunda Tierra, utilizando los indicadores de la Misi\u00f3n Kepler. Parte de la propuesta consiste en reconocer c\u00f3mo los astr\u00f3nomos intentan detectar biofirmas.","_links":{"self":[{"href":"https:\/\/www.naseprogram.org\/es\/wp-json\/wp\/v2\/pages\/669929","targetHints":{"allow":["GET"]}}],"collection":[{"href":"https:\/\/www.naseprogram.org\/es\/wp-json\/wp\/v2\/pages"}],"about":[{"href":"https:\/\/www.naseprogram.org\/es\/wp-json\/wp\/v2\/types\/page"}],"author":[{"embeddable":true,"href":"https:\/\/www.naseprogram.org\/es\/wp-json\/wp\/v2\/users\/15"}],"replies":[{"embeddable":true,"href":"https:\/\/www.naseprogram.org\/es\/wp-json\/wp\/v2\/comments?post=669929"}],"version-history":[{"count":3,"href":"https:\/\/www.naseprogram.org\/es\/wp-json\/wp\/v2\/pages\/669929\/revisions"}],"predecessor-version":[{"id":680736,"href":"https:\/\/www.naseprogram.org\/es\/wp-json\/wp\/v2\/pages\/669929\/revisions\/680736"}],"wp:attachment":[{"href":"https:\/\/www.naseprogram.org\/es\/wp-json\/wp\/v2\/media?parent=669929"}],"curies":[{"name":"wp","href":"https:\/\/api.w.org\/{rel}","templated":true}]}}