{"id":619768,"date":"2021-12-31T10:45:57","date_gmt":"2021-12-31T13:45:57","guid":{"rendered":"https:\/\/www.naseprogram.org\/nase-introduction\/"},"modified":"2025-10-18T12:43:41","modified_gmt":"2025-10-18T15:43:41","slug":"nase-introduction","status":"publish","type":"page","link":"https:\/\/www.naseprogram.org\/et\/nase-introduction\/","title":{"rendered":"NASE sissejuhatus"},"content":{"rendered":"\n<p class=\"has-amarillo-nase-background-color has-background\"><strong>NASE (Network for Astronomy School Education) on t\u00f6\u00f6r\u00fchm, mis osaleb funktsionaalses t\u00f6\u00f6r\u00fchmas \u201eP\u00f5hialgatused hariduses, teavitust\u00f6\u00f6s ja arendustegevuses\u201c IAU (Rahvusvaheline Astronoomia Liit) C divisjonis.<\/strong><\/p>\n\n\n\n<p>NASE peamine eesm\u00e4rk on harida uusi \u00f5petajate p\u00f5lvkondi ja t\u00e4iendada praeguseid \u00f5petajaid. Teeme koost\u00f6\u00f6d \u00fclikooli professoritega tulevaste \u00f5petajate koolitamiseks ning teeme koost\u00f6\u00f6d haridusosakondadega, et koolitada kogenud alg- ja p\u00f5hikooli \u00f5petajaid.<\/p>\n\n\n\n<p>Osalejad on 40\u201350 \u00f5petajat alg- ja \u00fcldharidusest vastuv\u00f5tvas riigis, jagatud kahte r\u00fchma n\u00e4ost-n\u00e4kku kursuste t\u00f6\u00f6tubade jaoks. Veebikursustel numbrilisi piiranguid ei ole.<\/p>\n\n\n\n<p>Juhendajad on NASE liikmed ning vastuv\u00f5tva riigi\/linna \u00f5petajad.<\/p>\n\n\n\n<p>NASE suurim saavutus on Kohaliku T\u00f6\u00f6r\u00fchma (LWG) loomine, mis korraldab kursuseid ja muid tegevusi ning saavutab autonoomsuse 2\u20133 aasta jooksul. Kohalikud instruktorid on kohe osa NASE kohaliku r\u00fchmast ning vastutavad r\u00fchma tegevuste j\u00e4tkusuutlikkuse tagamiseks regulaarsete koosolekute l\u00e4biviimise eest.<\/p>\n\n\n\n<p>Kursuse keel saab olema ametlik keel korraldajariigis.<\/p>\n\n\n\n<p><\/p>\n","protected":false},"excerpt":{"rendered":"<p>NASE (Network for Astronomy School Education) on t\u00f6\u00f6r\u00fchm, mis osaleb funktsionaalses t\u00f6\u00f6r\u00fchmas \u201eP\u00f5hialgatused hariduses, teavitust\u00f6\u00f6s ja arendustegevuses\u201c IAU (Rahvusvaheline Astronoomia Liit) C divisjonis. NASE peamine eesm\u00e4rk on harida uusi \u00f5petajate p\u00f5lvkondi ja t\u00e4iendada praeguseid \u00f5petajaid. Teeme koost\u00f6\u00f6d \u00fclikooli professoritega tulevaste \u00f5petajate koolitamiseks ning teeme koost\u00f6\u00f6d haridusosakondadega, et koolitada kogenud alg- ja p\u00f5hikooli \u00f5petajaid. Osalejad on &#8230; <a title=\"NASE sissejuhatus\" class=\"read-more\" href=\"https:\/\/www.naseprogram.org\/et\/nase-introduction\/\" aria-label=\"More on NASE sissejuhatus\">Read more<\/a><\/p>\n","protected":false},"author":12,"featured_media":0,"parent":0,"menu_order":0,"comment_status":"closed","ping_status":"closed","template":"","meta":{"_uag_custom_page_level_css":"","_coblocks_attr":"","_coblocks_dimensions":"","_coblocks_responsive_height":"","_coblocks_accordion_ie_support":"","footnotes":""},"class_list":["post-619768","page","type-page","status-publish"],"acf":[],"yoast_head":"<!-- This site is optimized with the Yoast SEO plugin v27.5 - https:\/\/yoast.com\/product\/yoast-seo-wordpress\/ -->\n<title>NASE sissejuhatus - NASE<\/title>\n<meta name=\"robots\" content=\"index, follow, max-snippet:-1, max-image-preview:large, max-video-preview:-1\" \/>\n<link rel=\"canonical\" href=\"https:\/\/www.naseprogram.org\/et\/nase-introduction\/\" \/>\n<meta property=\"og:locale\" content=\"et_EE\" \/>\n<meta property=\"og:type\" content=\"article\" \/>\n<meta property=\"og:title\" content=\"NASE sissejuhatus - NASE\" \/>\n<meta property=\"og:description\" content=\"NASE (Network for Astronomy School Education) on t\u00f6\u00f6r\u00fchm, mis osaleb funktsionaalses t\u00f6\u00f6r\u00fchmas \u201eP\u00f5hialgatused hariduses, teavitust\u00f6\u00f6s ja arendustegevuses\u201c IAU (Rahvusvaheline Astronoomia Liit) C divisjonis. NASE peamine eesm\u00e4rk on harida uusi \u00f5petajate p\u00f5lvkondi ja t\u00e4iendada praeguseid \u00f5petajaid. Teeme koost\u00f6\u00f6d \u00fclikooli professoritega tulevaste \u00f5petajate koolitamiseks ning teeme koost\u00f6\u00f6d haridusosakondadega, et koolitada kogenud alg- ja p\u00f5hikooli \u00f5petajaid. Osalejad on ... Read more\" \/>\n<meta property=\"og:url\" content=\"https:\/\/www.naseprogram.org\/et\/nase-introduction\/\" \/>\n<meta property=\"og:site_name\" content=\"NASE\" \/>\n<meta property=\"article:modified_time\" content=\"2025-10-18T15:43:41+00:00\" \/>\n<meta name=\"twitter:card\" content=\"summary_large_image\" \/>\n<meta name=\"twitter:label1\" content=\"Est. reading time\" \/>\n\t<meta name=\"twitter:data1\" content=\"1 minut\" \/>\n<script type=\"application\/ld+json\" class=\"yoast-schema-graph\">{\"@context\":\"https:\\\/\\\/schema.org\",\"@graph\":[{\"@type\":\"WebPage\",\"@id\":\"https:\\\/\\\/www.naseprogram.org\\\/et\\\/nase-introduction\\\/\",\"url\":\"https:\\\/\\\/www.naseprogram.org\\\/et\\\/nase-introduction\\\/\",\"name\":\"NASE sissejuhatus - NASE\",\"isPartOf\":{\"@id\":\"https:\\\/\\\/www.naseprogram.org\\\/et\\\/#website\"},\"datePublished\":\"2021-12-31T13:45:57+00:00\",\"dateModified\":\"2025-10-18T15:43:41+00:00\",\"breadcrumb\":{\"@id\":\"https:\\\/\\\/www.naseprogram.org\\\/et\\\/nase-introduction\\\/#breadcrumb\"},\"inLanguage\":\"et\",\"potentialAction\":[{\"@type\":\"ReadAction\",\"target\":[\"https:\\\/\\\/www.naseprogram.org\\\/et\\\/nase-introduction\\\/\"]}]},{\"@type\":\"BreadcrumbList\",\"@id\":\"https:\\\/\\\/www.naseprogram.org\\\/et\\\/nase-introduction\\\/#breadcrumb\",\"itemListElement\":[{\"@type\":\"ListItem\",\"position\":1,\"name\":\"Home\",\"item\":\"https:\\\/\\\/www.naseprogram.org\\\/et\\\/\"},{\"@type\":\"ListItem\",\"position\":2,\"name\":\"NASE sissejuhatus\"}]},{\"@type\":\"WebSite\",\"@id\":\"https:\\\/\\\/www.naseprogram.org\\\/et\\\/#website\",\"url\":\"https:\\\/\\\/www.naseprogram.org\\\/et\\\/\",\"name\":\"NASE\",\"description\":\"Network for Astronomy School Education\",\"publisher\":{\"@id\":\"https:\\\/\\\/www.naseprogram.org\\\/et\\\/#organization\"},\"potentialAction\":[{\"@type\":\"SearchAction\",\"target\":{\"@type\":\"EntryPoint\",\"urlTemplate\":\"https:\\\/\\\/www.naseprogram.org\\\/et\\\/?s={search_term_string}\"},\"query-input\":{\"@type\":\"PropertyValueSpecification\",\"valueRequired\":true,\"valueName\":\"search_term_string\"}}],\"inLanguage\":\"et\"},{\"@type\":\"Organization\",\"@id\":\"https:\\\/\\\/www.naseprogram.org\\\/et\\\/#organization\",\"name\":\"NASE\",\"url\":\"https:\\\/\\\/www.naseprogram.org\\\/et\\\/\",\"logo\":{\"@type\":\"ImageObject\",\"inLanguage\":\"et\",\"@id\":\"https:\\\/\\\/www.naseprogram.org\\\/et\\\/#\\\/schema\\\/logo\\\/image\\\/\",\"url\":\"https:\\\/\\\/www.naseprogram.org\\\/wp-content\\\/uploads\\\/sites\\\/10\\\/2021\\\/12\\\/naselogo.png\",\"contentUrl\":\"https:\\\/\\\/www.naseprogram.org\\\/wp-content\\\/uploads\\\/sites\\\/10\\\/2021\\\/12\\\/naselogo.png\",\"width\":234,\"height\":91,\"caption\":\"NASE\"},\"image\":{\"@id\":\"https:\\\/\\\/www.naseprogram.org\\\/et\\\/#\\\/schema\\\/logo\\\/image\\\/\"}}]}<\/script>\n<!-- \/ Yoast SEO plugin. -->","yoast_head_json":{"title":"NASE sissejuhatus - NASE","robots":{"index":"index","follow":"follow","max-snippet":"max-snippet:-1","max-image-preview":"max-image-preview:large","max-video-preview":"max-video-preview:-1"},"canonical":"https:\/\/www.naseprogram.org\/et\/nase-introduction\/","og_locale":"et_EE","og_type":"article","og_title":"NASE sissejuhatus - NASE","og_description":"NASE (Network for Astronomy School Education) on t\u00f6\u00f6r\u00fchm, mis osaleb funktsionaalses t\u00f6\u00f6r\u00fchmas \u201eP\u00f5hialgatused hariduses, teavitust\u00f6\u00f6s ja arendustegevuses\u201c IAU (Rahvusvaheline Astronoomia Liit) C divisjonis. NASE peamine eesm\u00e4rk on harida uusi \u00f5petajate p\u00f5lvkondi ja t\u00e4iendada praeguseid \u00f5petajaid. Teeme koost\u00f6\u00f6d \u00fclikooli professoritega tulevaste \u00f5petajate koolitamiseks ning teeme koost\u00f6\u00f6d haridusosakondadega, et koolitada kogenud alg- ja p\u00f5hikooli \u00f5petajaid. Osalejad on ... Read more","og_url":"https:\/\/www.naseprogram.org\/et\/nase-introduction\/","og_site_name":"NASE","article_modified_time":"2025-10-18T15:43:41+00:00","twitter_card":"summary_large_image","twitter_misc":{"Est. reading time":"1 minut"},"schema":{"@context":"https:\/\/schema.org","@graph":[{"@type":"WebPage","@id":"https:\/\/www.naseprogram.org\/et\/nase-introduction\/","url":"https:\/\/www.naseprogram.org\/et\/nase-introduction\/","name":"NASE sissejuhatus - NASE","isPartOf":{"@id":"https:\/\/www.naseprogram.org\/et\/#website"},"datePublished":"2021-12-31T13:45:57+00:00","dateModified":"2025-10-18T15:43:41+00:00","breadcrumb":{"@id":"https:\/\/www.naseprogram.org\/et\/nase-introduction\/#breadcrumb"},"inLanguage":"et","potentialAction":[{"@type":"ReadAction","target":["https:\/\/www.naseprogram.org\/et\/nase-introduction\/"]}]},{"@type":"BreadcrumbList","@id":"https:\/\/www.naseprogram.org\/et\/nase-introduction\/#breadcrumb","itemListElement":[{"@type":"ListItem","position":1,"name":"Home","item":"https:\/\/www.naseprogram.org\/et\/"},{"@type":"ListItem","position":2,"name":"NASE sissejuhatus"}]},{"@type":"WebSite","@id":"https:\/\/www.naseprogram.org\/et\/#website","url":"https:\/\/www.naseprogram.org\/et\/","name":"NASE","description":"Network for Astronomy School Education","publisher":{"@id":"https:\/\/www.naseprogram.org\/et\/#organization"},"potentialAction":[{"@type":"SearchAction","target":{"@type":"EntryPoint","urlTemplate":"https:\/\/www.naseprogram.org\/et\/?s={search_term_string}"},"query-input":{"@type":"PropertyValueSpecification","valueRequired":true,"valueName":"search_term_string"}}],"inLanguage":"et"},{"@type":"Organization","@id":"https:\/\/www.naseprogram.org\/et\/#organization","name":"NASE","url":"https:\/\/www.naseprogram.org\/et\/","logo":{"@type":"ImageObject","inLanguage":"et","@id":"https:\/\/www.naseprogram.org\/et\/#\/schema\/logo\/image\/","url":"https:\/\/www.naseprogram.org\/wp-content\/uploads\/sites\/10\/2021\/12\/naselogo.png","contentUrl":"https:\/\/www.naseprogram.org\/wp-content\/uploads\/sites\/10\/2021\/12\/naselogo.png","width":234,"height":91,"caption":"NASE"},"image":{"@id":"https:\/\/www.naseprogram.org\/et\/#\/schema\/logo\/image\/"}}]}},"uagb_featured_image_src":{"full":false,"thumbnail":false,"medium":false,"medium_large":false,"large":false,"1536x1536":false,"2048x2048":false},"uagb_author_info":{"display_name":"lifetimemedia","author_link":"https:\/\/www.naseprogram.org\/et\/author\/lifetimemedia\/"},"uagb_comment_info":0,"uagb_excerpt":"NASE (Network for Astronomy School Education) on t\u00f6\u00f6r\u00fchm, mis osaleb funktsionaalses t\u00f6\u00f6r\u00fchmas \u201eP\u00f5hialgatused hariduses, teavitust\u00f6\u00f6s ja arendustegevuses\u201c IAU (Rahvusvaheline Astronoomia Liit) C divisjonis. NASE peamine eesm\u00e4rk on harida uusi \u00f5petajate p\u00f5lvkondi ja t\u00e4iendada praeguseid \u00f5petajaid. Teeme koost\u00f6\u00f6d \u00fclikooli professoritega tulevaste \u00f5petajate koolitamiseks ning teeme koost\u00f6\u00f6d haridusosakondadega, et koolitada kogenud alg- ja p\u00f5hikooli \u00f5petajaid. Osalejad on&hellip;","_links":{"self":[{"href":"https:\/\/www.naseprogram.org\/et\/wp-json\/wp\/v2\/pages\/619768","targetHints":{"allow":["GET"]}}],"collection":[{"href":"https:\/\/www.naseprogram.org\/et\/wp-json\/wp\/v2\/pages"}],"about":[{"href":"https:\/\/www.naseprogram.org\/et\/wp-json\/wp\/v2\/types\/page"}],"author":[{"embeddable":true,"href":"https:\/\/www.naseprogram.org\/et\/wp-json\/wp\/v2\/users\/12"}],"replies":[{"embeddable":true,"href":"https:\/\/www.naseprogram.org\/et\/wp-json\/wp\/v2\/comments?post=619768"}],"version-history":[{"count":2,"href":"https:\/\/www.naseprogram.org\/et\/wp-json\/wp\/v2\/pages\/619768\/revisions"}],"predecessor-version":[{"id":619852,"href":"https:\/\/www.naseprogram.org\/et\/wp-json\/wp\/v2\/pages\/619768\/revisions\/619852"}],"wp:attachment":[{"href":"https:\/\/www.naseprogram.org\/et\/wp-json\/wp\/v2\/media?parent=619768"}],"curies":[{"name":"wp","href":"https:\/\/api.w.org\/{rel}","templated":true}]}}