{"id":251237,"date":"2022-02-06T11:25:00","date_gmt":"2022-02-06T14:25:00","guid":{"rendered":"https:\/\/naseprogram.wp-ms.ahuekna.org.ar\/?page_id=251237"},"modified":"2022-07-04T17:24:54","modified_gmt":"2022-07-04T15:24:54","slug":"supplementary-material-links","status":"publish","type":"page","link":"https:\/\/www.naseprogram.org\/fa\/%d9%85%d9%88%d8%a7%d8%af-%d8%a7%d9%85%d9%88%d8%b2%d8%b4%db%8c-%d8%aa%da%a9%d9%85%db%8c%d9%84%db%8c\/supplementary-material-links\/","title":{"rendered":"Supplementary material: links"},"content":{"rendered":"\n<ul class=\"wp-block-list\"><li><a href=\"http:\/\/www.esa.int\/esaKIDSes\/\" target=\"_blank\" rel=\"noreferrer noopener\">ESA para ni\u00f1os<\/a><\/li><li><a href=\"http:\/\/es.unawe.org\" target=\"_blank\" rel=\"noreferrer noopener\">EU-UNAWE<\/a><\/li><li><a href=\"http:\/\/www.sea-astronomia.es\/drupal\/?q=glosario\" target=\"_blank\" rel=\"noreferrer noopener\">Glosario de astronom\u00eda<\/a><\/li><li><a href=\"http:\/\/www.astronomia2009.es\/Noticias_AIA-IYA2009\/Inauguracion_de_la_Exposicion_.html\" target=\"_blank\" rel=\"noreferrer noopener\">Con &#8220;A&#8221; de astr\u00f3nomas<\/a><\/li><li><a href=\"http:\/\/www.tierrayestrellas.com\" target=\"_blank\" rel=\"noreferrer noopener\">Tierra y estrellas (im\u00e1genes espectaculares)<\/a><\/li><li><a href=\"http:\/\/es-us.noticias.yahoo.com\/video\/la-tierra-canta-nasa-graba-175724064.html\" target=\"_blank\" rel=\"noreferrer noopener\">La Tierra canta<\/a><\/li><li><a href=\"http:\/\/sky-live.tv\/\" target=\"_blank\" rel=\"noreferrer noopener\">Retransmisi\u00f3 del eclipse total solar (13\/11\/2012)<\/a><\/li><li><a href=\"http:\/\/fisica.usac.edu.gt\/~cifuentes\/mayas\/index.html\" target=\"_blank\" rel=\"noreferrer noopener\">Astronom\u00eda, calendario y la matem\u00e1tica de los mayas<\/a><\/li><li><a href=\"http:\/\/gaiavideo.ub.edu\/index.html\" target=\"_blank\" rel=\"noreferrer noopener\">Gaia Videos<\/a><\/li><li><a href=\"https:\/\/www.youtube.com\/watch?v=zR3Igc3Rhfg&amp;feature=youtu.be\" target=\"_blank\" rel=\"noreferrer noopener\">Sistema Solar a escala<\/a><\/li><li><a href=\"https:\/\/www.youtube.com\/playlist?list=PL3gyEHNyUJXNEcoiPUzSCwEXd4KptP1Rf\" target=\"_blank\" rel=\"noreferrer noopener\">Videos de astronom\u00eda pr\u00e1ctica<\/a><\/li><li><a href=\"https:\/\/www.youtube.com\/watch?v=oIMMZl4n-uk\" target=\"_blank\" rel=\"noreferrer noopener\">Una &#8220;ca\u00edda de bola&#8221; de 1 kil\u00f3metro en cuerpos del Sistema Solar<\/a><\/li><li><a href=\"https:\/\/www.youtube.com\/watch?v=qhJrpzsKEXo\" target=\"_blank\" rel=\"noreferrer noopener\">Los ocho planetas<\/a><\/li><\/ul>\n","protected":false},"excerpt":{"rendered":"<p>ESA para ni\u00f1os EU-UNAWE Glosario de astronom\u00eda Con &#8220;A&#8221; de astr\u00f3nomas Tierra y estrellas (im\u00e1genes espectaculares) La Tierra canta Retransmisi\u00f3 del eclipse total solar (13\/11\/2012) Astronom\u00eda, calendario y la matem\u00e1tica de los mayas Gaia Videos Sistema Solar a escala Videos de astronom\u00eda pr\u00e1ctica Una &#8220;ca\u00edda de bola&#8221; de 1 kil\u00f3metro en cuerpos del Sistema Solar &#8230; <a title=\"Supplementary material: links\" class=\"read-more\" href=\"https:\/\/www.naseprogram.org\/fa\/%d9%85%d9%88%d8%a7%d8%af-%d8%a7%d9%85%d9%88%d8%b2%d8%b4%db%8c-%d8%aa%da%a9%d9%85%db%8c%d9%84%db%8c\/supplementary-material-links\/\" aria-label=\"More on Supplementary material: links\">Read more<\/a><\/p>\n","protected":false},"author":13,"featured_media":0,"parent":251231,"menu_order":0,"comment_status":"closed","ping_status":"closed","template":"","meta":{"_uag_custom_page_level_css":"","_coblocks_attr":"","_coblocks_dimensions":"","_coblocks_responsive_height":"","_coblocks_accordion_ie_support":"","footnotes":""},"class_list":["post-251237","page","type-page","status-publish"],"acf":[],"yoast_head":"<!-- This site is optimized with the Yoast SEO plugin v27.3 - https:\/\/yoast.com\/product\/yoast-seo-wordpress\/ -->\n<title>Supplementary material: links - NASE<\/title>\n<meta name=\"robots\" content=\"index, follow, max-snippet:-1, max-image-preview:large, max-video-preview:-1\" \/>\n<link rel=\"canonical\" href=\"https:\/\/www.naseprogram.org\/fa\/%d9%85%d9%88%d8%a7%d8%af-%d8%a7%d9%85%d9%88%d8%b2%d8%b4%db%8c-%d8%aa%da%a9%d9%85%db%8c%d9%84%db%8c\/supplementary-material-links\/\" \/>\n<meta property=\"og:locale\" content=\"fa_IR\" \/>\n<meta property=\"og:type\" content=\"article\" \/>\n<meta property=\"og:title\" content=\"Supplementary material: links - NASE\" \/>\n<meta property=\"og:description\" content=\"ESA para ni\u00f1os EU-UNAWE Glosario de astronom\u00eda Con &#8220;A&#8221; de astr\u00f3nomas Tierra y estrellas (im\u00e1genes espectaculares) La Tierra canta Retransmisi\u00f3 del eclipse total solar (13\/11\/2012) Astronom\u00eda, calendario y la matem\u00e1tica de los mayas Gaia Videos Sistema Solar a escala Videos de astronom\u00eda pr\u00e1ctica Una &#8220;ca\u00edda de bola&#8221; de 1 kil\u00f3metro en cuerpos del Sistema Solar ... Read more\" \/>\n<meta property=\"og:url\" content=\"https:\/\/www.naseprogram.org\/fa\/%d9%85%d9%88%d8%a7%d8%af-%d8%a7%d9%85%d9%88%d8%b2%d8%b4%db%8c-%d8%aa%da%a9%d9%85%db%8c%d9%84%db%8c\/supplementary-material-links\/\" \/>\n<meta property=\"og:site_name\" content=\"NASE\" \/>\n<meta property=\"article:modified_time\" content=\"2022-07-04T15:24:54+00:00\" \/>\n<meta name=\"twitter:card\" content=\"summary_large_image\" \/>\n<meta name=\"twitter:label1\" content=\"\u0632\u0645\u0627\u0646 \u062a\u0642\u0631\u06cc\u0628\u06cc \u0628\u0631\u0627\u06cc \u062e\u0648\u0627\u0646\u062f\u0646\" \/>\n\t<meta name=\"twitter:data1\" content=\"1 \u062f\u0642\u06cc\u0642\u0647\" \/>\n<script type=\"application\/ld+json\" class=\"yoast-schema-graph\">{\"@context\":\"https:\\\/\\\/schema.org\",\"@graph\":[{\"@type\":\"WebPage\",\"@id\":\"https:\\\/\\\/www.naseprogram.org\\\/fa\\\/%d9%85%d9%88%d8%a7%d8%af-%d8%a7%d9%85%d9%88%d8%b2%d8%b4%db%8c-%d8%aa%da%a9%d9%85%db%8c%d9%84%db%8c\\\/supplementary-material-links\\\/\",\"url\":\"https:\\\/\\\/www.naseprogram.org\\\/fa\\\/%d9%85%d9%88%d8%a7%d8%af-%d8%a7%d9%85%d9%88%d8%b2%d8%b4%db%8c-%d8%aa%da%a9%d9%85%db%8c%d9%84%db%8c\\\/supplementary-material-links\\\/\",\"name\":\"Supplementary material: links - NASE\",\"isPartOf\":{\"@id\":\"https:\\\/\\\/www.naseprogram.org\\\/fa\\\/#website\"},\"datePublished\":\"2022-02-06T14:25:00+00:00\",\"dateModified\":\"2022-07-04T15:24:54+00:00\",\"breadcrumb\":{\"@id\":\"https:\\\/\\\/www.naseprogram.org\\\/fa\\\/%d9%85%d9%88%d8%a7%d8%af-%d8%a7%d9%85%d9%88%d8%b2%d8%b4%db%8c-%d8%aa%da%a9%d9%85%db%8c%d9%84%db%8c\\\/supplementary-material-links\\\/#breadcrumb\"},\"inLanguage\":\"fa-IR\",\"potentialAction\":[{\"@type\":\"ReadAction\",\"target\":[\"https:\\\/\\\/www.naseprogram.org\\\/fa\\\/%d9%85%d9%88%d8%a7%d8%af-%d8%a7%d9%85%d9%88%d8%b2%d8%b4%db%8c-%d8%aa%da%a9%d9%85%db%8c%d9%84%db%8c\\\/supplementary-material-links\\\/\"]}]},{\"@type\":\"BreadcrumbList\",\"@id\":\"https:\\\/\\\/www.naseprogram.org\\\/fa\\\/%d9%85%d9%88%d8%a7%d8%af-%d8%a7%d9%85%d9%88%d8%b2%d8%b4%db%8c-%d8%aa%da%a9%d9%85%db%8c%d9%84%db%8c\\\/supplementary-material-links\\\/#breadcrumb\",\"itemListElement\":[{\"@type\":\"ListItem\",\"position\":1,\"name\":\"Home\",\"item\":\"https:\\\/\\\/www.naseprogram.org\\\/fa\\\/\"},{\"@type\":\"ListItem\",\"position\":2,\"name\":\"\u0645\u0648\u0627\u062f \u0627\u0645\u0648\u0632\u0634\u06cc \u062a\u06a9\u0645\u06cc\u0644\u06cc\",\"item\":\"https:\\\/\\\/www.naseprogram.org\\\/fa\\\/%d9%85%d9%88%d8%a7%d8%af-%d8%a7%d9%85%d9%88%d8%b2%d8%b4%db%8c-%d8%aa%da%a9%d9%85%db%8c%d9%84%db%8c\\\/\"},{\"@type\":\"ListItem\",\"position\":3,\"name\":\"Supplementary material: links\"}]},{\"@type\":\"WebSite\",\"@id\":\"https:\\\/\\\/www.naseprogram.org\\\/fa\\\/#website\",\"url\":\"https:\\\/\\\/www.naseprogram.org\\\/fa\\\/\",\"name\":\"NASE\",\"description\":\"Network for Astronomy School Education\",\"publisher\":{\"@id\":\"https:\\\/\\\/www.naseprogram.org\\\/fa\\\/#organization\"},\"potentialAction\":[{\"@type\":\"SearchAction\",\"target\":{\"@type\":\"EntryPoint\",\"urlTemplate\":\"https:\\\/\\\/www.naseprogram.org\\\/fa\\\/?s={search_term_string}\"},\"query-input\":{\"@type\":\"PropertyValueSpecification\",\"valueRequired\":true,\"valueName\":\"search_term_string\"}}],\"inLanguage\":\"fa-IR\"},{\"@type\":\"Organization\",\"@id\":\"https:\\\/\\\/www.naseprogram.org\\\/fa\\\/#organization\",\"name\":\"NASE\",\"url\":\"https:\\\/\\\/www.naseprogram.org\\\/fa\\\/\",\"logo\":{\"@type\":\"ImageObject\",\"inLanguage\":\"fa-IR\",\"@id\":\"https:\\\/\\\/www.naseprogram.org\\\/fa\\\/#\\\/schema\\\/logo\\\/image\\\/\",\"url\":\"https:\\\/\\\/www.naseprogram.org\\\/wp-content\\\/uploads\\\/sites\\\/10\\\/2021\\\/12\\\/naselogo.png\",\"contentUrl\":\"https:\\\/\\\/www.naseprogram.org\\\/wp-content\\\/uploads\\\/sites\\\/10\\\/2021\\\/12\\\/naselogo.png\",\"width\":234,\"height\":91,\"caption\":\"NASE\"},\"image\":{\"@id\":\"https:\\\/\\\/www.naseprogram.org\\\/fa\\\/#\\\/schema\\\/logo\\\/image\\\/\"}}]}<\/script>\n<!-- \/ Yoast SEO plugin. -->","yoast_head_json":{"title":"Supplementary material: links - NASE","robots":{"index":"index","follow":"follow","max-snippet":"max-snippet:-1","max-image-preview":"max-image-preview:large","max-video-preview":"max-video-preview:-1"},"canonical":"https:\/\/www.naseprogram.org\/fa\/%d9%85%d9%88%d8%a7%d8%af-%d8%a7%d9%85%d9%88%d8%b2%d8%b4%db%8c-%d8%aa%da%a9%d9%85%db%8c%d9%84%db%8c\/supplementary-material-links\/","og_locale":"fa_IR","og_type":"article","og_title":"Supplementary material: links - NASE","og_description":"ESA para ni\u00f1os EU-UNAWE Glosario de astronom\u00eda Con &#8220;A&#8221; de astr\u00f3nomas Tierra y estrellas (im\u00e1genes espectaculares) La Tierra canta Retransmisi\u00f3 del eclipse total solar (13\/11\/2012) Astronom\u00eda, calendario y la matem\u00e1tica de los mayas Gaia Videos Sistema Solar a escala Videos de astronom\u00eda pr\u00e1ctica Una &#8220;ca\u00edda de bola&#8221; de 1 kil\u00f3metro en cuerpos del Sistema Solar ... Read more","og_url":"https:\/\/www.naseprogram.org\/fa\/%d9%85%d9%88%d8%a7%d8%af-%d8%a7%d9%85%d9%88%d8%b2%d8%b4%db%8c-%d8%aa%da%a9%d9%85%db%8c%d9%84%db%8c\/supplementary-material-links\/","og_site_name":"NASE","article_modified_time":"2022-07-04T15:24:54+00:00","twitter_card":"summary_large_image","twitter_misc":{"\u0632\u0645\u0627\u0646 \u062a\u0642\u0631\u06cc\u0628\u06cc \u0628\u0631\u0627\u06cc \u062e\u0648\u0627\u0646\u062f\u0646":"1 \u062f\u0642\u06cc\u0642\u0647"},"schema":{"@context":"https:\/\/schema.org","@graph":[{"@type":"WebPage","@id":"https:\/\/www.naseprogram.org\/fa\/%d9%85%d9%88%d8%a7%d8%af-%d8%a7%d9%85%d9%88%d8%b2%d8%b4%db%8c-%d8%aa%da%a9%d9%85%db%8c%d9%84%db%8c\/supplementary-material-links\/","url":"https:\/\/www.naseprogram.org\/fa\/%d9%85%d9%88%d8%a7%d8%af-%d8%a7%d9%85%d9%88%d8%b2%d8%b4%db%8c-%d8%aa%da%a9%d9%85%db%8c%d9%84%db%8c\/supplementary-material-links\/","name":"Supplementary material: links - NASE","isPartOf":{"@id":"https:\/\/www.naseprogram.org\/fa\/#website"},"datePublished":"2022-02-06T14:25:00+00:00","dateModified":"2022-07-04T15:24:54+00:00","breadcrumb":{"@id":"https:\/\/www.naseprogram.org\/fa\/%d9%85%d9%88%d8%a7%d8%af-%d8%a7%d9%85%d9%88%d8%b2%d8%b4%db%8c-%d8%aa%da%a9%d9%85%db%8c%d9%84%db%8c\/supplementary-material-links\/#breadcrumb"},"inLanguage":"fa-IR","potentialAction":[{"@type":"ReadAction","target":["https:\/\/www.naseprogram.org\/fa\/%d9%85%d9%88%d8%a7%d8%af-%d8%a7%d9%85%d9%88%d8%b2%d8%b4%db%8c-%d8%aa%da%a9%d9%85%db%8c%d9%84%db%8c\/supplementary-material-links\/"]}]},{"@type":"BreadcrumbList","@id":"https:\/\/www.naseprogram.org\/fa\/%d9%85%d9%88%d8%a7%d8%af-%d8%a7%d9%85%d9%88%d8%b2%d8%b4%db%8c-%d8%aa%da%a9%d9%85%db%8c%d9%84%db%8c\/supplementary-material-links\/#breadcrumb","itemListElement":[{"@type":"ListItem","position":1,"name":"Home","item":"https:\/\/www.naseprogram.org\/fa\/"},{"@type":"ListItem","position":2,"name":"\u0645\u0648\u0627\u062f \u0627\u0645\u0648\u0632\u0634\u06cc \u062a\u06a9\u0645\u06cc\u0644\u06cc","item":"https:\/\/www.naseprogram.org\/fa\/%d9%85%d9%88%d8%a7%d8%af-%d8%a7%d9%85%d9%88%d8%b2%d8%b4%db%8c-%d8%aa%da%a9%d9%85%db%8c%d9%84%db%8c\/"},{"@type":"ListItem","position":3,"name":"Supplementary material: links"}]},{"@type":"WebSite","@id":"https:\/\/www.naseprogram.org\/fa\/#website","url":"https:\/\/www.naseprogram.org\/fa\/","name":"NASE","description":"Network for Astronomy School Education","publisher":{"@id":"https:\/\/www.naseprogram.org\/fa\/#organization"},"potentialAction":[{"@type":"SearchAction","target":{"@type":"EntryPoint","urlTemplate":"https:\/\/www.naseprogram.org\/fa\/?s={search_term_string}"},"query-input":{"@type":"PropertyValueSpecification","valueRequired":true,"valueName":"search_term_string"}}],"inLanguage":"fa-IR"},{"@type":"Organization","@id":"https:\/\/www.naseprogram.org\/fa\/#organization","name":"NASE","url":"https:\/\/www.naseprogram.org\/fa\/","logo":{"@type":"ImageObject","inLanguage":"fa-IR","@id":"https:\/\/www.naseprogram.org\/fa\/#\/schema\/logo\/image\/","url":"https:\/\/www.naseprogram.org\/wp-content\/uploads\/sites\/10\/2021\/12\/naselogo.png","contentUrl":"https:\/\/www.naseprogram.org\/wp-content\/uploads\/sites\/10\/2021\/12\/naselogo.png","width":234,"height":91,"caption":"NASE"},"image":{"@id":"https:\/\/www.naseprogram.org\/fa\/#\/schema\/logo\/image\/"}}]}},"uagb_featured_image_src":{"full":false,"thumbnail":false,"medium":false,"medium_large":false,"large":false,"1536x1536":false,"2048x2048":false},"uagb_author_info":{"display_name":"Willy Valentin","author_link":"https:\/\/www.naseprogram.org\/fa\/author\/willyvalen\/"},"uagb_comment_info":0,"uagb_excerpt":"ESA para ni\u00f1os EU-UNAWE Glosario de astronom\u00eda Con &#8220;A&#8221; de astr\u00f3nomas Tierra y estrellas (im\u00e1genes espectaculares) La Tierra canta Retransmisi\u00f3 del eclipse total solar (13\/11\/2012) Astronom\u00eda, calendario y la matem\u00e1tica de los mayas Gaia Videos Sistema Solar a escala Videos de astronom\u00eda pr\u00e1ctica Una &#8220;ca\u00edda de bola&#8221; de 1 kil\u00f3metro en cuerpos del Sistema Solar&hellip;","_links":{"self":[{"href":"https:\/\/www.naseprogram.org\/fa\/wp-json\/wp\/v2\/pages\/251237","targetHints":{"allow":["GET"]}}],"collection":[{"href":"https:\/\/www.naseprogram.org\/fa\/wp-json\/wp\/v2\/pages"}],"about":[{"href":"https:\/\/www.naseprogram.org\/fa\/wp-json\/wp\/v2\/types\/page"}],"author":[{"embeddable":true,"href":"https:\/\/www.naseprogram.org\/fa\/wp-json\/wp\/v2\/users\/13"}],"replies":[{"embeddable":true,"href":"https:\/\/www.naseprogram.org\/fa\/wp-json\/wp\/v2\/comments?post=251237"}],"version-history":[{"count":1,"href":"https:\/\/www.naseprogram.org\/fa\/wp-json\/wp\/v2\/pages\/251237\/revisions"}],"predecessor-version":[{"id":251238,"href":"https:\/\/www.naseprogram.org\/fa\/wp-json\/wp\/v2\/pages\/251237\/revisions\/251238"}],"up":[{"embeddable":true,"href":"https:\/\/www.naseprogram.org\/fa\/wp-json\/wp\/v2\/pages\/251231"}],"wp:attachment":[{"href":"https:\/\/www.naseprogram.org\/fa\/wp-json\/wp\/v2\/media?parent=251237"}],"curies":[{"name":"wp","href":"https:\/\/api.w.org\/{rel}","templated":true}]}}