{"id":366264,"date":"2021-12-31T10:46:21","date_gmt":"2021-12-31T13:46:21","guid":{"rendered":"https:\/\/www.naseprogram.org\/content-and-modalities\/"},"modified":"2023-03-11T14:57:01","modified_gmt":"2023-03-11T17:57:01","slug":"content-and-modalities","status":"publish","type":"page","link":"https:\/\/www.naseprogram.org\/fi\/content-and-modalities\/","title":{"rendered":"Sis\u00e4lt\u00f6 ja toimintatavat"},"content":{"rendered":"\n<p><strong>TAVOITE<\/strong><\/p>\n\n\n\n<p>NASE:n maksuttomien kurssien p\u00e4\u00e4tavoitteena on edist\u00e4\u00e4 t\u00e4htitieteen opettajien (peruskoulun, toisen asteen ja yliopistojen) opetusta ja edist\u00e4\u00e4 tieteenalan aktiivista opettamista\/oppimista mallien ja ilmi\u00f6iden havainnoinnin avulla.<\/p>\n\n\n\n<p><strong>VAADITTAVAT VAATIMUKSET JA\/TAI TY\u00d6KOKEMUS<\/strong><\/p>\n\n\n\n<p>Peruskoulun opettajat, toisen asteen opettajat kaikilla aloilla, korkea-asteen opettajat (luonnontieteiden opettajat) ja muut vastaavat keskeiset yliopistourat, opettajien jatkokurssien opiskelijat.<\/p>\n\n\n\n<p>Aiempaa t\u00e4htitieteen tuntemusta ei tarvita.<\/p>\n\n\n\n<p><strong>FORMAT &#8211;<\/strong> (Kaikki kurssit voidaan suorittaa kasvokkain, verkossa tai hybridiopetuksena).<\/p>\n\n\n\n<p>T\u00e4htitieteen ja astrofysiikan yleiskurssi k\u00e4sitt\u00e4\u00e4 nelj\u00e4 p\u00e4iv\u00e4\u00e4 opetusta t\u00e4htitieteellisist\u00e4 perusk\u00e4sitteist\u00e4, ja siihen sis\u00e4ltyy havaintoja ja t\u00e4htitieteellinen retki. Tutustu 4 luokkaan, 10 ty\u00f6pajaan ja 3 ty\u00f6ryhm\u00e4\u00e4n.<\/p>\n","protected":false},"excerpt":{"rendered":"<p>TAVOITE NASE:n maksuttomien kurssien p\u00e4\u00e4tavoitteena on edist\u00e4\u00e4 t\u00e4htitieteen opettajien (peruskoulun, toisen asteen ja yliopistojen) opetusta ja edist\u00e4\u00e4 tieteenalan aktiivista opettamista\/oppimista mallien ja ilmi\u00f6iden havainnoinnin avulla. VAADITTAVAT VAATIMUKSET JA\/TAI TY\u00d6KOKEMUS Peruskoulun opettajat, toisen asteen opettajat kaikilla aloilla, korkea-asteen opettajat (luonnontieteiden opettajat) ja muut vastaavat keskeiset yliopistourat, opettajien jatkokurssien opiskelijat. Aiempaa t\u00e4htitieteen tuntemusta ei tarvita. FORMAT &#8211; &#8230; <a title=\"Sis\u00e4lt\u00f6 ja toimintatavat\" class=\"read-more\" href=\"https:\/\/www.naseprogram.org\/fi\/content-and-modalities\/\" aria-label=\"Lis\u00e4\u00e4 Sis\u00e4lt\u00f6 ja toimintatavat\">Lue lis\u00e4\u00e4<\/a><\/p>\n","protected":false},"author":12,"featured_media":0,"parent":0,"menu_order":0,"comment_status":"closed","ping_status":"closed","template":"","meta":{"_uag_custom_page_level_css":"","_coblocks_attr":"","_coblocks_dimensions":"","_coblocks_responsive_height":"","_coblocks_accordion_ie_support":"","footnotes":""},"class_list":["post-366264","page","type-page","status-publish"],"acf":[],"yoast_head":"<!-- This site is optimized with the Yoast SEO plugin v27.3 - https:\/\/yoast.com\/product\/yoast-seo-wordpress\/ -->\n<title>Sis\u00e4lt\u00f6 ja toimintatavat - NASE<\/title>\n<meta name=\"robots\" content=\"index, follow, max-snippet:-1, max-image-preview:large, max-video-preview:-1\" \/>\n<link rel=\"canonical\" href=\"https:\/\/www.naseprogram.org\/fi\/content-and-modalities\/\" \/>\n<meta property=\"og:locale\" content=\"fi_FI\" \/>\n<meta property=\"og:type\" content=\"article\" \/>\n<meta property=\"og:title\" content=\"Sis\u00e4lt\u00f6 ja toimintatavat - NASE\" \/>\n<meta property=\"og:description\" content=\"TAVOITE NASE:n maksuttomien kurssien p\u00e4\u00e4tavoitteena on edist\u00e4\u00e4 t\u00e4htitieteen opettajien (peruskoulun, toisen asteen ja yliopistojen) opetusta ja edist\u00e4\u00e4 tieteenalan aktiivista opettamista\/oppimista mallien ja ilmi\u00f6iden havainnoinnin avulla. VAADITTAVAT VAATIMUKSET JA\/TAI TY\u00d6KOKEMUS Peruskoulun opettajat, toisen asteen opettajat kaikilla aloilla, korkea-asteen opettajat (luonnontieteiden opettajat) ja muut vastaavat keskeiset yliopistourat, opettajien jatkokurssien opiskelijat. Aiempaa t\u00e4htitieteen tuntemusta ei tarvita. FORMAT &#8211; ... Lue lis\u00e4\u00e4\" \/>\n<meta property=\"og:url\" content=\"https:\/\/www.naseprogram.org\/fi\/content-and-modalities\/\" \/>\n<meta property=\"og:site_name\" content=\"NASE\" \/>\n<meta property=\"article:modified_time\" content=\"2023-03-11T17:57:01+00:00\" \/>\n<meta name=\"twitter:card\" content=\"summary_large_image\" \/>\n<meta name=\"twitter:label1\" content=\"Arvioitu lukuaika\" \/>\n\t<meta name=\"twitter:data1\" content=\"1 minuutti\" \/>\n<script type=\"application\/ld+json\" class=\"yoast-schema-graph\">{\"@context\":\"https:\\\/\\\/schema.org\",\"@graph\":[{\"@type\":\"WebPage\",\"@id\":\"https:\\\/\\\/www.naseprogram.org\\\/fi\\\/content-and-modalities\\\/\",\"url\":\"https:\\\/\\\/www.naseprogram.org\\\/fi\\\/content-and-modalities\\\/\",\"name\":\"Sis\u00e4lt\u00f6 ja toimintatavat - NASE\",\"isPartOf\":{\"@id\":\"https:\\\/\\\/www.naseprogram.org\\\/fi\\\/#website\"},\"datePublished\":\"2021-12-31T13:46:21+00:00\",\"dateModified\":\"2023-03-11T17:57:01+00:00\",\"breadcrumb\":{\"@id\":\"https:\\\/\\\/www.naseprogram.org\\\/fi\\\/content-and-modalities\\\/#breadcrumb\"},\"inLanguage\":\"fi\",\"potentialAction\":[{\"@type\":\"ReadAction\",\"target\":[\"https:\\\/\\\/www.naseprogram.org\\\/fi\\\/content-and-modalities\\\/\"]}]},{\"@type\":\"BreadcrumbList\",\"@id\":\"https:\\\/\\\/www.naseprogram.org\\\/fi\\\/content-and-modalities\\\/#breadcrumb\",\"itemListElement\":[{\"@type\":\"ListItem\",\"position\":1,\"name\":\"Home\",\"item\":\"https:\\\/\\\/www.naseprogram.org\\\/fi\\\/\"},{\"@type\":\"ListItem\",\"position\":2,\"name\":\"Sis\u00e4lt\u00f6 ja toimintatavat\"}]},{\"@type\":\"WebSite\",\"@id\":\"https:\\\/\\\/www.naseprogram.org\\\/fi\\\/#website\",\"url\":\"https:\\\/\\\/www.naseprogram.org\\\/fi\\\/\",\"name\":\"NASE\",\"description\":\"Network for Astronomy School Education\",\"publisher\":{\"@id\":\"https:\\\/\\\/www.naseprogram.org\\\/fi\\\/#organization\"},\"potentialAction\":[{\"@type\":\"SearchAction\",\"target\":{\"@type\":\"EntryPoint\",\"urlTemplate\":\"https:\\\/\\\/www.naseprogram.org\\\/fi\\\/?s={search_term_string}\"},\"query-input\":{\"@type\":\"PropertyValueSpecification\",\"valueRequired\":true,\"valueName\":\"search_term_string\"}}],\"inLanguage\":\"fi\"},{\"@type\":\"Organization\",\"@id\":\"https:\\\/\\\/www.naseprogram.org\\\/fi\\\/#organization\",\"name\":\"NASE\",\"url\":\"https:\\\/\\\/www.naseprogram.org\\\/fi\\\/\",\"logo\":{\"@type\":\"ImageObject\",\"inLanguage\":\"fi\",\"@id\":\"https:\\\/\\\/www.naseprogram.org\\\/fi\\\/#\\\/schema\\\/logo\\\/image\\\/\",\"url\":\"https:\\\/\\\/www.naseprogram.org\\\/wp-content\\\/uploads\\\/sites\\\/10\\\/2021\\\/12\\\/naselogo.png\",\"contentUrl\":\"https:\\\/\\\/www.naseprogram.org\\\/wp-content\\\/uploads\\\/sites\\\/10\\\/2021\\\/12\\\/naselogo.png\",\"width\":234,\"height\":91,\"caption\":\"NASE\"},\"image\":{\"@id\":\"https:\\\/\\\/www.naseprogram.org\\\/fi\\\/#\\\/schema\\\/logo\\\/image\\\/\"}}]}<\/script>\n<!-- \/ Yoast SEO plugin. -->","yoast_head_json":{"title":"Sis\u00e4lt\u00f6 ja toimintatavat - NASE","robots":{"index":"index","follow":"follow","max-snippet":"max-snippet:-1","max-image-preview":"max-image-preview:large","max-video-preview":"max-video-preview:-1"},"canonical":"https:\/\/www.naseprogram.org\/fi\/content-and-modalities\/","og_locale":"fi_FI","og_type":"article","og_title":"Sis\u00e4lt\u00f6 ja toimintatavat - NASE","og_description":"TAVOITE NASE:n maksuttomien kurssien p\u00e4\u00e4tavoitteena on edist\u00e4\u00e4 t\u00e4htitieteen opettajien (peruskoulun, toisen asteen ja yliopistojen) opetusta ja edist\u00e4\u00e4 tieteenalan aktiivista opettamista\/oppimista mallien ja ilmi\u00f6iden havainnoinnin avulla. VAADITTAVAT VAATIMUKSET JA\/TAI TY\u00d6KOKEMUS Peruskoulun opettajat, toisen asteen opettajat kaikilla aloilla, korkea-asteen opettajat (luonnontieteiden opettajat) ja muut vastaavat keskeiset yliopistourat, opettajien jatkokurssien opiskelijat. Aiempaa t\u00e4htitieteen tuntemusta ei tarvita. FORMAT &#8211; ... Lue lis\u00e4\u00e4","og_url":"https:\/\/www.naseprogram.org\/fi\/content-and-modalities\/","og_site_name":"NASE","article_modified_time":"2023-03-11T17:57:01+00:00","twitter_card":"summary_large_image","twitter_misc":{"Arvioitu lukuaika":"1 minuutti"},"schema":{"@context":"https:\/\/schema.org","@graph":[{"@type":"WebPage","@id":"https:\/\/www.naseprogram.org\/fi\/content-and-modalities\/","url":"https:\/\/www.naseprogram.org\/fi\/content-and-modalities\/","name":"Sis\u00e4lt\u00f6 ja toimintatavat - NASE","isPartOf":{"@id":"https:\/\/www.naseprogram.org\/fi\/#website"},"datePublished":"2021-12-31T13:46:21+00:00","dateModified":"2023-03-11T17:57:01+00:00","breadcrumb":{"@id":"https:\/\/www.naseprogram.org\/fi\/content-and-modalities\/#breadcrumb"},"inLanguage":"fi","potentialAction":[{"@type":"ReadAction","target":["https:\/\/www.naseprogram.org\/fi\/content-and-modalities\/"]}]},{"@type":"BreadcrumbList","@id":"https:\/\/www.naseprogram.org\/fi\/content-and-modalities\/#breadcrumb","itemListElement":[{"@type":"ListItem","position":1,"name":"Home","item":"https:\/\/www.naseprogram.org\/fi\/"},{"@type":"ListItem","position":2,"name":"Sis\u00e4lt\u00f6 ja toimintatavat"}]},{"@type":"WebSite","@id":"https:\/\/www.naseprogram.org\/fi\/#website","url":"https:\/\/www.naseprogram.org\/fi\/","name":"NASE","description":"Network for Astronomy School Education","publisher":{"@id":"https:\/\/www.naseprogram.org\/fi\/#organization"},"potentialAction":[{"@type":"SearchAction","target":{"@type":"EntryPoint","urlTemplate":"https:\/\/www.naseprogram.org\/fi\/?s={search_term_string}"},"query-input":{"@type":"PropertyValueSpecification","valueRequired":true,"valueName":"search_term_string"}}],"inLanguage":"fi"},{"@type":"Organization","@id":"https:\/\/www.naseprogram.org\/fi\/#organization","name":"NASE","url":"https:\/\/www.naseprogram.org\/fi\/","logo":{"@type":"ImageObject","inLanguage":"fi","@id":"https:\/\/www.naseprogram.org\/fi\/#\/schema\/logo\/image\/","url":"https:\/\/www.naseprogram.org\/wp-content\/uploads\/sites\/10\/2021\/12\/naselogo.png","contentUrl":"https:\/\/www.naseprogram.org\/wp-content\/uploads\/sites\/10\/2021\/12\/naselogo.png","width":234,"height":91,"caption":"NASE"},"image":{"@id":"https:\/\/www.naseprogram.org\/fi\/#\/schema\/logo\/image\/"}}]}},"uagb_featured_image_src":{"full":false,"thumbnail":false,"medium":false,"medium_large":false,"large":false,"1536x1536":false,"2048x2048":false},"uagb_author_info":{"display_name":"lifetimemedia","author_link":"https:\/\/www.naseprogram.org\/fi\/author\/lifetimemedia\/"},"uagb_comment_info":0,"uagb_excerpt":"TAVOITE NASE:n maksuttomien kurssien p\u00e4\u00e4tavoitteena on edist\u00e4\u00e4 t\u00e4htitieteen opettajien (peruskoulun, toisen asteen ja yliopistojen) opetusta ja edist\u00e4\u00e4 tieteenalan aktiivista opettamista\/oppimista mallien ja ilmi\u00f6iden havainnoinnin avulla. VAADITTAVAT VAATIMUKSET JA\/TAI TY\u00d6KOKEMUS Peruskoulun opettajat, toisen asteen opettajat kaikilla aloilla, korkea-asteen opettajat (luonnontieteiden opettajat) ja muut vastaavat keskeiset yliopistourat, opettajien jatkokurssien opiskelijat. Aiempaa t\u00e4htitieteen tuntemusta ei tarvita. FORMAT &#8211;&hellip;","_links":{"self":[{"href":"https:\/\/www.naseprogram.org\/fi\/wp-json\/wp\/v2\/pages\/366264","targetHints":{"allow":["GET"]}}],"collection":[{"href":"https:\/\/www.naseprogram.org\/fi\/wp-json\/wp\/v2\/pages"}],"about":[{"href":"https:\/\/www.naseprogram.org\/fi\/wp-json\/wp\/v2\/types\/page"}],"author":[{"embeddable":true,"href":"https:\/\/www.naseprogram.org\/fi\/wp-json\/wp\/v2\/users\/12"}],"replies":[{"embeddable":true,"href":"https:\/\/www.naseprogram.org\/fi\/wp-json\/wp\/v2\/comments?post=366264"}],"version-history":[{"count":3,"href":"https:\/\/www.naseprogram.org\/fi\/wp-json\/wp\/v2\/pages\/366264\/revisions"}],"predecessor-version":[{"id":394025,"href":"https:\/\/www.naseprogram.org\/fi\/wp-json\/wp\/v2\/pages\/366264\/revisions\/394025"}],"wp:attachment":[{"href":"https:\/\/www.naseprogram.org\/fi\/wp-json\/wp\/v2\/media?parent=366264"}],"curies":[{"name":"wp","href":"https:\/\/api.w.org\/{rel}","templated":true}]}}