{"id":366292,"date":"2021-12-31T10:45:57","date_gmt":"2021-12-31T13:45:57","guid":{"rendered":"https:\/\/www.naseprogram.org\/nase-introduction\/"},"modified":"2025-02-01T13:27:45","modified_gmt":"2025-02-01T16:27:45","slug":"nase-introduction","status":"publish","type":"page","link":"https:\/\/www.naseprogram.org\/fi\/nase-introduction\/","title":{"rendered":"NASE Johdanto"},"content":{"rendered":"\n<p class=\"has-amarillo-nase-background-color has-background\"><strong>NASE (Network for Astronomy School Education) on ty\u00f6ryhm\u00e4, joka osallistuu Kansainv\u00e4lisen t\u00e4htitieteellisen liiton (IAU) C-divisioonan toiminnalliseen ty\u00f6ryhm\u00e4\u00e4n &#8221;Key Initiatives in Education, Outreach and Development&#8221;.<\/strong><\/p>\n\n\n\n<p>NASE:n p\u00e4\u00e4tavoitteena on kouluttaa uusia opettajasukupolvia ja uudelleenkouluttaa nykyisi\u00e4 opettajia. Teemme yhteisty\u00f6t\u00e4 yliopistojen professorien kanssa kouluttaaksemme tulevia opettajia ja teemme yhteisty\u00f6t\u00e4 opetusministeri\u00f6iden kanssa kouluttaaksemme kokeneita peruskoulun ja lukion opettajia.<\/p>\n\n\n\n<p>Osallistujia on 40-50 is\u00e4nt\u00e4maan perus- ja keskiasteen opettajaa, jotka on jaettu kahteen ryhm\u00e4\u00e4n henkil\u00f6kohtaisten kurssien ty\u00f6pajoja varten. Verkkokursseilla ei ole lukum\u00e4\u00e4r\u00e4isi\u00e4 rajoituksia.<\/p>\n\n\n\n<p>Kouluttajat ovat NASE:n j\u00e4seni\u00e4 ja vastaanottavan maan\/kaupungin opettajia.<\/p>\n\n\n\n<p>NASE:n suurin saavutus on paikallisen ty\u00f6ryhm\u00e4n (LWG) muodostaminen, joka seuraa kurssien ja muiden toimintojen j\u00e4rjest\u00e4mist\u00e4 ja joka on itsen\u00e4inen 2-3 vuodessa. Paikalliset kouluttajat ovat v\u00e4litt\u00f6m\u00e4sti osa NASE:n paikallista ty\u00f6ryhm\u00e4\u00e4, ja heid\u00e4n vastuullaan on j\u00e4rjest\u00e4\u00e4 s\u00e4\u00e4nn\u00f6llisi\u00e4 kokouksia ryhm\u00e4n toiminnan yll\u00e4pit\u00e4miseksi.<\/p>\n\n\n\n<p>Kurssin kieli on vastaanottavan maan virallinen kieli.<\/p>\n","protected":false},"excerpt":{"rendered":"<p>NASE (Network for Astronomy School Education) on ty\u00f6ryhm\u00e4, joka osallistuu Kansainv\u00e4lisen t\u00e4htitieteellisen liiton (IAU) C-divisioonan toiminnalliseen ty\u00f6ryhm\u00e4\u00e4n &#8221;Key Initiatives in Education, Outreach and Development&#8221;. NASE:n p\u00e4\u00e4tavoitteena on kouluttaa uusia opettajasukupolvia ja uudelleenkouluttaa nykyisi\u00e4 opettajia. Teemme yhteisty\u00f6t\u00e4 yliopistojen professorien kanssa kouluttaaksemme tulevia opettajia ja teemme yhteisty\u00f6t\u00e4 opetusministeri\u00f6iden kanssa kouluttaaksemme kokeneita peruskoulun ja lukion opettajia. Osallistujia on &#8230; <a title=\"NASE Johdanto\" class=\"read-more\" href=\"https:\/\/www.naseprogram.org\/fi\/nase-introduction\/\" aria-label=\"Lis\u00e4\u00e4 NASE Johdanto\">Lue lis\u00e4\u00e4<\/a><\/p>\n","protected":false},"author":12,"featured_media":0,"parent":0,"menu_order":0,"comment_status":"closed","ping_status":"closed","template":"","meta":{"_uag_custom_page_level_css":"","_coblocks_attr":"","_coblocks_dimensions":"","_coblocks_responsive_height":"","_coblocks_accordion_ie_support":"","footnotes":""},"class_list":["post-366292","page","type-page","status-publish"],"acf":[],"yoast_head":"<!-- This site is optimized with the Yoast SEO plugin v27.3 - https:\/\/yoast.com\/product\/yoast-seo-wordpress\/ -->\n<title>NASE Johdanto - NASE<\/title>\n<meta name=\"robots\" content=\"index, follow, max-snippet:-1, max-image-preview:large, max-video-preview:-1\" \/>\n<link rel=\"canonical\" href=\"https:\/\/www.naseprogram.org\/fi\/nase-introduction\/\" \/>\n<meta property=\"og:locale\" content=\"fi_FI\" \/>\n<meta property=\"og:type\" content=\"article\" \/>\n<meta property=\"og:title\" content=\"NASE Johdanto - NASE\" \/>\n<meta property=\"og:description\" content=\"NASE (Network for Astronomy School Education) on ty\u00f6ryhm\u00e4, joka osallistuu Kansainv\u00e4lisen t\u00e4htitieteellisen liiton (IAU) C-divisioonan toiminnalliseen ty\u00f6ryhm\u00e4\u00e4n &#8221;Key Initiatives in Education, Outreach and Development&#8221;. NASE:n p\u00e4\u00e4tavoitteena on kouluttaa uusia opettajasukupolvia ja uudelleenkouluttaa nykyisi\u00e4 opettajia. Teemme yhteisty\u00f6t\u00e4 yliopistojen professorien kanssa kouluttaaksemme tulevia opettajia ja teemme yhteisty\u00f6t\u00e4 opetusministeri\u00f6iden kanssa kouluttaaksemme kokeneita peruskoulun ja lukion opettajia. Osallistujia on ... Lue lis\u00e4\u00e4\" \/>\n<meta property=\"og:url\" content=\"https:\/\/www.naseprogram.org\/fi\/nase-introduction\/\" \/>\n<meta property=\"og:site_name\" content=\"NASE\" \/>\n<meta property=\"article:modified_time\" content=\"2025-02-01T16:27:45+00:00\" \/>\n<meta name=\"twitter:card\" content=\"summary_large_image\" \/>\n<meta name=\"twitter:label1\" content=\"Arvioitu lukuaika\" \/>\n\t<meta name=\"twitter:data1\" content=\"1 minuutti\" \/>\n<script type=\"application\/ld+json\" class=\"yoast-schema-graph\">{\"@context\":\"https:\\\/\\\/schema.org\",\"@graph\":[{\"@type\":\"WebPage\",\"@id\":\"https:\\\/\\\/www.naseprogram.org\\\/fi\\\/nase-introduction\\\/\",\"url\":\"https:\\\/\\\/www.naseprogram.org\\\/fi\\\/nase-introduction\\\/\",\"name\":\"NASE Johdanto - NASE\",\"isPartOf\":{\"@id\":\"https:\\\/\\\/www.naseprogram.org\\\/fi\\\/#website\"},\"datePublished\":\"2021-12-31T13:45:57+00:00\",\"dateModified\":\"2025-02-01T16:27:45+00:00\",\"breadcrumb\":{\"@id\":\"https:\\\/\\\/www.naseprogram.org\\\/fi\\\/nase-introduction\\\/#breadcrumb\"},\"inLanguage\":\"fi\",\"potentialAction\":[{\"@type\":\"ReadAction\",\"target\":[\"https:\\\/\\\/www.naseprogram.org\\\/fi\\\/nase-introduction\\\/\"]}]},{\"@type\":\"BreadcrumbList\",\"@id\":\"https:\\\/\\\/www.naseprogram.org\\\/fi\\\/nase-introduction\\\/#breadcrumb\",\"itemListElement\":[{\"@type\":\"ListItem\",\"position\":1,\"name\":\"Home\",\"item\":\"https:\\\/\\\/www.naseprogram.org\\\/fi\\\/\"},{\"@type\":\"ListItem\",\"position\":2,\"name\":\"NASE Johdanto\"}]},{\"@type\":\"WebSite\",\"@id\":\"https:\\\/\\\/www.naseprogram.org\\\/fi\\\/#website\",\"url\":\"https:\\\/\\\/www.naseprogram.org\\\/fi\\\/\",\"name\":\"NASE\",\"description\":\"Network for Astronomy School Education\",\"publisher\":{\"@id\":\"https:\\\/\\\/www.naseprogram.org\\\/fi\\\/#organization\"},\"potentialAction\":[{\"@type\":\"SearchAction\",\"target\":{\"@type\":\"EntryPoint\",\"urlTemplate\":\"https:\\\/\\\/www.naseprogram.org\\\/fi\\\/?s={search_term_string}\"},\"query-input\":{\"@type\":\"PropertyValueSpecification\",\"valueRequired\":true,\"valueName\":\"search_term_string\"}}],\"inLanguage\":\"fi\"},{\"@type\":\"Organization\",\"@id\":\"https:\\\/\\\/www.naseprogram.org\\\/fi\\\/#organization\",\"name\":\"NASE\",\"url\":\"https:\\\/\\\/www.naseprogram.org\\\/fi\\\/\",\"logo\":{\"@type\":\"ImageObject\",\"inLanguage\":\"fi\",\"@id\":\"https:\\\/\\\/www.naseprogram.org\\\/fi\\\/#\\\/schema\\\/logo\\\/image\\\/\",\"url\":\"https:\\\/\\\/www.naseprogram.org\\\/wp-content\\\/uploads\\\/sites\\\/10\\\/2021\\\/12\\\/naselogo.png\",\"contentUrl\":\"https:\\\/\\\/www.naseprogram.org\\\/wp-content\\\/uploads\\\/sites\\\/10\\\/2021\\\/12\\\/naselogo.png\",\"width\":234,\"height\":91,\"caption\":\"NASE\"},\"image\":{\"@id\":\"https:\\\/\\\/www.naseprogram.org\\\/fi\\\/#\\\/schema\\\/logo\\\/image\\\/\"}}]}<\/script>\n<!-- \/ Yoast SEO plugin. -->","yoast_head_json":{"title":"NASE Johdanto - NASE","robots":{"index":"index","follow":"follow","max-snippet":"max-snippet:-1","max-image-preview":"max-image-preview:large","max-video-preview":"max-video-preview:-1"},"canonical":"https:\/\/www.naseprogram.org\/fi\/nase-introduction\/","og_locale":"fi_FI","og_type":"article","og_title":"NASE Johdanto - NASE","og_description":"NASE (Network for Astronomy School Education) on ty\u00f6ryhm\u00e4, joka osallistuu Kansainv\u00e4lisen t\u00e4htitieteellisen liiton (IAU) C-divisioonan toiminnalliseen ty\u00f6ryhm\u00e4\u00e4n &#8221;Key Initiatives in Education, Outreach and Development&#8221;. NASE:n p\u00e4\u00e4tavoitteena on kouluttaa uusia opettajasukupolvia ja uudelleenkouluttaa nykyisi\u00e4 opettajia. Teemme yhteisty\u00f6t\u00e4 yliopistojen professorien kanssa kouluttaaksemme tulevia opettajia ja teemme yhteisty\u00f6t\u00e4 opetusministeri\u00f6iden kanssa kouluttaaksemme kokeneita peruskoulun ja lukion opettajia. Osallistujia on ... Lue lis\u00e4\u00e4","og_url":"https:\/\/www.naseprogram.org\/fi\/nase-introduction\/","og_site_name":"NASE","article_modified_time":"2025-02-01T16:27:45+00:00","twitter_card":"summary_large_image","twitter_misc":{"Arvioitu lukuaika":"1 minuutti"},"schema":{"@context":"https:\/\/schema.org","@graph":[{"@type":"WebPage","@id":"https:\/\/www.naseprogram.org\/fi\/nase-introduction\/","url":"https:\/\/www.naseprogram.org\/fi\/nase-introduction\/","name":"NASE Johdanto - NASE","isPartOf":{"@id":"https:\/\/www.naseprogram.org\/fi\/#website"},"datePublished":"2021-12-31T13:45:57+00:00","dateModified":"2025-02-01T16:27:45+00:00","breadcrumb":{"@id":"https:\/\/www.naseprogram.org\/fi\/nase-introduction\/#breadcrumb"},"inLanguage":"fi","potentialAction":[{"@type":"ReadAction","target":["https:\/\/www.naseprogram.org\/fi\/nase-introduction\/"]}]},{"@type":"BreadcrumbList","@id":"https:\/\/www.naseprogram.org\/fi\/nase-introduction\/#breadcrumb","itemListElement":[{"@type":"ListItem","position":1,"name":"Home","item":"https:\/\/www.naseprogram.org\/fi\/"},{"@type":"ListItem","position":2,"name":"NASE Johdanto"}]},{"@type":"WebSite","@id":"https:\/\/www.naseprogram.org\/fi\/#website","url":"https:\/\/www.naseprogram.org\/fi\/","name":"NASE","description":"Network for Astronomy School Education","publisher":{"@id":"https:\/\/www.naseprogram.org\/fi\/#organization"},"potentialAction":[{"@type":"SearchAction","target":{"@type":"EntryPoint","urlTemplate":"https:\/\/www.naseprogram.org\/fi\/?s={search_term_string}"},"query-input":{"@type":"PropertyValueSpecification","valueRequired":true,"valueName":"search_term_string"}}],"inLanguage":"fi"},{"@type":"Organization","@id":"https:\/\/www.naseprogram.org\/fi\/#organization","name":"NASE","url":"https:\/\/www.naseprogram.org\/fi\/","logo":{"@type":"ImageObject","inLanguage":"fi","@id":"https:\/\/www.naseprogram.org\/fi\/#\/schema\/logo\/image\/","url":"https:\/\/www.naseprogram.org\/wp-content\/uploads\/sites\/10\/2021\/12\/naselogo.png","contentUrl":"https:\/\/www.naseprogram.org\/wp-content\/uploads\/sites\/10\/2021\/12\/naselogo.png","width":234,"height":91,"caption":"NASE"},"image":{"@id":"https:\/\/www.naseprogram.org\/fi\/#\/schema\/logo\/image\/"}}]}},"uagb_featured_image_src":{"full":false,"thumbnail":false,"medium":false,"medium_large":false,"large":false,"1536x1536":false,"2048x2048":false},"uagb_author_info":{"display_name":"lifetimemedia","author_link":"https:\/\/www.naseprogram.org\/fi\/author\/lifetimemedia\/"},"uagb_comment_info":0,"uagb_excerpt":"NASE (Network for Astronomy School Education) on ty\u00f6ryhm\u00e4, joka osallistuu Kansainv\u00e4lisen t\u00e4htitieteellisen liiton (IAU) C-divisioonan toiminnalliseen ty\u00f6ryhm\u00e4\u00e4n &#8221;Key Initiatives in Education, Outreach and Development&#8221;. NASE:n p\u00e4\u00e4tavoitteena on kouluttaa uusia opettajasukupolvia ja uudelleenkouluttaa nykyisi\u00e4 opettajia. Teemme yhteisty\u00f6t\u00e4 yliopistojen professorien kanssa kouluttaaksemme tulevia opettajia ja teemme yhteisty\u00f6t\u00e4 opetusministeri\u00f6iden kanssa kouluttaaksemme kokeneita peruskoulun ja lukion opettajia. Osallistujia on&hellip;","_links":{"self":[{"href":"https:\/\/www.naseprogram.org\/fi\/wp-json\/wp\/v2\/pages\/366292","targetHints":{"allow":["GET"]}}],"collection":[{"href":"https:\/\/www.naseprogram.org\/fi\/wp-json\/wp\/v2\/pages"}],"about":[{"href":"https:\/\/www.naseprogram.org\/fi\/wp-json\/wp\/v2\/types\/page"}],"author":[{"embeddable":true,"href":"https:\/\/www.naseprogram.org\/fi\/wp-json\/wp\/v2\/users\/12"}],"replies":[{"embeddable":true,"href":"https:\/\/www.naseprogram.org\/fi\/wp-json\/wp\/v2\/comments?post=366292"}],"version-history":[{"count":4,"href":"https:\/\/www.naseprogram.org\/fi\/wp-json\/wp\/v2\/pages\/366292\/revisions"}],"predecessor-version":[{"id":539353,"href":"https:\/\/www.naseprogram.org\/fi\/wp-json\/wp\/v2\/pages\/366292\/revisions\/539353"}],"wp:attachment":[{"href":"https:\/\/www.naseprogram.org\/fi\/wp-json\/wp\/v2\/media?parent=366292"}],"curies":[{"name":"wp","href":"https:\/\/api.w.org\/{rel}","templated":true}]}}