{"id":245767,"date":"2021-12-31T10:46:21","date_gmt":"2021-12-31T13:46:21","guid":{"rendered":"https:\/\/naseprogram.wp-ms.ahuekna.org.ar\/content-and-modalities\/"},"modified":"2024-12-22T18:18:00","modified_gmt":"2024-12-22T21:18:00","slug":"content-and-modalities","status":"publish","type":"page","link":"https:\/\/www.naseprogram.org\/fr\/content-and-modalities\/","title":{"rendered":"Contenu et modalit\u00e9s"},"content":{"rendered":"\n<p><strong>OBJECTIF<\/strong><\/p>\n\n\n\n<p>Les cours libres de la NASE ont un objectif principal qui est de favoriser l&rsquo;enseignement des formateurs en astronomie (primaire, secondaire et universitaire) et de favoriser l&rsquo;enseignement\/apprentissage actif de la discipline par l&rsquo;observation de mod\u00e8les et de ph\u00e9nom\u00e8nes.<\/p>\n\n\n\n<p><strong>EXIGENCES ET\/OU EXP\u00c9RIENCE PROFESSIONNELLE REQUISES<\/strong><\/p>\n\n\n\n<p>Enseignants du primaire, enseignants du secondaire de n&rsquo;importe quel domaine, enseignants du sup\u00e9rieur (professeurs de sciences) et des carri\u00e8res universitaires similaires du cycle de base, \u00e9tudiants des cours d&rsquo;enseignement sup\u00e9rieur.<\/p>\n\n\n\n<p>Il n&rsquo;est pas n\u00e9cessaire d&rsquo;avoir des connaissances pr\u00e9alables en astronomie.<\/p>\n\n\n\n<p><strong>FORMAT\u00a0\u2013 (Tous les cours peuvent \u00eatre donn\u00e9s en face \u00e0 face, en ligne ou hybrides)<\/strong><\/p>\n\n\n\n<p>Le cours g\u00e9n\u00e9ral d&rsquo;Astronomie et d&rsquo;Astrophysique comprend 4 jours de cours sur les notions astronomiques de base et comprend des observations et une visite astronomique. Impliquer 4 conf\u00e9rences, 10 ateliers et 3 groupes de travail.<\/p>\n","protected":false},"excerpt":{"rendered":"<p>OBJECTIF Les cours libres de la NASE ont un objectif principal qui est de favoriser l&rsquo;enseignement des formateurs en astronomie (primaire, secondaire et universitaire) et de favoriser l&rsquo;enseignement\/apprentissage actif de la discipline par l&rsquo;observation de mod\u00e8les et de ph\u00e9nom\u00e8nes. EXIGENCES ET\/OU EXP\u00c9RIENCE PROFESSIONNELLE REQUISES Enseignants du primaire, enseignants du secondaire de n&rsquo;importe quel domaine, enseignants &#8230; <a title=\"Contenu et modalit\u00e9s\" class=\"read-more\" href=\"https:\/\/www.naseprogram.org\/fr\/content-and-modalities\/\" aria-label=\"Plus sur Contenu et modalit\u00e9s\">Lire plus<\/a><\/p>\n","protected":false},"author":12,"featured_media":0,"parent":0,"menu_order":0,"comment_status":"closed","ping_status":"closed","template":"","meta":{"_uag_custom_page_level_css":"","_coblocks_attr":"","_coblocks_dimensions":"","_coblocks_responsive_height":"","_coblocks_accordion_ie_support":"","footnotes":""},"class_list":["post-245767","page","type-page","status-publish"],"acf":[],"yoast_head":"<!-- This site is optimized with the Yoast SEO plugin v27.4 - https:\/\/yoast.com\/product\/yoast-seo-wordpress\/ -->\n<title>Contenu et modalit\u00e9s - NASE<\/title>\n<meta name=\"robots\" content=\"index, follow, max-snippet:-1, max-image-preview:large, max-video-preview:-1\" \/>\n<link rel=\"canonical\" href=\"https:\/\/www.naseprogram.org\/fr\/content-and-modalities\/\" \/>\n<meta property=\"og:locale\" content=\"fr_FR\" \/>\n<meta property=\"og:type\" content=\"article\" \/>\n<meta property=\"og:title\" content=\"Contenu et modalit\u00e9s - NASE\" \/>\n<meta property=\"og:description\" content=\"OBJECTIF Les cours libres de la NASE ont un objectif principal qui est de favoriser l&rsquo;enseignement des formateurs en astronomie (primaire, secondaire et universitaire) et de favoriser l&rsquo;enseignement\/apprentissage actif de la discipline par l&rsquo;observation de mod\u00e8les et de ph\u00e9nom\u00e8nes. EXIGENCES ET\/OU EXP\u00c9RIENCE PROFESSIONNELLE REQUISES Enseignants du primaire, enseignants du secondaire de n&rsquo;importe quel domaine, enseignants ... Lire plus\" \/>\n<meta property=\"og:url\" content=\"https:\/\/www.naseprogram.org\/fr\/content-and-modalities\/\" \/>\n<meta property=\"og:site_name\" content=\"NASE\" \/>\n<meta property=\"article:modified_time\" content=\"2024-12-22T21:18:00+00:00\" \/>\n<meta name=\"twitter:card\" content=\"summary_large_image\" \/>\n<meta name=\"twitter:label1\" content=\"Dur\u00e9e de lecture estim\u00e9e\" \/>\n\t<meta name=\"twitter:data1\" content=\"1 minute\" \/>\n<script type=\"application\/ld+json\" class=\"yoast-schema-graph\">{\"@context\":\"https:\\\/\\\/schema.org\",\"@graph\":[{\"@type\":\"WebPage\",\"@id\":\"https:\\\/\\\/www.naseprogram.org\\\/fr\\\/content-and-modalities\\\/\",\"url\":\"https:\\\/\\\/www.naseprogram.org\\\/fr\\\/content-and-modalities\\\/\",\"name\":\"Contenu et modalit\u00e9s - NASE\",\"isPartOf\":{\"@id\":\"https:\\\/\\\/www.naseprogram.org\\\/fr\\\/#website\"},\"datePublished\":\"2021-12-31T13:46:21+00:00\",\"dateModified\":\"2024-12-22T21:18:00+00:00\",\"breadcrumb\":{\"@id\":\"https:\\\/\\\/www.naseprogram.org\\\/fr\\\/content-and-modalities\\\/#breadcrumb\"},\"inLanguage\":\"fr-FR\",\"potentialAction\":[{\"@type\":\"ReadAction\",\"target\":[\"https:\\\/\\\/www.naseprogram.org\\\/fr\\\/content-and-modalities\\\/\"]}]},{\"@type\":\"BreadcrumbList\",\"@id\":\"https:\\\/\\\/www.naseprogram.org\\\/fr\\\/content-and-modalities\\\/#breadcrumb\",\"itemListElement\":[{\"@type\":\"ListItem\",\"position\":1,\"name\":\"Home\",\"item\":\"https:\\\/\\\/www.naseprogram.org\\\/fr\\\/\"},{\"@type\":\"ListItem\",\"position\":2,\"name\":\"Contenu et modalit\u00e9s\"}]},{\"@type\":\"WebSite\",\"@id\":\"https:\\\/\\\/www.naseprogram.org\\\/fr\\\/#website\",\"url\":\"https:\\\/\\\/www.naseprogram.org\\\/fr\\\/\",\"name\":\"NASE\",\"description\":\"Network for Astronomy School Education\",\"publisher\":{\"@id\":\"https:\\\/\\\/www.naseprogram.org\\\/fr\\\/#organization\"},\"potentialAction\":[{\"@type\":\"SearchAction\",\"target\":{\"@type\":\"EntryPoint\",\"urlTemplate\":\"https:\\\/\\\/www.naseprogram.org\\\/fr\\\/?s={search_term_string}\"},\"query-input\":{\"@type\":\"PropertyValueSpecification\",\"valueRequired\":true,\"valueName\":\"search_term_string\"}}],\"inLanguage\":\"fr-FR\"},{\"@type\":\"Organization\",\"@id\":\"https:\\\/\\\/www.naseprogram.org\\\/fr\\\/#organization\",\"name\":\"NASE\",\"url\":\"https:\\\/\\\/www.naseprogram.org\\\/fr\\\/\",\"logo\":{\"@type\":\"ImageObject\",\"inLanguage\":\"fr-FR\",\"@id\":\"https:\\\/\\\/www.naseprogram.org\\\/fr\\\/#\\\/schema\\\/logo\\\/image\\\/\",\"url\":\"https:\\\/\\\/www.naseprogram.org\\\/wp-content\\\/uploads\\\/sites\\\/10\\\/2021\\\/12\\\/naselogo.png\",\"contentUrl\":\"https:\\\/\\\/www.naseprogram.org\\\/wp-content\\\/uploads\\\/sites\\\/10\\\/2021\\\/12\\\/naselogo.png\",\"width\":234,\"height\":91,\"caption\":\"NASE\"},\"image\":{\"@id\":\"https:\\\/\\\/www.naseprogram.org\\\/fr\\\/#\\\/schema\\\/logo\\\/image\\\/\"}}]}<\/script>\n<!-- \/ Yoast SEO plugin. -->","yoast_head_json":{"title":"Contenu et modalit\u00e9s - NASE","robots":{"index":"index","follow":"follow","max-snippet":"max-snippet:-1","max-image-preview":"max-image-preview:large","max-video-preview":"max-video-preview:-1"},"canonical":"https:\/\/www.naseprogram.org\/fr\/content-and-modalities\/","og_locale":"fr_FR","og_type":"article","og_title":"Contenu et modalit\u00e9s - NASE","og_description":"OBJECTIF Les cours libres de la NASE ont un objectif principal qui est de favoriser l&rsquo;enseignement des formateurs en astronomie (primaire, secondaire et universitaire) et de favoriser l&rsquo;enseignement\/apprentissage actif de la discipline par l&rsquo;observation de mod\u00e8les et de ph\u00e9nom\u00e8nes. EXIGENCES ET\/OU EXP\u00c9RIENCE PROFESSIONNELLE REQUISES Enseignants du primaire, enseignants du secondaire de n&rsquo;importe quel domaine, enseignants ... Lire plus","og_url":"https:\/\/www.naseprogram.org\/fr\/content-and-modalities\/","og_site_name":"NASE","article_modified_time":"2024-12-22T21:18:00+00:00","twitter_card":"summary_large_image","twitter_misc":{"Dur\u00e9e de lecture estim\u00e9e":"1 minute"},"schema":{"@context":"https:\/\/schema.org","@graph":[{"@type":"WebPage","@id":"https:\/\/www.naseprogram.org\/fr\/content-and-modalities\/","url":"https:\/\/www.naseprogram.org\/fr\/content-and-modalities\/","name":"Contenu et modalit\u00e9s - NASE","isPartOf":{"@id":"https:\/\/www.naseprogram.org\/fr\/#website"},"datePublished":"2021-12-31T13:46:21+00:00","dateModified":"2024-12-22T21:18:00+00:00","breadcrumb":{"@id":"https:\/\/www.naseprogram.org\/fr\/content-and-modalities\/#breadcrumb"},"inLanguage":"fr-FR","potentialAction":[{"@type":"ReadAction","target":["https:\/\/www.naseprogram.org\/fr\/content-and-modalities\/"]}]},{"@type":"BreadcrumbList","@id":"https:\/\/www.naseprogram.org\/fr\/content-and-modalities\/#breadcrumb","itemListElement":[{"@type":"ListItem","position":1,"name":"Home","item":"https:\/\/www.naseprogram.org\/fr\/"},{"@type":"ListItem","position":2,"name":"Contenu et modalit\u00e9s"}]},{"@type":"WebSite","@id":"https:\/\/www.naseprogram.org\/fr\/#website","url":"https:\/\/www.naseprogram.org\/fr\/","name":"NASE","description":"Network for Astronomy School Education","publisher":{"@id":"https:\/\/www.naseprogram.org\/fr\/#organization"},"potentialAction":[{"@type":"SearchAction","target":{"@type":"EntryPoint","urlTemplate":"https:\/\/www.naseprogram.org\/fr\/?s={search_term_string}"},"query-input":{"@type":"PropertyValueSpecification","valueRequired":true,"valueName":"search_term_string"}}],"inLanguage":"fr-FR"},{"@type":"Organization","@id":"https:\/\/www.naseprogram.org\/fr\/#organization","name":"NASE","url":"https:\/\/www.naseprogram.org\/fr\/","logo":{"@type":"ImageObject","inLanguage":"fr-FR","@id":"https:\/\/www.naseprogram.org\/fr\/#\/schema\/logo\/image\/","url":"https:\/\/www.naseprogram.org\/wp-content\/uploads\/sites\/10\/2021\/12\/naselogo.png","contentUrl":"https:\/\/www.naseprogram.org\/wp-content\/uploads\/sites\/10\/2021\/12\/naselogo.png","width":234,"height":91,"caption":"NASE"},"image":{"@id":"https:\/\/www.naseprogram.org\/fr\/#\/schema\/logo\/image\/"}}]}},"uagb_featured_image_src":{"full":false,"thumbnail":false,"medium":false,"medium_large":false,"large":false,"1536x1536":false,"2048x2048":false},"uagb_author_info":{"display_name":"lifetimemedia","author_link":"https:\/\/www.naseprogram.org\/fr\/author\/lifetimemedia\/"},"uagb_comment_info":0,"uagb_excerpt":"OBJECTIF Les cours libres de la NASE ont un objectif principal qui est de favoriser l&rsquo;enseignement des formateurs en astronomie (primaire, secondaire et universitaire) et de favoriser l&rsquo;enseignement\/apprentissage actif de la discipline par l&rsquo;observation de mod\u00e8les et de ph\u00e9nom\u00e8nes. EXIGENCES ET\/OU EXP\u00c9RIENCE PROFESSIONNELLE REQUISES Enseignants du primaire, enseignants du secondaire de n&rsquo;importe quel domaine, enseignants\u2026","_links":{"self":[{"href":"https:\/\/www.naseprogram.org\/fr\/wp-json\/wp\/v2\/pages\/245767","targetHints":{"allow":["GET"]}}],"collection":[{"href":"https:\/\/www.naseprogram.org\/fr\/wp-json\/wp\/v2\/pages"}],"about":[{"href":"https:\/\/www.naseprogram.org\/fr\/wp-json\/wp\/v2\/types\/page"}],"author":[{"embeddable":true,"href":"https:\/\/www.naseprogram.org\/fr\/wp-json\/wp\/v2\/users\/12"}],"replies":[{"embeddable":true,"href":"https:\/\/www.naseprogram.org\/fr\/wp-json\/wp\/v2\/comments?post=245767"}],"version-history":[{"count":8,"href":"https:\/\/www.naseprogram.org\/fr\/wp-json\/wp\/v2\/pages\/245767\/revisions"}],"predecessor-version":[{"id":529453,"href":"https:\/\/www.naseprogram.org\/fr\/wp-json\/wp\/v2\/pages\/245767\/revisions\/529453"}],"wp:attachment":[{"href":"https:\/\/www.naseprogram.org\/fr\/wp-json\/wp\/v2\/media?parent=245767"}],"curies":[{"name":"wp","href":"https:\/\/api.w.org\/{rel}","templated":true}]}}