{"id":251979,"date":"2021-12-31T10:50:26","date_gmt":"2021-12-31T13:50:26","guid":{"rendered":"https:\/\/naseprogram.wp-ms.ahuekna.org.ar\/?page_id=251979"},"modified":"2026-01-24T15:12:58","modified_gmt":"2026-01-24T18:12:58","slug":"projets-aiu-unesco","status":"publish","type":"page","link":"https:\/\/www.naseprogram.org\/fr\/projets-aiu-unesco\/","title":{"rendered":"Projets IAU\/UNESCO"},"content":{"rendered":"\n<p>Pour comm\u00e9morer la journ\u00e9e internationale de la lumi\u00e8re convoqu\u00e9e chaque ann\u00e9e par l&rsquo;UNESCO, NASE propose \u00e0 tous ses participants et instructeurs de r\u00e9aliser une exp\u00e9rience simple mais d&rsquo;un grand int\u00e9r\u00eat p\u00e9dagogique.<br>Bien que la journ\u00e9e de la lumi\u00e8re soit le 16 mai, il est propos\u00e9 \u00e0 tous les participants de la r\u00e9aliser tout au long du semestre, de l&rsquo;\u00e9quinoxe de mars \u00e0 l&rsquo;\u00e9quinoxe de septembre. Elle ne se limite pas au 16 mai car, comme on le sait, ce jour tombe dans la saison des pluies dans certains pays. Pour cette raison, les enseignants int\u00e9ress\u00e9s peuvent \u00eatre r\u00e9alis\u00e9s avec leurs \u00e9l\u00e8ves pendant une demi-ann\u00e9e. Nous vous demandons de nous envoyer des photos de t\u00e9moignage et les donn\u00e9es des observations obtenues pendant le d\u00e9roulement de l&rsquo;exp\u00e9rience. Le tableau dans le mat\u00e9riel d&rsquo;introduction \u00e0 lire pour se pr\u00e9parer \u00e0 l&rsquo;exp\u00e9rience. Bonne chance et ayez un jour ou une nuit sans nuage pour le faire.<\/p>\n\n\n\n<p><a href=\"http:\/\/es.unesco.org\" target=\"_blank\" rel=\"noreferrer noopener\">Lien vers le site de l&rsquo;UNESCO o\u00f9 se trouvent toutes les \u0153uvres (le projet NASE appara\u00eet \u00e0 la fin, dans \u00ab\u00a0worldwide\u00a0\u00bb).<\/a><\/p>\n","protected":false},"excerpt":{"rendered":"<p>Pour comm\u00e9morer la journ\u00e9e internationale de la lumi\u00e8re convoqu\u00e9e chaque ann\u00e9e par l&rsquo;UNESCO, NASE propose \u00e0 tous ses participants et instructeurs de r\u00e9aliser une exp\u00e9rience simple mais d&rsquo;un grand int\u00e9r\u00eat p\u00e9dagogique.Bien que la journ\u00e9e de la lumi\u00e8re soit le 16 mai, il est propos\u00e9 \u00e0 tous les participants de la r\u00e9aliser tout au long du &#8230; <a title=\"Projets IAU\/UNESCO\" class=\"read-more\" href=\"https:\/\/www.naseprogram.org\/fr\/projets-aiu-unesco\/\" aria-label=\"Plus sur Projets IAU\/UNESCO\">Lire plus<\/a><\/p>\n","protected":false},"author":15,"featured_media":0,"parent":0,"menu_order":0,"comment_status":"closed","ping_status":"closed","template":"","meta":{"_uag_custom_page_level_css":"","_coblocks_attr":"","_coblocks_dimensions":"","_coblocks_responsive_height":"","_coblocks_accordion_ie_support":"","footnotes":""},"class_list":["post-251979","page","type-page","status-publish"],"acf":[],"yoast_head":"<!-- This site is optimized with the Yoast SEO plugin v27.3 - https:\/\/yoast.com\/product\/yoast-seo-wordpress\/ -->\n<title>Projets IAU\/UNESCO - NASE<\/title>\n<meta name=\"robots\" content=\"index, follow, max-snippet:-1, max-image-preview:large, max-video-preview:-1\" \/>\n<link rel=\"canonical\" href=\"https:\/\/www.naseprogram.org\/fr\/projets-aiu-unesco\/\" \/>\n<meta property=\"og:locale\" content=\"fr_FR\" \/>\n<meta property=\"og:type\" content=\"article\" \/>\n<meta property=\"og:title\" content=\"Projets IAU\/UNESCO - NASE\" \/>\n<meta property=\"og:description\" content=\"Pour comm\u00e9morer la journ\u00e9e internationale de la lumi\u00e8re convoqu\u00e9e chaque ann\u00e9e par l&rsquo;UNESCO, NASE propose \u00e0 tous ses participants et instructeurs de r\u00e9aliser une exp\u00e9rience simple mais d&rsquo;un grand int\u00e9r\u00eat p\u00e9dagogique.Bien que la journ\u00e9e de la lumi\u00e8re soit le 16 mai, il est propos\u00e9 \u00e0 tous les participants de la r\u00e9aliser tout au long du ... Lire plus\" \/>\n<meta property=\"og:url\" content=\"https:\/\/www.naseprogram.org\/fr\/projets-aiu-unesco\/\" \/>\n<meta property=\"og:site_name\" content=\"NASE\" \/>\n<meta property=\"article:modified_time\" content=\"2026-01-24T18:12:58+00:00\" \/>\n<meta name=\"twitter:card\" content=\"summary_large_image\" \/>\n<meta name=\"twitter:label1\" content=\"Dur\u00e9e de lecture estim\u00e9e\" \/>\n\t<meta name=\"twitter:data1\" content=\"1 minute\" \/>\n<script type=\"application\/ld+json\" class=\"yoast-schema-graph\">{\"@context\":\"https:\\\/\\\/schema.org\",\"@graph\":[{\"@type\":\"WebPage\",\"@id\":\"https:\\\/\\\/www.naseprogram.org\\\/fr\\\/projets-aiu-unesco\\\/\",\"url\":\"https:\\\/\\\/www.naseprogram.org\\\/fr\\\/projets-aiu-unesco\\\/\",\"name\":\"Projets IAU\\\/UNESCO - NASE\",\"isPartOf\":{\"@id\":\"https:\\\/\\\/www.naseprogram.org\\\/fr\\\/#website\"},\"datePublished\":\"2021-12-31T13:50:26+00:00\",\"dateModified\":\"2026-01-24T18:12:58+00:00\",\"breadcrumb\":{\"@id\":\"https:\\\/\\\/www.naseprogram.org\\\/fr\\\/projets-aiu-unesco\\\/#breadcrumb\"},\"inLanguage\":\"fr-FR\",\"potentialAction\":[{\"@type\":\"ReadAction\",\"target\":[\"https:\\\/\\\/www.naseprogram.org\\\/fr\\\/projets-aiu-unesco\\\/\"]}]},{\"@type\":\"BreadcrumbList\",\"@id\":\"https:\\\/\\\/www.naseprogram.org\\\/fr\\\/projets-aiu-unesco\\\/#breadcrumb\",\"itemListElement\":[{\"@type\":\"ListItem\",\"position\":1,\"name\":\"Home\",\"item\":\"https:\\\/\\\/www.naseprogram.org\\\/fr\\\/\"},{\"@type\":\"ListItem\",\"position\":2,\"name\":\"Projets IAU\\\/UNESCO\"}]},{\"@type\":\"WebSite\",\"@id\":\"https:\\\/\\\/www.naseprogram.org\\\/fr\\\/#website\",\"url\":\"https:\\\/\\\/www.naseprogram.org\\\/fr\\\/\",\"name\":\"NASE\",\"description\":\"Network for Astronomy School Education\",\"publisher\":{\"@id\":\"https:\\\/\\\/www.naseprogram.org\\\/fr\\\/#organization\"},\"potentialAction\":[{\"@type\":\"SearchAction\",\"target\":{\"@type\":\"EntryPoint\",\"urlTemplate\":\"https:\\\/\\\/www.naseprogram.org\\\/fr\\\/?s={search_term_string}\"},\"query-input\":{\"@type\":\"PropertyValueSpecification\",\"valueRequired\":true,\"valueName\":\"search_term_string\"}}],\"inLanguage\":\"fr-FR\"},{\"@type\":\"Organization\",\"@id\":\"https:\\\/\\\/www.naseprogram.org\\\/fr\\\/#organization\",\"name\":\"NASE\",\"url\":\"https:\\\/\\\/www.naseprogram.org\\\/fr\\\/\",\"logo\":{\"@type\":\"ImageObject\",\"inLanguage\":\"fr-FR\",\"@id\":\"https:\\\/\\\/www.naseprogram.org\\\/fr\\\/#\\\/schema\\\/logo\\\/image\\\/\",\"url\":\"https:\\\/\\\/www.naseprogram.org\\\/wp-content\\\/uploads\\\/sites\\\/10\\\/2021\\\/12\\\/naselogo.png\",\"contentUrl\":\"https:\\\/\\\/www.naseprogram.org\\\/wp-content\\\/uploads\\\/sites\\\/10\\\/2021\\\/12\\\/naselogo.png\",\"width\":234,\"height\":91,\"caption\":\"NASE\"},\"image\":{\"@id\":\"https:\\\/\\\/www.naseprogram.org\\\/fr\\\/#\\\/schema\\\/logo\\\/image\\\/\"}}]}<\/script>\n<!-- \/ Yoast SEO plugin. -->","yoast_head_json":{"title":"Projets IAU\/UNESCO - NASE","robots":{"index":"index","follow":"follow","max-snippet":"max-snippet:-1","max-image-preview":"max-image-preview:large","max-video-preview":"max-video-preview:-1"},"canonical":"https:\/\/www.naseprogram.org\/fr\/projets-aiu-unesco\/","og_locale":"fr_FR","og_type":"article","og_title":"Projets IAU\/UNESCO - NASE","og_description":"Pour comm\u00e9morer la journ\u00e9e internationale de la lumi\u00e8re convoqu\u00e9e chaque ann\u00e9e par l&rsquo;UNESCO, NASE propose \u00e0 tous ses participants et instructeurs de r\u00e9aliser une exp\u00e9rience simple mais d&rsquo;un grand int\u00e9r\u00eat p\u00e9dagogique.Bien que la journ\u00e9e de la lumi\u00e8re soit le 16 mai, il est propos\u00e9 \u00e0 tous les participants de la r\u00e9aliser tout au long du ... Lire plus","og_url":"https:\/\/www.naseprogram.org\/fr\/projets-aiu-unesco\/","og_site_name":"NASE","article_modified_time":"2026-01-24T18:12:58+00:00","twitter_card":"summary_large_image","twitter_misc":{"Dur\u00e9e de lecture estim\u00e9e":"1 minute"},"schema":{"@context":"https:\/\/schema.org","@graph":[{"@type":"WebPage","@id":"https:\/\/www.naseprogram.org\/fr\/projets-aiu-unesco\/","url":"https:\/\/www.naseprogram.org\/fr\/projets-aiu-unesco\/","name":"Projets IAU\/UNESCO - NASE","isPartOf":{"@id":"https:\/\/www.naseprogram.org\/fr\/#website"},"datePublished":"2021-12-31T13:50:26+00:00","dateModified":"2026-01-24T18:12:58+00:00","breadcrumb":{"@id":"https:\/\/www.naseprogram.org\/fr\/projets-aiu-unesco\/#breadcrumb"},"inLanguage":"fr-FR","potentialAction":[{"@type":"ReadAction","target":["https:\/\/www.naseprogram.org\/fr\/projets-aiu-unesco\/"]}]},{"@type":"BreadcrumbList","@id":"https:\/\/www.naseprogram.org\/fr\/projets-aiu-unesco\/#breadcrumb","itemListElement":[{"@type":"ListItem","position":1,"name":"Home","item":"https:\/\/www.naseprogram.org\/fr\/"},{"@type":"ListItem","position":2,"name":"Projets IAU\/UNESCO"}]},{"@type":"WebSite","@id":"https:\/\/www.naseprogram.org\/fr\/#website","url":"https:\/\/www.naseprogram.org\/fr\/","name":"NASE","description":"Network for Astronomy School Education","publisher":{"@id":"https:\/\/www.naseprogram.org\/fr\/#organization"},"potentialAction":[{"@type":"SearchAction","target":{"@type":"EntryPoint","urlTemplate":"https:\/\/www.naseprogram.org\/fr\/?s={search_term_string}"},"query-input":{"@type":"PropertyValueSpecification","valueRequired":true,"valueName":"search_term_string"}}],"inLanguage":"fr-FR"},{"@type":"Organization","@id":"https:\/\/www.naseprogram.org\/fr\/#organization","name":"NASE","url":"https:\/\/www.naseprogram.org\/fr\/","logo":{"@type":"ImageObject","inLanguage":"fr-FR","@id":"https:\/\/www.naseprogram.org\/fr\/#\/schema\/logo\/image\/","url":"https:\/\/www.naseprogram.org\/wp-content\/uploads\/sites\/10\/2021\/12\/naselogo.png","contentUrl":"https:\/\/www.naseprogram.org\/wp-content\/uploads\/sites\/10\/2021\/12\/naselogo.png","width":234,"height":91,"caption":"NASE"},"image":{"@id":"https:\/\/www.naseprogram.org\/fr\/#\/schema\/logo\/image\/"}}]}},"uagb_featured_image_src":{"full":false,"thumbnail":false,"medium":false,"medium_large":false,"large":false,"1536x1536":false,"2048x2048":false},"uagb_author_info":{"display_name":"NASE","author_link":"https:\/\/www.naseprogram.org\/fr\/author\/nase1\/"},"uagb_comment_info":0,"uagb_excerpt":"Pour comm\u00e9morer la journ\u00e9e internationale de la lumi\u00e8re convoqu\u00e9e chaque ann\u00e9e par l&rsquo;UNESCO, NASE propose \u00e0 tous ses participants et instructeurs de r\u00e9aliser une exp\u00e9rience simple mais d&rsquo;un grand int\u00e9r\u00eat p\u00e9dagogique.Bien que la journ\u00e9e de la lumi\u00e8re soit le 16 mai, il est propos\u00e9 \u00e0 tous les participants de la r\u00e9aliser tout au long du\u2026","_links":{"self":[{"href":"https:\/\/www.naseprogram.org\/fr\/wp-json\/wp\/v2\/pages\/251979","targetHints":{"allow":["GET"]}}],"collection":[{"href":"https:\/\/www.naseprogram.org\/fr\/wp-json\/wp\/v2\/pages"}],"about":[{"href":"https:\/\/www.naseprogram.org\/fr\/wp-json\/wp\/v2\/types\/page"}],"author":[{"embeddable":true,"href":"https:\/\/www.naseprogram.org\/fr\/wp-json\/wp\/v2\/users\/15"}],"replies":[{"embeddable":true,"href":"https:\/\/www.naseprogram.org\/fr\/wp-json\/wp\/v2\/comments?post=251979"}],"version-history":[{"count":14,"href":"https:\/\/www.naseprogram.org\/fr\/wp-json\/wp\/v2\/pages\/251979\/revisions"}],"predecessor-version":[{"id":669932,"href":"https:\/\/www.naseprogram.org\/fr\/wp-json\/wp\/v2\/pages\/251979\/revisions\/669932"}],"wp:attachment":[{"href":"https:\/\/www.naseprogram.org\/fr\/wp-json\/wp\/v2\/media?parent=251979"}],"curies":[{"name":"wp","href":"https:\/\/api.w.org\/{rel}","templated":true}]}}