{"id":266481,"date":"2022-02-06T11:24:33","date_gmt":"2022-02-06T14:24:33","guid":{"rendered":"https:\/\/naseprogram.wp-ms.ahuekna.org.ar\/?page_id=266481"},"modified":"2022-07-15T10:09:59","modified_gmt":"2022-07-15T08:09:59","slug":"materiel-supplementaire-12-18-ans","status":"publish","type":"page","link":"https:\/\/www.naseprogram.org\/fr\/materiel-supplementaire\/materiel-supplementaire-12-18-ans\/","title":{"rendered":"Mat\u00e9riel suppl\u00e9mentaire : 12-18 ans"},"content":{"rendered":"\n<p>Activit\u00e9s:<\/p>\n\n\n\n<ul class=\"wp-block-list\"><li><a href=\"http:\/\/sac.csic.es\/astrosecundaria\/complementario\/en\/actividades\/instrumentos\/Instrumentos.php\">Instruments<\/a><\/li><li><a href=\"http:\/\/sac.csic.es\/astrosecundaria\/complementario\/en\/actividades\/modelos\/Modelos.php\">Mod\u00e8les<\/a><\/li><li><a href=\"http:\/\/sac.csic.es\/astrosecundaria\/complementario\/en\/actividades\/observacion\/Observacion.php\">Observation<\/a><\/li><li><a href=\"http:\/\/sac.csic.es\/astrosecundaria\/complementario\/en\/actividades\/sistema_solar\/Sistema_solar.php\">Syst\u00e8me solaire<\/a><\/li><li><a href=\"http:\/\/sac.csic.es\/astrosecundaria\/complementario\/en\/actividades\/tierra_luna\/Tierra_luna.php\">Terre Lune<\/a><\/li><li><a href=\"http:\/\/sac.csic.es\/astrosecundaria\/complementario\/en\/actividades\/constelaciones\/Constelaciones.php\">Constellations<\/a><\/li><li><a href=\"http:\/\/sac.csic.es\/astrosecundaria\/complementario\/en\/actividades\/universo\/Universo.php\">Univers<\/a><\/li><\/ul>\n\n\n\n<p>Articles<\/p>\n\n\n\n<p>Animations<\/p>\n\n\n\n<p><a href=\"http:\/\/sac.csic.es\/astrosecundaria\/complementario\/en\/galeria_fotografica\/Galeria_fotografica.php\">Galerie de photos<\/a><\/p>\n\n\n\n<p><a href=\"http:\/\/sac.csic.es\/astrosecundaria\/complementario\/en\/videos\/Videos.php\">Videos<\/a><\/p>\n","protected":false},"excerpt":{"rendered":"<p>Activit\u00e9s: Instruments Mod\u00e8les Observation Syst\u00e8me solaire Terre Lune Constellations Univers Articles Animations Galerie de photos Videos<\/p>\n","protected":false},"author":15,"featured_media":0,"parent":266478,"menu_order":0,"comment_status":"closed","ping_status":"closed","template":"","meta":{"_uag_custom_page_level_css":"","_coblocks_attr":"","_coblocks_dimensions":"","_coblocks_responsive_height":"","_coblocks_accordion_ie_support":"","footnotes":""},"class_list":["post-266481","page","type-page","status-publish"],"acf":[],"yoast_head":"<!-- This site is optimized with the Yoast SEO plugin v27.4 - https:\/\/yoast.com\/product\/yoast-seo-wordpress\/ -->\n<title>Mat\u00e9riel suppl\u00e9mentaire : 12-18 ans - NASE<\/title>\n<meta name=\"robots\" content=\"index, follow, max-snippet:-1, max-image-preview:large, max-video-preview:-1\" \/>\n<link rel=\"canonical\" href=\"https:\/\/www.naseprogram.org\/fr\/materiel-supplementaire\/materiel-supplementaire-12-18-ans\/\" \/>\n<meta property=\"og:locale\" content=\"fr_FR\" \/>\n<meta property=\"og:type\" content=\"article\" \/>\n<meta property=\"og:title\" content=\"Mat\u00e9riel suppl\u00e9mentaire : 12-18 ans - NASE\" \/>\n<meta property=\"og:description\" content=\"Activit\u00e9s: Instruments Mod\u00e8les Observation Syst\u00e8me solaire Terre Lune Constellations Univers Articles Animations Galerie de photos Videos\" \/>\n<meta property=\"og:url\" content=\"https:\/\/www.naseprogram.org\/fr\/materiel-supplementaire\/materiel-supplementaire-12-18-ans\/\" \/>\n<meta property=\"og:site_name\" content=\"NASE\" \/>\n<meta property=\"article:modified_time\" content=\"2022-07-15T08:09:59+00:00\" \/>\n<meta name=\"twitter:card\" content=\"summary_large_image\" \/>\n<meta name=\"twitter:label1\" content=\"Dur\u00e9e de lecture estim\u00e9e\" \/>\n\t<meta name=\"twitter:data1\" content=\"1 minute\" \/>\n<script type=\"application\/ld+json\" class=\"yoast-schema-graph\">{\"@context\":\"https:\\\/\\\/schema.org\",\"@graph\":[{\"@type\":\"WebPage\",\"@id\":\"https:\\\/\\\/www.naseprogram.org\\\/fr\\\/materiel-supplementaire\\\/materiel-supplementaire-12-18-ans\\\/\",\"url\":\"https:\\\/\\\/www.naseprogram.org\\\/fr\\\/materiel-supplementaire\\\/materiel-supplementaire-12-18-ans\\\/\",\"name\":\"Mat\u00e9riel suppl\u00e9mentaire : 12-18 ans - NASE\",\"isPartOf\":{\"@id\":\"https:\\\/\\\/www.naseprogram.org\\\/fr\\\/#website\"},\"datePublished\":\"2022-02-06T14:24:33+00:00\",\"dateModified\":\"2022-07-15T08:09:59+00:00\",\"breadcrumb\":{\"@id\":\"https:\\\/\\\/www.naseprogram.org\\\/fr\\\/materiel-supplementaire\\\/materiel-supplementaire-12-18-ans\\\/#breadcrumb\"},\"inLanguage\":\"fr-FR\",\"potentialAction\":[{\"@type\":\"ReadAction\",\"target\":[\"https:\\\/\\\/www.naseprogram.org\\\/fr\\\/materiel-supplementaire\\\/materiel-supplementaire-12-18-ans\\\/\"]}]},{\"@type\":\"BreadcrumbList\",\"@id\":\"https:\\\/\\\/www.naseprogram.org\\\/fr\\\/materiel-supplementaire\\\/materiel-supplementaire-12-18-ans\\\/#breadcrumb\",\"itemListElement\":[{\"@type\":\"ListItem\",\"position\":1,\"name\":\"Home\",\"item\":\"https:\\\/\\\/www.naseprogram.org\\\/fr\\\/\"},{\"@type\":\"ListItem\",\"position\":2,\"name\":\"Mat\u00e9riel suppl\u00e9mentaire\",\"item\":\"https:\\\/\\\/www.naseprogram.org\\\/fr\\\/materiel-supplementaire\\\/\"},{\"@type\":\"ListItem\",\"position\":3,\"name\":\"Mat\u00e9riel suppl\u00e9mentaire : 12-18 ans\"}]},{\"@type\":\"WebSite\",\"@id\":\"https:\\\/\\\/www.naseprogram.org\\\/fr\\\/#website\",\"url\":\"https:\\\/\\\/www.naseprogram.org\\\/fr\\\/\",\"name\":\"NASE\",\"description\":\"Network for Astronomy School Education\",\"publisher\":{\"@id\":\"https:\\\/\\\/www.naseprogram.org\\\/fr\\\/#organization\"},\"potentialAction\":[{\"@type\":\"SearchAction\",\"target\":{\"@type\":\"EntryPoint\",\"urlTemplate\":\"https:\\\/\\\/www.naseprogram.org\\\/fr\\\/?s={search_term_string}\"},\"query-input\":{\"@type\":\"PropertyValueSpecification\",\"valueRequired\":true,\"valueName\":\"search_term_string\"}}],\"inLanguage\":\"fr-FR\"},{\"@type\":\"Organization\",\"@id\":\"https:\\\/\\\/www.naseprogram.org\\\/fr\\\/#organization\",\"name\":\"NASE\",\"url\":\"https:\\\/\\\/www.naseprogram.org\\\/fr\\\/\",\"logo\":{\"@type\":\"ImageObject\",\"inLanguage\":\"fr-FR\",\"@id\":\"https:\\\/\\\/www.naseprogram.org\\\/fr\\\/#\\\/schema\\\/logo\\\/image\\\/\",\"url\":\"https:\\\/\\\/www.naseprogram.org\\\/wp-content\\\/uploads\\\/sites\\\/10\\\/2021\\\/12\\\/naselogo.png\",\"contentUrl\":\"https:\\\/\\\/www.naseprogram.org\\\/wp-content\\\/uploads\\\/sites\\\/10\\\/2021\\\/12\\\/naselogo.png\",\"width\":234,\"height\":91,\"caption\":\"NASE\"},\"image\":{\"@id\":\"https:\\\/\\\/www.naseprogram.org\\\/fr\\\/#\\\/schema\\\/logo\\\/image\\\/\"}}]}<\/script>\n<!-- \/ Yoast SEO plugin. -->","yoast_head_json":{"title":"Mat\u00e9riel suppl\u00e9mentaire : 12-18 ans - NASE","robots":{"index":"index","follow":"follow","max-snippet":"max-snippet:-1","max-image-preview":"max-image-preview:large","max-video-preview":"max-video-preview:-1"},"canonical":"https:\/\/www.naseprogram.org\/fr\/materiel-supplementaire\/materiel-supplementaire-12-18-ans\/","og_locale":"fr_FR","og_type":"article","og_title":"Mat\u00e9riel suppl\u00e9mentaire : 12-18 ans - NASE","og_description":"Activit\u00e9s: Instruments Mod\u00e8les Observation Syst\u00e8me solaire Terre Lune Constellations Univers Articles Animations Galerie de photos Videos","og_url":"https:\/\/www.naseprogram.org\/fr\/materiel-supplementaire\/materiel-supplementaire-12-18-ans\/","og_site_name":"NASE","article_modified_time":"2022-07-15T08:09:59+00:00","twitter_card":"summary_large_image","twitter_misc":{"Dur\u00e9e de lecture estim\u00e9e":"1 minute"},"schema":{"@context":"https:\/\/schema.org","@graph":[{"@type":"WebPage","@id":"https:\/\/www.naseprogram.org\/fr\/materiel-supplementaire\/materiel-supplementaire-12-18-ans\/","url":"https:\/\/www.naseprogram.org\/fr\/materiel-supplementaire\/materiel-supplementaire-12-18-ans\/","name":"Mat\u00e9riel suppl\u00e9mentaire : 12-18 ans - NASE","isPartOf":{"@id":"https:\/\/www.naseprogram.org\/fr\/#website"},"datePublished":"2022-02-06T14:24:33+00:00","dateModified":"2022-07-15T08:09:59+00:00","breadcrumb":{"@id":"https:\/\/www.naseprogram.org\/fr\/materiel-supplementaire\/materiel-supplementaire-12-18-ans\/#breadcrumb"},"inLanguage":"fr-FR","potentialAction":[{"@type":"ReadAction","target":["https:\/\/www.naseprogram.org\/fr\/materiel-supplementaire\/materiel-supplementaire-12-18-ans\/"]}]},{"@type":"BreadcrumbList","@id":"https:\/\/www.naseprogram.org\/fr\/materiel-supplementaire\/materiel-supplementaire-12-18-ans\/#breadcrumb","itemListElement":[{"@type":"ListItem","position":1,"name":"Home","item":"https:\/\/www.naseprogram.org\/fr\/"},{"@type":"ListItem","position":2,"name":"Mat\u00e9riel suppl\u00e9mentaire","item":"https:\/\/www.naseprogram.org\/fr\/materiel-supplementaire\/"},{"@type":"ListItem","position":3,"name":"Mat\u00e9riel suppl\u00e9mentaire : 12-18 ans"}]},{"@type":"WebSite","@id":"https:\/\/www.naseprogram.org\/fr\/#website","url":"https:\/\/www.naseprogram.org\/fr\/","name":"NASE","description":"Network for Astronomy School Education","publisher":{"@id":"https:\/\/www.naseprogram.org\/fr\/#organization"},"potentialAction":[{"@type":"SearchAction","target":{"@type":"EntryPoint","urlTemplate":"https:\/\/www.naseprogram.org\/fr\/?s={search_term_string}"},"query-input":{"@type":"PropertyValueSpecification","valueRequired":true,"valueName":"search_term_string"}}],"inLanguage":"fr-FR"},{"@type":"Organization","@id":"https:\/\/www.naseprogram.org\/fr\/#organization","name":"NASE","url":"https:\/\/www.naseprogram.org\/fr\/","logo":{"@type":"ImageObject","inLanguage":"fr-FR","@id":"https:\/\/www.naseprogram.org\/fr\/#\/schema\/logo\/image\/","url":"https:\/\/www.naseprogram.org\/wp-content\/uploads\/sites\/10\/2021\/12\/naselogo.png","contentUrl":"https:\/\/www.naseprogram.org\/wp-content\/uploads\/sites\/10\/2021\/12\/naselogo.png","width":234,"height":91,"caption":"NASE"},"image":{"@id":"https:\/\/www.naseprogram.org\/fr\/#\/schema\/logo\/image\/"}}]}},"uagb_featured_image_src":{"full":false,"thumbnail":false,"medium":false,"medium_large":false,"large":false,"1536x1536":false,"2048x2048":false},"uagb_author_info":{"display_name":"NASE","author_link":"https:\/\/www.naseprogram.org\/fr\/author\/nase1\/"},"uagb_comment_info":0,"uagb_excerpt":"Activit\u00e9s: Instruments Mod\u00e8les Observation Syst\u00e8me solaire Terre Lune Constellations Univers Articles Animations Galerie de photos Videos","_links":{"self":[{"href":"https:\/\/www.naseprogram.org\/fr\/wp-json\/wp\/v2\/pages\/266481","targetHints":{"allow":["GET"]}}],"collection":[{"href":"https:\/\/www.naseprogram.org\/fr\/wp-json\/wp\/v2\/pages"}],"about":[{"href":"https:\/\/www.naseprogram.org\/fr\/wp-json\/wp\/v2\/types\/page"}],"author":[{"embeddable":true,"href":"https:\/\/www.naseprogram.org\/fr\/wp-json\/wp\/v2\/users\/15"}],"replies":[{"embeddable":true,"href":"https:\/\/www.naseprogram.org\/fr\/wp-json\/wp\/v2\/comments?post=266481"}],"version-history":[{"count":2,"href":"https:\/\/www.naseprogram.org\/fr\/wp-json\/wp\/v2\/pages\/266481\/revisions"}],"predecessor-version":[{"id":266790,"href":"https:\/\/www.naseprogram.org\/fr\/wp-json\/wp\/v2\/pages\/266481\/revisions\/266790"}],"up":[{"embeddable":true,"href":"https:\/\/www.naseprogram.org\/fr\/wp-json\/wp\/v2\/pages\/266478"}],"wp:attachment":[{"href":"https:\/\/www.naseprogram.org\/fr\/wp-json\/wp\/v2\/media?parent=266481"}],"curies":[{"name":"wp","href":"https:\/\/api.w.org\/{rel}","templated":true}]}}