{"id":288225,"date":"2021-12-31T10:45:57","date_gmt":"2021-12-31T13:45:57","guid":{"rendered":"https:\/\/naseprogram.wp-ms.ahuekna.org.ar\/?page_id=288225"},"modified":"2025-02-01T13:36:50","modified_gmt":"2025-02-01T16:36:50","slug":"nase-introduction","status":"publish","type":"page","link":"https:\/\/www.naseprogram.org\/hu\/nase-introduction\/","title":{"rendered":"NASE Bevezet\u00e9s"},"content":{"rendered":"\n<p class=\"has-amarillo-nase-background-color has-background\"><strong>A NASE (Network for Astronomy School Education) egy munkacsoport, amely r\u00e9szt vesz az IAU (Nemzetk\u00f6zi Csillag\u00e1szati Uni\u00f3) C r\u00e9szleg\u00e9ben a \u201eKey Initiatives in Education, Outreach and Development\u201d funkcion\u00e1lis munkacsoportban.<\/strong><\/p>\n\n\n\n<p>A NASE f\u0151 c\u00e9lja a tan\u00e1rok \u00faj gener\u00e1ci\u00f3inak k\u00e9pz\u00e9se \u00e9s a jelenlegiek \u00e1tk\u00e9pz\u00e9se. Egyetemi tan\u00e1rokkal dolgozunk a leend\u0151 tan\u00e1rok k\u00e9pz\u00e9se \u00e9rdek\u00e9ben, \u00e9s egy\u00fcttm\u0171k\u00f6d\u00fcnk az oktat\u00e1si oszt\u00e1lyokkal a tapasztalt \u00e1ltal\u00e1nos \u00e9s k\u00f6z\u00e9piskolai tan\u00e1rok k\u00e9pz\u00e9s\u00e9ben.<\/p>\n\n\n\n<p>A r\u00e9sztvev\u0151k 40 \u00e9s 50 k\u00f6z\u00f6tt vannak a fogad\u00f3 orsz\u00e1g \u00e1ltal\u00e1nos \u00e9s k\u00f6z\u00e9pfok\u00fa oktat\u00e1s\u00e1ban r\u00e9szt vev\u0151 tan\u00e1rok k\u00f6z\u00f6tt, akiket k\u00e9t csoportban osztanak el a szem\u00e9lyes kurzusok workshopjaira. Az online kurzusokon nincs sz\u00e1mbeli korl\u00e1toz\u00e1s.<\/p>\n\n\n\n<p>Az oktat\u00f3k a NASE tagjai \u00e9s a fogad\u00f3 orsz\u00e1g\/v\u00e1ros tan\u00e1rai lesznek.<\/p>\n\n\n\n<p>A NASE legnagyobb eredm\u00e9nye egy Helyi Munkacsoport (LWG) megalakul\u00e1sa, amely a tanfolyamok \u00e9s egy\u00e9b tev\u00e9kenys\u00e9gek szervez\u00e9s\u00e9t k\u00f6veti, \u00e9s amely 2-3 \u00e9ven bel\u00fcl \u00f6n\u00e1ll\u00f3an m\u0171k\u00f6dik. A helyi oktat\u00f3k azonnal a NASE helyi csoportj\u00e1nak tagjai, \u00e9s felel\u0151sek az\u00e9rt, hogy rendszeres tal\u00e1lkoz\u00f3kat tartsanak a csoport tev\u00e9kenys\u00e9geinek fenntart\u00e1sa \u00e9rdek\u00e9ben.<\/p>\n\n\n\n<p>A tanfolyam nyelve a fogad\u00f3 orsz\u00e1g hivatalos nyelve.<\/p>\n","protected":false},"excerpt":{"rendered":"<p>A NASE (Network for Astronomy School Education) egy munkacsoport, amely r\u00e9szt vesz az IAU (Nemzetk\u00f6zi Csillag\u00e1szati Uni\u00f3) C r\u00e9szleg\u00e9ben a \u201eKey Initiatives in Education, Outreach and Development\u201d funkcion\u00e1lis munkacsoportban. A NASE f\u0151 c\u00e9lja a tan\u00e1rok \u00faj gener\u00e1ci\u00f3inak k\u00e9pz\u00e9se \u00e9s a jelenlegiek \u00e1tk\u00e9pz\u00e9se. Egyetemi tan\u00e1rokkal dolgozunk a leend\u0151 tan\u00e1rok k\u00e9pz\u00e9se \u00e9rdek\u00e9ben, \u00e9s egy\u00fcttm\u0171k\u00f6d\u00fcnk az oktat\u00e1si oszt\u00e1lyokkal &#8230; <a title=\"NASE Bevezet\u00e9s\" class=\"read-more\" href=\"https:\/\/www.naseprogram.org\/hu\/nase-introduction\/\" aria-label=\"More on NASE Bevezet\u00e9s\">Read more<\/a><\/p>\n","protected":false},"author":12,"featured_media":0,"parent":0,"menu_order":0,"comment_status":"closed","ping_status":"closed","template":"","meta":{"_uag_custom_page_level_css":"","_coblocks_attr":"","_coblocks_dimensions":"","_coblocks_responsive_height":"","_coblocks_accordion_ie_support":"","footnotes":""},"class_list":["post-288225","page","type-page","status-publish"],"acf":[],"yoast_head":"<!-- This site is optimized with the Yoast SEO plugin v27.4 - https:\/\/yoast.com\/product\/yoast-seo-wordpress\/ -->\n<title>NASE Bevezet\u00e9s - NASE<\/title>\n<meta name=\"robots\" content=\"index, follow, max-snippet:-1, max-image-preview:large, max-video-preview:-1\" \/>\n<link rel=\"canonical\" href=\"https:\/\/www.naseprogram.org\/hu\/nase-introduction\/\" \/>\n<meta property=\"og:locale\" content=\"hu_HU\" \/>\n<meta property=\"og:type\" content=\"article\" \/>\n<meta property=\"og:title\" content=\"NASE Bevezet\u00e9s - NASE\" \/>\n<meta property=\"og:description\" content=\"A NASE (Network for Astronomy School Education) egy munkacsoport, amely r\u00e9szt vesz az IAU (Nemzetk\u00f6zi Csillag\u00e1szati Uni\u00f3) C r\u00e9szleg\u00e9ben a \u201eKey Initiatives in Education, Outreach and Development\u201d funkcion\u00e1lis munkacsoportban. A NASE f\u0151 c\u00e9lja a tan\u00e1rok \u00faj gener\u00e1ci\u00f3inak k\u00e9pz\u00e9se \u00e9s a jelenlegiek \u00e1tk\u00e9pz\u00e9se. Egyetemi tan\u00e1rokkal dolgozunk a leend\u0151 tan\u00e1rok k\u00e9pz\u00e9se \u00e9rdek\u00e9ben, \u00e9s egy\u00fcttm\u0171k\u00f6d\u00fcnk az oktat\u00e1si oszt\u00e1lyokkal ... Read more\" \/>\n<meta property=\"og:url\" content=\"https:\/\/www.naseprogram.org\/hu\/nase-introduction\/\" \/>\n<meta property=\"og:site_name\" content=\"NASE\" \/>\n<meta property=\"article:modified_time\" content=\"2025-02-01T16:36:50+00:00\" \/>\n<meta name=\"twitter:card\" content=\"summary_large_image\" \/>\n<meta name=\"twitter:label1\" content=\"Becs\u00fclt olvas\u00e1si id\u0151\" \/>\n\t<meta name=\"twitter:data1\" content=\"1 perc\" \/>\n<script type=\"application\/ld+json\" class=\"yoast-schema-graph\">{\"@context\":\"https:\\\/\\\/schema.org\",\"@graph\":[{\"@type\":\"WebPage\",\"@id\":\"https:\\\/\\\/www.naseprogram.org\\\/hu\\\/nase-introduction\\\/\",\"url\":\"https:\\\/\\\/www.naseprogram.org\\\/hu\\\/nase-introduction\\\/\",\"name\":\"NASE Bevezet\u00e9s - NASE\",\"isPartOf\":{\"@id\":\"https:\\\/\\\/www.naseprogram.org\\\/hu\\\/#website\"},\"datePublished\":\"2021-12-31T13:45:57+00:00\",\"dateModified\":\"2025-02-01T16:36:50+00:00\",\"breadcrumb\":{\"@id\":\"https:\\\/\\\/www.naseprogram.org\\\/hu\\\/nase-introduction\\\/#breadcrumb\"},\"inLanguage\":\"hu\",\"potentialAction\":[{\"@type\":\"ReadAction\",\"target\":[\"https:\\\/\\\/www.naseprogram.org\\\/hu\\\/nase-introduction\\\/\"]}]},{\"@type\":\"BreadcrumbList\",\"@id\":\"https:\\\/\\\/www.naseprogram.org\\\/hu\\\/nase-introduction\\\/#breadcrumb\",\"itemListElement\":[{\"@type\":\"ListItem\",\"position\":1,\"name\":\"Home\",\"item\":\"https:\\\/\\\/www.naseprogram.org\\\/hu\\\/\"},{\"@type\":\"ListItem\",\"position\":2,\"name\":\"NASE Bevezet\u00e9s\"}]},{\"@type\":\"WebSite\",\"@id\":\"https:\\\/\\\/www.naseprogram.org\\\/hu\\\/#website\",\"url\":\"https:\\\/\\\/www.naseprogram.org\\\/hu\\\/\",\"name\":\"NASE\",\"description\":\"Network for Astronomy School Education\",\"publisher\":{\"@id\":\"https:\\\/\\\/www.naseprogram.org\\\/hu\\\/#organization\"},\"potentialAction\":[{\"@type\":\"SearchAction\",\"target\":{\"@type\":\"EntryPoint\",\"urlTemplate\":\"https:\\\/\\\/www.naseprogram.org\\\/hu\\\/?s={search_term_string}\"},\"query-input\":{\"@type\":\"PropertyValueSpecification\",\"valueRequired\":true,\"valueName\":\"search_term_string\"}}],\"inLanguage\":\"hu\"},{\"@type\":\"Organization\",\"@id\":\"https:\\\/\\\/www.naseprogram.org\\\/hu\\\/#organization\",\"name\":\"NASE\",\"url\":\"https:\\\/\\\/www.naseprogram.org\\\/hu\\\/\",\"logo\":{\"@type\":\"ImageObject\",\"inLanguage\":\"hu\",\"@id\":\"https:\\\/\\\/www.naseprogram.org\\\/hu\\\/#\\\/schema\\\/logo\\\/image\\\/\",\"url\":\"https:\\\/\\\/www.naseprogram.org\\\/wp-content\\\/uploads\\\/sites\\\/10\\\/2021\\\/12\\\/naselogo.png\",\"contentUrl\":\"https:\\\/\\\/www.naseprogram.org\\\/wp-content\\\/uploads\\\/sites\\\/10\\\/2021\\\/12\\\/naselogo.png\",\"width\":234,\"height\":91,\"caption\":\"NASE\"},\"image\":{\"@id\":\"https:\\\/\\\/www.naseprogram.org\\\/hu\\\/#\\\/schema\\\/logo\\\/image\\\/\"}}]}<\/script>\n<!-- \/ Yoast SEO plugin. -->","yoast_head_json":{"title":"NASE Bevezet\u00e9s - NASE","robots":{"index":"index","follow":"follow","max-snippet":"max-snippet:-1","max-image-preview":"max-image-preview:large","max-video-preview":"max-video-preview:-1"},"canonical":"https:\/\/www.naseprogram.org\/hu\/nase-introduction\/","og_locale":"hu_HU","og_type":"article","og_title":"NASE Bevezet\u00e9s - NASE","og_description":"A NASE (Network for Astronomy School Education) egy munkacsoport, amely r\u00e9szt vesz az IAU (Nemzetk\u00f6zi Csillag\u00e1szati Uni\u00f3) C r\u00e9szleg\u00e9ben a \u201eKey Initiatives in Education, Outreach and Development\u201d funkcion\u00e1lis munkacsoportban. A NASE f\u0151 c\u00e9lja a tan\u00e1rok \u00faj gener\u00e1ci\u00f3inak k\u00e9pz\u00e9se \u00e9s a jelenlegiek \u00e1tk\u00e9pz\u00e9se. Egyetemi tan\u00e1rokkal dolgozunk a leend\u0151 tan\u00e1rok k\u00e9pz\u00e9se \u00e9rdek\u00e9ben, \u00e9s egy\u00fcttm\u0171k\u00f6d\u00fcnk az oktat\u00e1si oszt\u00e1lyokkal ... Read more","og_url":"https:\/\/www.naseprogram.org\/hu\/nase-introduction\/","og_site_name":"NASE","article_modified_time":"2025-02-01T16:36:50+00:00","twitter_card":"summary_large_image","twitter_misc":{"Becs\u00fclt olvas\u00e1si id\u0151":"1 perc"},"schema":{"@context":"https:\/\/schema.org","@graph":[{"@type":"WebPage","@id":"https:\/\/www.naseprogram.org\/hu\/nase-introduction\/","url":"https:\/\/www.naseprogram.org\/hu\/nase-introduction\/","name":"NASE Bevezet\u00e9s - NASE","isPartOf":{"@id":"https:\/\/www.naseprogram.org\/hu\/#website"},"datePublished":"2021-12-31T13:45:57+00:00","dateModified":"2025-02-01T16:36:50+00:00","breadcrumb":{"@id":"https:\/\/www.naseprogram.org\/hu\/nase-introduction\/#breadcrumb"},"inLanguage":"hu","potentialAction":[{"@type":"ReadAction","target":["https:\/\/www.naseprogram.org\/hu\/nase-introduction\/"]}]},{"@type":"BreadcrumbList","@id":"https:\/\/www.naseprogram.org\/hu\/nase-introduction\/#breadcrumb","itemListElement":[{"@type":"ListItem","position":1,"name":"Home","item":"https:\/\/www.naseprogram.org\/hu\/"},{"@type":"ListItem","position":2,"name":"NASE Bevezet\u00e9s"}]},{"@type":"WebSite","@id":"https:\/\/www.naseprogram.org\/hu\/#website","url":"https:\/\/www.naseprogram.org\/hu\/","name":"NASE","description":"Network for Astronomy School Education","publisher":{"@id":"https:\/\/www.naseprogram.org\/hu\/#organization"},"potentialAction":[{"@type":"SearchAction","target":{"@type":"EntryPoint","urlTemplate":"https:\/\/www.naseprogram.org\/hu\/?s={search_term_string}"},"query-input":{"@type":"PropertyValueSpecification","valueRequired":true,"valueName":"search_term_string"}}],"inLanguage":"hu"},{"@type":"Organization","@id":"https:\/\/www.naseprogram.org\/hu\/#organization","name":"NASE","url":"https:\/\/www.naseprogram.org\/hu\/","logo":{"@type":"ImageObject","inLanguage":"hu","@id":"https:\/\/www.naseprogram.org\/hu\/#\/schema\/logo\/image\/","url":"https:\/\/www.naseprogram.org\/wp-content\/uploads\/sites\/10\/2021\/12\/naselogo.png","contentUrl":"https:\/\/www.naseprogram.org\/wp-content\/uploads\/sites\/10\/2021\/12\/naselogo.png","width":234,"height":91,"caption":"NASE"},"image":{"@id":"https:\/\/www.naseprogram.org\/hu\/#\/schema\/logo\/image\/"}}]}},"uagb_featured_image_src":{"full":false,"thumbnail":false,"medium":false,"medium_large":false,"large":false,"1536x1536":false,"2048x2048":false},"uagb_author_info":{"display_name":"lifetimemedia","author_link":"https:\/\/www.naseprogram.org\/hu\/author\/lifetimemedia\/"},"uagb_comment_info":0,"uagb_excerpt":"A NASE (Network for Astronomy School Education) egy munkacsoport, amely r\u00e9szt vesz az IAU (Nemzetk\u00f6zi Csillag\u00e1szati Uni\u00f3) C r\u00e9szleg\u00e9ben a \u201eKey Initiatives in Education, Outreach and Development\u201d funkcion\u00e1lis munkacsoportban. A NASE f\u0151 c\u00e9lja a tan\u00e1rok \u00faj gener\u00e1ci\u00f3inak k\u00e9pz\u00e9se \u00e9s a jelenlegiek \u00e1tk\u00e9pz\u00e9se. Egyetemi tan\u00e1rokkal dolgozunk a leend\u0151 tan\u00e1rok k\u00e9pz\u00e9se \u00e9rdek\u00e9ben, \u00e9s egy\u00fcttm\u0171k\u00f6d\u00fcnk az oktat\u00e1si oszt\u00e1lyokkal&hellip;","_links":{"self":[{"href":"https:\/\/www.naseprogram.org\/hu\/wp-json\/wp\/v2\/pages\/288225","targetHints":{"allow":["GET"]}}],"collection":[{"href":"https:\/\/www.naseprogram.org\/hu\/wp-json\/wp\/v2\/pages"}],"about":[{"href":"https:\/\/www.naseprogram.org\/hu\/wp-json\/wp\/v2\/types\/page"}],"author":[{"embeddable":true,"href":"https:\/\/www.naseprogram.org\/hu\/wp-json\/wp\/v2\/users\/12"}],"replies":[{"embeddable":true,"href":"https:\/\/www.naseprogram.org\/hu\/wp-json\/wp\/v2\/comments?post=288225"}],"version-history":[{"count":9,"href":"https:\/\/www.naseprogram.org\/hu\/wp-json\/wp\/v2\/pages\/288225\/revisions"}],"predecessor-version":[{"id":539359,"href":"https:\/\/www.naseprogram.org\/hu\/wp-json\/wp\/v2\/pages\/288225\/revisions\/539359"}],"wp:attachment":[{"href":"https:\/\/www.naseprogram.org\/hu\/wp-json\/wp\/v2\/media?parent=288225"}],"curies":[{"name":"wp","href":"https:\/\/api.w.org\/{rel}","templated":true}]}}