{"id":288482,"date":"2021-12-31T10:46:21","date_gmt":"2021-12-31T13:46:21","guid":{"rendered":"https:\/\/naseprogram.wp-ms.ahuekna.org.ar\/?page_id=288482"},"modified":"2024-03-29T15:32:45","modified_gmt":"2024-03-29T18:32:45","slug":"tartalom-es-modozatok","status":"publish","type":"page","link":"https:\/\/www.naseprogram.org\/hu\/tartalom-es-modozatok\/","title":{"rendered":"Tartalom \u00e9s m\u00f3dozatok"},"content":{"rendered":"\n<p><strong>C\u00c9LJA<\/strong><\/p>\n\n\n\n<p>A NASE ingyenes tanfolyamainak f\u0151 c\u00e9lja a csillag\u00e1szatot oktat\u00f3 tan\u00e1rok (\u00e1ltal\u00e1nos iskolai, k\u00f6z\u00e9piskolai \u00e9s egyetemi) k\u00e9pz\u00e9s\u00e9nek el\u0151mozd\u00edt\u00e1sa, valamint a tudom\u00e1ny\u00e1g tan\u00edt\u00e1s\u00e1nak\/akt\u00edv tanul\u00e1s\u00e1nak el\u0151seg\u00edt\u00e9se modelleken \u00e9s jelens\u00e9gek megfigyel\u00e9s\u00e9n kereszt\u00fcl.<\/p>\n\n\n\n<p><strong>ELV\u00c1RT K\u00d6VETELM\u00c9NYEK \u00c9S\/VAGY SZAKMAI TAPASZTALAT<\/strong><\/p>\n\n\n\n<p>\u00c1ltal\u00e1nos iskolai tan\u00e1rok, b\u00e1rmely ter\u00fclet k\u00f6z\u00e9piskolai tan\u00e1rai, fels\u0151oktat\u00e1si tan\u00e1rok (term\u00e9szettudom\u00e1nyi tan\u00e1rok) \u00e9s hasonl\u00f3 egyetemi alapszakos p\u00e1lyakezd\u0151k, fels\u0151fok\u00fa tan\u00e1ri k\u00e9pz\u00e9sek hallgat\u00f3i.<\/p>\n\n\n\n<p>Nem sz\u00fcks\u00e9ges el\u0151zetes csillag\u00e1szati ismeretekkel rendelkezni.<\/p>\n\n\n\n<p><strong>FORM\u00c1TUM<\/strong>&nbsp;\u2013 (Minden kurzus tarthat\u00f3 szem\u00e9lyes, online vagy vegyes form\u00e1ban)<\/p>\n\n\n\n<p>A csillag\u00e1szat \u00e9s asztrofizika \u00e1ltal\u00e1nos tanfolyam 4 napos, a csillag\u00e1szati alapfogalmakr\u00f3l sz\u00f3l\u00f3 tanfolyamot tartalmaz, amely megfigyel\u00e9seket \u00e9s egy csillag\u00e1szati l\u00e1togat\u00e1st is mag\u00e1ban foglal. Tartalmaz 4 el\u0151ad\u00e1st, 10 m\u0171helymunk\u00e1t \u00e9s 3 munkacsoportot.<\/p>\n","protected":false},"excerpt":{"rendered":"<p>C\u00c9LJA A NASE ingyenes tanfolyamainak f\u0151 c\u00e9lja a csillag\u00e1szatot oktat\u00f3 tan\u00e1rok (\u00e1ltal\u00e1nos iskolai, k\u00f6z\u00e9piskolai \u00e9s egyetemi) k\u00e9pz\u00e9s\u00e9nek el\u0151mozd\u00edt\u00e1sa, valamint a tudom\u00e1ny\u00e1g tan\u00edt\u00e1s\u00e1nak\/akt\u00edv tanul\u00e1s\u00e1nak el\u0151seg\u00edt\u00e9se modelleken \u00e9s jelens\u00e9gek megfigyel\u00e9s\u00e9n kereszt\u00fcl. ELV\u00c1RT K\u00d6VETELM\u00c9NYEK \u00c9S\/VAGY SZAKMAI TAPASZTALAT \u00c1ltal\u00e1nos iskolai tan\u00e1rok, b\u00e1rmely ter\u00fclet k\u00f6z\u00e9piskolai tan\u00e1rai, fels\u0151oktat\u00e1si tan\u00e1rok (term\u00e9szettudom\u00e1nyi tan\u00e1rok) \u00e9s hasonl\u00f3 egyetemi alapszakos p\u00e1lyakezd\u0151k, fels\u0151fok\u00fa tan\u00e1ri k\u00e9pz\u00e9sek hallgat\u00f3i. Nem &#8230; <a title=\"Tartalom \u00e9s m\u00f3dozatok\" class=\"read-more\" href=\"https:\/\/www.naseprogram.org\/hu\/tartalom-es-modozatok\/\" aria-label=\"More on Tartalom \u00e9s m\u00f3dozatok\">Read more<\/a><\/p>\n","protected":false},"author":15,"featured_media":0,"parent":0,"menu_order":0,"comment_status":"closed","ping_status":"closed","template":"","meta":{"_uag_custom_page_level_css":"","_coblocks_attr":"","_coblocks_dimensions":"","_coblocks_responsive_height":"","_coblocks_accordion_ie_support":"","footnotes":""},"class_list":["post-288482","page","type-page","status-publish"],"acf":[],"yoast_head":"<!-- This site is optimized with the Yoast SEO plugin v27.3 - https:\/\/yoast.com\/product\/yoast-seo-wordpress\/ -->\n<title>Tartalom \u00e9s m\u00f3dozatok - NASE<\/title>\n<meta name=\"robots\" content=\"index, follow, max-snippet:-1, max-image-preview:large, max-video-preview:-1\" \/>\n<link rel=\"canonical\" href=\"https:\/\/www.naseprogram.org\/hu\/tartalom-es-modozatok\/\" \/>\n<meta property=\"og:locale\" content=\"hu_HU\" \/>\n<meta property=\"og:type\" content=\"article\" \/>\n<meta property=\"og:title\" content=\"Tartalom \u00e9s m\u00f3dozatok - NASE\" \/>\n<meta property=\"og:description\" content=\"C\u00c9LJA A NASE ingyenes tanfolyamainak f\u0151 c\u00e9lja a csillag\u00e1szatot oktat\u00f3 tan\u00e1rok (\u00e1ltal\u00e1nos iskolai, k\u00f6z\u00e9piskolai \u00e9s egyetemi) k\u00e9pz\u00e9s\u00e9nek el\u0151mozd\u00edt\u00e1sa, valamint a tudom\u00e1ny\u00e1g tan\u00edt\u00e1s\u00e1nak\/akt\u00edv tanul\u00e1s\u00e1nak el\u0151seg\u00edt\u00e9se modelleken \u00e9s jelens\u00e9gek megfigyel\u00e9s\u00e9n kereszt\u00fcl. ELV\u00c1RT K\u00d6VETELM\u00c9NYEK \u00c9S\/VAGY SZAKMAI TAPASZTALAT \u00c1ltal\u00e1nos iskolai tan\u00e1rok, b\u00e1rmely ter\u00fclet k\u00f6z\u00e9piskolai tan\u00e1rai, fels\u0151oktat\u00e1si tan\u00e1rok (term\u00e9szettudom\u00e1nyi tan\u00e1rok) \u00e9s hasonl\u00f3 egyetemi alapszakos p\u00e1lyakezd\u0151k, fels\u0151fok\u00fa tan\u00e1ri k\u00e9pz\u00e9sek hallgat\u00f3i. Nem ... Read more\" \/>\n<meta property=\"og:url\" content=\"https:\/\/www.naseprogram.org\/hu\/tartalom-es-modozatok\/\" \/>\n<meta property=\"og:site_name\" content=\"NASE\" \/>\n<meta property=\"article:modified_time\" content=\"2024-03-29T18:32:45+00:00\" \/>\n<meta name=\"twitter:card\" content=\"summary_large_image\" \/>\n<meta name=\"twitter:label1\" content=\"Becs\u00fclt olvas\u00e1si id\u0151\" \/>\n\t<meta name=\"twitter:data1\" content=\"1 perc\" \/>\n<script type=\"application\/ld+json\" class=\"yoast-schema-graph\">{\"@context\":\"https:\\\/\\\/schema.org\",\"@graph\":[{\"@type\":\"WebPage\",\"@id\":\"https:\\\/\\\/www.naseprogram.org\\\/hu\\\/tartalom-es-modozatok\\\/\",\"url\":\"https:\\\/\\\/www.naseprogram.org\\\/hu\\\/tartalom-es-modozatok\\\/\",\"name\":\"Tartalom \u00e9s m\u00f3dozatok - NASE\",\"isPartOf\":{\"@id\":\"https:\\\/\\\/www.naseprogram.org\\\/hu\\\/#website\"},\"datePublished\":\"2021-12-31T13:46:21+00:00\",\"dateModified\":\"2024-03-29T18:32:45+00:00\",\"breadcrumb\":{\"@id\":\"https:\\\/\\\/www.naseprogram.org\\\/hu\\\/tartalom-es-modozatok\\\/#breadcrumb\"},\"inLanguage\":\"hu\",\"potentialAction\":[{\"@type\":\"ReadAction\",\"target\":[\"https:\\\/\\\/www.naseprogram.org\\\/hu\\\/tartalom-es-modozatok\\\/\"]}]},{\"@type\":\"BreadcrumbList\",\"@id\":\"https:\\\/\\\/www.naseprogram.org\\\/hu\\\/tartalom-es-modozatok\\\/#breadcrumb\",\"itemListElement\":[{\"@type\":\"ListItem\",\"position\":1,\"name\":\"Home\",\"item\":\"https:\\\/\\\/www.naseprogram.org\\\/hu\\\/\"},{\"@type\":\"ListItem\",\"position\":2,\"name\":\"Tartalom \u00e9s m\u00f3dozatok\"}]},{\"@type\":\"WebSite\",\"@id\":\"https:\\\/\\\/www.naseprogram.org\\\/hu\\\/#website\",\"url\":\"https:\\\/\\\/www.naseprogram.org\\\/hu\\\/\",\"name\":\"NASE\",\"description\":\"Network for Astronomy School Education\",\"publisher\":{\"@id\":\"https:\\\/\\\/www.naseprogram.org\\\/hu\\\/#organization\"},\"potentialAction\":[{\"@type\":\"SearchAction\",\"target\":{\"@type\":\"EntryPoint\",\"urlTemplate\":\"https:\\\/\\\/www.naseprogram.org\\\/hu\\\/?s={search_term_string}\"},\"query-input\":{\"@type\":\"PropertyValueSpecification\",\"valueRequired\":true,\"valueName\":\"search_term_string\"}}],\"inLanguage\":\"hu\"},{\"@type\":\"Organization\",\"@id\":\"https:\\\/\\\/www.naseprogram.org\\\/hu\\\/#organization\",\"name\":\"NASE\",\"url\":\"https:\\\/\\\/www.naseprogram.org\\\/hu\\\/\",\"logo\":{\"@type\":\"ImageObject\",\"inLanguage\":\"hu\",\"@id\":\"https:\\\/\\\/www.naseprogram.org\\\/hu\\\/#\\\/schema\\\/logo\\\/image\\\/\",\"url\":\"https:\\\/\\\/www.naseprogram.org\\\/wp-content\\\/uploads\\\/sites\\\/10\\\/2021\\\/12\\\/naselogo.png\",\"contentUrl\":\"https:\\\/\\\/www.naseprogram.org\\\/wp-content\\\/uploads\\\/sites\\\/10\\\/2021\\\/12\\\/naselogo.png\",\"width\":234,\"height\":91,\"caption\":\"NASE\"},\"image\":{\"@id\":\"https:\\\/\\\/www.naseprogram.org\\\/hu\\\/#\\\/schema\\\/logo\\\/image\\\/\"}}]}<\/script>\n<!-- \/ Yoast SEO plugin. -->","yoast_head_json":{"title":"Tartalom \u00e9s m\u00f3dozatok - NASE","robots":{"index":"index","follow":"follow","max-snippet":"max-snippet:-1","max-image-preview":"max-image-preview:large","max-video-preview":"max-video-preview:-1"},"canonical":"https:\/\/www.naseprogram.org\/hu\/tartalom-es-modozatok\/","og_locale":"hu_HU","og_type":"article","og_title":"Tartalom \u00e9s m\u00f3dozatok - NASE","og_description":"C\u00c9LJA A NASE ingyenes tanfolyamainak f\u0151 c\u00e9lja a csillag\u00e1szatot oktat\u00f3 tan\u00e1rok (\u00e1ltal\u00e1nos iskolai, k\u00f6z\u00e9piskolai \u00e9s egyetemi) k\u00e9pz\u00e9s\u00e9nek el\u0151mozd\u00edt\u00e1sa, valamint a tudom\u00e1ny\u00e1g tan\u00edt\u00e1s\u00e1nak\/akt\u00edv tanul\u00e1s\u00e1nak el\u0151seg\u00edt\u00e9se modelleken \u00e9s jelens\u00e9gek megfigyel\u00e9s\u00e9n kereszt\u00fcl. ELV\u00c1RT K\u00d6VETELM\u00c9NYEK \u00c9S\/VAGY SZAKMAI TAPASZTALAT \u00c1ltal\u00e1nos iskolai tan\u00e1rok, b\u00e1rmely ter\u00fclet k\u00f6z\u00e9piskolai tan\u00e1rai, fels\u0151oktat\u00e1si tan\u00e1rok (term\u00e9szettudom\u00e1nyi tan\u00e1rok) \u00e9s hasonl\u00f3 egyetemi alapszakos p\u00e1lyakezd\u0151k, fels\u0151fok\u00fa tan\u00e1ri k\u00e9pz\u00e9sek hallgat\u00f3i. Nem ... Read more","og_url":"https:\/\/www.naseprogram.org\/hu\/tartalom-es-modozatok\/","og_site_name":"NASE","article_modified_time":"2024-03-29T18:32:45+00:00","twitter_card":"summary_large_image","twitter_misc":{"Becs\u00fclt olvas\u00e1si id\u0151":"1 perc"},"schema":{"@context":"https:\/\/schema.org","@graph":[{"@type":"WebPage","@id":"https:\/\/www.naseprogram.org\/hu\/tartalom-es-modozatok\/","url":"https:\/\/www.naseprogram.org\/hu\/tartalom-es-modozatok\/","name":"Tartalom \u00e9s m\u00f3dozatok - NASE","isPartOf":{"@id":"https:\/\/www.naseprogram.org\/hu\/#website"},"datePublished":"2021-12-31T13:46:21+00:00","dateModified":"2024-03-29T18:32:45+00:00","breadcrumb":{"@id":"https:\/\/www.naseprogram.org\/hu\/tartalom-es-modozatok\/#breadcrumb"},"inLanguage":"hu","potentialAction":[{"@type":"ReadAction","target":["https:\/\/www.naseprogram.org\/hu\/tartalom-es-modozatok\/"]}]},{"@type":"BreadcrumbList","@id":"https:\/\/www.naseprogram.org\/hu\/tartalom-es-modozatok\/#breadcrumb","itemListElement":[{"@type":"ListItem","position":1,"name":"Home","item":"https:\/\/www.naseprogram.org\/hu\/"},{"@type":"ListItem","position":2,"name":"Tartalom \u00e9s m\u00f3dozatok"}]},{"@type":"WebSite","@id":"https:\/\/www.naseprogram.org\/hu\/#website","url":"https:\/\/www.naseprogram.org\/hu\/","name":"NASE","description":"Network for Astronomy School Education","publisher":{"@id":"https:\/\/www.naseprogram.org\/hu\/#organization"},"potentialAction":[{"@type":"SearchAction","target":{"@type":"EntryPoint","urlTemplate":"https:\/\/www.naseprogram.org\/hu\/?s={search_term_string}"},"query-input":{"@type":"PropertyValueSpecification","valueRequired":true,"valueName":"search_term_string"}}],"inLanguage":"hu"},{"@type":"Organization","@id":"https:\/\/www.naseprogram.org\/hu\/#organization","name":"NASE","url":"https:\/\/www.naseprogram.org\/hu\/","logo":{"@type":"ImageObject","inLanguage":"hu","@id":"https:\/\/www.naseprogram.org\/hu\/#\/schema\/logo\/image\/","url":"https:\/\/www.naseprogram.org\/wp-content\/uploads\/sites\/10\/2021\/12\/naselogo.png","contentUrl":"https:\/\/www.naseprogram.org\/wp-content\/uploads\/sites\/10\/2021\/12\/naselogo.png","width":234,"height":91,"caption":"NASE"},"image":{"@id":"https:\/\/www.naseprogram.org\/hu\/#\/schema\/logo\/image\/"}}]}},"uagb_featured_image_src":{"full":false,"thumbnail":false,"medium":false,"medium_large":false,"large":false,"1536x1536":false,"2048x2048":false},"uagb_author_info":{"display_name":"NASE","author_link":"https:\/\/www.naseprogram.org\/hu\/author\/nase1\/"},"uagb_comment_info":0,"uagb_excerpt":"C\u00c9LJA A NASE ingyenes tanfolyamainak f\u0151 c\u00e9lja a csillag\u00e1szatot oktat\u00f3 tan\u00e1rok (\u00e1ltal\u00e1nos iskolai, k\u00f6z\u00e9piskolai \u00e9s egyetemi) k\u00e9pz\u00e9s\u00e9nek el\u0151mozd\u00edt\u00e1sa, valamint a tudom\u00e1ny\u00e1g tan\u00edt\u00e1s\u00e1nak\/akt\u00edv tanul\u00e1s\u00e1nak el\u0151seg\u00edt\u00e9se modelleken \u00e9s jelens\u00e9gek megfigyel\u00e9s\u00e9n kereszt\u00fcl. ELV\u00c1RT K\u00d6VETELM\u00c9NYEK \u00c9S\/VAGY SZAKMAI TAPASZTALAT \u00c1ltal\u00e1nos iskolai tan\u00e1rok, b\u00e1rmely ter\u00fclet k\u00f6z\u00e9piskolai tan\u00e1rai, fels\u0151oktat\u00e1si tan\u00e1rok (term\u00e9szettudom\u00e1nyi tan\u00e1rok) \u00e9s hasonl\u00f3 egyetemi alapszakos p\u00e1lyakezd\u0151k, fels\u0151fok\u00fa tan\u00e1ri k\u00e9pz\u00e9sek hallgat\u00f3i. Nem&hellip;","_links":{"self":[{"href":"https:\/\/www.naseprogram.org\/hu\/wp-json\/wp\/v2\/pages\/288482","targetHints":{"allow":["GET"]}}],"collection":[{"href":"https:\/\/www.naseprogram.org\/hu\/wp-json\/wp\/v2\/pages"}],"about":[{"href":"https:\/\/www.naseprogram.org\/hu\/wp-json\/wp\/v2\/types\/page"}],"author":[{"embeddable":true,"href":"https:\/\/www.naseprogram.org\/hu\/wp-json\/wp\/v2\/users\/15"}],"replies":[{"embeddable":true,"href":"https:\/\/www.naseprogram.org\/hu\/wp-json\/wp\/v2\/comments?post=288482"}],"version-history":[{"count":4,"href":"https:\/\/www.naseprogram.org\/hu\/wp-json\/wp\/v2\/pages\/288482\/revisions"}],"predecessor-version":[{"id":291492,"href":"https:\/\/www.naseprogram.org\/hu\/wp-json\/wp\/v2\/pages\/288482\/revisions\/291492"}],"wp:attachment":[{"href":"https:\/\/www.naseprogram.org\/hu\/wp-json\/wp\/v2\/media?parent=288482"}],"curies":[{"name":"wp","href":"https:\/\/api.w.org\/{rel}","templated":true}]}}