{"id":288495,"date":"2022-01-05T19:08:35","date_gmt":"2022-01-05T22:08:35","guid":{"rendered":"https:\/\/naseprogram.wp-ms.ahuekna.org.ar\/?page_id=288495"},"modified":"2022-10-20T04:40:29","modified_gmt":"2022-10-20T07:40:29","slug":"international-day-of-light-herschel-experiment-completed","status":"publish","type":"page","link":"https:\/\/www.naseprogram.org\/hu\/iau-unesco-projects\/international-day-of-light-herschel-experiment-completed\/","title":{"rendered":"A l\u00e1thatatlan m\u00e9r\u00e9se:(2018-ban elk\u00e9sz\u00fclt)"},"content":{"rendered":"\n<p>Ennek eml\u00e9k\u00e9re a NASE azt javasolja minden r\u00e9sztvev\u0151j\u00e9nek \u00e9s oktat\u00f3j\u00e1nak, hogy hajts\u00e1k v\u00e9gre a Herschel-tapasztalatot. B\u00e1r a f\u00e9ny napja m\u00e1jus 16-a, azt javasoljuk minden r\u00e9sztvev\u0151nek, hogy ezt eg\u00e9sz \u00e9vben tegye, b\u00e1r ez nem az a nap, mert mint k\u00f6ztudott, m\u00e1jus 16-a egyes orsz\u00e1gokban az es\u0151s \u00e9vszakba esik. 2018 b\u00e1rmely napj\u00e1n megtehet\u0151 m\u00e1s tan\u00e1rokkal, tanul\u00f3kkal. K\u00e9rj\u00fck, k\u00fcldj\u00f6n be n\u00e9h\u00e1ny aj\u00e1nl\u00f3k\u00e9pet \u00e9s a bevezet\u0151 anyagban tal\u00e1lhat\u00f3 t\u00e1bl\u00e1zatban szerepl\u0151 adatokat, amelyeket el kell olvasnia az \u00e9lm\u00e9ny el\u0151k\u00e9sz\u00edt\u00e9s\u00e9hez. Sok sikert \u00e9s naps\u00fct\u00e9ses napot k\u00edv\u00e1nok hozz\u00e1.<\/p>\n\n\n\n<div class=\"wp-block-uagb-tabs uagb-block-294b5910 uagb-tabs__wrap uagb-tabs__hstyle1-desktop uagb-tabs__vstyle6-tablet uagb-tabs__vstyle6-mobile\" data-tab-active=\"0\"><ul class=\"uagb-tabs__panel uagb-tabs__align-left\"><li class=\"uagb-tab uagb-tabs__active\"><a href=\"#uagb-tabs__tab0\" class=\"uagb-tabs-list uagb-tabs__icon-position-left\" data-tab=\"0\">Bevezet\u0151 anyag<\/a><\/li><li class=\"uagb-tab \"><a href=\"#uagb-tabs__tab1\" class=\"uagb-tabs-list uagb-tabs__icon-position-left\" data-tab=\"1\">K\u00fcldend\u0151 anyag<\/a><\/li><li class=\"uagb-tab \"><a href=\"#uagb-tabs__tab2\" class=\"uagb-tabs-list uagb-tabs__icon-position-left\" data-tab=\"2\">K\u00eds\u00e9rletek<\/a><\/li><li class=\"uagb-tab \"><a href=\"#uagb-tabs__tab3\" class=\"uagb-tabs-list uagb-tabs__icon-position-left\" data-tab=\"3\"> <\/a><\/li><li class=\"uagb-tab \"><a href=\"#uagb-tabs__tab4\" class=\"uagb-tabs-list uagb-tabs__icon-position-left\" data-tab=\"4\">\u00d6sszegz\u00e9s<\/a><\/li><\/ul><div class=\"uagb-tabs__body-wrap\">\n<div class=\"wp-block-uagb-tabs-child uagb-tabs__body-container uagb-inner-tab-0 uagb-tabs__inner-tab\" aria-labelledby=\"uagb-tabs__tab0\">\n<p>Bevezet\u0151 anyag, amelyet el kell olvasni az \u00e9lm\u00e9ny v\u00e9grehajt\u00e1sa el\u0151tt.<\/p>\n\n\n\n<div data-wp-interactive=\"core\/file\" class=\"wp-block-file\"><object aria-label=\"PDF be\u00e1gyaz\u00e1s\" data-wp-bind--hidden=\"!state.hasPdfPreview\" hidden><\/object><a id=\"wp-block-file--media-df9a100c-0125-4e07-bab8-258c7db30ca6\" href=\"https:\/\/www.naseprogram.org\/wp-content\/uploads\/sites\/10\/2022\/06\/herscheling.pdf\">herscheling<\/a><a href=\"https:\/\/www.naseprogram.org\/wp-content\/uploads\/sites\/10\/2022\/06\/herscheling.pdf\" class=\"wp-block-file__button\" download aria-describedby=\"wp-block-file--media-df9a100c-0125-4e07-bab8-258c7db30ca6\">PDF<\/a><\/div>\n<\/div>\n\n\n\n<div class=\"wp-block-uagb-tabs-child uagb-tabs__body-container uagb-inner-tab-1 uagb-tabs__inner-tab\" aria-labelledby=\"uagb-tabs__tab1\">\n<p>A projektben r\u00e9sztvev\u0151knek a rosamariaros27@gmial.com vagy a beatrizgarciautn@gmail.com c\u00edmre k\u00fcldend\u0151 anyag<\/p>\n\n\n\n<div data-wp-interactive=\"core\/file\" class=\"wp-block-file\"><object aria-label=\"PDF be\u00e1gyaz\u00e1s\" data-wp-bind--hidden=\"!state.hasPdfPreview\" hidden><\/object><a id=\"wp-block-file--media-ea45cb52-e4f6-4425-9b3b-73db298c3d38\" href=\"https:\/\/www.naseprogram.org\/wp-content\/uploads\/sites\/10\/2022\/06\/experimentodeherschelingparaenviar.pdf\">experimentodeherschelingparaenviar<\/a><a href=\"https:\/\/www.naseprogram.org\/wp-content\/uploads\/sites\/10\/2022\/06\/experimentodeherschelingparaenviar.pdf\" class=\"wp-block-file__button\" download aria-describedby=\"wp-block-file--media-ea45cb52-e4f6-4425-9b3b-73db298c3d38\">PDF<\/a><\/div>\n<\/div>\n\n\n\n<div class=\"wp-block-uagb-tabs-child uagb-tabs__body-container uagb-inner-tab-2 uagb-tabs__inner-tab uagb-inner-tab-3\" aria-labelledby=\"uagb-tabs__tab2\">\n<p>Amerika<\/p>\n\n\n\n<ul class=\"wp-block-list\"><li><a href=\"https:\/\/issuu.com\/nase.networkastronomyschooledu\/docs\/126-panama_mayo_2018\" target=\"_blank\" rel=\"noreferrer noopener\">Experiment 1<\/a><\/li><li><a href=\"https:\/\/issuu.com\/nase.networkastronomyschooledu\/docs\/127-panama_mayo_2018\" target=\"_blank\" rel=\"noreferrer noopener\">Experiment 2<\/a><\/li><li><a href=\"https:\/\/issuu.com\/nase.networkastronomyschooledu\/docs\/128-panama_mayo_2018\" target=\"_blank\" rel=\"noreferrer noopener\">Experiment 3<\/a><\/li><li><a href=\"https:\/\/issuu.com\/nase.networkastronomyschooledu\/docs\/129-panama_mayo_2018\" target=\"_blank\" rel=\"noreferrer noopener\">Experiment 4<\/a><\/li><li><a href=\"https:\/\/issuu.com\/nase.networkastronomyschooledu\/docs\/130-panama_mayo_2018\" target=\"_blank\" rel=\"noreferrer noopener\">Experiment 5<\/a><\/li><li><a href=\"https:\/\/issuu.com\/nase.networkastronomyschooledu\/docs\/131-panama_mayo_2018\" target=\"_blank\" rel=\"noreferrer noopener\">Experiment 6<\/a><\/li><li><a href=\"https:\/\/issuu.com\/nase.networkastronomyschooledu\/docs\/132-panama_mayo_2018\" target=\"_blank\" rel=\"noreferrer noopener\">Experiment 7<\/a><\/li><li><a href=\"https:\/\/issuu.com\/nase.networkastronomyschooledu\/docs\/133-panama_mayo_2018\" target=\"_blank\" rel=\"noreferrer noopener\">Experiment 8<\/a><\/li><li><a href=\"https:\/\/issuu.com\/nase.networkastronomyschooledu\/docs\/134-panama_mayo_2018\" target=\"_blank\" rel=\"noreferrer noopener\">Experiment 9<\/a><\/li><li><a href=\"https:\/\/issuu.com\/nase.networkastronomyschooledu\/docs\/146-argentina_mayo_2018\" target=\"_blank\" rel=\"noreferrer noopener\">Experiment 10<\/a><\/li><li><a href=\"https:\/\/issuu.com\/nase.networkastronomyschooledu\/docs\/147-ecuador_mayo_2018\" target=\"_blank\" rel=\"noreferrer noopener\">Experiment 11<\/a><\/li><li><a href=\"https:\/\/issuu.com\/nase.networkastronomyschooledu\/docs\/148-colombia_mayo_2018\" target=\"_blank\" rel=\"noreferrer noopener\">Experiment 12<\/a><\/li><li><a href=\"https:\/\/issuu.com\/nase.networkastronomyschooledu\/docs\/153-guatemala_mayo_2018\" target=\"_blank\" rel=\"noreferrer noopener\">Experiment 13<\/a><\/li><li><a href=\"https:\/\/issuu.com\/nase.networkastronomyschooledu\/docs\/154-guatemala_mayo_2018\" target=\"_blank\" rel=\"noreferrer noopener\">Experiment 14<\/a><\/li><li><a href=\"https:\/\/issuu.com\/nase.networkastronomyschooledu\/docs\/155-chile_junio_2018\" target=\"_blank\" rel=\"noreferrer noopener\">Experiment 15<\/a><\/li><li><a href=\"https:\/\/issuu.com\/nase.networkastronomyschooledu\/docs\/167-ecuador_mayo_2018\" target=\"_blank\" rel=\"noreferrer noopener\">Experiment 16<\/a><\/li><li><a href=\"https:\/\/issuu.com\/nase.networkastronomyschooledu\/docs\/168-brasil_mayo_2018\" target=\"_blank\" rel=\"noreferrer noopener\">Experiment 17<\/a><\/li><li><a href=\"https:\/\/issuu.com\/nase.networkastronomyschooledu\/docs\/169-brasil_mayo_2018\" target=\"_blank\" rel=\"noreferrer noopener\">Experiment 18<\/a><\/li><li><a href=\"https:\/\/issuu.com\/nase.networkastronomyschooledu\/docs\/146-argentina_mayo_2018\" target=\"_blank\" rel=\"noreferrer noopener\">Experiment 19<\/a><\/li><li><a href=\"https:\/\/issuu.com\/nase.networkastronomyschooledu\/docs\/171-panama_abril_2018\" target=\"_blank\" rel=\"noreferrer noopener\">Experiment 20<\/a><\/li><li><a href=\"https:\/\/issuu.com\/nase.networkastronomyschooledu\/docs\/173-argentina_mayo_2018\" target=\"_blank\" rel=\"noreferrer noopener\">Experiment 21<\/a><\/li><li><a href=\"https:\/\/issuu.com\/nase.networkastronomyschooledu\/docs\/174-argentina_mayo_2018\" target=\"_blank\" rel=\"noreferrer noopener\">Experiment 22<\/a><\/li><li><a href=\"https:\/\/issuu.com\/nase.networkastronomyschooledu\/docs\/175-uruguay_junio_2018\" target=\"_blank\" rel=\"noreferrer noopener\">Experiment 23<\/a><\/li><li><a href=\"https:\/\/issuu.com\/nase.networkastronomyschooledu\/docs\/176-colombia_mayo_2018\" target=\"_blank\" rel=\"noreferrer noopener\">Experiment 24<\/a><\/li><li><a href=\"https:\/\/issuu.com\/nase.networkastronomyschooledu\/docs\/177-uruguay_junio_2018\" target=\"_blank\" rel=\"noreferrer noopener\">Experiment 25<\/a><\/li><li><a href=\"https:\/\/issuu.com\/nase.networkastronomyschooledu\/docs\/178-paraguay_mayo_2018\" target=\"_blank\" rel=\"noreferrer noopener\">Experiment 26<\/a><\/li><\/ul>\n\n\n\n<p>\u00c1zsia<\/p>\n\n\n\n<ul class=\"wp-block-list\"><li><a href=\"https:\/\/issuu.com\/nase.networkastronomyschooledu\/docs\/135-indonesia_may_2018\" target=\"_blank\" rel=\"noreferrer noopener\">Experiment 1<\/a><\/li><li><a href=\"https:\/\/issuu.com\/nase.networkastronomyschooledu\/docs\/136-indonesia_may_2018\" target=\"_blank\" rel=\"noreferrer noopener\">Experiment 2<\/a><\/li><li><a href=\"https:\/\/issuu.com\/nase.networkastronomyschooledu\/docs\/137-indonesia_may_2018\" target=\"_blank\" rel=\"noreferrer noopener\">Experiment 3<\/a><\/li><li><a href=\"https:\/\/issuu.com\/nase.networkastronomyschooledu\/docs\/138-indonesia_may_2018\" target=\"_blank\" rel=\"noreferrer noopener\">Experiment 4<\/a><\/li><li><a href=\"https:\/\/issuu.com\/nase.networkastronomyschooledu\/docs\/139-indonesia_may_2018\" target=\"_blank\" rel=\"noreferrer noopener\">Experiment 5<\/a><\/li><li><a href=\"https:\/\/issuu.com\/nase.networkastronomyschooledu\/docs\/140-indonesia_may_2018\" target=\"_blank\" rel=\"noreferrer noopener\">Experiment 6<\/a><\/li><li><a href=\"https:\/\/issuu.com\/nase.networkastronomyschooledu\/docs\/141-indonesia_may_2018\" target=\"_blank\" rel=\"noreferrer noopener\">Experiment 7<\/a><\/li><li><a href=\"https:\/\/issuu.com\/nase.networkastronomyschooledu\/docs\/142-indonesia_may_2018\" target=\"_blank\" rel=\"noreferrer noopener\">Experiment 8<\/a><\/li><li><a href=\"https:\/\/issuu.com\/nase.networkastronomyschooledu\/docs\/143-indonesia_may_2018\" target=\"_blank\" rel=\"noreferrer noopener\">Experiment 9<\/a><\/li><li><a href=\"https:\/\/issuu.com\/nase.networkastronomyschooledu\/docs\/144-indonesia_may_2018\" target=\"_blank\" rel=\"noreferrer noopener\">Experiment 10<\/a><\/li><li><a href=\"https:\/\/issuu.com\/nase.networkastronomyschooledu\/docs\/150-indonesia_june_2018\" target=\"_blank\" rel=\"noreferrer noopener\">Experiment 11<\/a><\/li><li><a href=\"https:\/\/issuu.com\/nase.networkastronomyschooledu\/docs\/156-indonesia_mayo_2018\" target=\"_blank\" rel=\"noreferrer noopener\">Experiment 12<\/a><\/li><\/ul>\n\n\n\n<p>Eur\u00f3pa<\/p>\n\n\n\n<ul class=\"wp-block-list\"><li><a href=\"https:\/\/issuu.com\/nase.networkastronomyschooledu\/docs\/145-espa_a-mayo_2018\" target=\"_blank\" rel=\"noreferrer noopener\">Experiment 1<\/a><\/li><li><a href=\"https:\/\/issuu.com\/nase.networkastronomyschooledu\/docs\/149-rumania_may_2018\" target=\"_blank\" rel=\"noreferrer noopener\">Experiment 2<\/a><\/li><li><a href=\"https:\/\/issuu.com\/nase.networkastronomyschooledu\/docs\/151-espa_a_mayo_2018\" target=\"_blank\" rel=\"noreferrer noopener\">Experiment 3<\/a><\/li><li><a href=\"https:\/\/issuu.com\/nase.networkastronomyschooledu\/docs\/152-espa_a_mayo_2018\" target=\"_blank\" rel=\"noreferrer noopener\">Experiment 4<\/a><\/li><li><a href=\"https:\/\/issuu.com\/nase.networkastronomyschooledu\/docs\/158-espa_a_mayo_2018\" target=\"_blank\" rel=\"noreferrer noopener\">Experiment 5<\/a><\/li><li><a href=\"https:\/\/issuu.com\/nase.networkastronomyschooledu\/docs\/159-espa_a_mayo_2018\" target=\"_blank\" rel=\"noreferrer noopener\">Experiment 6<\/a><\/li><li><a href=\"https:\/\/issuu.com\/nase.networkastronomyschooledu\/docs\/160-espa_a_mayo_2018\" target=\"_blank\" rel=\"noreferrer noopener\">Experiment 7<\/a><\/li><li><a href=\"https:\/\/issuu.com\/nase.networkastronomyschooledu\/docs\/161-espa_a_mayo_2018\" target=\"_blank\" rel=\"noreferrer noopener\">Experiment 8<\/a><\/li><li><a href=\"https:\/\/issuu.com\/nase.networkastronomyschooledu\/docs\/162-espa_a_mayo_2018\" target=\"_blank\" rel=\"noreferrer noopener\">Experiment 9<\/a><\/li><li><a href=\"https:\/\/issuu.com\/nase.networkastronomyschooledu\/docs\/163-espa_a_mayo_2018\" target=\"_blank\" rel=\"noreferrer noopener\">Experiment 10<\/a><\/li><li><a href=\"https:\/\/issuu.com\/nase.networkastronomyschooledu\/docs\/164-espa_a_mayo_2018\" target=\"_blank\" rel=\"noreferrer noopener\">Experiment 11<\/a><\/li><li><a href=\"https:\/\/issuu.com\/nase.networkastronomyschooledu\/docs\/165-espa_a_mayo_2018\" target=\"_blank\" rel=\"noreferrer noopener\">Experiment 12<\/a><\/li><li><a href=\"https:\/\/issuu.com\/nase.networkastronomyschooledu\/docs\/166-espa_a_junio_2018\" target=\"_blank\" rel=\"noreferrer noopener\">Experiment 13<\/a><\/li><li><a href=\"https:\/\/issuu.com\/nase.networkastronomyschooledu\/docs\/170-rumania_mayo_2018\" target=\"_blank\" rel=\"noreferrer noopener\">Experiment 14<\/a><\/li><\/ul>\n\n\n\n<p>Afrika<\/p>\n\n\n\n<ul class=\"wp-block-list\"><li><a href=\"https:\/\/issuu.com\/nase.networkastronomyschooledu\/docs\/157-tunisie_mayo_2018\" target=\"_blank\" rel=\"noreferrer noopener\">Experiment 1<\/a><\/li><li><a href=\"https:\/\/issuu.com\/nase.networkastronomyschooledu\/docs\/172-tunisie_mayo_2018\" target=\"_blank\" rel=\"noreferrer noopener\">Experiment 2<\/a><\/li><\/ul>\n<\/div>\n\n\n\n<div class=\"wp-block-uagb-tabs-child uagb-tabs__body-container uagb-inner-tab-3\" aria-labelledby=\"uagb-tabs__tab3\">\n<p> <\/p>\n<\/div>\n\n\n\n<div class=\"wp-block-uagb-tabs-child uagb-tabs__body-container uagb-inner-tab-4 uagb-tabs__inner-tab\" aria-labelledby=\"uagb-tabs__tab4\">\n<div data-wp-interactive=\"core\/file\" class=\"wp-block-file\"><object aria-label=\"PDF be\u00e1gyaz\u00e1s\" data-wp-bind--hidden=\"!state.hasPdfPreview\" hidden><\/object><a id=\"wp-block-file--media-80ed829c-ac41-472a-bb7c-f0c320f2c097\" href=\"https:\/\/www.naseprogram.org\/wp-content\/uploads\/sites\/10\/2022\/06\/summary.pdf\">summary<\/a><a href=\"https:\/\/www.naseprogram.org\/wp-content\/uploads\/sites\/10\/2022\/06\/summary.pdf\" class=\"wp-block-file__button\" download aria-describedby=\"wp-block-file--media-80ed829c-ac41-472a-bb7c-f0c320f2c097\">PDF<\/a><\/div>\n<\/div>\n<\/div><\/div>\n","protected":false},"excerpt":{"rendered":"<p>Ennek eml\u00e9k\u00e9re a NASE azt javasolja minden r\u00e9sztvev\u0151j\u00e9nek \u00e9s oktat\u00f3j\u00e1nak, hogy hajts\u00e1k v\u00e9gre a Herschel-tapasztalatot. B\u00e1r a f\u00e9ny napja m\u00e1jus 16-a, azt javasoljuk minden r\u00e9sztvev\u0151nek, hogy ezt eg\u00e9sz \u00e9vben tegye, b\u00e1r ez nem az a nap, mert mint k\u00f6ztudott, m\u00e1jus 16-a egyes orsz\u00e1gokban az es\u0151s \u00e9vszakba esik. 2018 b\u00e1rmely napj\u00e1n megtehet\u0151 m\u00e1s tan\u00e1rokkal, tanul\u00f3kkal. K\u00e9rj\u00fck, &#8230; <a title=\"A l\u00e1thatatlan m\u00e9r\u00e9se:(2018-ban elk\u00e9sz\u00fclt)\" class=\"read-more\" href=\"https:\/\/www.naseprogram.org\/hu\/iau-unesco-projects\/international-day-of-light-herschel-experiment-completed\/\" aria-label=\"More on A l\u00e1thatatlan m\u00e9r\u00e9se:(2018-ban elk\u00e9sz\u00fclt)\">Read more<\/a><\/p>\n","protected":false},"author":12,"featured_media":0,"parent":304036,"menu_order":0,"comment_status":"closed","ping_status":"closed","template":"","meta":{"_uag_custom_page_level_css":"","_coblocks_attr":"","_coblocks_dimensions":"","_coblocks_responsive_height":"","_coblocks_accordion_ie_support":"","footnotes":""},"class_list":["post-288495","page","type-page","status-publish"],"acf":[],"yoast_head":"<!-- This site is optimized with the Yoast SEO plugin v27.3 - https:\/\/yoast.com\/product\/yoast-seo-wordpress\/ -->\n<title>A l\u00e1thatatlan m\u00e9r\u00e9se:(2018-ban elk\u00e9sz\u00fclt) - NASE<\/title>\n<meta name=\"robots\" content=\"index, follow, max-snippet:-1, max-image-preview:large, max-video-preview:-1\" \/>\n<link rel=\"canonical\" href=\"https:\/\/www.naseprogram.org\/hu\/iau-unesco-projects\/international-day-of-light-herschel-experiment-completed\/\" \/>\n<meta property=\"og:locale\" content=\"hu_HU\" \/>\n<meta property=\"og:type\" content=\"article\" \/>\n<meta property=\"og:title\" content=\"A l\u00e1thatatlan m\u00e9r\u00e9se:(2018-ban elk\u00e9sz\u00fclt) - NASE\" \/>\n<meta property=\"og:description\" content=\"Ennek eml\u00e9k\u00e9re a NASE azt javasolja minden r\u00e9sztvev\u0151j\u00e9nek \u00e9s oktat\u00f3j\u00e1nak, hogy hajts\u00e1k v\u00e9gre a Herschel-tapasztalatot. B\u00e1r a f\u00e9ny napja m\u00e1jus 16-a, azt javasoljuk minden r\u00e9sztvev\u0151nek, hogy ezt eg\u00e9sz \u00e9vben tegye, b\u00e1r ez nem az a nap, mert mint k\u00f6ztudott, m\u00e1jus 16-a egyes orsz\u00e1gokban az es\u0151s \u00e9vszakba esik. 2018 b\u00e1rmely napj\u00e1n megtehet\u0151 m\u00e1s tan\u00e1rokkal, tanul\u00f3kkal. K\u00e9rj\u00fck, ... Read more\" \/>\n<meta property=\"og:url\" content=\"https:\/\/www.naseprogram.org\/hu\/iau-unesco-projects\/international-day-of-light-herschel-experiment-completed\/\" \/>\n<meta property=\"og:site_name\" content=\"NASE\" \/>\n<meta property=\"article:modified_time\" content=\"2022-10-20T07:40:29+00:00\" \/>\n<meta name=\"twitter:card\" content=\"summary_large_image\" \/>\n<meta name=\"twitter:label1\" content=\"Becs\u00fclt olvas\u00e1si id\u0151\" \/>\n\t<meta name=\"twitter:data1\" content=\"2 perc\" \/>\n<script type=\"application\/ld+json\" class=\"yoast-schema-graph\">{\"@context\":\"https:\\\/\\\/schema.org\",\"@graph\":[{\"@type\":\"WebPage\",\"@id\":\"https:\\\/\\\/www.naseprogram.org\\\/hu\\\/iau-unesco-projects\\\/international-day-of-light-herschel-experiment-completed\\\/\",\"url\":\"https:\\\/\\\/www.naseprogram.org\\\/hu\\\/iau-unesco-projects\\\/international-day-of-light-herschel-experiment-completed\\\/\",\"name\":\"A l\u00e1thatatlan m\u00e9r\u00e9se:(2018-ban elk\u00e9sz\u00fclt) - NASE\",\"isPartOf\":{\"@id\":\"https:\\\/\\\/www.naseprogram.org\\\/hu\\\/#website\"},\"datePublished\":\"2022-01-05T22:08:35+00:00\",\"dateModified\":\"2022-10-20T07:40:29+00:00\",\"breadcrumb\":{\"@id\":\"https:\\\/\\\/www.naseprogram.org\\\/hu\\\/iau-unesco-projects\\\/international-day-of-light-herschel-experiment-completed\\\/#breadcrumb\"},\"inLanguage\":\"hu\",\"potentialAction\":[{\"@type\":\"ReadAction\",\"target\":[\"https:\\\/\\\/www.naseprogram.org\\\/hu\\\/iau-unesco-projects\\\/international-day-of-light-herschel-experiment-completed\\\/\"]}]},{\"@type\":\"BreadcrumbList\",\"@id\":\"https:\\\/\\\/www.naseprogram.org\\\/hu\\\/iau-unesco-projects\\\/international-day-of-light-herschel-experiment-completed\\\/#breadcrumb\",\"itemListElement\":[{\"@type\":\"ListItem\",\"position\":1,\"name\":\"Home\",\"item\":\"https:\\\/\\\/www.naseprogram.org\\\/hu\\\/\"},{\"@type\":\"ListItem\",\"position\":2,\"name\":\"IAU\\\/UNESCO projektek\",\"item\":\"https:\\\/\\\/www.naseprogram.org\\\/hu\\\/iau-unesco-projects\\\/\"},{\"@type\":\"ListItem\",\"position\":3,\"name\":\"A l\u00e1thatatlan m\u00e9r\u00e9se:(2018-ban elk\u00e9sz\u00fclt)\"}]},{\"@type\":\"WebSite\",\"@id\":\"https:\\\/\\\/www.naseprogram.org\\\/hu\\\/#website\",\"url\":\"https:\\\/\\\/www.naseprogram.org\\\/hu\\\/\",\"name\":\"NASE\",\"description\":\"Network for Astronomy School Education\",\"publisher\":{\"@id\":\"https:\\\/\\\/www.naseprogram.org\\\/hu\\\/#organization\"},\"potentialAction\":[{\"@type\":\"SearchAction\",\"target\":{\"@type\":\"EntryPoint\",\"urlTemplate\":\"https:\\\/\\\/www.naseprogram.org\\\/hu\\\/?s={search_term_string}\"},\"query-input\":{\"@type\":\"PropertyValueSpecification\",\"valueRequired\":true,\"valueName\":\"search_term_string\"}}],\"inLanguage\":\"hu\"},{\"@type\":\"Organization\",\"@id\":\"https:\\\/\\\/www.naseprogram.org\\\/hu\\\/#organization\",\"name\":\"NASE\",\"url\":\"https:\\\/\\\/www.naseprogram.org\\\/hu\\\/\",\"logo\":{\"@type\":\"ImageObject\",\"inLanguage\":\"hu\",\"@id\":\"https:\\\/\\\/www.naseprogram.org\\\/hu\\\/#\\\/schema\\\/logo\\\/image\\\/\",\"url\":\"https:\\\/\\\/www.naseprogram.org\\\/wp-content\\\/uploads\\\/sites\\\/10\\\/2021\\\/12\\\/naselogo.png\",\"contentUrl\":\"https:\\\/\\\/www.naseprogram.org\\\/wp-content\\\/uploads\\\/sites\\\/10\\\/2021\\\/12\\\/naselogo.png\",\"width\":234,\"height\":91,\"caption\":\"NASE\"},\"image\":{\"@id\":\"https:\\\/\\\/www.naseprogram.org\\\/hu\\\/#\\\/schema\\\/logo\\\/image\\\/\"}}]}<\/script>\n<!-- \/ Yoast SEO plugin. -->","yoast_head_json":{"title":"A l\u00e1thatatlan m\u00e9r\u00e9se:(2018-ban elk\u00e9sz\u00fclt) - NASE","robots":{"index":"index","follow":"follow","max-snippet":"max-snippet:-1","max-image-preview":"max-image-preview:large","max-video-preview":"max-video-preview:-1"},"canonical":"https:\/\/www.naseprogram.org\/hu\/iau-unesco-projects\/international-day-of-light-herschel-experiment-completed\/","og_locale":"hu_HU","og_type":"article","og_title":"A l\u00e1thatatlan m\u00e9r\u00e9se:(2018-ban elk\u00e9sz\u00fclt) - NASE","og_description":"Ennek eml\u00e9k\u00e9re a NASE azt javasolja minden r\u00e9sztvev\u0151j\u00e9nek \u00e9s oktat\u00f3j\u00e1nak, hogy hajts\u00e1k v\u00e9gre a Herschel-tapasztalatot. B\u00e1r a f\u00e9ny napja m\u00e1jus 16-a, azt javasoljuk minden r\u00e9sztvev\u0151nek, hogy ezt eg\u00e9sz \u00e9vben tegye, b\u00e1r ez nem az a nap, mert mint k\u00f6ztudott, m\u00e1jus 16-a egyes orsz\u00e1gokban az es\u0151s \u00e9vszakba esik. 2018 b\u00e1rmely napj\u00e1n megtehet\u0151 m\u00e1s tan\u00e1rokkal, tanul\u00f3kkal. K\u00e9rj\u00fck, ... Read more","og_url":"https:\/\/www.naseprogram.org\/hu\/iau-unesco-projects\/international-day-of-light-herschel-experiment-completed\/","og_site_name":"NASE","article_modified_time":"2022-10-20T07:40:29+00:00","twitter_card":"summary_large_image","twitter_misc":{"Becs\u00fclt olvas\u00e1si id\u0151":"2 perc"},"schema":{"@context":"https:\/\/schema.org","@graph":[{"@type":"WebPage","@id":"https:\/\/www.naseprogram.org\/hu\/iau-unesco-projects\/international-day-of-light-herschel-experiment-completed\/","url":"https:\/\/www.naseprogram.org\/hu\/iau-unesco-projects\/international-day-of-light-herschel-experiment-completed\/","name":"A l\u00e1thatatlan m\u00e9r\u00e9se:(2018-ban elk\u00e9sz\u00fclt) - NASE","isPartOf":{"@id":"https:\/\/www.naseprogram.org\/hu\/#website"},"datePublished":"2022-01-05T22:08:35+00:00","dateModified":"2022-10-20T07:40:29+00:00","breadcrumb":{"@id":"https:\/\/www.naseprogram.org\/hu\/iau-unesco-projects\/international-day-of-light-herschel-experiment-completed\/#breadcrumb"},"inLanguage":"hu","potentialAction":[{"@type":"ReadAction","target":["https:\/\/www.naseprogram.org\/hu\/iau-unesco-projects\/international-day-of-light-herschel-experiment-completed\/"]}]},{"@type":"BreadcrumbList","@id":"https:\/\/www.naseprogram.org\/hu\/iau-unesco-projects\/international-day-of-light-herschel-experiment-completed\/#breadcrumb","itemListElement":[{"@type":"ListItem","position":1,"name":"Home","item":"https:\/\/www.naseprogram.org\/hu\/"},{"@type":"ListItem","position":2,"name":"IAU\/UNESCO projektek","item":"https:\/\/www.naseprogram.org\/hu\/iau-unesco-projects\/"},{"@type":"ListItem","position":3,"name":"A l\u00e1thatatlan m\u00e9r\u00e9se:(2018-ban elk\u00e9sz\u00fclt)"}]},{"@type":"WebSite","@id":"https:\/\/www.naseprogram.org\/hu\/#website","url":"https:\/\/www.naseprogram.org\/hu\/","name":"NASE","description":"Network for Astronomy School Education","publisher":{"@id":"https:\/\/www.naseprogram.org\/hu\/#organization"},"potentialAction":[{"@type":"SearchAction","target":{"@type":"EntryPoint","urlTemplate":"https:\/\/www.naseprogram.org\/hu\/?s={search_term_string}"},"query-input":{"@type":"PropertyValueSpecification","valueRequired":true,"valueName":"search_term_string"}}],"inLanguage":"hu"},{"@type":"Organization","@id":"https:\/\/www.naseprogram.org\/hu\/#organization","name":"NASE","url":"https:\/\/www.naseprogram.org\/hu\/","logo":{"@type":"ImageObject","inLanguage":"hu","@id":"https:\/\/www.naseprogram.org\/hu\/#\/schema\/logo\/image\/","url":"https:\/\/www.naseprogram.org\/wp-content\/uploads\/sites\/10\/2021\/12\/naselogo.png","contentUrl":"https:\/\/www.naseprogram.org\/wp-content\/uploads\/sites\/10\/2021\/12\/naselogo.png","width":234,"height":91,"caption":"NASE"},"image":{"@id":"https:\/\/www.naseprogram.org\/hu\/#\/schema\/logo\/image\/"}}]}},"uagb_featured_image_src":{"full":false,"thumbnail":false,"medium":false,"medium_large":false,"large":false,"1536x1536":false,"2048x2048":false},"uagb_author_info":{"display_name":"lifetimemedia","author_link":"https:\/\/www.naseprogram.org\/hu\/author\/lifetimemedia\/"},"uagb_comment_info":0,"uagb_excerpt":"Ennek eml\u00e9k\u00e9re a NASE azt javasolja minden r\u00e9sztvev\u0151j\u00e9nek \u00e9s oktat\u00f3j\u00e1nak, hogy hajts\u00e1k v\u00e9gre a Herschel-tapasztalatot. B\u00e1r a f\u00e9ny napja m\u00e1jus 16-a, azt javasoljuk minden r\u00e9sztvev\u0151nek, hogy ezt eg\u00e9sz \u00e9vben tegye, b\u00e1r ez nem az a nap, mert mint k\u00f6ztudott, m\u00e1jus 16-a egyes orsz\u00e1gokban az es\u0151s \u00e9vszakba esik. 2018 b\u00e1rmely napj\u00e1n megtehet\u0151 m\u00e1s tan\u00e1rokkal, tanul\u00f3kkal. K\u00e9rj\u00fck,&hellip;","_links":{"self":[{"href":"https:\/\/www.naseprogram.org\/hu\/wp-json\/wp\/v2\/pages\/288495","targetHints":{"allow":["GET"]}}],"collection":[{"href":"https:\/\/www.naseprogram.org\/hu\/wp-json\/wp\/v2\/pages"}],"about":[{"href":"https:\/\/www.naseprogram.org\/hu\/wp-json\/wp\/v2\/types\/page"}],"author":[{"embeddable":true,"href":"https:\/\/www.naseprogram.org\/hu\/wp-json\/wp\/v2\/users\/12"}],"replies":[{"embeddable":true,"href":"https:\/\/www.naseprogram.org\/hu\/wp-json\/wp\/v2\/comments?post=288495"}],"version-history":[{"count":5,"href":"https:\/\/www.naseprogram.org\/hu\/wp-json\/wp\/v2\/pages\/288495\/revisions"}],"predecessor-version":[{"id":323199,"href":"https:\/\/www.naseprogram.org\/hu\/wp-json\/wp\/v2\/pages\/288495\/revisions\/323199"}],"up":[{"embeddable":true,"href":"https:\/\/www.naseprogram.org\/hu\/wp-json\/wp\/v2\/pages\/304036"}],"wp:attachment":[{"href":"https:\/\/www.naseprogram.org\/hu\/wp-json\/wp\/v2\/media?parent=288495"}],"curies":[{"name":"wp","href":"https:\/\/api.w.org\/{rel}","templated":true}]}}