{"id":304036,"date":"2021-12-31T10:50:26","date_gmt":"2021-12-31T13:50:26","guid":{"rendered":"https:\/\/naseprogram.wp-ms.ahuekna.org.ar\/iau-unesco-projects\/"},"modified":"2023-04-13T13:07:50","modified_gmt":"2023-04-13T16:07:50","slug":"iau-unesco-projects","status":"publish","type":"page","link":"https:\/\/www.naseprogram.org\/hu\/iau-unesco-projects\/","title":{"rendered":"IAU\/UNESCO projektek"},"content":{"rendered":"\n<p>Az UNESCO \u00e1ltal \u00e9vente \u00f6sszeh\u00edvott F\u00e9ny Nemzetk\u00f6zi Napja alkalm\u00e1b\u00f3l a NASE minden r\u00e9sztvev\u0151j\u00e9nek \u00e9s oktat\u00f3j\u00e1nak egy egyszer\u0171, de nagy oktat\u00e1si \u00e9rdekl\u0151d\u00e9sre sz\u00e1mot tart\u00f3 \u00e9lm\u00e9ny megval\u00f3s\u00edt\u00e1s\u00e1t javasolja.<br>B\u00e1r a f\u00e9ny napja m\u00e1jus 16-a, azt javasoljuk, hogy minden r\u00e9sztvev\u0151 f\u00e9l \u00e9ven \u00e1t tegye ezt, a m\u00e1rciusi nap\u00e9jegyenl\u0151s\u00e9gt\u0151l a szeptemberi nap\u00e9jegyenl\u0151s\u00e9gig. Nem korl\u00e1toz\u00f3dik m\u00e1jus 16-ra, mert, mint k\u00f6ztudott, ez a nap egyes orsz\u00e1gokban az es\u0151s \u00e9vszakba esik. Emiatt az \u00e9rdekl\u0151d\u0151 tan\u00e1rok f\u00e9l \u00e9ven \u00e1t egy\u00fctt v\u00e9gezhetik a di\u00e1kjaikat. K\u00e9rj\u00fck, sz\u00edveskedjen n\u00e9h\u00e1ny aj\u00e1nl\u00f3 fot\u00f3t \u00e9s az \u00e9lm\u00e9ny fejleszt\u00e9se sor\u00e1n szerzett megfigyel\u00e9sek adatait k\u00fcldeni. A bevezet\u0151 anyagban tal\u00e1lhat\u00f3 t\u00e1bl\u00e1zat az \u00e9lm\u00e9nyre val\u00f3 felk\u00e9sz\u00fcl\u00e9shez olvassa el. Sok sikert \u00e9s felh\u0151tlen napot vagy \u00e9jszak\u00e1t ehhez.<\/p>\n\n\n\n<p><a href=\"https:\/\/www.lightday.org\/events\" target=\"_blank\" rel=\"noreferrer noopener\">Link az UNESCO weboldal\u00e1ra, ahol minden munka megtal\u00e1lhat\u00f3 (a NASE projekt a v\u00e9g\u00e9n jelenik meg, &#8222;vil\u00e1gszerte&#8221;)<\/a><\/p>\n","protected":false},"excerpt":{"rendered":"<p>Az UNESCO \u00e1ltal \u00e9vente \u00f6sszeh\u00edvott F\u00e9ny Nemzetk\u00f6zi Napja alkalm\u00e1b\u00f3l a NASE minden r\u00e9sztvev\u0151j\u00e9nek \u00e9s oktat\u00f3j\u00e1nak egy egyszer\u0171, de nagy oktat\u00e1si \u00e9rdekl\u0151d\u00e9sre sz\u00e1mot tart\u00f3 \u00e9lm\u00e9ny megval\u00f3s\u00edt\u00e1s\u00e1t javasolja.B\u00e1r a f\u00e9ny napja m\u00e1jus 16-a, azt javasoljuk, hogy minden r\u00e9sztvev\u0151 f\u00e9l \u00e9ven \u00e1t tegye ezt, a m\u00e1rciusi nap\u00e9jegyenl\u0151s\u00e9gt\u0151l a szeptemberi nap\u00e9jegyenl\u0151s\u00e9gig. Nem korl\u00e1toz\u00f3dik m\u00e1jus 16-ra, mert, mint k\u00f6ztudott, ez &#8230; <a title=\"IAU\/UNESCO projektek\" class=\"read-more\" href=\"https:\/\/www.naseprogram.org\/hu\/iau-unesco-projects\/\" aria-label=\"More on IAU\/UNESCO projektek\">Read more<\/a><\/p>\n","protected":false},"author":12,"featured_media":0,"parent":0,"menu_order":0,"comment_status":"closed","ping_status":"closed","template":"","meta":{"_uag_custom_page_level_css":"","_coblocks_attr":"","_coblocks_dimensions":"","_coblocks_responsive_height":"","_coblocks_accordion_ie_support":"","footnotes":""},"class_list":["post-304036","page","type-page","status-publish"],"acf":[],"yoast_head":"<!-- This site is optimized with the Yoast SEO plugin v27.3 - https:\/\/yoast.com\/product\/yoast-seo-wordpress\/ -->\n<title>IAU\/UNESCO projektek - NASE<\/title>\n<meta name=\"robots\" content=\"index, follow, max-snippet:-1, max-image-preview:large, max-video-preview:-1\" \/>\n<link rel=\"canonical\" href=\"https:\/\/www.naseprogram.org\/hu\/iau-unesco-projects\/\" \/>\n<meta property=\"og:locale\" content=\"hu_HU\" \/>\n<meta property=\"og:type\" content=\"article\" \/>\n<meta property=\"og:title\" content=\"IAU\/UNESCO projektek - NASE\" \/>\n<meta property=\"og:description\" content=\"Az UNESCO \u00e1ltal \u00e9vente \u00f6sszeh\u00edvott F\u00e9ny Nemzetk\u00f6zi Napja alkalm\u00e1b\u00f3l a NASE minden r\u00e9sztvev\u0151j\u00e9nek \u00e9s oktat\u00f3j\u00e1nak egy egyszer\u0171, de nagy oktat\u00e1si \u00e9rdekl\u0151d\u00e9sre sz\u00e1mot tart\u00f3 \u00e9lm\u00e9ny megval\u00f3s\u00edt\u00e1s\u00e1t javasolja.B\u00e1r a f\u00e9ny napja m\u00e1jus 16-a, azt javasoljuk, hogy minden r\u00e9sztvev\u0151 f\u00e9l \u00e9ven \u00e1t tegye ezt, a m\u00e1rciusi nap\u00e9jegyenl\u0151s\u00e9gt\u0151l a szeptemberi nap\u00e9jegyenl\u0151s\u00e9gig. Nem korl\u00e1toz\u00f3dik m\u00e1jus 16-ra, mert, mint k\u00f6ztudott, ez ... Read more\" \/>\n<meta property=\"og:url\" content=\"https:\/\/www.naseprogram.org\/hu\/iau-unesco-projects\/\" \/>\n<meta property=\"og:site_name\" content=\"NASE\" \/>\n<meta property=\"article:modified_time\" content=\"2023-04-13T16:07:50+00:00\" \/>\n<meta name=\"twitter:card\" content=\"summary_large_image\" \/>\n<meta name=\"twitter:label1\" content=\"Becs\u00fclt olvas\u00e1si id\u0151\" \/>\n\t<meta name=\"twitter:data1\" content=\"1 perc\" \/>\n<script type=\"application\/ld+json\" class=\"yoast-schema-graph\">{\"@context\":\"https:\\\/\\\/schema.org\",\"@graph\":[{\"@type\":\"WebPage\",\"@id\":\"https:\\\/\\\/www.naseprogram.org\\\/hu\\\/iau-unesco-projects\\\/\",\"url\":\"https:\\\/\\\/www.naseprogram.org\\\/hu\\\/iau-unesco-projects\\\/\",\"name\":\"IAU\\\/UNESCO projektek - NASE\",\"isPartOf\":{\"@id\":\"https:\\\/\\\/www.naseprogram.org\\\/hu\\\/#website\"},\"datePublished\":\"2021-12-31T13:50:26+00:00\",\"dateModified\":\"2023-04-13T16:07:50+00:00\",\"breadcrumb\":{\"@id\":\"https:\\\/\\\/www.naseprogram.org\\\/hu\\\/iau-unesco-projects\\\/#breadcrumb\"},\"inLanguage\":\"hu\",\"potentialAction\":[{\"@type\":\"ReadAction\",\"target\":[\"https:\\\/\\\/www.naseprogram.org\\\/hu\\\/iau-unesco-projects\\\/\"]}]},{\"@type\":\"BreadcrumbList\",\"@id\":\"https:\\\/\\\/www.naseprogram.org\\\/hu\\\/iau-unesco-projects\\\/#breadcrumb\",\"itemListElement\":[{\"@type\":\"ListItem\",\"position\":1,\"name\":\"Home\",\"item\":\"https:\\\/\\\/www.naseprogram.org\\\/hu\\\/\"},{\"@type\":\"ListItem\",\"position\":2,\"name\":\"IAU\\\/UNESCO projektek\"}]},{\"@type\":\"WebSite\",\"@id\":\"https:\\\/\\\/www.naseprogram.org\\\/hu\\\/#website\",\"url\":\"https:\\\/\\\/www.naseprogram.org\\\/hu\\\/\",\"name\":\"NASE\",\"description\":\"Network for Astronomy School Education\",\"publisher\":{\"@id\":\"https:\\\/\\\/www.naseprogram.org\\\/hu\\\/#organization\"},\"potentialAction\":[{\"@type\":\"SearchAction\",\"target\":{\"@type\":\"EntryPoint\",\"urlTemplate\":\"https:\\\/\\\/www.naseprogram.org\\\/hu\\\/?s={search_term_string}\"},\"query-input\":{\"@type\":\"PropertyValueSpecification\",\"valueRequired\":true,\"valueName\":\"search_term_string\"}}],\"inLanguage\":\"hu\"},{\"@type\":\"Organization\",\"@id\":\"https:\\\/\\\/www.naseprogram.org\\\/hu\\\/#organization\",\"name\":\"NASE\",\"url\":\"https:\\\/\\\/www.naseprogram.org\\\/hu\\\/\",\"logo\":{\"@type\":\"ImageObject\",\"inLanguage\":\"hu\",\"@id\":\"https:\\\/\\\/www.naseprogram.org\\\/hu\\\/#\\\/schema\\\/logo\\\/image\\\/\",\"url\":\"https:\\\/\\\/www.naseprogram.org\\\/wp-content\\\/uploads\\\/sites\\\/10\\\/2021\\\/12\\\/naselogo.png\",\"contentUrl\":\"https:\\\/\\\/www.naseprogram.org\\\/wp-content\\\/uploads\\\/sites\\\/10\\\/2021\\\/12\\\/naselogo.png\",\"width\":234,\"height\":91,\"caption\":\"NASE\"},\"image\":{\"@id\":\"https:\\\/\\\/www.naseprogram.org\\\/hu\\\/#\\\/schema\\\/logo\\\/image\\\/\"}}]}<\/script>\n<!-- \/ Yoast SEO plugin. -->","yoast_head_json":{"title":"IAU\/UNESCO projektek - NASE","robots":{"index":"index","follow":"follow","max-snippet":"max-snippet:-1","max-image-preview":"max-image-preview:large","max-video-preview":"max-video-preview:-1"},"canonical":"https:\/\/www.naseprogram.org\/hu\/iau-unesco-projects\/","og_locale":"hu_HU","og_type":"article","og_title":"IAU\/UNESCO projektek - NASE","og_description":"Az UNESCO \u00e1ltal \u00e9vente \u00f6sszeh\u00edvott F\u00e9ny Nemzetk\u00f6zi Napja alkalm\u00e1b\u00f3l a NASE minden r\u00e9sztvev\u0151j\u00e9nek \u00e9s oktat\u00f3j\u00e1nak egy egyszer\u0171, de nagy oktat\u00e1si \u00e9rdekl\u0151d\u00e9sre sz\u00e1mot tart\u00f3 \u00e9lm\u00e9ny megval\u00f3s\u00edt\u00e1s\u00e1t javasolja.B\u00e1r a f\u00e9ny napja m\u00e1jus 16-a, azt javasoljuk, hogy minden r\u00e9sztvev\u0151 f\u00e9l \u00e9ven \u00e1t tegye ezt, a m\u00e1rciusi nap\u00e9jegyenl\u0151s\u00e9gt\u0151l a szeptemberi nap\u00e9jegyenl\u0151s\u00e9gig. Nem korl\u00e1toz\u00f3dik m\u00e1jus 16-ra, mert, mint k\u00f6ztudott, ez ... Read more","og_url":"https:\/\/www.naseprogram.org\/hu\/iau-unesco-projects\/","og_site_name":"NASE","article_modified_time":"2023-04-13T16:07:50+00:00","twitter_card":"summary_large_image","twitter_misc":{"Becs\u00fclt olvas\u00e1si id\u0151":"1 perc"},"schema":{"@context":"https:\/\/schema.org","@graph":[{"@type":"WebPage","@id":"https:\/\/www.naseprogram.org\/hu\/iau-unesco-projects\/","url":"https:\/\/www.naseprogram.org\/hu\/iau-unesco-projects\/","name":"IAU\/UNESCO projektek - NASE","isPartOf":{"@id":"https:\/\/www.naseprogram.org\/hu\/#website"},"datePublished":"2021-12-31T13:50:26+00:00","dateModified":"2023-04-13T16:07:50+00:00","breadcrumb":{"@id":"https:\/\/www.naseprogram.org\/hu\/iau-unesco-projects\/#breadcrumb"},"inLanguage":"hu","potentialAction":[{"@type":"ReadAction","target":["https:\/\/www.naseprogram.org\/hu\/iau-unesco-projects\/"]}]},{"@type":"BreadcrumbList","@id":"https:\/\/www.naseprogram.org\/hu\/iau-unesco-projects\/#breadcrumb","itemListElement":[{"@type":"ListItem","position":1,"name":"Home","item":"https:\/\/www.naseprogram.org\/hu\/"},{"@type":"ListItem","position":2,"name":"IAU\/UNESCO projektek"}]},{"@type":"WebSite","@id":"https:\/\/www.naseprogram.org\/hu\/#website","url":"https:\/\/www.naseprogram.org\/hu\/","name":"NASE","description":"Network for Astronomy School Education","publisher":{"@id":"https:\/\/www.naseprogram.org\/hu\/#organization"},"potentialAction":[{"@type":"SearchAction","target":{"@type":"EntryPoint","urlTemplate":"https:\/\/www.naseprogram.org\/hu\/?s={search_term_string}"},"query-input":{"@type":"PropertyValueSpecification","valueRequired":true,"valueName":"search_term_string"}}],"inLanguage":"hu"},{"@type":"Organization","@id":"https:\/\/www.naseprogram.org\/hu\/#organization","name":"NASE","url":"https:\/\/www.naseprogram.org\/hu\/","logo":{"@type":"ImageObject","inLanguage":"hu","@id":"https:\/\/www.naseprogram.org\/hu\/#\/schema\/logo\/image\/","url":"https:\/\/www.naseprogram.org\/wp-content\/uploads\/sites\/10\/2021\/12\/naselogo.png","contentUrl":"https:\/\/www.naseprogram.org\/wp-content\/uploads\/sites\/10\/2021\/12\/naselogo.png","width":234,"height":91,"caption":"NASE"},"image":{"@id":"https:\/\/www.naseprogram.org\/hu\/#\/schema\/logo\/image\/"}}]}},"uagb_featured_image_src":{"full":false,"thumbnail":false,"medium":false,"medium_large":false,"large":false,"1536x1536":false,"2048x2048":false},"uagb_author_info":{"display_name":"lifetimemedia","author_link":"https:\/\/www.naseprogram.org\/hu\/author\/lifetimemedia\/"},"uagb_comment_info":0,"uagb_excerpt":"Az UNESCO \u00e1ltal \u00e9vente \u00f6sszeh\u00edvott F\u00e9ny Nemzetk\u00f6zi Napja alkalm\u00e1b\u00f3l a NASE minden r\u00e9sztvev\u0151j\u00e9nek \u00e9s oktat\u00f3j\u00e1nak egy egyszer\u0171, de nagy oktat\u00e1si \u00e9rdekl\u0151d\u00e9sre sz\u00e1mot tart\u00f3 \u00e9lm\u00e9ny megval\u00f3s\u00edt\u00e1s\u00e1t javasolja.B\u00e1r a f\u00e9ny napja m\u00e1jus 16-a, azt javasoljuk, hogy minden r\u00e9sztvev\u0151 f\u00e9l \u00e9ven \u00e1t tegye ezt, a m\u00e1rciusi nap\u00e9jegyenl\u0151s\u00e9gt\u0151l a szeptemberi nap\u00e9jegyenl\u0151s\u00e9gig. Nem korl\u00e1toz\u00f3dik m\u00e1jus 16-ra, mert, mint k\u00f6ztudott, ez&hellip;","_links":{"self":[{"href":"https:\/\/www.naseprogram.org\/hu\/wp-json\/wp\/v2\/pages\/304036","targetHints":{"allow":["GET"]}}],"collection":[{"href":"https:\/\/www.naseprogram.org\/hu\/wp-json\/wp\/v2\/pages"}],"about":[{"href":"https:\/\/www.naseprogram.org\/hu\/wp-json\/wp\/v2\/types\/page"}],"author":[{"embeddable":true,"href":"https:\/\/www.naseprogram.org\/hu\/wp-json\/wp\/v2\/users\/12"}],"replies":[{"embeddable":true,"href":"https:\/\/www.naseprogram.org\/hu\/wp-json\/wp\/v2\/comments?post=304036"}],"version-history":[{"count":5,"href":"https:\/\/www.naseprogram.org\/hu\/wp-json\/wp\/v2\/pages\/304036\/revisions"}],"predecessor-version":[{"id":404326,"href":"https:\/\/www.naseprogram.org\/hu\/wp-json\/wp\/v2\/pages\/304036\/revisions\/404326"}],"wp:attachment":[{"href":"https:\/\/www.naseprogram.org\/hu\/wp-json\/wp\/v2\/media?parent=304036"}],"curies":[{"name":"wp","href":"https:\/\/api.w.org\/{rel}","templated":true}]}}