{"id":292510,"date":"2021-12-31T10:46:21","date_gmt":"2021-12-31T13:46:21","guid":{"rendered":"https:\/\/naseprogram.wp-ms.ahuekna.org.ar\/content-and-modalities\/"},"modified":"2022-09-05T14:27:36","modified_gmt":"2022-09-05T17:27:36","slug":"contenido-y-modalidades","status":"publish","type":"page","link":"https:\/\/www.naseprogram.org\/hy\/contenido-y-modalidades\/","title":{"rendered":"Contenido y modalidades"},"content":{"rendered":"\n<p><strong>PROP\u00d3SITO<\/strong><\/p>\n\n\n\n<p>El prop\u00f3sito de los cursos gratuitos de NASE es promover la ense\u00f1anza de la astronom\u00eda formando al profesorado (primaria, secundaria y universitaria) y fomentar la ense\u00f1anza\/aprendizaje activo de la disciplina mediante modelos y observaci\u00f3n de fen\u00f3menos.<\/p>\n\n\n\n<p><strong>REQUISITOS Y \/O EXPERIENCIA PROFESIONAL REQUERIDAS DE LOS PARTICIPANTES<\/strong><\/p>\n\n\n\n<p>Docentes de educaci\u00f3n primaria, profesores de secundaria de cualquier \u00e1rea, profesores de nivel terciario (profesorados de ciencias) y el ciclo b\u00e1sico universitario de carreras afines, alumnos avanzados de profesorado, alumnos del ciclo b\u00e1sico universitario de carreras afines. No es necesario conocimientos previos de astronom\u00eda.<\/p>\n\n\n\n<p><strong>FORMATO<\/strong>&nbsp;\u2013 (Todos los cursos se pueden dar presenciales, online o h\u00edbridos)<\/p>\n\n\n\n<p>El curso general de Astronom\u00eda, Astrof\u00edsica, Astrobiolog\u00eda y Astro-cultura se da en 4 d\u00edas de clases sobre conceptos b\u00e1sicos e incluye observaciones y una visita astron\u00f3mica. Contiene 4 conferencias, 10 talleres y 3 grupos de trabajo.<\/p>\n","protected":false},"excerpt":{"rendered":"<p>PROP\u00d3SITO El prop\u00f3sito de los cursos gratuitos de NASE es promover la ense\u00f1anza de la astronom\u00eda formando al profesorado (primaria, secundaria y universitaria) y fomentar la ense\u00f1anza\/aprendizaje activo de la disciplina mediante modelos y observaci\u00f3n de fen\u00f3menos. REQUISITOS Y \/O EXPERIENCIA PROFESIONAL REQUERIDAS DE LOS PARTICIPANTES Docentes de educaci\u00f3n primaria, profesores de secundaria de cualquier &#8230; <a title=\"Contenido y modalidades\" class=\"read-more\" href=\"https:\/\/www.naseprogram.org\/hy\/contenido-y-modalidades\/\" aria-label=\"More on Contenido y modalidades\">Read more<\/a><\/p>\n","protected":false},"author":12,"featured_media":0,"parent":0,"menu_order":0,"comment_status":"closed","ping_status":"closed","template":"","meta":{"_uag_custom_page_level_css":"","_coblocks_attr":"","_coblocks_dimensions":"","_coblocks_responsive_height":"","_coblocks_accordion_ie_support":"","footnotes":""},"class_list":["post-292510","page","type-page","status-publish"],"acf":[],"yoast_head":"<!-- This site is optimized with the Yoast SEO plugin v27.3 - https:\/\/yoast.com\/product\/yoast-seo-wordpress\/ -->\n<title>Contenido y modalidades - NASE<\/title>\n<meta name=\"robots\" content=\"index, follow, max-snippet:-1, max-image-preview:large, max-video-preview:-1\" \/>\n<link rel=\"canonical\" href=\"https:\/\/www.naseprogram.org\/hy\/contenido-y-modalidades\/\" \/>\n<meta property=\"og:locale\" content=\"hy_AM\" \/>\n<meta property=\"og:type\" content=\"article\" \/>\n<meta property=\"og:title\" content=\"Contenido y modalidades - NASE\" \/>\n<meta property=\"og:description\" content=\"PROP\u00d3SITO El prop\u00f3sito de los cursos gratuitos de NASE es promover la ense\u00f1anza de la astronom\u00eda formando al profesorado (primaria, secundaria y universitaria) y fomentar la ense\u00f1anza\/aprendizaje activo de la disciplina mediante modelos y observaci\u00f3n de fen\u00f3menos. REQUISITOS Y \/O EXPERIENCIA PROFESIONAL REQUERIDAS DE LOS PARTICIPANTES Docentes de educaci\u00f3n primaria, profesores de secundaria de cualquier ... Read more\" \/>\n<meta property=\"og:url\" content=\"https:\/\/www.naseprogram.org\/hy\/contenido-y-modalidades\/\" \/>\n<meta property=\"og:site_name\" content=\"NASE\" \/>\n<meta property=\"article:modified_time\" content=\"2022-09-05T17:27:36+00:00\" \/>\n<meta name=\"twitter:card\" content=\"summary_large_image\" \/>\n<meta name=\"twitter:label1\" content=\"Est. reading time\" \/>\n\t<meta name=\"twitter:data1\" content=\"1 minute\" \/>\n<script type=\"application\/ld+json\" class=\"yoast-schema-graph\">{\"@context\":\"https:\\\/\\\/schema.org\",\"@graph\":[{\"@type\":\"WebPage\",\"@id\":\"https:\\\/\\\/www.naseprogram.org\\\/hy\\\/contenido-y-modalidades\\\/\",\"url\":\"https:\\\/\\\/www.naseprogram.org\\\/hy\\\/contenido-y-modalidades\\\/\",\"name\":\"Contenido y modalidades - NASE\",\"isPartOf\":{\"@id\":\"https:\\\/\\\/www.naseprogram.org\\\/hy\\\/#website\"},\"datePublished\":\"2021-12-31T13:46:21+00:00\",\"dateModified\":\"2022-09-05T17:27:36+00:00\",\"breadcrumb\":{\"@id\":\"https:\\\/\\\/www.naseprogram.org\\\/hy\\\/contenido-y-modalidades\\\/#breadcrumb\"},\"inLanguage\":\"hy-AM\",\"potentialAction\":[{\"@type\":\"ReadAction\",\"target\":[\"https:\\\/\\\/www.naseprogram.org\\\/hy\\\/contenido-y-modalidades\\\/\"]}]},{\"@type\":\"BreadcrumbList\",\"@id\":\"https:\\\/\\\/www.naseprogram.org\\\/hy\\\/contenido-y-modalidades\\\/#breadcrumb\",\"itemListElement\":[{\"@type\":\"ListItem\",\"position\":1,\"name\":\"Home\",\"item\":\"https:\\\/\\\/www.naseprogram.org\\\/hy\\\/\"},{\"@type\":\"ListItem\",\"position\":2,\"name\":\"Contenido y modalidades\"}]},{\"@type\":\"WebSite\",\"@id\":\"https:\\\/\\\/www.naseprogram.org\\\/hy\\\/#website\",\"url\":\"https:\\\/\\\/www.naseprogram.org\\\/hy\\\/\",\"name\":\"NASE\",\"description\":\"Network for Astronomy School Education\",\"publisher\":{\"@id\":\"https:\\\/\\\/www.naseprogram.org\\\/hy\\\/#organization\"},\"potentialAction\":[{\"@type\":\"SearchAction\",\"target\":{\"@type\":\"EntryPoint\",\"urlTemplate\":\"https:\\\/\\\/www.naseprogram.org\\\/hy\\\/?s={search_term_string}\"},\"query-input\":{\"@type\":\"PropertyValueSpecification\",\"valueRequired\":true,\"valueName\":\"search_term_string\"}}],\"inLanguage\":\"hy-AM\"},{\"@type\":\"Organization\",\"@id\":\"https:\\\/\\\/www.naseprogram.org\\\/hy\\\/#organization\",\"name\":\"NASE\",\"url\":\"https:\\\/\\\/www.naseprogram.org\\\/hy\\\/\",\"logo\":{\"@type\":\"ImageObject\",\"inLanguage\":\"hy-AM\",\"@id\":\"https:\\\/\\\/www.naseprogram.org\\\/hy\\\/#\\\/schema\\\/logo\\\/image\\\/\",\"url\":\"https:\\\/\\\/www.naseprogram.org\\\/wp-content\\\/uploads\\\/sites\\\/10\\\/2021\\\/12\\\/naselogo.png\",\"contentUrl\":\"https:\\\/\\\/www.naseprogram.org\\\/wp-content\\\/uploads\\\/sites\\\/10\\\/2021\\\/12\\\/naselogo.png\",\"width\":234,\"height\":91,\"caption\":\"NASE\"},\"image\":{\"@id\":\"https:\\\/\\\/www.naseprogram.org\\\/hy\\\/#\\\/schema\\\/logo\\\/image\\\/\"}}]}<\/script>\n<!-- \/ Yoast SEO plugin. -->","yoast_head_json":{"title":"Contenido y modalidades - NASE","robots":{"index":"index","follow":"follow","max-snippet":"max-snippet:-1","max-image-preview":"max-image-preview:large","max-video-preview":"max-video-preview:-1"},"canonical":"https:\/\/www.naseprogram.org\/hy\/contenido-y-modalidades\/","og_locale":"hy_AM","og_type":"article","og_title":"Contenido y modalidades - NASE","og_description":"PROP\u00d3SITO El prop\u00f3sito de los cursos gratuitos de NASE es promover la ense\u00f1anza de la astronom\u00eda formando al profesorado (primaria, secundaria y universitaria) y fomentar la ense\u00f1anza\/aprendizaje activo de la disciplina mediante modelos y observaci\u00f3n de fen\u00f3menos. REQUISITOS Y \/O EXPERIENCIA PROFESIONAL REQUERIDAS DE LOS PARTICIPANTES Docentes de educaci\u00f3n primaria, profesores de secundaria de cualquier ... Read more","og_url":"https:\/\/www.naseprogram.org\/hy\/contenido-y-modalidades\/","og_site_name":"NASE","article_modified_time":"2022-09-05T17:27:36+00:00","twitter_card":"summary_large_image","twitter_misc":{"Est. reading time":"1 minute"},"schema":{"@context":"https:\/\/schema.org","@graph":[{"@type":"WebPage","@id":"https:\/\/www.naseprogram.org\/hy\/contenido-y-modalidades\/","url":"https:\/\/www.naseprogram.org\/hy\/contenido-y-modalidades\/","name":"Contenido y modalidades - NASE","isPartOf":{"@id":"https:\/\/www.naseprogram.org\/hy\/#website"},"datePublished":"2021-12-31T13:46:21+00:00","dateModified":"2022-09-05T17:27:36+00:00","breadcrumb":{"@id":"https:\/\/www.naseprogram.org\/hy\/contenido-y-modalidades\/#breadcrumb"},"inLanguage":"hy-AM","potentialAction":[{"@type":"ReadAction","target":["https:\/\/www.naseprogram.org\/hy\/contenido-y-modalidades\/"]}]},{"@type":"BreadcrumbList","@id":"https:\/\/www.naseprogram.org\/hy\/contenido-y-modalidades\/#breadcrumb","itemListElement":[{"@type":"ListItem","position":1,"name":"Home","item":"https:\/\/www.naseprogram.org\/hy\/"},{"@type":"ListItem","position":2,"name":"Contenido y modalidades"}]},{"@type":"WebSite","@id":"https:\/\/www.naseprogram.org\/hy\/#website","url":"https:\/\/www.naseprogram.org\/hy\/","name":"NASE","description":"Network for Astronomy School Education","publisher":{"@id":"https:\/\/www.naseprogram.org\/hy\/#organization"},"potentialAction":[{"@type":"SearchAction","target":{"@type":"EntryPoint","urlTemplate":"https:\/\/www.naseprogram.org\/hy\/?s={search_term_string}"},"query-input":{"@type":"PropertyValueSpecification","valueRequired":true,"valueName":"search_term_string"}}],"inLanguage":"hy-AM"},{"@type":"Organization","@id":"https:\/\/www.naseprogram.org\/hy\/#organization","name":"NASE","url":"https:\/\/www.naseprogram.org\/hy\/","logo":{"@type":"ImageObject","inLanguage":"hy-AM","@id":"https:\/\/www.naseprogram.org\/hy\/#\/schema\/logo\/image\/","url":"https:\/\/www.naseprogram.org\/wp-content\/uploads\/sites\/10\/2021\/12\/naselogo.png","contentUrl":"https:\/\/www.naseprogram.org\/wp-content\/uploads\/sites\/10\/2021\/12\/naselogo.png","width":234,"height":91,"caption":"NASE"},"image":{"@id":"https:\/\/www.naseprogram.org\/hy\/#\/schema\/logo\/image\/"}}]}},"uagb_featured_image_src":{"full":false,"thumbnail":false,"medium":false,"medium_large":false,"large":false,"1536x1536":false,"2048x2048":false},"uagb_author_info":{"display_name":"lifetimemedia","author_link":"https:\/\/www.naseprogram.org\/hy\/author\/lifetimemedia\/"},"uagb_comment_info":0,"uagb_excerpt":"PROP\u00d3SITO El prop\u00f3sito de los cursos gratuitos de NASE es promover la ense\u00f1anza de la astronom\u00eda formando al profesorado (primaria, secundaria y universitaria) y fomentar la ense\u00f1anza\/aprendizaje activo de la disciplina mediante modelos y observaci\u00f3n de fen\u00f3menos. REQUISITOS Y \/O EXPERIENCIA PROFESIONAL REQUERIDAS DE LOS PARTICIPANTES Docentes de educaci\u00f3n primaria, profesores de secundaria de cualquier&hellip;","_links":{"self":[{"href":"https:\/\/www.naseprogram.org\/hy\/wp-json\/wp\/v2\/pages\/292510","targetHints":{"allow":["GET"]}}],"collection":[{"href":"https:\/\/www.naseprogram.org\/hy\/wp-json\/wp\/v2\/pages"}],"about":[{"href":"https:\/\/www.naseprogram.org\/hy\/wp-json\/wp\/v2\/types\/page"}],"author":[{"embeddable":true,"href":"https:\/\/www.naseprogram.org\/hy\/wp-json\/wp\/v2\/users\/12"}],"replies":[{"embeddable":true,"href":"https:\/\/www.naseprogram.org\/hy\/wp-json\/wp\/v2\/comments?post=292510"}],"version-history":[{"count":4,"href":"https:\/\/www.naseprogram.org\/hy\/wp-json\/wp\/v2\/pages\/292510\/revisions"}],"predecessor-version":[{"id":292627,"href":"https:\/\/www.naseprogram.org\/hy\/wp-json\/wp\/v2\/pages\/292510\/revisions\/292627"}],"wp:attachment":[{"href":"https:\/\/www.naseprogram.org\/hy\/wp-json\/wp\/v2\/media?parent=292510"}],"curies":[{"name":"wp","href":"https:\/\/api.w.org\/{rel}","templated":true}]}}