{"id":366277,"date":"2021-12-31T10:46:09","date_gmt":"2021-12-31T13:46:09","guid":{"rendered":"https:\/\/www.naseprogram.org\/who-we-are\/"},"modified":"2025-02-09T09:31:10","modified_gmt":"2025-02-09T12:31:10","slug":"who-we-are","status":"publish","type":"page","link":"https:\/\/www.naseprogram.org\/lt\/who-we-are\/","title":{"rendered":"Kas mes esame"},"content":{"rendered":"\n<div class=\"wp-block-columns is-layout-flex wp-container-core-columns-is-layout-9d6595d7 wp-block-columns-is-layout-flex\">\n<div class=\"wp-block-column is-layout-flow wp-block-column-is-layout-flow\">\n<p><strong>K\u0117d\u0117:<\/strong><br>Rosa M. Ros<br><em>(Spain)<\/em><\/p>\n<\/div>\n\n\n\n<div class=\"wp-block-column is-layout-flow wp-block-column-is-layout-flow\">\n<p><strong>Pirmininko pavaduotojas:<\/strong><br>Beatriz Garc\u00eda<br><em>(Argentina)<\/em><\/p>\n<\/div>\n<\/div>\n","protected":false},"excerpt":{"rendered":"<p>K\u0117d\u0117:Rosa M. Ros(Spain) Pirmininko pavaduotojas:Beatriz Garc\u00eda(Argentina)<\/p>\n","protected":false},"author":12,"featured_media":0,"parent":0,"menu_order":0,"comment_status":"closed","ping_status":"closed","template":"","meta":{"_uag_custom_page_level_css":"","_coblocks_attr":"","_coblocks_dimensions":"","_coblocks_responsive_height":"","_coblocks_accordion_ie_support":"","footnotes":""},"class_list":["post-366277","page","type-page","status-publish"],"acf":[],"yoast_head":"<!-- This site is optimized with the Yoast SEO plugin v27.5 - https:\/\/yoast.com\/product\/yoast-seo-wordpress\/ -->\n<title>Kas mes esame - NASE<\/title>\n<meta name=\"robots\" content=\"index, follow, max-snippet:-1, max-image-preview:large, max-video-preview:-1\" \/>\n<link rel=\"canonical\" href=\"https:\/\/www.naseprogram.org\/lt\/who-we-are\/\" \/>\n<meta property=\"og:locale\" content=\"lt_LT\" \/>\n<meta property=\"og:type\" content=\"article\" \/>\n<meta property=\"og:title\" content=\"Kas mes esame - NASE\" \/>\n<meta property=\"og:description\" content=\"K\u0117d\u0117:Rosa M. Ros(Spain) Pirmininko pavaduotojas:Beatriz Garc\u00eda(Argentina)\" \/>\n<meta property=\"og:url\" content=\"https:\/\/www.naseprogram.org\/lt\/who-we-are\/\" \/>\n<meta property=\"og:site_name\" content=\"NASE\" \/>\n<meta property=\"article:modified_time\" content=\"2025-02-09T12:31:10+00:00\" \/>\n<meta name=\"twitter:card\" content=\"summary_large_image\" \/>\n<meta name=\"twitter:label1\" content=\"Est. reading time\" \/>\n\t<meta name=\"twitter:data1\" content=\"1 minut\u0117\" \/>\n<script type=\"application\/ld+json\" class=\"yoast-schema-graph\">{\"@context\":\"https:\\\/\\\/schema.org\",\"@graph\":[{\"@type\":\"WebPage\",\"@id\":\"https:\\\/\\\/www.naseprogram.org\\\/lt\\\/who-we-are\\\/\",\"url\":\"https:\\\/\\\/www.naseprogram.org\\\/lt\\\/who-we-are\\\/\",\"name\":\"Kas mes esame - NASE\",\"isPartOf\":{\"@id\":\"https:\\\/\\\/www.naseprogram.org\\\/lt\\\/#website\"},\"datePublished\":\"2021-12-31T13:46:09+00:00\",\"dateModified\":\"2025-02-09T12:31:10+00:00\",\"breadcrumb\":{\"@id\":\"https:\\\/\\\/www.naseprogram.org\\\/lt\\\/who-we-are\\\/#breadcrumb\"},\"inLanguage\":\"lt-LT\",\"potentialAction\":[{\"@type\":\"ReadAction\",\"target\":[\"https:\\\/\\\/www.naseprogram.org\\\/lt\\\/who-we-are\\\/\"]}]},{\"@type\":\"BreadcrumbList\",\"@id\":\"https:\\\/\\\/www.naseprogram.org\\\/lt\\\/who-we-are\\\/#breadcrumb\",\"itemListElement\":[{\"@type\":\"ListItem\",\"position\":1,\"name\":\"Home\",\"item\":\"https:\\\/\\\/www.naseprogram.org\\\/lt\\\/\"},{\"@type\":\"ListItem\",\"position\":2,\"name\":\"Kas mes esame\"}]},{\"@type\":\"WebSite\",\"@id\":\"https:\\\/\\\/www.naseprogram.org\\\/lt\\\/#website\",\"url\":\"https:\\\/\\\/www.naseprogram.org\\\/lt\\\/\",\"name\":\"NASE\",\"description\":\"Network for Astronomy School Education\",\"publisher\":{\"@id\":\"https:\\\/\\\/www.naseprogram.org\\\/lt\\\/#organization\"},\"potentialAction\":[{\"@type\":\"SearchAction\",\"target\":{\"@type\":\"EntryPoint\",\"urlTemplate\":\"https:\\\/\\\/www.naseprogram.org\\\/lt\\\/?s={search_term_string}\"},\"query-input\":{\"@type\":\"PropertyValueSpecification\",\"valueRequired\":true,\"valueName\":\"search_term_string\"}}],\"inLanguage\":\"lt-LT\"},{\"@type\":\"Organization\",\"@id\":\"https:\\\/\\\/www.naseprogram.org\\\/lt\\\/#organization\",\"name\":\"NASE\",\"url\":\"https:\\\/\\\/www.naseprogram.org\\\/lt\\\/\",\"logo\":{\"@type\":\"ImageObject\",\"inLanguage\":\"lt-LT\",\"@id\":\"https:\\\/\\\/www.naseprogram.org\\\/lt\\\/#\\\/schema\\\/logo\\\/image\\\/\",\"url\":\"https:\\\/\\\/www.naseprogram.org\\\/wp-content\\\/uploads\\\/sites\\\/10\\\/2021\\\/12\\\/naselogo.png\",\"contentUrl\":\"https:\\\/\\\/www.naseprogram.org\\\/wp-content\\\/uploads\\\/sites\\\/10\\\/2021\\\/12\\\/naselogo.png\",\"width\":234,\"height\":91,\"caption\":\"NASE\"},\"image\":{\"@id\":\"https:\\\/\\\/www.naseprogram.org\\\/lt\\\/#\\\/schema\\\/logo\\\/image\\\/\"}}]}<\/script>\n<!-- \/ Yoast SEO plugin. -->","yoast_head_json":{"title":"Kas mes esame - NASE","robots":{"index":"index","follow":"follow","max-snippet":"max-snippet:-1","max-image-preview":"max-image-preview:large","max-video-preview":"max-video-preview:-1"},"canonical":"https:\/\/www.naseprogram.org\/lt\/who-we-are\/","og_locale":"lt_LT","og_type":"article","og_title":"Kas mes esame - NASE","og_description":"K\u0117d\u0117:Rosa M. Ros(Spain) Pirmininko pavaduotojas:Beatriz Garc\u00eda(Argentina)","og_url":"https:\/\/www.naseprogram.org\/lt\/who-we-are\/","og_site_name":"NASE","article_modified_time":"2025-02-09T12:31:10+00:00","twitter_card":"summary_large_image","twitter_misc":{"Est. reading time":"1 minut\u0117"},"schema":{"@context":"https:\/\/schema.org","@graph":[{"@type":"WebPage","@id":"https:\/\/www.naseprogram.org\/lt\/who-we-are\/","url":"https:\/\/www.naseprogram.org\/lt\/who-we-are\/","name":"Kas mes esame - NASE","isPartOf":{"@id":"https:\/\/www.naseprogram.org\/lt\/#website"},"datePublished":"2021-12-31T13:46:09+00:00","dateModified":"2025-02-09T12:31:10+00:00","breadcrumb":{"@id":"https:\/\/www.naseprogram.org\/lt\/who-we-are\/#breadcrumb"},"inLanguage":"lt-LT","potentialAction":[{"@type":"ReadAction","target":["https:\/\/www.naseprogram.org\/lt\/who-we-are\/"]}]},{"@type":"BreadcrumbList","@id":"https:\/\/www.naseprogram.org\/lt\/who-we-are\/#breadcrumb","itemListElement":[{"@type":"ListItem","position":1,"name":"Home","item":"https:\/\/www.naseprogram.org\/lt\/"},{"@type":"ListItem","position":2,"name":"Kas mes esame"}]},{"@type":"WebSite","@id":"https:\/\/www.naseprogram.org\/lt\/#website","url":"https:\/\/www.naseprogram.org\/lt\/","name":"NASE","description":"Network for Astronomy School Education","publisher":{"@id":"https:\/\/www.naseprogram.org\/lt\/#organization"},"potentialAction":[{"@type":"SearchAction","target":{"@type":"EntryPoint","urlTemplate":"https:\/\/www.naseprogram.org\/lt\/?s={search_term_string}"},"query-input":{"@type":"PropertyValueSpecification","valueRequired":true,"valueName":"search_term_string"}}],"inLanguage":"lt-LT"},{"@type":"Organization","@id":"https:\/\/www.naseprogram.org\/lt\/#organization","name":"NASE","url":"https:\/\/www.naseprogram.org\/lt\/","logo":{"@type":"ImageObject","inLanguage":"lt-LT","@id":"https:\/\/www.naseprogram.org\/lt\/#\/schema\/logo\/image\/","url":"https:\/\/www.naseprogram.org\/wp-content\/uploads\/sites\/10\/2021\/12\/naselogo.png","contentUrl":"https:\/\/www.naseprogram.org\/wp-content\/uploads\/sites\/10\/2021\/12\/naselogo.png","width":234,"height":91,"caption":"NASE"},"image":{"@id":"https:\/\/www.naseprogram.org\/lt\/#\/schema\/logo\/image\/"}}]}},"uagb_featured_image_src":{"full":false,"thumbnail":false,"medium":false,"medium_large":false,"large":false,"1536x1536":false,"2048x2048":false},"uagb_author_info":{"display_name":"lifetimemedia","author_link":"https:\/\/www.naseprogram.org\/lt\/author\/lifetimemedia\/"},"uagb_comment_info":0,"uagb_excerpt":"K\u0117d\u0117:Rosa M. Ros(Spain) Pirmininko pavaduotojas:Beatriz Garc\u00eda(Argentina)","_links":{"self":[{"href":"https:\/\/www.naseprogram.org\/lt\/wp-json\/wp\/v2\/pages\/366277","targetHints":{"allow":["GET"]}}],"collection":[{"href":"https:\/\/www.naseprogram.org\/lt\/wp-json\/wp\/v2\/pages"}],"about":[{"href":"https:\/\/www.naseprogram.org\/lt\/wp-json\/wp\/v2\/types\/page"}],"author":[{"embeddable":true,"href":"https:\/\/www.naseprogram.org\/lt\/wp-json\/wp\/v2\/users\/12"}],"replies":[{"embeddable":true,"href":"https:\/\/www.naseprogram.org\/lt\/wp-json\/wp\/v2\/comments?post=366277"}],"version-history":[{"count":10,"href":"https:\/\/www.naseprogram.org\/lt\/wp-json\/wp\/v2\/pages\/366277\/revisions"}],"predecessor-version":[{"id":539794,"href":"https:\/\/www.naseprogram.org\/lt\/wp-json\/wp\/v2\/pages\/366277\/revisions\/539794"}],"wp:attachment":[{"href":"https:\/\/www.naseprogram.org\/lt\/wp-json\/wp\/v2\/media?parent=366277"}],"curies":[{"name":"wp","href":"https:\/\/api.w.org\/{rel}","templated":true}]}}