{"id":366287,"date":"2021-12-31T10:45:57","date_gmt":"2021-12-31T13:45:57","guid":{"rendered":"https:\/\/www.naseprogram.org\/nase-introduction\/"},"modified":"2025-02-01T13:52:38","modified_gmt":"2025-02-01T16:52:38","slug":"nase-introduction","status":"publish","type":"page","link":"https:\/\/www.naseprogram.org\/lt\/nase-introduction\/","title":{"rendered":"NASE \u012fvadas"},"content":{"rendered":"\n<p class=\"has-amarillo-nase-background-color has-background\"><strong>NASE (Network for Astronomy School Education) yra Tarptautin\u0117s astronom\u0173 s\u0105jungos (International Astronomical Union, IAU) C skyriaus funkcin\u0117s darbo grup\u0117s &#8222;Pagrindin\u0117s \u0161vietimo, informavimo ir pl\u0117tros iniciatyvos&#8221; darbo grup\u0117.<\/strong><\/p>\n\n\n\n<p>Pagrindinis NASE tikslas &#8211; ugdyti naujas mokytoj\u0173 kartas ir peraukl\u0117ti dabartinius mokytojus. Bendradarbiaujame su universitet\u0173 d\u0117stytojais, kad parengtume b\u016bsimuosius mokytojus, ir bendradarbiaujame su \u0161vietimo skyriais, kad parengtume patyrusius pradini\u0173 ir vidurini\u0173 mokykl\u0173 mokytojus.<\/p>\n\n\n\n<p>Dalyvaus 40-50 priiman\u010diosios \u0161alies pradinio ir vidurinio ugdymo mokytoj\u0173, kurie bus suskirstyti \u012f dvi grupes ir dalyvaus tiesioginiuose seminaruose. Internetiniuose kursuose n\u0117ra joki\u0173 skai\u010diaus apribojim\u0173.<\/p>\n\n\n\n<p>Instruktoriai bus NASE nariai ir priiman\u010diosios \u0161alies (miesto) mokytojai.<\/p>\n\n\n\n<p>Did\u017eiausias NASE pasiekimas &#8211; per 2 ar 3 metus savaranki\u0161kai veikian\u010dios vietos darbo grup\u0117s, kuri r\u016bpinasi kurs\u0173 ir kitos veiklos organizavimu, suk\u016brimas. Vietos instruktoriai i\u0161 karto tampa NASE vietos darbo grup\u0117s dalimi ir yra atsakingi u\u017e reguliari\u0173 susitikim\u0173 vykdym\u0105, kad b\u016bt\u0173 palaikoma grup\u0117s veikla.<\/p>\n\n\n\n<p>Kurs\u0173 kalba yra oficiali priiman\u010diosios \u0161alies kalba.<\/p>\n","protected":false},"excerpt":{"rendered":"<p>NASE (Network for Astronomy School Education) yra Tarptautin\u0117s astronom\u0173 s\u0105jungos (International Astronomical Union, IAU) C skyriaus funkcin\u0117s darbo grup\u0117s &#8222;Pagrindin\u0117s \u0161vietimo, informavimo ir pl\u0117tros iniciatyvos&#8221; darbo grup\u0117. Pagrindinis NASE tikslas &#8211; ugdyti naujas mokytoj\u0173 kartas ir peraukl\u0117ti dabartinius mokytojus. Bendradarbiaujame su universitet\u0173 d\u0117stytojais, kad parengtume b\u016bsimuosius mokytojus, ir bendradarbiaujame su \u0161vietimo skyriais, kad parengtume patyrusius &#8230; <a title=\"NASE \u012fvadas\" class=\"read-more\" href=\"https:\/\/www.naseprogram.org\/lt\/nase-introduction\/\" aria-label=\"More on NASE \u012fvadas\">Read more<\/a><\/p>\n","protected":false},"author":12,"featured_media":0,"parent":0,"menu_order":0,"comment_status":"closed","ping_status":"closed","template":"","meta":{"_uag_custom_page_level_css":"","_coblocks_attr":"","_coblocks_dimensions":"","_coblocks_responsive_height":"","_coblocks_accordion_ie_support":"","footnotes":""},"class_list":["post-366287","page","type-page","status-publish"],"acf":[],"yoast_head":"<!-- This site is optimized with the Yoast SEO plugin v27.3 - https:\/\/yoast.com\/product\/yoast-seo-wordpress\/ -->\n<title>NASE \u012fvadas - NASE<\/title>\n<meta name=\"robots\" content=\"index, follow, max-snippet:-1, max-image-preview:large, max-video-preview:-1\" \/>\n<link rel=\"canonical\" href=\"https:\/\/www.naseprogram.org\/lt\/nase-introduction\/\" \/>\n<meta property=\"og:locale\" content=\"lt_LT\" \/>\n<meta property=\"og:type\" content=\"article\" \/>\n<meta property=\"og:title\" content=\"NASE \u012fvadas - NASE\" \/>\n<meta property=\"og:description\" content=\"NASE (Network for Astronomy School Education) yra Tarptautin\u0117s astronom\u0173 s\u0105jungos (International Astronomical Union, IAU) C skyriaus funkcin\u0117s darbo grup\u0117s &#8222;Pagrindin\u0117s \u0161vietimo, informavimo ir pl\u0117tros iniciatyvos&#8221; darbo grup\u0117. Pagrindinis NASE tikslas &#8211; ugdyti naujas mokytoj\u0173 kartas ir peraukl\u0117ti dabartinius mokytojus. Bendradarbiaujame su universitet\u0173 d\u0117stytojais, kad parengtume b\u016bsimuosius mokytojus, ir bendradarbiaujame su \u0161vietimo skyriais, kad parengtume patyrusius ... Read more\" \/>\n<meta property=\"og:url\" content=\"https:\/\/www.naseprogram.org\/lt\/nase-introduction\/\" \/>\n<meta property=\"og:site_name\" content=\"NASE\" \/>\n<meta property=\"article:modified_time\" content=\"2025-02-01T16:52:38+00:00\" \/>\n<meta name=\"twitter:card\" content=\"summary_large_image\" \/>\n<meta name=\"twitter:label1\" content=\"Est. reading time\" \/>\n\t<meta name=\"twitter:data1\" content=\"1 minut\u0117\" \/>\n<script type=\"application\/ld+json\" class=\"yoast-schema-graph\">{\"@context\":\"https:\\\/\\\/schema.org\",\"@graph\":[{\"@type\":\"WebPage\",\"@id\":\"https:\\\/\\\/www.naseprogram.org\\\/lt\\\/nase-introduction\\\/\",\"url\":\"https:\\\/\\\/www.naseprogram.org\\\/lt\\\/nase-introduction\\\/\",\"name\":\"NASE \u012fvadas - NASE\",\"isPartOf\":{\"@id\":\"https:\\\/\\\/www.naseprogram.org\\\/lt\\\/#website\"},\"datePublished\":\"2021-12-31T13:45:57+00:00\",\"dateModified\":\"2025-02-01T16:52:38+00:00\",\"breadcrumb\":{\"@id\":\"https:\\\/\\\/www.naseprogram.org\\\/lt\\\/nase-introduction\\\/#breadcrumb\"},\"inLanguage\":\"lt-LT\",\"potentialAction\":[{\"@type\":\"ReadAction\",\"target\":[\"https:\\\/\\\/www.naseprogram.org\\\/lt\\\/nase-introduction\\\/\"]}]},{\"@type\":\"BreadcrumbList\",\"@id\":\"https:\\\/\\\/www.naseprogram.org\\\/lt\\\/nase-introduction\\\/#breadcrumb\",\"itemListElement\":[{\"@type\":\"ListItem\",\"position\":1,\"name\":\"Home\",\"item\":\"https:\\\/\\\/www.naseprogram.org\\\/lt\\\/\"},{\"@type\":\"ListItem\",\"position\":2,\"name\":\"NASE \u012fvadas\"}]},{\"@type\":\"WebSite\",\"@id\":\"https:\\\/\\\/www.naseprogram.org\\\/lt\\\/#website\",\"url\":\"https:\\\/\\\/www.naseprogram.org\\\/lt\\\/\",\"name\":\"NASE\",\"description\":\"Network for Astronomy School Education\",\"publisher\":{\"@id\":\"https:\\\/\\\/www.naseprogram.org\\\/lt\\\/#organization\"},\"potentialAction\":[{\"@type\":\"SearchAction\",\"target\":{\"@type\":\"EntryPoint\",\"urlTemplate\":\"https:\\\/\\\/www.naseprogram.org\\\/lt\\\/?s={search_term_string}\"},\"query-input\":{\"@type\":\"PropertyValueSpecification\",\"valueRequired\":true,\"valueName\":\"search_term_string\"}}],\"inLanguage\":\"lt-LT\"},{\"@type\":\"Organization\",\"@id\":\"https:\\\/\\\/www.naseprogram.org\\\/lt\\\/#organization\",\"name\":\"NASE\",\"url\":\"https:\\\/\\\/www.naseprogram.org\\\/lt\\\/\",\"logo\":{\"@type\":\"ImageObject\",\"inLanguage\":\"lt-LT\",\"@id\":\"https:\\\/\\\/www.naseprogram.org\\\/lt\\\/#\\\/schema\\\/logo\\\/image\\\/\",\"url\":\"https:\\\/\\\/www.naseprogram.org\\\/wp-content\\\/uploads\\\/sites\\\/10\\\/2021\\\/12\\\/naselogo.png\",\"contentUrl\":\"https:\\\/\\\/www.naseprogram.org\\\/wp-content\\\/uploads\\\/sites\\\/10\\\/2021\\\/12\\\/naselogo.png\",\"width\":234,\"height\":91,\"caption\":\"NASE\"},\"image\":{\"@id\":\"https:\\\/\\\/www.naseprogram.org\\\/lt\\\/#\\\/schema\\\/logo\\\/image\\\/\"}}]}<\/script>\n<!-- \/ Yoast SEO plugin. -->","yoast_head_json":{"title":"NASE \u012fvadas - NASE","robots":{"index":"index","follow":"follow","max-snippet":"max-snippet:-1","max-image-preview":"max-image-preview:large","max-video-preview":"max-video-preview:-1"},"canonical":"https:\/\/www.naseprogram.org\/lt\/nase-introduction\/","og_locale":"lt_LT","og_type":"article","og_title":"NASE \u012fvadas - NASE","og_description":"NASE (Network for Astronomy School Education) yra Tarptautin\u0117s astronom\u0173 s\u0105jungos (International Astronomical Union, IAU) C skyriaus funkcin\u0117s darbo grup\u0117s &#8222;Pagrindin\u0117s \u0161vietimo, informavimo ir pl\u0117tros iniciatyvos&#8221; darbo grup\u0117. Pagrindinis NASE tikslas &#8211; ugdyti naujas mokytoj\u0173 kartas ir peraukl\u0117ti dabartinius mokytojus. Bendradarbiaujame su universitet\u0173 d\u0117stytojais, kad parengtume b\u016bsimuosius mokytojus, ir bendradarbiaujame su \u0161vietimo skyriais, kad parengtume patyrusius ... Read more","og_url":"https:\/\/www.naseprogram.org\/lt\/nase-introduction\/","og_site_name":"NASE","article_modified_time":"2025-02-01T16:52:38+00:00","twitter_card":"summary_large_image","twitter_misc":{"Est. reading time":"1 minut\u0117"},"schema":{"@context":"https:\/\/schema.org","@graph":[{"@type":"WebPage","@id":"https:\/\/www.naseprogram.org\/lt\/nase-introduction\/","url":"https:\/\/www.naseprogram.org\/lt\/nase-introduction\/","name":"NASE \u012fvadas - NASE","isPartOf":{"@id":"https:\/\/www.naseprogram.org\/lt\/#website"},"datePublished":"2021-12-31T13:45:57+00:00","dateModified":"2025-02-01T16:52:38+00:00","breadcrumb":{"@id":"https:\/\/www.naseprogram.org\/lt\/nase-introduction\/#breadcrumb"},"inLanguage":"lt-LT","potentialAction":[{"@type":"ReadAction","target":["https:\/\/www.naseprogram.org\/lt\/nase-introduction\/"]}]},{"@type":"BreadcrumbList","@id":"https:\/\/www.naseprogram.org\/lt\/nase-introduction\/#breadcrumb","itemListElement":[{"@type":"ListItem","position":1,"name":"Home","item":"https:\/\/www.naseprogram.org\/lt\/"},{"@type":"ListItem","position":2,"name":"NASE \u012fvadas"}]},{"@type":"WebSite","@id":"https:\/\/www.naseprogram.org\/lt\/#website","url":"https:\/\/www.naseprogram.org\/lt\/","name":"NASE","description":"Network for Astronomy School Education","publisher":{"@id":"https:\/\/www.naseprogram.org\/lt\/#organization"},"potentialAction":[{"@type":"SearchAction","target":{"@type":"EntryPoint","urlTemplate":"https:\/\/www.naseprogram.org\/lt\/?s={search_term_string}"},"query-input":{"@type":"PropertyValueSpecification","valueRequired":true,"valueName":"search_term_string"}}],"inLanguage":"lt-LT"},{"@type":"Organization","@id":"https:\/\/www.naseprogram.org\/lt\/#organization","name":"NASE","url":"https:\/\/www.naseprogram.org\/lt\/","logo":{"@type":"ImageObject","inLanguage":"lt-LT","@id":"https:\/\/www.naseprogram.org\/lt\/#\/schema\/logo\/image\/","url":"https:\/\/www.naseprogram.org\/wp-content\/uploads\/sites\/10\/2021\/12\/naselogo.png","contentUrl":"https:\/\/www.naseprogram.org\/wp-content\/uploads\/sites\/10\/2021\/12\/naselogo.png","width":234,"height":91,"caption":"NASE"},"image":{"@id":"https:\/\/www.naseprogram.org\/lt\/#\/schema\/logo\/image\/"}}]}},"uagb_featured_image_src":{"full":false,"thumbnail":false,"medium":false,"medium_large":false,"large":false,"1536x1536":false,"2048x2048":false},"uagb_author_info":{"display_name":"lifetimemedia","author_link":"https:\/\/www.naseprogram.org\/lt\/author\/lifetimemedia\/"},"uagb_comment_info":0,"uagb_excerpt":"NASE (Network for Astronomy School Education) yra Tarptautin\u0117s astronom\u0173 s\u0105jungos (International Astronomical Union, IAU) C skyriaus funkcin\u0117s darbo grup\u0117s &#8222;Pagrindin\u0117s \u0161vietimo, informavimo ir pl\u0117tros iniciatyvos&#8221; darbo grup\u0117. Pagrindinis NASE tikslas &#8211; ugdyti naujas mokytoj\u0173 kartas ir peraukl\u0117ti dabartinius mokytojus. Bendradarbiaujame su universitet\u0173 d\u0117stytojais, kad parengtume b\u016bsimuosius mokytojus, ir bendradarbiaujame su \u0161vietimo skyriais, kad parengtume patyrusius&hellip;","_links":{"self":[{"href":"https:\/\/www.naseprogram.org\/lt\/wp-json\/wp\/v2\/pages\/366287","targetHints":{"allow":["GET"]}}],"collection":[{"href":"https:\/\/www.naseprogram.org\/lt\/wp-json\/wp\/v2\/pages"}],"about":[{"href":"https:\/\/www.naseprogram.org\/lt\/wp-json\/wp\/v2\/types\/page"}],"author":[{"embeddable":true,"href":"https:\/\/www.naseprogram.org\/lt\/wp-json\/wp\/v2\/users\/12"}],"replies":[{"embeddable":true,"href":"https:\/\/www.naseprogram.org\/lt\/wp-json\/wp\/v2\/comments?post=366287"}],"version-history":[{"count":5,"href":"https:\/\/www.naseprogram.org\/lt\/wp-json\/wp\/v2\/pages\/366287\/revisions"}],"predecessor-version":[{"id":539369,"href":"https:\/\/www.naseprogram.org\/lt\/wp-json\/wp\/v2\/pages\/366287\/revisions\/539369"}],"wp:attachment":[{"href":"https:\/\/www.naseprogram.org\/lt\/wp-json\/wp\/v2\/media?parent=366287"}],"curies":[{"name":"wp","href":"https:\/\/api.w.org\/{rel}","templated":true}]}}