{"id":331777,"date":"2021-12-31T10:46:21","date_gmt":"2021-12-31T13:46:21","guid":{"rendered":"https:\/\/www.naseprogram.org\/content-and-modalities\/"},"modified":"2022-12-12T04:16:42","modified_gmt":"2022-12-12T07:16:42","slug":"content-and-modalities","status":"publish","type":"page","link":"https:\/\/www.naseprogram.org\/lv\/content-and-modalities\/","title":{"rendered":"Saturs un veidi"},"content":{"rendered":"\n<p><strong>M\u0112R\u0136IS<\/strong><\/p>\n\n\n\n<p>NASE bezmaksas kursu galvenais m\u0113r\u0137is ir veicin\u0101t astronomijas skolot\u0101ju (pamatskol\u0101s, vidusskol\u0101s un augstskol\u0101s) m\u0101c\u012b\u0161anu un sekm\u0113t akt\u012bvu \u0161\u012bs discipl\u012bnas m\u0101c\u012b\u0161anu\/apg\u016b\u0161anu, izmantojot mode\u013cus un nov\u0113rojot par\u0101d\u012bbas.<\/p>\n\n\n\n<p><strong>NEPIECIE\u0160AM\u0100S PRAS\u012aBAS UN\/VAI PROFESION\u0100L\u0100 PIEREDZE<\/strong><\/p>\n\n\n\n<p>S\u0101kumskolas skolot\u0101ji, jebkuras jomas vidusskolu skolot\u0101ji, augstskolu skolot\u0101ji (dabaszin\u0101t\u0146u skolot\u0101ji) un citu l\u012bdz\u012bgu profesiju skolot\u0101ji, padzi\u013cin\u0101to skolot\u0101ju kursu studenti.<\/p>\n\n\n\n<p>Iepriek\u0161\u0113jas zin\u0101\u0161anas astronomij\u0101 nav nepiecie\u0161amas.<\/p>\n\n\n\n<p><strong>FORMA &#8211; (visus kursus var pasniegt kl\u0101tien\u0113, tie\u0161saist\u0113 vai hibr\u012bd\u0101)<\/strong><\/p>\n\n\n\n<p>Astronomijas un astrofizikas visp\u0101r\u0113jais kurss ietver 4 dienu nodarb\u012bbas par astronomijas pamatj\u0113dzieniem, k\u0101 ar\u012b nov\u0113rojumus un astronomisko ekskursiju. 4 nodarb\u012bbas, 10 semin\u0101ri un 3 darba grupas.<\/p>\n","protected":false},"excerpt":{"rendered":"<p>M\u0112R\u0136IS NASE bezmaksas kursu galvenais m\u0113r\u0137is ir veicin\u0101t astronomijas skolot\u0101ju (pamatskol\u0101s, vidusskol\u0101s un augstskol\u0101s) m\u0101c\u012b\u0161anu un sekm\u0113t akt\u012bvu \u0161\u012bs discipl\u012bnas m\u0101c\u012b\u0161anu\/apg\u016b\u0161anu, izmantojot mode\u013cus un nov\u0113rojot par\u0101d\u012bbas. NEPIECIE\u0160AM\u0100S PRAS\u012aBAS UN\/VAI PROFESION\u0100L\u0100 PIEREDZE S\u0101kumskolas skolot\u0101ji, jebkuras jomas vidusskolu skolot\u0101ji, augstskolu skolot\u0101ji (dabaszin\u0101t\u0146u skolot\u0101ji) un citu l\u012bdz\u012bgu profesiju skolot\u0101ji, padzi\u013cin\u0101to skolot\u0101ju kursu studenti. Iepriek\u0161\u0113jas zin\u0101\u0161anas astronomij\u0101 nav nepiecie\u0161amas. &#8230; <a title=\"Saturs un veidi\" class=\"read-more\" href=\"https:\/\/www.naseprogram.org\/lv\/content-and-modalities\/\" aria-label=\"More on Saturs un veidi\">Read more<\/a><\/p>\n","protected":false},"author":12,"featured_media":0,"parent":0,"menu_order":0,"comment_status":"closed","ping_status":"closed","template":"","meta":{"_uag_custom_page_level_css":"","_coblocks_attr":"","_coblocks_dimensions":"","_coblocks_responsive_height":"","_coblocks_accordion_ie_support":"","footnotes":""},"class_list":["post-331777","page","type-page","status-publish"],"acf":[],"yoast_head":"<!-- This site is optimized with the Yoast SEO plugin v27.3 - https:\/\/yoast.com\/product\/yoast-seo-wordpress\/ -->\n<title>Saturs un veidi - NASE<\/title>\n<meta name=\"robots\" content=\"index, follow, max-snippet:-1, max-image-preview:large, max-video-preview:-1\" \/>\n<link rel=\"canonical\" href=\"https:\/\/www.naseprogram.org\/lv\/content-and-modalities\/\" \/>\n<meta property=\"og:locale\" content=\"lv_LV\" \/>\n<meta property=\"og:type\" content=\"article\" \/>\n<meta property=\"og:title\" content=\"Saturs un veidi - NASE\" \/>\n<meta property=\"og:description\" content=\"M\u0112R\u0136IS NASE bezmaksas kursu galvenais m\u0113r\u0137is ir veicin\u0101t astronomijas skolot\u0101ju (pamatskol\u0101s, vidusskol\u0101s un augstskol\u0101s) m\u0101c\u012b\u0161anu un sekm\u0113t akt\u012bvu \u0161\u012bs discipl\u012bnas m\u0101c\u012b\u0161anu\/apg\u016b\u0161anu, izmantojot mode\u013cus un nov\u0113rojot par\u0101d\u012bbas. NEPIECIE\u0160AM\u0100S PRAS\u012aBAS UN\/VAI PROFESION\u0100L\u0100 PIEREDZE S\u0101kumskolas skolot\u0101ji, jebkuras jomas vidusskolu skolot\u0101ji, augstskolu skolot\u0101ji (dabaszin\u0101t\u0146u skolot\u0101ji) un citu l\u012bdz\u012bgu profesiju skolot\u0101ji, padzi\u013cin\u0101to skolot\u0101ju kursu studenti. Iepriek\u0161\u0113jas zin\u0101\u0161anas astronomij\u0101 nav nepiecie\u0161amas. ... Read more\" \/>\n<meta property=\"og:url\" content=\"https:\/\/www.naseprogram.org\/lv\/content-and-modalities\/\" \/>\n<meta property=\"og:site_name\" content=\"NASE\" \/>\n<meta property=\"article:modified_time\" content=\"2022-12-12T07:16:42+00:00\" \/>\n<meta name=\"twitter:card\" content=\"summary_large_image\" \/>\n<meta name=\"twitter:label1\" content=\"Est. reading time\" \/>\n\t<meta name=\"twitter:data1\" content=\"1 minute\" \/>\n<script type=\"application\/ld+json\" class=\"yoast-schema-graph\">{\"@context\":\"https:\\\/\\\/schema.org\",\"@graph\":[{\"@type\":\"WebPage\",\"@id\":\"https:\\\/\\\/www.naseprogram.org\\\/lv\\\/content-and-modalities\\\/\",\"url\":\"https:\\\/\\\/www.naseprogram.org\\\/lv\\\/content-and-modalities\\\/\",\"name\":\"Saturs un veidi - NASE\",\"isPartOf\":{\"@id\":\"https:\\\/\\\/www.naseprogram.org\\\/lv\\\/#website\"},\"datePublished\":\"2021-12-31T13:46:21+00:00\",\"dateModified\":\"2022-12-12T07:16:42+00:00\",\"breadcrumb\":{\"@id\":\"https:\\\/\\\/www.naseprogram.org\\\/lv\\\/content-and-modalities\\\/#breadcrumb\"},\"inLanguage\":\"lv-LV\",\"potentialAction\":[{\"@type\":\"ReadAction\",\"target\":[\"https:\\\/\\\/www.naseprogram.org\\\/lv\\\/content-and-modalities\\\/\"]}]},{\"@type\":\"BreadcrumbList\",\"@id\":\"https:\\\/\\\/www.naseprogram.org\\\/lv\\\/content-and-modalities\\\/#breadcrumb\",\"itemListElement\":[{\"@type\":\"ListItem\",\"position\":1,\"name\":\"Home\",\"item\":\"https:\\\/\\\/www.naseprogram.org\\\/lv\\\/\"},{\"@type\":\"ListItem\",\"position\":2,\"name\":\"Saturs un veidi\"}]},{\"@type\":\"WebSite\",\"@id\":\"https:\\\/\\\/www.naseprogram.org\\\/lv\\\/#website\",\"url\":\"https:\\\/\\\/www.naseprogram.org\\\/lv\\\/\",\"name\":\"NASE\",\"description\":\"Network for Astronomy School Education\",\"publisher\":{\"@id\":\"https:\\\/\\\/www.naseprogram.org\\\/lv\\\/#organization\"},\"potentialAction\":[{\"@type\":\"SearchAction\",\"target\":{\"@type\":\"EntryPoint\",\"urlTemplate\":\"https:\\\/\\\/www.naseprogram.org\\\/lv\\\/?s={search_term_string}\"},\"query-input\":{\"@type\":\"PropertyValueSpecification\",\"valueRequired\":true,\"valueName\":\"search_term_string\"}}],\"inLanguage\":\"lv-LV\"},{\"@type\":\"Organization\",\"@id\":\"https:\\\/\\\/www.naseprogram.org\\\/lv\\\/#organization\",\"name\":\"NASE\",\"url\":\"https:\\\/\\\/www.naseprogram.org\\\/lv\\\/\",\"logo\":{\"@type\":\"ImageObject\",\"inLanguage\":\"lv-LV\",\"@id\":\"https:\\\/\\\/www.naseprogram.org\\\/lv\\\/#\\\/schema\\\/logo\\\/image\\\/\",\"url\":\"https:\\\/\\\/www.naseprogram.org\\\/wp-content\\\/uploads\\\/sites\\\/10\\\/2021\\\/12\\\/naselogo.png\",\"contentUrl\":\"https:\\\/\\\/www.naseprogram.org\\\/wp-content\\\/uploads\\\/sites\\\/10\\\/2021\\\/12\\\/naselogo.png\",\"width\":234,\"height\":91,\"caption\":\"NASE\"},\"image\":{\"@id\":\"https:\\\/\\\/www.naseprogram.org\\\/lv\\\/#\\\/schema\\\/logo\\\/image\\\/\"}}]}<\/script>\n<!-- \/ Yoast SEO plugin. -->","yoast_head_json":{"title":"Saturs un veidi - NASE","robots":{"index":"index","follow":"follow","max-snippet":"max-snippet:-1","max-image-preview":"max-image-preview:large","max-video-preview":"max-video-preview:-1"},"canonical":"https:\/\/www.naseprogram.org\/lv\/content-and-modalities\/","og_locale":"lv_LV","og_type":"article","og_title":"Saturs un veidi - NASE","og_description":"M\u0112R\u0136IS NASE bezmaksas kursu galvenais m\u0113r\u0137is ir veicin\u0101t astronomijas skolot\u0101ju (pamatskol\u0101s, vidusskol\u0101s un augstskol\u0101s) m\u0101c\u012b\u0161anu un sekm\u0113t akt\u012bvu \u0161\u012bs discipl\u012bnas m\u0101c\u012b\u0161anu\/apg\u016b\u0161anu, izmantojot mode\u013cus un nov\u0113rojot par\u0101d\u012bbas. NEPIECIE\u0160AM\u0100S PRAS\u012aBAS UN\/VAI PROFESION\u0100L\u0100 PIEREDZE S\u0101kumskolas skolot\u0101ji, jebkuras jomas vidusskolu skolot\u0101ji, augstskolu skolot\u0101ji (dabaszin\u0101t\u0146u skolot\u0101ji) un citu l\u012bdz\u012bgu profesiju skolot\u0101ji, padzi\u013cin\u0101to skolot\u0101ju kursu studenti. Iepriek\u0161\u0113jas zin\u0101\u0161anas astronomij\u0101 nav nepiecie\u0161amas. ... Read more","og_url":"https:\/\/www.naseprogram.org\/lv\/content-and-modalities\/","og_site_name":"NASE","article_modified_time":"2022-12-12T07:16:42+00:00","twitter_card":"summary_large_image","twitter_misc":{"Est. reading time":"1 minute"},"schema":{"@context":"https:\/\/schema.org","@graph":[{"@type":"WebPage","@id":"https:\/\/www.naseprogram.org\/lv\/content-and-modalities\/","url":"https:\/\/www.naseprogram.org\/lv\/content-and-modalities\/","name":"Saturs un veidi - NASE","isPartOf":{"@id":"https:\/\/www.naseprogram.org\/lv\/#website"},"datePublished":"2021-12-31T13:46:21+00:00","dateModified":"2022-12-12T07:16:42+00:00","breadcrumb":{"@id":"https:\/\/www.naseprogram.org\/lv\/content-and-modalities\/#breadcrumb"},"inLanguage":"lv-LV","potentialAction":[{"@type":"ReadAction","target":["https:\/\/www.naseprogram.org\/lv\/content-and-modalities\/"]}]},{"@type":"BreadcrumbList","@id":"https:\/\/www.naseprogram.org\/lv\/content-and-modalities\/#breadcrumb","itemListElement":[{"@type":"ListItem","position":1,"name":"Home","item":"https:\/\/www.naseprogram.org\/lv\/"},{"@type":"ListItem","position":2,"name":"Saturs un veidi"}]},{"@type":"WebSite","@id":"https:\/\/www.naseprogram.org\/lv\/#website","url":"https:\/\/www.naseprogram.org\/lv\/","name":"NASE","description":"Network for Astronomy School Education","publisher":{"@id":"https:\/\/www.naseprogram.org\/lv\/#organization"},"potentialAction":[{"@type":"SearchAction","target":{"@type":"EntryPoint","urlTemplate":"https:\/\/www.naseprogram.org\/lv\/?s={search_term_string}"},"query-input":{"@type":"PropertyValueSpecification","valueRequired":true,"valueName":"search_term_string"}}],"inLanguage":"lv-LV"},{"@type":"Organization","@id":"https:\/\/www.naseprogram.org\/lv\/#organization","name":"NASE","url":"https:\/\/www.naseprogram.org\/lv\/","logo":{"@type":"ImageObject","inLanguage":"lv-LV","@id":"https:\/\/www.naseprogram.org\/lv\/#\/schema\/logo\/image\/","url":"https:\/\/www.naseprogram.org\/wp-content\/uploads\/sites\/10\/2021\/12\/naselogo.png","contentUrl":"https:\/\/www.naseprogram.org\/wp-content\/uploads\/sites\/10\/2021\/12\/naselogo.png","width":234,"height":91,"caption":"NASE"},"image":{"@id":"https:\/\/www.naseprogram.org\/lv\/#\/schema\/logo\/image\/"}}]}},"uagb_featured_image_src":{"full":false,"thumbnail":false,"medium":false,"medium_large":false,"large":false,"1536x1536":false,"2048x2048":false},"uagb_author_info":{"display_name":"lifetimemedia","author_link":"https:\/\/www.naseprogram.org\/lv\/author\/lifetimemedia\/"},"uagb_comment_info":0,"uagb_excerpt":"M\u0112R\u0136IS NASE bezmaksas kursu galvenais m\u0113r\u0137is ir veicin\u0101t astronomijas skolot\u0101ju (pamatskol\u0101s, vidusskol\u0101s un augstskol\u0101s) m\u0101c\u012b\u0161anu un sekm\u0113t akt\u012bvu \u0161\u012bs discipl\u012bnas m\u0101c\u012b\u0161anu\/apg\u016b\u0161anu, izmantojot mode\u013cus un nov\u0113rojot par\u0101d\u012bbas. NEPIECIE\u0160AM\u0100S PRAS\u012aBAS UN\/VAI PROFESION\u0100L\u0100 PIEREDZE S\u0101kumskolas skolot\u0101ji, jebkuras jomas vidusskolu skolot\u0101ji, augstskolu skolot\u0101ji (dabaszin\u0101t\u0146u skolot\u0101ji) un citu l\u012bdz\u012bgu profesiju skolot\u0101ji, padzi\u013cin\u0101to skolot\u0101ju kursu studenti. Iepriek\u0161\u0113jas zin\u0101\u0161anas astronomij\u0101 nav nepiecie\u0161amas.&hellip;","_links":{"self":[{"href":"https:\/\/www.naseprogram.org\/lv\/wp-json\/wp\/v2\/pages\/331777","targetHints":{"allow":["GET"]}}],"collection":[{"href":"https:\/\/www.naseprogram.org\/lv\/wp-json\/wp\/v2\/pages"}],"about":[{"href":"https:\/\/www.naseprogram.org\/lv\/wp-json\/wp\/v2\/types\/page"}],"author":[{"embeddable":true,"href":"https:\/\/www.naseprogram.org\/lv\/wp-json\/wp\/v2\/users\/12"}],"replies":[{"embeddable":true,"href":"https:\/\/www.naseprogram.org\/lv\/wp-json\/wp\/v2\/comments?post=331777"}],"version-history":[{"count":6,"href":"https:\/\/www.naseprogram.org\/lv\/wp-json\/wp\/v2\/pages\/331777\/revisions"}],"predecessor-version":[{"id":351682,"href":"https:\/\/www.naseprogram.org\/lv\/wp-json\/wp\/v2\/pages\/331777\/revisions\/351682"}],"wp:attachment":[{"href":"https:\/\/www.naseprogram.org\/lv\/wp-json\/wp\/v2\/media?parent=331777"}],"curies":[{"name":"wp","href":"https:\/\/api.w.org\/{rel}","templated":true}]}}