{"id":331784,"date":"2021-12-31T10:45:57","date_gmt":"2021-12-31T13:45:57","guid":{"rendered":"https:\/\/www.naseprogram.org\/nase-introduction\/"},"modified":"2025-02-01T13:51:21","modified_gmt":"2025-02-01T16:51:21","slug":"nase-introduction","status":"publish","type":"page","link":"https:\/\/www.naseprogram.org\/lv\/nase-introduction\/","title":{"rendered":"NASE ievads"},"content":{"rendered":"\n<p class=\"has-amarillo-nase-background-color has-background\"><strong>NASE (Network for Astronomy School Education) ir darba grupa, kas iesaist\u012bta IAU (Starptautisk\u0101s Astronomijas savien\u012bbas) C noda\u013cas funkcion\u0101laj\u0101 darba grup\u0101 &#8220;Galven\u0101s iniciat\u012bvas izgl\u012bt\u012bbas, inform\u0113\u0161anas un att\u012bst\u012bbas jom\u0101&#8221;.<\/strong><\/p>\n\n\n\n<p>NASE galvenais m\u0113r\u0137is ir izgl\u012btot jaun\u0101s skolot\u0101ju paaudzes un p\u0101rkvalific\u0113t pa\u0161reiz\u0113jos skolot\u0101jus. M\u0113s sadarbojamies ar augstskolu pasniedz\u0113jiem, lai apm\u0101c\u012btu topo\u0161os skolot\u0101jus, un sadarbojamies ar izgl\u012bt\u012bbas departamentiem, lai apm\u0101c\u012btu pieredz\u0113ju\u0161us pamatskolu un vidusskolu skolot\u0101jus.<\/p>\n\n\n\n<p>Kursos piedal\u012bsies 40 l\u012bdz 50 uz\u0146\u0113m\u0113jas valsts pamatizgl\u012bt\u012bbas un vid\u0113j\u0101s izgl\u012bt\u012bbas skolot\u0101ji, kuri tiks sadal\u012bti div\u0101s grup\u0101s, lai piedal\u012btos kl\u0101tienes semin\u0101ros. Tie\u0161saistes kursos nav skaitlisko ierobe\u017eojumu.<\/p>\n\n\n\n<p>Instruktori b\u016bs NASE biedri un uz\u0146\u0113m\u0113jvalsts\/pils\u0113tas skolot\u0101ji.<\/p>\n\n\n\n<p>NASE liel\u0101kais sasniegums ir viet\u0113j\u0101s darba grupas (LWG) izveide, kas seko l\u012bdzi kursu un citu pas\u0101kumu organiz\u0113\u0161anai un kas ir autonoma 2 vai 3 gadu laik\u0101. Viet\u0113jie instruktori uzreiz k\u013c\u016bst par da\u013cu no NASE viet\u0113j\u0101s darba grupas un ir atbild\u012bgi par regul\u0101ru san\u0101ksmju veik\u0161anu, lai uztur\u0113tu grupas darb\u012bbu.<\/p>\n\n\n\n<p>Kursu valoda b\u016bs uz\u0146\u0113m\u0113jvalsts ofici\u0101l\u0101 valoda.<\/p>\n","protected":false},"excerpt":{"rendered":"<p>NASE (Network for Astronomy School Education) ir darba grupa, kas iesaist\u012bta IAU (Starptautisk\u0101s Astronomijas savien\u012bbas) C noda\u013cas funkcion\u0101laj\u0101 darba grup\u0101 &#8220;Galven\u0101s iniciat\u012bvas izgl\u012bt\u012bbas, inform\u0113\u0161anas un att\u012bst\u012bbas jom\u0101&#8221;. NASE galvenais m\u0113r\u0137is ir izgl\u012btot jaun\u0101s skolot\u0101ju paaudzes un p\u0101rkvalific\u0113t pa\u0161reiz\u0113jos skolot\u0101jus. M\u0113s sadarbojamies ar augstskolu pasniedz\u0113jiem, lai apm\u0101c\u012btu topo\u0161os skolot\u0101jus, un sadarbojamies ar izgl\u012bt\u012bbas departamentiem, lai apm\u0101c\u012btu &#8230; <a title=\"NASE ievads\" class=\"read-more\" href=\"https:\/\/www.naseprogram.org\/lv\/nase-introduction\/\" aria-label=\"More on NASE ievads\">Read more<\/a><\/p>\n","protected":false},"author":12,"featured_media":0,"parent":0,"menu_order":0,"comment_status":"closed","ping_status":"closed","template":"","meta":{"_uag_custom_page_level_css":"","_coblocks_attr":"","_coblocks_dimensions":"","_coblocks_responsive_height":"","_coblocks_accordion_ie_support":"","footnotes":""},"class_list":["post-331784","page","type-page","status-publish"],"acf":[],"yoast_head":"<!-- This site is optimized with the Yoast SEO plugin v27.3 - https:\/\/yoast.com\/product\/yoast-seo-wordpress\/ -->\n<title>NASE ievads - NASE<\/title>\n<meta name=\"robots\" content=\"index, follow, max-snippet:-1, max-image-preview:large, max-video-preview:-1\" \/>\n<link rel=\"canonical\" href=\"https:\/\/www.naseprogram.org\/lv\/nase-introduction\/\" \/>\n<meta property=\"og:locale\" content=\"lv_LV\" \/>\n<meta property=\"og:type\" content=\"article\" \/>\n<meta property=\"og:title\" content=\"NASE ievads - NASE\" \/>\n<meta property=\"og:description\" content=\"NASE (Network for Astronomy School Education) ir darba grupa, kas iesaist\u012bta IAU (Starptautisk\u0101s Astronomijas savien\u012bbas) C noda\u013cas funkcion\u0101laj\u0101 darba grup\u0101 &#8220;Galven\u0101s iniciat\u012bvas izgl\u012bt\u012bbas, inform\u0113\u0161anas un att\u012bst\u012bbas jom\u0101&#8221;. NASE galvenais m\u0113r\u0137is ir izgl\u012btot jaun\u0101s skolot\u0101ju paaudzes un p\u0101rkvalific\u0113t pa\u0161reiz\u0113jos skolot\u0101jus. M\u0113s sadarbojamies ar augstskolu pasniedz\u0113jiem, lai apm\u0101c\u012btu topo\u0161os skolot\u0101jus, un sadarbojamies ar izgl\u012bt\u012bbas departamentiem, lai apm\u0101c\u012btu ... Read more\" \/>\n<meta property=\"og:url\" content=\"https:\/\/www.naseprogram.org\/lv\/nase-introduction\/\" \/>\n<meta property=\"og:site_name\" content=\"NASE\" \/>\n<meta property=\"article:modified_time\" content=\"2025-02-01T16:51:21+00:00\" \/>\n<meta name=\"twitter:card\" content=\"summary_large_image\" \/>\n<meta name=\"twitter:label1\" content=\"Est. reading time\" \/>\n\t<meta name=\"twitter:data1\" content=\"1 minute\" \/>\n<script type=\"application\/ld+json\" class=\"yoast-schema-graph\">{\"@context\":\"https:\\\/\\\/schema.org\",\"@graph\":[{\"@type\":\"WebPage\",\"@id\":\"https:\\\/\\\/www.naseprogram.org\\\/lv\\\/nase-introduction\\\/\",\"url\":\"https:\\\/\\\/www.naseprogram.org\\\/lv\\\/nase-introduction\\\/\",\"name\":\"NASE ievads - NASE\",\"isPartOf\":{\"@id\":\"https:\\\/\\\/www.naseprogram.org\\\/lv\\\/#website\"},\"datePublished\":\"2021-12-31T13:45:57+00:00\",\"dateModified\":\"2025-02-01T16:51:21+00:00\",\"breadcrumb\":{\"@id\":\"https:\\\/\\\/www.naseprogram.org\\\/lv\\\/nase-introduction\\\/#breadcrumb\"},\"inLanguage\":\"lv-LV\",\"potentialAction\":[{\"@type\":\"ReadAction\",\"target\":[\"https:\\\/\\\/www.naseprogram.org\\\/lv\\\/nase-introduction\\\/\"]}]},{\"@type\":\"BreadcrumbList\",\"@id\":\"https:\\\/\\\/www.naseprogram.org\\\/lv\\\/nase-introduction\\\/#breadcrumb\",\"itemListElement\":[{\"@type\":\"ListItem\",\"position\":1,\"name\":\"Home\",\"item\":\"https:\\\/\\\/www.naseprogram.org\\\/lv\\\/\"},{\"@type\":\"ListItem\",\"position\":2,\"name\":\"NASE ievads\"}]},{\"@type\":\"WebSite\",\"@id\":\"https:\\\/\\\/www.naseprogram.org\\\/lv\\\/#website\",\"url\":\"https:\\\/\\\/www.naseprogram.org\\\/lv\\\/\",\"name\":\"NASE\",\"description\":\"Network for Astronomy School Education\",\"publisher\":{\"@id\":\"https:\\\/\\\/www.naseprogram.org\\\/lv\\\/#organization\"},\"potentialAction\":[{\"@type\":\"SearchAction\",\"target\":{\"@type\":\"EntryPoint\",\"urlTemplate\":\"https:\\\/\\\/www.naseprogram.org\\\/lv\\\/?s={search_term_string}\"},\"query-input\":{\"@type\":\"PropertyValueSpecification\",\"valueRequired\":true,\"valueName\":\"search_term_string\"}}],\"inLanguage\":\"lv-LV\"},{\"@type\":\"Organization\",\"@id\":\"https:\\\/\\\/www.naseprogram.org\\\/lv\\\/#organization\",\"name\":\"NASE\",\"url\":\"https:\\\/\\\/www.naseprogram.org\\\/lv\\\/\",\"logo\":{\"@type\":\"ImageObject\",\"inLanguage\":\"lv-LV\",\"@id\":\"https:\\\/\\\/www.naseprogram.org\\\/lv\\\/#\\\/schema\\\/logo\\\/image\\\/\",\"url\":\"https:\\\/\\\/www.naseprogram.org\\\/wp-content\\\/uploads\\\/sites\\\/10\\\/2021\\\/12\\\/naselogo.png\",\"contentUrl\":\"https:\\\/\\\/www.naseprogram.org\\\/wp-content\\\/uploads\\\/sites\\\/10\\\/2021\\\/12\\\/naselogo.png\",\"width\":234,\"height\":91,\"caption\":\"NASE\"},\"image\":{\"@id\":\"https:\\\/\\\/www.naseprogram.org\\\/lv\\\/#\\\/schema\\\/logo\\\/image\\\/\"}}]}<\/script>\n<!-- \/ Yoast SEO plugin. -->","yoast_head_json":{"title":"NASE ievads - NASE","robots":{"index":"index","follow":"follow","max-snippet":"max-snippet:-1","max-image-preview":"max-image-preview:large","max-video-preview":"max-video-preview:-1"},"canonical":"https:\/\/www.naseprogram.org\/lv\/nase-introduction\/","og_locale":"lv_LV","og_type":"article","og_title":"NASE ievads - NASE","og_description":"NASE (Network for Astronomy School Education) ir darba grupa, kas iesaist\u012bta IAU (Starptautisk\u0101s Astronomijas savien\u012bbas) C noda\u013cas funkcion\u0101laj\u0101 darba grup\u0101 &#8220;Galven\u0101s iniciat\u012bvas izgl\u012bt\u012bbas, inform\u0113\u0161anas un att\u012bst\u012bbas jom\u0101&#8221;. NASE galvenais m\u0113r\u0137is ir izgl\u012btot jaun\u0101s skolot\u0101ju paaudzes un p\u0101rkvalific\u0113t pa\u0161reiz\u0113jos skolot\u0101jus. M\u0113s sadarbojamies ar augstskolu pasniedz\u0113jiem, lai apm\u0101c\u012btu topo\u0161os skolot\u0101jus, un sadarbojamies ar izgl\u012bt\u012bbas departamentiem, lai apm\u0101c\u012btu ... Read more","og_url":"https:\/\/www.naseprogram.org\/lv\/nase-introduction\/","og_site_name":"NASE","article_modified_time":"2025-02-01T16:51:21+00:00","twitter_card":"summary_large_image","twitter_misc":{"Est. reading time":"1 minute"},"schema":{"@context":"https:\/\/schema.org","@graph":[{"@type":"WebPage","@id":"https:\/\/www.naseprogram.org\/lv\/nase-introduction\/","url":"https:\/\/www.naseprogram.org\/lv\/nase-introduction\/","name":"NASE ievads - NASE","isPartOf":{"@id":"https:\/\/www.naseprogram.org\/lv\/#website"},"datePublished":"2021-12-31T13:45:57+00:00","dateModified":"2025-02-01T16:51:21+00:00","breadcrumb":{"@id":"https:\/\/www.naseprogram.org\/lv\/nase-introduction\/#breadcrumb"},"inLanguage":"lv-LV","potentialAction":[{"@type":"ReadAction","target":["https:\/\/www.naseprogram.org\/lv\/nase-introduction\/"]}]},{"@type":"BreadcrumbList","@id":"https:\/\/www.naseprogram.org\/lv\/nase-introduction\/#breadcrumb","itemListElement":[{"@type":"ListItem","position":1,"name":"Home","item":"https:\/\/www.naseprogram.org\/lv\/"},{"@type":"ListItem","position":2,"name":"NASE ievads"}]},{"@type":"WebSite","@id":"https:\/\/www.naseprogram.org\/lv\/#website","url":"https:\/\/www.naseprogram.org\/lv\/","name":"NASE","description":"Network for Astronomy School Education","publisher":{"@id":"https:\/\/www.naseprogram.org\/lv\/#organization"},"potentialAction":[{"@type":"SearchAction","target":{"@type":"EntryPoint","urlTemplate":"https:\/\/www.naseprogram.org\/lv\/?s={search_term_string}"},"query-input":{"@type":"PropertyValueSpecification","valueRequired":true,"valueName":"search_term_string"}}],"inLanguage":"lv-LV"},{"@type":"Organization","@id":"https:\/\/www.naseprogram.org\/lv\/#organization","name":"NASE","url":"https:\/\/www.naseprogram.org\/lv\/","logo":{"@type":"ImageObject","inLanguage":"lv-LV","@id":"https:\/\/www.naseprogram.org\/lv\/#\/schema\/logo\/image\/","url":"https:\/\/www.naseprogram.org\/wp-content\/uploads\/sites\/10\/2021\/12\/naselogo.png","contentUrl":"https:\/\/www.naseprogram.org\/wp-content\/uploads\/sites\/10\/2021\/12\/naselogo.png","width":234,"height":91,"caption":"NASE"},"image":{"@id":"https:\/\/www.naseprogram.org\/lv\/#\/schema\/logo\/image\/"}}]}},"uagb_featured_image_src":{"full":false,"thumbnail":false,"medium":false,"medium_large":false,"large":false,"1536x1536":false,"2048x2048":false},"uagb_author_info":{"display_name":"lifetimemedia","author_link":"https:\/\/www.naseprogram.org\/lv\/author\/lifetimemedia\/"},"uagb_comment_info":0,"uagb_excerpt":"NASE (Network for Astronomy School Education) ir darba grupa, kas iesaist\u012bta IAU (Starptautisk\u0101s Astronomijas savien\u012bbas) C noda\u013cas funkcion\u0101laj\u0101 darba grup\u0101 &#8220;Galven\u0101s iniciat\u012bvas izgl\u012bt\u012bbas, inform\u0113\u0161anas un att\u012bst\u012bbas jom\u0101&#8221;. NASE galvenais m\u0113r\u0137is ir izgl\u012btot jaun\u0101s skolot\u0101ju paaudzes un p\u0101rkvalific\u0113t pa\u0161reiz\u0113jos skolot\u0101jus. M\u0113s sadarbojamies ar augstskolu pasniedz\u0113jiem, lai apm\u0101c\u012btu topo\u0161os skolot\u0101jus, un sadarbojamies ar izgl\u012bt\u012bbas departamentiem, lai apm\u0101c\u012btu&hellip;","_links":{"self":[{"href":"https:\/\/www.naseprogram.org\/lv\/wp-json\/wp\/v2\/pages\/331784","targetHints":{"allow":["GET"]}}],"collection":[{"href":"https:\/\/www.naseprogram.org\/lv\/wp-json\/wp\/v2\/pages"}],"about":[{"href":"https:\/\/www.naseprogram.org\/lv\/wp-json\/wp\/v2\/types\/page"}],"author":[{"embeddable":true,"href":"https:\/\/www.naseprogram.org\/lv\/wp-json\/wp\/v2\/users\/12"}],"replies":[{"embeddable":true,"href":"https:\/\/www.naseprogram.org\/lv\/wp-json\/wp\/v2\/comments?post=331784"}],"version-history":[{"count":7,"href":"https:\/\/www.naseprogram.org\/lv\/wp-json\/wp\/v2\/pages\/331784\/revisions"}],"predecessor-version":[{"id":539368,"href":"https:\/\/www.naseprogram.org\/lv\/wp-json\/wp\/v2\/pages\/331784\/revisions\/539368"}],"wp:attachment":[{"href":"https:\/\/www.naseprogram.org\/lv\/wp-json\/wp\/v2\/media?parent=331784"}],"curies":[{"name":"wp","href":"https:\/\/api.w.org\/{rel}","templated":true}]}}