{"id":253883,"date":"2021-12-31T10:45:57","date_gmt":"2021-12-31T13:45:57","guid":{"rendered":"https:\/\/naseprogram.wp-ms.ahuekna.org.ar\/?page_id=253883"},"modified":"2025-02-01T12:59:20","modified_gmt":"2025-02-01T15:59:20","slug":"introducao-a-nase","status":"publish","type":"page","link":"https:\/\/www.naseprogram.org\/pt-pt\/introducao-a-nase\/","title":{"rendered":"Introdu\u00e7\u00e3o \u00e0 NASE"},"content":{"rendered":"\n<p class=\"has-amarillo-nase-background-color has-background\"><strong>A NASE (Network for Astronomy School Education) \u00e9 um Grupo de Trabalho envolvido no Grupo de Trabalho Funcional &#8220;Key Initiatives in Education, Outreach and Development&#8221; na divis\u00e3o C da IAU (Uni\u00e3o Astron\u00f3mica Internacional).<\/strong><\/p>\n\n\n\n<p>O principal objectivo da NASE \u00e9 educar as novas gera\u00e7\u00f5es de professores e reeducar as actuais. Trabalhamos com professores universit\u00e1rios a fim de formar futuros professores e cooperamos com os departamentos de educa\u00e7\u00e3o a fim de formar professores experientes das escolas prim\u00e1rias e secund\u00e1rias.<\/p>\n\n\n\n<p>Os participantes ser\u00e3o entre 40 e 50 professores do ensino prim\u00e1rio e secund\u00e1rio no pa\u00eds de acolhimento, distribu\u00eddos em dois grupos para os workshops dos cursos presenciais. Nos cursos presenciais em linha n\u00e3o existem restri\u00e7\u00f5es num\u00e9ricas.<\/p>\n\n\n\n<p>Os instrutores ser\u00e3o membros da NASE e professores do pa\u00eds\/cidade de acolhimento.<\/p>\n\n\n\n<p>A maior realiza\u00e7\u00e3o da NASE \u00e9 a forma\u00e7\u00e3o de um Grupo de Trabalho Local (GTA) que acompanha a organiza\u00e7\u00e3o de cursos e outras actividades, e que \u00e9 aut\u00f3nomo dentro de 2 ou 3 anos. Os instrutores locais fazem parte, imediatamente, do grupo local da NASE e s\u00e3o respons\u00e1veis pela realiza\u00e7\u00e3o de reuni\u00f5es regulares para manter as actividades do grupo.<\/p>\n\n\n\n<p>A l\u00edngua do curso ser\u00e1 a l\u00edngua oficial do pa\u00eds de acolhimento.<\/p>\n","protected":false},"excerpt":{"rendered":"<p>A NASE (Network for Astronomy School Education) \u00e9 um Grupo de Trabalho envolvido no Grupo de Trabalho Funcional &#8220;Key Initiatives in Education, Outreach and Development&#8221; na divis\u00e3o C da IAU (Uni\u00e3o Astron\u00f3mica Internacional). O principal objectivo da NASE \u00e9 educar as novas gera\u00e7\u00f5es de professores e reeducar as actuais. Trabalhamos com professores universit\u00e1rios a fim &#8230; <a title=\"Introdu\u00e7\u00e3o \u00e0 NASE\" class=\"read-more\" href=\"https:\/\/www.naseprogram.org\/pt-pt\/introducao-a-nase\/\" aria-label=\"Mais em Introdu\u00e7\u00e3o \u00e0 NASE\">Ler mais<\/a><\/p>\n","protected":false},"author":15,"featured_media":0,"parent":0,"menu_order":0,"comment_status":"closed","ping_status":"closed","template":"","meta":{"_uag_custom_page_level_css":"","_coblocks_attr":"","_coblocks_dimensions":"","_coblocks_responsive_height":"","_coblocks_accordion_ie_support":"","footnotes":""},"class_list":["post-253883","page","type-page","status-publish"],"acf":[],"yoast_head":"<!-- This site is optimized with the Yoast SEO plugin v27.4 - https:\/\/yoast.com\/product\/yoast-seo-wordpress\/ -->\n<title>Introdu\u00e7\u00e3o \u00e0 NASE - NASE<\/title>\n<meta name=\"robots\" content=\"index, follow, max-snippet:-1, max-image-preview:large, max-video-preview:-1\" \/>\n<link rel=\"canonical\" href=\"https:\/\/www.naseprogram.org\/pt-pt\/introducao-a-nase\/\" \/>\n<meta property=\"og:locale\" content=\"pt_PT\" \/>\n<meta property=\"og:type\" content=\"article\" \/>\n<meta property=\"og:title\" content=\"Introdu\u00e7\u00e3o \u00e0 NASE - NASE\" \/>\n<meta property=\"og:description\" content=\"A NASE (Network for Astronomy School Education) \u00e9 um Grupo de Trabalho envolvido no Grupo de Trabalho Funcional &#8220;Key Initiatives in Education, Outreach and Development&#8221; na divis\u00e3o C da IAU (Uni\u00e3o Astron\u00f3mica Internacional). O principal objectivo da NASE \u00e9 educar as novas gera\u00e7\u00f5es de professores e reeducar as actuais. Trabalhamos com professores universit\u00e1rios a fim ... Ler mais\" \/>\n<meta property=\"og:url\" content=\"https:\/\/www.naseprogram.org\/pt-pt\/introducao-a-nase\/\" \/>\n<meta property=\"og:site_name\" content=\"NASE\" \/>\n<meta property=\"article:modified_time\" content=\"2025-02-01T15:59:20+00:00\" \/>\n<meta name=\"twitter:card\" content=\"summary_large_image\" \/>\n<meta name=\"twitter:label1\" content=\"Tempo estimado de leitura\" \/>\n\t<meta name=\"twitter:data1\" content=\"1 minuto\" \/>\n<script type=\"application\/ld+json\" class=\"yoast-schema-graph\">{\"@context\":\"https:\\\/\\\/schema.org\",\"@graph\":[{\"@type\":\"WebPage\",\"@id\":\"https:\\\/\\\/www.naseprogram.org\\\/pt-pt\\\/introducao-a-nase\\\/\",\"url\":\"https:\\\/\\\/www.naseprogram.org\\\/pt-pt\\\/introducao-a-nase\\\/\",\"name\":\"Introdu\u00e7\u00e3o \u00e0 NASE - NASE\",\"isPartOf\":{\"@id\":\"https:\\\/\\\/www.naseprogram.org\\\/pt-pt\\\/#website\"},\"datePublished\":\"2021-12-31T13:45:57+00:00\",\"dateModified\":\"2025-02-01T15:59:20+00:00\",\"breadcrumb\":{\"@id\":\"https:\\\/\\\/www.naseprogram.org\\\/pt-pt\\\/introducao-a-nase\\\/#breadcrumb\"},\"inLanguage\":\"pt-PT\",\"potentialAction\":[{\"@type\":\"ReadAction\",\"target\":[\"https:\\\/\\\/www.naseprogram.org\\\/pt-pt\\\/introducao-a-nase\\\/\"]}]},{\"@type\":\"BreadcrumbList\",\"@id\":\"https:\\\/\\\/www.naseprogram.org\\\/pt-pt\\\/introducao-a-nase\\\/#breadcrumb\",\"itemListElement\":[{\"@type\":\"ListItem\",\"position\":1,\"name\":\"Home\",\"item\":\"https:\\\/\\\/www.naseprogram.org\\\/pt-pt\\\/\"},{\"@type\":\"ListItem\",\"position\":2,\"name\":\"Introdu\u00e7\u00e3o \u00e0 NASE\"}]},{\"@type\":\"WebSite\",\"@id\":\"https:\\\/\\\/www.naseprogram.org\\\/pt-pt\\\/#website\",\"url\":\"https:\\\/\\\/www.naseprogram.org\\\/pt-pt\\\/\",\"name\":\"NASE\",\"description\":\"Network for Astronomy School Education\",\"publisher\":{\"@id\":\"https:\\\/\\\/www.naseprogram.org\\\/pt-pt\\\/#organization\"},\"potentialAction\":[{\"@type\":\"SearchAction\",\"target\":{\"@type\":\"EntryPoint\",\"urlTemplate\":\"https:\\\/\\\/www.naseprogram.org\\\/pt-pt\\\/?s={search_term_string}\"},\"query-input\":{\"@type\":\"PropertyValueSpecification\",\"valueRequired\":true,\"valueName\":\"search_term_string\"}}],\"inLanguage\":\"pt-PT\"},{\"@type\":\"Organization\",\"@id\":\"https:\\\/\\\/www.naseprogram.org\\\/pt-pt\\\/#organization\",\"name\":\"NASE\",\"url\":\"https:\\\/\\\/www.naseprogram.org\\\/pt-pt\\\/\",\"logo\":{\"@type\":\"ImageObject\",\"inLanguage\":\"pt-PT\",\"@id\":\"https:\\\/\\\/www.naseprogram.org\\\/pt-pt\\\/#\\\/schema\\\/logo\\\/image\\\/\",\"url\":\"https:\\\/\\\/www.naseprogram.org\\\/wp-content\\\/uploads\\\/sites\\\/10\\\/2021\\\/12\\\/naselogo.png\",\"contentUrl\":\"https:\\\/\\\/www.naseprogram.org\\\/wp-content\\\/uploads\\\/sites\\\/10\\\/2021\\\/12\\\/naselogo.png\",\"width\":234,\"height\":91,\"caption\":\"NASE\"},\"image\":{\"@id\":\"https:\\\/\\\/www.naseprogram.org\\\/pt-pt\\\/#\\\/schema\\\/logo\\\/image\\\/\"}}]}<\/script>\n<!-- \/ Yoast SEO plugin. -->","yoast_head_json":{"title":"Introdu\u00e7\u00e3o \u00e0 NASE - NASE","robots":{"index":"index","follow":"follow","max-snippet":"max-snippet:-1","max-image-preview":"max-image-preview:large","max-video-preview":"max-video-preview:-1"},"canonical":"https:\/\/www.naseprogram.org\/pt-pt\/introducao-a-nase\/","og_locale":"pt_PT","og_type":"article","og_title":"Introdu\u00e7\u00e3o \u00e0 NASE - NASE","og_description":"A NASE (Network for Astronomy School Education) \u00e9 um Grupo de Trabalho envolvido no Grupo de Trabalho Funcional &#8220;Key Initiatives in Education, Outreach and Development&#8221; na divis\u00e3o C da IAU (Uni\u00e3o Astron\u00f3mica Internacional). O principal objectivo da NASE \u00e9 educar as novas gera\u00e7\u00f5es de professores e reeducar as actuais. Trabalhamos com professores universit\u00e1rios a fim ... Ler mais","og_url":"https:\/\/www.naseprogram.org\/pt-pt\/introducao-a-nase\/","og_site_name":"NASE","article_modified_time":"2025-02-01T15:59:20+00:00","twitter_card":"summary_large_image","twitter_misc":{"Tempo estimado de leitura":"1 minuto"},"schema":{"@context":"https:\/\/schema.org","@graph":[{"@type":"WebPage","@id":"https:\/\/www.naseprogram.org\/pt-pt\/introducao-a-nase\/","url":"https:\/\/www.naseprogram.org\/pt-pt\/introducao-a-nase\/","name":"Introdu\u00e7\u00e3o \u00e0 NASE - NASE","isPartOf":{"@id":"https:\/\/www.naseprogram.org\/pt-pt\/#website"},"datePublished":"2021-12-31T13:45:57+00:00","dateModified":"2025-02-01T15:59:20+00:00","breadcrumb":{"@id":"https:\/\/www.naseprogram.org\/pt-pt\/introducao-a-nase\/#breadcrumb"},"inLanguage":"pt-PT","potentialAction":[{"@type":"ReadAction","target":["https:\/\/www.naseprogram.org\/pt-pt\/introducao-a-nase\/"]}]},{"@type":"BreadcrumbList","@id":"https:\/\/www.naseprogram.org\/pt-pt\/introducao-a-nase\/#breadcrumb","itemListElement":[{"@type":"ListItem","position":1,"name":"Home","item":"https:\/\/www.naseprogram.org\/pt-pt\/"},{"@type":"ListItem","position":2,"name":"Introdu\u00e7\u00e3o \u00e0 NASE"}]},{"@type":"WebSite","@id":"https:\/\/www.naseprogram.org\/pt-pt\/#website","url":"https:\/\/www.naseprogram.org\/pt-pt\/","name":"NASE","description":"Network for Astronomy School Education","publisher":{"@id":"https:\/\/www.naseprogram.org\/pt-pt\/#organization"},"potentialAction":[{"@type":"SearchAction","target":{"@type":"EntryPoint","urlTemplate":"https:\/\/www.naseprogram.org\/pt-pt\/?s={search_term_string}"},"query-input":{"@type":"PropertyValueSpecification","valueRequired":true,"valueName":"search_term_string"}}],"inLanguage":"pt-PT"},{"@type":"Organization","@id":"https:\/\/www.naseprogram.org\/pt-pt\/#organization","name":"NASE","url":"https:\/\/www.naseprogram.org\/pt-pt\/","logo":{"@type":"ImageObject","inLanguage":"pt-PT","@id":"https:\/\/www.naseprogram.org\/pt-pt\/#\/schema\/logo\/image\/","url":"https:\/\/www.naseprogram.org\/wp-content\/uploads\/sites\/10\/2021\/12\/naselogo.png","contentUrl":"https:\/\/www.naseprogram.org\/wp-content\/uploads\/sites\/10\/2021\/12\/naselogo.png","width":234,"height":91,"caption":"NASE"},"image":{"@id":"https:\/\/www.naseprogram.org\/pt-pt\/#\/schema\/logo\/image\/"}}]}},"uagb_featured_image_src":{"full":false,"thumbnail":false,"medium":false,"medium_large":false,"large":false,"1536x1536":false,"2048x2048":false},"uagb_author_info":{"display_name":"NASE","author_link":"https:\/\/www.naseprogram.org\/pt-pt\/author\/nase1\/"},"uagb_comment_info":0,"uagb_excerpt":"A NASE (Network for Astronomy School Education) \u00e9 um Grupo de Trabalho envolvido no Grupo de Trabalho Funcional &#8220;Key Initiatives in Education, Outreach and Development&#8221; na divis\u00e3o C da IAU (Uni\u00e3o Astron\u00f3mica Internacional). O principal objectivo da NASE \u00e9 educar as novas gera\u00e7\u00f5es de professores e reeducar as actuais. Trabalhamos com professores universit\u00e1rios a fim&hellip;","_links":{"self":[{"href":"https:\/\/www.naseprogram.org\/pt-pt\/wp-json\/wp\/v2\/pages\/253883","targetHints":{"allow":["GET"]}}],"collection":[{"href":"https:\/\/www.naseprogram.org\/pt-pt\/wp-json\/wp\/v2\/pages"}],"about":[{"href":"https:\/\/www.naseprogram.org\/pt-pt\/wp-json\/wp\/v2\/types\/page"}],"author":[{"embeddable":true,"href":"https:\/\/www.naseprogram.org\/pt-pt\/wp-json\/wp\/v2\/users\/15"}],"replies":[{"embeddable":true,"href":"https:\/\/www.naseprogram.org\/pt-pt\/wp-json\/wp\/v2\/comments?post=253883"}],"version-history":[{"count":5,"href":"https:\/\/www.naseprogram.org\/pt-pt\/wp-json\/wp\/v2\/pages\/253883\/revisions"}],"predecessor-version":[{"id":539311,"href":"https:\/\/www.naseprogram.org\/pt-pt\/wp-json\/wp\/v2\/pages\/253883\/revisions\/539311"}],"wp:attachment":[{"href":"https:\/\/www.naseprogram.org\/pt-pt\/wp-json\/wp\/v2\/media?parent=253883"}],"curies":[{"name":"wp","href":"https:\/\/api.w.org\/{rel}","templated":true}]}}