{"id":270698,"date":"2021-12-31T10:46:21","date_gmt":"2021-12-31T13:46:21","guid":{"rendered":"https:\/\/naseprogram.wp-ms.ahuekna.org.ar\/?page_id=270698"},"modified":"2024-12-21T16:38:04","modified_gmt":"2024-12-21T19:38:04","slug":"conteudo-e-modalidades","status":"publish","type":"page","link":"https:\/\/www.naseprogram.org\/pt-pt\/conteudo-e-modalidades\/","title":{"rendered":"Conte\u00fado e modalidades"},"content":{"rendered":"\n<p><strong>PROP\u00d3SITO<\/strong><\/p>\n\n\n\n<p>Os cursos gratuitos da NASE t\u00eam um objectivo principal que \u00e9 promover o ensino de professores de astronomia (prim\u00e1rio, secund\u00e1rio e universit\u00e1rio) e promover o ensino\/aprendizagem activa da disciplina atrav\u00e9s de modelos e observa\u00e7\u00e3o de fen\u00f3menos.<\/p>\n\n\n\n<p><strong>REQUISITOS E\/OU EXPERI\u00caNCIA PROFISSIONAL EXIGIDA<\/strong><\/p>\n\n\n\n<p>Professores do ensino prim\u00e1rio, professores do ensino secund\u00e1rio de qualquer \u00e1rea, professores terci\u00e1rios (professores de ci\u00eancias) e carreiras semelhantes do ciclo b\u00e1sico universit\u00e1rio, estudantes de cursos de professores avan\u00e7ados.<\/p>\n\n\n\n<p>N\u00e3o \u00e9 necess\u00e1rio conhecimento pr\u00e9vio de astronomia.<\/p>\n\n\n\n<p><strong>FORMATO&nbsp;<\/strong>&nbsp;\u2013 (Todos os cursos podem ser ministrados presencialmente, online ou h\u00edbridos)<\/p>\n\n\n\n<p>O curso geral de Astronomia e Astrof\u00edsica compreende 4 dias de aulas sobre conceitos astron\u00f3micos b\u00e1sicos e inclui observa\u00e7\u00f5es e uma visita astron\u00f3mica. Envolve 4 palestras, 10 workshops e 3 grupos de trabalho.<\/p>\n","protected":false},"excerpt":{"rendered":"<p>PROP\u00d3SITO Os cursos gratuitos da NASE t\u00eam um objectivo principal que \u00e9 promover o ensino de professores de astronomia (prim\u00e1rio, secund\u00e1rio e universit\u00e1rio) e promover o ensino\/aprendizagem activa da disciplina atrav\u00e9s de modelos e observa\u00e7\u00e3o de fen\u00f3menos. REQUISITOS E\/OU EXPERI\u00caNCIA PROFISSIONAL EXIGIDA Professores do ensino prim\u00e1rio, professores do ensino secund\u00e1rio de qualquer \u00e1rea, professores terci\u00e1rios &#8230; <a title=\"Conte\u00fado e modalidades\" class=\"read-more\" href=\"https:\/\/www.naseprogram.org\/pt-pt\/conteudo-e-modalidades\/\" aria-label=\"Mais em Conte\u00fado e modalidades\">Ler mais<\/a><\/p>\n","protected":false},"author":15,"featured_media":0,"parent":0,"menu_order":0,"comment_status":"closed","ping_status":"closed","template":"","meta":{"_uag_custom_page_level_css":"","_coblocks_attr":"","_coblocks_dimensions":"","_coblocks_responsive_height":"","_coblocks_accordion_ie_support":"","footnotes":""},"class_list":["post-270698","page","type-page","status-publish"],"acf":[],"yoast_head":"<!-- This site is optimized with the Yoast SEO plugin v27.4 - https:\/\/yoast.com\/product\/yoast-seo-wordpress\/ -->\n<title>Conte\u00fado e modalidades - NASE<\/title>\n<meta name=\"robots\" content=\"index, follow, max-snippet:-1, max-image-preview:large, max-video-preview:-1\" \/>\n<link rel=\"canonical\" href=\"https:\/\/www.naseprogram.org\/pt-pt\/conteudo-e-modalidades\/\" \/>\n<meta property=\"og:locale\" content=\"pt_PT\" \/>\n<meta property=\"og:type\" content=\"article\" \/>\n<meta property=\"og:title\" content=\"Conte\u00fado e modalidades - NASE\" \/>\n<meta property=\"og:description\" content=\"PROP\u00d3SITO Os cursos gratuitos da NASE t\u00eam um objectivo principal que \u00e9 promover o ensino de professores de astronomia (prim\u00e1rio, secund\u00e1rio e universit\u00e1rio) e promover o ensino\/aprendizagem activa da disciplina atrav\u00e9s de modelos e observa\u00e7\u00e3o de fen\u00f3menos. REQUISITOS E\/OU EXPERI\u00caNCIA PROFISSIONAL EXIGIDA Professores do ensino prim\u00e1rio, professores do ensino secund\u00e1rio de qualquer \u00e1rea, professores terci\u00e1rios ... Ler mais\" \/>\n<meta property=\"og:url\" content=\"https:\/\/www.naseprogram.org\/pt-pt\/conteudo-e-modalidades\/\" \/>\n<meta property=\"og:site_name\" content=\"NASE\" \/>\n<meta property=\"article:modified_time\" content=\"2024-12-21T19:38:04+00:00\" \/>\n<meta name=\"twitter:card\" content=\"summary_large_image\" \/>\n<meta name=\"twitter:label1\" content=\"Tempo estimado de leitura\" \/>\n\t<meta name=\"twitter:data1\" content=\"1 minuto\" \/>\n<script type=\"application\/ld+json\" class=\"yoast-schema-graph\">{\"@context\":\"https:\\\/\\\/schema.org\",\"@graph\":[{\"@type\":\"WebPage\",\"@id\":\"https:\\\/\\\/www.naseprogram.org\\\/pt-pt\\\/conteudo-e-modalidades\\\/\",\"url\":\"https:\\\/\\\/www.naseprogram.org\\\/pt-pt\\\/conteudo-e-modalidades\\\/\",\"name\":\"Conte\u00fado e modalidades - NASE\",\"isPartOf\":{\"@id\":\"https:\\\/\\\/www.naseprogram.org\\\/pt-pt\\\/#website\"},\"datePublished\":\"2021-12-31T13:46:21+00:00\",\"dateModified\":\"2024-12-21T19:38:04+00:00\",\"breadcrumb\":{\"@id\":\"https:\\\/\\\/www.naseprogram.org\\\/pt-pt\\\/conteudo-e-modalidades\\\/#breadcrumb\"},\"inLanguage\":\"pt-PT\",\"potentialAction\":[{\"@type\":\"ReadAction\",\"target\":[\"https:\\\/\\\/www.naseprogram.org\\\/pt-pt\\\/conteudo-e-modalidades\\\/\"]}]},{\"@type\":\"BreadcrumbList\",\"@id\":\"https:\\\/\\\/www.naseprogram.org\\\/pt-pt\\\/conteudo-e-modalidades\\\/#breadcrumb\",\"itemListElement\":[{\"@type\":\"ListItem\",\"position\":1,\"name\":\"Home\",\"item\":\"https:\\\/\\\/www.naseprogram.org\\\/pt-pt\\\/\"},{\"@type\":\"ListItem\",\"position\":2,\"name\":\"Conte\u00fado e modalidades\"}]},{\"@type\":\"WebSite\",\"@id\":\"https:\\\/\\\/www.naseprogram.org\\\/pt-pt\\\/#website\",\"url\":\"https:\\\/\\\/www.naseprogram.org\\\/pt-pt\\\/\",\"name\":\"NASE\",\"description\":\"Network for Astronomy School Education\",\"publisher\":{\"@id\":\"https:\\\/\\\/www.naseprogram.org\\\/pt-pt\\\/#organization\"},\"potentialAction\":[{\"@type\":\"SearchAction\",\"target\":{\"@type\":\"EntryPoint\",\"urlTemplate\":\"https:\\\/\\\/www.naseprogram.org\\\/pt-pt\\\/?s={search_term_string}\"},\"query-input\":{\"@type\":\"PropertyValueSpecification\",\"valueRequired\":true,\"valueName\":\"search_term_string\"}}],\"inLanguage\":\"pt-PT\"},{\"@type\":\"Organization\",\"@id\":\"https:\\\/\\\/www.naseprogram.org\\\/pt-pt\\\/#organization\",\"name\":\"NASE\",\"url\":\"https:\\\/\\\/www.naseprogram.org\\\/pt-pt\\\/\",\"logo\":{\"@type\":\"ImageObject\",\"inLanguage\":\"pt-PT\",\"@id\":\"https:\\\/\\\/www.naseprogram.org\\\/pt-pt\\\/#\\\/schema\\\/logo\\\/image\\\/\",\"url\":\"https:\\\/\\\/www.naseprogram.org\\\/wp-content\\\/uploads\\\/sites\\\/10\\\/2021\\\/12\\\/naselogo.png\",\"contentUrl\":\"https:\\\/\\\/www.naseprogram.org\\\/wp-content\\\/uploads\\\/sites\\\/10\\\/2021\\\/12\\\/naselogo.png\",\"width\":234,\"height\":91,\"caption\":\"NASE\"},\"image\":{\"@id\":\"https:\\\/\\\/www.naseprogram.org\\\/pt-pt\\\/#\\\/schema\\\/logo\\\/image\\\/\"}}]}<\/script>\n<!-- \/ Yoast SEO plugin. -->","yoast_head_json":{"title":"Conte\u00fado e modalidades - NASE","robots":{"index":"index","follow":"follow","max-snippet":"max-snippet:-1","max-image-preview":"max-image-preview:large","max-video-preview":"max-video-preview:-1"},"canonical":"https:\/\/www.naseprogram.org\/pt-pt\/conteudo-e-modalidades\/","og_locale":"pt_PT","og_type":"article","og_title":"Conte\u00fado e modalidades - NASE","og_description":"PROP\u00d3SITO Os cursos gratuitos da NASE t\u00eam um objectivo principal que \u00e9 promover o ensino de professores de astronomia (prim\u00e1rio, secund\u00e1rio e universit\u00e1rio) e promover o ensino\/aprendizagem activa da disciplina atrav\u00e9s de modelos e observa\u00e7\u00e3o de fen\u00f3menos. REQUISITOS E\/OU EXPERI\u00caNCIA PROFISSIONAL EXIGIDA Professores do ensino prim\u00e1rio, professores do ensino secund\u00e1rio de qualquer \u00e1rea, professores terci\u00e1rios ... Ler mais","og_url":"https:\/\/www.naseprogram.org\/pt-pt\/conteudo-e-modalidades\/","og_site_name":"NASE","article_modified_time":"2024-12-21T19:38:04+00:00","twitter_card":"summary_large_image","twitter_misc":{"Tempo estimado de leitura":"1 minuto"},"schema":{"@context":"https:\/\/schema.org","@graph":[{"@type":"WebPage","@id":"https:\/\/www.naseprogram.org\/pt-pt\/conteudo-e-modalidades\/","url":"https:\/\/www.naseprogram.org\/pt-pt\/conteudo-e-modalidades\/","name":"Conte\u00fado e modalidades - NASE","isPartOf":{"@id":"https:\/\/www.naseprogram.org\/pt-pt\/#website"},"datePublished":"2021-12-31T13:46:21+00:00","dateModified":"2024-12-21T19:38:04+00:00","breadcrumb":{"@id":"https:\/\/www.naseprogram.org\/pt-pt\/conteudo-e-modalidades\/#breadcrumb"},"inLanguage":"pt-PT","potentialAction":[{"@type":"ReadAction","target":["https:\/\/www.naseprogram.org\/pt-pt\/conteudo-e-modalidades\/"]}]},{"@type":"BreadcrumbList","@id":"https:\/\/www.naseprogram.org\/pt-pt\/conteudo-e-modalidades\/#breadcrumb","itemListElement":[{"@type":"ListItem","position":1,"name":"Home","item":"https:\/\/www.naseprogram.org\/pt-pt\/"},{"@type":"ListItem","position":2,"name":"Conte\u00fado e modalidades"}]},{"@type":"WebSite","@id":"https:\/\/www.naseprogram.org\/pt-pt\/#website","url":"https:\/\/www.naseprogram.org\/pt-pt\/","name":"NASE","description":"Network for Astronomy School Education","publisher":{"@id":"https:\/\/www.naseprogram.org\/pt-pt\/#organization"},"potentialAction":[{"@type":"SearchAction","target":{"@type":"EntryPoint","urlTemplate":"https:\/\/www.naseprogram.org\/pt-pt\/?s={search_term_string}"},"query-input":{"@type":"PropertyValueSpecification","valueRequired":true,"valueName":"search_term_string"}}],"inLanguage":"pt-PT"},{"@type":"Organization","@id":"https:\/\/www.naseprogram.org\/pt-pt\/#organization","name":"NASE","url":"https:\/\/www.naseprogram.org\/pt-pt\/","logo":{"@type":"ImageObject","inLanguage":"pt-PT","@id":"https:\/\/www.naseprogram.org\/pt-pt\/#\/schema\/logo\/image\/","url":"https:\/\/www.naseprogram.org\/wp-content\/uploads\/sites\/10\/2021\/12\/naselogo.png","contentUrl":"https:\/\/www.naseprogram.org\/wp-content\/uploads\/sites\/10\/2021\/12\/naselogo.png","width":234,"height":91,"caption":"NASE"},"image":{"@id":"https:\/\/www.naseprogram.org\/pt-pt\/#\/schema\/logo\/image\/"}}]}},"uagb_featured_image_src":{"full":false,"thumbnail":false,"medium":false,"medium_large":false,"large":false,"1536x1536":false,"2048x2048":false},"uagb_author_info":{"display_name":"NASE","author_link":"https:\/\/www.naseprogram.org\/pt-pt\/author\/nase1\/"},"uagb_comment_info":0,"uagb_excerpt":"PROP\u00d3SITO Os cursos gratuitos da NASE t\u00eam um objectivo principal que \u00e9 promover o ensino de professores de astronomia (prim\u00e1rio, secund\u00e1rio e universit\u00e1rio) e promover o ensino\/aprendizagem activa da disciplina atrav\u00e9s de modelos e observa\u00e7\u00e3o de fen\u00f3menos. REQUISITOS E\/OU EXPERI\u00caNCIA PROFISSIONAL EXIGIDA Professores do ensino prim\u00e1rio, professores do ensino secund\u00e1rio de qualquer \u00e1rea, professores terci\u00e1rios&hellip;","_links":{"self":[{"href":"https:\/\/www.naseprogram.org\/pt-pt\/wp-json\/wp\/v2\/pages\/270698","targetHints":{"allow":["GET"]}}],"collection":[{"href":"https:\/\/www.naseprogram.org\/pt-pt\/wp-json\/wp\/v2\/pages"}],"about":[{"href":"https:\/\/www.naseprogram.org\/pt-pt\/wp-json\/wp\/v2\/types\/page"}],"author":[{"embeddable":true,"href":"https:\/\/www.naseprogram.org\/pt-pt\/wp-json\/wp\/v2\/users\/15"}],"replies":[{"embeddable":true,"href":"https:\/\/www.naseprogram.org\/pt-pt\/wp-json\/wp\/v2\/comments?post=270698"}],"version-history":[{"count":7,"href":"https:\/\/www.naseprogram.org\/pt-pt\/wp-json\/wp\/v2\/pages\/270698\/revisions"}],"predecessor-version":[{"id":529419,"href":"https:\/\/www.naseprogram.org\/pt-pt\/wp-json\/wp\/v2\/pages\/270698\/revisions\/529419"}],"wp:attachment":[{"href":"https:\/\/www.naseprogram.org\/pt-pt\/wp-json\/wp\/v2\/media?parent=270698"}],"curies":[{"name":"wp","href":"https:\/\/api.w.org\/{rel}","templated":true}]}}