{"id":288982,"date":"2021-12-31T10:50:26","date_gmt":"2021-12-31T13:50:26","guid":{"rendered":"https:\/\/naseprogram.wp-ms.ahuekna.org.ar\/?page_id=288982"},"modified":"2026-01-27T13:54:18","modified_gmt":"2026-01-27T16:54:18","slug":"projectos-da-uia-unesco-2","status":"publish","type":"page","link":"https:\/\/www.naseprogram.org\/pt-pt\/projectos-da-uia-unesco-2\/","title":{"rendered":"Projectos da UIA\/UNESCO"},"content":{"rendered":"\n<p id=\"block-bb4b3d68-0f7a-4fe3-af35-e2c515d9630c\">Para comemorar o Dia Internacional da Luz convocado anualmente pela UNESCO, a NASE prop\u00f5e a todos os seus participantes e instrutores a realiza\u00e7\u00e3o de uma experi\u00eancia simples mas de grande interesse educativo.<br>Embora o dia da luz seja 16 de Maio, prop\u00f5e-se a todos os participantes que o fa\u00e7am ao longo do semestre, desde o equin\u00f3cio de Mar\u00e7o at\u00e9 ao equin\u00f3cio de Setembro. N\u00e3o se limita ao 16 de Maio porque, como \u00e9 sabido, este dia cai dentro da \u00e9poca das chuvas em alguns pa\u00edses. Por esta raz\u00e3o, os professores interessados podem ser levados a cabo com os seus alunos durante meio ano. Solicitamos que nos envie algumas fotos de testemunhos e os dados constantes das observa\u00e7\u00f5es obtidas durante o desenvolvimento da experi\u00eancia. O quadro no material introdut\u00f3rio a ler para preparar a experi\u00eancia. Boa sorte e tenha um dia ou uma noite sem nuvens para o fazer.<\/p>\n\n\n\n<p id=\"block-f26c0d87-e3b6-41fd-a9c6-ffe91880c146\"><a href=\"https:\/\/www.unesco.org\/es\">Link para o s\u00edtio web da UNESCO l\u00e1 est\u00e3o todas as obras (o projecto NASE aparece no final, em &#8220;mundial&#8221;)<\/a><\/p>\n","protected":false},"excerpt":{"rendered":"<p>Para comemorar o Dia Internacional da Luz convocado anualmente pela UNESCO, a NASE prop\u00f5e a todos os seus participantes e instrutores a realiza\u00e7\u00e3o de uma experi\u00eancia simples mas de grande interesse educativo.Embora o dia da luz seja 16 de Maio, prop\u00f5e-se a todos os participantes que o fa\u00e7am ao longo do semestre, desde o equin\u00f3cio &#8230; <a title=\"Projectos da UIA\/UNESCO\" class=\"read-more\" href=\"https:\/\/www.naseprogram.org\/pt-pt\/projectos-da-uia-unesco-2\/\" aria-label=\"Mais em Projectos da UIA\/UNESCO\">Ler mais<\/a><\/p>\n","protected":false},"author":13,"featured_media":0,"parent":0,"menu_order":0,"comment_status":"closed","ping_status":"closed","template":"","meta":{"_uag_custom_page_level_css":"","_coblocks_attr":"","_coblocks_dimensions":"","_coblocks_responsive_height":"","_coblocks_accordion_ie_support":"","footnotes":""},"class_list":["post-288982","page","type-page","status-publish"],"acf":[],"yoast_head":"<!-- This site is optimized with the Yoast SEO plugin v27.4 - https:\/\/yoast.com\/product\/yoast-seo-wordpress\/ -->\n<title>Projectos da UIA\/UNESCO - NASE<\/title>\n<meta name=\"robots\" content=\"index, follow, max-snippet:-1, max-image-preview:large, max-video-preview:-1\" \/>\n<link rel=\"canonical\" href=\"https:\/\/www.naseprogram.org\/pt-pt\/projectos-da-uia-unesco-2\/\" \/>\n<meta property=\"og:locale\" content=\"pt_PT\" \/>\n<meta property=\"og:type\" content=\"article\" \/>\n<meta property=\"og:title\" content=\"Projectos da UIA\/UNESCO - NASE\" \/>\n<meta property=\"og:description\" content=\"Para comemorar o Dia Internacional da Luz convocado anualmente pela UNESCO, a NASE prop\u00f5e a todos os seus participantes e instrutores a realiza\u00e7\u00e3o de uma experi\u00eancia simples mas de grande interesse educativo.Embora o dia da luz seja 16 de Maio, prop\u00f5e-se a todos os participantes que o fa\u00e7am ao longo do semestre, desde o equin\u00f3cio ... Ler mais\" \/>\n<meta property=\"og:url\" content=\"https:\/\/www.naseprogram.org\/pt-pt\/projectos-da-uia-unesco-2\/\" \/>\n<meta property=\"og:site_name\" content=\"NASE\" \/>\n<meta property=\"article:modified_time\" content=\"2026-01-27T16:54:18+00:00\" \/>\n<meta name=\"twitter:card\" content=\"summary_large_image\" \/>\n<meta name=\"twitter:label1\" content=\"Tempo estimado de leitura\" \/>\n\t<meta name=\"twitter:data1\" content=\"1 minuto\" \/>\n<script type=\"application\/ld+json\" class=\"yoast-schema-graph\">{\"@context\":\"https:\\\/\\\/schema.org\",\"@graph\":[{\"@type\":\"WebPage\",\"@id\":\"https:\\\/\\\/www.naseprogram.org\\\/pt-pt\\\/projectos-da-uia-unesco-2\\\/\",\"url\":\"https:\\\/\\\/www.naseprogram.org\\\/pt-pt\\\/projectos-da-uia-unesco-2\\\/\",\"name\":\"Projectos da UIA\\\/UNESCO - NASE\",\"isPartOf\":{\"@id\":\"https:\\\/\\\/www.naseprogram.org\\\/pt-pt\\\/#website\"},\"datePublished\":\"2021-12-31T13:50:26+00:00\",\"dateModified\":\"2026-01-27T16:54:18+00:00\",\"breadcrumb\":{\"@id\":\"https:\\\/\\\/www.naseprogram.org\\\/pt-pt\\\/projectos-da-uia-unesco-2\\\/#breadcrumb\"},\"inLanguage\":\"pt-PT\",\"potentialAction\":[{\"@type\":\"ReadAction\",\"target\":[\"https:\\\/\\\/www.naseprogram.org\\\/pt-pt\\\/projectos-da-uia-unesco-2\\\/\"]}]},{\"@type\":\"BreadcrumbList\",\"@id\":\"https:\\\/\\\/www.naseprogram.org\\\/pt-pt\\\/projectos-da-uia-unesco-2\\\/#breadcrumb\",\"itemListElement\":[{\"@type\":\"ListItem\",\"position\":1,\"name\":\"Home\",\"item\":\"https:\\\/\\\/www.naseprogram.org\\\/pt-pt\\\/\"},{\"@type\":\"ListItem\",\"position\":2,\"name\":\"Projectos da UIA\\\/UNESCO\"}]},{\"@type\":\"WebSite\",\"@id\":\"https:\\\/\\\/www.naseprogram.org\\\/pt-pt\\\/#website\",\"url\":\"https:\\\/\\\/www.naseprogram.org\\\/pt-pt\\\/\",\"name\":\"NASE\",\"description\":\"Network for Astronomy School Education\",\"publisher\":{\"@id\":\"https:\\\/\\\/www.naseprogram.org\\\/pt-pt\\\/#organization\"},\"potentialAction\":[{\"@type\":\"SearchAction\",\"target\":{\"@type\":\"EntryPoint\",\"urlTemplate\":\"https:\\\/\\\/www.naseprogram.org\\\/pt-pt\\\/?s={search_term_string}\"},\"query-input\":{\"@type\":\"PropertyValueSpecification\",\"valueRequired\":true,\"valueName\":\"search_term_string\"}}],\"inLanguage\":\"pt-PT\"},{\"@type\":\"Organization\",\"@id\":\"https:\\\/\\\/www.naseprogram.org\\\/pt-pt\\\/#organization\",\"name\":\"NASE\",\"url\":\"https:\\\/\\\/www.naseprogram.org\\\/pt-pt\\\/\",\"logo\":{\"@type\":\"ImageObject\",\"inLanguage\":\"pt-PT\",\"@id\":\"https:\\\/\\\/www.naseprogram.org\\\/pt-pt\\\/#\\\/schema\\\/logo\\\/image\\\/\",\"url\":\"https:\\\/\\\/www.naseprogram.org\\\/wp-content\\\/uploads\\\/sites\\\/10\\\/2021\\\/12\\\/naselogo.png\",\"contentUrl\":\"https:\\\/\\\/www.naseprogram.org\\\/wp-content\\\/uploads\\\/sites\\\/10\\\/2021\\\/12\\\/naselogo.png\",\"width\":234,\"height\":91,\"caption\":\"NASE\"},\"image\":{\"@id\":\"https:\\\/\\\/www.naseprogram.org\\\/pt-pt\\\/#\\\/schema\\\/logo\\\/image\\\/\"}}]}<\/script>\n<!-- \/ Yoast SEO plugin. -->","yoast_head_json":{"title":"Projectos da UIA\/UNESCO - NASE","robots":{"index":"index","follow":"follow","max-snippet":"max-snippet:-1","max-image-preview":"max-image-preview:large","max-video-preview":"max-video-preview:-1"},"canonical":"https:\/\/www.naseprogram.org\/pt-pt\/projectos-da-uia-unesco-2\/","og_locale":"pt_PT","og_type":"article","og_title":"Projectos da UIA\/UNESCO - NASE","og_description":"Para comemorar o Dia Internacional da Luz convocado anualmente pela UNESCO, a NASE prop\u00f5e a todos os seus participantes e instrutores a realiza\u00e7\u00e3o de uma experi\u00eancia simples mas de grande interesse educativo.Embora o dia da luz seja 16 de Maio, prop\u00f5e-se a todos os participantes que o fa\u00e7am ao longo do semestre, desde o equin\u00f3cio ... Ler mais","og_url":"https:\/\/www.naseprogram.org\/pt-pt\/projectos-da-uia-unesco-2\/","og_site_name":"NASE","article_modified_time":"2026-01-27T16:54:18+00:00","twitter_card":"summary_large_image","twitter_misc":{"Tempo estimado de leitura":"1 minuto"},"schema":{"@context":"https:\/\/schema.org","@graph":[{"@type":"WebPage","@id":"https:\/\/www.naseprogram.org\/pt-pt\/projectos-da-uia-unesco-2\/","url":"https:\/\/www.naseprogram.org\/pt-pt\/projectos-da-uia-unesco-2\/","name":"Projectos da UIA\/UNESCO - NASE","isPartOf":{"@id":"https:\/\/www.naseprogram.org\/pt-pt\/#website"},"datePublished":"2021-12-31T13:50:26+00:00","dateModified":"2026-01-27T16:54:18+00:00","breadcrumb":{"@id":"https:\/\/www.naseprogram.org\/pt-pt\/projectos-da-uia-unesco-2\/#breadcrumb"},"inLanguage":"pt-PT","potentialAction":[{"@type":"ReadAction","target":["https:\/\/www.naseprogram.org\/pt-pt\/projectos-da-uia-unesco-2\/"]}]},{"@type":"BreadcrumbList","@id":"https:\/\/www.naseprogram.org\/pt-pt\/projectos-da-uia-unesco-2\/#breadcrumb","itemListElement":[{"@type":"ListItem","position":1,"name":"Home","item":"https:\/\/www.naseprogram.org\/pt-pt\/"},{"@type":"ListItem","position":2,"name":"Projectos da UIA\/UNESCO"}]},{"@type":"WebSite","@id":"https:\/\/www.naseprogram.org\/pt-pt\/#website","url":"https:\/\/www.naseprogram.org\/pt-pt\/","name":"NASE","description":"Network for Astronomy School Education","publisher":{"@id":"https:\/\/www.naseprogram.org\/pt-pt\/#organization"},"potentialAction":[{"@type":"SearchAction","target":{"@type":"EntryPoint","urlTemplate":"https:\/\/www.naseprogram.org\/pt-pt\/?s={search_term_string}"},"query-input":{"@type":"PropertyValueSpecification","valueRequired":true,"valueName":"search_term_string"}}],"inLanguage":"pt-PT"},{"@type":"Organization","@id":"https:\/\/www.naseprogram.org\/pt-pt\/#organization","name":"NASE","url":"https:\/\/www.naseprogram.org\/pt-pt\/","logo":{"@type":"ImageObject","inLanguage":"pt-PT","@id":"https:\/\/www.naseprogram.org\/pt-pt\/#\/schema\/logo\/image\/","url":"https:\/\/www.naseprogram.org\/wp-content\/uploads\/sites\/10\/2021\/12\/naselogo.png","contentUrl":"https:\/\/www.naseprogram.org\/wp-content\/uploads\/sites\/10\/2021\/12\/naselogo.png","width":234,"height":91,"caption":"NASE"},"image":{"@id":"https:\/\/www.naseprogram.org\/pt-pt\/#\/schema\/logo\/image\/"}}]}},"uagb_featured_image_src":{"full":false,"thumbnail":false,"medium":false,"medium_large":false,"large":false,"1536x1536":false,"2048x2048":false},"uagb_author_info":{"display_name":"Willy Valentin","author_link":"https:\/\/www.naseprogram.org\/pt-pt\/author\/willyvalen\/"},"uagb_comment_info":0,"uagb_excerpt":"Para comemorar o Dia Internacional da Luz convocado anualmente pela UNESCO, a NASE prop\u00f5e a todos os seus participantes e instrutores a realiza\u00e7\u00e3o de uma experi\u00eancia simples mas de grande interesse educativo.Embora o dia da luz seja 16 de Maio, prop\u00f5e-se a todos os participantes que o fa\u00e7am ao longo do semestre, desde o equin\u00f3cio&hellip;","_links":{"self":[{"href":"https:\/\/www.naseprogram.org\/pt-pt\/wp-json\/wp\/v2\/pages\/288982","targetHints":{"allow":["GET"]}}],"collection":[{"href":"https:\/\/www.naseprogram.org\/pt-pt\/wp-json\/wp\/v2\/pages"}],"about":[{"href":"https:\/\/www.naseprogram.org\/pt-pt\/wp-json\/wp\/v2\/types\/page"}],"author":[{"embeddable":true,"href":"https:\/\/www.naseprogram.org\/pt-pt\/wp-json\/wp\/v2\/users\/13"}],"replies":[{"embeddable":true,"href":"https:\/\/www.naseprogram.org\/pt-pt\/wp-json\/wp\/v2\/comments?post=288982"}],"version-history":[{"count":9,"href":"https:\/\/www.naseprogram.org\/pt-pt\/wp-json\/wp\/v2\/pages\/288982\/revisions"}],"predecessor-version":[{"id":670868,"href":"https:\/\/www.naseprogram.org\/pt-pt\/wp-json\/wp\/v2\/pages\/288982\/revisions\/670868"}],"wp:attachment":[{"href":"https:\/\/www.naseprogram.org\/pt-pt\/wp-json\/wp\/v2\/media?parent=288982"}],"curies":[{"name":"wp","href":"https:\/\/api.w.org\/{rel}","templated":true}]}}