{"id":487310,"date":"2021-12-31T10:46:21","date_gmt":"2021-12-31T13:46:21","guid":{"rendered":"https:\/\/www.naseprogram.org\/content-and-modalities\/"},"modified":"2024-05-06T07:15:30","modified_gmt":"2024-05-06T10:15:30","slug":"content-and-modalities","status":"publish","type":"page","link":"https:\/\/www.naseprogram.org\/pt-pt\/content-and-modalities\/","title":{"rendered":"Conte\u00fado e modalidades"},"content":{"rendered":"\n<p><strong>OBJECTIVO<\/strong><\/p>\n\n\n\n<p>Os cursos gratuitos do NASE t\u00eam como principal objetivo promover a forma\u00e7\u00e3o de professores de astronomia (ensino b\u00e1sico, secund\u00e1rio e universit\u00e1rio) e promover o ensino\/aprendizagem ativo da disciplina atrav\u00e9s de modelos e da observa\u00e7\u00e3o de fen\u00f3menos.<\/p>\n\n\n\n<p><strong>REQUISITOS E\/OU EXPERI\u00caNCIA PROFISSIONAL EXIGIDOS<\/strong><\/p>\n\n\n\n<p>Professores do ensino prim\u00e1rio, professores do ensino secund\u00e1rio em qualquer \u00e1rea, professores do ensino superior (professores de ci\u00eancias) e outras carreiras universit\u00e1rias de base semelhantes, estudantes de cursos avan\u00e7ados de professores.<\/p>\n\n\n\n<p>N\u00e3o s\u00e3o necess\u00e1rios conhecimentos pr\u00e9vios de astronomia.<\/p>\n\n\n\n<p><strong>FORMATO &#8211;<\/strong> (Todos os cursos podem ser ministrados presencialmente, em linha ou h\u00edbridos)<\/p>\n\n\n\n<p>O curso geral de astronomia e astrof\u00edsica compreende 4 dias de aulas sobre conceitos astron\u00f3micos b\u00e1sicos e inclui observa\u00e7\u00f5es e uma visita astron\u00f3mica. Introduzir 4 aulas, 10 workshops e 3 grupos de trabalho.<\/p>\n","protected":false},"excerpt":{"rendered":"<p>OBJECTIVO Os cursos gratuitos do NASE t\u00eam como principal objetivo promover a forma\u00e7\u00e3o de professores de astronomia (ensino b\u00e1sico, secund\u00e1rio e universit\u00e1rio) e promover o ensino\/aprendizagem ativo da disciplina atrav\u00e9s de modelos e da observa\u00e7\u00e3o de fen\u00f3menos. REQUISITOS E\/OU EXPERI\u00caNCIA PROFISSIONAL EXIGIDOS Professores do ensino prim\u00e1rio, professores do ensino secund\u00e1rio em qualquer \u00e1rea, professores do &#8230; <a title=\"Conte\u00fado e modalidades\" class=\"read-more\" href=\"https:\/\/www.naseprogram.org\/pt-pt\/content-and-modalities\/\" aria-label=\"Mais em Conte\u00fado e modalidades\">Ler mais<\/a><\/p>\n","protected":false},"author":12,"featured_media":0,"parent":0,"menu_order":0,"comment_status":"closed","ping_status":"closed","template":"","meta":{"_uag_custom_page_level_css":"","_coblocks_attr":"","_coblocks_dimensions":"","_coblocks_responsive_height":"","_coblocks_accordion_ie_support":"","footnotes":""},"class_list":["post-487310","page","type-page","status-publish"],"acf":[],"yoast_head":"<!-- This site is optimized with the Yoast SEO plugin v27.3 - https:\/\/yoast.com\/product\/yoast-seo-wordpress\/ -->\n<title>Conte\u00fado e modalidades - NASE<\/title>\n<meta name=\"robots\" content=\"index, follow, max-snippet:-1, max-image-preview:large, max-video-preview:-1\" \/>\n<link rel=\"canonical\" href=\"https:\/\/www.naseprogram.org\/pt-pt\/content-and-modalities\/\" \/>\n<meta property=\"og:locale\" content=\"pt_PT\" \/>\n<meta property=\"og:type\" content=\"article\" \/>\n<meta property=\"og:title\" content=\"Conte\u00fado e modalidades - NASE\" \/>\n<meta property=\"og:description\" content=\"OBJECTIVO Os cursos gratuitos do NASE t\u00eam como principal objetivo promover a forma\u00e7\u00e3o de professores de astronomia (ensino b\u00e1sico, secund\u00e1rio e universit\u00e1rio) e promover o ensino\/aprendizagem ativo da disciplina atrav\u00e9s de modelos e da observa\u00e7\u00e3o de fen\u00f3menos. REQUISITOS E\/OU EXPERI\u00caNCIA PROFISSIONAL EXIGIDOS Professores do ensino prim\u00e1rio, professores do ensino secund\u00e1rio em qualquer \u00e1rea, professores do ... Ler mais\" \/>\n<meta property=\"og:url\" content=\"https:\/\/www.naseprogram.org\/pt-pt\/content-and-modalities\/\" \/>\n<meta property=\"og:site_name\" content=\"NASE\" \/>\n<meta property=\"article:modified_time\" content=\"2024-05-06T10:15:30+00:00\" \/>\n<meta name=\"twitter:card\" content=\"summary_large_image\" \/>\n<meta name=\"twitter:label1\" content=\"Tempo estimado de leitura\" \/>\n\t<meta name=\"twitter:data1\" content=\"1 minuto\" \/>\n<script type=\"application\/ld+json\" class=\"yoast-schema-graph\">{\"@context\":\"https:\\\/\\\/schema.org\",\"@graph\":[{\"@type\":\"WebPage\",\"@id\":\"https:\\\/\\\/www.naseprogram.org\\\/pt-pt\\\/content-and-modalities\\\/\",\"url\":\"https:\\\/\\\/www.naseprogram.org\\\/pt-pt\\\/content-and-modalities\\\/\",\"name\":\"Conte\u00fado e modalidades - NASE\",\"isPartOf\":{\"@id\":\"https:\\\/\\\/www.naseprogram.org\\\/pt-pt\\\/#website\"},\"datePublished\":\"2021-12-31T13:46:21+00:00\",\"dateModified\":\"2024-05-06T10:15:30+00:00\",\"breadcrumb\":{\"@id\":\"https:\\\/\\\/www.naseprogram.org\\\/pt-pt\\\/content-and-modalities\\\/#breadcrumb\"},\"inLanguage\":\"pt-PT\",\"potentialAction\":[{\"@type\":\"ReadAction\",\"target\":[\"https:\\\/\\\/www.naseprogram.org\\\/pt-pt\\\/content-and-modalities\\\/\"]}]},{\"@type\":\"BreadcrumbList\",\"@id\":\"https:\\\/\\\/www.naseprogram.org\\\/pt-pt\\\/content-and-modalities\\\/#breadcrumb\",\"itemListElement\":[{\"@type\":\"ListItem\",\"position\":1,\"name\":\"Home\",\"item\":\"https:\\\/\\\/www.naseprogram.org\\\/pt-pt\\\/\"},{\"@type\":\"ListItem\",\"position\":2,\"name\":\"Conte\u00fado e modalidades\"}]},{\"@type\":\"WebSite\",\"@id\":\"https:\\\/\\\/www.naseprogram.org\\\/pt-pt\\\/#website\",\"url\":\"https:\\\/\\\/www.naseprogram.org\\\/pt-pt\\\/\",\"name\":\"NASE\",\"description\":\"Network for Astronomy School Education\",\"publisher\":{\"@id\":\"https:\\\/\\\/www.naseprogram.org\\\/pt-pt\\\/#organization\"},\"potentialAction\":[{\"@type\":\"SearchAction\",\"target\":{\"@type\":\"EntryPoint\",\"urlTemplate\":\"https:\\\/\\\/www.naseprogram.org\\\/pt-pt\\\/?s={search_term_string}\"},\"query-input\":{\"@type\":\"PropertyValueSpecification\",\"valueRequired\":true,\"valueName\":\"search_term_string\"}}],\"inLanguage\":\"pt-PT\"},{\"@type\":\"Organization\",\"@id\":\"https:\\\/\\\/www.naseprogram.org\\\/pt-pt\\\/#organization\",\"name\":\"NASE\",\"url\":\"https:\\\/\\\/www.naseprogram.org\\\/pt-pt\\\/\",\"logo\":{\"@type\":\"ImageObject\",\"inLanguage\":\"pt-PT\",\"@id\":\"https:\\\/\\\/www.naseprogram.org\\\/pt-pt\\\/#\\\/schema\\\/logo\\\/image\\\/\",\"url\":\"https:\\\/\\\/www.naseprogram.org\\\/wp-content\\\/uploads\\\/sites\\\/10\\\/2021\\\/12\\\/naselogo.png\",\"contentUrl\":\"https:\\\/\\\/www.naseprogram.org\\\/wp-content\\\/uploads\\\/sites\\\/10\\\/2021\\\/12\\\/naselogo.png\",\"width\":234,\"height\":91,\"caption\":\"NASE\"},\"image\":{\"@id\":\"https:\\\/\\\/www.naseprogram.org\\\/pt-pt\\\/#\\\/schema\\\/logo\\\/image\\\/\"}}]}<\/script>\n<!-- \/ Yoast SEO plugin. -->","yoast_head_json":{"title":"Conte\u00fado e modalidades - NASE","robots":{"index":"index","follow":"follow","max-snippet":"max-snippet:-1","max-image-preview":"max-image-preview:large","max-video-preview":"max-video-preview:-1"},"canonical":"https:\/\/www.naseprogram.org\/pt-pt\/content-and-modalities\/","og_locale":"pt_PT","og_type":"article","og_title":"Conte\u00fado e modalidades - NASE","og_description":"OBJECTIVO Os cursos gratuitos do NASE t\u00eam como principal objetivo promover a forma\u00e7\u00e3o de professores de astronomia (ensino b\u00e1sico, secund\u00e1rio e universit\u00e1rio) e promover o ensino\/aprendizagem ativo da disciplina atrav\u00e9s de modelos e da observa\u00e7\u00e3o de fen\u00f3menos. REQUISITOS E\/OU EXPERI\u00caNCIA PROFISSIONAL EXIGIDOS Professores do ensino prim\u00e1rio, professores do ensino secund\u00e1rio em qualquer \u00e1rea, professores do ... Ler mais","og_url":"https:\/\/www.naseprogram.org\/pt-pt\/content-and-modalities\/","og_site_name":"NASE","article_modified_time":"2024-05-06T10:15:30+00:00","twitter_card":"summary_large_image","twitter_misc":{"Tempo estimado de leitura":"1 minuto"},"schema":{"@context":"https:\/\/schema.org","@graph":[{"@type":"WebPage","@id":"https:\/\/www.naseprogram.org\/pt-pt\/content-and-modalities\/","url":"https:\/\/www.naseprogram.org\/pt-pt\/content-and-modalities\/","name":"Conte\u00fado e modalidades - NASE","isPartOf":{"@id":"https:\/\/www.naseprogram.org\/pt-pt\/#website"},"datePublished":"2021-12-31T13:46:21+00:00","dateModified":"2024-05-06T10:15:30+00:00","breadcrumb":{"@id":"https:\/\/www.naseprogram.org\/pt-pt\/content-and-modalities\/#breadcrumb"},"inLanguage":"pt-PT","potentialAction":[{"@type":"ReadAction","target":["https:\/\/www.naseprogram.org\/pt-pt\/content-and-modalities\/"]}]},{"@type":"BreadcrumbList","@id":"https:\/\/www.naseprogram.org\/pt-pt\/content-and-modalities\/#breadcrumb","itemListElement":[{"@type":"ListItem","position":1,"name":"Home","item":"https:\/\/www.naseprogram.org\/pt-pt\/"},{"@type":"ListItem","position":2,"name":"Conte\u00fado e modalidades"}]},{"@type":"WebSite","@id":"https:\/\/www.naseprogram.org\/pt-pt\/#website","url":"https:\/\/www.naseprogram.org\/pt-pt\/","name":"NASE","description":"Network for Astronomy School Education","publisher":{"@id":"https:\/\/www.naseprogram.org\/pt-pt\/#organization"},"potentialAction":[{"@type":"SearchAction","target":{"@type":"EntryPoint","urlTemplate":"https:\/\/www.naseprogram.org\/pt-pt\/?s={search_term_string}"},"query-input":{"@type":"PropertyValueSpecification","valueRequired":true,"valueName":"search_term_string"}}],"inLanguage":"pt-PT"},{"@type":"Organization","@id":"https:\/\/www.naseprogram.org\/pt-pt\/#organization","name":"NASE","url":"https:\/\/www.naseprogram.org\/pt-pt\/","logo":{"@type":"ImageObject","inLanguage":"pt-PT","@id":"https:\/\/www.naseprogram.org\/pt-pt\/#\/schema\/logo\/image\/","url":"https:\/\/www.naseprogram.org\/wp-content\/uploads\/sites\/10\/2021\/12\/naselogo.png","contentUrl":"https:\/\/www.naseprogram.org\/wp-content\/uploads\/sites\/10\/2021\/12\/naselogo.png","width":234,"height":91,"caption":"NASE"},"image":{"@id":"https:\/\/www.naseprogram.org\/pt-pt\/#\/schema\/logo\/image\/"}}]}},"uagb_featured_image_src":{"full":false,"thumbnail":false,"medium":false,"medium_large":false,"large":false,"1536x1536":false,"2048x2048":false},"uagb_author_info":{"display_name":"lifetimemedia","author_link":"https:\/\/www.naseprogram.org\/pt-pt\/author\/lifetimemedia\/"},"uagb_comment_info":0,"uagb_excerpt":"OBJECTIVO Os cursos gratuitos do NASE t\u00eam como principal objetivo promover a forma\u00e7\u00e3o de professores de astronomia (ensino b\u00e1sico, secund\u00e1rio e universit\u00e1rio) e promover o ensino\/aprendizagem ativo da disciplina atrav\u00e9s de modelos e da observa\u00e7\u00e3o de fen\u00f3menos. REQUISITOS E\/OU EXPERI\u00caNCIA PROFISSIONAL EXIGIDOS Professores do ensino prim\u00e1rio, professores do ensino secund\u00e1rio em qualquer \u00e1rea, professores do&hellip;","_links":{"self":[{"href":"https:\/\/www.naseprogram.org\/pt-pt\/wp-json\/wp\/v2\/pages\/487310","targetHints":{"allow":["GET"]}}],"collection":[{"href":"https:\/\/www.naseprogram.org\/pt-pt\/wp-json\/wp\/v2\/pages"}],"about":[{"href":"https:\/\/www.naseprogram.org\/pt-pt\/wp-json\/wp\/v2\/types\/page"}],"author":[{"embeddable":true,"href":"https:\/\/www.naseprogram.org\/pt-pt\/wp-json\/wp\/v2\/users\/12"}],"replies":[{"embeddable":true,"href":"https:\/\/www.naseprogram.org\/pt-pt\/wp-json\/wp\/v2\/comments?post=487310"}],"version-history":[{"count":4,"href":"https:\/\/www.naseprogram.org\/pt-pt\/wp-json\/wp\/v2\/pages\/487310\/revisions"}],"predecessor-version":[{"id":487315,"href":"https:\/\/www.naseprogram.org\/pt-pt\/wp-json\/wp\/v2\/pages\/487310\/revisions\/487315"}],"wp:attachment":[{"href":"https:\/\/www.naseprogram.org\/pt-pt\/wp-json\/wp\/v2\/media?parent=487310"}],"curies":[{"name":"wp","href":"https:\/\/api.w.org\/{rel}","templated":true}]}}