{"id":265899,"date":"2021-12-31T10:45:57","date_gmt":"2021-12-31T13:45:57","guid":{"rendered":"https:\/\/naseprogram.wp-ms.ahuekna.org.ar\/?page_id=265899"},"modified":"2025-02-01T14:04:50","modified_gmt":"2025-02-01T17:04:50","slug":"nase-introducere","status":"publish","type":"page","link":"https:\/\/www.naseprogram.org\/ro\/nase-introducere\/","title":{"rendered":"NASE Introducere"},"content":{"rendered":"\n<p class=\"has-amarillo-nase-background-color has-background\">NASE (Network for Astronomy School Education) este un grup de lucru implicat \u00een grupul de lucru func\u021bional &#8222;Ini\u021biative cheie \u00een educa\u021bie, informare \u0219i dezvoltare&#8221; din cadrul diviziunii C a IAU (Uniunea Astronomic\u0103 Interna\u021bional\u0103).<\/p>\n\n\n\n<p>Obiectivul principal al NASE este de a educa noile genera\u021bii de profesori \u0219i de a le reeduca pe cele actuale. Colabor\u0103m cu profesori universitari pentru a preg\u0103ti viitorii profesori \u0219i cooper\u0103m cu departamentele de educa\u021bie pentru a preg\u0103ti profesori experimenta\u021bi din \u00eenv\u0103\u021b\u0103m\u00e2ntul primar \u0219i secundar.<\/p>\n\n\n\n<p>Participan\u021bii vor fi \u00eentre 40 \u0219i 50 de cadre didactice din \u00eenv\u0103\u021b\u0103m\u00e2ntul primar \u0219i secundar din \u021bara gazd\u0103, repartizate \u00een dou\u0103 grupuri pentru atelierele de lucru ale cursurilor fa\u021b\u0103 \u00een fa\u021b\u0103. \u00cen cazul cursurilor online nu exist\u0103 restric\u021bii numerice.<\/p>\n\n\n\n<p>Instructorii vor fi membri ai NASE \u0219i profesori din \u021bara\/ora\u0219ul gazd\u0103.<\/p>\n\n\n\n<p>Cea mai mare realizare a NASE este formarea unui grup de lucru local (LWG) care urm\u0103re\u0219te organizarea de cursuri \u0219i alte activit\u0103\u021bi \u0219i care este autonom \u00een 2 sau 3 ani. Instructorii locali fac parte, imediat, din grupul local NASE \u0219i sunt responsabili de efectuarea de \u00eent\u00e2lniri regulate pentru a men\u021bine activit\u0103\u021bile grupului.<\/p>\n\n\n\n<p>Limba de predare a cursului va fi limba oficial\u0103 a \u021b\u0103rii gazd\u0103.<\/p>\n","protected":false},"excerpt":{"rendered":"<p>NASE (Network for Astronomy School Education) este un grup de lucru implicat \u00een grupul de lucru func\u021bional &#8222;Ini\u021biative cheie \u00een educa\u021bie, informare \u0219i dezvoltare&#8221; din cadrul diviziunii C a IAU (Uniunea Astronomic\u0103 Interna\u021bional\u0103). Obiectivul principal al NASE este de a educa noile genera\u021bii de profesori \u0219i de a le reeduca pe cele actuale. Colabor\u0103m cu &#8230; <a title=\"NASE Introducere\" class=\"read-more\" href=\"https:\/\/www.naseprogram.org\/ro\/nase-introducere\/\" aria-label=\"More on NASE Introducere\">Read more<\/a><\/p>\n","protected":false},"author":15,"featured_media":0,"parent":0,"menu_order":0,"comment_status":"closed","ping_status":"closed","template":"","meta":{"_uag_custom_page_level_css":"","_coblocks_attr":"","_coblocks_dimensions":"","_coblocks_responsive_height":"","_coblocks_accordion_ie_support":"","footnotes":""},"class_list":["post-265899","page","type-page","status-publish"],"acf":[],"yoast_head":"<!-- This site is optimized with the Yoast SEO plugin v27.4 - https:\/\/yoast.com\/product\/yoast-seo-wordpress\/ -->\n<title>NASE Introducere - NASE<\/title>\n<meta name=\"robots\" content=\"index, follow, max-snippet:-1, max-image-preview:large, max-video-preview:-1\" \/>\n<link rel=\"canonical\" href=\"https:\/\/www.naseprogram.org\/ro\/nase-introducere\/\" \/>\n<meta property=\"og:locale\" content=\"ro_RO\" \/>\n<meta property=\"og:type\" content=\"article\" \/>\n<meta property=\"og:title\" content=\"NASE Introducere - NASE\" \/>\n<meta property=\"og:description\" content=\"NASE (Network for Astronomy School Education) este un grup de lucru implicat \u00een grupul de lucru func\u021bional &#8222;Ini\u021biative cheie \u00een educa\u021bie, informare \u0219i dezvoltare&#8221; din cadrul diviziunii C a IAU (Uniunea Astronomic\u0103 Interna\u021bional\u0103). Obiectivul principal al NASE este de a educa noile genera\u021bii de profesori \u0219i de a le reeduca pe cele actuale. Colabor\u0103m cu ... Read more\" \/>\n<meta property=\"og:url\" content=\"https:\/\/www.naseprogram.org\/ro\/nase-introducere\/\" \/>\n<meta property=\"og:site_name\" content=\"NASE\" \/>\n<meta property=\"article:modified_time\" content=\"2025-02-01T17:04:50+00:00\" \/>\n<meta name=\"twitter:card\" content=\"summary_large_image\" \/>\n<meta name=\"twitter:label1\" content=\"Timp estimat pentru citire\" \/>\n\t<meta name=\"twitter:data1\" content=\"1 minut\" \/>\n<script type=\"application\/ld+json\" class=\"yoast-schema-graph\">{\"@context\":\"https:\\\/\\\/schema.org\",\"@graph\":[{\"@type\":\"WebPage\",\"@id\":\"https:\\\/\\\/www.naseprogram.org\\\/ro\\\/nase-introducere\\\/\",\"url\":\"https:\\\/\\\/www.naseprogram.org\\\/ro\\\/nase-introducere\\\/\",\"name\":\"NASE Introducere - NASE\",\"isPartOf\":{\"@id\":\"https:\\\/\\\/www.naseprogram.org\\\/ro\\\/#website\"},\"datePublished\":\"2021-12-31T13:45:57+00:00\",\"dateModified\":\"2025-02-01T17:04:50+00:00\",\"breadcrumb\":{\"@id\":\"https:\\\/\\\/www.naseprogram.org\\\/ro\\\/nase-introducere\\\/#breadcrumb\"},\"inLanguage\":\"ro-RO\",\"potentialAction\":[{\"@type\":\"ReadAction\",\"target\":[\"https:\\\/\\\/www.naseprogram.org\\\/ro\\\/nase-introducere\\\/\"]}]},{\"@type\":\"BreadcrumbList\",\"@id\":\"https:\\\/\\\/www.naseprogram.org\\\/ro\\\/nase-introducere\\\/#breadcrumb\",\"itemListElement\":[{\"@type\":\"ListItem\",\"position\":1,\"name\":\"Home\",\"item\":\"https:\\\/\\\/www.naseprogram.org\\\/ro\\\/\"},{\"@type\":\"ListItem\",\"position\":2,\"name\":\"NASE Introducere\"}]},{\"@type\":\"WebSite\",\"@id\":\"https:\\\/\\\/www.naseprogram.org\\\/ro\\\/#website\",\"url\":\"https:\\\/\\\/www.naseprogram.org\\\/ro\\\/\",\"name\":\"NASE\",\"description\":\"Network for Astronomy School Education\",\"publisher\":{\"@id\":\"https:\\\/\\\/www.naseprogram.org\\\/ro\\\/#organization\"},\"potentialAction\":[{\"@type\":\"SearchAction\",\"target\":{\"@type\":\"EntryPoint\",\"urlTemplate\":\"https:\\\/\\\/www.naseprogram.org\\\/ro\\\/?s={search_term_string}\"},\"query-input\":{\"@type\":\"PropertyValueSpecification\",\"valueRequired\":true,\"valueName\":\"search_term_string\"}}],\"inLanguage\":\"ro-RO\"},{\"@type\":\"Organization\",\"@id\":\"https:\\\/\\\/www.naseprogram.org\\\/ro\\\/#organization\",\"name\":\"NASE\",\"url\":\"https:\\\/\\\/www.naseprogram.org\\\/ro\\\/\",\"logo\":{\"@type\":\"ImageObject\",\"inLanguage\":\"ro-RO\",\"@id\":\"https:\\\/\\\/www.naseprogram.org\\\/ro\\\/#\\\/schema\\\/logo\\\/image\\\/\",\"url\":\"https:\\\/\\\/www.naseprogram.org\\\/wp-content\\\/uploads\\\/sites\\\/10\\\/2021\\\/12\\\/naselogo.png\",\"contentUrl\":\"https:\\\/\\\/www.naseprogram.org\\\/wp-content\\\/uploads\\\/sites\\\/10\\\/2021\\\/12\\\/naselogo.png\",\"width\":234,\"height\":91,\"caption\":\"NASE\"},\"image\":{\"@id\":\"https:\\\/\\\/www.naseprogram.org\\\/ro\\\/#\\\/schema\\\/logo\\\/image\\\/\"}}]}<\/script>\n<!-- \/ Yoast SEO plugin. -->","yoast_head_json":{"title":"NASE Introducere - NASE","robots":{"index":"index","follow":"follow","max-snippet":"max-snippet:-1","max-image-preview":"max-image-preview:large","max-video-preview":"max-video-preview:-1"},"canonical":"https:\/\/www.naseprogram.org\/ro\/nase-introducere\/","og_locale":"ro_RO","og_type":"article","og_title":"NASE Introducere - NASE","og_description":"NASE (Network for Astronomy School Education) este un grup de lucru implicat \u00een grupul de lucru func\u021bional &#8222;Ini\u021biative cheie \u00een educa\u021bie, informare \u0219i dezvoltare&#8221; din cadrul diviziunii C a IAU (Uniunea Astronomic\u0103 Interna\u021bional\u0103). Obiectivul principal al NASE este de a educa noile genera\u021bii de profesori \u0219i de a le reeduca pe cele actuale. Colabor\u0103m cu ... Read more","og_url":"https:\/\/www.naseprogram.org\/ro\/nase-introducere\/","og_site_name":"NASE","article_modified_time":"2025-02-01T17:04:50+00:00","twitter_card":"summary_large_image","twitter_misc":{"Timp estimat pentru citire":"1 minut"},"schema":{"@context":"https:\/\/schema.org","@graph":[{"@type":"WebPage","@id":"https:\/\/www.naseprogram.org\/ro\/nase-introducere\/","url":"https:\/\/www.naseprogram.org\/ro\/nase-introducere\/","name":"NASE Introducere - NASE","isPartOf":{"@id":"https:\/\/www.naseprogram.org\/ro\/#website"},"datePublished":"2021-12-31T13:45:57+00:00","dateModified":"2025-02-01T17:04:50+00:00","breadcrumb":{"@id":"https:\/\/www.naseprogram.org\/ro\/nase-introducere\/#breadcrumb"},"inLanguage":"ro-RO","potentialAction":[{"@type":"ReadAction","target":["https:\/\/www.naseprogram.org\/ro\/nase-introducere\/"]}]},{"@type":"BreadcrumbList","@id":"https:\/\/www.naseprogram.org\/ro\/nase-introducere\/#breadcrumb","itemListElement":[{"@type":"ListItem","position":1,"name":"Home","item":"https:\/\/www.naseprogram.org\/ro\/"},{"@type":"ListItem","position":2,"name":"NASE Introducere"}]},{"@type":"WebSite","@id":"https:\/\/www.naseprogram.org\/ro\/#website","url":"https:\/\/www.naseprogram.org\/ro\/","name":"NASE","description":"Network for Astronomy School Education","publisher":{"@id":"https:\/\/www.naseprogram.org\/ro\/#organization"},"potentialAction":[{"@type":"SearchAction","target":{"@type":"EntryPoint","urlTemplate":"https:\/\/www.naseprogram.org\/ro\/?s={search_term_string}"},"query-input":{"@type":"PropertyValueSpecification","valueRequired":true,"valueName":"search_term_string"}}],"inLanguage":"ro-RO"},{"@type":"Organization","@id":"https:\/\/www.naseprogram.org\/ro\/#organization","name":"NASE","url":"https:\/\/www.naseprogram.org\/ro\/","logo":{"@type":"ImageObject","inLanguage":"ro-RO","@id":"https:\/\/www.naseprogram.org\/ro\/#\/schema\/logo\/image\/","url":"https:\/\/www.naseprogram.org\/wp-content\/uploads\/sites\/10\/2021\/12\/naselogo.png","contentUrl":"https:\/\/www.naseprogram.org\/wp-content\/uploads\/sites\/10\/2021\/12\/naselogo.png","width":234,"height":91,"caption":"NASE"},"image":{"@id":"https:\/\/www.naseprogram.org\/ro\/#\/schema\/logo\/image\/"}}]}},"uagb_featured_image_src":{"full":false,"thumbnail":false,"medium":false,"medium_large":false,"large":false,"1536x1536":false,"2048x2048":false},"uagb_author_info":{"display_name":"NASE","author_link":"https:\/\/www.naseprogram.org\/ro\/author\/nase1\/"},"uagb_comment_info":0,"uagb_excerpt":"NASE (Network for Astronomy School Education) este un grup de lucru implicat \u00een grupul de lucru func\u021bional &#8222;Ini\u021biative cheie \u00een educa\u021bie, informare \u0219i dezvoltare&#8221; din cadrul diviziunii C a IAU (Uniunea Astronomic\u0103 Interna\u021bional\u0103). Obiectivul principal al NASE este de a educa noile genera\u021bii de profesori \u0219i de a le reeduca pe cele actuale. Colabor\u0103m cu&hellip;","_links":{"self":[{"href":"https:\/\/www.naseprogram.org\/ro\/wp-json\/wp\/v2\/pages\/265899","targetHints":{"allow":["GET"]}}],"collection":[{"href":"https:\/\/www.naseprogram.org\/ro\/wp-json\/wp\/v2\/pages"}],"about":[{"href":"https:\/\/www.naseprogram.org\/ro\/wp-json\/wp\/v2\/types\/page"}],"author":[{"embeddable":true,"href":"https:\/\/www.naseprogram.org\/ro\/wp-json\/wp\/v2\/users\/15"}],"replies":[{"embeddable":true,"href":"https:\/\/www.naseprogram.org\/ro\/wp-json\/wp\/v2\/comments?post=265899"}],"version-history":[{"count":5,"href":"https:\/\/www.naseprogram.org\/ro\/wp-json\/wp\/v2\/pages\/265899\/revisions"}],"predecessor-version":[{"id":539376,"href":"https:\/\/www.naseprogram.org\/ro\/wp-json\/wp\/v2\/pages\/265899\/revisions\/539376"}],"wp:attachment":[{"href":"https:\/\/www.naseprogram.org\/ro\/wp-json\/wp\/v2\/media?parent=265899"}],"curies":[{"name":"wp","href":"https:\/\/api.w.org\/{rel}","templated":true}]}}