{"id":265992,"date":"2021-12-31T10:51:13","date_gmt":"2021-12-31T13:51:13","guid":{"rendered":"https:\/\/naseprogram.wp-ms.ahuekna.org.ar\/?page_id=265992"},"modified":"2024-05-06T17:35:17","modified_gmt":"2024-05-06T20:35:17","slug":"scop-plan-de-lucru","status":"publish","type":"page","link":"https:\/\/www.naseprogram.org\/ro\/scop-plan-de-lucru\/","title":{"rendered":"Scop + Plan de lucru"},"content":{"rendered":"\n<p><strong>SCOP<\/strong><\/p>\n\n\n\n<p>Cursurile gratuite ale NASE au ca obiectiv principal promovarea pred\u0103rii astronomiei \u00een r\u00e2ndul cadrelor didactice (primare, secundare \u0219i universitare) \u0219i promovarea pred\u0103rii\/\u00eenv\u0103\u021b\u0103rii active a disciplinei prin modele \u0219i observarea fenomenelor.<\/p>\n\n\n\n<p><strong>CERIN\u021aE \u0218I\/SAU EXPERIEN\u021a\u0102 PROFESIONAL\u0102 NECESAR\u0102<\/strong><\/p>\n\n\n\n<p>Profesori din \u00eenv\u0103\u021b\u0103m\u00e2ntul primar, profesori din \u00eenv\u0103\u021b\u0103m\u00e2ntul secundar din orice domeniu, profesori din \u00eenv\u0103\u021b\u0103m\u00e2ntul ter\u021biar (profesori de \u0219tiin\u021be) \u0219i cariere similare din ciclul universitar de baz\u0103, studen\u021bi ai cursurilor de perfec\u021bionare pentru profesori.<\/p>\n\n\n\n<p>Nu sunt necesare cuno\u0219tin\u021be prealabile de astronomie.<\/p>\n\n\n\n<p><strong>FORMAT <\/strong>(Toate cursurile pot fi \u021binute fa\u021b\u0103 \u00een fa\u021b\u0103, online sau hibride)<\/p>\n\n\n\n<p>Cursul general de astronomie, astrofizic\u0103, astrobiologie \u0219i astrocultur\u0103 cuprinde 4 zile de cursuri de no\u021biuni de baz\u0103 \u0219i include observa\u021bii \u0219i o vizit\u0103 astronomic\u0103. y una Astron. Visitn\u00f3mica. Acesta con\u021bine 4 cursuri, 10 ateliere \u0219i 2 grupuri de lucru.<\/p>\n\n\n\n<div class=\"wp-block-columns is-layout-flex wp-container-core-columns-is-layout-9d6595d7 wp-block-columns-is-layout-flex\">\n<div class=\"wp-block-column is-layout-flow wp-block-column-is-layout-flow\">\n<ul class=\"wp-block-list\">\n<li>  Curs general de baz\u0103<\/li>\n<\/ul>\n<\/div>\n\n\n\n<div class=\"wp-block-column is-layout-flow wp-block-column-is-layout-flow\"><\/div>\n<\/div>\n\n\n\n<p>Ca \u0219i cursuri mai scurte, au fost structurate patru cursuri noi care includ 2 prelegeri sau grupuri de lucru \u0219i 4 ateliere de lucru sau grupuri de lucru.<\/p>\n\n\n\n<div class=\"wp-block-columns is-layout-flex wp-container-core-columns-is-layout-9d6595d7 wp-block-columns-is-layout-flex\">\n<div class=\"wp-block-column is-layout-flow wp-block-column-is-layout-flow\">\n<ul class=\"wp-block-list\">\n<li>Curs de astronomie.<\/li>\n<\/ul>\n<\/div>\n\n\n\n<div class=\"wp-block-column is-layout-flow wp-block-column-is-layout-flow\"><\/div>\n<\/div>\n\n\n\n<div class=\"wp-block-columns is-layout-flex wp-container-core-columns-is-layout-9d6595d7 wp-block-columns-is-layout-flex\">\n<div class=\"wp-block-column is-layout-flow wp-block-column-is-layout-flow\">\n<ul class=\"wp-block-list\">\n<li>Curs de astrofizic\u0103.<\/li>\n<\/ul>\n<\/div>\n\n\n\n<div class=\"wp-block-column is-layout-flow wp-block-column-is-layout-flow\"><\/div>\n<\/div>\n\n\n\n<div class=\"wp-block-columns is-layout-flex wp-container-core-columns-is-layout-9d6595d7 wp-block-columns-is-layout-flex\">\n<div class=\"wp-block-column is-layout-flow wp-block-column-is-layout-flow\">\n<ul class=\"wp-block-list\">\n<li>Curs de astrobiologie<\/li>\n<\/ul>\n<\/div>\n\n\n\n<div class=\"wp-block-column is-layout-flow wp-block-column-is-layout-flow\"><\/div>\n<\/div>\n\n\n\n<div class=\"wp-block-columns is-layout-flex wp-container-core-columns-is-layout-9d6595d7 wp-block-columns-is-layout-flex\">\n<div class=\"wp-block-column is-layout-flow wp-block-column-is-layout-flow\">\n<ul class=\"wp-block-list\">\n<li>Curs de astro-cultur\u0103 <\/li>\n<\/ul>\n<\/div>\n\n\n\n<div class=\"wp-block-column is-layout-flow wp-block-column-is-layout-flow\"><\/div>\n<\/div>\n\n\n\n<p>La oricare dintre cele patru cursuri men\u021bionate, activit\u0103\u021bile practice se pot desf\u0103\u0219ura \u00een sala de clas\u0103 f\u0103r\u0103 a utiliza instrumente speciale, ci pur \u0219i simplu folosind dispozitive produse chiar de profesori cu ajutorul \u0219i software-ul liber al studen\u021bilor.<\/p>\n\n\n\n<p>Grupuri de lucru pentru discu\u021bii \u0219i sesiuni de postere sunt organizate \u00een general pentru a ar\u0103ta ce fac participan\u021bii \u00een domeniul astronomiei. Pentru o mai bun\u0103 \u00een\u021belegere a activit\u0103\u021bilor, v\u0103 rug\u0103m s\u0103 consulta\u021bi sec\u021biunea &#8222;Planul de lucru: concepte, con\u021binut \u0219i program&#8221; de pe aceea\u0219i pagin\u0103 web.<\/p>\n\n\n\n<p>Temele prelegerilor: Evolu\u021bia stelar\u0103, Cosmologie, Istoria astronomiei \u0219i Sistemul Solar.<\/p>\n\n\n\n<p>Temele atelierelor de lucru: Orizontul local \u0219i ceasurile Soarelui, Mi\u0219carea stelelor, Soarele \u0219i Luna, Etapele \u0219i eclipsele \u0219i Servieta t\u00e2n\u0103rului astronom, Spectrul solar \u0219i petele solare, Via\u021ba stelelor, Astronomia dincolo de vizibil, Expansiunea Universului, Planete \u0219i exoplanete \u0219i Elemente de astrobiologie.<\/p>\n\n\n\n<p>Teme pentru grupurile de lucru: Preg\u0103tirea observa\u021biilor \u0219i Astronomie \u00een ora\u0219 sau Arqueoastronomie.<\/p>\n\n\n\n<p>Cursul pentru profesorii de copii foarte mici este organizat \u00eentr-o conferin\u021b\u0103, 4 ateliere de lucru \u0219i un grup de lucru.<\/p>\n\n\n\n<ul class=\"wp-block-list\">\n<li>Curs de astronomie pentru copii<\/li>\n<\/ul>\n\n\n\n<p>Filozofia cursului este analog\u0103 cu cele men\u021bionate anterior. Aspectele practice activit\u0103\u021bi sunt simple \u0219i cu materiale foarte u\u0219or de ob\u021binut. Subiectele care vor fi discutate sunt evolu\u021bia stelar\u0103 cu o poveste, preliminarii ale sistemului solar, fazele Lunii, P\u0103m\u00e2ntul ca glob p\u0103m\u00e2ntesc \u0219i rudimente de observa\u021bie.<\/p>\n\n\n\n<p><strong>METODELE \u0218I MIJLOACELE UTILIZATE PENTRU EVALUARE<\/strong><\/p>\n\n\n\n<p>&#8211; La \u00eenceputul cursului, se realizeaz\u0103 o evaluare diagnostic\u0103 scris\u0103 (cu alegere multipl\u0103). Pe parcursul cursului, evalu\u0103rile se fac prin observa\u021bii directe ale implement\u0103rii atelierelor.<\/p>\n\n\n\n<p>&#8211; \u00cen ultima zi de curs, se face o evaluare final\u0103, care const\u0103 \u00een acela\u0219i test realizat \u00een cadrul diagnosticului (aceea\u0219i h\u00e2rtie, r\u0103spunsuri de alt\u0103 culoare).<\/p>\n\n\n\n<p>&#8211; La sf\u00e2r\u0219itul cursului, se procedeaz\u0103 la completarea unui chestionar de satisfac\u021bie, care trebuie completat de c\u0103tre student \u0219i predat la evaluarea acestuia.<\/p>\n\n\n\n<p>&#8211; \u00cen cele din urm\u0103, se trece la o evaluare a impactului (sau monitorizarea transferului de \u00eenv\u0103\u021bare) dup\u0103 c\u00e2teva luni, care const\u0103 \u00eentr-o evaluare a cuno\u0219tin\u021belor (\u00eentreb\u0103ri specifice despre con\u021binuturi), utilizarea materialelor NASE (dac\u0103 acestea au fost utilizate \u00een spa\u021biile curriculare, c\u00e2t de des \u0219i \u00een profunzime). Aceast\u0103 evaluare se face printr-un chestionar special preg\u0103tit pentru acest curs, la care se poate r\u0103spunde prin internet \u0219i online, \u0219i care ofer\u0103 rezultate imediate care v\u0103 vor permite s\u0103 \u021bine\u021bi la zi statisticile \u0219i studiile de impact.<\/p>\n\n\n\n<p><strong>OBLIGA\u021aIILE \u0218I RESPONSABILIT\u0102\u021aILE STUDEN\u021aILOR<\/strong><\/p>\n\n\n\n<p>&#8211; Prezen\u021ba la cel pu\u021bin 80% din activit\u0103\u021bile de curs.<\/p>\n\n\n\n<p>&#8211; Particip\u0103 la curs cu toate materialele necesare pentru desf\u0103\u0219urarea activit\u0103\u021bilor de machetare, machete, etc. Cu una sau dou\u0103 s\u0103pt\u0103m\u00e2ni \u00eenainte de \u00eenceperea cursului, cursan\u021bii vor fi informa\u021bi cu privire la lista materialelor necesare, prin e-mail c\u0103tre participan\u021bii \u00eenscri\u0219i.<\/p>\n\n\n\n<p><strong>OBLIGA\u021aII \u0218I RESPONSABILIT\u0102\u021aI ALE NASE<\/strong><\/p>\n\n\n\n<p>Cursul este complet gratuit pentru participan\u021bi. Infrastructura, logistica \u0219i alte elemente sau resurse asociate dict\u0103rii cursului sunt asigurate de c\u0103tre organiza\u021bia local\u0103.<\/p>\n\n\n\n<p>\u00cen ceea ce prive\u0219te materialele necesare pentru desf\u0103\u0219urarea atelierelor, NASE ofer\u0103:<\/p>\n\n\n\n<p>&#8211; O list\u0103 de elemente perisabile sau de rechizite pentru participan\u021bi: acestea sunt furnizate de organiza\u021bia local\u0103. Lista acestor elemente este publicat\u0103 pe site-ul web al NASE, \u00een limba \u021b\u0103rii respective (sec\u021biunea &#8222;Lista de elemente&#8221; de pe pagina web a NASE).<\/p>\n\n\n\n<p>&#8211; Fotocopii pentru dezvoltarea atelierelor, dosarul se selecteaz\u0103 \u00een func\u021bie de latitudinea locului \u00een care au efectuat cursul. Fi\u0219ierele sunt disponibile pe pagina web a NASE, \u00een limba \u00een care a fost realizat cursul. (Acest material trebuie s\u0103 fie livrat tip\u0103rit profesorilor participan\u021bi).<\/p>\n\n\n\n<p>&#8211; Material de referin\u021b\u0103: Fiecare participant prime\u0219te prin e-mail conferin\u021bele \u0219i atelierele de lucru: texte \u0219i prezent\u0103ri PowerPoint. Totul este disponibil pe pagina web a NASE.<\/p>\n\n\n\n<p><strong>SPRIJIN PENTRU FORMARE<\/strong><\/p>\n\n\n\n<p>&#8211; Cadrele didactice din \u00eenv\u0103\u021b\u0103m\u00e2ntul primar \u0219i secundar pot g\u0103si documente auxiliare utile pentru activit\u0103\u021bile pe care le desf\u0103\u0219oar\u0103 \u00een \u0219coal\u0103 pe pagina web a NASE, sec\u021biunea &#8222;Materiale suplimentare&#8221;.<\/p>\n\n\n\n<p>&#8211; Materialele au fost realizate \u00een mai multe limbi.<\/p>\n\n\n\n<p><strong>EMUL\u021aUMIREA ORIC\u0102REIA DINTRE P\u0102R\u021aILE IMPLICATE<\/strong><\/p>\n\n\n\n<p>\u00cen caz de conflict sau dezacord, vom proceda la rezolvarea conflictului respectiv printr-o abordare de neconformitate, care va oferi o solu\u021bie imediat\u0103 \u0219i, \u00een final, o ac\u021biune corectiv\u0103.<\/p>\n\n\n\n<p><strong>CERTIFICATE<\/strong><\/p>\n\n\n\n<p>NASE ofer\u0103 o certificare de anvergur\u0103 interna\u021bional\u0103. Certificatul este nominativ, cu num\u0103rul dni dac\u0103 acesta este necesar, cu acreditarea de a fi un grup de lucru al IAU, Uniunea Astronomic\u0103 Interna\u021bional\u0103, \u0219i cu sprijinul institu\u021biilor locale din fiecare \u021bar\u0103, iar \u00een cazul Republicii Argentina, al CONICET. Acest certificat se acord\u0103 studen\u021bilor care au participat (minimum) la 80% din activit\u0103\u021bile cursului.<\/p>\n\n\n\n<p><strong>PARTICIPAN\u021aI \u0218I INSTRUCTORI<\/strong><\/p>\n\n\n\n<p>Participan\u021bii vor fi \u00eentre 40 \u0219i 50 de profesori din \u00eenv\u0103\u021b\u0103m\u00e2ntul primar \u0219i secundar din \u021bara gazd\u0103.<\/p>\n\n\n\n<p>Instructorii vor fi membri ai NASE \u0219i 6-8 profesori din \u021bara\/ora\u0219ul gazd\u0103.<\/p>\n\n\n\n<div class=\"wp-block-columns is-layout-flex wp-container-core-columns-is-layout-9d6595d7 wp-block-columns-is-layout-flex\">\n<div class=\"wp-block-column is-layout-flow wp-block-column-is-layout-flow\">\n<h2 class=\"gb-headline gb-headline-6d252cf3 gb-headline-text\"><strong>Plan de lucru<\/strong><\/h2>\n<\/div>\n\n\n\n<div class=\"wp-block-column is-layout-flow wp-block-column-is-layout-flow\"><div class=\"gb-button-wrapper gb-button-wrapper-a14dd1fa\">\n\n<a class=\"gb-button gb-button-faad25a3\" href=\"https:\/\/www.naseprogram.org\/wp-content\/uploads\/sites\/10\/2024\/05\/horarioeng.pdf\" target=\"_blank\" rel=\"noopener noreferrer\"><span class=\"gb-button-text\">Download PDF<\/span><span class=\"gb-icon\">    <\/span><\/a>\n\n<\/div><\/div>\n<\/div>\n","protected":false},"excerpt":{"rendered":"<p>SCOP Cursurile gratuite ale NASE au ca obiectiv principal promovarea pred\u0103rii astronomiei \u00een r\u00e2ndul cadrelor didactice (primare, secundare \u0219i universitare) \u0219i promovarea pred\u0103rii\/\u00eenv\u0103\u021b\u0103rii active a disciplinei prin modele \u0219i observarea fenomenelor. CERIN\u021aE \u0218I\/SAU EXPERIEN\u021a\u0102 PROFESIONAL\u0102 NECESAR\u0102 Profesori din \u00eenv\u0103\u021b\u0103m\u00e2ntul primar, profesori din \u00eenv\u0103\u021b\u0103m\u00e2ntul secundar din orice domeniu, profesori din \u00eenv\u0103\u021b\u0103m\u00e2ntul ter\u021biar (profesori de \u0219tiin\u021be) \u0219i &#8230; <a title=\"Scop + Plan de lucru\" class=\"read-more\" href=\"https:\/\/www.naseprogram.org\/ro\/scop-plan-de-lucru\/\" aria-label=\"More on Scop + Plan de lucru\">Read more<\/a><\/p>\n","protected":false},"author":15,"featured_media":0,"parent":0,"menu_order":0,"comment_status":"closed","ping_status":"closed","template":"","meta":{"_uag_custom_page_level_css":"","_coblocks_attr":"","_coblocks_dimensions":"","_coblocks_responsive_height":"","_coblocks_accordion_ie_support":"","footnotes":""},"class_list":["post-265992","page","type-page","status-publish"],"acf":[],"yoast_head":"<!-- This site is optimized with the Yoast SEO plugin v27.4 - https:\/\/yoast.com\/product\/yoast-seo-wordpress\/ -->\n<title>Scop + Plan de lucru - NASE<\/title>\n<meta name=\"robots\" content=\"index, follow, max-snippet:-1, max-image-preview:large, max-video-preview:-1\" \/>\n<link rel=\"canonical\" href=\"https:\/\/www.naseprogram.org\/ro\/scop-plan-de-lucru\/\" \/>\n<meta property=\"og:locale\" content=\"ro_RO\" \/>\n<meta property=\"og:type\" content=\"article\" \/>\n<meta property=\"og:title\" content=\"Scop + Plan de lucru - NASE\" \/>\n<meta property=\"og:description\" content=\"SCOP Cursurile gratuite ale NASE au ca obiectiv principal promovarea pred\u0103rii astronomiei \u00een r\u00e2ndul cadrelor didactice (primare, secundare \u0219i universitare) \u0219i promovarea pred\u0103rii\/\u00eenv\u0103\u021b\u0103rii active a disciplinei prin modele \u0219i observarea fenomenelor. CERIN\u021aE \u0218I\/SAU EXPERIEN\u021a\u0102 PROFESIONAL\u0102 NECESAR\u0102 Profesori din \u00eenv\u0103\u021b\u0103m\u00e2ntul primar, profesori din \u00eenv\u0103\u021b\u0103m\u00e2ntul secundar din orice domeniu, profesori din \u00eenv\u0103\u021b\u0103m\u00e2ntul ter\u021biar (profesori de \u0219tiin\u021be) \u0219i ... Read more\" \/>\n<meta property=\"og:url\" content=\"https:\/\/www.naseprogram.org\/ro\/scop-plan-de-lucru\/\" \/>\n<meta property=\"og:site_name\" content=\"NASE\" \/>\n<meta property=\"article:modified_time\" content=\"2024-05-06T20:35:17+00:00\" \/>\n<meta name=\"twitter:card\" content=\"summary_large_image\" \/>\n<meta name=\"twitter:label1\" content=\"Timp estimat pentru citire\" \/>\n\t<meta name=\"twitter:data1\" content=\"5 minute\" \/>\n<script type=\"application\/ld+json\" class=\"yoast-schema-graph\">{\"@context\":\"https:\\\/\\\/schema.org\",\"@graph\":[{\"@type\":\"WebPage\",\"@id\":\"https:\\\/\\\/www.naseprogram.org\\\/ro\\\/scop-plan-de-lucru\\\/\",\"url\":\"https:\\\/\\\/www.naseprogram.org\\\/ro\\\/scop-plan-de-lucru\\\/\",\"name\":\"Scop + Plan de lucru - NASE\",\"isPartOf\":{\"@id\":\"https:\\\/\\\/www.naseprogram.org\\\/ro\\\/#website\"},\"datePublished\":\"2021-12-31T13:51:13+00:00\",\"dateModified\":\"2024-05-06T20:35:17+00:00\",\"breadcrumb\":{\"@id\":\"https:\\\/\\\/www.naseprogram.org\\\/ro\\\/scop-plan-de-lucru\\\/#breadcrumb\"},\"inLanguage\":\"ro-RO\",\"potentialAction\":[{\"@type\":\"ReadAction\",\"target\":[\"https:\\\/\\\/www.naseprogram.org\\\/ro\\\/scop-plan-de-lucru\\\/\"]}]},{\"@type\":\"BreadcrumbList\",\"@id\":\"https:\\\/\\\/www.naseprogram.org\\\/ro\\\/scop-plan-de-lucru\\\/#breadcrumb\",\"itemListElement\":[{\"@type\":\"ListItem\",\"position\":1,\"name\":\"Home\",\"item\":\"https:\\\/\\\/www.naseprogram.org\\\/ro\\\/\"},{\"@type\":\"ListItem\",\"position\":2,\"name\":\"Scop + Plan de lucru\"}]},{\"@type\":\"WebSite\",\"@id\":\"https:\\\/\\\/www.naseprogram.org\\\/ro\\\/#website\",\"url\":\"https:\\\/\\\/www.naseprogram.org\\\/ro\\\/\",\"name\":\"NASE\",\"description\":\"Network for Astronomy School Education\",\"publisher\":{\"@id\":\"https:\\\/\\\/www.naseprogram.org\\\/ro\\\/#organization\"},\"potentialAction\":[{\"@type\":\"SearchAction\",\"target\":{\"@type\":\"EntryPoint\",\"urlTemplate\":\"https:\\\/\\\/www.naseprogram.org\\\/ro\\\/?s={search_term_string}\"},\"query-input\":{\"@type\":\"PropertyValueSpecification\",\"valueRequired\":true,\"valueName\":\"search_term_string\"}}],\"inLanguage\":\"ro-RO\"},{\"@type\":\"Organization\",\"@id\":\"https:\\\/\\\/www.naseprogram.org\\\/ro\\\/#organization\",\"name\":\"NASE\",\"url\":\"https:\\\/\\\/www.naseprogram.org\\\/ro\\\/\",\"logo\":{\"@type\":\"ImageObject\",\"inLanguage\":\"ro-RO\",\"@id\":\"https:\\\/\\\/www.naseprogram.org\\\/ro\\\/#\\\/schema\\\/logo\\\/image\\\/\",\"url\":\"https:\\\/\\\/www.naseprogram.org\\\/wp-content\\\/uploads\\\/sites\\\/10\\\/2021\\\/12\\\/naselogo.png\",\"contentUrl\":\"https:\\\/\\\/www.naseprogram.org\\\/wp-content\\\/uploads\\\/sites\\\/10\\\/2021\\\/12\\\/naselogo.png\",\"width\":234,\"height\":91,\"caption\":\"NASE\"},\"image\":{\"@id\":\"https:\\\/\\\/www.naseprogram.org\\\/ro\\\/#\\\/schema\\\/logo\\\/image\\\/\"}}]}<\/script>\n<!-- \/ Yoast SEO plugin. -->","yoast_head_json":{"title":"Scop + Plan de lucru - NASE","robots":{"index":"index","follow":"follow","max-snippet":"max-snippet:-1","max-image-preview":"max-image-preview:large","max-video-preview":"max-video-preview:-1"},"canonical":"https:\/\/www.naseprogram.org\/ro\/scop-plan-de-lucru\/","og_locale":"ro_RO","og_type":"article","og_title":"Scop + Plan de lucru - NASE","og_description":"SCOP Cursurile gratuite ale NASE au ca obiectiv principal promovarea pred\u0103rii astronomiei \u00een r\u00e2ndul cadrelor didactice (primare, secundare \u0219i universitare) \u0219i promovarea pred\u0103rii\/\u00eenv\u0103\u021b\u0103rii active a disciplinei prin modele \u0219i observarea fenomenelor. CERIN\u021aE \u0218I\/SAU EXPERIEN\u021a\u0102 PROFESIONAL\u0102 NECESAR\u0102 Profesori din \u00eenv\u0103\u021b\u0103m\u00e2ntul primar, profesori din \u00eenv\u0103\u021b\u0103m\u00e2ntul secundar din orice domeniu, profesori din \u00eenv\u0103\u021b\u0103m\u00e2ntul ter\u021biar (profesori de \u0219tiin\u021be) \u0219i ... Read more","og_url":"https:\/\/www.naseprogram.org\/ro\/scop-plan-de-lucru\/","og_site_name":"NASE","article_modified_time":"2024-05-06T20:35:17+00:00","twitter_card":"summary_large_image","twitter_misc":{"Timp estimat pentru citire":"5 minute"},"schema":{"@context":"https:\/\/schema.org","@graph":[{"@type":"WebPage","@id":"https:\/\/www.naseprogram.org\/ro\/scop-plan-de-lucru\/","url":"https:\/\/www.naseprogram.org\/ro\/scop-plan-de-lucru\/","name":"Scop + Plan de lucru - NASE","isPartOf":{"@id":"https:\/\/www.naseprogram.org\/ro\/#website"},"datePublished":"2021-12-31T13:51:13+00:00","dateModified":"2024-05-06T20:35:17+00:00","breadcrumb":{"@id":"https:\/\/www.naseprogram.org\/ro\/scop-plan-de-lucru\/#breadcrumb"},"inLanguage":"ro-RO","potentialAction":[{"@type":"ReadAction","target":["https:\/\/www.naseprogram.org\/ro\/scop-plan-de-lucru\/"]}]},{"@type":"BreadcrumbList","@id":"https:\/\/www.naseprogram.org\/ro\/scop-plan-de-lucru\/#breadcrumb","itemListElement":[{"@type":"ListItem","position":1,"name":"Home","item":"https:\/\/www.naseprogram.org\/ro\/"},{"@type":"ListItem","position":2,"name":"Scop + Plan de lucru"}]},{"@type":"WebSite","@id":"https:\/\/www.naseprogram.org\/ro\/#website","url":"https:\/\/www.naseprogram.org\/ro\/","name":"NASE","description":"Network for Astronomy School Education","publisher":{"@id":"https:\/\/www.naseprogram.org\/ro\/#organization"},"potentialAction":[{"@type":"SearchAction","target":{"@type":"EntryPoint","urlTemplate":"https:\/\/www.naseprogram.org\/ro\/?s={search_term_string}"},"query-input":{"@type":"PropertyValueSpecification","valueRequired":true,"valueName":"search_term_string"}}],"inLanguage":"ro-RO"},{"@type":"Organization","@id":"https:\/\/www.naseprogram.org\/ro\/#organization","name":"NASE","url":"https:\/\/www.naseprogram.org\/ro\/","logo":{"@type":"ImageObject","inLanguage":"ro-RO","@id":"https:\/\/www.naseprogram.org\/ro\/#\/schema\/logo\/image\/","url":"https:\/\/www.naseprogram.org\/wp-content\/uploads\/sites\/10\/2021\/12\/naselogo.png","contentUrl":"https:\/\/www.naseprogram.org\/wp-content\/uploads\/sites\/10\/2021\/12\/naselogo.png","width":234,"height":91,"caption":"NASE"},"image":{"@id":"https:\/\/www.naseprogram.org\/ro\/#\/schema\/logo\/image\/"}}]}},"uagb_featured_image_src":{"full":false,"thumbnail":false,"medium":false,"medium_large":false,"large":false,"1536x1536":false,"2048x2048":false},"uagb_author_info":{"display_name":"NASE","author_link":"https:\/\/www.naseprogram.org\/ro\/author\/nase1\/"},"uagb_comment_info":0,"uagb_excerpt":"SCOP Cursurile gratuite ale NASE au ca obiectiv principal promovarea pred\u0103rii astronomiei \u00een r\u00e2ndul cadrelor didactice (primare, secundare \u0219i universitare) \u0219i promovarea pred\u0103rii\/\u00eenv\u0103\u021b\u0103rii active a disciplinei prin modele \u0219i observarea fenomenelor. CERIN\u021aE \u0218I\/SAU EXPERIEN\u021a\u0102 PROFESIONAL\u0102 NECESAR\u0102 Profesori din \u00eenv\u0103\u021b\u0103m\u00e2ntul primar, profesori din \u00eenv\u0103\u021b\u0103m\u00e2ntul secundar din orice domeniu, profesori din \u00eenv\u0103\u021b\u0103m\u00e2ntul ter\u021biar (profesori de \u0219tiin\u021be) \u0219i&hellip;","_links":{"self":[{"href":"https:\/\/www.naseprogram.org\/ro\/wp-json\/wp\/v2\/pages\/265992","targetHints":{"allow":["GET"]}}],"collection":[{"href":"https:\/\/www.naseprogram.org\/ro\/wp-json\/wp\/v2\/pages"}],"about":[{"href":"https:\/\/www.naseprogram.org\/ro\/wp-json\/wp\/v2\/types\/page"}],"author":[{"embeddable":true,"href":"https:\/\/www.naseprogram.org\/ro\/wp-json\/wp\/v2\/users\/15"}],"replies":[{"embeddable":true,"href":"https:\/\/www.naseprogram.org\/ro\/wp-json\/wp\/v2\/comments?post=265992"}],"version-history":[{"count":4,"href":"https:\/\/www.naseprogram.org\/ro\/wp-json\/wp\/v2\/pages\/265992\/revisions"}],"predecessor-version":[{"id":487440,"href":"https:\/\/www.naseprogram.org\/ro\/wp-json\/wp\/v2\/pages\/265992\/revisions\/487440"}],"wp:attachment":[{"href":"https:\/\/www.naseprogram.org\/ro\/wp-json\/wp\/v2\/media?parent=265992"}],"curies":[{"name":"wp","href":"https:\/\/api.w.org\/{rel}","templated":true}]}}