{"id":272130,"date":"2021-12-31T10:46:21","date_gmt":"2021-12-31T13:46:21","guid":{"rendered":"https:\/\/naseprogram.wp-ms.ahuekna.org.ar\/?page_id=272130"},"modified":"2024-12-22T20:36:59","modified_gmt":"2024-12-22T23:36:59","slug":"continutul-si-modalitatile","status":"publish","type":"page","link":"https:\/\/www.naseprogram.org\/ro\/continutul-si-modalitatile\/","title":{"rendered":"Con\u021binutul \u0219i modalit\u0103\u021bile"},"content":{"rendered":"\n<p><strong>SCOP<\/strong><\/p>\n\n\n\n<p>Cursurile gratuite ale NASE au ca obiectiv principal promovarea pred\u0103rii astronomiei \u00een r\u00e2ndul cadrelor didactice (primare, secundare \u0219i universitare) \u0219i promovarea pred\u0103rii\/\u00eenv\u0103\u021b\u0103rii active a disciplinei prin modele \u0219i observarea fenomenelor.<\/p>\n\n\n\n<p><strong>CERIN\u021aE \u0218I\/SAU EXPERIEN\u021a\u0102 PROFESIONAL\u0102 NECESAR\u0102<\/strong><\/p>\n\n\n\n<p>Profesori din \u00eenv\u0103\u021b\u0103m\u00e2ntul primar, profesori din \u00eenv\u0103\u021b\u0103m\u00e2ntul secundar din orice domeniu, profesori din \u00eenv\u0103\u021b\u0103m\u00e2ntul ter\u021biar (profesori de \u0219tiin\u021be) \u0219i cariere similare din ciclul universitar de baz\u0103, studen\u021bi ai cursurilor de perfec\u021bionare pentru profesori.<\/p>\n\n\n\n<p>Nu sunt necesare cuno\u0219tin\u021be prealabile de astronomie.<\/p>\n\n\n\n<p><strong>FORMAT&nbsp;<\/strong>\u2013 (Toate cursurile pot fi \u021binute fa\u021b\u0103 \u00een fa\u021b\u0103, online sau hibride.)<\/p>\n\n\n\n<p>Cursul general de astronomie \u0219i astrofizic\u0103 cuprinde 4 zile de cursuri de no\u021biuni astronomice de baz\u0103 \u0219i include observa\u021bii \u0219i o vizit\u0103 astronomic\u0103. Implic\u0103 4 prelegeri, 10 ateliere de lucru \u0219i 3 grupuri de lucru.<\/p>\n","protected":false},"excerpt":{"rendered":"<p>SCOP Cursurile gratuite ale NASE au ca obiectiv principal promovarea pred\u0103rii astronomiei \u00een r\u00e2ndul cadrelor didactice (primare, secundare \u0219i universitare) \u0219i promovarea pred\u0103rii\/\u00eenv\u0103\u021b\u0103rii active a disciplinei prin modele \u0219i observarea fenomenelor. CERIN\u021aE \u0218I\/SAU EXPERIEN\u021a\u0102 PROFESIONAL\u0102 NECESAR\u0102 Profesori din \u00eenv\u0103\u021b\u0103m\u00e2ntul primar, profesori din \u00eenv\u0103\u021b\u0103m\u00e2ntul secundar din orice domeniu, profesori din \u00eenv\u0103\u021b\u0103m\u00e2ntul ter\u021biar (profesori de \u0219tiin\u021be) \u0219i &#8230; <a title=\"Con\u021binutul \u0219i modalit\u0103\u021bile\" class=\"read-more\" href=\"https:\/\/www.naseprogram.org\/ro\/continutul-si-modalitatile\/\" aria-label=\"More on Con\u021binutul \u0219i modalit\u0103\u021bile\">Read more<\/a><\/p>\n","protected":false},"author":15,"featured_media":0,"parent":0,"menu_order":0,"comment_status":"closed","ping_status":"closed","template":"","meta":{"_uag_custom_page_level_css":"","_coblocks_attr":"","_coblocks_dimensions":"","_coblocks_responsive_height":"","_coblocks_accordion_ie_support":"","footnotes":""},"class_list":["post-272130","page","type-page","status-publish"],"acf":[],"yoast_head":"<!-- This site is optimized with the Yoast SEO plugin v27.4 - https:\/\/yoast.com\/product\/yoast-seo-wordpress\/ -->\n<title>Con\u021binutul \u0219i modalit\u0103\u021bile - NASE<\/title>\n<meta name=\"robots\" content=\"index, follow, max-snippet:-1, max-image-preview:large, max-video-preview:-1\" \/>\n<link rel=\"canonical\" href=\"https:\/\/www.naseprogram.org\/ro\/continutul-si-modalitatile\/\" \/>\n<meta property=\"og:locale\" content=\"ro_RO\" \/>\n<meta property=\"og:type\" content=\"article\" \/>\n<meta property=\"og:title\" content=\"Con\u021binutul \u0219i modalit\u0103\u021bile - NASE\" \/>\n<meta property=\"og:description\" content=\"SCOP Cursurile gratuite ale NASE au ca obiectiv principal promovarea pred\u0103rii astronomiei \u00een r\u00e2ndul cadrelor didactice (primare, secundare \u0219i universitare) \u0219i promovarea pred\u0103rii\/\u00eenv\u0103\u021b\u0103rii active a disciplinei prin modele \u0219i observarea fenomenelor. CERIN\u021aE \u0218I\/SAU EXPERIEN\u021a\u0102 PROFESIONAL\u0102 NECESAR\u0102 Profesori din \u00eenv\u0103\u021b\u0103m\u00e2ntul primar, profesori din \u00eenv\u0103\u021b\u0103m\u00e2ntul secundar din orice domeniu, profesori din \u00eenv\u0103\u021b\u0103m\u00e2ntul ter\u021biar (profesori de \u0219tiin\u021be) \u0219i ... Read more\" \/>\n<meta property=\"og:url\" content=\"https:\/\/www.naseprogram.org\/ro\/continutul-si-modalitatile\/\" \/>\n<meta property=\"og:site_name\" content=\"NASE\" \/>\n<meta property=\"article:modified_time\" content=\"2024-12-22T23:36:59+00:00\" \/>\n<meta name=\"twitter:card\" content=\"summary_large_image\" \/>\n<meta name=\"twitter:label1\" content=\"Timp estimat pentru citire\" \/>\n\t<meta name=\"twitter:data1\" content=\"1 minut\" \/>\n<script type=\"application\/ld+json\" class=\"yoast-schema-graph\">{\"@context\":\"https:\\\/\\\/schema.org\",\"@graph\":[{\"@type\":\"WebPage\",\"@id\":\"https:\\\/\\\/www.naseprogram.org\\\/ro\\\/continutul-si-modalitatile\\\/\",\"url\":\"https:\\\/\\\/www.naseprogram.org\\\/ro\\\/continutul-si-modalitatile\\\/\",\"name\":\"Con\u021binutul \u0219i modalit\u0103\u021bile - NASE\",\"isPartOf\":{\"@id\":\"https:\\\/\\\/www.naseprogram.org\\\/ro\\\/#website\"},\"datePublished\":\"2021-12-31T13:46:21+00:00\",\"dateModified\":\"2024-12-22T23:36:59+00:00\",\"breadcrumb\":{\"@id\":\"https:\\\/\\\/www.naseprogram.org\\\/ro\\\/continutul-si-modalitatile\\\/#breadcrumb\"},\"inLanguage\":\"ro-RO\",\"potentialAction\":[{\"@type\":\"ReadAction\",\"target\":[\"https:\\\/\\\/www.naseprogram.org\\\/ro\\\/continutul-si-modalitatile\\\/\"]}]},{\"@type\":\"BreadcrumbList\",\"@id\":\"https:\\\/\\\/www.naseprogram.org\\\/ro\\\/continutul-si-modalitatile\\\/#breadcrumb\",\"itemListElement\":[{\"@type\":\"ListItem\",\"position\":1,\"name\":\"Home\",\"item\":\"https:\\\/\\\/www.naseprogram.org\\\/ro\\\/\"},{\"@type\":\"ListItem\",\"position\":2,\"name\":\"Con\u021binutul \u0219i modalit\u0103\u021bile\"}]},{\"@type\":\"WebSite\",\"@id\":\"https:\\\/\\\/www.naseprogram.org\\\/ro\\\/#website\",\"url\":\"https:\\\/\\\/www.naseprogram.org\\\/ro\\\/\",\"name\":\"NASE\",\"description\":\"Network for Astronomy School Education\",\"publisher\":{\"@id\":\"https:\\\/\\\/www.naseprogram.org\\\/ro\\\/#organization\"},\"potentialAction\":[{\"@type\":\"SearchAction\",\"target\":{\"@type\":\"EntryPoint\",\"urlTemplate\":\"https:\\\/\\\/www.naseprogram.org\\\/ro\\\/?s={search_term_string}\"},\"query-input\":{\"@type\":\"PropertyValueSpecification\",\"valueRequired\":true,\"valueName\":\"search_term_string\"}}],\"inLanguage\":\"ro-RO\"},{\"@type\":\"Organization\",\"@id\":\"https:\\\/\\\/www.naseprogram.org\\\/ro\\\/#organization\",\"name\":\"NASE\",\"url\":\"https:\\\/\\\/www.naseprogram.org\\\/ro\\\/\",\"logo\":{\"@type\":\"ImageObject\",\"inLanguage\":\"ro-RO\",\"@id\":\"https:\\\/\\\/www.naseprogram.org\\\/ro\\\/#\\\/schema\\\/logo\\\/image\\\/\",\"url\":\"https:\\\/\\\/www.naseprogram.org\\\/wp-content\\\/uploads\\\/sites\\\/10\\\/2021\\\/12\\\/naselogo.png\",\"contentUrl\":\"https:\\\/\\\/www.naseprogram.org\\\/wp-content\\\/uploads\\\/sites\\\/10\\\/2021\\\/12\\\/naselogo.png\",\"width\":234,\"height\":91,\"caption\":\"NASE\"},\"image\":{\"@id\":\"https:\\\/\\\/www.naseprogram.org\\\/ro\\\/#\\\/schema\\\/logo\\\/image\\\/\"}}]}<\/script>\n<!-- \/ Yoast SEO plugin. -->","yoast_head_json":{"title":"Con\u021binutul \u0219i modalit\u0103\u021bile - NASE","robots":{"index":"index","follow":"follow","max-snippet":"max-snippet:-1","max-image-preview":"max-image-preview:large","max-video-preview":"max-video-preview:-1"},"canonical":"https:\/\/www.naseprogram.org\/ro\/continutul-si-modalitatile\/","og_locale":"ro_RO","og_type":"article","og_title":"Con\u021binutul \u0219i modalit\u0103\u021bile - NASE","og_description":"SCOP Cursurile gratuite ale NASE au ca obiectiv principal promovarea pred\u0103rii astronomiei \u00een r\u00e2ndul cadrelor didactice (primare, secundare \u0219i universitare) \u0219i promovarea pred\u0103rii\/\u00eenv\u0103\u021b\u0103rii active a disciplinei prin modele \u0219i observarea fenomenelor. CERIN\u021aE \u0218I\/SAU EXPERIEN\u021a\u0102 PROFESIONAL\u0102 NECESAR\u0102 Profesori din \u00eenv\u0103\u021b\u0103m\u00e2ntul primar, profesori din \u00eenv\u0103\u021b\u0103m\u00e2ntul secundar din orice domeniu, profesori din \u00eenv\u0103\u021b\u0103m\u00e2ntul ter\u021biar (profesori de \u0219tiin\u021be) \u0219i ... Read more","og_url":"https:\/\/www.naseprogram.org\/ro\/continutul-si-modalitatile\/","og_site_name":"NASE","article_modified_time":"2024-12-22T23:36:59+00:00","twitter_card":"summary_large_image","twitter_misc":{"Timp estimat pentru citire":"1 minut"},"schema":{"@context":"https:\/\/schema.org","@graph":[{"@type":"WebPage","@id":"https:\/\/www.naseprogram.org\/ro\/continutul-si-modalitatile\/","url":"https:\/\/www.naseprogram.org\/ro\/continutul-si-modalitatile\/","name":"Con\u021binutul \u0219i modalit\u0103\u021bile - NASE","isPartOf":{"@id":"https:\/\/www.naseprogram.org\/ro\/#website"},"datePublished":"2021-12-31T13:46:21+00:00","dateModified":"2024-12-22T23:36:59+00:00","breadcrumb":{"@id":"https:\/\/www.naseprogram.org\/ro\/continutul-si-modalitatile\/#breadcrumb"},"inLanguage":"ro-RO","potentialAction":[{"@type":"ReadAction","target":["https:\/\/www.naseprogram.org\/ro\/continutul-si-modalitatile\/"]}]},{"@type":"BreadcrumbList","@id":"https:\/\/www.naseprogram.org\/ro\/continutul-si-modalitatile\/#breadcrumb","itemListElement":[{"@type":"ListItem","position":1,"name":"Home","item":"https:\/\/www.naseprogram.org\/ro\/"},{"@type":"ListItem","position":2,"name":"Con\u021binutul \u0219i modalit\u0103\u021bile"}]},{"@type":"WebSite","@id":"https:\/\/www.naseprogram.org\/ro\/#website","url":"https:\/\/www.naseprogram.org\/ro\/","name":"NASE","description":"Network for Astronomy School Education","publisher":{"@id":"https:\/\/www.naseprogram.org\/ro\/#organization"},"potentialAction":[{"@type":"SearchAction","target":{"@type":"EntryPoint","urlTemplate":"https:\/\/www.naseprogram.org\/ro\/?s={search_term_string}"},"query-input":{"@type":"PropertyValueSpecification","valueRequired":true,"valueName":"search_term_string"}}],"inLanguage":"ro-RO"},{"@type":"Organization","@id":"https:\/\/www.naseprogram.org\/ro\/#organization","name":"NASE","url":"https:\/\/www.naseprogram.org\/ro\/","logo":{"@type":"ImageObject","inLanguage":"ro-RO","@id":"https:\/\/www.naseprogram.org\/ro\/#\/schema\/logo\/image\/","url":"https:\/\/www.naseprogram.org\/wp-content\/uploads\/sites\/10\/2021\/12\/naselogo.png","contentUrl":"https:\/\/www.naseprogram.org\/wp-content\/uploads\/sites\/10\/2021\/12\/naselogo.png","width":234,"height":91,"caption":"NASE"},"image":{"@id":"https:\/\/www.naseprogram.org\/ro\/#\/schema\/logo\/image\/"}}]}},"uagb_featured_image_src":{"full":false,"thumbnail":false,"medium":false,"medium_large":false,"large":false,"1536x1536":false,"2048x2048":false},"uagb_author_info":{"display_name":"NASE","author_link":"https:\/\/www.naseprogram.org\/ro\/author\/nase1\/"},"uagb_comment_info":0,"uagb_excerpt":"SCOP Cursurile gratuite ale NASE au ca obiectiv principal promovarea pred\u0103rii astronomiei \u00een r\u00e2ndul cadrelor didactice (primare, secundare \u0219i universitare) \u0219i promovarea pred\u0103rii\/\u00eenv\u0103\u021b\u0103rii active a disciplinei prin modele \u0219i observarea fenomenelor. CERIN\u021aE \u0218I\/SAU EXPERIEN\u021a\u0102 PROFESIONAL\u0102 NECESAR\u0102 Profesori din \u00eenv\u0103\u021b\u0103m\u00e2ntul primar, profesori din \u00eenv\u0103\u021b\u0103m\u00e2ntul secundar din orice domeniu, profesori din \u00eenv\u0103\u021b\u0103m\u00e2ntul ter\u021biar (profesori de \u0219tiin\u021be) \u0219i&hellip;","_links":{"self":[{"href":"https:\/\/www.naseprogram.org\/ro\/wp-json\/wp\/v2\/pages\/272130","targetHints":{"allow":["GET"]}}],"collection":[{"href":"https:\/\/www.naseprogram.org\/ro\/wp-json\/wp\/v2\/pages"}],"about":[{"href":"https:\/\/www.naseprogram.org\/ro\/wp-json\/wp\/v2\/types\/page"}],"author":[{"embeddable":true,"href":"https:\/\/www.naseprogram.org\/ro\/wp-json\/wp\/v2\/users\/15"}],"replies":[{"embeddable":true,"href":"https:\/\/www.naseprogram.org\/ro\/wp-json\/wp\/v2\/comments?post=272130"}],"version-history":[{"count":6,"href":"https:\/\/www.naseprogram.org\/ro\/wp-json\/wp\/v2\/pages\/272130\/revisions"}],"predecessor-version":[{"id":529485,"href":"https:\/\/www.naseprogram.org\/ro\/wp-json\/wp\/v2\/pages\/272130\/revisions\/529485"}],"wp:attachment":[{"href":"https:\/\/www.naseprogram.org\/ro\/wp-json\/wp\/v2\/media?parent=272130"}],"curies":[{"name":"wp","href":"https:\/\/api.w.org\/{rel}","templated":true}]}}