{"id":272224,"date":"2022-01-05T19:08:35","date_gmt":"2022-01-05T22:08:35","guid":{"rendered":"https:\/\/naseprogram.wp-ms.ahuekna.org.ar\/?page_id=272224"},"modified":"2022-10-20T05:15:36","modified_gmt":"2022-10-20T08:15:36","slug":"international-day-of-light-herschel-experiment-completed","status":"publish","type":"page","link":"https:\/\/www.naseprogram.org\/ro\/iau-unesco-projects\/international-day-of-light-herschel-experiment-completed\/","title":{"rendered":"M\u0103surarea invizibilului"},"content":{"rendered":"\n<p>Pentru a comemora aceast\u0103 efemerid\u0103, NASE propune tuturor participan\u021bilor \u0219i instructorilor s\u0103i s\u0103 realizeze experien\u021ba Herschel. De\u0219i ziua de lumin\u0103 este 16 mai, se propune tuturor participan\u021bilor s\u0103 o fac\u0103 pe tot parcursul anului, de\u0219i nu este acea zi, deoarece dup\u0103 cum se \u0219tie 16 mai intr\u0103 \u00een sezonul ploios \u00een unele \u021b\u0103ri Din acest motiv se poate face \u00eempreun\u0103 cu al\u021bi profesori \u0219i studen\u021bi \u00een orice zi din 2018. V\u0103 rug\u0103m s\u0103 ne trimite\u021bi c\u00e2teva fotografii testimoniale \u0219i datele din tabelul care apare \u00een materialul introductiv pe care trebuie s\u0103-l citi\u021bi pentru a preg\u0103ti experien\u021ba. Mult succes \u0219i s\u0103 ave\u021bi o zi \u00eensorit\u0103 pentru a o face.<\/p>\n\n\n\n<div class=\"wp-block-uagb-tabs uagb-block-b79a9415 uagb-tabs__wrap uagb-tabs__hstyle1-desktop uagb-tabs__vstyle6-tablet uagb-tabs__vstyle6-mobile\" data-tab-active=\"0\"><ul class=\"uagb-tabs__panel uagb-tabs__align-left\"><li class=\"uagb-tab uagb-tabs__active\"><a href=\"#uagb-tabs__tab0\" class=\"uagb-tabs-list uagb-tabs__icon-position-left\" data-tab=\"0\">Introductory material<\/a><\/li><li class=\"uagb-tab \"><a href=\"#uagb-tabs__tab1\" class=\"uagb-tabs-list uagb-tabs__icon-position-left\" data-tab=\"1\">Material to send<\/a><\/li><li class=\"uagb-tab \"><a href=\"#uagb-tabs__tab2\" class=\"uagb-tabs-list uagb-tabs__icon-position-left\" data-tab=\"2\">Experiments<\/a><\/li><li class=\"uagb-tab \"><a href=\"#uagb-tabs__tab3\" class=\"uagb-tabs-list uagb-tabs__icon-position-left\" data-tab=\"3\"> <\/a><\/li><li class=\"uagb-tab \"><a href=\"#uagb-tabs__tab4\" class=\"uagb-tabs-list uagb-tabs__icon-position-left\" data-tab=\"4\">Summary<\/a><\/li><\/ul><div class=\"uagb-tabs__body-wrap\">\n<div class=\"wp-block-uagb-tabs-child uagb-tabs__body-container uagb-inner-tab-0 uagb-tabs__inner-tab\" aria-labelledby=\"uagb-tabs__tab0\">\n<p>Introductory material that you have to read before performing the experience.<\/p>\n\n\n\n<div data-wp-interactive=\"core\/file\" class=\"wp-block-file\"><object aria-label=\"\u00cenglobare PDF\" data-wp-bind--hidden=\"!state.hasPdfPreview\" hidden><\/object><a id=\"wp-block-file--media-df9a100c-0125-4e07-bab8-258c7db30ca6\" href=\"https:\/\/www.naseprogram.org\/wp-content\/uploads\/sites\/10\/2022\/06\/herscheling.pdf\">herscheling<\/a><a href=\"https:\/\/www.naseprogram.org\/wp-content\/uploads\/sites\/10\/2022\/06\/herscheling.pdf\" class=\"wp-block-file__button\" download aria-describedby=\"wp-block-file--media-df9a100c-0125-4e07-bab8-258c7db30ca6\">PDF<\/a><\/div>\n<\/div>\n\n\n\n<div class=\"wp-block-uagb-tabs-child uagb-tabs__body-container uagb-inner-tab-1 uagb-tabs__inner-tab\" aria-labelledby=\"uagb-tabs__tab1\">\n<p>Material to send the participants in the project to rosamariaros27@gmial.com or beatrizgarciautn@gmail.com <\/p>\n\n\n\n<div data-wp-interactive=\"core\/file\" class=\"wp-block-file\"><object aria-label=\"\u00cenglobare PDF\" data-wp-bind--hidden=\"!state.hasPdfPreview\" hidden><\/object><a id=\"wp-block-file--media-ea45cb52-e4f6-4425-9b3b-73db298c3d38\" href=\"https:\/\/www.naseprogram.org\/wp-content\/uploads\/sites\/10\/2022\/06\/experimentodeherschelingparaenviar.pdf\">experimentodeherschelingparaenviar<\/a><a href=\"https:\/\/www.naseprogram.org\/wp-content\/uploads\/sites\/10\/2022\/06\/experimentodeherschelingparaenviar.pdf\" class=\"wp-block-file__button\" download aria-describedby=\"wp-block-file--media-ea45cb52-e4f6-4425-9b3b-73db298c3d38\">PDF<\/a><\/div>\n<\/div>\n\n\n\n<div class=\"wp-block-uagb-tabs-child uagb-tabs__body-container uagb-inner-tab-2 uagb-tabs__inner-tab uagb-inner-tab-3\" aria-labelledby=\"uagb-tabs__tab2\">\n<p>America<\/p>\n\n\n\n<ul class=\"wp-block-list\"><li><a href=\"https:\/\/issuu.com\/nase.networkastronomyschooledu\/docs\/126-panama_mayo_2018\" target=\"_blank\" rel=\"noreferrer noopener\">Experiment 1<\/a><\/li><li><a href=\"https:\/\/issuu.com\/nase.networkastronomyschooledu\/docs\/127-panama_mayo_2018\" target=\"_blank\" rel=\"noreferrer noopener\">Experiment 2<\/a><\/li><li><a href=\"https:\/\/issuu.com\/nase.networkastronomyschooledu\/docs\/128-panama_mayo_2018\" target=\"_blank\" rel=\"noreferrer noopener\">Experiment 3<\/a><\/li><li><a href=\"https:\/\/issuu.com\/nase.networkastronomyschooledu\/docs\/129-panama_mayo_2018\" target=\"_blank\" rel=\"noreferrer noopener\">Experiment 4<\/a><\/li><li><a href=\"https:\/\/issuu.com\/nase.networkastronomyschooledu\/docs\/130-panama_mayo_2018\" target=\"_blank\" rel=\"noreferrer noopener\">Experiment 5<\/a><\/li><li><a href=\"https:\/\/issuu.com\/nase.networkastronomyschooledu\/docs\/131-panama_mayo_2018\" target=\"_blank\" rel=\"noreferrer noopener\">Experiment 6<\/a><\/li><li><a href=\"https:\/\/issuu.com\/nase.networkastronomyschooledu\/docs\/132-panama_mayo_2018\" target=\"_blank\" rel=\"noreferrer noopener\">Experiment 7<\/a><\/li><li><a href=\"https:\/\/issuu.com\/nase.networkastronomyschooledu\/docs\/133-panama_mayo_2018\" target=\"_blank\" rel=\"noreferrer noopener\">Experiment 8<\/a><\/li><li><a href=\"https:\/\/issuu.com\/nase.networkastronomyschooledu\/docs\/134-panama_mayo_2018\" target=\"_blank\" rel=\"noreferrer noopener\">Experiment 9<\/a><\/li><li><a href=\"https:\/\/issuu.com\/nase.networkastronomyschooledu\/docs\/146-argentina_mayo_2018\" target=\"_blank\" rel=\"noreferrer noopener\">Experiment 10<\/a><\/li><li><a href=\"https:\/\/issuu.com\/nase.networkastronomyschooledu\/docs\/147-ecuador_mayo_2018\" target=\"_blank\" rel=\"noreferrer noopener\">Experiment 11<\/a><\/li><li><a href=\"https:\/\/issuu.com\/nase.networkastronomyschooledu\/docs\/148-colombia_mayo_2018\" target=\"_blank\" rel=\"noreferrer noopener\">Experiment 12<\/a><\/li><li><a href=\"https:\/\/issuu.com\/nase.networkastronomyschooledu\/docs\/153-guatemala_mayo_2018\" target=\"_blank\" rel=\"noreferrer noopener\">Experiment 13<\/a><\/li><li><a href=\"https:\/\/issuu.com\/nase.networkastronomyschooledu\/docs\/154-guatemala_mayo_2018\" target=\"_blank\" rel=\"noreferrer noopener\">Experiment 14<\/a><\/li><li><a href=\"https:\/\/issuu.com\/nase.networkastronomyschooledu\/docs\/155-chile_junio_2018\" target=\"_blank\" rel=\"noreferrer noopener\">Experiment 15<\/a><\/li><li><a href=\"https:\/\/issuu.com\/nase.networkastronomyschooledu\/docs\/167-ecuador_mayo_2018\" target=\"_blank\" rel=\"noreferrer noopener\">Experiment 16<\/a><\/li><li><a href=\"https:\/\/issuu.com\/nase.networkastronomyschooledu\/docs\/168-brasil_mayo_2018\" target=\"_blank\" rel=\"noreferrer noopener\">Experiment 17<\/a><\/li><li><a href=\"https:\/\/issuu.com\/nase.networkastronomyschooledu\/docs\/169-brasil_mayo_2018\" target=\"_blank\" rel=\"noreferrer noopener\">Experiment 18<\/a><\/li><li><a href=\"https:\/\/issuu.com\/nase.networkastronomyschooledu\/docs\/146-argentina_mayo_2018\" target=\"_blank\" rel=\"noreferrer noopener\">Experiment 19<\/a><\/li><li><a href=\"https:\/\/issuu.com\/nase.networkastronomyschooledu\/docs\/171-panama_abril_2018\" target=\"_blank\" rel=\"noreferrer noopener\">Experiment 20<\/a><\/li><li><a href=\"https:\/\/issuu.com\/nase.networkastronomyschooledu\/docs\/173-argentina_mayo_2018\" target=\"_blank\" rel=\"noreferrer noopener\">Experiment 21<\/a><\/li><li><a href=\"https:\/\/issuu.com\/nase.networkastronomyschooledu\/docs\/174-argentina_mayo_2018\" target=\"_blank\" rel=\"noreferrer noopener\">Experiment 22<\/a><\/li><li><a href=\"https:\/\/issuu.com\/nase.networkastronomyschooledu\/docs\/175-uruguay_junio_2018\" target=\"_blank\" rel=\"noreferrer noopener\">Experiment 23<\/a><\/li><li><a href=\"https:\/\/issuu.com\/nase.networkastronomyschooledu\/docs\/176-colombia_mayo_2018\" target=\"_blank\" rel=\"noreferrer noopener\">Experiment 24<\/a><\/li><li><a href=\"https:\/\/issuu.com\/nase.networkastronomyschooledu\/docs\/177-uruguay_junio_2018\" target=\"_blank\" rel=\"noreferrer noopener\">Experiment 25<\/a><\/li><li><a href=\"https:\/\/issuu.com\/nase.networkastronomyschooledu\/docs\/178-paraguay_mayo_2018\" target=\"_blank\" rel=\"noreferrer noopener\">Experiment 26<\/a><\/li><\/ul>\n\n\n\n<p>Asia<\/p>\n\n\n\n<ul class=\"wp-block-list\"><li><a href=\"https:\/\/issuu.com\/nase.networkastronomyschooledu\/docs\/135-indonesia_may_2018\" target=\"_blank\" rel=\"noreferrer noopener\">Experiment 1<\/a><\/li><li><a href=\"https:\/\/issuu.com\/nase.networkastronomyschooledu\/docs\/136-indonesia_may_2018\" target=\"_blank\" rel=\"noreferrer noopener\">Experiment 2<\/a><\/li><li><a href=\"https:\/\/issuu.com\/nase.networkastronomyschooledu\/docs\/137-indonesia_may_2018\" target=\"_blank\" rel=\"noreferrer noopener\">Experiment 3<\/a><\/li><li><a href=\"https:\/\/issuu.com\/nase.networkastronomyschooledu\/docs\/138-indonesia_may_2018\" target=\"_blank\" rel=\"noreferrer noopener\">Experiment 4<\/a><\/li><li><a href=\"https:\/\/issuu.com\/nase.networkastronomyschooledu\/docs\/139-indonesia_may_2018\" target=\"_blank\" rel=\"noreferrer noopener\">Experiment 5<\/a><\/li><li><a href=\"https:\/\/issuu.com\/nase.networkastronomyschooledu\/docs\/140-indonesia_may_2018\" target=\"_blank\" rel=\"noreferrer noopener\">Experiment 6<\/a><\/li><li><a href=\"https:\/\/issuu.com\/nase.networkastronomyschooledu\/docs\/141-indonesia_may_2018\" target=\"_blank\" rel=\"noreferrer noopener\">Experiment 7<\/a><\/li><li><a href=\"https:\/\/issuu.com\/nase.networkastronomyschooledu\/docs\/142-indonesia_may_2018\" target=\"_blank\" rel=\"noreferrer noopener\">Experiment 8<\/a><\/li><li><a href=\"https:\/\/issuu.com\/nase.networkastronomyschooledu\/docs\/143-indonesia_may_2018\" target=\"_blank\" rel=\"noreferrer noopener\">Experiment 9<\/a><\/li><li><a href=\"https:\/\/issuu.com\/nase.networkastronomyschooledu\/docs\/144-indonesia_may_2018\" target=\"_blank\" rel=\"noreferrer noopener\">Experiment 10<\/a><\/li><li><a href=\"https:\/\/issuu.com\/nase.networkastronomyschooledu\/docs\/150-indonesia_june_2018\" target=\"_blank\" rel=\"noreferrer noopener\">Experiment 11<\/a><\/li><li><a href=\"https:\/\/issuu.com\/nase.networkastronomyschooledu\/docs\/156-indonesia_mayo_2018\" target=\"_blank\" rel=\"noreferrer noopener\">Experiment 12<\/a><\/li><\/ul>\n\n\n\n<p>Europe<\/p>\n\n\n\n<ul class=\"wp-block-list\"><li><a href=\"https:\/\/issuu.com\/nase.networkastronomyschooledu\/docs\/145-espa_a-mayo_2018\" target=\"_blank\" rel=\"noreferrer noopener\">Experiment 1<\/a><\/li><li><a href=\"https:\/\/issuu.com\/nase.networkastronomyschooledu\/docs\/149-rumania_may_2018\" target=\"_blank\" rel=\"noreferrer noopener\">Experiment 2<\/a><\/li><li><a href=\"https:\/\/issuu.com\/nase.networkastronomyschooledu\/docs\/151-espa_a_mayo_2018\" target=\"_blank\" rel=\"noreferrer noopener\">Experiment 3<\/a><\/li><li><a href=\"https:\/\/issuu.com\/nase.networkastronomyschooledu\/docs\/152-espa_a_mayo_2018\" target=\"_blank\" rel=\"noreferrer noopener\">Experiment 4<\/a><\/li><li><a href=\"https:\/\/issuu.com\/nase.networkastronomyschooledu\/docs\/158-espa_a_mayo_2018\" target=\"_blank\" rel=\"noreferrer noopener\">Experiment 5<\/a><\/li><li><a href=\"https:\/\/issuu.com\/nase.networkastronomyschooledu\/docs\/159-espa_a_mayo_2018\" target=\"_blank\" rel=\"noreferrer noopener\">Experiment 6<\/a><\/li><li><a href=\"https:\/\/issuu.com\/nase.networkastronomyschooledu\/docs\/160-espa_a_mayo_2018\" target=\"_blank\" rel=\"noreferrer noopener\">Experiment 7<\/a><\/li><li><a href=\"https:\/\/issuu.com\/nase.networkastronomyschooledu\/docs\/161-espa_a_mayo_2018\" target=\"_blank\" rel=\"noreferrer noopener\">Experiment 8<\/a><\/li><li><a href=\"https:\/\/issuu.com\/nase.networkastronomyschooledu\/docs\/162-espa_a_mayo_2018\" target=\"_blank\" rel=\"noreferrer noopener\">Experiment 9<\/a><\/li><li><a href=\"https:\/\/issuu.com\/nase.networkastronomyschooledu\/docs\/163-espa_a_mayo_2018\" target=\"_blank\" rel=\"noreferrer noopener\">Experiment 10<\/a><\/li><li><a href=\"https:\/\/issuu.com\/nase.networkastronomyschooledu\/docs\/164-espa_a_mayo_2018\" target=\"_blank\" rel=\"noreferrer noopener\">Experiment 11<\/a><\/li><li><a href=\"https:\/\/issuu.com\/nase.networkastronomyschooledu\/docs\/165-espa_a_mayo_2018\" target=\"_blank\" rel=\"noreferrer noopener\">Experiment 12<\/a><\/li><li><a href=\"https:\/\/issuu.com\/nase.networkastronomyschooledu\/docs\/166-espa_a_junio_2018\" target=\"_blank\" rel=\"noreferrer noopener\">Experiment 13<\/a><\/li><li><a href=\"https:\/\/issuu.com\/nase.networkastronomyschooledu\/docs\/170-rumania_mayo_2018\" target=\"_blank\" rel=\"noreferrer noopener\">Experiment 14<\/a><\/li><\/ul>\n\n\n\n<p>Africa<\/p>\n\n\n\n<ul class=\"wp-block-list\"><li><a href=\"https:\/\/issuu.com\/nase.networkastronomyschooledu\/docs\/157-tunisie_mayo_2018\" target=\"_blank\" rel=\"noreferrer noopener\">Experiment 1<\/a><\/li><li><a href=\"https:\/\/issuu.com\/nase.networkastronomyschooledu\/docs\/172-tunisie_mayo_2018\" target=\"_blank\" rel=\"noreferrer noopener\">Experiment 2<\/a><\/li><\/ul>\n<\/div>\n\n\n\n<div class=\"wp-block-uagb-tabs-child uagb-tabs__body-container uagb-inner-tab-3\" aria-labelledby=\"uagb-tabs__tab3\">\n<p> <\/p>\n<\/div>\n\n\n\n<div class=\"wp-block-uagb-tabs-child uagb-tabs__body-container uagb-inner-tab-4 uagb-tabs__inner-tab\" aria-labelledby=\"uagb-tabs__tab4\">\n<div data-wp-interactive=\"core\/file\" class=\"wp-block-file\"><object aria-label=\"\u00cenglobare PDF\" data-wp-bind--hidden=\"!state.hasPdfPreview\" hidden><\/object><a id=\"wp-block-file--media-80ed829c-ac41-472a-bb7c-f0c320f2c097\" href=\"https:\/\/www.naseprogram.org\/wp-content\/uploads\/sites\/10\/2022\/06\/summary.pdf\">summary<\/a><a href=\"https:\/\/www.naseprogram.org\/wp-content\/uploads\/sites\/10\/2022\/06\/summary.pdf\" class=\"wp-block-file__button\" download aria-describedby=\"wp-block-file--media-80ed829c-ac41-472a-bb7c-f0c320f2c097\">PDF<\/a><\/div>\n<\/div>\n<\/div><\/div>\n","protected":false},"excerpt":{"rendered":"<p>Pentru a comemora aceast\u0103 efemerid\u0103, NASE propune tuturor participan\u021bilor \u0219i instructorilor s\u0103i s\u0103 realizeze experien\u021ba Herschel. De\u0219i ziua de lumin\u0103 este 16 mai, se propune tuturor participan\u021bilor s\u0103 o fac\u0103 pe tot parcursul anului, de\u0219i nu este acea zi, deoarece dup\u0103 cum se \u0219tie 16 mai intr\u0103 \u00een sezonul ploios \u00een unele \u021b\u0103ri Din acest &#8230; <a title=\"M\u0103surarea invizibilului\" class=\"read-more\" href=\"https:\/\/www.naseprogram.org\/ro\/iau-unesco-projects\/international-day-of-light-herschel-experiment-completed\/\" aria-label=\"More on M\u0103surarea invizibilului\">Read more<\/a><\/p>\n","protected":false},"author":12,"featured_media":0,"parent":272507,"menu_order":0,"comment_status":"closed","ping_status":"closed","template":"","meta":{"_uag_custom_page_level_css":"","_coblocks_attr":"","_coblocks_dimensions":"","_coblocks_responsive_height":"","_coblocks_accordion_ie_support":"","footnotes":""},"class_list":["post-272224","page","type-page","status-publish"],"acf":[],"yoast_head":"<!-- This site is optimized with the Yoast SEO plugin v27.4 - https:\/\/yoast.com\/product\/yoast-seo-wordpress\/ -->\n<title>M\u0103surarea invizibilului - NASE<\/title>\n<meta name=\"robots\" content=\"index, follow, max-snippet:-1, max-image-preview:large, max-video-preview:-1\" \/>\n<link rel=\"canonical\" href=\"https:\/\/www.naseprogram.org\/ro\/iau-unesco-projects\/international-day-of-light-herschel-experiment-completed\/\" \/>\n<meta property=\"og:locale\" content=\"ro_RO\" \/>\n<meta property=\"og:type\" content=\"article\" \/>\n<meta property=\"og:title\" content=\"M\u0103surarea invizibilului - NASE\" \/>\n<meta property=\"og:description\" content=\"Pentru a comemora aceast\u0103 efemerid\u0103, NASE propune tuturor participan\u021bilor \u0219i instructorilor s\u0103i s\u0103 realizeze experien\u021ba Herschel. De\u0219i ziua de lumin\u0103 este 16 mai, se propune tuturor participan\u021bilor s\u0103 o fac\u0103 pe tot parcursul anului, de\u0219i nu este acea zi, deoarece dup\u0103 cum se \u0219tie 16 mai intr\u0103 \u00een sezonul ploios \u00een unele \u021b\u0103ri Din acest ... Read more\" \/>\n<meta property=\"og:url\" content=\"https:\/\/www.naseprogram.org\/ro\/iau-unesco-projects\/international-day-of-light-herschel-experiment-completed\/\" \/>\n<meta property=\"og:site_name\" content=\"NASE\" \/>\n<meta property=\"article:modified_time\" content=\"2022-10-20T08:15:36+00:00\" \/>\n<meta name=\"twitter:card\" content=\"summary_large_image\" \/>\n<meta name=\"twitter:label1\" content=\"Timp estimat pentru citire\" \/>\n\t<meta name=\"twitter:data1\" content=\"2 minute\" \/>\n<script type=\"application\/ld+json\" class=\"yoast-schema-graph\">{\"@context\":\"https:\\\/\\\/schema.org\",\"@graph\":[{\"@type\":\"WebPage\",\"@id\":\"https:\\\/\\\/www.naseprogram.org\\\/ro\\\/iau-unesco-projects\\\/international-day-of-light-herschel-experiment-completed\\\/\",\"url\":\"https:\\\/\\\/www.naseprogram.org\\\/ro\\\/iau-unesco-projects\\\/international-day-of-light-herschel-experiment-completed\\\/\",\"name\":\"M\u0103surarea invizibilului - NASE\",\"isPartOf\":{\"@id\":\"https:\\\/\\\/www.naseprogram.org\\\/ro\\\/#website\"},\"datePublished\":\"2022-01-05T22:08:35+00:00\",\"dateModified\":\"2022-10-20T08:15:36+00:00\",\"breadcrumb\":{\"@id\":\"https:\\\/\\\/www.naseprogram.org\\\/ro\\\/iau-unesco-projects\\\/international-day-of-light-herschel-experiment-completed\\\/#breadcrumb\"},\"inLanguage\":\"ro-RO\",\"potentialAction\":[{\"@type\":\"ReadAction\",\"target\":[\"https:\\\/\\\/www.naseprogram.org\\\/ro\\\/iau-unesco-projects\\\/international-day-of-light-herschel-experiment-completed\\\/\"]}]},{\"@type\":\"BreadcrumbList\",\"@id\":\"https:\\\/\\\/www.naseprogram.org\\\/ro\\\/iau-unesco-projects\\\/international-day-of-light-herschel-experiment-completed\\\/#breadcrumb\",\"itemListElement\":[{\"@type\":\"ListItem\",\"position\":1,\"name\":\"Home\",\"item\":\"https:\\\/\\\/www.naseprogram.org\\\/ro\\\/\"},{\"@type\":\"ListItem\",\"position\":2,\"name\":\"Proiecte IAU\\\/UNESCO\",\"item\":\"https:\\\/\\\/www.naseprogram.org\\\/ro\\\/iau-unesco-projects\\\/\"},{\"@type\":\"ListItem\",\"position\":3,\"name\":\"M\u0103surarea invizibilului\"}]},{\"@type\":\"WebSite\",\"@id\":\"https:\\\/\\\/www.naseprogram.org\\\/ro\\\/#website\",\"url\":\"https:\\\/\\\/www.naseprogram.org\\\/ro\\\/\",\"name\":\"NASE\",\"description\":\"Network for Astronomy School Education\",\"publisher\":{\"@id\":\"https:\\\/\\\/www.naseprogram.org\\\/ro\\\/#organization\"},\"potentialAction\":[{\"@type\":\"SearchAction\",\"target\":{\"@type\":\"EntryPoint\",\"urlTemplate\":\"https:\\\/\\\/www.naseprogram.org\\\/ro\\\/?s={search_term_string}\"},\"query-input\":{\"@type\":\"PropertyValueSpecification\",\"valueRequired\":true,\"valueName\":\"search_term_string\"}}],\"inLanguage\":\"ro-RO\"},{\"@type\":\"Organization\",\"@id\":\"https:\\\/\\\/www.naseprogram.org\\\/ro\\\/#organization\",\"name\":\"NASE\",\"url\":\"https:\\\/\\\/www.naseprogram.org\\\/ro\\\/\",\"logo\":{\"@type\":\"ImageObject\",\"inLanguage\":\"ro-RO\",\"@id\":\"https:\\\/\\\/www.naseprogram.org\\\/ro\\\/#\\\/schema\\\/logo\\\/image\\\/\",\"url\":\"https:\\\/\\\/www.naseprogram.org\\\/wp-content\\\/uploads\\\/sites\\\/10\\\/2021\\\/12\\\/naselogo.png\",\"contentUrl\":\"https:\\\/\\\/www.naseprogram.org\\\/wp-content\\\/uploads\\\/sites\\\/10\\\/2021\\\/12\\\/naselogo.png\",\"width\":234,\"height\":91,\"caption\":\"NASE\"},\"image\":{\"@id\":\"https:\\\/\\\/www.naseprogram.org\\\/ro\\\/#\\\/schema\\\/logo\\\/image\\\/\"}}]}<\/script>\n<!-- \/ Yoast SEO plugin. -->","yoast_head_json":{"title":"M\u0103surarea invizibilului - NASE","robots":{"index":"index","follow":"follow","max-snippet":"max-snippet:-1","max-image-preview":"max-image-preview:large","max-video-preview":"max-video-preview:-1"},"canonical":"https:\/\/www.naseprogram.org\/ro\/iau-unesco-projects\/international-day-of-light-herschel-experiment-completed\/","og_locale":"ro_RO","og_type":"article","og_title":"M\u0103surarea invizibilului - NASE","og_description":"Pentru a comemora aceast\u0103 efemerid\u0103, NASE propune tuturor participan\u021bilor \u0219i instructorilor s\u0103i s\u0103 realizeze experien\u021ba Herschel. De\u0219i ziua de lumin\u0103 este 16 mai, se propune tuturor participan\u021bilor s\u0103 o fac\u0103 pe tot parcursul anului, de\u0219i nu este acea zi, deoarece dup\u0103 cum se \u0219tie 16 mai intr\u0103 \u00een sezonul ploios \u00een unele \u021b\u0103ri Din acest ... Read more","og_url":"https:\/\/www.naseprogram.org\/ro\/iau-unesco-projects\/international-day-of-light-herschel-experiment-completed\/","og_site_name":"NASE","article_modified_time":"2022-10-20T08:15:36+00:00","twitter_card":"summary_large_image","twitter_misc":{"Timp estimat pentru citire":"2 minute"},"schema":{"@context":"https:\/\/schema.org","@graph":[{"@type":"WebPage","@id":"https:\/\/www.naseprogram.org\/ro\/iau-unesco-projects\/international-day-of-light-herschel-experiment-completed\/","url":"https:\/\/www.naseprogram.org\/ro\/iau-unesco-projects\/international-day-of-light-herschel-experiment-completed\/","name":"M\u0103surarea invizibilului - NASE","isPartOf":{"@id":"https:\/\/www.naseprogram.org\/ro\/#website"},"datePublished":"2022-01-05T22:08:35+00:00","dateModified":"2022-10-20T08:15:36+00:00","breadcrumb":{"@id":"https:\/\/www.naseprogram.org\/ro\/iau-unesco-projects\/international-day-of-light-herschel-experiment-completed\/#breadcrumb"},"inLanguage":"ro-RO","potentialAction":[{"@type":"ReadAction","target":["https:\/\/www.naseprogram.org\/ro\/iau-unesco-projects\/international-day-of-light-herschel-experiment-completed\/"]}]},{"@type":"BreadcrumbList","@id":"https:\/\/www.naseprogram.org\/ro\/iau-unesco-projects\/international-day-of-light-herschel-experiment-completed\/#breadcrumb","itemListElement":[{"@type":"ListItem","position":1,"name":"Home","item":"https:\/\/www.naseprogram.org\/ro\/"},{"@type":"ListItem","position":2,"name":"Proiecte IAU\/UNESCO","item":"https:\/\/www.naseprogram.org\/ro\/iau-unesco-projects\/"},{"@type":"ListItem","position":3,"name":"M\u0103surarea invizibilului"}]},{"@type":"WebSite","@id":"https:\/\/www.naseprogram.org\/ro\/#website","url":"https:\/\/www.naseprogram.org\/ro\/","name":"NASE","description":"Network for Astronomy School Education","publisher":{"@id":"https:\/\/www.naseprogram.org\/ro\/#organization"},"potentialAction":[{"@type":"SearchAction","target":{"@type":"EntryPoint","urlTemplate":"https:\/\/www.naseprogram.org\/ro\/?s={search_term_string}"},"query-input":{"@type":"PropertyValueSpecification","valueRequired":true,"valueName":"search_term_string"}}],"inLanguage":"ro-RO"},{"@type":"Organization","@id":"https:\/\/www.naseprogram.org\/ro\/#organization","name":"NASE","url":"https:\/\/www.naseprogram.org\/ro\/","logo":{"@type":"ImageObject","inLanguage":"ro-RO","@id":"https:\/\/www.naseprogram.org\/ro\/#\/schema\/logo\/image\/","url":"https:\/\/www.naseprogram.org\/wp-content\/uploads\/sites\/10\/2021\/12\/naselogo.png","contentUrl":"https:\/\/www.naseprogram.org\/wp-content\/uploads\/sites\/10\/2021\/12\/naselogo.png","width":234,"height":91,"caption":"NASE"},"image":{"@id":"https:\/\/www.naseprogram.org\/ro\/#\/schema\/logo\/image\/"}}]}},"uagb_featured_image_src":{"full":false,"thumbnail":false,"medium":false,"medium_large":false,"large":false,"1536x1536":false,"2048x2048":false},"uagb_author_info":{"display_name":"lifetimemedia","author_link":"https:\/\/www.naseprogram.org\/ro\/author\/lifetimemedia\/"},"uagb_comment_info":0,"uagb_excerpt":"Pentru a comemora aceast\u0103 efemerid\u0103, NASE propune tuturor participan\u021bilor \u0219i instructorilor s\u0103i s\u0103 realizeze experien\u021ba Herschel. De\u0219i ziua de lumin\u0103 este 16 mai, se propune tuturor participan\u021bilor s\u0103 o fac\u0103 pe tot parcursul anului, de\u0219i nu este acea zi, deoarece dup\u0103 cum se \u0219tie 16 mai intr\u0103 \u00een sezonul ploios \u00een unele \u021b\u0103ri Din acest&hellip;","_links":{"self":[{"href":"https:\/\/www.naseprogram.org\/ro\/wp-json\/wp\/v2\/pages\/272224","targetHints":{"allow":["GET"]}}],"collection":[{"href":"https:\/\/www.naseprogram.org\/ro\/wp-json\/wp\/v2\/pages"}],"about":[{"href":"https:\/\/www.naseprogram.org\/ro\/wp-json\/wp\/v2\/types\/page"}],"author":[{"embeddable":true,"href":"https:\/\/www.naseprogram.org\/ro\/wp-json\/wp\/v2\/users\/12"}],"replies":[{"embeddable":true,"href":"https:\/\/www.naseprogram.org\/ro\/wp-json\/wp\/v2\/comments?post=272224"}],"version-history":[{"count":3,"href":"https:\/\/www.naseprogram.org\/ro\/wp-json\/wp\/v2\/pages\/272224\/revisions"}],"predecessor-version":[{"id":323280,"href":"https:\/\/www.naseprogram.org\/ro\/wp-json\/wp\/v2\/pages\/272224\/revisions\/323280"}],"up":[{"embeddable":true,"href":"https:\/\/www.naseprogram.org\/ro\/wp-json\/wp\/v2\/pages\/272507"}],"wp:attachment":[{"href":"https:\/\/www.naseprogram.org\/ro\/wp-json\/wp\/v2\/media?parent=272224"}],"curies":[{"name":"wp","href":"https:\/\/api.w.org\/{rel}","templated":true}]}}