{"id":272507,"date":"2021-12-31T10:50:26","date_gmt":"2021-12-31T13:50:26","guid":{"rendered":"https:\/\/naseprogram.wp-ms.ahuekna.org.ar\/?page_id=272507"},"modified":"2023-04-13T13:18:18","modified_gmt":"2023-04-13T16:18:18","slug":"iau-unesco-projects","status":"publish","type":"page","link":"https:\/\/www.naseprogram.org\/ro\/iau-unesco-projects\/","title":{"rendered":"Proiecte IAU\/UNESCO"},"content":{"rendered":"\n<p>Pentru a comemora Ziua Interna\u021bional\u0103 a Luminii convocat\u0103 anual de UNESCO, NASE propune tuturor participan\u021bilor \u0219i instructorilor s\u0103i s\u0103 desf\u0103\u0219oare o experien\u021b\u0103 simpl\u0103, dar de mare interes educa\u021bional.<br>De\u0219i ziua luminii este 16 mai, se propune tuturor participan\u021bilor s\u0103 o fac\u0103 pe toat\u0103 jum\u0103tatea anului, de la echinoc\u021biul din martie p\u00e2n\u0103 la echinoc\u021biul din septembrie. Nu se limiteaz\u0103 la 16 mai pentru c\u0103, dup\u0103 cum se \u0219tie, aceast\u0103 zi se \u00eencadreaz\u0103 \u00een sezonul ploios \u00een unele \u021b\u0103ri. Din acest motiv, profesorii interesa\u021bi pot fi desf\u0103\u0219ura\u021bi \u00eempreun\u0103 cu elevii lor timp de jum\u0103tate de an. Va rugam sa ne trimiteti cateva fotografii testimoniale si datele din observatiile obtinute pe parcursul desfasurarii experientei. Tabelul din materialul introductiv de citit pentru a v\u0103 preg\u0103ti pentru experien\u021b\u0103. Succes \u0219i s\u0103 ave\u021bi o zi sau o noapte f\u0103r\u0103 nori pentru a face asta.<\/p>\n\n\n\n<p><a href=\"https:\/\/es.unesco.org\/\" target=\"_blank\" rel=\"noreferrer noopener\">Link c\u0103tre site-ul UNESCO acolo sunt toate lucr\u0103rile (proiectul NASE apare la sf\u00e2r\u0219it, \u00een \u201eworldwide\u201d)<\/a><\/p>\n","protected":false},"excerpt":{"rendered":"<p>Pentru a comemora Ziua Interna\u021bional\u0103 a Luminii convocat\u0103 anual de UNESCO, NASE propune tuturor participan\u021bilor \u0219i instructorilor s\u0103i s\u0103 desf\u0103\u0219oare o experien\u021b\u0103 simpl\u0103, dar de mare interes educa\u021bional.De\u0219i ziua luminii este 16 mai, se propune tuturor participan\u021bilor s\u0103 o fac\u0103 pe toat\u0103 jum\u0103tatea anului, de la echinoc\u021biul din martie p\u00e2n\u0103 la echinoc\u021biul din septembrie. Nu &#8230; <a title=\"Proiecte IAU\/UNESCO\" class=\"read-more\" href=\"https:\/\/www.naseprogram.org\/ro\/iau-unesco-projects\/\" aria-label=\"More on Proiecte IAU\/UNESCO\">Read more<\/a><\/p>\n","protected":false},"author":12,"featured_media":0,"parent":0,"menu_order":0,"comment_status":"closed","ping_status":"closed","template":"","meta":{"_uag_custom_page_level_css":"","_coblocks_attr":"","_coblocks_dimensions":"","_coblocks_responsive_height":"","_coblocks_accordion_ie_support":"","footnotes":""},"class_list":["post-272507","page","type-page","status-publish"],"acf":[],"yoast_head":"<!-- This site is optimized with the Yoast SEO plugin v27.4 - https:\/\/yoast.com\/product\/yoast-seo-wordpress\/ -->\n<title>Proiecte IAU\/UNESCO - NASE<\/title>\n<meta name=\"robots\" content=\"index, follow, max-snippet:-1, max-image-preview:large, max-video-preview:-1\" \/>\n<link rel=\"canonical\" href=\"https:\/\/www.naseprogram.org\/ro\/iau-unesco-projects\/\" \/>\n<meta property=\"og:locale\" content=\"ro_RO\" \/>\n<meta property=\"og:type\" content=\"article\" \/>\n<meta property=\"og:title\" content=\"Proiecte IAU\/UNESCO - NASE\" \/>\n<meta property=\"og:description\" content=\"Pentru a comemora Ziua Interna\u021bional\u0103 a Luminii convocat\u0103 anual de UNESCO, NASE propune tuturor participan\u021bilor \u0219i instructorilor s\u0103i s\u0103 desf\u0103\u0219oare o experien\u021b\u0103 simpl\u0103, dar de mare interes educa\u021bional.De\u0219i ziua luminii este 16 mai, se propune tuturor participan\u021bilor s\u0103 o fac\u0103 pe toat\u0103 jum\u0103tatea anului, de la echinoc\u021biul din martie p\u00e2n\u0103 la echinoc\u021biul din septembrie. Nu ... Read more\" \/>\n<meta property=\"og:url\" content=\"https:\/\/www.naseprogram.org\/ro\/iau-unesco-projects\/\" \/>\n<meta property=\"og:site_name\" content=\"NASE\" \/>\n<meta property=\"article:modified_time\" content=\"2023-04-13T16:18:18+00:00\" \/>\n<meta name=\"twitter:card\" content=\"summary_large_image\" \/>\n<meta name=\"twitter:label1\" content=\"Timp estimat pentru citire\" \/>\n\t<meta name=\"twitter:data1\" content=\"1 minut\" \/>\n<script type=\"application\/ld+json\" class=\"yoast-schema-graph\">{\"@context\":\"https:\\\/\\\/schema.org\",\"@graph\":[{\"@type\":\"WebPage\",\"@id\":\"https:\\\/\\\/www.naseprogram.org\\\/ro\\\/iau-unesco-projects\\\/\",\"url\":\"https:\\\/\\\/www.naseprogram.org\\\/ro\\\/iau-unesco-projects\\\/\",\"name\":\"Proiecte IAU\\\/UNESCO - NASE\",\"isPartOf\":{\"@id\":\"https:\\\/\\\/www.naseprogram.org\\\/ro\\\/#website\"},\"datePublished\":\"2021-12-31T13:50:26+00:00\",\"dateModified\":\"2023-04-13T16:18:18+00:00\",\"breadcrumb\":{\"@id\":\"https:\\\/\\\/www.naseprogram.org\\\/ro\\\/iau-unesco-projects\\\/#breadcrumb\"},\"inLanguage\":\"ro-RO\",\"potentialAction\":[{\"@type\":\"ReadAction\",\"target\":[\"https:\\\/\\\/www.naseprogram.org\\\/ro\\\/iau-unesco-projects\\\/\"]}]},{\"@type\":\"BreadcrumbList\",\"@id\":\"https:\\\/\\\/www.naseprogram.org\\\/ro\\\/iau-unesco-projects\\\/#breadcrumb\",\"itemListElement\":[{\"@type\":\"ListItem\",\"position\":1,\"name\":\"Home\",\"item\":\"https:\\\/\\\/www.naseprogram.org\\\/ro\\\/\"},{\"@type\":\"ListItem\",\"position\":2,\"name\":\"Proiecte IAU\\\/UNESCO\"}]},{\"@type\":\"WebSite\",\"@id\":\"https:\\\/\\\/www.naseprogram.org\\\/ro\\\/#website\",\"url\":\"https:\\\/\\\/www.naseprogram.org\\\/ro\\\/\",\"name\":\"NASE\",\"description\":\"Network for Astronomy School Education\",\"publisher\":{\"@id\":\"https:\\\/\\\/www.naseprogram.org\\\/ro\\\/#organization\"},\"potentialAction\":[{\"@type\":\"SearchAction\",\"target\":{\"@type\":\"EntryPoint\",\"urlTemplate\":\"https:\\\/\\\/www.naseprogram.org\\\/ro\\\/?s={search_term_string}\"},\"query-input\":{\"@type\":\"PropertyValueSpecification\",\"valueRequired\":true,\"valueName\":\"search_term_string\"}}],\"inLanguage\":\"ro-RO\"},{\"@type\":\"Organization\",\"@id\":\"https:\\\/\\\/www.naseprogram.org\\\/ro\\\/#organization\",\"name\":\"NASE\",\"url\":\"https:\\\/\\\/www.naseprogram.org\\\/ro\\\/\",\"logo\":{\"@type\":\"ImageObject\",\"inLanguage\":\"ro-RO\",\"@id\":\"https:\\\/\\\/www.naseprogram.org\\\/ro\\\/#\\\/schema\\\/logo\\\/image\\\/\",\"url\":\"https:\\\/\\\/www.naseprogram.org\\\/wp-content\\\/uploads\\\/sites\\\/10\\\/2021\\\/12\\\/naselogo.png\",\"contentUrl\":\"https:\\\/\\\/www.naseprogram.org\\\/wp-content\\\/uploads\\\/sites\\\/10\\\/2021\\\/12\\\/naselogo.png\",\"width\":234,\"height\":91,\"caption\":\"NASE\"},\"image\":{\"@id\":\"https:\\\/\\\/www.naseprogram.org\\\/ro\\\/#\\\/schema\\\/logo\\\/image\\\/\"}}]}<\/script>\n<!-- \/ Yoast SEO plugin. -->","yoast_head_json":{"title":"Proiecte IAU\/UNESCO - NASE","robots":{"index":"index","follow":"follow","max-snippet":"max-snippet:-1","max-image-preview":"max-image-preview:large","max-video-preview":"max-video-preview:-1"},"canonical":"https:\/\/www.naseprogram.org\/ro\/iau-unesco-projects\/","og_locale":"ro_RO","og_type":"article","og_title":"Proiecte IAU\/UNESCO - NASE","og_description":"Pentru a comemora Ziua Interna\u021bional\u0103 a Luminii convocat\u0103 anual de UNESCO, NASE propune tuturor participan\u021bilor \u0219i instructorilor s\u0103i s\u0103 desf\u0103\u0219oare o experien\u021b\u0103 simpl\u0103, dar de mare interes educa\u021bional.De\u0219i ziua luminii este 16 mai, se propune tuturor participan\u021bilor s\u0103 o fac\u0103 pe toat\u0103 jum\u0103tatea anului, de la echinoc\u021biul din martie p\u00e2n\u0103 la echinoc\u021biul din septembrie. Nu ... Read more","og_url":"https:\/\/www.naseprogram.org\/ro\/iau-unesco-projects\/","og_site_name":"NASE","article_modified_time":"2023-04-13T16:18:18+00:00","twitter_card":"summary_large_image","twitter_misc":{"Timp estimat pentru citire":"1 minut"},"schema":{"@context":"https:\/\/schema.org","@graph":[{"@type":"WebPage","@id":"https:\/\/www.naseprogram.org\/ro\/iau-unesco-projects\/","url":"https:\/\/www.naseprogram.org\/ro\/iau-unesco-projects\/","name":"Proiecte IAU\/UNESCO - NASE","isPartOf":{"@id":"https:\/\/www.naseprogram.org\/ro\/#website"},"datePublished":"2021-12-31T13:50:26+00:00","dateModified":"2023-04-13T16:18:18+00:00","breadcrumb":{"@id":"https:\/\/www.naseprogram.org\/ro\/iau-unesco-projects\/#breadcrumb"},"inLanguage":"ro-RO","potentialAction":[{"@type":"ReadAction","target":["https:\/\/www.naseprogram.org\/ro\/iau-unesco-projects\/"]}]},{"@type":"BreadcrumbList","@id":"https:\/\/www.naseprogram.org\/ro\/iau-unesco-projects\/#breadcrumb","itemListElement":[{"@type":"ListItem","position":1,"name":"Home","item":"https:\/\/www.naseprogram.org\/ro\/"},{"@type":"ListItem","position":2,"name":"Proiecte IAU\/UNESCO"}]},{"@type":"WebSite","@id":"https:\/\/www.naseprogram.org\/ro\/#website","url":"https:\/\/www.naseprogram.org\/ro\/","name":"NASE","description":"Network for Astronomy School Education","publisher":{"@id":"https:\/\/www.naseprogram.org\/ro\/#organization"},"potentialAction":[{"@type":"SearchAction","target":{"@type":"EntryPoint","urlTemplate":"https:\/\/www.naseprogram.org\/ro\/?s={search_term_string}"},"query-input":{"@type":"PropertyValueSpecification","valueRequired":true,"valueName":"search_term_string"}}],"inLanguage":"ro-RO"},{"@type":"Organization","@id":"https:\/\/www.naseprogram.org\/ro\/#organization","name":"NASE","url":"https:\/\/www.naseprogram.org\/ro\/","logo":{"@type":"ImageObject","inLanguage":"ro-RO","@id":"https:\/\/www.naseprogram.org\/ro\/#\/schema\/logo\/image\/","url":"https:\/\/www.naseprogram.org\/wp-content\/uploads\/sites\/10\/2021\/12\/naselogo.png","contentUrl":"https:\/\/www.naseprogram.org\/wp-content\/uploads\/sites\/10\/2021\/12\/naselogo.png","width":234,"height":91,"caption":"NASE"},"image":{"@id":"https:\/\/www.naseprogram.org\/ro\/#\/schema\/logo\/image\/"}}]}},"uagb_featured_image_src":{"full":false,"thumbnail":false,"medium":false,"medium_large":false,"large":false,"1536x1536":false,"2048x2048":false},"uagb_author_info":{"display_name":"lifetimemedia","author_link":"https:\/\/www.naseprogram.org\/ro\/author\/lifetimemedia\/"},"uagb_comment_info":0,"uagb_excerpt":"Pentru a comemora Ziua Interna\u021bional\u0103 a Luminii convocat\u0103 anual de UNESCO, NASE propune tuturor participan\u021bilor \u0219i instructorilor s\u0103i s\u0103 desf\u0103\u0219oare o experien\u021b\u0103 simpl\u0103, dar de mare interes educa\u021bional.De\u0219i ziua luminii este 16 mai, se propune tuturor participan\u021bilor s\u0103 o fac\u0103 pe toat\u0103 jum\u0103tatea anului, de la echinoc\u021biul din martie p\u00e2n\u0103 la echinoc\u021biul din septembrie. Nu&hellip;","_links":{"self":[{"href":"https:\/\/www.naseprogram.org\/ro\/wp-json\/wp\/v2\/pages\/272507","targetHints":{"allow":["GET"]}}],"collection":[{"href":"https:\/\/www.naseprogram.org\/ro\/wp-json\/wp\/v2\/pages"}],"about":[{"href":"https:\/\/www.naseprogram.org\/ro\/wp-json\/wp\/v2\/types\/page"}],"author":[{"embeddable":true,"href":"https:\/\/www.naseprogram.org\/ro\/wp-json\/wp\/v2\/users\/12"}],"replies":[{"embeddable":true,"href":"https:\/\/www.naseprogram.org\/ro\/wp-json\/wp\/v2\/comments?post=272507"}],"version-history":[{"count":7,"href":"https:\/\/www.naseprogram.org\/ro\/wp-json\/wp\/v2\/pages\/272507\/revisions"}],"predecessor-version":[{"id":404333,"href":"https:\/\/www.naseprogram.org\/ro\/wp-json\/wp\/v2\/pages\/272507\/revisions\/404333"}],"wp:attachment":[{"href":"https:\/\/www.naseprogram.org\/ro\/wp-json\/wp\/v2\/media?parent=272507"}],"curies":[{"name":"wp","href":"https:\/\/api.w.org\/{rel}","templated":true}]}}