{"id":481954,"date":"2021-12-31T10:46:21","date_gmt":"2021-12-31T13:46:21","guid":{"rendered":"https:\/\/www.naseprogram.org\/content-and-modalities\/"},"modified":"2024-05-06T06:57:11","modified_gmt":"2024-05-06T09:57:11","slug":"content-and-modalities","status":"publish","type":"page","link":"https:\/\/www.naseprogram.org\/ro\/content-and-modalities\/","title":{"rendered":"Con\u021binutul \u0219i modalit\u0103\u021bile"},"content":{"rendered":"\n<p><strong>SCOP<\/strong> <\/p>\n\n\n\n<p><strong>CERIN\u021aE \u0218I\/SAU EXPERIEN\u021a\u0102 PROFESIONAL\u0102 NECESAR\u0102<\/strong><\/p>\n\n\n\n<p>Cursurile gratuite ale NASE au un obiectiv principal care este acela de a promova predarea profesorilor de astronomie (primar, secundar \u0219i universitar) \u0219i de a promova predarea\/\u00eenv\u0103\u021barea activ\u0103 a disciplinei prin modele \u0219i observarea fenomenelor.<\/p>\n\n\n\n<p>Profesori din \u00eenv\u0103\u021b\u0103m\u00e2ntul primar, profesori din \u00eenv\u0103\u021b\u0103m\u00e2ntul secundar \u00een orice domeniu, profesori din \u00eenv\u0103\u021b\u0103m\u00e2ntul ter\u021biar (profesori de \u0219tiin\u021be) \u0219i alte cariere universitare de baz\u0103 similare, studen\u021bi la cursurile avansate pentru profesori.<\/p>\n\n\n\n<p>Nu sunt necesare cuno\u0219tin\u021be prealabile de astronomie.<\/p>\n\n\n\n<p><strong>FORMAT &#8211;<\/strong> (Toate cursurile pot fi livrate fa\u021b\u0103 \u00een fa\u021b\u0103, online sau hibride)<\/p>\n\n\n\n<p>Cursul general de astronomie \u0219i astrofizic\u0103 cuprinde 4 zile de cursuri de no\u021biuni astronomice de baz\u0103 \u0219i include observa\u021bii \u0219i un tur astronomic. Introduce\u021bi 4 cursuri, 10 ateliere \u0219i 3 grupuri de lucru.<\/p>\n","protected":false},"excerpt":{"rendered":"<p>SCOP CERIN\u021aE \u0218I\/SAU EXPERIEN\u021a\u0102 PROFESIONAL\u0102 NECESAR\u0102 Cursurile gratuite ale NASE au un obiectiv principal care este acela de a promova predarea profesorilor de astronomie (primar, secundar \u0219i universitar) \u0219i de a promova predarea\/\u00eenv\u0103\u021barea activ\u0103 a disciplinei prin modele \u0219i observarea fenomenelor. Profesori din \u00eenv\u0103\u021b\u0103m\u00e2ntul primar, profesori din \u00eenv\u0103\u021b\u0103m\u00e2ntul secundar \u00een orice domeniu, profesori din \u00eenv\u0103\u021b\u0103m\u00e2ntul &#8230; <a title=\"Con\u021binutul \u0219i modalit\u0103\u021bile\" class=\"read-more\" href=\"https:\/\/www.naseprogram.org\/ro\/content-and-modalities\/\" aria-label=\"More on Con\u021binutul \u0219i modalit\u0103\u021bile\">Read more<\/a><\/p>\n","protected":false},"author":12,"featured_media":0,"parent":0,"menu_order":0,"comment_status":"closed","ping_status":"closed","template":"","meta":{"_uag_custom_page_level_css":"","_coblocks_attr":"","_coblocks_dimensions":"","_coblocks_responsive_height":"","_coblocks_accordion_ie_support":"","footnotes":""},"class_list":["post-481954","page","type-page","status-publish"],"acf":[],"yoast_head":"<!-- This site is optimized with the Yoast SEO plugin v27.3 - https:\/\/yoast.com\/product\/yoast-seo-wordpress\/ -->\n<title>Con\u021binutul \u0219i modalit\u0103\u021bile - NASE<\/title>\n<meta name=\"robots\" content=\"index, follow, max-snippet:-1, max-image-preview:large, max-video-preview:-1\" \/>\n<link rel=\"canonical\" href=\"https:\/\/www.naseprogram.org\/ro\/content-and-modalities\/\" \/>\n<meta property=\"og:locale\" content=\"ro_RO\" \/>\n<meta property=\"og:type\" content=\"article\" \/>\n<meta property=\"og:title\" content=\"Con\u021binutul \u0219i modalit\u0103\u021bile - NASE\" \/>\n<meta property=\"og:description\" content=\"SCOP CERIN\u021aE \u0218I\/SAU EXPERIEN\u021a\u0102 PROFESIONAL\u0102 NECESAR\u0102 Cursurile gratuite ale NASE au un obiectiv principal care este acela de a promova predarea profesorilor de astronomie (primar, secundar \u0219i universitar) \u0219i de a promova predarea\/\u00eenv\u0103\u021barea activ\u0103 a disciplinei prin modele \u0219i observarea fenomenelor. Profesori din \u00eenv\u0103\u021b\u0103m\u00e2ntul primar, profesori din \u00eenv\u0103\u021b\u0103m\u00e2ntul secundar \u00een orice domeniu, profesori din \u00eenv\u0103\u021b\u0103m\u00e2ntul ... Read more\" \/>\n<meta property=\"og:url\" content=\"https:\/\/www.naseprogram.org\/ro\/content-and-modalities\/\" \/>\n<meta property=\"og:site_name\" content=\"NASE\" \/>\n<meta property=\"article:modified_time\" content=\"2024-05-06T09:57:11+00:00\" \/>\n<meta name=\"twitter:card\" content=\"summary_large_image\" \/>\n<meta name=\"twitter:label1\" content=\"Timp estimat pentru citire\" \/>\n\t<meta name=\"twitter:data1\" content=\"1 minut\" \/>\n<script type=\"application\/ld+json\" class=\"yoast-schema-graph\">{\"@context\":\"https:\\\/\\\/schema.org\",\"@graph\":[{\"@type\":\"WebPage\",\"@id\":\"https:\\\/\\\/www.naseprogram.org\\\/ro\\\/content-and-modalities\\\/\",\"url\":\"https:\\\/\\\/www.naseprogram.org\\\/ro\\\/content-and-modalities\\\/\",\"name\":\"Con\u021binutul \u0219i modalit\u0103\u021bile - NASE\",\"isPartOf\":{\"@id\":\"https:\\\/\\\/www.naseprogram.org\\\/ro\\\/#website\"},\"datePublished\":\"2021-12-31T13:46:21+00:00\",\"dateModified\":\"2024-05-06T09:57:11+00:00\",\"breadcrumb\":{\"@id\":\"https:\\\/\\\/www.naseprogram.org\\\/ro\\\/content-and-modalities\\\/#breadcrumb\"},\"inLanguage\":\"ro-RO\",\"potentialAction\":[{\"@type\":\"ReadAction\",\"target\":[\"https:\\\/\\\/www.naseprogram.org\\\/ro\\\/content-and-modalities\\\/\"]}]},{\"@type\":\"BreadcrumbList\",\"@id\":\"https:\\\/\\\/www.naseprogram.org\\\/ro\\\/content-and-modalities\\\/#breadcrumb\",\"itemListElement\":[{\"@type\":\"ListItem\",\"position\":1,\"name\":\"Home\",\"item\":\"https:\\\/\\\/www.naseprogram.org\\\/ro\\\/\"},{\"@type\":\"ListItem\",\"position\":2,\"name\":\"Con\u021binutul \u0219i modalit\u0103\u021bile\"}]},{\"@type\":\"WebSite\",\"@id\":\"https:\\\/\\\/www.naseprogram.org\\\/ro\\\/#website\",\"url\":\"https:\\\/\\\/www.naseprogram.org\\\/ro\\\/\",\"name\":\"NASE\",\"description\":\"Network for Astronomy School Education\",\"publisher\":{\"@id\":\"https:\\\/\\\/www.naseprogram.org\\\/ro\\\/#organization\"},\"potentialAction\":[{\"@type\":\"SearchAction\",\"target\":{\"@type\":\"EntryPoint\",\"urlTemplate\":\"https:\\\/\\\/www.naseprogram.org\\\/ro\\\/?s={search_term_string}\"},\"query-input\":{\"@type\":\"PropertyValueSpecification\",\"valueRequired\":true,\"valueName\":\"search_term_string\"}}],\"inLanguage\":\"ro-RO\"},{\"@type\":\"Organization\",\"@id\":\"https:\\\/\\\/www.naseprogram.org\\\/ro\\\/#organization\",\"name\":\"NASE\",\"url\":\"https:\\\/\\\/www.naseprogram.org\\\/ro\\\/\",\"logo\":{\"@type\":\"ImageObject\",\"inLanguage\":\"ro-RO\",\"@id\":\"https:\\\/\\\/www.naseprogram.org\\\/ro\\\/#\\\/schema\\\/logo\\\/image\\\/\",\"url\":\"https:\\\/\\\/www.naseprogram.org\\\/wp-content\\\/uploads\\\/sites\\\/10\\\/2021\\\/12\\\/naselogo.png\",\"contentUrl\":\"https:\\\/\\\/www.naseprogram.org\\\/wp-content\\\/uploads\\\/sites\\\/10\\\/2021\\\/12\\\/naselogo.png\",\"width\":234,\"height\":91,\"caption\":\"NASE\"},\"image\":{\"@id\":\"https:\\\/\\\/www.naseprogram.org\\\/ro\\\/#\\\/schema\\\/logo\\\/image\\\/\"}}]}<\/script>\n<!-- \/ Yoast SEO plugin. -->","yoast_head_json":{"title":"Con\u021binutul \u0219i modalit\u0103\u021bile - NASE","robots":{"index":"index","follow":"follow","max-snippet":"max-snippet:-1","max-image-preview":"max-image-preview:large","max-video-preview":"max-video-preview:-1"},"canonical":"https:\/\/www.naseprogram.org\/ro\/content-and-modalities\/","og_locale":"ro_RO","og_type":"article","og_title":"Con\u021binutul \u0219i modalit\u0103\u021bile - NASE","og_description":"SCOP CERIN\u021aE \u0218I\/SAU EXPERIEN\u021a\u0102 PROFESIONAL\u0102 NECESAR\u0102 Cursurile gratuite ale NASE au un obiectiv principal care este acela de a promova predarea profesorilor de astronomie (primar, secundar \u0219i universitar) \u0219i de a promova predarea\/\u00eenv\u0103\u021barea activ\u0103 a disciplinei prin modele \u0219i observarea fenomenelor. Profesori din \u00eenv\u0103\u021b\u0103m\u00e2ntul primar, profesori din \u00eenv\u0103\u021b\u0103m\u00e2ntul secundar \u00een orice domeniu, profesori din \u00eenv\u0103\u021b\u0103m\u00e2ntul ... Read more","og_url":"https:\/\/www.naseprogram.org\/ro\/content-and-modalities\/","og_site_name":"NASE","article_modified_time":"2024-05-06T09:57:11+00:00","twitter_card":"summary_large_image","twitter_misc":{"Timp estimat pentru citire":"1 minut"},"schema":{"@context":"https:\/\/schema.org","@graph":[{"@type":"WebPage","@id":"https:\/\/www.naseprogram.org\/ro\/content-and-modalities\/","url":"https:\/\/www.naseprogram.org\/ro\/content-and-modalities\/","name":"Con\u021binutul \u0219i modalit\u0103\u021bile - NASE","isPartOf":{"@id":"https:\/\/www.naseprogram.org\/ro\/#website"},"datePublished":"2021-12-31T13:46:21+00:00","dateModified":"2024-05-06T09:57:11+00:00","breadcrumb":{"@id":"https:\/\/www.naseprogram.org\/ro\/content-and-modalities\/#breadcrumb"},"inLanguage":"ro-RO","potentialAction":[{"@type":"ReadAction","target":["https:\/\/www.naseprogram.org\/ro\/content-and-modalities\/"]}]},{"@type":"BreadcrumbList","@id":"https:\/\/www.naseprogram.org\/ro\/content-and-modalities\/#breadcrumb","itemListElement":[{"@type":"ListItem","position":1,"name":"Home","item":"https:\/\/www.naseprogram.org\/ro\/"},{"@type":"ListItem","position":2,"name":"Con\u021binutul \u0219i modalit\u0103\u021bile"}]},{"@type":"WebSite","@id":"https:\/\/www.naseprogram.org\/ro\/#website","url":"https:\/\/www.naseprogram.org\/ro\/","name":"NASE","description":"Network for Astronomy School Education","publisher":{"@id":"https:\/\/www.naseprogram.org\/ro\/#organization"},"potentialAction":[{"@type":"SearchAction","target":{"@type":"EntryPoint","urlTemplate":"https:\/\/www.naseprogram.org\/ro\/?s={search_term_string}"},"query-input":{"@type":"PropertyValueSpecification","valueRequired":true,"valueName":"search_term_string"}}],"inLanguage":"ro-RO"},{"@type":"Organization","@id":"https:\/\/www.naseprogram.org\/ro\/#organization","name":"NASE","url":"https:\/\/www.naseprogram.org\/ro\/","logo":{"@type":"ImageObject","inLanguage":"ro-RO","@id":"https:\/\/www.naseprogram.org\/ro\/#\/schema\/logo\/image\/","url":"https:\/\/www.naseprogram.org\/wp-content\/uploads\/sites\/10\/2021\/12\/naselogo.png","contentUrl":"https:\/\/www.naseprogram.org\/wp-content\/uploads\/sites\/10\/2021\/12\/naselogo.png","width":234,"height":91,"caption":"NASE"},"image":{"@id":"https:\/\/www.naseprogram.org\/ro\/#\/schema\/logo\/image\/"}}]}},"uagb_featured_image_src":{"full":false,"thumbnail":false,"medium":false,"medium_large":false,"large":false,"1536x1536":false,"2048x2048":false},"uagb_author_info":{"display_name":"lifetimemedia","author_link":"https:\/\/www.naseprogram.org\/ro\/author\/lifetimemedia\/"},"uagb_comment_info":0,"uagb_excerpt":"SCOP CERIN\u021aE \u0218I\/SAU EXPERIEN\u021a\u0102 PROFESIONAL\u0102 NECESAR\u0102 Cursurile gratuite ale NASE au un obiectiv principal care este acela de a promova predarea profesorilor de astronomie (primar, secundar \u0219i universitar) \u0219i de a promova predarea\/\u00eenv\u0103\u021barea activ\u0103 a disciplinei prin modele \u0219i observarea fenomenelor. Profesori din \u00eenv\u0103\u021b\u0103m\u00e2ntul primar, profesori din \u00eenv\u0103\u021b\u0103m\u00e2ntul secundar \u00een orice domeniu, profesori din \u00eenv\u0103\u021b\u0103m\u00e2ntul&hellip;","_links":{"self":[{"href":"https:\/\/www.naseprogram.org\/ro\/wp-json\/wp\/v2\/pages\/481954","targetHints":{"allow":["GET"]}}],"collection":[{"href":"https:\/\/www.naseprogram.org\/ro\/wp-json\/wp\/v2\/pages"}],"about":[{"href":"https:\/\/www.naseprogram.org\/ro\/wp-json\/wp\/v2\/types\/page"}],"author":[{"embeddable":true,"href":"https:\/\/www.naseprogram.org\/ro\/wp-json\/wp\/v2\/users\/12"}],"replies":[{"embeddable":true,"href":"https:\/\/www.naseprogram.org\/ro\/wp-json\/wp\/v2\/comments?post=481954"}],"version-history":[{"count":7,"href":"https:\/\/www.naseprogram.org\/ro\/wp-json\/wp\/v2\/pages\/481954\/revisions"}],"predecessor-version":[{"id":487274,"href":"https:\/\/www.naseprogram.org\/ro\/wp-json\/wp\/v2\/pages\/481954\/revisions\/487274"}],"wp:attachment":[{"href":"https:\/\/www.naseprogram.org\/ro\/wp-json\/wp\/v2\/media?parent=481954"}],"curies":[{"name":"wp","href":"https:\/\/api.w.org\/{rel}","templated":true}]}}