{"id":280865,"date":"2021-12-31T10:46:21","date_gmt":"2021-12-31T13:46:21","guid":{"rendered":"https:\/\/naseprogram.wp-ms.ahuekna.org.ar\/?page_id=280865"},"modified":"2024-05-06T17:45:51","modified_gmt":"2024-05-06T20:45:51","slug":"icerik-ve-yontemler","status":"publish","type":"page","link":"https:\/\/www.naseprogram.org\/tr\/icerik-ve-yontemler\/","title":{"rendered":"\u0130\u00e7erik ve y\u00f6ntemler"},"content":{"rendered":"\n<p><strong>AMA\u00c7<\/strong><\/p>\n\n\n\n<p>NASE&#8217;nin \u00fccretsiz kurslar\u0131n\u0131n temel amac\u0131, astronomi e\u011fitimi veren \u00f6\u011fretmenlerin (ilk, orta ve \u00fcniversite) \u00f6\u011fretimini te\u015fvik etmek ve modeller ve fenomen g\u00f6zlemi yoluyla disiplinin \u00f6\u011fretilmesini \/ aktif \u00f6\u011frenilmesini te\u015fvik etmektir.<\/p>\n\n\n\n<p><strong>GEREKLI\u0307LI\u0307KLER VE\/VEYA MESLEKI\u0307 DENEYI\u0307M<\/strong><\/p>\n\n\n\n<p>\u0130lkokul \u00f6\u011fretmenleri, herhangi bir alandaki ortaokul \u00f6\u011fretmenleri, y\u00fcksek\u00f6\u011fretim \u00f6\u011fretmenleri (fen bilgisi \u00f6\u011fretmenleri) ve benzer \u00fcniversite temel d\u00f6ng\u00fcs\u00fc kariyerleri, ileri \u00f6\u011fretmenlik kurslar\u0131 \u00f6\u011frencileri.<\/p>\n\n\n\n<p>It is not necessary prior knowledge of astronomy.<\/p>\n\n\n\n<p><strong>FORMAT<\/strong>&nbsp;\u2013 (T\u00fcm kurslar y\u00fcz y\u00fcze, \u00e7evrimi\u00e7i veya hibrit olarak verilebilir)<\/p>\n\n\n\n<p>Genel Astronomi ve Astrofizik kursu, temel astronomik kavramlar \u00fczerine 4 g\u00fcnl\u00fck derslerden olu\u015fur ve g\u00f6zlemler ile astronomik bir ziyareti i\u00e7erir. 4 ders, 10 at\u00f6lye \u00e7al\u0131\u015fmas\u0131 ve 3 \u00e7al\u0131\u015fma grubu i\u00e7erir.<\/p>\n","protected":false},"excerpt":{"rendered":"<p>AMA\u00c7 NASE&#8217;nin \u00fccretsiz kurslar\u0131n\u0131n temel amac\u0131, astronomi e\u011fitimi veren \u00f6\u011fretmenlerin (ilk, orta ve \u00fcniversite) \u00f6\u011fretimini te\u015fvik etmek ve modeller ve fenomen g\u00f6zlemi yoluyla disiplinin \u00f6\u011fretilmesini \/ aktif \u00f6\u011frenilmesini te\u015fvik etmektir. GEREKLI\u0307LI\u0307KLER VE\/VEYA MESLEKI\u0307 DENEYI\u0307M \u0130lkokul \u00f6\u011fretmenleri, herhangi bir alandaki ortaokul \u00f6\u011fretmenleri, y\u00fcksek\u00f6\u011fretim \u00f6\u011fretmenleri (fen bilgisi \u00f6\u011fretmenleri) ve benzer \u00fcniversite temel d\u00f6ng\u00fcs\u00fc kariyerleri, ileri \u00f6\u011fretmenlik kurslar\u0131 &#8230; <a title=\"\u0130\u00e7erik ve y\u00f6ntemler\" class=\"read-more\" href=\"https:\/\/www.naseprogram.org\/tr\/icerik-ve-yontemler\/\" aria-label=\"More on \u0130\u00e7erik ve y\u00f6ntemler\">Read more<\/a><\/p>\n","protected":false},"author":15,"featured_media":0,"parent":0,"menu_order":0,"comment_status":"closed","ping_status":"closed","template":"","meta":{"_uag_custom_page_level_css":"","_coblocks_attr":"","_coblocks_dimensions":"","_coblocks_responsive_height":"","_coblocks_accordion_ie_support":"","footnotes":""},"class_list":["post-280865","page","type-page","status-publish"],"acf":[],"yoast_head":"<!-- This site is optimized with the Yoast SEO plugin v27.3 - https:\/\/yoast.com\/product\/yoast-seo-wordpress\/ -->\n<title>\u0130\u00e7erik ve y\u00f6ntemler - NASE<\/title>\n<meta name=\"robots\" content=\"index, follow, max-snippet:-1, max-image-preview:large, max-video-preview:-1\" \/>\n<link rel=\"canonical\" href=\"https:\/\/www.naseprogram.org\/tr\/icerik-ve-yontemler\/\" \/>\n<meta property=\"og:locale\" content=\"tr_TR\" \/>\n<meta property=\"og:type\" content=\"article\" \/>\n<meta property=\"og:title\" content=\"\u0130\u00e7erik ve y\u00f6ntemler - NASE\" \/>\n<meta property=\"og:description\" content=\"AMA\u00c7 NASE&#8217;nin \u00fccretsiz kurslar\u0131n\u0131n temel amac\u0131, astronomi e\u011fitimi veren \u00f6\u011fretmenlerin (ilk, orta ve \u00fcniversite) \u00f6\u011fretimini te\u015fvik etmek ve modeller ve fenomen g\u00f6zlemi yoluyla disiplinin \u00f6\u011fretilmesini \/ aktif \u00f6\u011frenilmesini te\u015fvik etmektir. GEREKLI\u0307LI\u0307KLER VE\/VEYA MESLEKI\u0307 DENEYI\u0307M \u0130lkokul \u00f6\u011fretmenleri, herhangi bir alandaki ortaokul \u00f6\u011fretmenleri, y\u00fcksek\u00f6\u011fretim \u00f6\u011fretmenleri (fen bilgisi \u00f6\u011fretmenleri) ve benzer \u00fcniversite temel d\u00f6ng\u00fcs\u00fc kariyerleri, ileri \u00f6\u011fretmenlik kurslar\u0131 ... Read more\" \/>\n<meta property=\"og:url\" content=\"https:\/\/www.naseprogram.org\/tr\/icerik-ve-yontemler\/\" \/>\n<meta property=\"og:site_name\" content=\"NASE\" \/>\n<meta property=\"article:modified_time\" content=\"2024-05-06T20:45:51+00:00\" \/>\n<meta name=\"twitter:card\" content=\"summary_large_image\" \/>\n<meta name=\"twitter:label1\" content=\"Tahmini okuma s\u00fcresi\" \/>\n\t<meta name=\"twitter:data1\" content=\"1 dakika\" \/>\n<script type=\"application\/ld+json\" class=\"yoast-schema-graph\">{\"@context\":\"https:\\\/\\\/schema.org\",\"@graph\":[{\"@type\":\"WebPage\",\"@id\":\"https:\\\/\\\/www.naseprogram.org\\\/tr\\\/icerik-ve-yontemler\\\/\",\"url\":\"https:\\\/\\\/www.naseprogram.org\\\/tr\\\/icerik-ve-yontemler\\\/\",\"name\":\"\u0130\u00e7erik ve y\u00f6ntemler - NASE\",\"isPartOf\":{\"@id\":\"https:\\\/\\\/www.naseprogram.org\\\/tr\\\/#website\"},\"datePublished\":\"2021-12-31T13:46:21+00:00\",\"dateModified\":\"2024-05-06T20:45:51+00:00\",\"breadcrumb\":{\"@id\":\"https:\\\/\\\/www.naseprogram.org\\\/tr\\\/icerik-ve-yontemler\\\/#breadcrumb\"},\"inLanguage\":\"tr\",\"potentialAction\":[{\"@type\":\"ReadAction\",\"target\":[\"https:\\\/\\\/www.naseprogram.org\\\/tr\\\/icerik-ve-yontemler\\\/\"]}]},{\"@type\":\"BreadcrumbList\",\"@id\":\"https:\\\/\\\/www.naseprogram.org\\\/tr\\\/icerik-ve-yontemler\\\/#breadcrumb\",\"itemListElement\":[{\"@type\":\"ListItem\",\"position\":1,\"name\":\"Home\",\"item\":\"https:\\\/\\\/www.naseprogram.org\\\/tr\\\/\"},{\"@type\":\"ListItem\",\"position\":2,\"name\":\"\u0130\u00e7erik ve y\u00f6ntemler\"}]},{\"@type\":\"WebSite\",\"@id\":\"https:\\\/\\\/www.naseprogram.org\\\/tr\\\/#website\",\"url\":\"https:\\\/\\\/www.naseprogram.org\\\/tr\\\/\",\"name\":\"NASE\",\"description\":\"Network for Astronomy School Education\",\"publisher\":{\"@id\":\"https:\\\/\\\/www.naseprogram.org\\\/tr\\\/#organization\"},\"potentialAction\":[{\"@type\":\"SearchAction\",\"target\":{\"@type\":\"EntryPoint\",\"urlTemplate\":\"https:\\\/\\\/www.naseprogram.org\\\/tr\\\/?s={search_term_string}\"},\"query-input\":{\"@type\":\"PropertyValueSpecification\",\"valueRequired\":true,\"valueName\":\"search_term_string\"}}],\"inLanguage\":\"tr\"},{\"@type\":\"Organization\",\"@id\":\"https:\\\/\\\/www.naseprogram.org\\\/tr\\\/#organization\",\"name\":\"NASE\",\"url\":\"https:\\\/\\\/www.naseprogram.org\\\/tr\\\/\",\"logo\":{\"@type\":\"ImageObject\",\"inLanguage\":\"tr\",\"@id\":\"https:\\\/\\\/www.naseprogram.org\\\/tr\\\/#\\\/schema\\\/logo\\\/image\\\/\",\"url\":\"https:\\\/\\\/www.naseprogram.org\\\/wp-content\\\/uploads\\\/sites\\\/10\\\/2021\\\/12\\\/naselogo.png\",\"contentUrl\":\"https:\\\/\\\/www.naseprogram.org\\\/wp-content\\\/uploads\\\/sites\\\/10\\\/2021\\\/12\\\/naselogo.png\",\"width\":234,\"height\":91,\"caption\":\"NASE\"},\"image\":{\"@id\":\"https:\\\/\\\/www.naseprogram.org\\\/tr\\\/#\\\/schema\\\/logo\\\/image\\\/\"}}]}<\/script>\n<!-- \/ Yoast SEO plugin. -->","yoast_head_json":{"title":"\u0130\u00e7erik ve y\u00f6ntemler - NASE","robots":{"index":"index","follow":"follow","max-snippet":"max-snippet:-1","max-image-preview":"max-image-preview:large","max-video-preview":"max-video-preview:-1"},"canonical":"https:\/\/www.naseprogram.org\/tr\/icerik-ve-yontemler\/","og_locale":"tr_TR","og_type":"article","og_title":"\u0130\u00e7erik ve y\u00f6ntemler - NASE","og_description":"AMA\u00c7 NASE&#8217;nin \u00fccretsiz kurslar\u0131n\u0131n temel amac\u0131, astronomi e\u011fitimi veren \u00f6\u011fretmenlerin (ilk, orta ve \u00fcniversite) \u00f6\u011fretimini te\u015fvik etmek ve modeller ve fenomen g\u00f6zlemi yoluyla disiplinin \u00f6\u011fretilmesini \/ aktif \u00f6\u011frenilmesini te\u015fvik etmektir. GEREKLI\u0307LI\u0307KLER VE\/VEYA MESLEKI\u0307 DENEYI\u0307M \u0130lkokul \u00f6\u011fretmenleri, herhangi bir alandaki ortaokul \u00f6\u011fretmenleri, y\u00fcksek\u00f6\u011fretim \u00f6\u011fretmenleri (fen bilgisi \u00f6\u011fretmenleri) ve benzer \u00fcniversite temel d\u00f6ng\u00fcs\u00fc kariyerleri, ileri \u00f6\u011fretmenlik kurslar\u0131 ... Read more","og_url":"https:\/\/www.naseprogram.org\/tr\/icerik-ve-yontemler\/","og_site_name":"NASE","article_modified_time":"2024-05-06T20:45:51+00:00","twitter_card":"summary_large_image","twitter_misc":{"Tahmini okuma s\u00fcresi":"1 dakika"},"schema":{"@context":"https:\/\/schema.org","@graph":[{"@type":"WebPage","@id":"https:\/\/www.naseprogram.org\/tr\/icerik-ve-yontemler\/","url":"https:\/\/www.naseprogram.org\/tr\/icerik-ve-yontemler\/","name":"\u0130\u00e7erik ve y\u00f6ntemler - NASE","isPartOf":{"@id":"https:\/\/www.naseprogram.org\/tr\/#website"},"datePublished":"2021-12-31T13:46:21+00:00","dateModified":"2024-05-06T20:45:51+00:00","breadcrumb":{"@id":"https:\/\/www.naseprogram.org\/tr\/icerik-ve-yontemler\/#breadcrumb"},"inLanguage":"tr","potentialAction":[{"@type":"ReadAction","target":["https:\/\/www.naseprogram.org\/tr\/icerik-ve-yontemler\/"]}]},{"@type":"BreadcrumbList","@id":"https:\/\/www.naseprogram.org\/tr\/icerik-ve-yontemler\/#breadcrumb","itemListElement":[{"@type":"ListItem","position":1,"name":"Home","item":"https:\/\/www.naseprogram.org\/tr\/"},{"@type":"ListItem","position":2,"name":"\u0130\u00e7erik ve y\u00f6ntemler"}]},{"@type":"WebSite","@id":"https:\/\/www.naseprogram.org\/tr\/#website","url":"https:\/\/www.naseprogram.org\/tr\/","name":"NASE","description":"Network for Astronomy School Education","publisher":{"@id":"https:\/\/www.naseprogram.org\/tr\/#organization"},"potentialAction":[{"@type":"SearchAction","target":{"@type":"EntryPoint","urlTemplate":"https:\/\/www.naseprogram.org\/tr\/?s={search_term_string}"},"query-input":{"@type":"PropertyValueSpecification","valueRequired":true,"valueName":"search_term_string"}}],"inLanguage":"tr"},{"@type":"Organization","@id":"https:\/\/www.naseprogram.org\/tr\/#organization","name":"NASE","url":"https:\/\/www.naseprogram.org\/tr\/","logo":{"@type":"ImageObject","inLanguage":"tr","@id":"https:\/\/www.naseprogram.org\/tr\/#\/schema\/logo\/image\/","url":"https:\/\/www.naseprogram.org\/wp-content\/uploads\/sites\/10\/2021\/12\/naselogo.png","contentUrl":"https:\/\/www.naseprogram.org\/wp-content\/uploads\/sites\/10\/2021\/12\/naselogo.png","width":234,"height":91,"caption":"NASE"},"image":{"@id":"https:\/\/www.naseprogram.org\/tr\/#\/schema\/logo\/image\/"}}]}},"uagb_featured_image_src":{"full":false,"thumbnail":false,"medium":false,"medium_large":false,"large":false,"1536x1536":false,"2048x2048":false},"uagb_author_info":{"display_name":"NASE","author_link":"https:\/\/www.naseprogram.org\/tr\/author\/nase1\/"},"uagb_comment_info":0,"uagb_excerpt":"AMA\u00c7 NASE&#8217;nin \u00fccretsiz kurslar\u0131n\u0131n temel amac\u0131, astronomi e\u011fitimi veren \u00f6\u011fretmenlerin (ilk, orta ve \u00fcniversite) \u00f6\u011fretimini te\u015fvik etmek ve modeller ve fenomen g\u00f6zlemi yoluyla disiplinin \u00f6\u011fretilmesini \/ aktif \u00f6\u011frenilmesini te\u015fvik etmektir. GEREKLI\u0307LI\u0307KLER VE\/VEYA MESLEKI\u0307 DENEYI\u0307M \u0130lkokul \u00f6\u011fretmenleri, herhangi bir alandaki ortaokul \u00f6\u011fretmenleri, y\u00fcksek\u00f6\u011fretim \u00f6\u011fretmenleri (fen bilgisi \u00f6\u011fretmenleri) ve benzer \u00fcniversite temel d\u00f6ng\u00fcs\u00fc kariyerleri, ileri \u00f6\u011fretmenlik kurslar\u0131&hellip;","_links":{"self":[{"href":"https:\/\/www.naseprogram.org\/tr\/wp-json\/wp\/v2\/pages\/280865","targetHints":{"allow":["GET"]}}],"collection":[{"href":"https:\/\/www.naseprogram.org\/tr\/wp-json\/wp\/v2\/pages"}],"about":[{"href":"https:\/\/www.naseprogram.org\/tr\/wp-json\/wp\/v2\/types\/page"}],"author":[{"embeddable":true,"href":"https:\/\/www.naseprogram.org\/tr\/wp-json\/wp\/v2\/users\/15"}],"replies":[{"embeddable":true,"href":"https:\/\/www.naseprogram.org\/tr\/wp-json\/wp\/v2\/comments?post=280865"}],"version-history":[{"count":5,"href":"https:\/\/www.naseprogram.org\/tr\/wp-json\/wp\/v2\/pages\/280865\/revisions"}],"predecessor-version":[{"id":487444,"href":"https:\/\/www.naseprogram.org\/tr\/wp-json\/wp\/v2\/pages\/280865\/revisions\/487444"}],"wp:attachment":[{"href":"https:\/\/www.naseprogram.org\/tr\/wp-json\/wp\/v2\/media?parent=280865"}],"curies":[{"name":"wp","href":"https:\/\/api.w.org\/{rel}","templated":true}]}}