{"id":281345,"date":"2021-12-31T10:45:57","date_gmt":"2021-12-31T13:45:57","guid":{"rendered":"https:\/\/naseprogram.wp-ms.ahuekna.org.ar\/?page_id=281345"},"modified":"2025-02-01T14:13:18","modified_gmt":"2025-02-01T17:13:18","slug":"nase-giris","status":"publish","type":"page","link":"https:\/\/www.naseprogram.org\/tr\/nase-giris\/","title":{"rendered":"NASE Giri\u015f"},"content":{"rendered":"\n<p class=\"has-amarillo-nase-background-color has-background\">NASE (Astronomi Okulu E\u011fitim A\u011f\u0131), IAU&#8217;nun (Uluslararas\u0131 Astronomi Birli\u011fi) C b\u00f6l\u00fcm\u00fcndeki &#8220;E\u011fitim, Sosyal Yard\u0131m ve Geli\u015fimde Temel Giri\u015fimler&#8221; \u0130\u015flevsel \u00c7al\u0131\u015fma Grubunda yer alan bir \u00c7al\u0131\u015fma Grubudur.<\/p>\n\n\n\n<p>NASE&#8217;nin temel amac\u0131 yeni nesil \u00f6\u011fretmenleri e\u011fitmek ve mevcut \u00f6\u011fretmenleri yeniden e\u011fitmektir. Gelece\u011fin \u00f6\u011fretmenlerini yeti\u015ftirmek i\u00e7in \u00fcniversite profes\u00f6rleriyle birlikte \u00e7al\u0131\u015f\u0131yor ve deneyimli ilkokul ve ortaokul \u00f6\u011fretmenlerini e\u011fitmek i\u00e7in e\u011fitim b\u00f6l\u00fcmleriyle i\u015fbirli\u011fi yap\u0131yoruz.<\/p>\n\n\n\n<p>Kat\u0131l\u0131mc\u0131lar, ev sahibi \u00fclkede ilk ve orta \u00f6\u011fretimde g\u00f6rev yapan 40 ila 50 \u00f6\u011fretmenden olu\u015facak ve y\u00fcz y\u00fcze kurslar\u0131n at\u00f6lye \u00e7al\u0131\u015fmalar\u0131 i\u00e7in iki gruba da\u011f\u0131t\u0131lacakt\u0131r. \u00c7evrimi\u00e7i kurslarda herhangi bir say\u0131sal k\u0131s\u0131tlama yoktur.<\/p>\n\n\n\n<p>E\u011fitmenler NASE \u00fcyesi ve ev sahibi \u00fclkenin\/\u015fehrin \u00f6\u011fretmenleri olacakt\u0131r.<\/p>\n\n\n\n<p>NASE&#8217;nin en b\u00fcy\u00fck ba\u015far\u0131s\u0131, kurslar\u0131n ve di\u011fer faaliyetlerin organizasyonunu takip eden ve 2 veya 3 y\u0131l i\u00e7inde \u00f6zerk olan bir Yerel \u00c7al\u0131\u015fma Grubunun (LWG) olu\u015fturulmas\u0131d\u0131r. Yerel e\u011fitmenler derhal NASE yerel grubunun bir par\u00e7as\u0131d\u0131r ve grubun faaliyetlerini s\u00fcrd\u00fcrmek i\u00e7in d\u00fczenli toplant\u0131lar yapmaktan sorumludur.<\/p>\n\n\n\n<p>Kurs dili, ev sahibi \u00fclkenin resmi dili olacakt\u0131r.<\/p>\n","protected":false},"excerpt":{"rendered":"<p>NASE (Astronomi Okulu E\u011fitim A\u011f\u0131), IAU&#8217;nun (Uluslararas\u0131 Astronomi Birli\u011fi) C b\u00f6l\u00fcm\u00fcndeki &#8220;E\u011fitim, Sosyal Yard\u0131m ve Geli\u015fimde Temel Giri\u015fimler&#8221; \u0130\u015flevsel \u00c7al\u0131\u015fma Grubunda yer alan bir \u00c7al\u0131\u015fma Grubudur. NASE&#8217;nin temel amac\u0131 yeni nesil \u00f6\u011fretmenleri e\u011fitmek ve mevcut \u00f6\u011fretmenleri yeniden e\u011fitmektir. Gelece\u011fin \u00f6\u011fretmenlerini yeti\u015ftirmek i\u00e7in \u00fcniversite profes\u00f6rleriyle birlikte \u00e7al\u0131\u015f\u0131yor ve deneyimli ilkokul ve ortaokul \u00f6\u011fretmenlerini e\u011fitmek i\u00e7in e\u011fitim &#8230; <a title=\"NASE Giri\u015f\" class=\"read-more\" href=\"https:\/\/www.naseprogram.org\/tr\/nase-giris\/\" aria-label=\"More on NASE Giri\u015f\">Read more<\/a><\/p>\n","protected":false},"author":15,"featured_media":0,"parent":0,"menu_order":0,"comment_status":"closed","ping_status":"closed","template":"","meta":{"_uag_custom_page_level_css":"","_coblocks_attr":"","_coblocks_dimensions":"","_coblocks_responsive_height":"","_coblocks_accordion_ie_support":"","footnotes":""},"class_list":["post-281345","page","type-page","status-publish"],"acf":[],"yoast_head":"<!-- This site is optimized with the Yoast SEO plugin v27.4 - https:\/\/yoast.com\/product\/yoast-seo-wordpress\/ -->\n<title>NASE Giri\u015f - NASE<\/title>\n<meta name=\"robots\" content=\"index, follow, max-snippet:-1, max-image-preview:large, max-video-preview:-1\" \/>\n<link rel=\"canonical\" href=\"https:\/\/www.naseprogram.org\/tr\/nase-giris\/\" \/>\n<meta property=\"og:locale\" content=\"tr_TR\" \/>\n<meta property=\"og:type\" content=\"article\" \/>\n<meta property=\"og:title\" content=\"NASE Giri\u015f - NASE\" \/>\n<meta property=\"og:description\" content=\"NASE (Astronomi Okulu E\u011fitim A\u011f\u0131), IAU&#8217;nun (Uluslararas\u0131 Astronomi Birli\u011fi) C b\u00f6l\u00fcm\u00fcndeki &#8220;E\u011fitim, Sosyal Yard\u0131m ve Geli\u015fimde Temel Giri\u015fimler&#8221; \u0130\u015flevsel \u00c7al\u0131\u015fma Grubunda yer alan bir \u00c7al\u0131\u015fma Grubudur. NASE&#8217;nin temel amac\u0131 yeni nesil \u00f6\u011fretmenleri e\u011fitmek ve mevcut \u00f6\u011fretmenleri yeniden e\u011fitmektir. Gelece\u011fin \u00f6\u011fretmenlerini yeti\u015ftirmek i\u00e7in \u00fcniversite profes\u00f6rleriyle birlikte \u00e7al\u0131\u015f\u0131yor ve deneyimli ilkokul ve ortaokul \u00f6\u011fretmenlerini e\u011fitmek i\u00e7in e\u011fitim ... Read more\" \/>\n<meta property=\"og:url\" content=\"https:\/\/www.naseprogram.org\/tr\/nase-giris\/\" \/>\n<meta property=\"og:site_name\" content=\"NASE\" \/>\n<meta property=\"article:modified_time\" content=\"2025-02-01T17:13:18+00:00\" \/>\n<meta name=\"twitter:card\" content=\"summary_large_image\" \/>\n<meta name=\"twitter:label1\" content=\"Tahmini okuma s\u00fcresi\" \/>\n\t<meta name=\"twitter:data1\" content=\"1 dakika\" \/>\n<script type=\"application\/ld+json\" class=\"yoast-schema-graph\">{\"@context\":\"https:\\\/\\\/schema.org\",\"@graph\":[{\"@type\":\"WebPage\",\"@id\":\"https:\\\/\\\/www.naseprogram.org\\\/tr\\\/nase-giris\\\/\",\"url\":\"https:\\\/\\\/www.naseprogram.org\\\/tr\\\/nase-giris\\\/\",\"name\":\"NASE Giri\u015f - NASE\",\"isPartOf\":{\"@id\":\"https:\\\/\\\/www.naseprogram.org\\\/tr\\\/#website\"},\"datePublished\":\"2021-12-31T13:45:57+00:00\",\"dateModified\":\"2025-02-01T17:13:18+00:00\",\"breadcrumb\":{\"@id\":\"https:\\\/\\\/www.naseprogram.org\\\/tr\\\/nase-giris\\\/#breadcrumb\"},\"inLanguage\":\"tr\",\"potentialAction\":[{\"@type\":\"ReadAction\",\"target\":[\"https:\\\/\\\/www.naseprogram.org\\\/tr\\\/nase-giris\\\/\"]}]},{\"@type\":\"BreadcrumbList\",\"@id\":\"https:\\\/\\\/www.naseprogram.org\\\/tr\\\/nase-giris\\\/#breadcrumb\",\"itemListElement\":[{\"@type\":\"ListItem\",\"position\":1,\"name\":\"Home\",\"item\":\"https:\\\/\\\/www.naseprogram.org\\\/tr\\\/\"},{\"@type\":\"ListItem\",\"position\":2,\"name\":\"NASE Giri\u015f\"}]},{\"@type\":\"WebSite\",\"@id\":\"https:\\\/\\\/www.naseprogram.org\\\/tr\\\/#website\",\"url\":\"https:\\\/\\\/www.naseprogram.org\\\/tr\\\/\",\"name\":\"NASE\",\"description\":\"Network for Astronomy School Education\",\"publisher\":{\"@id\":\"https:\\\/\\\/www.naseprogram.org\\\/tr\\\/#organization\"},\"potentialAction\":[{\"@type\":\"SearchAction\",\"target\":{\"@type\":\"EntryPoint\",\"urlTemplate\":\"https:\\\/\\\/www.naseprogram.org\\\/tr\\\/?s={search_term_string}\"},\"query-input\":{\"@type\":\"PropertyValueSpecification\",\"valueRequired\":true,\"valueName\":\"search_term_string\"}}],\"inLanguage\":\"tr\"},{\"@type\":\"Organization\",\"@id\":\"https:\\\/\\\/www.naseprogram.org\\\/tr\\\/#organization\",\"name\":\"NASE\",\"url\":\"https:\\\/\\\/www.naseprogram.org\\\/tr\\\/\",\"logo\":{\"@type\":\"ImageObject\",\"inLanguage\":\"tr\",\"@id\":\"https:\\\/\\\/www.naseprogram.org\\\/tr\\\/#\\\/schema\\\/logo\\\/image\\\/\",\"url\":\"https:\\\/\\\/www.naseprogram.org\\\/wp-content\\\/uploads\\\/sites\\\/10\\\/2021\\\/12\\\/naselogo.png\",\"contentUrl\":\"https:\\\/\\\/www.naseprogram.org\\\/wp-content\\\/uploads\\\/sites\\\/10\\\/2021\\\/12\\\/naselogo.png\",\"width\":234,\"height\":91,\"caption\":\"NASE\"},\"image\":{\"@id\":\"https:\\\/\\\/www.naseprogram.org\\\/tr\\\/#\\\/schema\\\/logo\\\/image\\\/\"}}]}<\/script>\n<!-- \/ Yoast SEO plugin. -->","yoast_head_json":{"title":"NASE Giri\u015f - NASE","robots":{"index":"index","follow":"follow","max-snippet":"max-snippet:-1","max-image-preview":"max-image-preview:large","max-video-preview":"max-video-preview:-1"},"canonical":"https:\/\/www.naseprogram.org\/tr\/nase-giris\/","og_locale":"tr_TR","og_type":"article","og_title":"NASE Giri\u015f - NASE","og_description":"NASE (Astronomi Okulu E\u011fitim A\u011f\u0131), IAU&#8217;nun (Uluslararas\u0131 Astronomi Birli\u011fi) C b\u00f6l\u00fcm\u00fcndeki &#8220;E\u011fitim, Sosyal Yard\u0131m ve Geli\u015fimde Temel Giri\u015fimler&#8221; \u0130\u015flevsel \u00c7al\u0131\u015fma Grubunda yer alan bir \u00c7al\u0131\u015fma Grubudur. NASE&#8217;nin temel amac\u0131 yeni nesil \u00f6\u011fretmenleri e\u011fitmek ve mevcut \u00f6\u011fretmenleri yeniden e\u011fitmektir. Gelece\u011fin \u00f6\u011fretmenlerini yeti\u015ftirmek i\u00e7in \u00fcniversite profes\u00f6rleriyle birlikte \u00e7al\u0131\u015f\u0131yor ve deneyimli ilkokul ve ortaokul \u00f6\u011fretmenlerini e\u011fitmek i\u00e7in e\u011fitim ... Read more","og_url":"https:\/\/www.naseprogram.org\/tr\/nase-giris\/","og_site_name":"NASE","article_modified_time":"2025-02-01T17:13:18+00:00","twitter_card":"summary_large_image","twitter_misc":{"Tahmini okuma s\u00fcresi":"1 dakika"},"schema":{"@context":"https:\/\/schema.org","@graph":[{"@type":"WebPage","@id":"https:\/\/www.naseprogram.org\/tr\/nase-giris\/","url":"https:\/\/www.naseprogram.org\/tr\/nase-giris\/","name":"NASE Giri\u015f - NASE","isPartOf":{"@id":"https:\/\/www.naseprogram.org\/tr\/#website"},"datePublished":"2021-12-31T13:45:57+00:00","dateModified":"2025-02-01T17:13:18+00:00","breadcrumb":{"@id":"https:\/\/www.naseprogram.org\/tr\/nase-giris\/#breadcrumb"},"inLanguage":"tr","potentialAction":[{"@type":"ReadAction","target":["https:\/\/www.naseprogram.org\/tr\/nase-giris\/"]}]},{"@type":"BreadcrumbList","@id":"https:\/\/www.naseprogram.org\/tr\/nase-giris\/#breadcrumb","itemListElement":[{"@type":"ListItem","position":1,"name":"Home","item":"https:\/\/www.naseprogram.org\/tr\/"},{"@type":"ListItem","position":2,"name":"NASE Giri\u015f"}]},{"@type":"WebSite","@id":"https:\/\/www.naseprogram.org\/tr\/#website","url":"https:\/\/www.naseprogram.org\/tr\/","name":"NASE","description":"Network for Astronomy School Education","publisher":{"@id":"https:\/\/www.naseprogram.org\/tr\/#organization"},"potentialAction":[{"@type":"SearchAction","target":{"@type":"EntryPoint","urlTemplate":"https:\/\/www.naseprogram.org\/tr\/?s={search_term_string}"},"query-input":{"@type":"PropertyValueSpecification","valueRequired":true,"valueName":"search_term_string"}}],"inLanguage":"tr"},{"@type":"Organization","@id":"https:\/\/www.naseprogram.org\/tr\/#organization","name":"NASE","url":"https:\/\/www.naseprogram.org\/tr\/","logo":{"@type":"ImageObject","inLanguage":"tr","@id":"https:\/\/www.naseprogram.org\/tr\/#\/schema\/logo\/image\/","url":"https:\/\/www.naseprogram.org\/wp-content\/uploads\/sites\/10\/2021\/12\/naselogo.png","contentUrl":"https:\/\/www.naseprogram.org\/wp-content\/uploads\/sites\/10\/2021\/12\/naselogo.png","width":234,"height":91,"caption":"NASE"},"image":{"@id":"https:\/\/www.naseprogram.org\/tr\/#\/schema\/logo\/image\/"}}]}},"uagb_featured_image_src":{"full":false,"thumbnail":false,"medium":false,"medium_large":false,"large":false,"1536x1536":false,"2048x2048":false},"uagb_author_info":{"display_name":"NASE","author_link":"https:\/\/www.naseprogram.org\/tr\/author\/nase1\/"},"uagb_comment_info":0,"uagb_excerpt":"NASE (Astronomi Okulu E\u011fitim A\u011f\u0131), IAU&#8217;nun (Uluslararas\u0131 Astronomi Birli\u011fi) C b\u00f6l\u00fcm\u00fcndeki &#8220;E\u011fitim, Sosyal Yard\u0131m ve Geli\u015fimde Temel Giri\u015fimler&#8221; \u0130\u015flevsel \u00c7al\u0131\u015fma Grubunda yer alan bir \u00c7al\u0131\u015fma Grubudur. NASE&#8217;nin temel amac\u0131 yeni nesil \u00f6\u011fretmenleri e\u011fitmek ve mevcut \u00f6\u011fretmenleri yeniden e\u011fitmektir. Gelece\u011fin \u00f6\u011fretmenlerini yeti\u015ftirmek i\u00e7in \u00fcniversite profes\u00f6rleriyle birlikte \u00e7al\u0131\u015f\u0131yor ve deneyimli ilkokul ve ortaokul \u00f6\u011fretmenlerini e\u011fitmek i\u00e7in e\u011fitim&hellip;","_links":{"self":[{"href":"https:\/\/www.naseprogram.org\/tr\/wp-json\/wp\/v2\/pages\/281345","targetHints":{"allow":["GET"]}}],"collection":[{"href":"https:\/\/www.naseprogram.org\/tr\/wp-json\/wp\/v2\/pages"}],"about":[{"href":"https:\/\/www.naseprogram.org\/tr\/wp-json\/wp\/v2\/types\/page"}],"author":[{"embeddable":true,"href":"https:\/\/www.naseprogram.org\/tr\/wp-json\/wp\/v2\/users\/15"}],"replies":[{"embeddable":true,"href":"https:\/\/www.naseprogram.org\/tr\/wp-json\/wp\/v2\/comments?post=281345"}],"version-history":[{"count":5,"href":"https:\/\/www.naseprogram.org\/tr\/wp-json\/wp\/v2\/pages\/281345\/revisions"}],"predecessor-version":[{"id":539382,"href":"https:\/\/www.naseprogram.org\/tr\/wp-json\/wp\/v2\/pages\/281345\/revisions\/539382"}],"wp:attachment":[{"href":"https:\/\/www.naseprogram.org\/tr\/wp-json\/wp\/v2\/media?parent=281345"}],"curies":[{"name":"wp","href":"https:\/\/api.w.org\/{rel}","templated":true}]}}