{"id":284382,"date":"2021-12-31T10:46:09","date_gmt":"2021-12-31T13:46:09","guid":{"rendered":"https:\/\/naseprogram.wp-ms.ahuekna.org.ar\/?page_id=284382"},"modified":"2025-02-09T09:49:13","modified_gmt":"2025-02-09T12:49:13","slug":"biz-kimiz","status":"publish","type":"page","link":"https:\/\/www.naseprogram.org\/tr\/biz-kimiz\/","title":{"rendered":"Biz Kimiz"},"content":{"rendered":"\n<div class=\"wp-block-columns is-layout-flex wp-container-core-columns-is-layout-9d6595d7 wp-block-columns-is-layout-flex\">\n<div class=\"wp-block-column is-layout-flow wp-block-column-is-layout-flow\">\n<p><strong>Ba\u015fkan:<\/strong><br>Rosa M. Ros<br>(\u0130spanya)<\/p>\n<\/div>\n\n\n\n<div class=\"wp-block-column is-layout-flow wp-block-column-is-layout-flow\">\n<p><strong>Ba\u015fkan Yard\u0131mc\u0131s\u0131:<\/strong><br>Beatriz Garc\u00eda<br>(Arjantin)<\/p>\n<\/div>\n<\/div>\n","protected":false},"excerpt":{"rendered":"<p>Ba\u015fkan:Rosa M. Ros(\u0130spanya) Ba\u015fkan Yard\u0131mc\u0131s\u0131:Beatriz Garc\u00eda(Arjantin)<\/p>\n","protected":false},"author":15,"featured_media":0,"parent":0,"menu_order":0,"comment_status":"closed","ping_status":"closed","template":"","meta":{"_uag_custom_page_level_css":"","_coblocks_attr":"","_coblocks_dimensions":"","_coblocks_responsive_height":"","_coblocks_accordion_ie_support":"","footnotes":""},"class_list":["post-284382","page","type-page","status-publish"],"acf":[],"yoast_head":"<!-- This site is optimized with the Yoast SEO plugin v27.3 - https:\/\/yoast.com\/product\/yoast-seo-wordpress\/ -->\n<title>Biz Kimiz - NASE<\/title>\n<meta name=\"robots\" content=\"index, follow, max-snippet:-1, max-image-preview:large, max-video-preview:-1\" \/>\n<link rel=\"canonical\" href=\"https:\/\/www.naseprogram.org\/tr\/biz-kimiz\/\" \/>\n<meta property=\"og:locale\" content=\"tr_TR\" \/>\n<meta property=\"og:type\" content=\"article\" \/>\n<meta property=\"og:title\" content=\"Biz Kimiz - NASE\" \/>\n<meta property=\"og:description\" content=\"Ba\u015fkan:Rosa M. Ros(\u0130spanya) Ba\u015fkan Yard\u0131mc\u0131s\u0131:Beatriz Garc\u00eda(Arjantin)\" \/>\n<meta property=\"og:url\" content=\"https:\/\/www.naseprogram.org\/tr\/biz-kimiz\/\" \/>\n<meta property=\"og:site_name\" content=\"NASE\" \/>\n<meta property=\"article:modified_time\" content=\"2025-02-09T12:49:13+00:00\" \/>\n<meta name=\"twitter:card\" content=\"summary_large_image\" \/>\n<meta name=\"twitter:label1\" content=\"Tahmini okuma s\u00fcresi\" \/>\n\t<meta name=\"twitter:data1\" content=\"1 dakika\" \/>\n<script type=\"application\/ld+json\" class=\"yoast-schema-graph\">{\"@context\":\"https:\\\/\\\/schema.org\",\"@graph\":[{\"@type\":\"WebPage\",\"@id\":\"https:\\\/\\\/www.naseprogram.org\\\/tr\\\/biz-kimiz\\\/\",\"url\":\"https:\\\/\\\/www.naseprogram.org\\\/tr\\\/biz-kimiz\\\/\",\"name\":\"Biz Kimiz - NASE\",\"isPartOf\":{\"@id\":\"https:\\\/\\\/www.naseprogram.org\\\/tr\\\/#website\"},\"datePublished\":\"2021-12-31T13:46:09+00:00\",\"dateModified\":\"2025-02-09T12:49:13+00:00\",\"breadcrumb\":{\"@id\":\"https:\\\/\\\/www.naseprogram.org\\\/tr\\\/biz-kimiz\\\/#breadcrumb\"},\"inLanguage\":\"tr\",\"potentialAction\":[{\"@type\":\"ReadAction\",\"target\":[\"https:\\\/\\\/www.naseprogram.org\\\/tr\\\/biz-kimiz\\\/\"]}]},{\"@type\":\"BreadcrumbList\",\"@id\":\"https:\\\/\\\/www.naseprogram.org\\\/tr\\\/biz-kimiz\\\/#breadcrumb\",\"itemListElement\":[{\"@type\":\"ListItem\",\"position\":1,\"name\":\"Home\",\"item\":\"https:\\\/\\\/www.naseprogram.org\\\/tr\\\/\"},{\"@type\":\"ListItem\",\"position\":2,\"name\":\"Biz Kimiz\"}]},{\"@type\":\"WebSite\",\"@id\":\"https:\\\/\\\/www.naseprogram.org\\\/tr\\\/#website\",\"url\":\"https:\\\/\\\/www.naseprogram.org\\\/tr\\\/\",\"name\":\"NASE\",\"description\":\"Network for Astronomy School Education\",\"publisher\":{\"@id\":\"https:\\\/\\\/www.naseprogram.org\\\/tr\\\/#organization\"},\"potentialAction\":[{\"@type\":\"SearchAction\",\"target\":{\"@type\":\"EntryPoint\",\"urlTemplate\":\"https:\\\/\\\/www.naseprogram.org\\\/tr\\\/?s={search_term_string}\"},\"query-input\":{\"@type\":\"PropertyValueSpecification\",\"valueRequired\":true,\"valueName\":\"search_term_string\"}}],\"inLanguage\":\"tr\"},{\"@type\":\"Organization\",\"@id\":\"https:\\\/\\\/www.naseprogram.org\\\/tr\\\/#organization\",\"name\":\"NASE\",\"url\":\"https:\\\/\\\/www.naseprogram.org\\\/tr\\\/\",\"logo\":{\"@type\":\"ImageObject\",\"inLanguage\":\"tr\",\"@id\":\"https:\\\/\\\/www.naseprogram.org\\\/tr\\\/#\\\/schema\\\/logo\\\/image\\\/\",\"url\":\"https:\\\/\\\/www.naseprogram.org\\\/wp-content\\\/uploads\\\/sites\\\/10\\\/2021\\\/12\\\/naselogo.png\",\"contentUrl\":\"https:\\\/\\\/www.naseprogram.org\\\/wp-content\\\/uploads\\\/sites\\\/10\\\/2021\\\/12\\\/naselogo.png\",\"width\":234,\"height\":91,\"caption\":\"NASE\"},\"image\":{\"@id\":\"https:\\\/\\\/www.naseprogram.org\\\/tr\\\/#\\\/schema\\\/logo\\\/image\\\/\"}}]}<\/script>\n<!-- \/ Yoast SEO plugin. -->","yoast_head_json":{"title":"Biz Kimiz - NASE","robots":{"index":"index","follow":"follow","max-snippet":"max-snippet:-1","max-image-preview":"max-image-preview:large","max-video-preview":"max-video-preview:-1"},"canonical":"https:\/\/www.naseprogram.org\/tr\/biz-kimiz\/","og_locale":"tr_TR","og_type":"article","og_title":"Biz Kimiz - NASE","og_description":"Ba\u015fkan:Rosa M. Ros(\u0130spanya) Ba\u015fkan Yard\u0131mc\u0131s\u0131:Beatriz Garc\u00eda(Arjantin)","og_url":"https:\/\/www.naseprogram.org\/tr\/biz-kimiz\/","og_site_name":"NASE","article_modified_time":"2025-02-09T12:49:13+00:00","twitter_card":"summary_large_image","twitter_misc":{"Tahmini okuma s\u00fcresi":"1 dakika"},"schema":{"@context":"https:\/\/schema.org","@graph":[{"@type":"WebPage","@id":"https:\/\/www.naseprogram.org\/tr\/biz-kimiz\/","url":"https:\/\/www.naseprogram.org\/tr\/biz-kimiz\/","name":"Biz Kimiz - NASE","isPartOf":{"@id":"https:\/\/www.naseprogram.org\/tr\/#website"},"datePublished":"2021-12-31T13:46:09+00:00","dateModified":"2025-02-09T12:49:13+00:00","breadcrumb":{"@id":"https:\/\/www.naseprogram.org\/tr\/biz-kimiz\/#breadcrumb"},"inLanguage":"tr","potentialAction":[{"@type":"ReadAction","target":["https:\/\/www.naseprogram.org\/tr\/biz-kimiz\/"]}]},{"@type":"BreadcrumbList","@id":"https:\/\/www.naseprogram.org\/tr\/biz-kimiz\/#breadcrumb","itemListElement":[{"@type":"ListItem","position":1,"name":"Home","item":"https:\/\/www.naseprogram.org\/tr\/"},{"@type":"ListItem","position":2,"name":"Biz Kimiz"}]},{"@type":"WebSite","@id":"https:\/\/www.naseprogram.org\/tr\/#website","url":"https:\/\/www.naseprogram.org\/tr\/","name":"NASE","description":"Network for Astronomy School Education","publisher":{"@id":"https:\/\/www.naseprogram.org\/tr\/#organization"},"potentialAction":[{"@type":"SearchAction","target":{"@type":"EntryPoint","urlTemplate":"https:\/\/www.naseprogram.org\/tr\/?s={search_term_string}"},"query-input":{"@type":"PropertyValueSpecification","valueRequired":true,"valueName":"search_term_string"}}],"inLanguage":"tr"},{"@type":"Organization","@id":"https:\/\/www.naseprogram.org\/tr\/#organization","name":"NASE","url":"https:\/\/www.naseprogram.org\/tr\/","logo":{"@type":"ImageObject","inLanguage":"tr","@id":"https:\/\/www.naseprogram.org\/tr\/#\/schema\/logo\/image\/","url":"https:\/\/www.naseprogram.org\/wp-content\/uploads\/sites\/10\/2021\/12\/naselogo.png","contentUrl":"https:\/\/www.naseprogram.org\/wp-content\/uploads\/sites\/10\/2021\/12\/naselogo.png","width":234,"height":91,"caption":"NASE"},"image":{"@id":"https:\/\/www.naseprogram.org\/tr\/#\/schema\/logo\/image\/"}}]}},"uagb_featured_image_src":{"full":false,"thumbnail":false,"medium":false,"medium_large":false,"large":false,"1536x1536":false,"2048x2048":false},"uagb_author_info":{"display_name":"NASE","author_link":"https:\/\/www.naseprogram.org\/tr\/author\/nase1\/"},"uagb_comment_info":0,"uagb_excerpt":"Ba\u015fkan:Rosa M. Ros(\u0130spanya) Ba\u015fkan Yard\u0131mc\u0131s\u0131:Beatriz Garc\u00eda(Arjantin)","_links":{"self":[{"href":"https:\/\/www.naseprogram.org\/tr\/wp-json\/wp\/v2\/pages\/284382","targetHints":{"allow":["GET"]}}],"collection":[{"href":"https:\/\/www.naseprogram.org\/tr\/wp-json\/wp\/v2\/pages"}],"about":[{"href":"https:\/\/www.naseprogram.org\/tr\/wp-json\/wp\/v2\/types\/page"}],"author":[{"embeddable":true,"href":"https:\/\/www.naseprogram.org\/tr\/wp-json\/wp\/v2\/users\/15"}],"replies":[{"embeddable":true,"href":"https:\/\/www.naseprogram.org\/tr\/wp-json\/wp\/v2\/comments?post=284382"}],"version-history":[{"count":9,"href":"https:\/\/www.naseprogram.org\/tr\/wp-json\/wp\/v2\/pages\/284382\/revisions"}],"predecessor-version":[{"id":539800,"href":"https:\/\/www.naseprogram.org\/tr\/wp-json\/wp\/v2\/pages\/284382\/revisions\/539800"}],"wp:attachment":[{"href":"https:\/\/www.naseprogram.org\/tr\/wp-json\/wp\/v2\/media?parent=284382"}],"curies":[{"name":"wp","href":"https:\/\/api.w.org\/{rel}","templated":true}]}}