{"id":287138,"date":"2022-01-05T19:08:35","date_gmt":"2022-01-05T22:08:35","guid":{"rendered":"https:\/\/naseprogram.wp-ms.ahuekna.org.ar\/?page_id=287138"},"modified":"2022-10-20T05:40:22","modified_gmt":"2022-10-20T08:40:22","slug":"international-day-of-light-herschel-experiment-completed","status":"publish","type":"page","link":"https:\/\/www.naseprogram.org\/tr\/iau-unesco-projects\/international-day-of-light-herschel-experiment-completed\/","title":{"rendered":"Uluslararas\u0131 I\u015f\u0131k G\u00fcn\u00fc 2018"},"content":{"rendered":"\n<p>Bu efemerisi anmak i\u00e7in NASE t\u00fcm kat\u0131l\u0131mc\u0131lar\u0131na ve e\u011fitmenlerine Herschel deneyimini ger\u00e7ekle\u015ftirmelerini \u00f6nermektedir. I\u015f\u0131k g\u00fcn\u00fc 16 May\u0131s olmas\u0131na ra\u011fmen, t\u00fcm kat\u0131l\u0131mc\u0131lara o g\u00fcn olmasa da y\u0131l boyunca yapmalar\u0131 \u00f6nerilmektedir, \u00e7\u00fcnk\u00fc bilindi\u011fi gibi 16 May\u0131s baz\u0131 \u00fclkelerde ya\u011fmur mevsimine denk gelmektedir Bu nedenle di\u011fer \u00f6\u011fretmenler ve \u00f6\u011frencilerle 2018&#8217;in herhangi bir g\u00fcn\u00fc yap\u0131labilir. Deneyime haz\u0131rlanmak i\u00e7in okuman\u0131z gereken tan\u0131t\u0131m materyalinde yer alan tablodaki verileri ve baz\u0131 referans foto\u011fraflar\u0131n\u0131 bize g\u00f6ndermenizi rica ediyoruz. \u0130yi \u015fanslar ve bunu yapmak i\u00e7in g\u00fcne\u015fli bir g\u00fcn ge\u00e7irin.<\/p>\n\n\n\n<div class=\"wp-block-uagb-tabs uagb-block-1c8eb415 uagb-tabs__wrap uagb-tabs__hstyle1-desktop uagb-tabs__vstyle6-tablet uagb-tabs__vstyle6-mobile\" data-tab-active=\"0\"><ul class=\"uagb-tabs__panel uagb-tabs__align-left\"><li class=\"uagb-tab uagb-tabs__active\"><a href=\"#uagb-tabs__tab0\" class=\"uagb-tabs-list uagb-tabs__icon-position-left\" data-tab=\"0\">Introductory material<\/a><\/li><li class=\"uagb-tab \"><a href=\"#uagb-tabs__tab1\" class=\"uagb-tabs-list uagb-tabs__icon-position-left\" data-tab=\"1\">Material to send<\/a><\/li><li class=\"uagb-tab \"><a href=\"#uagb-tabs__tab2\" class=\"uagb-tabs-list uagb-tabs__icon-position-left\" data-tab=\"2\">Experiments<\/a><\/li><li class=\"uagb-tab \"><a href=\"#uagb-tabs__tab3\" class=\"uagb-tabs-list uagb-tabs__icon-position-left\" data-tab=\"3\"> <\/a><\/li><li class=\"uagb-tab \"><a href=\"#uagb-tabs__tab4\" class=\"uagb-tabs-list uagb-tabs__icon-position-left\" data-tab=\"4\">Summary<\/a><\/li><\/ul><div class=\"uagb-tabs__body-wrap\">\n<div class=\"wp-block-uagb-tabs-child uagb-tabs__body-container uagb-inner-tab-0 uagb-tabs__inner-tab\" aria-labelledby=\"uagb-tabs__tab0\">\n<p>Introductory material that you have to read before performing the experience.<\/p>\n\n\n\n<div data-wp-interactive=\"core\/file\" class=\"wp-block-file\"><object aria-label=\"PDF g\u00f6mme\" data-wp-bind--hidden=\"!state.hasPdfPreview\" hidden><\/object><a id=\"wp-block-file--media-df9a100c-0125-4e07-bab8-258c7db30ca6\" href=\"https:\/\/www.naseprogram.org\/wp-content\/uploads\/sites\/10\/2022\/06\/herscheling.pdf\">herscheling<\/a><a href=\"https:\/\/www.naseprogram.org\/wp-content\/uploads\/sites\/10\/2022\/06\/herscheling.pdf\" class=\"wp-block-file__button\" download aria-describedby=\"wp-block-file--media-df9a100c-0125-4e07-bab8-258c7db30ca6\">PDF<\/a><\/div>\n<\/div>\n\n\n\n<div class=\"wp-block-uagb-tabs-child uagb-tabs__body-container uagb-inner-tab-1 uagb-tabs__inner-tab\" aria-labelledby=\"uagb-tabs__tab1\">\n<p>Material to send the participants in the project to rosamariaros27@gmial.com or beatrizgarciautn@gmail.com <\/p>\n\n\n\n<div data-wp-interactive=\"core\/file\" class=\"wp-block-file\"><object aria-label=\"PDF g\u00f6mme\" data-wp-bind--hidden=\"!state.hasPdfPreview\" hidden><\/object><a id=\"wp-block-file--media-ea45cb52-e4f6-4425-9b3b-73db298c3d38\" href=\"https:\/\/www.naseprogram.org\/wp-content\/uploads\/sites\/10\/2022\/06\/experimentodeherschelingparaenviar.pdf\">experimentodeherschelingparaenviar<\/a><a href=\"https:\/\/www.naseprogram.org\/wp-content\/uploads\/sites\/10\/2022\/06\/experimentodeherschelingparaenviar.pdf\" class=\"wp-block-file__button\" download aria-describedby=\"wp-block-file--media-ea45cb52-e4f6-4425-9b3b-73db298c3d38\">PDF<\/a><\/div>\n<\/div>\n\n\n\n<div class=\"wp-block-uagb-tabs-child uagb-tabs__body-container uagb-inner-tab-2 uagb-tabs__inner-tab uagb-inner-tab-3\" aria-labelledby=\"uagb-tabs__tab2\">\n<p>America<\/p>\n\n\n\n<ul class=\"wp-block-list\"><li><a href=\"https:\/\/issuu.com\/nase.networkastronomyschooledu\/docs\/126-panama_mayo_2018\" target=\"_blank\" rel=\"noreferrer noopener\">Experiment 1<\/a><\/li><li><a href=\"https:\/\/issuu.com\/nase.networkastronomyschooledu\/docs\/127-panama_mayo_2018\" target=\"_blank\" rel=\"noreferrer noopener\">Experiment 2<\/a><\/li><li><a href=\"https:\/\/issuu.com\/nase.networkastronomyschooledu\/docs\/128-panama_mayo_2018\" target=\"_blank\" rel=\"noreferrer noopener\">Experiment 3<\/a><\/li><li><a href=\"https:\/\/issuu.com\/nase.networkastronomyschooledu\/docs\/129-panama_mayo_2018\" target=\"_blank\" rel=\"noreferrer noopener\">Experiment 4<\/a><\/li><li><a href=\"https:\/\/issuu.com\/nase.networkastronomyschooledu\/docs\/130-panama_mayo_2018\" target=\"_blank\" rel=\"noreferrer noopener\">Experiment 5<\/a><\/li><li><a href=\"https:\/\/issuu.com\/nase.networkastronomyschooledu\/docs\/131-panama_mayo_2018\" target=\"_blank\" rel=\"noreferrer noopener\">Experiment 6<\/a><\/li><li><a href=\"https:\/\/issuu.com\/nase.networkastronomyschooledu\/docs\/132-panama_mayo_2018\" target=\"_blank\" rel=\"noreferrer noopener\">Experiment 7<\/a><\/li><li><a href=\"https:\/\/issuu.com\/nase.networkastronomyschooledu\/docs\/133-panama_mayo_2018\" target=\"_blank\" rel=\"noreferrer noopener\">Experiment 8<\/a><\/li><li><a href=\"https:\/\/issuu.com\/nase.networkastronomyschooledu\/docs\/134-panama_mayo_2018\" target=\"_blank\" rel=\"noreferrer noopener\">Experiment 9<\/a><\/li><li><a href=\"https:\/\/issuu.com\/nase.networkastronomyschooledu\/docs\/146-argentina_mayo_2018\" target=\"_blank\" rel=\"noreferrer noopener\">Experiment 10<\/a><\/li><li><a href=\"https:\/\/issuu.com\/nase.networkastronomyschooledu\/docs\/147-ecuador_mayo_2018\" target=\"_blank\" rel=\"noreferrer noopener\">Experiment 11<\/a><\/li><li><a href=\"https:\/\/issuu.com\/nase.networkastronomyschooledu\/docs\/148-colombia_mayo_2018\" target=\"_blank\" rel=\"noreferrer noopener\">Experiment 12<\/a><\/li><li><a href=\"https:\/\/issuu.com\/nase.networkastronomyschooledu\/docs\/153-guatemala_mayo_2018\" target=\"_blank\" rel=\"noreferrer noopener\">Experiment 13<\/a><\/li><li><a href=\"https:\/\/issuu.com\/nase.networkastronomyschooledu\/docs\/154-guatemala_mayo_2018\" target=\"_blank\" rel=\"noreferrer noopener\">Experiment 14<\/a><\/li><li><a href=\"https:\/\/issuu.com\/nase.networkastronomyschooledu\/docs\/155-chile_junio_2018\" target=\"_blank\" rel=\"noreferrer noopener\">Experiment 15<\/a><\/li><li><a href=\"https:\/\/issuu.com\/nase.networkastronomyschooledu\/docs\/167-ecuador_mayo_2018\" target=\"_blank\" rel=\"noreferrer noopener\">Experiment 16<\/a><\/li><li><a href=\"https:\/\/issuu.com\/nase.networkastronomyschooledu\/docs\/168-brasil_mayo_2018\" target=\"_blank\" rel=\"noreferrer noopener\">Experiment 17<\/a><\/li><li><a href=\"https:\/\/issuu.com\/nase.networkastronomyschooledu\/docs\/169-brasil_mayo_2018\" target=\"_blank\" rel=\"noreferrer noopener\">Experiment 18<\/a><\/li><li><a href=\"https:\/\/issuu.com\/nase.networkastronomyschooledu\/docs\/146-argentina_mayo_2018\" target=\"_blank\" rel=\"noreferrer noopener\">Experiment 19<\/a><\/li><li><a href=\"https:\/\/issuu.com\/nase.networkastronomyschooledu\/docs\/171-panama_abril_2018\" target=\"_blank\" rel=\"noreferrer noopener\">Experiment 20<\/a><\/li><li><a href=\"https:\/\/issuu.com\/nase.networkastronomyschooledu\/docs\/173-argentina_mayo_2018\" target=\"_blank\" rel=\"noreferrer noopener\">Experiment 21<\/a><\/li><li><a href=\"https:\/\/issuu.com\/nase.networkastronomyschooledu\/docs\/174-argentina_mayo_2018\" target=\"_blank\" rel=\"noreferrer noopener\">Experiment 22<\/a><\/li><li><a href=\"https:\/\/issuu.com\/nase.networkastronomyschooledu\/docs\/175-uruguay_junio_2018\" target=\"_blank\" rel=\"noreferrer noopener\">Experiment 23<\/a><\/li><li><a href=\"https:\/\/issuu.com\/nase.networkastronomyschooledu\/docs\/176-colombia_mayo_2018\" target=\"_blank\" rel=\"noreferrer noopener\">Experiment 24<\/a><\/li><li><a href=\"https:\/\/issuu.com\/nase.networkastronomyschooledu\/docs\/177-uruguay_junio_2018\" target=\"_blank\" rel=\"noreferrer noopener\">Experiment 25<\/a><\/li><li><a href=\"https:\/\/issuu.com\/nase.networkastronomyschooledu\/docs\/178-paraguay_mayo_2018\" target=\"_blank\" rel=\"noreferrer noopener\">Experiment 26<\/a><\/li><\/ul>\n\n\n\n<p>Asia<\/p>\n\n\n\n<ul class=\"wp-block-list\"><li><a href=\"https:\/\/issuu.com\/nase.networkastronomyschooledu\/docs\/135-indonesia_may_2018\" target=\"_blank\" rel=\"noreferrer noopener\">Experiment 1<\/a><\/li><li><a href=\"https:\/\/issuu.com\/nase.networkastronomyschooledu\/docs\/136-indonesia_may_2018\" target=\"_blank\" rel=\"noreferrer noopener\">Experiment 2<\/a><\/li><li><a href=\"https:\/\/issuu.com\/nase.networkastronomyschooledu\/docs\/137-indonesia_may_2018\" target=\"_blank\" rel=\"noreferrer noopener\">Experiment 3<\/a><\/li><li><a href=\"https:\/\/issuu.com\/nase.networkastronomyschooledu\/docs\/138-indonesia_may_2018\" target=\"_blank\" rel=\"noreferrer noopener\">Experiment 4<\/a><\/li><li><a href=\"https:\/\/issuu.com\/nase.networkastronomyschooledu\/docs\/139-indonesia_may_2018\" target=\"_blank\" rel=\"noreferrer noopener\">Experiment 5<\/a><\/li><li><a href=\"https:\/\/issuu.com\/nase.networkastronomyschooledu\/docs\/140-indonesia_may_2018\" target=\"_blank\" rel=\"noreferrer noopener\">Experiment 6<\/a><\/li><li><a href=\"https:\/\/issuu.com\/nase.networkastronomyschooledu\/docs\/141-indonesia_may_2018\" target=\"_blank\" rel=\"noreferrer noopener\">Experiment 7<\/a><\/li><li><a href=\"https:\/\/issuu.com\/nase.networkastronomyschooledu\/docs\/142-indonesia_may_2018\" target=\"_blank\" rel=\"noreferrer noopener\">Experiment 8<\/a><\/li><li><a href=\"https:\/\/issuu.com\/nase.networkastronomyschooledu\/docs\/143-indonesia_may_2018\" target=\"_blank\" rel=\"noreferrer noopener\">Experiment 9<\/a><\/li><li><a href=\"https:\/\/issuu.com\/nase.networkastronomyschooledu\/docs\/144-indonesia_may_2018\" target=\"_blank\" rel=\"noreferrer noopener\">Experiment 10<\/a><\/li><li><a href=\"https:\/\/issuu.com\/nase.networkastronomyschooledu\/docs\/150-indonesia_june_2018\" target=\"_blank\" rel=\"noreferrer noopener\">Experiment 11<\/a><\/li><li><a href=\"https:\/\/issuu.com\/nase.networkastronomyschooledu\/docs\/156-indonesia_mayo_2018\" target=\"_blank\" rel=\"noreferrer noopener\">Experiment 12<\/a><\/li><\/ul>\n\n\n\n<p>Europe<\/p>\n\n\n\n<ul class=\"wp-block-list\"><li><a href=\"https:\/\/issuu.com\/nase.networkastronomyschooledu\/docs\/145-espa_a-mayo_2018\" target=\"_blank\" rel=\"noreferrer noopener\">Experiment 1<\/a><\/li><li><a href=\"https:\/\/issuu.com\/nase.networkastronomyschooledu\/docs\/149-rumania_may_2018\" target=\"_blank\" rel=\"noreferrer noopener\">Experiment 2<\/a><\/li><li><a href=\"https:\/\/issuu.com\/nase.networkastronomyschooledu\/docs\/151-espa_a_mayo_2018\" target=\"_blank\" rel=\"noreferrer noopener\">Experiment 3<\/a><\/li><li><a href=\"https:\/\/issuu.com\/nase.networkastronomyschooledu\/docs\/152-espa_a_mayo_2018\" target=\"_blank\" rel=\"noreferrer noopener\">Experiment 4<\/a><\/li><li><a href=\"https:\/\/issuu.com\/nase.networkastronomyschooledu\/docs\/158-espa_a_mayo_2018\" target=\"_blank\" rel=\"noreferrer noopener\">Experiment 5<\/a><\/li><li><a href=\"https:\/\/issuu.com\/nase.networkastronomyschooledu\/docs\/159-espa_a_mayo_2018\" target=\"_blank\" rel=\"noreferrer noopener\">Experiment 6<\/a><\/li><li><a href=\"https:\/\/issuu.com\/nase.networkastronomyschooledu\/docs\/160-espa_a_mayo_2018\" target=\"_blank\" rel=\"noreferrer noopener\">Experiment 7<\/a><\/li><li><a href=\"https:\/\/issuu.com\/nase.networkastronomyschooledu\/docs\/161-espa_a_mayo_2018\" target=\"_blank\" rel=\"noreferrer noopener\">Experiment 8<\/a><\/li><li><a href=\"https:\/\/issuu.com\/nase.networkastronomyschooledu\/docs\/162-espa_a_mayo_2018\" target=\"_blank\" rel=\"noreferrer noopener\">Experiment 9<\/a><\/li><li><a href=\"https:\/\/issuu.com\/nase.networkastronomyschooledu\/docs\/163-espa_a_mayo_2018\" target=\"_blank\" rel=\"noreferrer noopener\">Experiment 10<\/a><\/li><li><a href=\"https:\/\/issuu.com\/nase.networkastronomyschooledu\/docs\/164-espa_a_mayo_2018\" target=\"_blank\" rel=\"noreferrer noopener\">Experiment 11<\/a><\/li><li><a href=\"https:\/\/issuu.com\/nase.networkastronomyschooledu\/docs\/165-espa_a_mayo_2018\" target=\"_blank\" rel=\"noreferrer noopener\">Experiment 12<\/a><\/li><li><a href=\"https:\/\/issuu.com\/nase.networkastronomyschooledu\/docs\/166-espa_a_junio_2018\" target=\"_blank\" rel=\"noreferrer noopener\">Experiment 13<\/a><\/li><li><a href=\"https:\/\/issuu.com\/nase.networkastronomyschooledu\/docs\/170-rumania_mayo_2018\" target=\"_blank\" rel=\"noreferrer noopener\">Experiment 14<\/a><\/li><\/ul>\n\n\n\n<p>Africa<\/p>\n\n\n\n<ul class=\"wp-block-list\"><li><a href=\"https:\/\/issuu.com\/nase.networkastronomyschooledu\/docs\/157-tunisie_mayo_2018\" target=\"_blank\" rel=\"noreferrer noopener\">Experiment 1<\/a><\/li><li><a href=\"https:\/\/issuu.com\/nase.networkastronomyschooledu\/docs\/172-tunisie_mayo_2018\" target=\"_blank\" rel=\"noreferrer noopener\">Experiment 2<\/a><\/li><\/ul>\n<\/div>\n\n\n\n<div class=\"wp-block-uagb-tabs-child uagb-tabs__body-container uagb-inner-tab-3\" aria-labelledby=\"uagb-tabs__tab3\">\n<p> <\/p>\n<\/div>\n\n\n\n<div class=\"wp-block-uagb-tabs-child uagb-tabs__body-container uagb-inner-tab-4 uagb-tabs__inner-tab\" aria-labelledby=\"uagb-tabs__tab4\">\n<div data-wp-interactive=\"core\/file\" class=\"wp-block-file\"><object aria-label=\"PDF g\u00f6mme\" data-wp-bind--hidden=\"!state.hasPdfPreview\" hidden><\/object><a id=\"wp-block-file--media-80ed829c-ac41-472a-bb7c-f0c320f2c097\" href=\"https:\/\/www.naseprogram.org\/wp-content\/uploads\/sites\/10\/2022\/06\/summary.pdf\">summary<\/a><a href=\"https:\/\/www.naseprogram.org\/wp-content\/uploads\/sites\/10\/2022\/06\/summary.pdf\" class=\"wp-block-file__button\" download aria-describedby=\"wp-block-file--media-80ed829c-ac41-472a-bb7c-f0c320f2c097\">PDF<\/a><\/div>\n<\/div>\n<\/div><\/div>\n","protected":false},"excerpt":{"rendered":"<p>Bu efemerisi anmak i\u00e7in NASE t\u00fcm kat\u0131l\u0131mc\u0131lar\u0131na ve e\u011fitmenlerine Herschel deneyimini ger\u00e7ekle\u015ftirmelerini \u00f6nermektedir. I\u015f\u0131k g\u00fcn\u00fc 16 May\u0131s olmas\u0131na ra\u011fmen, t\u00fcm kat\u0131l\u0131mc\u0131lara o g\u00fcn olmasa da y\u0131l boyunca yapmalar\u0131 \u00f6nerilmektedir, \u00e7\u00fcnk\u00fc bilindi\u011fi gibi 16 May\u0131s baz\u0131 \u00fclkelerde ya\u011fmur mevsimine denk gelmektedir Bu nedenle di\u011fer \u00f6\u011fretmenler ve \u00f6\u011frencilerle 2018&#8217;in herhangi bir g\u00fcn\u00fc yap\u0131labilir. Deneyime haz\u0131rlanmak i\u00e7in okuman\u0131z &#8230; <a title=\"Uluslararas\u0131 I\u015f\u0131k G\u00fcn\u00fc 2018\" class=\"read-more\" href=\"https:\/\/www.naseprogram.org\/tr\/iau-unesco-projects\/international-day-of-light-herschel-experiment-completed\/\" aria-label=\"More on Uluslararas\u0131 I\u015f\u0131k G\u00fcn\u00fc 2018\">Read more<\/a><\/p>\n","protected":false},"author":12,"featured_media":0,"parent":298114,"menu_order":0,"comment_status":"closed","ping_status":"closed","template":"","meta":{"_uag_custom_page_level_css":"","_coblocks_attr":"","_coblocks_dimensions":"","_coblocks_responsive_height":"","_coblocks_accordion_ie_support":"","footnotes":""},"class_list":["post-287138","page","type-page","status-publish"],"acf":[],"yoast_head":"<!-- This site is optimized with the Yoast SEO plugin v27.3 - https:\/\/yoast.com\/product\/yoast-seo-wordpress\/ -->\n<title>Uluslararas\u0131 I\u015f\u0131k G\u00fcn\u00fc 2018 - NASE<\/title>\n<meta name=\"robots\" content=\"index, follow, max-snippet:-1, max-image-preview:large, max-video-preview:-1\" \/>\n<link rel=\"canonical\" href=\"https:\/\/www.naseprogram.org\/tr\/iau-unesco-projects\/international-day-of-light-herschel-experiment-completed\/\" \/>\n<meta property=\"og:locale\" content=\"tr_TR\" \/>\n<meta property=\"og:type\" content=\"article\" \/>\n<meta property=\"og:title\" content=\"Uluslararas\u0131 I\u015f\u0131k G\u00fcn\u00fc 2018 - NASE\" \/>\n<meta property=\"og:description\" content=\"Bu efemerisi anmak i\u00e7in NASE t\u00fcm kat\u0131l\u0131mc\u0131lar\u0131na ve e\u011fitmenlerine Herschel deneyimini ger\u00e7ekle\u015ftirmelerini \u00f6nermektedir. I\u015f\u0131k g\u00fcn\u00fc 16 May\u0131s olmas\u0131na ra\u011fmen, t\u00fcm kat\u0131l\u0131mc\u0131lara o g\u00fcn olmasa da y\u0131l boyunca yapmalar\u0131 \u00f6nerilmektedir, \u00e7\u00fcnk\u00fc bilindi\u011fi gibi 16 May\u0131s baz\u0131 \u00fclkelerde ya\u011fmur mevsimine denk gelmektedir Bu nedenle di\u011fer \u00f6\u011fretmenler ve \u00f6\u011frencilerle 2018&#8217;in herhangi bir g\u00fcn\u00fc yap\u0131labilir. Deneyime haz\u0131rlanmak i\u00e7in okuman\u0131z ... Read more\" \/>\n<meta property=\"og:url\" content=\"https:\/\/www.naseprogram.org\/tr\/iau-unesco-projects\/international-day-of-light-herschel-experiment-completed\/\" \/>\n<meta property=\"og:site_name\" content=\"NASE\" \/>\n<meta property=\"article:modified_time\" content=\"2022-10-20T08:40:22+00:00\" \/>\n<meta name=\"twitter:card\" content=\"summary_large_image\" \/>\n<meta name=\"twitter:label1\" content=\"Tahmini okuma s\u00fcresi\" \/>\n\t<meta name=\"twitter:data1\" content=\"2 dakika\" \/>\n<script type=\"application\/ld+json\" class=\"yoast-schema-graph\">{\"@context\":\"https:\\\/\\\/schema.org\",\"@graph\":[{\"@type\":\"WebPage\",\"@id\":\"https:\\\/\\\/www.naseprogram.org\\\/tr\\\/iau-unesco-projects\\\/international-day-of-light-herschel-experiment-completed\\\/\",\"url\":\"https:\\\/\\\/www.naseprogram.org\\\/tr\\\/iau-unesco-projects\\\/international-day-of-light-herschel-experiment-completed\\\/\",\"name\":\"Uluslararas\u0131 I\u015f\u0131k G\u00fcn\u00fc 2018 - NASE\",\"isPartOf\":{\"@id\":\"https:\\\/\\\/www.naseprogram.org\\\/tr\\\/#website\"},\"datePublished\":\"2022-01-05T22:08:35+00:00\",\"dateModified\":\"2022-10-20T08:40:22+00:00\",\"breadcrumb\":{\"@id\":\"https:\\\/\\\/www.naseprogram.org\\\/tr\\\/iau-unesco-projects\\\/international-day-of-light-herschel-experiment-completed\\\/#breadcrumb\"},\"inLanguage\":\"tr\",\"potentialAction\":[{\"@type\":\"ReadAction\",\"target\":[\"https:\\\/\\\/www.naseprogram.org\\\/tr\\\/iau-unesco-projects\\\/international-day-of-light-herschel-experiment-completed\\\/\"]}]},{\"@type\":\"BreadcrumbList\",\"@id\":\"https:\\\/\\\/www.naseprogram.org\\\/tr\\\/iau-unesco-projects\\\/international-day-of-light-herschel-experiment-completed\\\/#breadcrumb\",\"itemListElement\":[{\"@type\":\"ListItem\",\"position\":1,\"name\":\"Home\",\"item\":\"https:\\\/\\\/www.naseprogram.org\\\/tr\\\/\"},{\"@type\":\"ListItem\",\"position\":2,\"name\":\"IAU\\\/UNESCO Projeleri\",\"item\":\"https:\\\/\\\/www.naseprogram.org\\\/tr\\\/iau-unesco-projects\\\/\"},{\"@type\":\"ListItem\",\"position\":3,\"name\":\"Uluslararas\u0131 I\u015f\u0131k G\u00fcn\u00fc 2018\"}]},{\"@type\":\"WebSite\",\"@id\":\"https:\\\/\\\/www.naseprogram.org\\\/tr\\\/#website\",\"url\":\"https:\\\/\\\/www.naseprogram.org\\\/tr\\\/\",\"name\":\"NASE\",\"description\":\"Network for Astronomy School Education\",\"publisher\":{\"@id\":\"https:\\\/\\\/www.naseprogram.org\\\/tr\\\/#organization\"},\"potentialAction\":[{\"@type\":\"SearchAction\",\"target\":{\"@type\":\"EntryPoint\",\"urlTemplate\":\"https:\\\/\\\/www.naseprogram.org\\\/tr\\\/?s={search_term_string}\"},\"query-input\":{\"@type\":\"PropertyValueSpecification\",\"valueRequired\":true,\"valueName\":\"search_term_string\"}}],\"inLanguage\":\"tr\"},{\"@type\":\"Organization\",\"@id\":\"https:\\\/\\\/www.naseprogram.org\\\/tr\\\/#organization\",\"name\":\"NASE\",\"url\":\"https:\\\/\\\/www.naseprogram.org\\\/tr\\\/\",\"logo\":{\"@type\":\"ImageObject\",\"inLanguage\":\"tr\",\"@id\":\"https:\\\/\\\/www.naseprogram.org\\\/tr\\\/#\\\/schema\\\/logo\\\/image\\\/\",\"url\":\"https:\\\/\\\/www.naseprogram.org\\\/wp-content\\\/uploads\\\/sites\\\/10\\\/2021\\\/12\\\/naselogo.png\",\"contentUrl\":\"https:\\\/\\\/www.naseprogram.org\\\/wp-content\\\/uploads\\\/sites\\\/10\\\/2021\\\/12\\\/naselogo.png\",\"width\":234,\"height\":91,\"caption\":\"NASE\"},\"image\":{\"@id\":\"https:\\\/\\\/www.naseprogram.org\\\/tr\\\/#\\\/schema\\\/logo\\\/image\\\/\"}}]}<\/script>\n<!-- \/ Yoast SEO plugin. -->","yoast_head_json":{"title":"Uluslararas\u0131 I\u015f\u0131k G\u00fcn\u00fc 2018 - NASE","robots":{"index":"index","follow":"follow","max-snippet":"max-snippet:-1","max-image-preview":"max-image-preview:large","max-video-preview":"max-video-preview:-1"},"canonical":"https:\/\/www.naseprogram.org\/tr\/iau-unesco-projects\/international-day-of-light-herschel-experiment-completed\/","og_locale":"tr_TR","og_type":"article","og_title":"Uluslararas\u0131 I\u015f\u0131k G\u00fcn\u00fc 2018 - NASE","og_description":"Bu efemerisi anmak i\u00e7in NASE t\u00fcm kat\u0131l\u0131mc\u0131lar\u0131na ve e\u011fitmenlerine Herschel deneyimini ger\u00e7ekle\u015ftirmelerini \u00f6nermektedir. I\u015f\u0131k g\u00fcn\u00fc 16 May\u0131s olmas\u0131na ra\u011fmen, t\u00fcm kat\u0131l\u0131mc\u0131lara o g\u00fcn olmasa da y\u0131l boyunca yapmalar\u0131 \u00f6nerilmektedir, \u00e7\u00fcnk\u00fc bilindi\u011fi gibi 16 May\u0131s baz\u0131 \u00fclkelerde ya\u011fmur mevsimine denk gelmektedir Bu nedenle di\u011fer \u00f6\u011fretmenler ve \u00f6\u011frencilerle 2018&#8217;in herhangi bir g\u00fcn\u00fc yap\u0131labilir. Deneyime haz\u0131rlanmak i\u00e7in okuman\u0131z ... Read more","og_url":"https:\/\/www.naseprogram.org\/tr\/iau-unesco-projects\/international-day-of-light-herschel-experiment-completed\/","og_site_name":"NASE","article_modified_time":"2022-10-20T08:40:22+00:00","twitter_card":"summary_large_image","twitter_misc":{"Tahmini okuma s\u00fcresi":"2 dakika"},"schema":{"@context":"https:\/\/schema.org","@graph":[{"@type":"WebPage","@id":"https:\/\/www.naseprogram.org\/tr\/iau-unesco-projects\/international-day-of-light-herschel-experiment-completed\/","url":"https:\/\/www.naseprogram.org\/tr\/iau-unesco-projects\/international-day-of-light-herschel-experiment-completed\/","name":"Uluslararas\u0131 I\u015f\u0131k G\u00fcn\u00fc 2018 - NASE","isPartOf":{"@id":"https:\/\/www.naseprogram.org\/tr\/#website"},"datePublished":"2022-01-05T22:08:35+00:00","dateModified":"2022-10-20T08:40:22+00:00","breadcrumb":{"@id":"https:\/\/www.naseprogram.org\/tr\/iau-unesco-projects\/international-day-of-light-herschel-experiment-completed\/#breadcrumb"},"inLanguage":"tr","potentialAction":[{"@type":"ReadAction","target":["https:\/\/www.naseprogram.org\/tr\/iau-unesco-projects\/international-day-of-light-herschel-experiment-completed\/"]}]},{"@type":"BreadcrumbList","@id":"https:\/\/www.naseprogram.org\/tr\/iau-unesco-projects\/international-day-of-light-herschel-experiment-completed\/#breadcrumb","itemListElement":[{"@type":"ListItem","position":1,"name":"Home","item":"https:\/\/www.naseprogram.org\/tr\/"},{"@type":"ListItem","position":2,"name":"IAU\/UNESCO Projeleri","item":"https:\/\/www.naseprogram.org\/tr\/iau-unesco-projects\/"},{"@type":"ListItem","position":3,"name":"Uluslararas\u0131 I\u015f\u0131k G\u00fcn\u00fc 2018"}]},{"@type":"WebSite","@id":"https:\/\/www.naseprogram.org\/tr\/#website","url":"https:\/\/www.naseprogram.org\/tr\/","name":"NASE","description":"Network for Astronomy School Education","publisher":{"@id":"https:\/\/www.naseprogram.org\/tr\/#organization"},"potentialAction":[{"@type":"SearchAction","target":{"@type":"EntryPoint","urlTemplate":"https:\/\/www.naseprogram.org\/tr\/?s={search_term_string}"},"query-input":{"@type":"PropertyValueSpecification","valueRequired":true,"valueName":"search_term_string"}}],"inLanguage":"tr"},{"@type":"Organization","@id":"https:\/\/www.naseprogram.org\/tr\/#organization","name":"NASE","url":"https:\/\/www.naseprogram.org\/tr\/","logo":{"@type":"ImageObject","inLanguage":"tr","@id":"https:\/\/www.naseprogram.org\/tr\/#\/schema\/logo\/image\/","url":"https:\/\/www.naseprogram.org\/wp-content\/uploads\/sites\/10\/2021\/12\/naselogo.png","contentUrl":"https:\/\/www.naseprogram.org\/wp-content\/uploads\/sites\/10\/2021\/12\/naselogo.png","width":234,"height":91,"caption":"NASE"},"image":{"@id":"https:\/\/www.naseprogram.org\/tr\/#\/schema\/logo\/image\/"}}]}},"uagb_featured_image_src":{"full":false,"thumbnail":false,"medium":false,"medium_large":false,"large":false,"1536x1536":false,"2048x2048":false},"uagb_author_info":{"display_name":"lifetimemedia","author_link":"https:\/\/www.naseprogram.org\/tr\/author\/lifetimemedia\/"},"uagb_comment_info":0,"uagb_excerpt":"Bu efemerisi anmak i\u00e7in NASE t\u00fcm kat\u0131l\u0131mc\u0131lar\u0131na ve e\u011fitmenlerine Herschel deneyimini ger\u00e7ekle\u015ftirmelerini \u00f6nermektedir. I\u015f\u0131k g\u00fcn\u00fc 16 May\u0131s olmas\u0131na ra\u011fmen, t\u00fcm kat\u0131l\u0131mc\u0131lara o g\u00fcn olmasa da y\u0131l boyunca yapmalar\u0131 \u00f6nerilmektedir, \u00e7\u00fcnk\u00fc bilindi\u011fi gibi 16 May\u0131s baz\u0131 \u00fclkelerde ya\u011fmur mevsimine denk gelmektedir Bu nedenle di\u011fer \u00f6\u011fretmenler ve \u00f6\u011frencilerle 2018&#8217;in herhangi bir g\u00fcn\u00fc yap\u0131labilir. Deneyime haz\u0131rlanmak i\u00e7in okuman\u0131z&hellip;","_links":{"self":[{"href":"https:\/\/www.naseprogram.org\/tr\/wp-json\/wp\/v2\/pages\/287138","targetHints":{"allow":["GET"]}}],"collection":[{"href":"https:\/\/www.naseprogram.org\/tr\/wp-json\/wp\/v2\/pages"}],"about":[{"href":"https:\/\/www.naseprogram.org\/tr\/wp-json\/wp\/v2\/types\/page"}],"author":[{"embeddable":true,"href":"https:\/\/www.naseprogram.org\/tr\/wp-json\/wp\/v2\/users\/12"}],"replies":[{"embeddable":true,"href":"https:\/\/www.naseprogram.org\/tr\/wp-json\/wp\/v2\/comments?post=287138"}],"version-history":[{"count":3,"href":"https:\/\/www.naseprogram.org\/tr\/wp-json\/wp\/v2\/pages\/287138\/revisions"}],"predecessor-version":[{"id":323316,"href":"https:\/\/www.naseprogram.org\/tr\/wp-json\/wp\/v2\/pages\/287138\/revisions\/323316"}],"up":[{"embeddable":true,"href":"https:\/\/www.naseprogram.org\/tr\/wp-json\/wp\/v2\/pages\/298114"}],"wp:attachment":[{"href":"https:\/\/www.naseprogram.org\/tr\/wp-json\/wp\/v2\/media?parent=287138"}],"curies":[{"name":"wp","href":"https:\/\/api.w.org\/{rel}","templated":true}]}}