{"id":287776,"date":"2021-12-31T10:51:13","date_gmt":"2021-12-31T13:51:13","guid":{"rendered":"https:\/\/naseprogram.wp-ms.ahuekna.org.ar\/?page_id=287776"},"modified":"2024-05-06T17:32:58","modified_gmt":"2024-05-06T20:32:58","slug":"amac-calisma-plani","status":"publish","type":"page","link":"https:\/\/www.naseprogram.org\/tr\/amac-calisma-plani\/","title":{"rendered":"Ama\u00e7 + \u00c7al\u0131\u015fma plan\u0131"},"content":{"rendered":"\n<p><strong>AMA\u00c7<\/strong><\/p>\n\n\n\n<p>NASE&#8217;nin \u00fccretsiz kurslar\u0131n\u0131n temel amac\u0131, astronomi e\u011fitimi veren \u00f6\u011fretmenlerin (ilk, orta ve \u00fcniversite) \u00f6\u011fretimini te\u015fvik etmek ve modeller ve fenomen g\u00f6zlemi yoluyla disiplinin \u00f6\u011fretilmesini \/ aktif \u00f6\u011frenilmesini te\u015fvik etmektir.<\/p>\n\n\n\n<p><strong>GEREKLI\u0307LI\u0307KLER VE\/VEYA MESLEKI\u0307 DENEYI\u0307M<\/strong><\/p>\n\n\n\n<p>\u0130lkokul \u00f6\u011fretmenleri, herhangi bir alandaki ortaokul \u00f6\u011fretmenleri, y\u00fcksek\u00f6\u011fretim \u00f6\u011fretmenleri (fen bilgisi \u00f6\u011fretmenleri) ve benzer \u00fcniversite temel d\u00f6ng\u00fcs\u00fc kariyerleri, ileri \u00f6\u011fretmenlik kurslar\u0131 \u00f6\u011frencileri.<\/p>\n\n\n\n<p>Astronomi hakk\u0131nda \u00f6nceden bilgi sahibi olmak gerekli de\u011fildir.<\/p>\n\n\n\n<p><strong>FORMAT<\/strong> (T\u00fcm kurslar y\u00fcz y\u00fcze, \u00e7evrimi\u00e7i veya hibrit olarak verilebilir)<\/p>\n\n\n\n<p>Genel Astronomi, Astrofizik, Astrobiyoloji ve Astro-k\u00fclt\u00fcr kursu, temel kavramlar \u00fczerine 4 g\u00fcnl\u00fck derslerden olu\u015fur ve g\u00f6zlemler ile astronomik bir ziyareti i\u00e7erir. y una Astron. Visitn\u00f3mica. Kurs 4 ders, 10 at\u00f6lye \u00e7al\u0131\u015fmas\u0131 ve 2 \u00e7al\u0131\u015fma grubu i\u00e7ermektedir.<\/p>\n\n\n\n<div class=\"wp-block-columns is-layout-flex wp-container-core-columns-is-layout-9d6595d7 wp-block-columns-is-layout-flex\">\n<div class=\"wp-block-column is-layout-flow wp-block-column-is-layout-flow\">\n<ul class=\"wp-block-list\">\n<li>  Genel temel kurs<\/li>\n<\/ul>\n<\/div>\n\n\n\n<div class=\"wp-block-column is-layout-flow wp-block-column-is-layout-flow\"><\/div>\n<\/div>\n\n\n\n<p>Daha k\u0131sa kurslar olarak, 2 konferans veya \u00e7al\u0131\u015fma grubu ve 4 at\u00f6lye \u00e7al\u0131\u015fmas\u0131 veya \u00e7al\u0131\u015fma grubu i\u00e7eren d\u00f6rt yeni kurs yap\u0131land\u0131r\u0131lm\u0131\u015ft\u0131r.<\/p>\n\n\n\n<div class=\"wp-block-columns is-layout-flex wp-container-core-columns-is-layout-9d6595d7 wp-block-columns-is-layout-flex\">\n<div class=\"wp-block-column is-layout-flow wp-block-column-is-layout-flow\">\n<ul class=\"wp-block-list\">\n<li>Astronomi Kursu<\/li>\n<\/ul>\n<\/div>\n\n\n\n<div class=\"wp-block-column is-layout-flow wp-block-column-is-layout-flow\"><\/div>\n<\/div>\n\n\n\n<div class=\"wp-block-columns is-layout-flex wp-container-core-columns-is-layout-9d6595d7 wp-block-columns-is-layout-flex\">\n<div class=\"wp-block-column is-layout-flow wp-block-column-is-layout-flow\">\n<ul class=\"wp-block-list\">\n<li>Astrofizik Kursu<\/li>\n<\/ul>\n<\/div>\n\n\n\n<div class=\"wp-block-column is-layout-flow wp-block-column-is-layout-flow\"><\/div>\n<\/div>\n\n\n\n<div class=\"wp-block-columns is-layout-flex wp-container-core-columns-is-layout-9d6595d7 wp-block-columns-is-layout-flex\">\n<div class=\"wp-block-column is-layout-flow wp-block-column-is-layout-flow\">\n<ul class=\"wp-block-list\">\n<li>Astrobiyoloji Kursu<\/li>\n<\/ul>\n<\/div>\n\n\n\n<div class=\"wp-block-column is-layout-flow wp-block-column-is-layout-flow\"><\/div>\n<\/div>\n\n\n\n<div class=\"wp-block-columns is-layout-flex wp-container-core-columns-is-layout-9d6595d7 wp-block-columns-is-layout-flex\">\n<div class=\"wp-block-column is-layout-flow wp-block-column-is-layout-flow\">\n<ul class=\"wp-block-list\">\n<li>Astro-k\u00fclt\u00fcr Kursu<\/li>\n<\/ul>\n<\/div>\n\n\n\n<div class=\"wp-block-column is-layout-flow wp-block-column-is-layout-flow\"><\/div>\n<\/div>\n\n\n\n<p>Bahsedilen d\u00f6rt dersten herhangi birinde, pratik faaliyetler s\u0131n\u0131fta \u00f6zel aletler kullan\u0131lmadan, sadece \u00f6\u011frencilerin yard\u0131m\u0131 ve \u00f6zg\u00fcr yaz\u0131l\u0131mlar\u0131yla \u00f6\u011fretmenlerin kendileri taraf\u0131ndan \u00fcretilen cihazlar kullan\u0131larak ger\u00e7ekle\u015ftirilebilir.<\/p>\n\n\n\n<p>Tart\u0131\u015fmalar i\u00e7in \u00e7al\u0131\u015fma gruplar\u0131 ve poster oturumlar\u0131, kat\u0131l\u0131mc\u0131lar\u0131n astronomi alan\u0131nda neler yapt\u0131klar\u0131n\u0131 g\u00f6stermek i\u00e7in genel olarak d\u00fczenlenmi\u015ftir. Faaliyetleri daha iyi anlamak i\u00e7in l\u00fctfen ayn\u0131 web sayfas\u0131ndaki &#8220;\u00c7al\u0131\u015fma Plan\u0131: kavramlar, i\u00e7erikler ve programlar&#8221; b\u00f6l\u00fcm\u00fcne bak\u0131n\u0131z.<\/p>\n\n\n\n<p>Derslerin temalar\u0131: Y\u0131ld\u0131z evrimi, Kozmoloji, Astronomi Tarihi ve G\u00fcne\u015f Sistemi.<\/p>\n\n\n\n<p>At\u00f6lye \u00e7al\u0131\u015fmalar\u0131n\u0131n temalar\u0131: Yerel ufuk ve G\u00fcne\u015f&#8217;in saatleri, Y\u0131ld\u0131zlar\u0131n hareketi, G\u00fcne\u015f ve Ay, Evreler ve tutulmalar ve Gen\u00e7 astronomdan evrak \u00e7antas\u0131, G\u00fcne\u015f spektrumu ve g\u00fcne\u015f lekeleri, Y\u0131ld\u0131zlar\u0131n ya\u015fam\u0131, G\u00f6r\u00fcnenin \u00f6tesinde astronomi, Evrenin geni\u015flemesi, Gezegenler ve \u00f6tegezegenler ve Astrobiyolojinin unsurlar\u0131.<\/p>\n\n\n\n<p>\u00c7al\u0131\u015fma Gruplar\u0131 i\u00e7in Konular: Haz\u0131rl\u0131k g\u00f6zlemleri ve \u015eehirde Astronomi veya Arkeoastronomi.<\/p>\n\n\n\n<p>\u00c7ok k\u00fc\u00e7\u00fck \u00e7ocuklar\u0131n \u00f6\u011fretmenlerine y\u00f6nelik kurs bir konferans, 4 at\u00f6lye \u00e7al\u0131\u015fmas\u0131 \u015feklinde d\u00fczenlenmi\u015ftir.<br>ve bir \u00e7al\u0131\u015fma grubu.<\/p>\n\n\n\n<ul class=\"wp-block-list\">\n<li>\u00c7ocuk-Astronomi Kursu<\/li>\n<\/ul>\n\n\n\n<p>Kursun felsefesi daha \u00f6nce bahsedilenlerle benzerlik g\u00f6stermektedir. Pratik Etkinlikler basittir ve elde edilmesi \u00e7ok kolay malzemelerle ger\u00e7ekle\u015ftirilir. Tart\u0131\u015f\u0131lacak konular Bir hikaye ile y\u0131ld\u0131z evrimi, g\u00fcne\u015f sisteminin \u00f6n bilgileri, Ay&#8217;\u0131n evreleri, bir k\u00fcre olarak D\u00fcnya ve g\u00f6zlemin temelleri.<\/p>\n\n\n\n<p><strong>DE\u011eERLENDIRME I\u00c7IN KULLANILAN Y\u00d6NTEM VE ARA\u00c7LAR<\/strong><\/p>\n\n\n\n<p>&#8211; Kursun ba\u015f\u0131nda yaz\u0131l\u0131 bir tan\u0131sal de\u011ferlendirme yap\u0131l\u0131r (\u00e7oktan se\u00e7meli). Kurs s\u00fcresince, at\u00f6lye uygulamalar\u0131n\u0131n do\u011frudan g\u00f6zlemlenmesi yoluyla de\u011ferlendirmeler yap\u0131l\u0131r.<\/p>\n\n\n\n<p>&#8211; Kursun son g\u00fcn\u00fcnde, tan\u0131da yap\u0131lan testin ayn\u0131s\u0131ndan olu\u015fan bir final de\u011ferlendirmesi yap\u0131l\u0131r (ayn\u0131 ka\u011f\u0131t, farkl\u0131 renkte cevaplar).<\/p>\n\n\n\n<p>-Kursun sonunda, \u00f6\u011frenci taraf\u0131ndan doldurulmas\u0131 ve de\u011ferlendirmesine teslim edilmesi gereken bir memnuniyet anketi doldurmaya devam eder.<\/p>\n\n\n\n<p>&#8211; Son olarak, birka\u00e7 ay sonra bir etki de\u011ferlendirmesine (veya \u00f6\u011frenme transferinin izlenmesine) ge\u00e7ilir, bu da bir bilgi de\u011ferlendirmesinden (i\u00e7erikle ilgili belirli sorular), NASE materyallerinin kullan\u0131m\u0131ndan (m\u00fcfredat alanlar\u0131nda kullan\u0131ld\u0131ysa, ne s\u0131kl\u0131kta ve derinlikte) olu\u015fur. Bu de\u011ferlendirme, bu kurs i\u00e7in \u00f6zel olarak haz\u0131rlanm\u0131\u015f, internet \u00fczerinden ve \u00e7evrimi\u00e7i olarak cevaplanabilen ve istatistikleri ve etki \u00e7al\u0131\u015fmalar\u0131n\u0131 g\u00fcncel tutman\u0131za olanak tan\u0131yan an\u0131nda sonu\u00e7lar sa\u011flayan bir anketle yap\u0131l\u0131r.<\/p>\n\n\n\n<p><strong>\u00d6\u011eRENCI\u0307LERI\u0307N Y\u00dcK\u00dcML\u00dcL\u00dcKLERI\u0307 VE SORUMLULUKLARI<\/strong><\/p>\n\n\n\n<p>&#8211; Kurs etkinliklerinin en az %80&#8217;ine kat\u0131l\u0131m.<\/p>\n\n\n\n<p>&#8211; Maket, model vb. faaliyetleri ger\u00e7ekle\u015ftirmek i\u00e7in gerekli t\u00fcm malzemelerle kursa kat\u0131l\u0131n. Kursun ba\u015flamas\u0131ndan bir veya iki hafta \u00f6nce, kay\u0131tl\u0131 kat\u0131l\u0131mc\u0131lara e-posta yoluyla gerekli malzeme listesi bildirilecektir.<\/p>\n\n\n\n<p><strong>NASE&#8217;NI\u0307N Y\u00dcK\u00dcML\u00dcL\u00dcKLERI\u0307 VE SORUMLULUKLARI<\/strong><\/p>\n\n\n\n<p>Kurs kat\u0131l\u0131mc\u0131lar i\u00e7in tamamen \u00fccretsizdir. Kursun dikte edilmesiyle ilgili altyap\u0131, lojistik ve di\u011fer unsurlar veya kaynaklar yerel kurulu\u015f taraf\u0131ndan sa\u011flanmaktad\u0131r.<\/p>\n\n\n\n<p>At\u00f6lye \u00e7al\u0131\u015fmalar\u0131n\u0131n geli\u015ftirilmesi i\u00e7in gerekli materyallerle ilgili olarak NASE \u015funlar\u0131 sa\u011flamaktad\u0131r:<\/p>\n\n\n\n<p>&#8211; Kat\u0131l\u0131mc\u0131lar i\u00e7in bozulabilir veya tedarik edilebilir unsurlar\u0131n bir listesi: bunlar yerel organizasyon taraf\u0131ndan sa\u011flan\u0131r. Bu unsurlar\u0131n listesi NASE web sitesinde \u00fclkenin dilinde yay\u0131nlanmaktad\u0131r (NASE web sayfas\u0131ndaki &#8220;Unsurlar listesi&#8221; b\u00f6l\u00fcm\u00fc).<\/p>\n\n\n\n<p>&#8211; At\u00f6lyelerin geli\u015ftirilmesi i\u00e7in fotokopiler, dosya kursu ger\u00e7ekle\u015ftirdikleri yerin enlemine uygun olarak se\u00e7ilecektir. Dosyalar, kursun yap\u0131ld\u0131\u011f\u0131 dilde NASE web sayfas\u0131nda mevcuttur. (Bu materyal kat\u0131l\u0131mc\u0131 \u00f6\u011fretmenlere bas\u0131l\u0131 olarak teslim edilmelidir).<\/p>\n\n\n\n<p>&#8211; Reference Material: Each participant receives by email the conferences and workshops: texts and PowerPoint presentations. All is available on the NASE web page.<\/p>\n\n\n\n<p><strong>E\u011eITIM I\u00c7IN DESTEK<\/strong><\/p>\n\n\n\n<p>&#8211; \u0130lk ve orta dereceli okullardaki \u00f6\u011fretmenler, okuldaki faaliyetleri i\u00e7in faydal\u0131 destekleyici belgeleri NASE web sayfas\u0131ndaki &#8220;Tamamlay\u0131c\u0131 materyal&#8221; b\u00f6l\u00fcm\u00fcnde bulabilirler.<\/p>\n\n\n\n<p>&#8211; Materyaller \u00e7e\u015fitli dillerde haz\u0131rlanm\u0131\u015ft\u0131r.<\/p>\n\n\n\n<p><strong>ILGILI TARAFLARDAN HERHANGI BIRININ MEMNUNIYETSIZLI\u011eI<\/strong><\/p>\n\n\n\n<p>Uyu\u015fmazl\u0131k veya anla\u015fmazl\u0131k durumunda, bu uyu\u015fmazl\u0131\u011f\u0131n \u00e7\u00f6z\u00fcm\u00fcne bir Uygunsuzluk yakla\u015f\u0131m\u0131 ile devam edece\u011fiz, bu da bir Acil \u00c7\u00f6z\u00fcm ve son olarak bir D\u00fczeltici Faaliyet verecektir.<\/p>\n\n\n\n<p><strong>SERT\u0130F\u0130KALAR<\/strong><\/p>\n\n\n\n<p>NASE uluslararas\u0131 kapsamda bir sertifika sa\u011flamaktad\u0131r. Sertifika, e\u011fer gerekliyse dni numaras\u0131yla, Uluslararas\u0131 Astronomi Birli\u011fi IAU&#8217;nun bir \u00e7al\u0131\u015fma grubu olman\u0131n akreditasyonuyla ve her \u00fclkedeki yerel kurumlar\u0131n ve Arjantin Cumhuriyeti durumunda CONICET&#8217;in deste\u011fiyle nominatiftir. Bu sertifika, kurs faaliyetlerinin (en az) %80&#8217;ine kat\u0131lm\u0131\u015f olan \u00f6\u011frencilere verilmektedir.<\/p>\n\n\n\n<p><strong>KATILIMCILAR VE E\u011eITMENLER<\/strong><\/p>\n\n\n\n<p>Kat\u0131l\u0131mc\u0131lar, ev sahibi \u00fclkede ilk ve orta \u00f6\u011fretimde g\u00f6rev yapan 40 ila 50 \u00f6\u011fretmenden olu\u015facakt\u0131r.<\/p>\n\n\n\n<p>E\u011fitmenler NASE \u00fcyeleri ve ev sahibi \u00fclke\/\u015fehirden 6 ila 8 \u00f6\u011fretmenden olu\u015facakt\u0131r.<\/p>\n\n\n\n<div class=\"wp-block-columns is-layout-flex wp-container-core-columns-is-layout-9d6595d7 wp-block-columns-is-layout-flex\">\n<div class=\"wp-block-column is-layout-flow wp-block-column-is-layout-flow\">\n<h2 class=\"gb-headline gb-headline-6d252cf3 gb-headline-text\"><strong>\u00c7al\u0131\u015fma Plan\u0131<\/strong><\/h2>\n<\/div>\n\n\n\n<div class=\"wp-block-column is-layout-flow wp-block-column-is-layout-flow\"><div class=\"gb-button-wrapper gb-button-wrapper-a14dd1fa\">\n\n<a class=\"gb-button gb-button-faad25a3\" href=\"https:\/\/www.naseprogram.org\/wp-content\/uploads\/sites\/10\/2024\/05\/horarioeng.pdf\" target=\"_blank\" rel=\"noopener noreferrer\"><span class=\"gb-button-text\">Download PDF<\/span><span class=\"gb-icon\">    <\/span><\/a>\n\n<\/div><\/div>\n<\/div>\n","protected":false},"excerpt":{"rendered":"<p>AMA\u00c7 NASE&#8217;nin \u00fccretsiz kurslar\u0131n\u0131n temel amac\u0131, astronomi e\u011fitimi veren \u00f6\u011fretmenlerin (ilk, orta ve \u00fcniversite) \u00f6\u011fretimini te\u015fvik etmek ve modeller ve fenomen g\u00f6zlemi yoluyla disiplinin \u00f6\u011fretilmesini \/ aktif \u00f6\u011frenilmesini te\u015fvik etmektir. GEREKLI\u0307LI\u0307KLER VE\/VEYA MESLEKI\u0307 DENEYI\u0307M \u0130lkokul \u00f6\u011fretmenleri, herhangi bir alandaki ortaokul \u00f6\u011fretmenleri, y\u00fcksek\u00f6\u011fretim \u00f6\u011fretmenleri (fen bilgisi \u00f6\u011fretmenleri) ve benzer \u00fcniversite temel d\u00f6ng\u00fcs\u00fc kariyerleri, ileri \u00f6\u011fretmenlik kurslar\u0131 &#8230; <a title=\"Ama\u00e7 + \u00c7al\u0131\u015fma plan\u0131\" class=\"read-more\" href=\"https:\/\/www.naseprogram.org\/tr\/amac-calisma-plani\/\" aria-label=\"More on Ama\u00e7 + \u00c7al\u0131\u015fma plan\u0131\">Read more<\/a><\/p>\n","protected":false},"author":15,"featured_media":0,"parent":0,"menu_order":0,"comment_status":"closed","ping_status":"closed","template":"","meta":{"_uag_custom_page_level_css":"","_coblocks_attr":"","_coblocks_dimensions":"","_coblocks_responsive_height":"","_coblocks_accordion_ie_support":"","footnotes":""},"class_list":["post-287776","page","type-page","status-publish"],"acf":[],"yoast_head":"<!-- This site is optimized with the Yoast SEO plugin v27.5 - https:\/\/yoast.com\/product\/yoast-seo-wordpress\/ -->\n<title>Ama\u00e7 + \u00c7al\u0131\u015fma plan\u0131 - NASE<\/title>\n<meta name=\"robots\" content=\"index, follow, max-snippet:-1, max-image-preview:large, max-video-preview:-1\" \/>\n<link rel=\"canonical\" href=\"https:\/\/www.naseprogram.org\/tr\/amac-calisma-plani\/\" \/>\n<meta property=\"og:locale\" content=\"tr_TR\" \/>\n<meta property=\"og:type\" content=\"article\" \/>\n<meta property=\"og:title\" content=\"Ama\u00e7 + \u00c7al\u0131\u015fma plan\u0131 - NASE\" \/>\n<meta property=\"og:description\" content=\"AMA\u00c7 NASE&#8217;nin \u00fccretsiz kurslar\u0131n\u0131n temel amac\u0131, astronomi e\u011fitimi veren \u00f6\u011fretmenlerin (ilk, orta ve \u00fcniversite) \u00f6\u011fretimini te\u015fvik etmek ve modeller ve fenomen g\u00f6zlemi yoluyla disiplinin \u00f6\u011fretilmesini \/ aktif \u00f6\u011frenilmesini te\u015fvik etmektir. GEREKLI\u0307LI\u0307KLER VE\/VEYA MESLEKI\u0307 DENEYI\u0307M \u0130lkokul \u00f6\u011fretmenleri, herhangi bir alandaki ortaokul \u00f6\u011fretmenleri, y\u00fcksek\u00f6\u011fretim \u00f6\u011fretmenleri (fen bilgisi \u00f6\u011fretmenleri) ve benzer \u00fcniversite temel d\u00f6ng\u00fcs\u00fc kariyerleri, ileri \u00f6\u011fretmenlik kurslar\u0131 ... Read more\" \/>\n<meta property=\"og:url\" content=\"https:\/\/www.naseprogram.org\/tr\/amac-calisma-plani\/\" \/>\n<meta property=\"og:site_name\" content=\"NASE\" \/>\n<meta property=\"article:modified_time\" content=\"2024-05-06T20:32:58+00:00\" \/>\n<meta name=\"twitter:card\" content=\"summary_large_image\" \/>\n<meta name=\"twitter:label1\" content=\"Tahmini okuma s\u00fcresi\" \/>\n\t<meta name=\"twitter:data1\" content=\"4 dakika\" \/>\n<script type=\"application\/ld+json\" class=\"yoast-schema-graph\">{\"@context\":\"https:\\\/\\\/schema.org\",\"@graph\":[{\"@type\":\"WebPage\",\"@id\":\"https:\\\/\\\/www.naseprogram.org\\\/tr\\\/amac-calisma-plani\\\/\",\"url\":\"https:\\\/\\\/www.naseprogram.org\\\/tr\\\/amac-calisma-plani\\\/\",\"name\":\"Ama\u00e7 + \u00c7al\u0131\u015fma plan\u0131 - NASE\",\"isPartOf\":{\"@id\":\"https:\\\/\\\/www.naseprogram.org\\\/tr\\\/#website\"},\"datePublished\":\"2021-12-31T13:51:13+00:00\",\"dateModified\":\"2024-05-06T20:32:58+00:00\",\"breadcrumb\":{\"@id\":\"https:\\\/\\\/www.naseprogram.org\\\/tr\\\/amac-calisma-plani\\\/#breadcrumb\"},\"inLanguage\":\"tr\",\"potentialAction\":[{\"@type\":\"ReadAction\",\"target\":[\"https:\\\/\\\/www.naseprogram.org\\\/tr\\\/amac-calisma-plani\\\/\"]}]},{\"@type\":\"BreadcrumbList\",\"@id\":\"https:\\\/\\\/www.naseprogram.org\\\/tr\\\/amac-calisma-plani\\\/#breadcrumb\",\"itemListElement\":[{\"@type\":\"ListItem\",\"position\":1,\"name\":\"Home\",\"item\":\"https:\\\/\\\/www.naseprogram.org\\\/tr\\\/\"},{\"@type\":\"ListItem\",\"position\":2,\"name\":\"Ama\u00e7 + \u00c7al\u0131\u015fma plan\u0131\"}]},{\"@type\":\"WebSite\",\"@id\":\"https:\\\/\\\/www.naseprogram.org\\\/tr\\\/#website\",\"url\":\"https:\\\/\\\/www.naseprogram.org\\\/tr\\\/\",\"name\":\"NASE\",\"description\":\"Network for Astronomy School Education\",\"publisher\":{\"@id\":\"https:\\\/\\\/www.naseprogram.org\\\/tr\\\/#organization\"},\"potentialAction\":[{\"@type\":\"SearchAction\",\"target\":{\"@type\":\"EntryPoint\",\"urlTemplate\":\"https:\\\/\\\/www.naseprogram.org\\\/tr\\\/?s={search_term_string}\"},\"query-input\":{\"@type\":\"PropertyValueSpecification\",\"valueRequired\":true,\"valueName\":\"search_term_string\"}}],\"inLanguage\":\"tr\"},{\"@type\":\"Organization\",\"@id\":\"https:\\\/\\\/www.naseprogram.org\\\/tr\\\/#organization\",\"name\":\"NASE\",\"url\":\"https:\\\/\\\/www.naseprogram.org\\\/tr\\\/\",\"logo\":{\"@type\":\"ImageObject\",\"inLanguage\":\"tr\",\"@id\":\"https:\\\/\\\/www.naseprogram.org\\\/tr\\\/#\\\/schema\\\/logo\\\/image\\\/\",\"url\":\"https:\\\/\\\/www.naseprogram.org\\\/wp-content\\\/uploads\\\/sites\\\/10\\\/2021\\\/12\\\/naselogo.png\",\"contentUrl\":\"https:\\\/\\\/www.naseprogram.org\\\/wp-content\\\/uploads\\\/sites\\\/10\\\/2021\\\/12\\\/naselogo.png\",\"width\":234,\"height\":91,\"caption\":\"NASE\"},\"image\":{\"@id\":\"https:\\\/\\\/www.naseprogram.org\\\/tr\\\/#\\\/schema\\\/logo\\\/image\\\/\"}}]}<\/script>\n<!-- \/ Yoast SEO plugin. -->","yoast_head_json":{"title":"Ama\u00e7 + \u00c7al\u0131\u015fma plan\u0131 - NASE","robots":{"index":"index","follow":"follow","max-snippet":"max-snippet:-1","max-image-preview":"max-image-preview:large","max-video-preview":"max-video-preview:-1"},"canonical":"https:\/\/www.naseprogram.org\/tr\/amac-calisma-plani\/","og_locale":"tr_TR","og_type":"article","og_title":"Ama\u00e7 + \u00c7al\u0131\u015fma plan\u0131 - NASE","og_description":"AMA\u00c7 NASE&#8217;nin \u00fccretsiz kurslar\u0131n\u0131n temel amac\u0131, astronomi e\u011fitimi veren \u00f6\u011fretmenlerin (ilk, orta ve \u00fcniversite) \u00f6\u011fretimini te\u015fvik etmek ve modeller ve fenomen g\u00f6zlemi yoluyla disiplinin \u00f6\u011fretilmesini \/ aktif \u00f6\u011frenilmesini te\u015fvik etmektir. GEREKLI\u0307LI\u0307KLER VE\/VEYA MESLEKI\u0307 DENEYI\u0307M \u0130lkokul \u00f6\u011fretmenleri, herhangi bir alandaki ortaokul \u00f6\u011fretmenleri, y\u00fcksek\u00f6\u011fretim \u00f6\u011fretmenleri (fen bilgisi \u00f6\u011fretmenleri) ve benzer \u00fcniversite temel d\u00f6ng\u00fcs\u00fc kariyerleri, ileri \u00f6\u011fretmenlik kurslar\u0131 ... Read more","og_url":"https:\/\/www.naseprogram.org\/tr\/amac-calisma-plani\/","og_site_name":"NASE","article_modified_time":"2024-05-06T20:32:58+00:00","twitter_card":"summary_large_image","twitter_misc":{"Tahmini okuma s\u00fcresi":"4 dakika"},"schema":{"@context":"https:\/\/schema.org","@graph":[{"@type":"WebPage","@id":"https:\/\/www.naseprogram.org\/tr\/amac-calisma-plani\/","url":"https:\/\/www.naseprogram.org\/tr\/amac-calisma-plani\/","name":"Ama\u00e7 + \u00c7al\u0131\u015fma plan\u0131 - NASE","isPartOf":{"@id":"https:\/\/www.naseprogram.org\/tr\/#website"},"datePublished":"2021-12-31T13:51:13+00:00","dateModified":"2024-05-06T20:32:58+00:00","breadcrumb":{"@id":"https:\/\/www.naseprogram.org\/tr\/amac-calisma-plani\/#breadcrumb"},"inLanguage":"tr","potentialAction":[{"@type":"ReadAction","target":["https:\/\/www.naseprogram.org\/tr\/amac-calisma-plani\/"]}]},{"@type":"BreadcrumbList","@id":"https:\/\/www.naseprogram.org\/tr\/amac-calisma-plani\/#breadcrumb","itemListElement":[{"@type":"ListItem","position":1,"name":"Home","item":"https:\/\/www.naseprogram.org\/tr\/"},{"@type":"ListItem","position":2,"name":"Ama\u00e7 + \u00c7al\u0131\u015fma plan\u0131"}]},{"@type":"WebSite","@id":"https:\/\/www.naseprogram.org\/tr\/#website","url":"https:\/\/www.naseprogram.org\/tr\/","name":"NASE","description":"Network for Astronomy School Education","publisher":{"@id":"https:\/\/www.naseprogram.org\/tr\/#organization"},"potentialAction":[{"@type":"SearchAction","target":{"@type":"EntryPoint","urlTemplate":"https:\/\/www.naseprogram.org\/tr\/?s={search_term_string}"},"query-input":{"@type":"PropertyValueSpecification","valueRequired":true,"valueName":"search_term_string"}}],"inLanguage":"tr"},{"@type":"Organization","@id":"https:\/\/www.naseprogram.org\/tr\/#organization","name":"NASE","url":"https:\/\/www.naseprogram.org\/tr\/","logo":{"@type":"ImageObject","inLanguage":"tr","@id":"https:\/\/www.naseprogram.org\/tr\/#\/schema\/logo\/image\/","url":"https:\/\/www.naseprogram.org\/wp-content\/uploads\/sites\/10\/2021\/12\/naselogo.png","contentUrl":"https:\/\/www.naseprogram.org\/wp-content\/uploads\/sites\/10\/2021\/12\/naselogo.png","width":234,"height":91,"caption":"NASE"},"image":{"@id":"https:\/\/www.naseprogram.org\/tr\/#\/schema\/logo\/image\/"}}]}},"uagb_featured_image_src":{"full":false,"thumbnail":false,"medium":false,"medium_large":false,"large":false,"1536x1536":false,"2048x2048":false},"uagb_author_info":{"display_name":"NASE","author_link":"https:\/\/www.naseprogram.org\/tr\/author\/nase1\/"},"uagb_comment_info":0,"uagb_excerpt":"AMA\u00c7 NASE&#8217;nin \u00fccretsiz kurslar\u0131n\u0131n temel amac\u0131, astronomi e\u011fitimi veren \u00f6\u011fretmenlerin (ilk, orta ve \u00fcniversite) \u00f6\u011fretimini te\u015fvik etmek ve modeller ve fenomen g\u00f6zlemi yoluyla disiplinin \u00f6\u011fretilmesini \/ aktif \u00f6\u011frenilmesini te\u015fvik etmektir. GEREKLI\u0307LI\u0307KLER VE\/VEYA MESLEKI\u0307 DENEYI\u0307M \u0130lkokul \u00f6\u011fretmenleri, herhangi bir alandaki ortaokul \u00f6\u011fretmenleri, y\u00fcksek\u00f6\u011fretim \u00f6\u011fretmenleri (fen bilgisi \u00f6\u011fretmenleri) ve benzer \u00fcniversite temel d\u00f6ng\u00fcs\u00fc kariyerleri, ileri \u00f6\u011fretmenlik kurslar\u0131&hellip;","_links":{"self":[{"href":"https:\/\/www.naseprogram.org\/tr\/wp-json\/wp\/v2\/pages\/287776","targetHints":{"allow":["GET"]}}],"collection":[{"href":"https:\/\/www.naseprogram.org\/tr\/wp-json\/wp\/v2\/pages"}],"about":[{"href":"https:\/\/www.naseprogram.org\/tr\/wp-json\/wp\/v2\/types\/page"}],"author":[{"embeddable":true,"href":"https:\/\/www.naseprogram.org\/tr\/wp-json\/wp\/v2\/users\/15"}],"replies":[{"embeddable":true,"href":"https:\/\/www.naseprogram.org\/tr\/wp-json\/wp\/v2\/comments?post=287776"}],"version-history":[{"count":3,"href":"https:\/\/www.naseprogram.org\/tr\/wp-json\/wp\/v2\/pages\/287776\/revisions"}],"predecessor-version":[{"id":487439,"href":"https:\/\/www.naseprogram.org\/tr\/wp-json\/wp\/v2\/pages\/287776\/revisions\/487439"}],"wp:attachment":[{"href":"https:\/\/www.naseprogram.org\/tr\/wp-json\/wp\/v2\/media?parent=287776"}],"curies":[{"name":"wp","href":"https:\/\/api.w.org\/{rel}","templated":true}]}}