{"id":288209,"date":"2022-02-06T11:24:33","date_gmt":"2022-02-06T14:24:33","guid":{"rendered":"https:\/\/naseprogram.wp-ms.ahuekna.org.ar\/?page_id=288209"},"modified":"2022-07-27T11:52:08","modified_gmt":"2022-07-27T09:52:08","slug":"tamamlayici-materyal-12-18-yas","status":"publish","type":"page","link":"https:\/\/www.naseprogram.org\/tr\/material-complementario\/tamamlayici-materyal-12-18-yas\/","title":{"rendered":"Tamamlay\u0131c\u0131 materyal: 12-18 ya\u015f"},"content":{"rendered":"\n<p>Activities: <\/p>\n\n\n\n<ul class=\"wp-block-list\"><li><a href=\"http:\/\/sac.csic.es\/astrosecundaria\/complementario\/en\/actividades\/instrumentos\/Instrumentos.php\">Instruments<\/a><\/li><li><a href=\"http:\/\/sac.csic.es\/astrosecundaria\/complementario\/en\/actividades\/modelos\/Modelos.php\">Models<\/a><\/li><li><a href=\"http:\/\/sac.csic.es\/astrosecundaria\/complementario\/en\/actividades\/observacion\/Observacion.php\">Observation<\/a><\/li><li><a href=\"http:\/\/sac.csic.es\/astrosecundaria\/complementario\/en\/actividades\/sistema_solar\/Sistema_solar.php\">Solar System<\/a><\/li><li><a href=\"http:\/\/sac.csic.es\/astrosecundaria\/complementario\/en\/actividades\/tierra_luna\/Tierra_luna.php\">Earth-Moon<\/a><\/li><li><a href=\"http:\/\/sac.csic.es\/astrosecundaria\/complementario\/en\/actividades\/universo\/Universo.php\">Universe<\/a><\/li><\/ul>\n\n\n\n<p>Animations<\/p>\n\n\n\n<p><a href=\"http:\/\/sac.csic.es\/astrosecundaria\/complementario\/en\/galeria_fotografica\/Galeria_fotografica.php\">Photo Gallery<\/a><\/p>\n\n\n\n<p>Stories<\/p>\n\n\n\n<p><a href=\"http:\/\/sac.csic.es\/astrosecundaria\/complementario\/en\/videos\/Videos.php\">Videos<\/a><\/p>\n","protected":false},"excerpt":{"rendered":"<p>Activities: Instruments Models Observation Solar System Earth-Moon Universe Animations Photo Gallery Stories Videos<\/p>\n","protected":false},"author":15,"featured_media":0,"parent":288207,"menu_order":0,"comment_status":"closed","ping_status":"closed","template":"","meta":{"_uag_custom_page_level_css":"","_coblocks_attr":"","_coblocks_dimensions":"","_coblocks_responsive_height":"","_coblocks_accordion_ie_support":"","footnotes":""},"class_list":["post-288209","page","type-page","status-publish"],"acf":[],"yoast_head":"<!-- This site is optimized with the Yoast SEO plugin v27.4 - https:\/\/yoast.com\/product\/yoast-seo-wordpress\/ -->\n<title>Tamamlay\u0131c\u0131 materyal: 12-18 ya\u015f - NASE<\/title>\n<meta name=\"robots\" content=\"index, follow, max-snippet:-1, max-image-preview:large, max-video-preview:-1\" \/>\n<link rel=\"canonical\" href=\"https:\/\/www.naseprogram.org\/tr\/material-complementario\/tamamlayici-materyal-12-18-yas\/\" \/>\n<meta property=\"og:locale\" content=\"tr_TR\" \/>\n<meta property=\"og:type\" content=\"article\" \/>\n<meta property=\"og:title\" content=\"Tamamlay\u0131c\u0131 materyal: 12-18 ya\u015f - NASE\" \/>\n<meta property=\"og:description\" content=\"Activities: Instruments Models Observation Solar System Earth-Moon Universe Animations Photo Gallery Stories Videos\" \/>\n<meta property=\"og:url\" content=\"https:\/\/www.naseprogram.org\/tr\/material-complementario\/tamamlayici-materyal-12-18-yas\/\" \/>\n<meta property=\"og:site_name\" content=\"NASE\" \/>\n<meta property=\"article:modified_time\" content=\"2022-07-27T09:52:08+00:00\" \/>\n<meta name=\"twitter:card\" content=\"summary_large_image\" \/>\n<meta name=\"twitter:label1\" content=\"Tahmini okuma s\u00fcresi\" \/>\n\t<meta name=\"twitter:data1\" content=\"1 dakika\" \/>\n<script type=\"application\/ld+json\" class=\"yoast-schema-graph\">{\"@context\":\"https:\\\/\\\/schema.org\",\"@graph\":[{\"@type\":\"WebPage\",\"@id\":\"https:\\\/\\\/www.naseprogram.org\\\/tr\\\/material-complementario\\\/tamamlayici-materyal-12-18-yas\\\/\",\"url\":\"https:\\\/\\\/www.naseprogram.org\\\/tr\\\/material-complementario\\\/tamamlayici-materyal-12-18-yas\\\/\",\"name\":\"Tamamlay\u0131c\u0131 materyal: 12-18 ya\u015f - NASE\",\"isPartOf\":{\"@id\":\"https:\\\/\\\/www.naseprogram.org\\\/tr\\\/#website\"},\"datePublished\":\"2022-02-06T14:24:33+00:00\",\"dateModified\":\"2022-07-27T09:52:08+00:00\",\"breadcrumb\":{\"@id\":\"https:\\\/\\\/www.naseprogram.org\\\/tr\\\/material-complementario\\\/tamamlayici-materyal-12-18-yas\\\/#breadcrumb\"},\"inLanguage\":\"tr\",\"potentialAction\":[{\"@type\":\"ReadAction\",\"target\":[\"https:\\\/\\\/www.naseprogram.org\\\/tr\\\/material-complementario\\\/tamamlayici-materyal-12-18-yas\\\/\"]}]},{\"@type\":\"BreadcrumbList\",\"@id\":\"https:\\\/\\\/www.naseprogram.org\\\/tr\\\/material-complementario\\\/tamamlayici-materyal-12-18-yas\\\/#breadcrumb\",\"itemListElement\":[{\"@type\":\"ListItem\",\"position\":1,\"name\":\"Home\",\"item\":\"https:\\\/\\\/www.naseprogram.org\\\/tr\\\/\"},{\"@type\":\"ListItem\",\"position\":2,\"name\":\"Tamamlay\u0131c\u0131 materyal\",\"item\":\"https:\\\/\\\/www.naseprogram.org\\\/tr\\\/material-complementario\\\/\"},{\"@type\":\"ListItem\",\"position\":3,\"name\":\"Tamamlay\u0131c\u0131 materyal: 12-18 ya\u015f\"}]},{\"@type\":\"WebSite\",\"@id\":\"https:\\\/\\\/www.naseprogram.org\\\/tr\\\/#website\",\"url\":\"https:\\\/\\\/www.naseprogram.org\\\/tr\\\/\",\"name\":\"NASE\",\"description\":\"Network for Astronomy School Education\",\"publisher\":{\"@id\":\"https:\\\/\\\/www.naseprogram.org\\\/tr\\\/#organization\"},\"potentialAction\":[{\"@type\":\"SearchAction\",\"target\":{\"@type\":\"EntryPoint\",\"urlTemplate\":\"https:\\\/\\\/www.naseprogram.org\\\/tr\\\/?s={search_term_string}\"},\"query-input\":{\"@type\":\"PropertyValueSpecification\",\"valueRequired\":true,\"valueName\":\"search_term_string\"}}],\"inLanguage\":\"tr\"},{\"@type\":\"Organization\",\"@id\":\"https:\\\/\\\/www.naseprogram.org\\\/tr\\\/#organization\",\"name\":\"NASE\",\"url\":\"https:\\\/\\\/www.naseprogram.org\\\/tr\\\/\",\"logo\":{\"@type\":\"ImageObject\",\"inLanguage\":\"tr\",\"@id\":\"https:\\\/\\\/www.naseprogram.org\\\/tr\\\/#\\\/schema\\\/logo\\\/image\\\/\",\"url\":\"https:\\\/\\\/www.naseprogram.org\\\/wp-content\\\/uploads\\\/sites\\\/10\\\/2021\\\/12\\\/naselogo.png\",\"contentUrl\":\"https:\\\/\\\/www.naseprogram.org\\\/wp-content\\\/uploads\\\/sites\\\/10\\\/2021\\\/12\\\/naselogo.png\",\"width\":234,\"height\":91,\"caption\":\"NASE\"},\"image\":{\"@id\":\"https:\\\/\\\/www.naseprogram.org\\\/tr\\\/#\\\/schema\\\/logo\\\/image\\\/\"}}]}<\/script>\n<!-- \/ Yoast SEO plugin. -->","yoast_head_json":{"title":"Tamamlay\u0131c\u0131 materyal: 12-18 ya\u015f - NASE","robots":{"index":"index","follow":"follow","max-snippet":"max-snippet:-1","max-image-preview":"max-image-preview:large","max-video-preview":"max-video-preview:-1"},"canonical":"https:\/\/www.naseprogram.org\/tr\/material-complementario\/tamamlayici-materyal-12-18-yas\/","og_locale":"tr_TR","og_type":"article","og_title":"Tamamlay\u0131c\u0131 materyal: 12-18 ya\u015f - NASE","og_description":"Activities: Instruments Models Observation Solar System Earth-Moon Universe Animations Photo Gallery Stories Videos","og_url":"https:\/\/www.naseprogram.org\/tr\/material-complementario\/tamamlayici-materyal-12-18-yas\/","og_site_name":"NASE","article_modified_time":"2022-07-27T09:52:08+00:00","twitter_card":"summary_large_image","twitter_misc":{"Tahmini okuma s\u00fcresi":"1 dakika"},"schema":{"@context":"https:\/\/schema.org","@graph":[{"@type":"WebPage","@id":"https:\/\/www.naseprogram.org\/tr\/material-complementario\/tamamlayici-materyal-12-18-yas\/","url":"https:\/\/www.naseprogram.org\/tr\/material-complementario\/tamamlayici-materyal-12-18-yas\/","name":"Tamamlay\u0131c\u0131 materyal: 12-18 ya\u015f - NASE","isPartOf":{"@id":"https:\/\/www.naseprogram.org\/tr\/#website"},"datePublished":"2022-02-06T14:24:33+00:00","dateModified":"2022-07-27T09:52:08+00:00","breadcrumb":{"@id":"https:\/\/www.naseprogram.org\/tr\/material-complementario\/tamamlayici-materyal-12-18-yas\/#breadcrumb"},"inLanguage":"tr","potentialAction":[{"@type":"ReadAction","target":["https:\/\/www.naseprogram.org\/tr\/material-complementario\/tamamlayici-materyal-12-18-yas\/"]}]},{"@type":"BreadcrumbList","@id":"https:\/\/www.naseprogram.org\/tr\/material-complementario\/tamamlayici-materyal-12-18-yas\/#breadcrumb","itemListElement":[{"@type":"ListItem","position":1,"name":"Home","item":"https:\/\/www.naseprogram.org\/tr\/"},{"@type":"ListItem","position":2,"name":"Tamamlay\u0131c\u0131 materyal","item":"https:\/\/www.naseprogram.org\/tr\/material-complementario\/"},{"@type":"ListItem","position":3,"name":"Tamamlay\u0131c\u0131 materyal: 12-18 ya\u015f"}]},{"@type":"WebSite","@id":"https:\/\/www.naseprogram.org\/tr\/#website","url":"https:\/\/www.naseprogram.org\/tr\/","name":"NASE","description":"Network for Astronomy School Education","publisher":{"@id":"https:\/\/www.naseprogram.org\/tr\/#organization"},"potentialAction":[{"@type":"SearchAction","target":{"@type":"EntryPoint","urlTemplate":"https:\/\/www.naseprogram.org\/tr\/?s={search_term_string}"},"query-input":{"@type":"PropertyValueSpecification","valueRequired":true,"valueName":"search_term_string"}}],"inLanguage":"tr"},{"@type":"Organization","@id":"https:\/\/www.naseprogram.org\/tr\/#organization","name":"NASE","url":"https:\/\/www.naseprogram.org\/tr\/","logo":{"@type":"ImageObject","inLanguage":"tr","@id":"https:\/\/www.naseprogram.org\/tr\/#\/schema\/logo\/image\/","url":"https:\/\/www.naseprogram.org\/wp-content\/uploads\/sites\/10\/2021\/12\/naselogo.png","contentUrl":"https:\/\/www.naseprogram.org\/wp-content\/uploads\/sites\/10\/2021\/12\/naselogo.png","width":234,"height":91,"caption":"NASE"},"image":{"@id":"https:\/\/www.naseprogram.org\/tr\/#\/schema\/logo\/image\/"}}]}},"uagb_featured_image_src":{"full":false,"thumbnail":false,"medium":false,"medium_large":false,"large":false,"1536x1536":false,"2048x2048":false},"uagb_author_info":{"display_name":"NASE","author_link":"https:\/\/www.naseprogram.org\/tr\/author\/nase1\/"},"uagb_comment_info":0,"uagb_excerpt":"Activities: Instruments Models Observation Solar System Earth-Moon Universe Animations Photo Gallery Stories Videos","_links":{"self":[{"href":"https:\/\/www.naseprogram.org\/tr\/wp-json\/wp\/v2\/pages\/288209","targetHints":{"allow":["GET"]}}],"collection":[{"href":"https:\/\/www.naseprogram.org\/tr\/wp-json\/wp\/v2\/pages"}],"about":[{"href":"https:\/\/www.naseprogram.org\/tr\/wp-json\/wp\/v2\/types\/page"}],"author":[{"embeddable":true,"href":"https:\/\/www.naseprogram.org\/tr\/wp-json\/wp\/v2\/users\/15"}],"replies":[{"embeddable":true,"href":"https:\/\/www.naseprogram.org\/tr\/wp-json\/wp\/v2\/comments?post=288209"}],"version-history":[{"count":1,"href":"https:\/\/www.naseprogram.org\/tr\/wp-json\/wp\/v2\/pages\/288209\/revisions"}],"predecessor-version":[{"id":288210,"href":"https:\/\/www.naseprogram.org\/tr\/wp-json\/wp\/v2\/pages\/288209\/revisions\/288210"}],"up":[{"embeddable":true,"href":"https:\/\/www.naseprogram.org\/tr\/wp-json\/wp\/v2\/pages\/288207"}],"wp:attachment":[{"href":"https:\/\/www.naseprogram.org\/tr\/wp-json\/wp\/v2\/media?parent=288209"}],"curies":[{"name":"wp","href":"https:\/\/api.w.org\/{rel}","templated":true}]}}