{"id":298114,"date":"2021-12-31T10:50:26","date_gmt":"2021-12-31T13:50:26","guid":{"rendered":"https:\/\/naseprogram.wp-ms.ahuekna.org.ar\/iau-unesco-projects\/"},"modified":"2023-04-13T18:17:43","modified_gmt":"2023-04-13T21:17:43","slug":"iau-unesco-projects","status":"publish","type":"page","link":"https:\/\/www.naseprogram.org\/tr\/iau-unesco-projects\/","title":{"rendered":"IAU\/UNESCO Projeleri"},"content":{"rendered":"\n<p>UNESCO taraf\u0131ndan her y\u0131l toplanan Uluslararas\u0131 I\u015f\u0131k G\u00fcn\u00fc&#8217;n\u00fc anmak i\u00e7in NASE, t\u00fcm kat\u0131l\u0131mc\u0131lar\u0131na ve e\u011fitmenlerine basit ama e\u011fitim a\u00e7\u0131s\u0131ndan b\u00fcy\u00fck ilgi uyand\u0131ran bir deneyim ya\u015famalar\u0131n\u0131 \u00f6nerir.<br>I\u015f\u0131k g\u00fcn\u00fc 16 May\u0131s olmas\u0131na ra\u011fmen, t\u00fcm kat\u0131l\u0131mc\u0131lara Mart ekinoksundan Eyl\u00fcl ekinoksuna kadar yar\u0131m y\u0131l boyunca bunu yapmalar\u0131 \u00f6nerilir. 16 May\u0131s ile s\u0131n\u0131rl\u0131 de\u011fil \u00e7\u00fcnk\u00fc bilindi\u011fi gibi bu g\u00fcn baz\u0131 \u00fclkelerde ya\u011f\u0131\u015fl\u0131 mevsime denk geliyor. Bu nedenle ilgilenen \u00f6\u011fretmenler, \u00f6\u011frencileri ile yar\u0131m y\u0131l boyunca ger\u00e7ekle\u015ftirilebilir. Bize baz\u0131 referans foto\u011fraflar\u0131 ve deneyimin geli\u015ftirilmesi s\u0131ras\u0131nda elde edilen g\u00f6zlemlerdeki verileri g\u00f6ndermenizi rica ediyoruz. Deneyime haz\u0131rlanmak i\u00e7in okunacak tan\u0131t\u0131m materyalindeki tablo. \u0130yi \u015fanslar ve bunu yapmak i\u00e7in bulutsuz bir g\u00fcn veya gece ge\u00e7irin.<\/p>\n\n\n\n<p><a href=\"https:\/\/www.lightday.org\/events\" target=\"_blank\" rel=\"noreferrer noopener\">UNESCO web sitesine ba\u011flant\u0131 t\u00fcm \u00e7al\u0131\u015fmalar burada (NASE projesi sonunda, &#8220;d\u00fcnya \u00e7ap\u0131nda&#8221; olarak g\u00f6r\u00fcn\u00fcyor)<\/a><\/p>\n","protected":false},"excerpt":{"rendered":"<p>UNESCO taraf\u0131ndan her y\u0131l toplanan Uluslararas\u0131 I\u015f\u0131k G\u00fcn\u00fc&#8217;n\u00fc anmak i\u00e7in NASE, t\u00fcm kat\u0131l\u0131mc\u0131lar\u0131na ve e\u011fitmenlerine basit ama e\u011fitim a\u00e7\u0131s\u0131ndan b\u00fcy\u00fck ilgi uyand\u0131ran bir deneyim ya\u015famalar\u0131n\u0131 \u00f6nerir.I\u015f\u0131k g\u00fcn\u00fc 16 May\u0131s olmas\u0131na ra\u011fmen, t\u00fcm kat\u0131l\u0131mc\u0131lara Mart ekinoksundan Eyl\u00fcl ekinoksuna kadar yar\u0131m y\u0131l boyunca bunu yapmalar\u0131 \u00f6nerilir. 16 May\u0131s ile s\u0131n\u0131rl\u0131 de\u011fil \u00e7\u00fcnk\u00fc bilindi\u011fi gibi bu g\u00fcn baz\u0131 &#8230; <a title=\"IAU\/UNESCO Projeleri\" class=\"read-more\" href=\"https:\/\/www.naseprogram.org\/tr\/iau-unesco-projects\/\" aria-label=\"More on IAU\/UNESCO Projeleri\">Read more<\/a><\/p>\n","protected":false},"author":12,"featured_media":0,"parent":0,"menu_order":0,"comment_status":"closed","ping_status":"closed","template":"","meta":{"_uag_custom_page_level_css":"","_coblocks_attr":"","_coblocks_dimensions":"","_coblocks_responsive_height":"","_coblocks_accordion_ie_support":"","footnotes":""},"class_list":["post-298114","page","type-page","status-publish"],"acf":[],"yoast_head":"<!-- This site is optimized with the Yoast SEO plugin v27.4 - https:\/\/yoast.com\/product\/yoast-seo-wordpress\/ -->\n<title>IAU\/UNESCO Projeleri - NASE<\/title>\n<meta name=\"robots\" content=\"index, follow, max-snippet:-1, max-image-preview:large, max-video-preview:-1\" \/>\n<link rel=\"canonical\" href=\"https:\/\/www.naseprogram.org\/tr\/iau-unesco-projects\/\" \/>\n<meta property=\"og:locale\" content=\"tr_TR\" \/>\n<meta property=\"og:type\" content=\"article\" \/>\n<meta property=\"og:title\" content=\"IAU\/UNESCO Projeleri - NASE\" \/>\n<meta property=\"og:description\" content=\"UNESCO taraf\u0131ndan her y\u0131l toplanan Uluslararas\u0131 I\u015f\u0131k G\u00fcn\u00fc&#8217;n\u00fc anmak i\u00e7in NASE, t\u00fcm kat\u0131l\u0131mc\u0131lar\u0131na ve e\u011fitmenlerine basit ama e\u011fitim a\u00e7\u0131s\u0131ndan b\u00fcy\u00fck ilgi uyand\u0131ran bir deneyim ya\u015famalar\u0131n\u0131 \u00f6nerir.I\u015f\u0131k g\u00fcn\u00fc 16 May\u0131s olmas\u0131na ra\u011fmen, t\u00fcm kat\u0131l\u0131mc\u0131lara Mart ekinoksundan Eyl\u00fcl ekinoksuna kadar yar\u0131m y\u0131l boyunca bunu yapmalar\u0131 \u00f6nerilir. 16 May\u0131s ile s\u0131n\u0131rl\u0131 de\u011fil \u00e7\u00fcnk\u00fc bilindi\u011fi gibi bu g\u00fcn baz\u0131 ... Read more\" \/>\n<meta property=\"og:url\" content=\"https:\/\/www.naseprogram.org\/tr\/iau-unesco-projects\/\" \/>\n<meta property=\"og:site_name\" content=\"NASE\" \/>\n<meta property=\"article:modified_time\" content=\"2023-04-13T21:17:43+00:00\" \/>\n<meta name=\"twitter:card\" content=\"summary_large_image\" \/>\n<meta name=\"twitter:label1\" content=\"Tahmini okuma s\u00fcresi\" \/>\n\t<meta name=\"twitter:data1\" content=\"1 dakika\" \/>\n<script type=\"application\/ld+json\" class=\"yoast-schema-graph\">{\"@context\":\"https:\\\/\\\/schema.org\",\"@graph\":[{\"@type\":\"WebPage\",\"@id\":\"https:\\\/\\\/www.naseprogram.org\\\/tr\\\/iau-unesco-projects\\\/\",\"url\":\"https:\\\/\\\/www.naseprogram.org\\\/tr\\\/iau-unesco-projects\\\/\",\"name\":\"IAU\\\/UNESCO Projeleri - NASE\",\"isPartOf\":{\"@id\":\"https:\\\/\\\/www.naseprogram.org\\\/tr\\\/#website\"},\"datePublished\":\"2021-12-31T13:50:26+00:00\",\"dateModified\":\"2023-04-13T21:17:43+00:00\",\"breadcrumb\":{\"@id\":\"https:\\\/\\\/www.naseprogram.org\\\/tr\\\/iau-unesco-projects\\\/#breadcrumb\"},\"inLanguage\":\"tr\",\"potentialAction\":[{\"@type\":\"ReadAction\",\"target\":[\"https:\\\/\\\/www.naseprogram.org\\\/tr\\\/iau-unesco-projects\\\/\"]}]},{\"@type\":\"BreadcrumbList\",\"@id\":\"https:\\\/\\\/www.naseprogram.org\\\/tr\\\/iau-unesco-projects\\\/#breadcrumb\",\"itemListElement\":[{\"@type\":\"ListItem\",\"position\":1,\"name\":\"Home\",\"item\":\"https:\\\/\\\/www.naseprogram.org\\\/tr\\\/\"},{\"@type\":\"ListItem\",\"position\":2,\"name\":\"IAU\\\/UNESCO Projeleri\"}]},{\"@type\":\"WebSite\",\"@id\":\"https:\\\/\\\/www.naseprogram.org\\\/tr\\\/#website\",\"url\":\"https:\\\/\\\/www.naseprogram.org\\\/tr\\\/\",\"name\":\"NASE\",\"description\":\"Network for Astronomy School Education\",\"publisher\":{\"@id\":\"https:\\\/\\\/www.naseprogram.org\\\/tr\\\/#organization\"},\"potentialAction\":[{\"@type\":\"SearchAction\",\"target\":{\"@type\":\"EntryPoint\",\"urlTemplate\":\"https:\\\/\\\/www.naseprogram.org\\\/tr\\\/?s={search_term_string}\"},\"query-input\":{\"@type\":\"PropertyValueSpecification\",\"valueRequired\":true,\"valueName\":\"search_term_string\"}}],\"inLanguage\":\"tr\"},{\"@type\":\"Organization\",\"@id\":\"https:\\\/\\\/www.naseprogram.org\\\/tr\\\/#organization\",\"name\":\"NASE\",\"url\":\"https:\\\/\\\/www.naseprogram.org\\\/tr\\\/\",\"logo\":{\"@type\":\"ImageObject\",\"inLanguage\":\"tr\",\"@id\":\"https:\\\/\\\/www.naseprogram.org\\\/tr\\\/#\\\/schema\\\/logo\\\/image\\\/\",\"url\":\"https:\\\/\\\/www.naseprogram.org\\\/wp-content\\\/uploads\\\/sites\\\/10\\\/2021\\\/12\\\/naselogo.png\",\"contentUrl\":\"https:\\\/\\\/www.naseprogram.org\\\/wp-content\\\/uploads\\\/sites\\\/10\\\/2021\\\/12\\\/naselogo.png\",\"width\":234,\"height\":91,\"caption\":\"NASE\"},\"image\":{\"@id\":\"https:\\\/\\\/www.naseprogram.org\\\/tr\\\/#\\\/schema\\\/logo\\\/image\\\/\"}}]}<\/script>\n<!-- \/ Yoast SEO plugin. -->","yoast_head_json":{"title":"IAU\/UNESCO Projeleri - NASE","robots":{"index":"index","follow":"follow","max-snippet":"max-snippet:-1","max-image-preview":"max-image-preview:large","max-video-preview":"max-video-preview:-1"},"canonical":"https:\/\/www.naseprogram.org\/tr\/iau-unesco-projects\/","og_locale":"tr_TR","og_type":"article","og_title":"IAU\/UNESCO Projeleri - NASE","og_description":"UNESCO taraf\u0131ndan her y\u0131l toplanan Uluslararas\u0131 I\u015f\u0131k G\u00fcn\u00fc&#8217;n\u00fc anmak i\u00e7in NASE, t\u00fcm kat\u0131l\u0131mc\u0131lar\u0131na ve e\u011fitmenlerine basit ama e\u011fitim a\u00e7\u0131s\u0131ndan b\u00fcy\u00fck ilgi uyand\u0131ran bir deneyim ya\u015famalar\u0131n\u0131 \u00f6nerir.I\u015f\u0131k g\u00fcn\u00fc 16 May\u0131s olmas\u0131na ra\u011fmen, t\u00fcm kat\u0131l\u0131mc\u0131lara Mart ekinoksundan Eyl\u00fcl ekinoksuna kadar yar\u0131m y\u0131l boyunca bunu yapmalar\u0131 \u00f6nerilir. 16 May\u0131s ile s\u0131n\u0131rl\u0131 de\u011fil \u00e7\u00fcnk\u00fc bilindi\u011fi gibi bu g\u00fcn baz\u0131 ... Read more","og_url":"https:\/\/www.naseprogram.org\/tr\/iau-unesco-projects\/","og_site_name":"NASE","article_modified_time":"2023-04-13T21:17:43+00:00","twitter_card":"summary_large_image","twitter_misc":{"Tahmini okuma s\u00fcresi":"1 dakika"},"schema":{"@context":"https:\/\/schema.org","@graph":[{"@type":"WebPage","@id":"https:\/\/www.naseprogram.org\/tr\/iau-unesco-projects\/","url":"https:\/\/www.naseprogram.org\/tr\/iau-unesco-projects\/","name":"IAU\/UNESCO Projeleri - NASE","isPartOf":{"@id":"https:\/\/www.naseprogram.org\/tr\/#website"},"datePublished":"2021-12-31T13:50:26+00:00","dateModified":"2023-04-13T21:17:43+00:00","breadcrumb":{"@id":"https:\/\/www.naseprogram.org\/tr\/iau-unesco-projects\/#breadcrumb"},"inLanguage":"tr","potentialAction":[{"@type":"ReadAction","target":["https:\/\/www.naseprogram.org\/tr\/iau-unesco-projects\/"]}]},{"@type":"BreadcrumbList","@id":"https:\/\/www.naseprogram.org\/tr\/iau-unesco-projects\/#breadcrumb","itemListElement":[{"@type":"ListItem","position":1,"name":"Home","item":"https:\/\/www.naseprogram.org\/tr\/"},{"@type":"ListItem","position":2,"name":"IAU\/UNESCO Projeleri"}]},{"@type":"WebSite","@id":"https:\/\/www.naseprogram.org\/tr\/#website","url":"https:\/\/www.naseprogram.org\/tr\/","name":"NASE","description":"Network for Astronomy School Education","publisher":{"@id":"https:\/\/www.naseprogram.org\/tr\/#organization"},"potentialAction":[{"@type":"SearchAction","target":{"@type":"EntryPoint","urlTemplate":"https:\/\/www.naseprogram.org\/tr\/?s={search_term_string}"},"query-input":{"@type":"PropertyValueSpecification","valueRequired":true,"valueName":"search_term_string"}}],"inLanguage":"tr"},{"@type":"Organization","@id":"https:\/\/www.naseprogram.org\/tr\/#organization","name":"NASE","url":"https:\/\/www.naseprogram.org\/tr\/","logo":{"@type":"ImageObject","inLanguage":"tr","@id":"https:\/\/www.naseprogram.org\/tr\/#\/schema\/logo\/image\/","url":"https:\/\/www.naseprogram.org\/wp-content\/uploads\/sites\/10\/2021\/12\/naselogo.png","contentUrl":"https:\/\/www.naseprogram.org\/wp-content\/uploads\/sites\/10\/2021\/12\/naselogo.png","width":234,"height":91,"caption":"NASE"},"image":{"@id":"https:\/\/www.naseprogram.org\/tr\/#\/schema\/logo\/image\/"}}]}},"uagb_featured_image_src":{"full":false,"thumbnail":false,"medium":false,"medium_large":false,"large":false,"1536x1536":false,"2048x2048":false},"uagb_author_info":{"display_name":"lifetimemedia","author_link":"https:\/\/www.naseprogram.org\/tr\/author\/lifetimemedia\/"},"uagb_comment_info":0,"uagb_excerpt":"UNESCO taraf\u0131ndan her y\u0131l toplanan Uluslararas\u0131 I\u015f\u0131k G\u00fcn\u00fc&#8217;n\u00fc anmak i\u00e7in NASE, t\u00fcm kat\u0131l\u0131mc\u0131lar\u0131na ve e\u011fitmenlerine basit ama e\u011fitim a\u00e7\u0131s\u0131ndan b\u00fcy\u00fck ilgi uyand\u0131ran bir deneyim ya\u015famalar\u0131n\u0131 \u00f6nerir.I\u015f\u0131k g\u00fcn\u00fc 16 May\u0131s olmas\u0131na ra\u011fmen, t\u00fcm kat\u0131l\u0131mc\u0131lara Mart ekinoksundan Eyl\u00fcl ekinoksuna kadar yar\u0131m y\u0131l boyunca bunu yapmalar\u0131 \u00f6nerilir. 16 May\u0131s ile s\u0131n\u0131rl\u0131 de\u011fil \u00e7\u00fcnk\u00fc bilindi\u011fi gibi bu g\u00fcn baz\u0131&hellip;","_links":{"self":[{"href":"https:\/\/www.naseprogram.org\/tr\/wp-json\/wp\/v2\/pages\/298114","targetHints":{"allow":["GET"]}}],"collection":[{"href":"https:\/\/www.naseprogram.org\/tr\/wp-json\/wp\/v2\/pages"}],"about":[{"href":"https:\/\/www.naseprogram.org\/tr\/wp-json\/wp\/v2\/types\/page"}],"author":[{"embeddable":true,"href":"https:\/\/www.naseprogram.org\/tr\/wp-json\/wp\/v2\/users\/12"}],"replies":[{"embeddable":true,"href":"https:\/\/www.naseprogram.org\/tr\/wp-json\/wp\/v2\/comments?post=298114"}],"version-history":[{"count":2,"href":"https:\/\/www.naseprogram.org\/tr\/wp-json\/wp\/v2\/pages\/298114\/revisions"}],"predecessor-version":[{"id":404335,"href":"https:\/\/www.naseprogram.org\/tr\/wp-json\/wp\/v2\/pages\/298114\/revisions\/404335"}],"wp:attachment":[{"href":"https:\/\/www.naseprogram.org\/tr\/wp-json\/wp\/v2\/media?parent=298114"}],"curies":[{"name":"wp","href":"https:\/\/api.w.org\/{rel}","templated":true}]}}