{"id":303645,"date":"2022-01-05T19:08:35","date_gmt":"2022-01-05T22:08:35","guid":{"rendered":"https:\/\/naseprogram.wp-ms.ahuekna.org.ar\/international-day-of-light-herschel-experiment-completed\/"},"modified":"2022-10-20T05:42:02","modified_gmt":"2022-10-20T08:42:02","slug":"international-day-of-light-herschel-experiment-completed","status":"publish","type":"page","link":"https:\/\/www.naseprogram.org\/vi\/iau-unesco-projects\/international-day-of-light-herschel-experiment-completed\/","title":{"rendered":"\u0110o l\u01b0\u1eddng c\u00e1i v\u00f4 h\u00ecnh"},"content":{"rendered":"\n<p>\u0110\u1ec3 t\u01b0\u1edfng nh\u1edb con thi\u00eau th\u00e2n n\u00e0y, NASE \u0111\u1ec1 xu\u1ea5t t\u1ea5t c\u1ea3 nh\u1eefng ng\u01b0\u1eddi tham gia v\u00e0 ng\u01b0\u1eddi h\u01b0\u1edbng d\u1eabn c\u1ee7a m\u00ecnh th\u1ef1c hi\u1ec7n tr\u1ea3i nghi\u1ec7m Herschel. M\u1eb7c d\u00f9 ng\u00e0y \u00e1nh s\u00e1ng l\u00e0 ng\u00e0y 16 th\u00e1ng 5, n\u00f3 \u0111\u01b0\u1ee3c \u0111\u1ec1 xu\u1ea5t cho t\u1ea5t c\u1ea3 nh\u1eefng ng\u01b0\u1eddi tham gia l\u00e0m \u0111i\u1ec1u \u0111\u00f3 trong su\u1ed1t c\u1ea3 n\u0103m, m\u1eb7c d\u00f9 n\u00f3 kh\u00f4ng ph\u1ea3i l\u00e0 ng\u00e0y \u0111\u00f3 v\u00ec nh\u01b0 m\u1ecdi ng\u01b0\u1eddi bi\u1ebft r\u1eb1ng ng\u00e0y 16 th\u00e1ng 5 r\u01a1i v\u00e0o m\u00f9a m\u01b0a \u1edf m\u1ed9t s\u1ed1 qu\u1ed1c gia. c\u00f3 th\u1ec3 \u0111\u01b0\u1ee3c th\u1ef1c hi\u1ec7n v\u1edbi c\u00e1c gi\u00e1o vi\u00ean v\u00e0 h\u1ecdc sinh kh\u00e1c v\u00e0o b\u1ea5t k\u1ef3 ng\u00e0y n\u00e0o trong n\u0103m 2018. Ch\u00fang t\u00f4i y\u00eau c\u1ea7u b\u1ea1n g\u1eedi cho ch\u00fang t\u00f4i m\u1ed9t s\u1ed1 \u1ea3nh ch\u1ee9ng th\u1ef1c v\u00e0 d\u1eef li\u1ec7u trong b\u1ea3ng xu\u1ea5t hi\u1ec7n trong t\u00e0i li\u1ec7u gi\u1edbi thi\u1ec7u m\u00e0 b\u1ea1n ph\u1ea3i \u0111\u1ecdc \u0111\u1ec3 chu\u1ea9n b\u1ecb tr\u1ea3i nghi\u1ec7m. Ch\u00fac b\u1ea1n may m\u1eafn v\u00e0 c\u00f3 m\u1ed9t ng\u00e0y n\u1eafng \u0111\u1eb9p \u0111\u1ec3 l\u00e0m \u0111\u01b0\u1ee3c \u0111i\u1ec1u \u0111\u00f3.<\/p>\n\n\n\n<div class=\"wp-block-uagb-tabs uagb-block-1863d211 uagb-tabs__wrap uagb-tabs__hstyle1-desktop uagb-tabs__vstyle6-tablet uagb-tabs__vstyle6-mobile\" data-tab-active=\"0\"><ul class=\"uagb-tabs__panel uagb-tabs__align-left\"><li class=\"uagb-tab uagb-tabs__active\"><a href=\"#uagb-tabs__tab0\" class=\"uagb-tabs-list uagb-tabs__icon-position-left\" data-tab=\"0\">V\u1eadt li\u1ec7u gi\u1edbi thi\u1ec7u<\/a><\/li><li class=\"uagb-tab \"><a href=\"#uagb-tabs__tab1\" class=\"uagb-tabs-list uagb-tabs__icon-position-left\" data-tab=\"1\">V\u1eadt li\u1ec7u \u0111\u1ec3 g\u1eedi<\/a><\/li><li class=\"uagb-tab \"><a href=\"#uagb-tabs__tab2\" class=\"uagb-tabs-list uagb-tabs__icon-position-left\" data-tab=\"2\">Th\u00ed nghi\u1ec7m<\/a><\/li><li class=\"uagb-tab \"><a href=\"#uagb-tabs__tab3\" class=\"uagb-tabs-list uagb-tabs__icon-position-left\" data-tab=\"3\"> <\/a><\/li><li class=\"uagb-tab \"><a href=\"#uagb-tabs__tab4\" class=\"uagb-tabs-list uagb-tabs__icon-position-left\" data-tab=\"4\">B\u1ea3n t\u00f3m t\u1eaft<\/a><\/li><\/ul><div class=\"uagb-tabs__body-wrap\">\n<div class=\"wp-block-uagb-tabs-child uagb-tabs__body-container uagb-inner-tab-0 uagb-tabs__inner-tab\" aria-labelledby=\"uagb-tabs__tab0\">\n<p>T\u00e0i li\u1ec7u gi\u1edbi thi\u1ec7u m\u00e0 b\u1ea1n ph\u1ea3i \u0111\u1ecdc tr\u01b0\u1edbc khi th\u1ef1c hi\u1ec7n tr\u1ea3i nghi\u1ec7m.<\/p>\n\n\n\n<div data-wp-interactive=\"core\/file\" class=\"wp-block-file\"><object aria-label=\"PDF embed\" data-wp-bind--hidden=\"!state.hasPdfPreview\" hidden><\/object><a id=\"wp-block-file--media-df9a100c-0125-4e07-bab8-258c7db30ca6\" href=\"https:\/\/www.naseprogram.org\/wp-content\/uploads\/sites\/10\/2022\/06\/herscheling.pdf\">herscheling<\/a><a href=\"https:\/\/www.naseprogram.org\/wp-content\/uploads\/sites\/10\/2022\/06\/herscheling.pdf\" class=\"wp-block-file__button\" download aria-describedby=\"wp-block-file--media-df9a100c-0125-4e07-bab8-258c7db30ca6\">PDF<\/a><\/div>\n<\/div>\n\n\n\n<div class=\"wp-block-uagb-tabs-child uagb-tabs__body-container uagb-inner-tab-1 uagb-tabs__inner-tab\" aria-labelledby=\"uagb-tabs__tab1\">\n<p>T\u00e0i li\u1ec7u \u0111\u1ec3 g\u1eedi cho nh\u1eefng ng\u01b0\u1eddi tham gia d\u1ef1 \u00e1n \u0111\u1ebfn rosamariaros27@gmial.com ho\u1eb7c beatrizgarciautn@gmail.com<\/p>\n\n\n\n<div data-wp-interactive=\"core\/file\" class=\"wp-block-file\"><object aria-label=\"PDF embed\" data-wp-bind--hidden=\"!state.hasPdfPreview\" hidden><\/object><a id=\"wp-block-file--media-ea45cb52-e4f6-4425-9b3b-73db298c3d38\" href=\"https:\/\/www.naseprogram.org\/wp-content\/uploads\/sites\/10\/2022\/06\/experimentodeherschelingparaenviar.pdf\">experimentodeherschelingparaenviar<\/a><a href=\"https:\/\/www.naseprogram.org\/wp-content\/uploads\/sites\/10\/2022\/06\/experimentodeherschelingparaenviar.pdf\" class=\"wp-block-file__button\" download aria-describedby=\"wp-block-file--media-ea45cb52-e4f6-4425-9b3b-73db298c3d38\">PDF<\/a><\/div>\n<\/div>\n\n\n\n<div class=\"wp-block-uagb-tabs-child uagb-tabs__body-container uagb-inner-tab-2 uagb-tabs__inner-tab uagb-inner-tab-3\" aria-labelledby=\"uagb-tabs__tab2\">\n<p>Ch\u00e2u m\u1ef9<\/p>\n\n\n\n<ul class=\"wp-block-list\"><li><a href=\"https:\/\/issuu.com\/nase.networkastronomyschooledu\/docs\/126-panama_mayo_2018\" target=\"_blank\" rel=\"noreferrer noopener\">Experiment 1<\/a><\/li><li><a href=\"https:\/\/issuu.com\/nase.networkastronomyschooledu\/docs\/127-panama_mayo_2018\" target=\"_blank\" rel=\"noreferrer noopener\">Experiment 2<\/a><\/li><li><a href=\"https:\/\/issuu.com\/nase.networkastronomyschooledu\/docs\/128-panama_mayo_2018\" target=\"_blank\" rel=\"noreferrer noopener\">Experiment 3<\/a><\/li><li><a href=\"https:\/\/issuu.com\/nase.networkastronomyschooledu\/docs\/129-panama_mayo_2018\" target=\"_blank\" rel=\"noreferrer noopener\">Experiment 4<\/a><\/li><li><a href=\"https:\/\/issuu.com\/nase.networkastronomyschooledu\/docs\/130-panama_mayo_2018\" target=\"_blank\" rel=\"noreferrer noopener\">Experiment 5<\/a><\/li><li><a href=\"https:\/\/issuu.com\/nase.networkastronomyschooledu\/docs\/131-panama_mayo_2018\" target=\"_blank\" rel=\"noreferrer noopener\">Experiment 6<\/a><\/li><li><a href=\"https:\/\/issuu.com\/nase.networkastronomyschooledu\/docs\/132-panama_mayo_2018\" target=\"_blank\" rel=\"noreferrer noopener\">Experiment 7<\/a><\/li><li><a href=\"https:\/\/issuu.com\/nase.networkastronomyschooledu\/docs\/133-panama_mayo_2018\" target=\"_blank\" rel=\"noreferrer noopener\">Experiment 8<\/a><\/li><li><a href=\"https:\/\/issuu.com\/nase.networkastronomyschooledu\/docs\/134-panama_mayo_2018\" target=\"_blank\" rel=\"noreferrer noopener\">Experiment 9<\/a><\/li><li><a href=\"https:\/\/issuu.com\/nase.networkastronomyschooledu\/docs\/146-argentina_mayo_2018\" target=\"_blank\" rel=\"noreferrer noopener\">Experiment 10<\/a><\/li><li><a href=\"https:\/\/issuu.com\/nase.networkastronomyschooledu\/docs\/147-ecuador_mayo_2018\" target=\"_blank\" rel=\"noreferrer noopener\">Experiment 11<\/a><\/li><li><a href=\"https:\/\/issuu.com\/nase.networkastronomyschooledu\/docs\/148-colombia_mayo_2018\" target=\"_blank\" rel=\"noreferrer noopener\">Experiment 12<\/a><\/li><li><a href=\"https:\/\/issuu.com\/nase.networkastronomyschooledu\/docs\/153-guatemala_mayo_2018\" target=\"_blank\" rel=\"noreferrer noopener\">Experiment 13<\/a><\/li><li><a href=\"https:\/\/issuu.com\/nase.networkastronomyschooledu\/docs\/154-guatemala_mayo_2018\" target=\"_blank\" rel=\"noreferrer noopener\">Experiment 14<\/a><\/li><li><a href=\"https:\/\/issuu.com\/nase.networkastronomyschooledu\/docs\/155-chile_junio_2018\" target=\"_blank\" rel=\"noreferrer noopener\">Experiment 15<\/a><\/li><li><a href=\"https:\/\/issuu.com\/nase.networkastronomyschooledu\/docs\/167-ecuador_mayo_2018\" target=\"_blank\" rel=\"noreferrer noopener\">Experiment 16<\/a><\/li><li><a href=\"https:\/\/issuu.com\/nase.networkastronomyschooledu\/docs\/168-brasil_mayo_2018\" target=\"_blank\" rel=\"noreferrer noopener\">Experiment 17<\/a><\/li><li><a href=\"https:\/\/issuu.com\/nase.networkastronomyschooledu\/docs\/169-brasil_mayo_2018\" target=\"_blank\" rel=\"noreferrer noopener\">Experiment 18<\/a><\/li><li><a href=\"https:\/\/issuu.com\/nase.networkastronomyschooledu\/docs\/146-argentina_mayo_2018\" target=\"_blank\" rel=\"noreferrer noopener\">Experiment 19<\/a><\/li><li><a href=\"https:\/\/issuu.com\/nase.networkastronomyschooledu\/docs\/171-panama_abril_2018\" target=\"_blank\" rel=\"noreferrer noopener\">Experiment 20<\/a><\/li><li><a href=\"https:\/\/issuu.com\/nase.networkastronomyschooledu\/docs\/173-argentina_mayo_2018\" target=\"_blank\" rel=\"noreferrer noopener\">Experiment 21<\/a><\/li><li><a href=\"https:\/\/issuu.com\/nase.networkastronomyschooledu\/docs\/174-argentina_mayo_2018\" target=\"_blank\" rel=\"noreferrer noopener\">Experiment 22<\/a><\/li><li><a href=\"https:\/\/issuu.com\/nase.networkastronomyschooledu\/docs\/175-uruguay_junio_2018\" target=\"_blank\" rel=\"noreferrer noopener\">Experiment 23<\/a><\/li><li><a href=\"https:\/\/issuu.com\/nase.networkastronomyschooledu\/docs\/176-colombia_mayo_2018\" target=\"_blank\" rel=\"noreferrer noopener\">Experiment 24<\/a><\/li><li><a href=\"https:\/\/issuu.com\/nase.networkastronomyschooledu\/docs\/177-uruguay_junio_2018\" target=\"_blank\" rel=\"noreferrer noopener\">Experiment 25<\/a><\/li><li><a href=\"https:\/\/issuu.com\/nase.networkastronomyschooledu\/docs\/178-paraguay_mayo_2018\" target=\"_blank\" rel=\"noreferrer noopener\">Experiment 26<\/a><\/li><\/ul>\n\n\n\n<p>Ch\u00e2u \u00c1<\/p>\n\n\n\n<ul class=\"wp-block-list\"><li><a href=\"https:\/\/issuu.com\/nase.networkastronomyschooledu\/docs\/135-indonesia_may_2018\" target=\"_blank\" rel=\"noreferrer noopener\">Experiment 1<\/a><\/li><li><a href=\"https:\/\/issuu.com\/nase.networkastronomyschooledu\/docs\/136-indonesia_may_2018\" target=\"_blank\" rel=\"noreferrer noopener\">Experiment 2<\/a><\/li><li><a href=\"https:\/\/issuu.com\/nase.networkastronomyschooledu\/docs\/137-indonesia_may_2018\" target=\"_blank\" rel=\"noreferrer noopener\">Experiment 3<\/a><\/li><li><a href=\"https:\/\/issuu.com\/nase.networkastronomyschooledu\/docs\/138-indonesia_may_2018\" target=\"_blank\" rel=\"noreferrer noopener\">Experiment 4<\/a><\/li><li><a href=\"https:\/\/issuu.com\/nase.networkastronomyschooledu\/docs\/139-indonesia_may_2018\" target=\"_blank\" rel=\"noreferrer noopener\">Experiment 5<\/a><\/li><li><a href=\"https:\/\/issuu.com\/nase.networkastronomyschooledu\/docs\/140-indonesia_may_2018\" target=\"_blank\" rel=\"noreferrer noopener\">Experiment 6<\/a><\/li><li><a href=\"https:\/\/issuu.com\/nase.networkastronomyschooledu\/docs\/141-indonesia_may_2018\" target=\"_blank\" rel=\"noreferrer noopener\">Experiment 7<\/a><\/li><li><a href=\"https:\/\/issuu.com\/nase.networkastronomyschooledu\/docs\/142-indonesia_may_2018\" target=\"_blank\" rel=\"noreferrer noopener\">Experiment 8<\/a><\/li><li><a href=\"https:\/\/issuu.com\/nase.networkastronomyschooledu\/docs\/143-indonesia_may_2018\" target=\"_blank\" rel=\"noreferrer noopener\">Experiment 9<\/a><\/li><li><a href=\"https:\/\/issuu.com\/nase.networkastronomyschooledu\/docs\/144-indonesia_may_2018\" target=\"_blank\" rel=\"noreferrer noopener\">Experiment 10<\/a><\/li><li><a href=\"https:\/\/issuu.com\/nase.networkastronomyschooledu\/docs\/150-indonesia_june_2018\" target=\"_blank\" rel=\"noreferrer noopener\">Experiment 11<\/a><\/li><li><a href=\"https:\/\/issuu.com\/nase.networkastronomyschooledu\/docs\/156-indonesia_mayo_2018\" target=\"_blank\" rel=\"noreferrer noopener\">Experiment 12<\/a><\/li><\/ul>\n\n\n\n<p>Ch\u00e2u \u00c2u<\/p>\n\n\n\n<ul class=\"wp-block-list\"><li><a href=\"https:\/\/issuu.com\/nase.networkastronomyschooledu\/docs\/145-espa_a-mayo_2018\" target=\"_blank\" rel=\"noreferrer noopener\">Experiment 1<\/a><\/li><li><a href=\"https:\/\/issuu.com\/nase.networkastronomyschooledu\/docs\/149-rumania_may_2018\" target=\"_blank\" rel=\"noreferrer noopener\">Experiment 2<\/a><\/li><li><a href=\"https:\/\/issuu.com\/nase.networkastronomyschooledu\/docs\/151-espa_a_mayo_2018\" target=\"_blank\" rel=\"noreferrer noopener\">Experiment 3<\/a><\/li><li><a href=\"https:\/\/issuu.com\/nase.networkastronomyschooledu\/docs\/152-espa_a_mayo_2018\" target=\"_blank\" rel=\"noreferrer noopener\">Experiment 4<\/a><\/li><li><a href=\"https:\/\/issuu.com\/nase.networkastronomyschooledu\/docs\/158-espa_a_mayo_2018\" target=\"_blank\" rel=\"noreferrer noopener\">Experiment 5<\/a><\/li><li><a href=\"https:\/\/issuu.com\/nase.networkastronomyschooledu\/docs\/159-espa_a_mayo_2018\" target=\"_blank\" rel=\"noreferrer noopener\">Experiment 6<\/a><\/li><li><a href=\"https:\/\/issuu.com\/nase.networkastronomyschooledu\/docs\/160-espa_a_mayo_2018\" target=\"_blank\" rel=\"noreferrer noopener\">Experiment 7<\/a><\/li><li><a href=\"https:\/\/issuu.com\/nase.networkastronomyschooledu\/docs\/161-espa_a_mayo_2018\" target=\"_blank\" rel=\"noreferrer noopener\">Experiment 8<\/a><\/li><li><a href=\"https:\/\/issuu.com\/nase.networkastronomyschooledu\/docs\/162-espa_a_mayo_2018\" target=\"_blank\" rel=\"noreferrer noopener\">Experiment 9<\/a><\/li><li><a href=\"https:\/\/issuu.com\/nase.networkastronomyschooledu\/docs\/163-espa_a_mayo_2018\" target=\"_blank\" rel=\"noreferrer noopener\">Experiment 10<\/a><\/li><li><a href=\"https:\/\/issuu.com\/nase.networkastronomyschooledu\/docs\/164-espa_a_mayo_2018\" target=\"_blank\" rel=\"noreferrer noopener\">Experiment 11<\/a><\/li><li><a href=\"https:\/\/issuu.com\/nase.networkastronomyschooledu\/docs\/165-espa_a_mayo_2018\" target=\"_blank\" rel=\"noreferrer noopener\">Experiment 12<\/a><\/li><li><a href=\"https:\/\/issuu.com\/nase.networkastronomyschooledu\/docs\/166-espa_a_junio_2018\" target=\"_blank\" rel=\"noreferrer noopener\">Experiment 13<\/a><\/li><li><a href=\"https:\/\/issuu.com\/nase.networkastronomyschooledu\/docs\/170-rumania_mayo_2018\" target=\"_blank\" rel=\"noreferrer noopener\">Experiment 14<\/a><\/li><\/ul>\n\n\n\n<p>Ch\u00e2u phi<\/p>\n\n\n\n<ul class=\"wp-block-list\"><li><a href=\"https:\/\/issuu.com\/nase.networkastronomyschooledu\/docs\/157-tunisie_mayo_2018\" target=\"_blank\" rel=\"noreferrer noopener\">Experiment 1<\/a><\/li><li><a href=\"https:\/\/issuu.com\/nase.networkastronomyschooledu\/docs\/172-tunisie_mayo_2018\" target=\"_blank\" rel=\"noreferrer noopener\">Experiment 2<\/a><\/li><\/ul>\n<\/div>\n\n\n\n<div class=\"wp-block-uagb-tabs-child uagb-tabs__body-container uagb-inner-tab-3\" aria-labelledby=\"uagb-tabs__tab3\">\n<p> <\/p>\n<\/div>\n\n\n\n<div class=\"wp-block-uagb-tabs-child uagb-tabs__body-container uagb-inner-tab-4 uagb-tabs__inner-tab\" aria-labelledby=\"uagb-tabs__tab4\">\n<div data-wp-interactive=\"core\/file\" class=\"wp-block-file\"><object aria-label=\"PDF embed\" data-wp-bind--hidden=\"!state.hasPdfPreview\" hidden><\/object><a id=\"wp-block-file--media-80ed829c-ac41-472a-bb7c-f0c320f2c097\" href=\"https:\/\/www.naseprogram.org\/wp-content\/uploads\/sites\/10\/2022\/06\/summary.pdf\">summary<\/a><a href=\"https:\/\/www.naseprogram.org\/wp-content\/uploads\/sites\/10\/2022\/06\/summary.pdf\" class=\"wp-block-file__button\" download aria-describedby=\"wp-block-file--media-80ed829c-ac41-472a-bb7c-f0c320f2c097\">PDF<\/a><\/div>\n<\/div>\n<\/div><\/div>\n","protected":false},"excerpt":{"rendered":"<p>\u0110\u1ec3 t\u01b0\u1edfng nh\u1edb con thi\u00eau th\u00e2n n\u00e0y, NASE \u0111\u1ec1 xu\u1ea5t t\u1ea5t c\u1ea3 nh\u1eefng ng\u01b0\u1eddi tham gia v\u00e0 ng\u01b0\u1eddi h\u01b0\u1edbng d\u1eabn c\u1ee7a m\u00ecnh th\u1ef1c hi\u1ec7n tr\u1ea3i nghi\u1ec7m Herschel. M\u1eb7c d\u00f9 ng\u00e0y \u00e1nh s\u00e1ng l\u00e0 ng\u00e0y 16 th\u00e1ng 5, n\u00f3 \u0111\u01b0\u1ee3c \u0111\u1ec1 xu\u1ea5t cho t\u1ea5t c\u1ea3 nh\u1eefng ng\u01b0\u1eddi tham gia l\u00e0m \u0111i\u1ec1u \u0111\u00f3 trong su\u1ed1t c\u1ea3 n\u0103m, &#8230; <a title=\"\u0110o l\u01b0\u1eddng c\u00e1i v\u00f4 h\u00ecnh\" class=\"read-more\" href=\"https:\/\/www.naseprogram.org\/vi\/iau-unesco-projects\/international-day-of-light-herschel-experiment-completed\/\" aria-label=\"More on \u0110o l\u01b0\u1eddng c\u00e1i v\u00f4 h\u00ecnh\">Read more<\/a><\/p>\n","protected":false},"author":12,"featured_media":0,"parent":303698,"menu_order":0,"comment_status":"closed","ping_status":"closed","template":"","meta":{"_uag_custom_page_level_css":"","_coblocks_attr":"","_coblocks_dimensions":"","_coblocks_responsive_height":"","_coblocks_accordion_ie_support":"","footnotes":""},"class_list":["post-303645","page","type-page","status-publish"],"acf":[],"yoast_head":"<!-- This site is optimized with the Yoast SEO plugin v27.4 - https:\/\/yoast.com\/product\/yoast-seo-wordpress\/ -->\n<title>\u0110o l\u01b0\u1eddng c\u00e1i v\u00f4 h\u00ecnh - NASE<\/title>\n<meta name=\"robots\" content=\"index, follow, max-snippet:-1, max-image-preview:large, max-video-preview:-1\" \/>\n<link rel=\"canonical\" href=\"https:\/\/www.naseprogram.org\/vi\/iau-unesco-projects\/international-day-of-light-herschel-experiment-completed\/\" \/>\n<meta property=\"og:locale\" content=\"vi_VN\" \/>\n<meta property=\"og:type\" content=\"article\" \/>\n<meta property=\"og:title\" content=\"\u0110o l\u01b0\u1eddng c\u00e1i v\u00f4 h\u00ecnh - NASE\" \/>\n<meta property=\"og:description\" content=\"\u0110\u1ec3 t\u01b0\u1edfng nh\u1edb con thi\u00eau th\u00e2n n\u00e0y, NASE \u0111\u1ec1 xu\u1ea5t t\u1ea5t c\u1ea3 nh\u1eefng ng\u01b0\u1eddi tham gia v\u00e0 ng\u01b0\u1eddi h\u01b0\u1edbng d\u1eabn c\u1ee7a m\u00ecnh th\u1ef1c hi\u1ec7n tr\u1ea3i nghi\u1ec7m Herschel. M\u1eb7c d\u00f9 ng\u00e0y \u00e1nh s\u00e1ng l\u00e0 ng\u00e0y 16 th\u00e1ng 5, n\u00f3 \u0111\u01b0\u1ee3c \u0111\u1ec1 xu\u1ea5t cho t\u1ea5t c\u1ea3 nh\u1eefng ng\u01b0\u1eddi tham gia l\u00e0m \u0111i\u1ec1u \u0111\u00f3 trong su\u1ed1t c\u1ea3 n\u0103m, ... Read more\" \/>\n<meta property=\"og:url\" content=\"https:\/\/www.naseprogram.org\/vi\/iau-unesco-projects\/international-day-of-light-herschel-experiment-completed\/\" \/>\n<meta property=\"og:site_name\" content=\"NASE\" \/>\n<meta property=\"article:modified_time\" content=\"2022-10-20T08:42:02+00:00\" \/>\n<meta name=\"twitter:card\" content=\"summary_large_image\" \/>\n<meta name=\"twitter:label1\" content=\"Est. reading time\" \/>\n\t<meta name=\"twitter:data1\" content=\"2 minutes\" \/>\n<script type=\"application\/ld+json\" class=\"yoast-schema-graph\">{\"@context\":\"https:\\\/\\\/schema.org\",\"@graph\":[{\"@type\":\"WebPage\",\"@id\":\"https:\\\/\\\/www.naseprogram.org\\\/vi\\\/iau-unesco-projects\\\/international-day-of-light-herschel-experiment-completed\\\/\",\"url\":\"https:\\\/\\\/www.naseprogram.org\\\/vi\\\/iau-unesco-projects\\\/international-day-of-light-herschel-experiment-completed\\\/\",\"name\":\"\u0110o l\u01b0\u1eddng c\u00e1i v\u00f4 h\u00ecnh - NASE\",\"isPartOf\":{\"@id\":\"https:\\\/\\\/www.naseprogram.org\\\/vi\\\/#website\"},\"datePublished\":\"2022-01-05T22:08:35+00:00\",\"dateModified\":\"2022-10-20T08:42:02+00:00\",\"breadcrumb\":{\"@id\":\"https:\\\/\\\/www.naseprogram.org\\\/vi\\\/iau-unesco-projects\\\/international-day-of-light-herschel-experiment-completed\\\/#breadcrumb\"},\"inLanguage\":\"vi-VN\",\"potentialAction\":[{\"@type\":\"ReadAction\",\"target\":[\"https:\\\/\\\/www.naseprogram.org\\\/vi\\\/iau-unesco-projects\\\/international-day-of-light-herschel-experiment-completed\\\/\"]}]},{\"@type\":\"BreadcrumbList\",\"@id\":\"https:\\\/\\\/www.naseprogram.org\\\/vi\\\/iau-unesco-projects\\\/international-day-of-light-herschel-experiment-completed\\\/#breadcrumb\",\"itemListElement\":[{\"@type\":\"ListItem\",\"position\":1,\"name\":\"Home\",\"item\":\"https:\\\/\\\/www.naseprogram.org\\\/vi\\\/\"},{\"@type\":\"ListItem\",\"position\":2,\"name\":\"C\u00e1c d\u1ef1 \u00e1n c\u1ee7a IAU \\\/ UNESCO\",\"item\":\"https:\\\/\\\/www.naseprogram.org\\\/vi\\\/iau-unesco-projects\\\/\"},{\"@type\":\"ListItem\",\"position\":3,\"name\":\"\u0110o l\u01b0\u1eddng c\u00e1i v\u00f4 h\u00ecnh\"}]},{\"@type\":\"WebSite\",\"@id\":\"https:\\\/\\\/www.naseprogram.org\\\/vi\\\/#website\",\"url\":\"https:\\\/\\\/www.naseprogram.org\\\/vi\\\/\",\"name\":\"NASE\",\"description\":\"Network for Astronomy School Education\",\"publisher\":{\"@id\":\"https:\\\/\\\/www.naseprogram.org\\\/vi\\\/#organization\"},\"potentialAction\":[{\"@type\":\"SearchAction\",\"target\":{\"@type\":\"EntryPoint\",\"urlTemplate\":\"https:\\\/\\\/www.naseprogram.org\\\/vi\\\/?s={search_term_string}\"},\"query-input\":{\"@type\":\"PropertyValueSpecification\",\"valueRequired\":true,\"valueName\":\"search_term_string\"}}],\"inLanguage\":\"vi-VN\"},{\"@type\":\"Organization\",\"@id\":\"https:\\\/\\\/www.naseprogram.org\\\/vi\\\/#organization\",\"name\":\"NASE\",\"url\":\"https:\\\/\\\/www.naseprogram.org\\\/vi\\\/\",\"logo\":{\"@type\":\"ImageObject\",\"inLanguage\":\"vi-VN\",\"@id\":\"https:\\\/\\\/www.naseprogram.org\\\/vi\\\/#\\\/schema\\\/logo\\\/image\\\/\",\"url\":\"https:\\\/\\\/www.naseprogram.org\\\/wp-content\\\/uploads\\\/sites\\\/10\\\/2021\\\/12\\\/naselogo.png\",\"contentUrl\":\"https:\\\/\\\/www.naseprogram.org\\\/wp-content\\\/uploads\\\/sites\\\/10\\\/2021\\\/12\\\/naselogo.png\",\"width\":234,\"height\":91,\"caption\":\"NASE\"},\"image\":{\"@id\":\"https:\\\/\\\/www.naseprogram.org\\\/vi\\\/#\\\/schema\\\/logo\\\/image\\\/\"}}]}<\/script>\n<!-- \/ Yoast SEO plugin. -->","yoast_head_json":{"title":"\u0110o l\u01b0\u1eddng c\u00e1i v\u00f4 h\u00ecnh - NASE","robots":{"index":"index","follow":"follow","max-snippet":"max-snippet:-1","max-image-preview":"max-image-preview:large","max-video-preview":"max-video-preview:-1"},"canonical":"https:\/\/www.naseprogram.org\/vi\/iau-unesco-projects\/international-day-of-light-herschel-experiment-completed\/","og_locale":"vi_VN","og_type":"article","og_title":"\u0110o l\u01b0\u1eddng c\u00e1i v\u00f4 h\u00ecnh - NASE","og_description":"\u0110\u1ec3 t\u01b0\u1edfng nh\u1edb con thi\u00eau th\u00e2n n\u00e0y, NASE \u0111\u1ec1 xu\u1ea5t t\u1ea5t c\u1ea3 nh\u1eefng ng\u01b0\u1eddi tham gia v\u00e0 ng\u01b0\u1eddi h\u01b0\u1edbng d\u1eabn c\u1ee7a m\u00ecnh th\u1ef1c hi\u1ec7n tr\u1ea3i nghi\u1ec7m Herschel. M\u1eb7c d\u00f9 ng\u00e0y \u00e1nh s\u00e1ng l\u00e0 ng\u00e0y 16 th\u00e1ng 5, n\u00f3 \u0111\u01b0\u1ee3c \u0111\u1ec1 xu\u1ea5t cho t\u1ea5t c\u1ea3 nh\u1eefng ng\u01b0\u1eddi tham gia l\u00e0m \u0111i\u1ec1u \u0111\u00f3 trong su\u1ed1t c\u1ea3 n\u0103m, ... Read more","og_url":"https:\/\/www.naseprogram.org\/vi\/iau-unesco-projects\/international-day-of-light-herschel-experiment-completed\/","og_site_name":"NASE","article_modified_time":"2022-10-20T08:42:02+00:00","twitter_card":"summary_large_image","twitter_misc":{"Est. reading time":"2 minutes"},"schema":{"@context":"https:\/\/schema.org","@graph":[{"@type":"WebPage","@id":"https:\/\/www.naseprogram.org\/vi\/iau-unesco-projects\/international-day-of-light-herschel-experiment-completed\/","url":"https:\/\/www.naseprogram.org\/vi\/iau-unesco-projects\/international-day-of-light-herschel-experiment-completed\/","name":"\u0110o l\u01b0\u1eddng c\u00e1i v\u00f4 h\u00ecnh - NASE","isPartOf":{"@id":"https:\/\/www.naseprogram.org\/vi\/#website"},"datePublished":"2022-01-05T22:08:35+00:00","dateModified":"2022-10-20T08:42:02+00:00","breadcrumb":{"@id":"https:\/\/www.naseprogram.org\/vi\/iau-unesco-projects\/international-day-of-light-herschel-experiment-completed\/#breadcrumb"},"inLanguage":"vi-VN","potentialAction":[{"@type":"ReadAction","target":["https:\/\/www.naseprogram.org\/vi\/iau-unesco-projects\/international-day-of-light-herschel-experiment-completed\/"]}]},{"@type":"BreadcrumbList","@id":"https:\/\/www.naseprogram.org\/vi\/iau-unesco-projects\/international-day-of-light-herschel-experiment-completed\/#breadcrumb","itemListElement":[{"@type":"ListItem","position":1,"name":"Home","item":"https:\/\/www.naseprogram.org\/vi\/"},{"@type":"ListItem","position":2,"name":"C\u00e1c d\u1ef1 \u00e1n c\u1ee7a IAU \/ UNESCO","item":"https:\/\/www.naseprogram.org\/vi\/iau-unesco-projects\/"},{"@type":"ListItem","position":3,"name":"\u0110o l\u01b0\u1eddng c\u00e1i v\u00f4 h\u00ecnh"}]},{"@type":"WebSite","@id":"https:\/\/www.naseprogram.org\/vi\/#website","url":"https:\/\/www.naseprogram.org\/vi\/","name":"NASE","description":"Network for Astronomy School Education","publisher":{"@id":"https:\/\/www.naseprogram.org\/vi\/#organization"},"potentialAction":[{"@type":"SearchAction","target":{"@type":"EntryPoint","urlTemplate":"https:\/\/www.naseprogram.org\/vi\/?s={search_term_string}"},"query-input":{"@type":"PropertyValueSpecification","valueRequired":true,"valueName":"search_term_string"}}],"inLanguage":"vi-VN"},{"@type":"Organization","@id":"https:\/\/www.naseprogram.org\/vi\/#organization","name":"NASE","url":"https:\/\/www.naseprogram.org\/vi\/","logo":{"@type":"ImageObject","inLanguage":"vi-VN","@id":"https:\/\/www.naseprogram.org\/vi\/#\/schema\/logo\/image\/","url":"https:\/\/www.naseprogram.org\/wp-content\/uploads\/sites\/10\/2021\/12\/naselogo.png","contentUrl":"https:\/\/www.naseprogram.org\/wp-content\/uploads\/sites\/10\/2021\/12\/naselogo.png","width":234,"height":91,"caption":"NASE"},"image":{"@id":"https:\/\/www.naseprogram.org\/vi\/#\/schema\/logo\/image\/"}}]}},"uagb_featured_image_src":{"full":false,"thumbnail":false,"medium":false,"medium_large":false,"large":false,"1536x1536":false,"2048x2048":false},"uagb_author_info":{"display_name":"lifetimemedia","author_link":"https:\/\/www.naseprogram.org\/vi\/author\/lifetimemedia\/"},"uagb_comment_info":0,"uagb_excerpt":"\u0110\u1ec3 t\u01b0\u1edfng nh\u1edb con thi\u00eau th\u00e2n n\u00e0y, NASE \u0111\u1ec1 xu\u1ea5t t\u1ea5t c\u1ea3 nh\u1eefng ng\u01b0\u1eddi tham gia v\u00e0 ng\u01b0\u1eddi h\u01b0\u1edbng d\u1eabn c\u1ee7a m\u00ecnh th\u1ef1c hi\u1ec7n tr\u1ea3i nghi\u1ec7m Herschel. M\u1eb7c d\u00f9 ng\u00e0y \u00e1nh s\u00e1ng l\u00e0 ng\u00e0y 16 th\u00e1ng 5, n\u00f3 \u0111\u01b0\u1ee3c \u0111\u1ec1 xu\u1ea5t cho t\u1ea5t c\u1ea3 nh\u1eefng ng\u01b0\u1eddi tham gia l\u00e0m \u0111i\u1ec1u \u0111\u00f3 trong su\u1ed1t c\u1ea3 n\u0103m,&hellip;","_links":{"self":[{"href":"https:\/\/www.naseprogram.org\/vi\/wp-json\/wp\/v2\/pages\/303645","targetHints":{"allow":["GET"]}}],"collection":[{"href":"https:\/\/www.naseprogram.org\/vi\/wp-json\/wp\/v2\/pages"}],"about":[{"href":"https:\/\/www.naseprogram.org\/vi\/wp-json\/wp\/v2\/types\/page"}],"author":[{"embeddable":true,"href":"https:\/\/www.naseprogram.org\/vi\/wp-json\/wp\/v2\/users\/12"}],"replies":[{"embeddable":true,"href":"https:\/\/www.naseprogram.org\/vi\/wp-json\/wp\/v2\/comments?post=303645"}],"version-history":[{"count":3,"href":"https:\/\/www.naseprogram.org\/vi\/wp-json\/wp\/v2\/pages\/303645\/revisions"}],"predecessor-version":[{"id":323317,"href":"https:\/\/www.naseprogram.org\/vi\/wp-json\/wp\/v2\/pages\/303645\/revisions\/323317"}],"up":[{"embeddable":true,"href":"https:\/\/www.naseprogram.org\/vi\/wp-json\/wp\/v2\/pages\/303698"}],"wp:attachment":[{"href":"https:\/\/www.naseprogram.org\/vi\/wp-json\/wp\/v2\/media?parent=303645"}],"curies":[{"name":"wp","href":"https:\/\/api.w.org\/{rel}","templated":true}]}}