{"id":303676,"date":"2021-12-31T10:51:13","date_gmt":"2021-12-31T13:51:13","guid":{"rendered":"https:\/\/naseprogram.wp-ms.ahuekna.org.ar\/purpose-work-plan\/"},"modified":"2022-09-18T09:41:56","modified_gmt":"2022-09-18T12:41:56","slug":"purpose-work-plan","status":"publish","type":"page","link":"https:\/\/www.naseprogram.org\/vi\/purpose-work-plan\/","title":{"rendered":"M\u1ee5c \u0111\u00edch + K\u1ebf ho\u1ea1ch l\u00e0m vi\u1ec7c"},"content":{"rendered":"\n<p><strong>M\u1ee4C \u0110\u00cdCH<\/strong><\/p>\n\n\n\n<p>C\u00e1c kh\u00f3a h\u1ecdc mi\u1ec5n ph\u00ed c\u1ee7a NASE c\u00f3 m\u1ee5c ti\u00eau ch\u00ednh l\u00e0 th\u00fac \u0111\u1ea9y vi\u1ec7c gi\u1ea3ng d\u1ea1y c\u1ee7a c\u00e1c gi\u00e1o vi\u00ean \u0111\u00e0o t\u1ea1o v\u1ec1 thi\u00ean v\u0103n h\u1ecdc (ti\u1ec3u h\u1ecdc, trung h\u1ecdc v\u00e0 \u0111\u1ea1i h\u1ecdc) v\u00e0 th\u00fac \u0111\u1ea9y vi\u1ec7c gi\u1ea3ng d\u1ea1y \/ h\u1ecdc t\u1eadp t\u00edch c\u1ef1c c\u1ee7a ng\u00e0nh th\u00f4ng qua c\u00e1c m\u00f4 h\u00ecnh v\u00e0 quan s\u00e1t hi\u1ec7n t\u01b0\u1ee3ng.<\/p>\n\n\n\n<p><strong>Y\u00caU C\u1ea6U V\u00c0 \/ HO\u1eb6C KINH NGHI\u1ec6M CHUY\u00caN NGHI\u1ec6P Y\u00caU C\u1ea6U<\/strong><\/p>\n\n\n\n<p>Gi\u00e1o vi\u00ean ti\u1ec3u h\u1ecdc, gi\u00e1o vi\u00ean trung h\u1ecdc c\u1ee7a b\u1ea5t k\u1ef3 khu v\u1ef1c n\u00e0o, gi\u00e1o vi\u00ean \u0111\u1ea1i h\u1ecdc (gi\u00e1o vi\u00ean khoa h\u1ecdc) v\u00e0 c\u00e1c ngh\u1ec1 nghi\u1ec7p chu k\u1ef3 c\u01a1 b\u1ea3n t\u01b0\u01a1ng t\u1ef1 c\u1ee7a tr\u01b0\u1eddng \u0111\u1ea1i h\u1ecdc, sinh vi\u00ean c\u1ee7a c\u00e1c kh\u00f3a h\u1ecdc gi\u00e1o vi\u00ean n\u00e2ng cao.<\/p>\n\n\n\n<p>N\u00f3 kh\u00f4ng c\u1ea7n thi\u1ebft ph\u1ea3i bi\u1ebft tr\u01b0\u1edbc v\u1ec1 thi\u00ean v\u0103n h\u1ecdc.<\/p>\n\n\n\n<p><strong>\u0110\u1ecaNH D\u1ea0NG <\/strong>(T\u1ea5t c\u1ea3 c\u00e1c kh\u00f3a h\u1ecdc c\u00f3 th\u1ec3 \u0111\u01b0\u1ee3c t\u1ed5 ch\u1ee9c tr\u1ef1c ti\u1ebfp, tr\u1ef1c tuy\u1ebfn ho\u1eb7c lai)<\/p>\n\n\n\n<p>Kh\u00f3a h\u1ecdc chung v\u1ec1 Thi\u00ean v\u0103n h\u1ecdc, V\u1eadt l\u00fd thi\u00ean v\u0103n, Sinh h\u1ecdc thi\u00ean v\u0103n v\u00e0 V\u0103n h\u00f3a thi\u00ean v\u0103n bao g\u1ed3m 4 ng\u00e0y c\u00e1c l\u1edbp h\u1ecdc v\u1ec1 c\u00e1c kh\u00e1i ni\u1ec7m c\u01a1 b\u1ea3n v\u00e0 bao g\u1ed3m c\u00e1c quan s\u00e1t v\u00e0 m\u1ed9t chuy\u1ebfn th\u0103m quan thi\u00ean v\u0103n. y una Astron. Visitn\u00f3mica. N\u00f3 bao g\u1ed3m 4 b\u00e0i gi\u1ea3ng, 10 h\u1ed9i th\u1ea3o v\u00e0 2 nh\u00f3m l\u00e0m vi\u1ec7c.<\/p>\n\n\n\n<div class=\"wp-block-columns is-layout-flex wp-container-core-columns-is-layout-9d6595d7 wp-block-columns-is-layout-flex\">\n<div class=\"wp-block-column is-layout-flow wp-block-column-is-layout-flow\">\n<ul class=\"wp-block-list\"><li>Kh\u00f3a h\u1ecdc c\u01a1 b\u1ea3n chung<\/li><\/ul>\n<\/div>\n\n\n\n<div class=\"wp-block-column is-layout-flow wp-block-column-is-layout-flow\"><\/div>\n<\/div>\n\n\n\n<p>L\u00e0 c\u00e1c kh\u00f3a h\u1ecdc ng\u1eafn h\u01a1n, \u0111\u00e3 c\u00f3 b\u1ed1n kh\u00f3a h\u1ecdc m\u1edbi \u0111\u01b0\u1ee3c c\u1ea5u tr\u00fac bao g\u1ed3m 2 b\u00e0i gi\u1ea3ng ho\u1eb7c nh\u00f3m l\u00e0m vi\u1ec7c v\u00e0 4 h\u1ed9i th\u1ea3o ho\u1eb7c nh\u00f3m l\u00e0m vi\u1ec7c.<\/p>\n\n\n\n<div class=\"wp-block-columns is-layout-flex wp-container-core-columns-is-layout-9d6595d7 wp-block-columns-is-layout-flex\">\n<div class=\"wp-block-column is-layout-flow wp-block-column-is-layout-flow\">\n<ul class=\"wp-block-list\"><li>Kh\u00f3a h\u1ecdc v\u1ec1 thi\u00ean v\u0103n h\u1ecdc<\/li><\/ul>\n<\/div>\n\n\n\n<div class=\"wp-block-column is-layout-flow wp-block-column-is-layout-flow\"><\/div>\n<\/div>\n\n\n\n<div class=\"wp-block-columns is-layout-flex wp-container-core-columns-is-layout-9d6595d7 wp-block-columns-is-layout-flex\">\n<div class=\"wp-block-column is-layout-flow wp-block-column-is-layout-flow\">\n<ul class=\"wp-block-list\"><li>Kh\u00f3a h\u1ecdc V\u1eadt l\u00fd Thi\u00ean v\u0103n<\/li><\/ul>\n<\/div>\n\n\n\n<div class=\"wp-block-column is-layout-flow wp-block-column-is-layout-flow\"><\/div>\n<\/div>\n\n\n\n<div class=\"wp-block-columns is-layout-flex wp-container-core-columns-is-layout-9d6595d7 wp-block-columns-is-layout-flex\">\n<div class=\"wp-block-column is-layout-flow wp-block-column-is-layout-flow\">\n<ul class=\"wp-block-list\"><li>Kh\u00f3a h\u1ecdc v\u1ec1 sinh v\u1eadt h\u1ecdc thi\u00ean v\u0103n<\/li><\/ul>\n<\/div>\n\n\n\n<div class=\"wp-block-column is-layout-flow wp-block-column-is-layout-flow\"><\/div>\n<\/div>\n\n\n\n<div class=\"wp-block-columns is-layout-flex wp-container-core-columns-is-layout-9d6595d7 wp-block-columns-is-layout-flex\">\n<div class=\"wp-block-column is-layout-flow wp-block-column-is-layout-flow\">\n<ul class=\"wp-block-list\"><li>Kh\u00f3a h\u1ecdc v\u1ec1 v\u0103n h\u00f3a Astro<\/li><\/ul>\n<\/div>\n\n\n\n<div class=\"wp-block-column is-layout-flow wp-block-column-is-layout-flow\"><\/div>\n<\/div>\n\n\n\n<p>Trong b\u1ea5t k\u1ef3 kh\u00f3a h\u1ecdc n\u00e0o trong s\u1ed1 b\u1ed1n kh\u00f3a h\u1ecdc \u0111\u00e3 \u0111\u1ec1 c\u1eadp, c\u00e1c ho\u1ea1t \u0111\u1ed9ng th\u1ef1c h\u00e0nh c\u00f3 th\u1ec3 \u0111\u01b0\u1ee3c th\u1ef1c hi\u1ec7n trong l\u1edbp h\u1ecdc m\u00e0 kh\u00f4ng c\u1ea7n s\u1eed d\u1ee5ng c\u00e1c d\u1ee5ng c\u1ee5 \u0111\u1eb7c bi\u1ec7t m\u00e0 ch\u1ec9 c\u1ea7n s\u1eed d\u1ee5ng c\u00e1c thi\u1ebft b\u1ecb do ch\u00ednh gi\u00e1o vi\u00ean s\u1ea3n xu\u1ea5t v\u1edbi s\u1ef1 tr\u1ee3 gi\u00fap v\u00e0 ph\u1ea7n m\u1ec1m mi\u1ec5n ph\u00ed c\u1ee7a h\u1ecdc sinh.<\/p>\n\n\n\n<p>C\u00e1c nh\u00f3m l\u00e0m vi\u1ec7c cho c\u00e1c cu\u1ed9c th\u1ea3o lu\u1eadn v\u00e0 c\u00e1c bu\u1ed5i h\u1ecdp \u00e1p ph\u00edch \u0111\u01b0\u1ee3c t\u1ed5 ch\u1ee9c chung \u0111\u1ec3 gi\u1edbi thi\u1ec7u nh\u1eefng g\u00ec nh\u1eefng ng\u01b0\u1eddi tham gia \u0111ang l\u00e0m trong l\u0129nh v\u1ef1c thi\u00ean v\u0103n h\u1ecdc. \u0110\u1ec3 hi\u1ec3u r\u00f5 h\u01a1n v\u1ec1 c\u00e1c ho\u1ea1t \u0111\u1ed9ng, vui l\u00f2ng tham kh\u1ea3o ph\u1ea7n &#8220;K\u1ebf ho\u1ea1ch l\u00e0m vi\u1ec7c: kh\u00e1i ni\u1ec7m, n\u1ed9i dung v\u00e0 l\u1ecbch tr\u00ecnh&#8221; tr\u00ean c\u00f9ng trang web n\u00e0y.<\/p>\n\n\n\n<p>C\u00e1c ch\u1ee7 \u0111\u1ec1 c\u1ee7a b\u00e0i gi\u1ea3ng: S\u1ef1 ti\u1ebfn h\u00f3a c\u1ee7a c\u00e1c v\u00ec sao, V\u0169 tr\u1ee5 h\u1ecdc, L\u1ecbch s\u1eed Thi\u00ean v\u0103n h\u1ecdc v\u00e0 H\u1ec7 M\u1eb7t tr\u1eddi<\/p>\n\n\n\n<p>C\u00e1c ch\u1ee7 \u0111\u1ec1 c\u1ee7a h\u1ed9i th\u1ea3o: \u0110\u01b0\u1eddng ch\u00e2n tr\u1eddi \u0111\u1ecba ph\u01b0\u01a1ng v\u00e0 \u0111\u1ed3ng h\u1ed3 c\u1ee7a M\u1eb7t tr\u1eddi, Chuy\u1ec3n \u0111\u1ed9ng c\u1ee7a c\u00e1c ng\u00f4i sao, M\u1eb7t tr\u1eddi v\u00e0 M\u1eb7t tr\u0103ng, C\u00e1c giai \u0111o\u1ea1n v\u00e0 nguy\u1ec7t th\u1ef1c v\u00e0 Chi\u1ebfc c\u1eb7p t\u1eeb nh\u00e0 thi\u00ean v\u0103n h\u1ecdc tr\u1ebb tu\u1ed5i, Quang ph\u1ed5 m\u1eb7t tr\u1eddi v\u00e0 v\u1ebft \u0111en, S\u1ef1 s\u1ed1ng c\u1ee7a c\u00e1c v\u00ec sao, Thi\u00ean v\u0103n h\u1ecdc ngo\u00e0i kh\u1ea3 n\u0103ng nh\u00ecn th\u1ea5y, S\u1ef1 m\u1edf r\u1ed9ng c\u1ee7a V\u0169 tr\u1ee5, h\u00e0nh tinh v\u00e0 ngo\u1ea1i h\u00e0nh tinh v\u00e0 c\u00e1c y\u1ebfu t\u1ed1 c\u1ee7a sinh v\u1eadt h\u1ecdc thi\u00ean v\u0103n<\/p>\n\n\n\n<p>Ch\u1ee7 \u0111\u1ec1 cho c\u00e1c Nh\u00f3m l\u00e0m vi\u1ec7c: C\u00e1c quan s\u00e1t chu\u1ea9n b\u1ecb v\u00e0 Thi\u00ean v\u0103n h\u1ecdc \u1edf th\u00e0nh ph\u1ed1 Thi\u00ean v\u0103n h\u1ecdc.<\/p>\n\n\n\n<p><strong>C\u00c1C PH\u01af\u01a0NG PH\u00c1P V\u00c0 PH\u01af\u01a0NG TI\u1ec6N \u0110\u01af\u1ee2C S\u1eec D\u1ee4NG \u0110\u1ec2 \u0110\u00c1NH GI\u00c1<\/strong><\/p>\n\n\n\n<p>&#8211; V\u00e0o \u0111\u1ea7u kh\u00f3a h\u1ecdc, m\u1ed9t \u0111\u00e1nh gi\u00e1 ch\u1ea9n \u0111o\u00e1n b\u1eb1ng v\u0103n b\u1ea3n \u0111\u01b0\u1ee3c th\u1ef1c hi\u1ec7n (tr\u1eafc nghi\u1ec7m). Trong su\u1ed1t kh\u00f3a h\u1ecdc, c\u00e1c \u0111\u00e1nh gi\u00e1 \u0111\u01b0\u1ee3c th\u1ef1c hi\u1ec7n b\u1eb1ng c\u00e1ch quan s\u00e1t tr\u1ef1c ti\u1ebfp vi\u1ec7c th\u1ef1c hi\u1ec7n h\u1ed9i th\u1ea3o.<\/p>\n\n\n\n<p>&#8211; V\u00e0o ng\u00e0y cu\u1ed1i c\u00f9ng c\u1ee7a kh\u00f3a h\u1ecdc, m\u1ed9t b\u00e0i \u0111\u00e1nh gi\u00e1 cu\u1ed1i c\u00f9ng \u0111\u01b0\u1ee3c th\u1ef1c hi\u1ec7n, bao g\u1ed3m c\u00f9ng m\u1ed9t b\u00e0i ki\u1ec3m tra \u0111\u01b0\u1ee3c th\u1ef1c hi\u1ec7n trong ch\u1ea9n \u0111o\u00e1n (c\u00f9ng m\u1ed9t t\u1edd gi\u1ea5y, c\u00e1c c\u00e2u tr\u1ea3 l\u1eddi c\u00f3 m\u00e0u s\u1eafc kh\u00e1c nhau).<\/p>\n\n\n\n<p>&#8211; V\u00e0o cu\u1ed1i kh\u00f3a h\u1ecdc, h\u1ecdc vi\u00ean s\u1ebd ti\u1ebfn h\u00e0nh th\u1ef1c hi\u1ec7n m\u1ed9t cu\u1ed9c kh\u1ea3o s\u00e1t v\u1ec1 m\u1ee9c \u0111\u1ed9 h\u00e0i l\u00f2ng.<br><\/p>\n\n\n\n<p>&#8211; Cu\u1ed1i c\u00f9ng, m\u1ed9t ng\u01b0\u1eddi ti\u1ebfn h\u00e0nh \u0111\u00e1nh gi\u00e1 t\u00e1c \u0111\u1ed9ng (ho\u1eb7c gi\u00e1m s\u00e1t qu\u00e1 tr\u00ecnh chuy\u1ec3n giao h\u1ecdc t\u1eadp) sau m\u1ed9t v\u00e0i th\u00e1ng, bao g\u1ed3m \u0111\u00e1nh gi\u00e1 ki\u1ebfn \u200b\u200bth\u1ee9c (c\u00e1c c\u00e2u h\u1ecfi c\u1ee5 th\u1ec3 v\u1ec1 n\u1ed9i dung), s\u1eed d\u1ee5ng c\u00e1c t\u00e0i li\u1ec7u NASE (n\u1ebfu t\u00e0i li\u1ec7u n\u00e0y \u0111\u01b0\u1ee3c s\u1eed d\u1ee5ng trong kh\u00f4ng gian ngo\u1ea1i kh\u00f3a, t\u1ea7n su\u1ea5t v\u00e0 \u0111\u1ed9 s\u00e2u). \u0110\u00e1nh gi\u00e1 n\u00e0y \u0111\u01b0\u1ee3c th\u1ef1c hi\u1ec7n b\u1eb1ng m\u1ed9t b\u1ea3ng c\u00e2u h\u1ecfi \u0111\u01b0\u1ee3c chu\u1ea9n b\u1ecb \u0111\u1eb7c bi\u1ec7t cho kh\u00f3a h\u1ecdc n\u00e0y, c\u00f3 th\u1ec3 \u0111\u01b0\u1ee3c tr\u1ea3 l\u1eddi qua Internet v\u00e0 tr\u1ef1c tuy\u1ebfn v\u00e0 cung c\u1ea5p k\u1ebft qu\u1ea3 t\u1ee9c th\u00ec cho ph\u00e9p b\u1ea1n c\u1eadp nh\u1eadt s\u1ed1 li\u1ec7u th\u1ed1ng k\u00ea v\u00e0 c\u00e1c nghi\u00ean c\u1ee9u v\u1ec1 t\u00e1c \u0111\u1ed9ng.<\/p>\n\n\n\n<p><strong>NGH\u0128A V\u1ee4 V\u00c0 TR\u00c1CH NHI\u1ec6M C\u1ee6A H\u1eccC VI\u00caN<\/strong><\/p>\n\n\n\n<p>&#8211; Tham gia \u00edt nh\u1ea5t 80% c\u00e1c ho\u1ea1t \u0111\u1ed9ng c\u1ee7a kh\u00f3a h\u1ecdc.<\/p>\n\n\n\n<p>&#8211; Tham d\u1ef1 kh\u00f3a h\u1ecdc v\u1edbi t\u1ea5t c\u1ea3 c\u00e1c t\u00e0i li\u1ec7u c\u1ea7n thi\u1ebft \u0111\u1ec3 th\u1ef1c hi\u1ec7n c\u00e1c ho\u1ea1t \u0111\u1ed9ng m\u00f4 ph\u1ecfng, m\u00f4 h\u00ecnh, v.v. M\u1ed9t ho\u1eb7c hai tu\u1ea7n tr\u01b0\u1edbc khi b\u1eaft \u0111\u1ea7u kh\u00f3a h\u1ecdc, h\u1ecdc vi\u00ean s\u1ebd \u0111\u01b0\u1ee3c th\u00f4ng b\u00e1o v\u1ec1 danh s\u00e1ch t\u00e0i li\u1ec7u c\u1ea7n thi\u1ebft, qua email cho ng\u01b0\u1eddi \u0111\u00e3 \u0111\u0103ng k\u00fd ng\u01b0\u1eddi tham gia.<\/p>\n\n\n\n<p><strong>NGH\u0128A V\u1ee4 V\u00c0 TR\u00c1CH NHI\u1ec6M C\u1ee6A NASE<\/strong><\/p>\n\n\n\n<p>Kh\u00f3a h\u1ecdc ho\u00e0n to\u00e0n mi\u1ec5n ph\u00ed cho nh\u1eefng ng\u01b0\u1eddi tham gia. C\u01a1 s\u1edf h\u1ea1 t\u1ea7ng, h\u1eadu c\u1ea7n v\u00e0 c\u00e1c y\u1ebfu t\u1ed1 ho\u1eb7c ngu\u1ed3n l\u1ef1c kh\u00e1c li\u00ean quan \u0111\u1ebfn vi\u1ec7c \u0111\u1ecdc ch\u00ednh t\u1ea3 kh\u00f3a h\u1ecdc do t\u1ed5 ch\u1ee9c \u0111\u1ecba ph\u01b0\u01a1ng cung c\u1ea5p.<\/p>\n\n\n\n<p>Li\u00ean quan \u0111\u1ebfn c\u00e1c t\u00e0i li\u1ec7u c\u1ea7n thi\u1ebft \u0111\u1ec3 ph\u00e1t tri\u1ec3n c\u00e1c h\u1ed9i th\u1ea3o, NASE cung c\u1ea5p:<\/p>\n\n\n\n<p>&#8211; Danh s\u00e1ch c\u00e1c y\u1ebfu t\u1ed1 d\u1ec5 h\u01b0 h\u1ecfng ho\u1eb7c cung c\u1ea5p cho nh\u1eefng ng\u01b0\u1eddi tham gia: nh\u1eefng y\u1ebfu t\u1ed1 n\u00e0y do t\u1ed5 ch\u1ee9c \u0111\u1ecba ph\u01b0\u01a1ng cung c\u1ea5p. Danh s\u00e1ch c\u00e1c ph\u1ea7n t\u1eed n\u00e0y \u0111\u01b0\u1ee3c c\u00f4ng b\u1ed1 tr\u00ean trang web NASE, b\u1eb1ng ng\u00f4n ng\u1eef c\u1ee7a qu\u1ed1c gia (Ph\u1ea7n &#8220;Danh s\u00e1ch c\u00e1c ph\u1ea7n t\u1eed&#8221; tr\u00ean trang web NASE).<\/p>\n\n\n\n<p>&#8211; C\u00e1c b\u1ea3n sao \u0111\u1ec3 ph\u00e1t tri\u1ec3n h\u1ed9i th\u1ea3o, t\u1ec7p s\u1ebd \u0111\u01b0\u1ee3c ch\u1ecdn ph\u00f9 h\u1ee3p v\u1edbi v\u0129 \u0111\u1ed9 c\u1ee7a n\u01a1i h\u1ecd th\u1ef1c hi\u1ec7n kh\u00f3a h\u1ecdc. C\u00e1c t\u1ec7p c\u00f3 s\u1eb5n trong trang web NASE, b\u1eb1ng ng\u00f4n ng\u1eef m\u00e0 n\u00f3 \u0111\u00e3 \u0111\u01b0\u1ee3c th\u1ef1c hi\u1ec7n trong kh\u00f3a h\u1ecdc. (T\u00e0i li\u1ec7u n\u00e0y n\u00ean \u0111\u01b0\u1ee3c in cho c\u00e1c gi\u00e1o vi\u00ean tham gia).<\/p>\n\n\n\n<p>&#8211; T\u00e0i li\u1ec7u Tham kh\u1ea3o: M\u1ed7i ng\u01b0\u1eddi tham gia nh\u1eadn \u0111\u01b0\u1ee3c qua email c\u00e1c h\u1ed9i ngh\u1ecb v\u00e0 h\u1ed9i th\u1ea3o: v\u0103n b\u1ea3n v\u00e0 b\u1ea3n tr\u00ecnh b\u00e0y PowerPoint. T\u1ea5t c\u1ea3 \u0111\u1ec1u c\u00f3 tr\u00ean trang web NASE.<\/p>\n\n\n\n<p><strong>H\u1ed6 TR\u1ee2 \u0110\u00c0O T\u1ea0O<\/strong><\/p>\n\n\n\n<p>&#8211; Gi\u00e1o vi\u00ean \u1edf c\u00e1c tr\u01b0\u1eddng ti\u1ec3u h\u1ecdc v\u00e0 trung h\u1ecdc c\u00f3 th\u1ec3 t\u00ecm th\u1ea5y c\u00e1c t\u00e0i li\u1ec7u h\u1ed7 tr\u1ee3 h\u1eefu \u00edch cho c\u00e1c ho\u1ea1t \u0111\u1ed9ng c\u1ee7a h\u1ecd trong tr\u01b0\u1eddng trong trang web NASE, ph\u1ea7n &#8220;T\u00e0i li\u1ec7u b\u1ed5 sung&#8221;.<\/p>\n\n\n\n<p>&#8211; C\u00e1c t\u00e0i li\u1ec7u \u0111\u00e3 \u0111\u01b0\u1ee3c s\u1ea3n xu\u1ea5t b\u1eb1ng m\u1ed9t s\u1ed1 ng\u00f4n ng\u1eef.<\/p>\n\n\n\n<p><strong>GI\u1ea2I QUY\u1ebeT B\u1ea4T K\u1ef2 B\u00caN C\u00d3 LI\u00caN QUAN N\u00c0O<\/strong><\/p>\n\n\n\n<p>Trong tr\u01b0\u1eddng h\u1ee3p xung \u0111\u1ed9t ho\u1eb7c b\u1ea5t \u0111\u1ed3ng, ch\u00fang t\u00f4i s\u1ebd ti\u1ebfn h\u00e0nh gi\u1ea3i quy\u1ebft xung \u0111\u1ed9t \u0111\u00f3 b\u1eb1ng c\u00e1ch ti\u1ebfp c\u1eadn Kh\u00f4ng tu\u00e2n th\u1ee7, ph\u01b0\u01a1ng ph\u00e1p n\u00e0y s\u1ebd \u0111\u01b0a ra Gi\u1ea3i ph\u00e1p t\u1ee9c th\u1eddi v\u00e0 cu\u1ed1i c\u00f9ng l\u00e0 H\u00e0nh \u0111\u1ed9ng kh\u1eafc ph\u1ee5c.<\/p>\n\n\n\n<p><strong>GI\u1ea4Y CH\u1ee8NG NH\u1eacN<\/strong><\/p>\n\n\n\n<p>NASE cung c\u1ea5p ch\u1ee9ng nh\u1eadn c\u00f3 ph\u1ea1m vi qu\u1ed1c t\u1ebf. Ch\u1ee9ng ch\u1ec9 l\u00e0 \u0111\u1ec1 c\u1eed, v\u1edbi s\u1ed1 dni n\u1ebfu \u0111i\u1ec1u n\u00e0y \u0111\u01b0\u1ee3c y\u00eau c\u1ea7u, v\u1edbi s\u1ef1 c\u00f4ng nh\u1eadn l\u00e0 m\u1ed9t nh\u00f3m l\u00e0m vi\u1ec7c c\u1ee7a IAU, Li\u00ean minh Thi\u00ean v\u0103n Qu\u1ed1c t\u1ebf v\u00e0 v\u1edbi s\u1ef1 h\u1ed7 tr\u1ee3 c\u1ee7a c\u00e1c t\u1ed5 ch\u1ee9c \u0111\u1ecba ph\u01b0\u01a1ng \u1edf m\u1ed7i qu\u1ed1c gia v\u00e0 trong tr\u01b0\u1eddng h\u1ee3p c\u1ee7a C\u1ed9ng h\u00f2a Argentina, CONICET. Ch\u1ee9ng ch\u1ec9 n\u00e0y \u0111\u01b0\u1ee3c trao cho nh\u1eefng h\u1ecdc vi\u00ean \u0111\u00e3 tham gia (t\u1ed1i thi\u1ec3u) 80% c\u00e1c ho\u1ea1t \u0111\u1ed9ng c\u1ee7a kh\u00f3a h\u1ecdc.<\/p>\n\n\n\n<p><strong>NG\u01af\u1edcI THAM GIA V\u00c0 H\u01af\u1edaNG D\u1eaaN VI\u00caN<\/strong><\/p>\n\n\n\n<p>Nh\u1eefng ng\u01b0\u1eddi tham gia s\u1ebd c\u00f3 t\u1eeb 40 \u0111\u1ebfn 50 gi\u00e1o vi\u00ean d\u1ea1y ti\u1ec3u h\u1ecdc v\u00e0 trung h\u1ecdc \u1edf n\u01b0\u1edbc s\u1edf t\u1ea1i.<\/p>\n\n\n\n<p>C\u00e1c gi\u1ea3ng vi\u00ean s\u1ebd l\u00e0 th\u00e0nh vi\u00ean c\u1ee7a NASE v\u00e0 6 \u0111\u1ebfn 8 gi\u00e1o vi\u00ean c\u1ee7a qu\u1ed1c gia \/ th\u00e0nh ph\u1ed1 s\u1edf t\u1ea1i.<\/p>\n\n\n\n<div class=\"wp-block-columns is-layout-flex wp-container-core-columns-is-layout-9d6595d7 wp-block-columns-is-layout-flex\">\n<div class=\"wp-block-column is-layout-flow wp-block-column-is-layout-flow\">\n<h2 class=\"gb-headline gb-headline-6d252cf3 gb-headline-text\"><strong>K\u1ebf ho\u1ea1ch l\u00e0m vi\u1ec7c<\/strong><\/h2>\n<\/div>\n\n\n\n<div class=\"wp-block-column is-layout-flow wp-block-column-is-layout-flow\"><div class=\"gb-button-wrapper gb-button-wrapper-a14dd1fa\">\n\n<a class=\"gb-button gb-button-faad25a3\" href=\"https:\/\/www.naseprogram.org\/wp-content\/uploads\/sites\/10\/2022\/08\/workplan-nou-4-1.pdf\" target=\"_blank\" rel=\"noopener noreferrer\"><span class=\"gb-button-text\">T\u1ea3i xu\u1ed1ng PDF<\/span><span class=\"gb-icon\">    <\/span><\/a>\n\n<\/div><\/div>\n<\/div>\n","protected":false},"excerpt":{"rendered":"<p>M\u1ee4C \u0110\u00cdCH C\u00e1c kh\u00f3a h\u1ecdc mi\u1ec5n ph\u00ed c\u1ee7a NASE c\u00f3 m\u1ee5c ti\u00eau ch\u00ednh l\u00e0 th\u00fac \u0111\u1ea9y vi\u1ec7c gi\u1ea3ng d\u1ea1y c\u1ee7a c\u00e1c gi\u00e1o vi\u00ean \u0111\u00e0o t\u1ea1o v\u1ec1 thi\u00ean v\u0103n h\u1ecdc (ti\u1ec3u h\u1ecdc, trung h\u1ecdc v\u00e0 \u0111\u1ea1i h\u1ecdc) v\u00e0 th\u00fac \u0111\u1ea9y vi\u1ec7c gi\u1ea3ng d\u1ea1y \/ h\u1ecdc t\u1eadp t\u00edch c\u1ef1c c\u1ee7a ng\u00e0nh th\u00f4ng qua c\u00e1c m\u00f4 h\u00ecnh v\u00e0 &#8230; <a title=\"M\u1ee5c \u0111\u00edch + K\u1ebf ho\u1ea1ch l\u00e0m vi\u1ec7c\" class=\"read-more\" href=\"https:\/\/www.naseprogram.org\/vi\/purpose-work-plan\/\" aria-label=\"More on M\u1ee5c \u0111\u00edch + K\u1ebf ho\u1ea1ch l\u00e0m vi\u1ec7c\">Read more<\/a><\/p>\n","protected":false},"author":12,"featured_media":0,"parent":0,"menu_order":0,"comment_status":"closed","ping_status":"closed","template":"","meta":{"_uag_custom_page_level_css":"","_coblocks_attr":"","_coblocks_dimensions":"","_coblocks_responsive_height":"","_coblocks_accordion_ie_support":"","footnotes":""},"class_list":["post-303676","page","type-page","status-publish"],"acf":[],"yoast_head":"<!-- This site is optimized with the Yoast SEO plugin v27.5 - https:\/\/yoast.com\/product\/yoast-seo-wordpress\/ -->\n<title>M\u1ee5c \u0111\u00edch + K\u1ebf ho\u1ea1ch l\u00e0m vi\u1ec7c - NASE<\/title>\n<meta name=\"robots\" content=\"index, follow, max-snippet:-1, max-image-preview:large, max-video-preview:-1\" \/>\n<link rel=\"canonical\" href=\"https:\/\/www.naseprogram.org\/vi\/purpose-work-plan\/\" \/>\n<meta property=\"og:locale\" content=\"vi_VN\" \/>\n<meta property=\"og:type\" content=\"article\" \/>\n<meta property=\"og:title\" content=\"M\u1ee5c \u0111\u00edch + K\u1ebf ho\u1ea1ch l\u00e0m vi\u1ec7c - NASE\" \/>\n<meta property=\"og:description\" content=\"M\u1ee4C \u0110\u00cdCH C\u00e1c kh\u00f3a h\u1ecdc mi\u1ec5n ph\u00ed c\u1ee7a NASE c\u00f3 m\u1ee5c ti\u00eau ch\u00ednh l\u00e0 th\u00fac \u0111\u1ea9y vi\u1ec7c gi\u1ea3ng d\u1ea1y c\u1ee7a c\u00e1c gi\u00e1o vi\u00ean \u0111\u00e0o t\u1ea1o v\u1ec1 thi\u00ean v\u0103n h\u1ecdc (ti\u1ec3u h\u1ecdc, trung h\u1ecdc v\u00e0 \u0111\u1ea1i h\u1ecdc) v\u00e0 th\u00fac \u0111\u1ea9y vi\u1ec7c gi\u1ea3ng d\u1ea1y \/ h\u1ecdc t\u1eadp t\u00edch c\u1ef1c c\u1ee7a ng\u00e0nh th\u00f4ng qua c\u00e1c m\u00f4 h\u00ecnh v\u00e0 ... Read more\" \/>\n<meta property=\"og:url\" content=\"https:\/\/www.naseprogram.org\/vi\/purpose-work-plan\/\" \/>\n<meta property=\"og:site_name\" content=\"NASE\" \/>\n<meta property=\"article:modified_time\" content=\"2022-09-18T12:41:56+00:00\" \/>\n<meta name=\"twitter:card\" content=\"summary_large_image\" \/>\n<meta name=\"twitter:label1\" content=\"Est. reading time\" \/>\n\t<meta name=\"twitter:data1\" content=\"6 minutes\" \/>\n<script type=\"application\/ld+json\" class=\"yoast-schema-graph\">{\"@context\":\"https:\\\/\\\/schema.org\",\"@graph\":[{\"@type\":\"WebPage\",\"@id\":\"https:\\\/\\\/www.naseprogram.org\\\/vi\\\/purpose-work-plan\\\/\",\"url\":\"https:\\\/\\\/www.naseprogram.org\\\/vi\\\/purpose-work-plan\\\/\",\"name\":\"M\u1ee5c \u0111\u00edch + K\u1ebf ho\u1ea1ch l\u00e0m vi\u1ec7c - NASE\",\"isPartOf\":{\"@id\":\"https:\\\/\\\/www.naseprogram.org\\\/vi\\\/#website\"},\"datePublished\":\"2021-12-31T13:51:13+00:00\",\"dateModified\":\"2022-09-18T12:41:56+00:00\",\"breadcrumb\":{\"@id\":\"https:\\\/\\\/www.naseprogram.org\\\/vi\\\/purpose-work-plan\\\/#breadcrumb\"},\"inLanguage\":\"vi-VN\",\"potentialAction\":[{\"@type\":\"ReadAction\",\"target\":[\"https:\\\/\\\/www.naseprogram.org\\\/vi\\\/purpose-work-plan\\\/\"]}]},{\"@type\":\"BreadcrumbList\",\"@id\":\"https:\\\/\\\/www.naseprogram.org\\\/vi\\\/purpose-work-plan\\\/#breadcrumb\",\"itemListElement\":[{\"@type\":\"ListItem\",\"position\":1,\"name\":\"Home\",\"item\":\"https:\\\/\\\/www.naseprogram.org\\\/vi\\\/\"},{\"@type\":\"ListItem\",\"position\":2,\"name\":\"M\u1ee5c \u0111\u00edch + K\u1ebf ho\u1ea1ch l\u00e0m vi\u1ec7c\"}]},{\"@type\":\"WebSite\",\"@id\":\"https:\\\/\\\/www.naseprogram.org\\\/vi\\\/#website\",\"url\":\"https:\\\/\\\/www.naseprogram.org\\\/vi\\\/\",\"name\":\"NASE\",\"description\":\"Network for Astronomy School Education\",\"publisher\":{\"@id\":\"https:\\\/\\\/www.naseprogram.org\\\/vi\\\/#organization\"},\"potentialAction\":[{\"@type\":\"SearchAction\",\"target\":{\"@type\":\"EntryPoint\",\"urlTemplate\":\"https:\\\/\\\/www.naseprogram.org\\\/vi\\\/?s={search_term_string}\"},\"query-input\":{\"@type\":\"PropertyValueSpecification\",\"valueRequired\":true,\"valueName\":\"search_term_string\"}}],\"inLanguage\":\"vi-VN\"},{\"@type\":\"Organization\",\"@id\":\"https:\\\/\\\/www.naseprogram.org\\\/vi\\\/#organization\",\"name\":\"NASE\",\"url\":\"https:\\\/\\\/www.naseprogram.org\\\/vi\\\/\",\"logo\":{\"@type\":\"ImageObject\",\"inLanguage\":\"vi-VN\",\"@id\":\"https:\\\/\\\/www.naseprogram.org\\\/vi\\\/#\\\/schema\\\/logo\\\/image\\\/\",\"url\":\"https:\\\/\\\/www.naseprogram.org\\\/wp-content\\\/uploads\\\/sites\\\/10\\\/2021\\\/12\\\/naselogo.png\",\"contentUrl\":\"https:\\\/\\\/www.naseprogram.org\\\/wp-content\\\/uploads\\\/sites\\\/10\\\/2021\\\/12\\\/naselogo.png\",\"width\":234,\"height\":91,\"caption\":\"NASE\"},\"image\":{\"@id\":\"https:\\\/\\\/www.naseprogram.org\\\/vi\\\/#\\\/schema\\\/logo\\\/image\\\/\"}}]}<\/script>\n<!-- \/ Yoast SEO plugin. -->","yoast_head_json":{"title":"M\u1ee5c \u0111\u00edch + K\u1ebf ho\u1ea1ch l\u00e0m vi\u1ec7c - NASE","robots":{"index":"index","follow":"follow","max-snippet":"max-snippet:-1","max-image-preview":"max-image-preview:large","max-video-preview":"max-video-preview:-1"},"canonical":"https:\/\/www.naseprogram.org\/vi\/purpose-work-plan\/","og_locale":"vi_VN","og_type":"article","og_title":"M\u1ee5c \u0111\u00edch + K\u1ebf ho\u1ea1ch l\u00e0m vi\u1ec7c - NASE","og_description":"M\u1ee4C \u0110\u00cdCH C\u00e1c kh\u00f3a h\u1ecdc mi\u1ec5n ph\u00ed c\u1ee7a NASE c\u00f3 m\u1ee5c ti\u00eau ch\u00ednh l\u00e0 th\u00fac \u0111\u1ea9y vi\u1ec7c gi\u1ea3ng d\u1ea1y c\u1ee7a c\u00e1c gi\u00e1o vi\u00ean \u0111\u00e0o t\u1ea1o v\u1ec1 thi\u00ean v\u0103n h\u1ecdc (ti\u1ec3u h\u1ecdc, trung h\u1ecdc v\u00e0 \u0111\u1ea1i h\u1ecdc) v\u00e0 th\u00fac \u0111\u1ea9y vi\u1ec7c gi\u1ea3ng d\u1ea1y \/ h\u1ecdc t\u1eadp t\u00edch c\u1ef1c c\u1ee7a ng\u00e0nh th\u00f4ng qua c\u00e1c m\u00f4 h\u00ecnh v\u00e0 ... Read more","og_url":"https:\/\/www.naseprogram.org\/vi\/purpose-work-plan\/","og_site_name":"NASE","article_modified_time":"2022-09-18T12:41:56+00:00","twitter_card":"summary_large_image","twitter_misc":{"Est. reading time":"6 minutes"},"schema":{"@context":"https:\/\/schema.org","@graph":[{"@type":"WebPage","@id":"https:\/\/www.naseprogram.org\/vi\/purpose-work-plan\/","url":"https:\/\/www.naseprogram.org\/vi\/purpose-work-plan\/","name":"M\u1ee5c \u0111\u00edch + K\u1ebf ho\u1ea1ch l\u00e0m vi\u1ec7c - NASE","isPartOf":{"@id":"https:\/\/www.naseprogram.org\/vi\/#website"},"datePublished":"2021-12-31T13:51:13+00:00","dateModified":"2022-09-18T12:41:56+00:00","breadcrumb":{"@id":"https:\/\/www.naseprogram.org\/vi\/purpose-work-plan\/#breadcrumb"},"inLanguage":"vi-VN","potentialAction":[{"@type":"ReadAction","target":["https:\/\/www.naseprogram.org\/vi\/purpose-work-plan\/"]}]},{"@type":"BreadcrumbList","@id":"https:\/\/www.naseprogram.org\/vi\/purpose-work-plan\/#breadcrumb","itemListElement":[{"@type":"ListItem","position":1,"name":"Home","item":"https:\/\/www.naseprogram.org\/vi\/"},{"@type":"ListItem","position":2,"name":"M\u1ee5c \u0111\u00edch + K\u1ebf ho\u1ea1ch l\u00e0m vi\u1ec7c"}]},{"@type":"WebSite","@id":"https:\/\/www.naseprogram.org\/vi\/#website","url":"https:\/\/www.naseprogram.org\/vi\/","name":"NASE","description":"Network for Astronomy School Education","publisher":{"@id":"https:\/\/www.naseprogram.org\/vi\/#organization"},"potentialAction":[{"@type":"SearchAction","target":{"@type":"EntryPoint","urlTemplate":"https:\/\/www.naseprogram.org\/vi\/?s={search_term_string}"},"query-input":{"@type":"PropertyValueSpecification","valueRequired":true,"valueName":"search_term_string"}}],"inLanguage":"vi-VN"},{"@type":"Organization","@id":"https:\/\/www.naseprogram.org\/vi\/#organization","name":"NASE","url":"https:\/\/www.naseprogram.org\/vi\/","logo":{"@type":"ImageObject","inLanguage":"vi-VN","@id":"https:\/\/www.naseprogram.org\/vi\/#\/schema\/logo\/image\/","url":"https:\/\/www.naseprogram.org\/wp-content\/uploads\/sites\/10\/2021\/12\/naselogo.png","contentUrl":"https:\/\/www.naseprogram.org\/wp-content\/uploads\/sites\/10\/2021\/12\/naselogo.png","width":234,"height":91,"caption":"NASE"},"image":{"@id":"https:\/\/www.naseprogram.org\/vi\/#\/schema\/logo\/image\/"}}]}},"uagb_featured_image_src":{"full":false,"thumbnail":false,"medium":false,"medium_large":false,"large":false,"1536x1536":false,"2048x2048":false},"uagb_author_info":{"display_name":"lifetimemedia","author_link":"https:\/\/www.naseprogram.org\/vi\/author\/lifetimemedia\/"},"uagb_comment_info":0,"uagb_excerpt":"M\u1ee4C \u0110\u00cdCH C\u00e1c kh\u00f3a h\u1ecdc mi\u1ec5n ph\u00ed c\u1ee7a NASE c\u00f3 m\u1ee5c ti\u00eau ch\u00ednh l\u00e0 th\u00fac \u0111\u1ea9y vi\u1ec7c gi\u1ea3ng d\u1ea1y c\u1ee7a c\u00e1c gi\u00e1o vi\u00ean \u0111\u00e0o t\u1ea1o v\u1ec1 thi\u00ean v\u0103n h\u1ecdc (ti\u1ec3u h\u1ecdc, trung h\u1ecdc v\u00e0 \u0111\u1ea1i h\u1ecdc) v\u00e0 th\u00fac \u0111\u1ea9y vi\u1ec7c gi\u1ea3ng d\u1ea1y \/ h\u1ecdc t\u1eadp t\u00edch c\u1ef1c c\u1ee7a ng\u00e0nh th\u00f4ng qua c\u00e1c m\u00f4 h\u00ecnh v\u00e0&hellip;","_links":{"self":[{"href":"https:\/\/www.naseprogram.org\/vi\/wp-json\/wp\/v2\/pages\/303676","targetHints":{"allow":["GET"]}}],"collection":[{"href":"https:\/\/www.naseprogram.org\/vi\/wp-json\/wp\/v2\/pages"}],"about":[{"href":"https:\/\/www.naseprogram.org\/vi\/wp-json\/wp\/v2\/types\/page"}],"author":[{"embeddable":true,"href":"https:\/\/www.naseprogram.org\/vi\/wp-json\/wp\/v2\/users\/12"}],"replies":[{"embeddable":true,"href":"https:\/\/www.naseprogram.org\/vi\/wp-json\/wp\/v2\/comments?post=303676"}],"version-history":[{"count":3,"href":"https:\/\/www.naseprogram.org\/vi\/wp-json\/wp\/v2\/pages\/303676\/revisions"}],"predecessor-version":[{"id":310841,"href":"https:\/\/www.naseprogram.org\/vi\/wp-json\/wp\/v2\/pages\/303676\/revisions\/310841"}],"wp:attachment":[{"href":"https:\/\/www.naseprogram.org\/vi\/wp-json\/wp\/v2\/media?parent=303676"}],"curies":[{"name":"wp","href":"https:\/\/api.w.org\/{rel}","templated":true}]}}