{"id":303698,"date":"2021-12-31T10:50:26","date_gmt":"2021-12-31T13:50:26","guid":{"rendered":"https:\/\/naseprogram.wp-ms.ahuekna.org.ar\/iau-unesco-projects\/"},"modified":"2023-04-13T18:18:51","modified_gmt":"2023-04-13T21:18:51","slug":"iau-unesco-projects","status":"publish","type":"page","link":"https:\/\/www.naseprogram.org\/vi\/iau-unesco-projects\/","title":{"rendered":"C\u00e1c d\u1ef1 \u00e1n c\u1ee7a IAU \/ UNESCO"},"content":{"rendered":"\n<p>\u0110\u1ec3 k\u1ef7 ni\u1ec7m Ng\u00e0y Qu\u1ed1c t\u1ebf \u00c1nh s\u00e1ng do UNESCO t\u1ed5 ch\u1ee9c h\u00e0ng n\u0103m, NASE \u0111\u1ec1 xu\u1ea5t t\u1ea5t c\u1ea3 nh\u1eefng ng\u01b0\u1eddi tham gia v\u00e0 h\u01b0\u1edbng d\u1eabn vi\u00ean c\u1ee7a m\u00ecnh th\u1ef1c hi\u1ec7n m\u1ed9t tr\u1ea3i nghi\u1ec7m \u0111\u01a1n gi\u1ea3n nh\u01b0ng c\u00f3 \u00fd ngh\u0129a gi\u00e1o d\u1ee5c l\u1edbn.<br>M\u1eb7c d\u00f9 ng\u00e0y \u00e1nh s\u00e1ng l\u00e0 ng\u00e0y 16 th\u00e1ng 5, n\u00f3 \u0111\u01b0\u1ee3c \u0111\u1ec1 xu\u1ea5t cho t\u1ea5t c\u1ea3 nh\u1eefng ng\u01b0\u1eddi tham gia th\u1ef1c hi\u1ec7n trong su\u1ed1t n\u1eeda n\u0103m, t\u1eeb \u0111i\u1ec3m ph\u00e2n th\u00e1ng Ba \u0111\u1ebfn \u0111i\u1ec3m ph\u00e2n th\u00e1ng ch\u00edn. N\u00f3 kh\u00f4ng gi\u1edbi h\u1ea1n \u0111\u1ebfn ng\u00e0y 16 th\u00e1ng 5 b\u1edfi v\u00ec, nh\u01b0 \u0111\u00e3 bi\u1ebft, ng\u00e0y n\u00e0y r\u01a1i v\u00e0o m\u00f9a m\u01b0a \u1edf m\u1ed9t s\u1ed1 qu\u1ed1c gia. V\u00ec l\u00fd do n\u00e0y, gi\u00e1o vi\u00ean quan t\u00e2m c\u00f3 th\u1ec3 \u0111\u01b0\u1ee3c th\u1ef1c hi\u1ec7n v\u1edbi h\u1ecdc sinh c\u1ee7a h\u1ecd trong n\u1eeda n\u0103m. Ch\u00fang t\u00f4i y\u00eau c\u1ea7u b\u1ea1n g\u1eedi cho ch\u00fang t\u00f4i m\u1ed9t s\u1ed1 \u1ea3nh ch\u1ee9ng th\u1ef1c v\u00e0 d\u1eef li\u1ec7u trong c\u00e1c quan s\u00e1t thu \u0111\u01b0\u1ee3c trong qu\u00e1 tr\u00ecnh ph\u00e1t tri\u1ec3n tr\u1ea3i nghi\u1ec7m. B\u1ea3ng trong t\u00e0i li\u1ec7u gi\u1edbi thi\u1ec7u \u0111\u1ec3 \u0111\u1ecdc \u0111\u1ec3 chu\u1ea9n b\u1ecb cho kinh nghi\u1ec7m. Ch\u00fac may m\u1eafn v\u00e0 c\u00f3 m\u1ed9t ng\u00e0y ho\u1eb7c \u0111\u00eam kh\u00f4ng c\u00f3 m\u00e2y \u0111\u1ec3 l\u00e0m nh\u01b0 v\u1eady.<\/p>\n\n\n\n<p><a href=\"https:\/\/www.lightday.org\/events\" target=\"_blank\" rel=\"noreferrer noopener\">Li\u00ean k\u1ebft \u0111\u1ebfn trang web c\u1ee7a UNESCO c\u00f3 t\u1ea5t c\u1ea3 c\u00e1c c\u00f4ng tr\u00ecnh (d\u1ef1 \u00e1n NASE xu\u1ea5t hi\u1ec7n \u1edf cu\u1ed1i, trong &#8220;to\u00e0n th\u1ebf gi\u1edbi&#8221;)<\/a><\/p>\n","protected":false},"excerpt":{"rendered":"<p>\u0110\u1ec3 k\u1ef7 ni\u1ec7m Ng\u00e0y Qu\u1ed1c t\u1ebf \u00c1nh s\u00e1ng do UNESCO t\u1ed5 ch\u1ee9c h\u00e0ng n\u0103m, NASE \u0111\u1ec1 xu\u1ea5t t\u1ea5t c\u1ea3 nh\u1eefng ng\u01b0\u1eddi tham gia v\u00e0 h\u01b0\u1edbng d\u1eabn vi\u00ean c\u1ee7a m\u00ecnh th\u1ef1c hi\u1ec7n m\u1ed9t tr\u1ea3i nghi\u1ec7m \u0111\u01a1n gi\u1ea3n nh\u01b0ng c\u00f3 \u00fd ngh\u0129a gi\u00e1o d\u1ee5c l\u1edbn.M\u1eb7c d\u00f9 ng\u00e0y \u00e1nh s\u00e1ng l\u00e0 ng\u00e0y 16 th\u00e1ng 5, n\u00f3 \u0111\u01b0\u1ee3c \u0111\u1ec1 &#8230; <a title=\"C\u00e1c d\u1ef1 \u00e1n c\u1ee7a IAU \/ UNESCO\" class=\"read-more\" href=\"https:\/\/www.naseprogram.org\/vi\/iau-unesco-projects\/\" aria-label=\"More on C\u00e1c d\u1ef1 \u00e1n c\u1ee7a IAU \/ UNESCO\">Read more<\/a><\/p>\n","protected":false},"author":12,"featured_media":0,"parent":0,"menu_order":0,"comment_status":"closed","ping_status":"closed","template":"","meta":{"_uag_custom_page_level_css":"","_coblocks_attr":"","_coblocks_dimensions":"","_coblocks_responsive_height":"","_coblocks_accordion_ie_support":"","footnotes":""},"class_list":["post-303698","page","type-page","status-publish"],"acf":[],"yoast_head":"<!-- This site is optimized with the Yoast SEO plugin v27.4 - https:\/\/yoast.com\/product\/yoast-seo-wordpress\/ -->\n<title>C\u00e1c d\u1ef1 \u00e1n c\u1ee7a IAU \/ UNESCO - NASE<\/title>\n<meta name=\"robots\" content=\"index, follow, max-snippet:-1, max-image-preview:large, max-video-preview:-1\" \/>\n<link rel=\"canonical\" href=\"https:\/\/www.naseprogram.org\/vi\/iau-unesco-projects\/\" \/>\n<meta property=\"og:locale\" content=\"vi_VN\" \/>\n<meta property=\"og:type\" content=\"article\" \/>\n<meta property=\"og:title\" content=\"C\u00e1c d\u1ef1 \u00e1n c\u1ee7a IAU \/ UNESCO - NASE\" \/>\n<meta property=\"og:description\" content=\"\u0110\u1ec3 k\u1ef7 ni\u1ec7m Ng\u00e0y Qu\u1ed1c t\u1ebf \u00c1nh s\u00e1ng do UNESCO t\u1ed5 ch\u1ee9c h\u00e0ng n\u0103m, NASE \u0111\u1ec1 xu\u1ea5t t\u1ea5t c\u1ea3 nh\u1eefng ng\u01b0\u1eddi tham gia v\u00e0 h\u01b0\u1edbng d\u1eabn vi\u00ean c\u1ee7a m\u00ecnh th\u1ef1c hi\u1ec7n m\u1ed9t tr\u1ea3i nghi\u1ec7m \u0111\u01a1n gi\u1ea3n nh\u01b0ng c\u00f3 \u00fd ngh\u0129a gi\u00e1o d\u1ee5c l\u1edbn.M\u1eb7c d\u00f9 ng\u00e0y \u00e1nh s\u00e1ng l\u00e0 ng\u00e0y 16 th\u00e1ng 5, n\u00f3 \u0111\u01b0\u1ee3c \u0111\u1ec1 ... Read more\" \/>\n<meta property=\"og:url\" content=\"https:\/\/www.naseprogram.org\/vi\/iau-unesco-projects\/\" \/>\n<meta property=\"og:site_name\" content=\"NASE\" \/>\n<meta property=\"article:modified_time\" content=\"2023-04-13T21:18:51+00:00\" \/>\n<meta name=\"twitter:card\" content=\"summary_large_image\" \/>\n<meta name=\"twitter:label1\" content=\"Est. reading time\" \/>\n\t<meta name=\"twitter:data1\" content=\"1 minute\" \/>\n<script type=\"application\/ld+json\" class=\"yoast-schema-graph\">{\"@context\":\"https:\\\/\\\/schema.org\",\"@graph\":[{\"@type\":\"WebPage\",\"@id\":\"https:\\\/\\\/www.naseprogram.org\\\/vi\\\/iau-unesco-projects\\\/\",\"url\":\"https:\\\/\\\/www.naseprogram.org\\\/vi\\\/iau-unesco-projects\\\/\",\"name\":\"C\u00e1c d\u1ef1 \u00e1n c\u1ee7a IAU \\\/ UNESCO - NASE\",\"isPartOf\":{\"@id\":\"https:\\\/\\\/www.naseprogram.org\\\/vi\\\/#website\"},\"datePublished\":\"2021-12-31T13:50:26+00:00\",\"dateModified\":\"2023-04-13T21:18:51+00:00\",\"breadcrumb\":{\"@id\":\"https:\\\/\\\/www.naseprogram.org\\\/vi\\\/iau-unesco-projects\\\/#breadcrumb\"},\"inLanguage\":\"vi-VN\",\"potentialAction\":[{\"@type\":\"ReadAction\",\"target\":[\"https:\\\/\\\/www.naseprogram.org\\\/vi\\\/iau-unesco-projects\\\/\"]}]},{\"@type\":\"BreadcrumbList\",\"@id\":\"https:\\\/\\\/www.naseprogram.org\\\/vi\\\/iau-unesco-projects\\\/#breadcrumb\",\"itemListElement\":[{\"@type\":\"ListItem\",\"position\":1,\"name\":\"Home\",\"item\":\"https:\\\/\\\/www.naseprogram.org\\\/vi\\\/\"},{\"@type\":\"ListItem\",\"position\":2,\"name\":\"C\u00e1c d\u1ef1 \u00e1n c\u1ee7a IAU \\\/ UNESCO\"}]},{\"@type\":\"WebSite\",\"@id\":\"https:\\\/\\\/www.naseprogram.org\\\/vi\\\/#website\",\"url\":\"https:\\\/\\\/www.naseprogram.org\\\/vi\\\/\",\"name\":\"NASE\",\"description\":\"Network for Astronomy School Education\",\"publisher\":{\"@id\":\"https:\\\/\\\/www.naseprogram.org\\\/vi\\\/#organization\"},\"potentialAction\":[{\"@type\":\"SearchAction\",\"target\":{\"@type\":\"EntryPoint\",\"urlTemplate\":\"https:\\\/\\\/www.naseprogram.org\\\/vi\\\/?s={search_term_string}\"},\"query-input\":{\"@type\":\"PropertyValueSpecification\",\"valueRequired\":true,\"valueName\":\"search_term_string\"}}],\"inLanguage\":\"vi-VN\"},{\"@type\":\"Organization\",\"@id\":\"https:\\\/\\\/www.naseprogram.org\\\/vi\\\/#organization\",\"name\":\"NASE\",\"url\":\"https:\\\/\\\/www.naseprogram.org\\\/vi\\\/\",\"logo\":{\"@type\":\"ImageObject\",\"inLanguage\":\"vi-VN\",\"@id\":\"https:\\\/\\\/www.naseprogram.org\\\/vi\\\/#\\\/schema\\\/logo\\\/image\\\/\",\"url\":\"https:\\\/\\\/www.naseprogram.org\\\/wp-content\\\/uploads\\\/sites\\\/10\\\/2021\\\/12\\\/naselogo.png\",\"contentUrl\":\"https:\\\/\\\/www.naseprogram.org\\\/wp-content\\\/uploads\\\/sites\\\/10\\\/2021\\\/12\\\/naselogo.png\",\"width\":234,\"height\":91,\"caption\":\"NASE\"},\"image\":{\"@id\":\"https:\\\/\\\/www.naseprogram.org\\\/vi\\\/#\\\/schema\\\/logo\\\/image\\\/\"}}]}<\/script>\n<!-- \/ Yoast SEO plugin. -->","yoast_head_json":{"title":"C\u00e1c d\u1ef1 \u00e1n c\u1ee7a IAU \/ UNESCO - NASE","robots":{"index":"index","follow":"follow","max-snippet":"max-snippet:-1","max-image-preview":"max-image-preview:large","max-video-preview":"max-video-preview:-1"},"canonical":"https:\/\/www.naseprogram.org\/vi\/iau-unesco-projects\/","og_locale":"vi_VN","og_type":"article","og_title":"C\u00e1c d\u1ef1 \u00e1n c\u1ee7a IAU \/ UNESCO - NASE","og_description":"\u0110\u1ec3 k\u1ef7 ni\u1ec7m Ng\u00e0y Qu\u1ed1c t\u1ebf \u00c1nh s\u00e1ng do UNESCO t\u1ed5 ch\u1ee9c h\u00e0ng n\u0103m, NASE \u0111\u1ec1 xu\u1ea5t t\u1ea5t c\u1ea3 nh\u1eefng ng\u01b0\u1eddi tham gia v\u00e0 h\u01b0\u1edbng d\u1eabn vi\u00ean c\u1ee7a m\u00ecnh th\u1ef1c hi\u1ec7n m\u1ed9t tr\u1ea3i nghi\u1ec7m \u0111\u01a1n gi\u1ea3n nh\u01b0ng c\u00f3 \u00fd ngh\u0129a gi\u00e1o d\u1ee5c l\u1edbn.M\u1eb7c d\u00f9 ng\u00e0y \u00e1nh s\u00e1ng l\u00e0 ng\u00e0y 16 th\u00e1ng 5, n\u00f3 \u0111\u01b0\u1ee3c \u0111\u1ec1 ... Read more","og_url":"https:\/\/www.naseprogram.org\/vi\/iau-unesco-projects\/","og_site_name":"NASE","article_modified_time":"2023-04-13T21:18:51+00:00","twitter_card":"summary_large_image","twitter_misc":{"Est. reading time":"1 minute"},"schema":{"@context":"https:\/\/schema.org","@graph":[{"@type":"WebPage","@id":"https:\/\/www.naseprogram.org\/vi\/iau-unesco-projects\/","url":"https:\/\/www.naseprogram.org\/vi\/iau-unesco-projects\/","name":"C\u00e1c d\u1ef1 \u00e1n c\u1ee7a IAU \/ UNESCO - NASE","isPartOf":{"@id":"https:\/\/www.naseprogram.org\/vi\/#website"},"datePublished":"2021-12-31T13:50:26+00:00","dateModified":"2023-04-13T21:18:51+00:00","breadcrumb":{"@id":"https:\/\/www.naseprogram.org\/vi\/iau-unesco-projects\/#breadcrumb"},"inLanguage":"vi-VN","potentialAction":[{"@type":"ReadAction","target":["https:\/\/www.naseprogram.org\/vi\/iau-unesco-projects\/"]}]},{"@type":"BreadcrumbList","@id":"https:\/\/www.naseprogram.org\/vi\/iau-unesco-projects\/#breadcrumb","itemListElement":[{"@type":"ListItem","position":1,"name":"Home","item":"https:\/\/www.naseprogram.org\/vi\/"},{"@type":"ListItem","position":2,"name":"C\u00e1c d\u1ef1 \u00e1n c\u1ee7a IAU \/ UNESCO"}]},{"@type":"WebSite","@id":"https:\/\/www.naseprogram.org\/vi\/#website","url":"https:\/\/www.naseprogram.org\/vi\/","name":"NASE","description":"Network for Astronomy School Education","publisher":{"@id":"https:\/\/www.naseprogram.org\/vi\/#organization"},"potentialAction":[{"@type":"SearchAction","target":{"@type":"EntryPoint","urlTemplate":"https:\/\/www.naseprogram.org\/vi\/?s={search_term_string}"},"query-input":{"@type":"PropertyValueSpecification","valueRequired":true,"valueName":"search_term_string"}}],"inLanguage":"vi-VN"},{"@type":"Organization","@id":"https:\/\/www.naseprogram.org\/vi\/#organization","name":"NASE","url":"https:\/\/www.naseprogram.org\/vi\/","logo":{"@type":"ImageObject","inLanguage":"vi-VN","@id":"https:\/\/www.naseprogram.org\/vi\/#\/schema\/logo\/image\/","url":"https:\/\/www.naseprogram.org\/wp-content\/uploads\/sites\/10\/2021\/12\/naselogo.png","contentUrl":"https:\/\/www.naseprogram.org\/wp-content\/uploads\/sites\/10\/2021\/12\/naselogo.png","width":234,"height":91,"caption":"NASE"},"image":{"@id":"https:\/\/www.naseprogram.org\/vi\/#\/schema\/logo\/image\/"}}]}},"uagb_featured_image_src":{"full":false,"thumbnail":false,"medium":false,"medium_large":false,"large":false,"1536x1536":false,"2048x2048":false},"uagb_author_info":{"display_name":"lifetimemedia","author_link":"https:\/\/www.naseprogram.org\/vi\/author\/lifetimemedia\/"},"uagb_comment_info":0,"uagb_excerpt":"\u0110\u1ec3 k\u1ef7 ni\u1ec7m Ng\u00e0y Qu\u1ed1c t\u1ebf \u00c1nh s\u00e1ng do UNESCO t\u1ed5 ch\u1ee9c h\u00e0ng n\u0103m, NASE \u0111\u1ec1 xu\u1ea5t t\u1ea5t c\u1ea3 nh\u1eefng ng\u01b0\u1eddi tham gia v\u00e0 h\u01b0\u1edbng d\u1eabn vi\u00ean c\u1ee7a m\u00ecnh th\u1ef1c hi\u1ec7n m\u1ed9t tr\u1ea3i nghi\u1ec7m \u0111\u01a1n gi\u1ea3n nh\u01b0ng c\u00f3 \u00fd ngh\u0129a gi\u00e1o d\u1ee5c l\u1edbn.M\u1eb7c d\u00f9 ng\u00e0y \u00e1nh s\u00e1ng l\u00e0 ng\u00e0y 16 th\u00e1ng 5, n\u00f3 \u0111\u01b0\u1ee3c \u0111\u1ec1&hellip;","_links":{"self":[{"href":"https:\/\/www.naseprogram.org\/vi\/wp-json\/wp\/v2\/pages\/303698","targetHints":{"allow":["GET"]}}],"collection":[{"href":"https:\/\/www.naseprogram.org\/vi\/wp-json\/wp\/v2\/pages"}],"about":[{"href":"https:\/\/www.naseprogram.org\/vi\/wp-json\/wp\/v2\/types\/page"}],"author":[{"embeddable":true,"href":"https:\/\/www.naseprogram.org\/vi\/wp-json\/wp\/v2\/users\/12"}],"replies":[{"embeddable":true,"href":"https:\/\/www.naseprogram.org\/vi\/wp-json\/wp\/v2\/comments?post=303698"}],"version-history":[{"count":4,"href":"https:\/\/www.naseprogram.org\/vi\/wp-json\/wp\/v2\/pages\/303698\/revisions"}],"predecessor-version":[{"id":310758,"href":"https:\/\/www.naseprogram.org\/vi\/wp-json\/wp\/v2\/pages\/303698\/revisions\/310758"}],"wp:attachment":[{"href":"https:\/\/www.naseprogram.org\/vi\/wp-json\/wp\/v2\/media?parent=303698"}],"curies":[{"name":"wp","href":"https:\/\/api.w.org\/{rel}","templated":true}]}}