{"id":303753,"date":"2021-12-31T10:46:21","date_gmt":"2021-12-31T13:46:21","guid":{"rendered":"https:\/\/naseprogram.wp-ms.ahuekna.org.ar\/content-and-modalities\/"},"modified":"2022-09-18T09:02:20","modified_gmt":"2022-09-18T12:02:20","slug":"content-and-modalities","status":"publish","type":"page","link":"https:\/\/www.naseprogram.org\/vi\/content-and-modalities\/","title":{"rendered":"N\u1ed9i dung v\u00e0 ph\u01b0\u01a1ng th\u1ee9c"},"content":{"rendered":"\n<p><strong>M\u1ee4C \u0110\u00cdCH<\/strong><\/p>\n\n\n\n<p>C\u00e1c kh\u00f3a h\u1ecdc mi\u1ec5n ph\u00ed c\u1ee7a NASE c\u00f3 m\u1ee5c ti\u00eau ch\u00ednh l\u00e0 th\u00fac \u0111\u1ea9y vi\u1ec7c gi\u1ea3ng d\u1ea1y c\u1ee7a gi\u00e1o vi\u00ean thi\u00ean v\u0103n (ti\u1ec3u h\u1ecdc, trung h\u1ecdc v\u00e0 \u0111\u1ea1i h\u1ecdc) v\u00e0 th\u00fac \u0111\u1ea9y vi\u1ec7c d\u1ea1y \/ h\u1ecdc t\u00edch c\u1ef1c v\u1ec1 m\u00f4n h\u1ecdc th\u00f4ng qua c\u00e1c m\u00f4 h\u00ecnh v\u00e0 quan s\u00e1t c\u00e1c hi\u1ec7n t\u01b0\u1ee3ng.<\/p>\n\n\n\n<p><strong>Y\u00caU C\u1ea6U V\u00c0 \/ HO\u1eb6C KINH NGHI\u1ec6M CHUY\u00caN NGHI\u1ec6P Y\u00caU C\u1ea6U<\/strong><\/p>\n\n\n\n<p>Gi\u00e1o vi\u00ean ti\u1ec3u h\u1ecdc, gi\u00e1o vi\u00ean trung h\u1ecdc \u1edf b\u1ea5t k\u1ef3 khu v\u1ef1c n\u00e0o, gi\u00e1o vi\u00ean \u0111\u1ea1i h\u1ecdc (gi\u00e1o vi\u00ean khoa h\u1ecdc) v\u00e0 c\u00e1c ngh\u1ec1 nghi\u1ec7p \u0111\u1ea1i h\u1ecdc ch\u00ednh t\u01b0\u01a1ng t\u1ef1 kh\u00e1c, sinh vi\u00ean kh\u00f3a h\u1ecdc gi\u00e1o vi\u00ean n\u00e2ng cao.<\/p>\n\n\n\n<p>Kh\u00f4ng c\u00f3 ki\u1ebfn th\u1ee9c tr\u01b0\u1edbc \u0111\u00e2y v\u1ec1 thi\u00ean v\u0103n h\u1ecdc l\u00e0 c\u1ea7n thi\u1ebft.<\/p>\n\n\n\n<p><strong>\u0110\u1ecaNH D\u1ea0NG &#8211;<\/strong> (T\u1ea5t c\u1ea3 c\u00e1c kh\u00f3a h\u1ecdc c\u00f3 th\u1ec3 \u0111\u01b0\u1ee3c cung c\u1ea5p tr\u1ef1c ti\u1ebfp, tr\u1ef1c tuy\u1ebfn ho\u1eb7c k\u1ebft h\u1ee3p)<\/p>\n\n\n\n<p>Kh\u00f3a h\u1ecdc chung v\u1ec1 thi\u00ean v\u0103n h\u1ecdc v\u00e0 v\u1eadt l\u00fd thi\u00ean v\u0103n bao g\u1ed3m 4 ng\u00e0y c\u00e1c l\u1edbp h\u1ecdc v\u1ec1 c\u00e1c kh\u00e1i ni\u1ec7m thi\u00ean v\u0103n c\u01a1 b\u1ea3n v\u00e0 bao g\u1ed3m c\u00e1c quan s\u00e1t v\u00e0 m\u1ed9t chuy\u1ebfn tham quan thi\u00ean v\u0103n. Gi\u1edbi thi\u1ec7u 4 l\u1edbp h\u1ecdc, 10 h\u1ed9i th\u1ea3o v\u00e0 3 nh\u00f3m l\u00e0m vi\u1ec7c.<\/p>\n","protected":false},"excerpt":{"rendered":"<p>M\u1ee4C \u0110\u00cdCH C\u00e1c kh\u00f3a h\u1ecdc mi\u1ec5n ph\u00ed c\u1ee7a NASE c\u00f3 m\u1ee5c ti\u00eau ch\u00ednh l\u00e0 th\u00fac \u0111\u1ea9y vi\u1ec7c gi\u1ea3ng d\u1ea1y c\u1ee7a gi\u00e1o vi\u00ean thi\u00ean v\u0103n (ti\u1ec3u h\u1ecdc, trung h\u1ecdc v\u00e0 \u0111\u1ea1i h\u1ecdc) v\u00e0 th\u00fac \u0111\u1ea9y vi\u1ec7c d\u1ea1y \/ h\u1ecdc t\u00edch c\u1ef1c v\u1ec1 m\u00f4n h\u1ecdc th\u00f4ng qua c\u00e1c m\u00f4 h\u00ecnh v\u00e0 quan s\u00e1t c\u00e1c hi\u1ec7n t\u01b0\u1ee3ng. Y\u00caU &#8230; <a title=\"N\u1ed9i dung v\u00e0 ph\u01b0\u01a1ng th\u1ee9c\" class=\"read-more\" href=\"https:\/\/www.naseprogram.org\/vi\/content-and-modalities\/\" aria-label=\"More on N\u1ed9i dung v\u00e0 ph\u01b0\u01a1ng th\u1ee9c\">Read more<\/a><\/p>\n","protected":false},"author":12,"featured_media":0,"parent":0,"menu_order":0,"comment_status":"closed","ping_status":"closed","template":"","meta":{"_uag_custom_page_level_css":"","_coblocks_attr":"","_coblocks_dimensions":"","_coblocks_responsive_height":"","_coblocks_accordion_ie_support":"","footnotes":""},"class_list":["post-303753","page","type-page","status-publish"],"acf":[],"yoast_head":"<!-- This site is optimized with the Yoast SEO plugin v27.4 - https:\/\/yoast.com\/product\/yoast-seo-wordpress\/ -->\n<title>N\u1ed9i dung v\u00e0 ph\u01b0\u01a1ng th\u1ee9c - NASE<\/title>\n<meta name=\"robots\" content=\"index, follow, max-snippet:-1, max-image-preview:large, max-video-preview:-1\" \/>\n<link rel=\"canonical\" href=\"https:\/\/www.naseprogram.org\/vi\/content-and-modalities\/\" \/>\n<meta property=\"og:locale\" content=\"vi_VN\" \/>\n<meta property=\"og:type\" content=\"article\" \/>\n<meta property=\"og:title\" content=\"N\u1ed9i dung v\u00e0 ph\u01b0\u01a1ng th\u1ee9c - NASE\" \/>\n<meta property=\"og:description\" content=\"M\u1ee4C \u0110\u00cdCH C\u00e1c kh\u00f3a h\u1ecdc mi\u1ec5n ph\u00ed c\u1ee7a NASE c\u00f3 m\u1ee5c ti\u00eau ch\u00ednh l\u00e0 th\u00fac \u0111\u1ea9y vi\u1ec7c gi\u1ea3ng d\u1ea1y c\u1ee7a gi\u00e1o vi\u00ean thi\u00ean v\u0103n (ti\u1ec3u h\u1ecdc, trung h\u1ecdc v\u00e0 \u0111\u1ea1i h\u1ecdc) v\u00e0 th\u00fac \u0111\u1ea9y vi\u1ec7c d\u1ea1y \/ h\u1ecdc t\u00edch c\u1ef1c v\u1ec1 m\u00f4n h\u1ecdc th\u00f4ng qua c\u00e1c m\u00f4 h\u00ecnh v\u00e0 quan s\u00e1t c\u00e1c hi\u1ec7n t\u01b0\u1ee3ng. Y\u00caU ... Read more\" \/>\n<meta property=\"og:url\" content=\"https:\/\/www.naseprogram.org\/vi\/content-and-modalities\/\" \/>\n<meta property=\"og:site_name\" content=\"NASE\" \/>\n<meta property=\"article:modified_time\" content=\"2022-09-18T12:02:20+00:00\" \/>\n<meta name=\"twitter:card\" content=\"summary_large_image\" \/>\n<meta name=\"twitter:label1\" content=\"Est. reading time\" \/>\n\t<meta name=\"twitter:data1\" content=\"1 minute\" \/>\n<script type=\"application\/ld+json\" class=\"yoast-schema-graph\">{\"@context\":\"https:\\\/\\\/schema.org\",\"@graph\":[{\"@type\":\"WebPage\",\"@id\":\"https:\\\/\\\/www.naseprogram.org\\\/vi\\\/content-and-modalities\\\/\",\"url\":\"https:\\\/\\\/www.naseprogram.org\\\/vi\\\/content-and-modalities\\\/\",\"name\":\"N\u1ed9i dung v\u00e0 ph\u01b0\u01a1ng th\u1ee9c - NASE\",\"isPartOf\":{\"@id\":\"https:\\\/\\\/www.naseprogram.org\\\/vi\\\/#website\"},\"datePublished\":\"2021-12-31T13:46:21+00:00\",\"dateModified\":\"2022-09-18T12:02:20+00:00\",\"breadcrumb\":{\"@id\":\"https:\\\/\\\/www.naseprogram.org\\\/vi\\\/content-and-modalities\\\/#breadcrumb\"},\"inLanguage\":\"vi-VN\",\"potentialAction\":[{\"@type\":\"ReadAction\",\"target\":[\"https:\\\/\\\/www.naseprogram.org\\\/vi\\\/content-and-modalities\\\/\"]}]},{\"@type\":\"BreadcrumbList\",\"@id\":\"https:\\\/\\\/www.naseprogram.org\\\/vi\\\/content-and-modalities\\\/#breadcrumb\",\"itemListElement\":[{\"@type\":\"ListItem\",\"position\":1,\"name\":\"Home\",\"item\":\"https:\\\/\\\/www.naseprogram.org\\\/vi\\\/\"},{\"@type\":\"ListItem\",\"position\":2,\"name\":\"N\u1ed9i dung v\u00e0 ph\u01b0\u01a1ng th\u1ee9c\"}]},{\"@type\":\"WebSite\",\"@id\":\"https:\\\/\\\/www.naseprogram.org\\\/vi\\\/#website\",\"url\":\"https:\\\/\\\/www.naseprogram.org\\\/vi\\\/\",\"name\":\"NASE\",\"description\":\"Network for Astronomy School Education\",\"publisher\":{\"@id\":\"https:\\\/\\\/www.naseprogram.org\\\/vi\\\/#organization\"},\"potentialAction\":[{\"@type\":\"SearchAction\",\"target\":{\"@type\":\"EntryPoint\",\"urlTemplate\":\"https:\\\/\\\/www.naseprogram.org\\\/vi\\\/?s={search_term_string}\"},\"query-input\":{\"@type\":\"PropertyValueSpecification\",\"valueRequired\":true,\"valueName\":\"search_term_string\"}}],\"inLanguage\":\"vi-VN\"},{\"@type\":\"Organization\",\"@id\":\"https:\\\/\\\/www.naseprogram.org\\\/vi\\\/#organization\",\"name\":\"NASE\",\"url\":\"https:\\\/\\\/www.naseprogram.org\\\/vi\\\/\",\"logo\":{\"@type\":\"ImageObject\",\"inLanguage\":\"vi-VN\",\"@id\":\"https:\\\/\\\/www.naseprogram.org\\\/vi\\\/#\\\/schema\\\/logo\\\/image\\\/\",\"url\":\"https:\\\/\\\/www.naseprogram.org\\\/wp-content\\\/uploads\\\/sites\\\/10\\\/2021\\\/12\\\/naselogo.png\",\"contentUrl\":\"https:\\\/\\\/www.naseprogram.org\\\/wp-content\\\/uploads\\\/sites\\\/10\\\/2021\\\/12\\\/naselogo.png\",\"width\":234,\"height\":91,\"caption\":\"NASE\"},\"image\":{\"@id\":\"https:\\\/\\\/www.naseprogram.org\\\/vi\\\/#\\\/schema\\\/logo\\\/image\\\/\"}}]}<\/script>\n<!-- \/ Yoast SEO plugin. -->","yoast_head_json":{"title":"N\u1ed9i dung v\u00e0 ph\u01b0\u01a1ng th\u1ee9c - NASE","robots":{"index":"index","follow":"follow","max-snippet":"max-snippet:-1","max-image-preview":"max-image-preview:large","max-video-preview":"max-video-preview:-1"},"canonical":"https:\/\/www.naseprogram.org\/vi\/content-and-modalities\/","og_locale":"vi_VN","og_type":"article","og_title":"N\u1ed9i dung v\u00e0 ph\u01b0\u01a1ng th\u1ee9c - NASE","og_description":"M\u1ee4C \u0110\u00cdCH C\u00e1c kh\u00f3a h\u1ecdc mi\u1ec5n ph\u00ed c\u1ee7a NASE c\u00f3 m\u1ee5c ti\u00eau ch\u00ednh l\u00e0 th\u00fac \u0111\u1ea9y vi\u1ec7c gi\u1ea3ng d\u1ea1y c\u1ee7a gi\u00e1o vi\u00ean thi\u00ean v\u0103n (ti\u1ec3u h\u1ecdc, trung h\u1ecdc v\u00e0 \u0111\u1ea1i h\u1ecdc) v\u00e0 th\u00fac \u0111\u1ea9y vi\u1ec7c d\u1ea1y \/ h\u1ecdc t\u00edch c\u1ef1c v\u1ec1 m\u00f4n h\u1ecdc th\u00f4ng qua c\u00e1c m\u00f4 h\u00ecnh v\u00e0 quan s\u00e1t c\u00e1c hi\u1ec7n t\u01b0\u1ee3ng. Y\u00caU ... Read more","og_url":"https:\/\/www.naseprogram.org\/vi\/content-and-modalities\/","og_site_name":"NASE","article_modified_time":"2022-09-18T12:02:20+00:00","twitter_card":"summary_large_image","twitter_misc":{"Est. reading time":"1 minute"},"schema":{"@context":"https:\/\/schema.org","@graph":[{"@type":"WebPage","@id":"https:\/\/www.naseprogram.org\/vi\/content-and-modalities\/","url":"https:\/\/www.naseprogram.org\/vi\/content-and-modalities\/","name":"N\u1ed9i dung v\u00e0 ph\u01b0\u01a1ng th\u1ee9c - NASE","isPartOf":{"@id":"https:\/\/www.naseprogram.org\/vi\/#website"},"datePublished":"2021-12-31T13:46:21+00:00","dateModified":"2022-09-18T12:02:20+00:00","breadcrumb":{"@id":"https:\/\/www.naseprogram.org\/vi\/content-and-modalities\/#breadcrumb"},"inLanguage":"vi-VN","potentialAction":[{"@type":"ReadAction","target":["https:\/\/www.naseprogram.org\/vi\/content-and-modalities\/"]}]},{"@type":"BreadcrumbList","@id":"https:\/\/www.naseprogram.org\/vi\/content-and-modalities\/#breadcrumb","itemListElement":[{"@type":"ListItem","position":1,"name":"Home","item":"https:\/\/www.naseprogram.org\/vi\/"},{"@type":"ListItem","position":2,"name":"N\u1ed9i dung v\u00e0 ph\u01b0\u01a1ng th\u1ee9c"}]},{"@type":"WebSite","@id":"https:\/\/www.naseprogram.org\/vi\/#website","url":"https:\/\/www.naseprogram.org\/vi\/","name":"NASE","description":"Network for Astronomy School Education","publisher":{"@id":"https:\/\/www.naseprogram.org\/vi\/#organization"},"potentialAction":[{"@type":"SearchAction","target":{"@type":"EntryPoint","urlTemplate":"https:\/\/www.naseprogram.org\/vi\/?s={search_term_string}"},"query-input":{"@type":"PropertyValueSpecification","valueRequired":true,"valueName":"search_term_string"}}],"inLanguage":"vi-VN"},{"@type":"Organization","@id":"https:\/\/www.naseprogram.org\/vi\/#organization","name":"NASE","url":"https:\/\/www.naseprogram.org\/vi\/","logo":{"@type":"ImageObject","inLanguage":"vi-VN","@id":"https:\/\/www.naseprogram.org\/vi\/#\/schema\/logo\/image\/","url":"https:\/\/www.naseprogram.org\/wp-content\/uploads\/sites\/10\/2021\/12\/naselogo.png","contentUrl":"https:\/\/www.naseprogram.org\/wp-content\/uploads\/sites\/10\/2021\/12\/naselogo.png","width":234,"height":91,"caption":"NASE"},"image":{"@id":"https:\/\/www.naseprogram.org\/vi\/#\/schema\/logo\/image\/"}}]}},"uagb_featured_image_src":{"full":false,"thumbnail":false,"medium":false,"medium_large":false,"large":false,"1536x1536":false,"2048x2048":false},"uagb_author_info":{"display_name":"lifetimemedia","author_link":"https:\/\/www.naseprogram.org\/vi\/author\/lifetimemedia\/"},"uagb_comment_info":0,"uagb_excerpt":"M\u1ee4C \u0110\u00cdCH C\u00e1c kh\u00f3a h\u1ecdc mi\u1ec5n ph\u00ed c\u1ee7a NASE c\u00f3 m\u1ee5c ti\u00eau ch\u00ednh l\u00e0 th\u00fac \u0111\u1ea9y vi\u1ec7c gi\u1ea3ng d\u1ea1y c\u1ee7a gi\u00e1o vi\u00ean thi\u00ean v\u0103n (ti\u1ec3u h\u1ecdc, trung h\u1ecdc v\u00e0 \u0111\u1ea1i h\u1ecdc) v\u00e0 th\u00fac \u0111\u1ea9y vi\u1ec7c d\u1ea1y \/ h\u1ecdc t\u00edch c\u1ef1c v\u1ec1 m\u00f4n h\u1ecdc th\u00f4ng qua c\u00e1c m\u00f4 h\u00ecnh v\u00e0 quan s\u00e1t c\u00e1c hi\u1ec7n t\u01b0\u1ee3ng. Y\u00caU&hellip;","_links":{"self":[{"href":"https:\/\/www.naseprogram.org\/vi\/wp-json\/wp\/v2\/pages\/303753","targetHints":{"allow":["GET"]}}],"collection":[{"href":"https:\/\/www.naseprogram.org\/vi\/wp-json\/wp\/v2\/pages"}],"about":[{"href":"https:\/\/www.naseprogram.org\/vi\/wp-json\/wp\/v2\/types\/page"}],"author":[{"embeddable":true,"href":"https:\/\/www.naseprogram.org\/vi\/wp-json\/wp\/v2\/users\/12"}],"replies":[{"embeddable":true,"href":"https:\/\/www.naseprogram.org\/vi\/wp-json\/wp\/v2\/comments?post=303753"}],"version-history":[{"count":4,"href":"https:\/\/www.naseprogram.org\/vi\/wp-json\/wp\/v2\/pages\/303753\/revisions"}],"predecessor-version":[{"id":310658,"href":"https:\/\/www.naseprogram.org\/vi\/wp-json\/wp\/v2\/pages\/303753\/revisions\/310658"}],"wp:attachment":[{"href":"https:\/\/www.naseprogram.org\/vi\/wp-json\/wp\/v2\/media?parent=303753"}],"curies":[{"name":"wp","href":"https:\/\/api.w.org\/{rel}","templated":true}]}}