{"id":303762,"date":"2021-12-31T10:45:57","date_gmt":"2021-12-31T13:45:57","guid":{"rendered":"https:\/\/naseprogram.wp-ms.ahuekna.org.ar\/nase-introduction\/"},"modified":"2025-02-01T14:14:39","modified_gmt":"2025-02-01T17:14:39","slug":"nase-introduction","status":"publish","type":"page","link":"https:\/\/www.naseprogram.org\/vi\/nase-introduction\/","title":{"rendered":"Gi\u1edbi thi\u1ec7u NASE"},"content":{"rendered":"\n<p class=\"has-amarillo-nase-background-color has-background\"><strong>NASE (Network for Astronomy School Education) l\u00e0 m\u1ed9t Nh\u00f3m l\u00e0m vi\u1ec7c li\u00ean quan \u0111\u1ebfn Nh\u00f3m C\u00f4ng t\u00e1c Ch\u1ee9c n\u0103ng \u201cC\u00e1c S\u00e1ng ki\u1ebfn Ch\u00ednh trong Gi\u00e1o d\u1ee5c, Ti\u1ebfp c\u1eadn v\u00e0 Ph\u00e1t tri\u1ec3n\u201d thu\u1ed9c b\u1ed9 ph\u1eadn C c\u1ee7a IAU (Li\u00ean minh Thi\u00ean v\u0103n Qu\u1ed1c t\u1ebf).<\/strong><\/p>\n\n\n\n<p>M\u1ee5c ti\u00eau ch\u00ednh c\u1ee7a NASE l\u00e0 \u0111\u00e0o t\u1ea1o c\u00e1c th\u1ebf h\u1ec7 gi\u00e1o vi\u00ean m\u1edbi v\u00e0 t\u00e1i gi\u00e1o d\u1ee5c nh\u1eefng ng\u01b0\u1eddi hi\u1ec7n t\u1ea1i. Ch\u00fang t\u00f4i l\u00e0m vi\u1ec7c v\u1edbi c\u00e1c gi\u00e1o s\u01b0 \u0111\u1ea1i h\u1ecdc \u0111\u1ec3 \u0111\u00e0o t\u1ea1o gi\u00e1o vi\u00ean t\u01b0\u01a1ng lai v\u00e0 ch\u00fang t\u00f4i h\u1ee3p t\u00e1c v\u1edbi c\u00e1c s\u1edf gi\u00e1o d\u1ee5c \u0111\u1ec3 \u0111\u00e0o t\u1ea1o gi\u00e1o vi\u00ean ti\u1ec3u h\u1ecdc v\u00e0 trung h\u1ecdc c\u00f3 kinh nghi\u1ec7m.<\/p>\n\n\n\n<p>Nh\u1eefng ng\u01b0\u1eddi tham gia s\u1ebd c\u00f3 t\u1eeb 40 \u0111\u1ebfn 50 gi\u00e1o vi\u00ean gi\u00e1o d\u1ee5c ti\u1ec3u h\u1ecdc v\u00e0 trung h\u1ecdc \u1edf n\u01b0\u1edbc s\u1edf t\u1ea1i, \u0111\u01b0\u1ee3c ph\u00e2n b\u1ed5 th\u00e0nh hai nh\u00f3m cho c\u00e1c h\u1ed9i th\u1ea3o c\u1ee7a c\u00e1c kh\u00f3a h\u1ecdc tr\u1ef1c ti\u1ebfp. Trong c\u00e1c kh\u00f3a h\u1ecdc tr\u1ef1c tuy\u1ebfn kh\u00f4ng c\u00f3 gi\u1edbi h\u1ea1n v\u1ec1 s\u1ed1 l\u01b0\u1ee3ng.<\/p>\n\n\n\n<p>Gi\u00e1o vi\u00ean h\u01b0\u1edbng d\u1eabn s\u1ebd l\u00e0 th\u00e0nh vi\u00ean c\u1ee7a NASE v\u00e0 gi\u00e1o vi\u00ean c\u1ee7a qu\u1ed1c gia \/ th\u00e0nh ph\u1ed1 s\u1edf t\u1ea1i.<\/p>\n\n\n\n<p>Th\u00e0nh t\u1ef1u l\u1edbn nh\u1ea5t c\u1ee7a NASE l\u00e0 vi\u1ec7c th\u00e0nh l\u1eadp m\u1ed9t Nh\u00f3m c\u00f4ng t\u00e1c \u0111\u1ecba ph\u01b0\u01a1ng (LWG) theo sau vi\u1ec7c t\u1ed5 ch\u1ee9c c\u00e1c kh\u00f3a h\u1ecdc v\u00e0 c\u00e1c ho\u1ea1t \u0111\u1ed9ng kh\u00e1c, v\u00e0 ho\u1ea1t \u0111\u1ed9ng \u0111\u00f3 c\u00f3 th\u1ec3 t\u1ef1 ch\u1ee7 trong 2 ho\u1eb7c 3 n\u0103m. C\u00e1c h\u01b0\u1edbng d\u1eabn vi\u00ean \u0111\u1ecba ph\u01b0\u01a1ng l\u00e0 m\u1ed9t ph\u1ea7n ngay l\u1eadp t\u1ee9c c\u1ee7a nh\u00f3m \u0111\u1ecba ph\u01b0\u01a1ng NASE v\u00e0 ch\u1ecbu tr\u00e1ch nhi\u1ec7m th\u1ef1c hi\u1ec7n c\u00e1c cu\u1ed9c h\u1ecdp th\u01b0\u1eddng xuy\u00ean \u0111\u1ec3 duy tr\u00ec c\u00e1c ho\u1ea1t \u0111\u1ed9ng c\u1ee7a nh\u00f3m.<\/p>\n\n\n\n<p>Ng\u00f4n ng\u1eef c\u1ee7a kh\u00f3a h\u1ecdc s\u1ebd l\u00e0 ng\u00f4n ng\u1eef ch\u00ednh th\u1ee9c \u1edf n\u01b0\u1edbc s\u1edf t\u1ea1i.<\/p>\n","protected":false},"excerpt":{"rendered":"<p>NASE (Network for Astronomy School Education) l\u00e0 m\u1ed9t Nh\u00f3m l\u00e0m vi\u1ec7c li\u00ean quan \u0111\u1ebfn Nh\u00f3m C\u00f4ng t\u00e1c Ch\u1ee9c n\u0103ng \u201cC\u00e1c S\u00e1ng ki\u1ebfn Ch\u00ednh trong Gi\u00e1o d\u1ee5c, Ti\u1ebfp c\u1eadn v\u00e0 Ph\u00e1t tri\u1ec3n\u201d thu\u1ed9c b\u1ed9 ph\u1eadn C c\u1ee7a IAU (Li\u00ean minh Thi\u00ean v\u0103n Qu\u1ed1c t\u1ebf). M\u1ee5c ti\u00eau ch\u00ednh c\u1ee7a NASE l\u00e0 \u0111\u00e0o t\u1ea1o c\u00e1c th\u1ebf h\u1ec7 gi\u00e1o &#8230; <a title=\"Gi\u1edbi thi\u1ec7u NASE\" class=\"read-more\" href=\"https:\/\/www.naseprogram.org\/vi\/nase-introduction\/\" aria-label=\"More on Gi\u1edbi thi\u1ec7u NASE\">Read more<\/a><\/p>\n","protected":false},"author":12,"featured_media":0,"parent":0,"menu_order":0,"comment_status":"closed","ping_status":"closed","template":"","meta":{"_uag_custom_page_level_css":"","_coblocks_attr":"","_coblocks_dimensions":"","_coblocks_responsive_height":"","_coblocks_accordion_ie_support":"","footnotes":""},"class_list":["post-303762","page","type-page","status-publish"],"acf":[],"yoast_head":"<!-- This site is optimized with the Yoast SEO plugin v27.3 - https:\/\/yoast.com\/product\/yoast-seo-wordpress\/ -->\n<title>Gi\u1edbi thi\u1ec7u NASE - NASE<\/title>\n<meta name=\"robots\" content=\"index, follow, max-snippet:-1, max-image-preview:large, max-video-preview:-1\" \/>\n<link rel=\"canonical\" href=\"https:\/\/www.naseprogram.org\/vi\/nase-introduction\/\" \/>\n<meta property=\"og:locale\" content=\"vi_VN\" \/>\n<meta property=\"og:type\" content=\"article\" \/>\n<meta property=\"og:title\" content=\"Gi\u1edbi thi\u1ec7u NASE - NASE\" \/>\n<meta property=\"og:description\" content=\"NASE (Network for Astronomy School Education) l\u00e0 m\u1ed9t Nh\u00f3m l\u00e0m vi\u1ec7c li\u00ean quan \u0111\u1ebfn Nh\u00f3m C\u00f4ng t\u00e1c Ch\u1ee9c n\u0103ng \u201cC\u00e1c S\u00e1ng ki\u1ebfn Ch\u00ednh trong Gi\u00e1o d\u1ee5c, Ti\u1ebfp c\u1eadn v\u00e0 Ph\u00e1t tri\u1ec3n\u201d thu\u1ed9c b\u1ed9 ph\u1eadn C c\u1ee7a IAU (Li\u00ean minh Thi\u00ean v\u0103n Qu\u1ed1c t\u1ebf). M\u1ee5c ti\u00eau ch\u00ednh c\u1ee7a NASE l\u00e0 \u0111\u00e0o t\u1ea1o c\u00e1c th\u1ebf h\u1ec7 gi\u00e1o ... Read more\" \/>\n<meta property=\"og:url\" content=\"https:\/\/www.naseprogram.org\/vi\/nase-introduction\/\" \/>\n<meta property=\"og:site_name\" content=\"NASE\" \/>\n<meta property=\"article:modified_time\" content=\"2025-02-01T17:14:39+00:00\" \/>\n<meta name=\"twitter:card\" content=\"summary_large_image\" \/>\n<meta name=\"twitter:label1\" content=\"Est. reading time\" \/>\n\t<meta name=\"twitter:data1\" content=\"2 minutes\" \/>\n<script type=\"application\/ld+json\" class=\"yoast-schema-graph\">{\"@context\":\"https:\\\/\\\/schema.org\",\"@graph\":[{\"@type\":\"WebPage\",\"@id\":\"https:\\\/\\\/www.naseprogram.org\\\/vi\\\/nase-introduction\\\/\",\"url\":\"https:\\\/\\\/www.naseprogram.org\\\/vi\\\/nase-introduction\\\/\",\"name\":\"Gi\u1edbi thi\u1ec7u NASE - NASE\",\"isPartOf\":{\"@id\":\"https:\\\/\\\/www.naseprogram.org\\\/vi\\\/#website\"},\"datePublished\":\"2021-12-31T13:45:57+00:00\",\"dateModified\":\"2025-02-01T17:14:39+00:00\",\"breadcrumb\":{\"@id\":\"https:\\\/\\\/www.naseprogram.org\\\/vi\\\/nase-introduction\\\/#breadcrumb\"},\"inLanguage\":\"vi-VN\",\"potentialAction\":[{\"@type\":\"ReadAction\",\"target\":[\"https:\\\/\\\/www.naseprogram.org\\\/vi\\\/nase-introduction\\\/\"]}]},{\"@type\":\"BreadcrumbList\",\"@id\":\"https:\\\/\\\/www.naseprogram.org\\\/vi\\\/nase-introduction\\\/#breadcrumb\",\"itemListElement\":[{\"@type\":\"ListItem\",\"position\":1,\"name\":\"Home\",\"item\":\"https:\\\/\\\/www.naseprogram.org\\\/vi\\\/\"},{\"@type\":\"ListItem\",\"position\":2,\"name\":\"Gi\u1edbi thi\u1ec7u NASE\"}]},{\"@type\":\"WebSite\",\"@id\":\"https:\\\/\\\/www.naseprogram.org\\\/vi\\\/#website\",\"url\":\"https:\\\/\\\/www.naseprogram.org\\\/vi\\\/\",\"name\":\"NASE\",\"description\":\"Network for Astronomy School Education\",\"publisher\":{\"@id\":\"https:\\\/\\\/www.naseprogram.org\\\/vi\\\/#organization\"},\"potentialAction\":[{\"@type\":\"SearchAction\",\"target\":{\"@type\":\"EntryPoint\",\"urlTemplate\":\"https:\\\/\\\/www.naseprogram.org\\\/vi\\\/?s={search_term_string}\"},\"query-input\":{\"@type\":\"PropertyValueSpecification\",\"valueRequired\":true,\"valueName\":\"search_term_string\"}}],\"inLanguage\":\"vi-VN\"},{\"@type\":\"Organization\",\"@id\":\"https:\\\/\\\/www.naseprogram.org\\\/vi\\\/#organization\",\"name\":\"NASE\",\"url\":\"https:\\\/\\\/www.naseprogram.org\\\/vi\\\/\",\"logo\":{\"@type\":\"ImageObject\",\"inLanguage\":\"vi-VN\",\"@id\":\"https:\\\/\\\/www.naseprogram.org\\\/vi\\\/#\\\/schema\\\/logo\\\/image\\\/\",\"url\":\"https:\\\/\\\/www.naseprogram.org\\\/wp-content\\\/uploads\\\/sites\\\/10\\\/2021\\\/12\\\/naselogo.png\",\"contentUrl\":\"https:\\\/\\\/www.naseprogram.org\\\/wp-content\\\/uploads\\\/sites\\\/10\\\/2021\\\/12\\\/naselogo.png\",\"width\":234,\"height\":91,\"caption\":\"NASE\"},\"image\":{\"@id\":\"https:\\\/\\\/www.naseprogram.org\\\/vi\\\/#\\\/schema\\\/logo\\\/image\\\/\"}}]}<\/script>\n<!-- \/ Yoast SEO plugin. -->","yoast_head_json":{"title":"Gi\u1edbi thi\u1ec7u NASE - NASE","robots":{"index":"index","follow":"follow","max-snippet":"max-snippet:-1","max-image-preview":"max-image-preview:large","max-video-preview":"max-video-preview:-1"},"canonical":"https:\/\/www.naseprogram.org\/vi\/nase-introduction\/","og_locale":"vi_VN","og_type":"article","og_title":"Gi\u1edbi thi\u1ec7u NASE - NASE","og_description":"NASE (Network for Astronomy School Education) l\u00e0 m\u1ed9t Nh\u00f3m l\u00e0m vi\u1ec7c li\u00ean quan \u0111\u1ebfn Nh\u00f3m C\u00f4ng t\u00e1c Ch\u1ee9c n\u0103ng \u201cC\u00e1c S\u00e1ng ki\u1ebfn Ch\u00ednh trong Gi\u00e1o d\u1ee5c, Ti\u1ebfp c\u1eadn v\u00e0 Ph\u00e1t tri\u1ec3n\u201d thu\u1ed9c b\u1ed9 ph\u1eadn C c\u1ee7a IAU (Li\u00ean minh Thi\u00ean v\u0103n Qu\u1ed1c t\u1ebf). M\u1ee5c ti\u00eau ch\u00ednh c\u1ee7a NASE l\u00e0 \u0111\u00e0o t\u1ea1o c\u00e1c th\u1ebf h\u1ec7 gi\u00e1o ... Read more","og_url":"https:\/\/www.naseprogram.org\/vi\/nase-introduction\/","og_site_name":"NASE","article_modified_time":"2025-02-01T17:14:39+00:00","twitter_card":"summary_large_image","twitter_misc":{"Est. reading time":"2 minutes"},"schema":{"@context":"https:\/\/schema.org","@graph":[{"@type":"WebPage","@id":"https:\/\/www.naseprogram.org\/vi\/nase-introduction\/","url":"https:\/\/www.naseprogram.org\/vi\/nase-introduction\/","name":"Gi\u1edbi thi\u1ec7u NASE - NASE","isPartOf":{"@id":"https:\/\/www.naseprogram.org\/vi\/#website"},"datePublished":"2021-12-31T13:45:57+00:00","dateModified":"2025-02-01T17:14:39+00:00","breadcrumb":{"@id":"https:\/\/www.naseprogram.org\/vi\/nase-introduction\/#breadcrumb"},"inLanguage":"vi-VN","potentialAction":[{"@type":"ReadAction","target":["https:\/\/www.naseprogram.org\/vi\/nase-introduction\/"]}]},{"@type":"BreadcrumbList","@id":"https:\/\/www.naseprogram.org\/vi\/nase-introduction\/#breadcrumb","itemListElement":[{"@type":"ListItem","position":1,"name":"Home","item":"https:\/\/www.naseprogram.org\/vi\/"},{"@type":"ListItem","position":2,"name":"Gi\u1edbi thi\u1ec7u NASE"}]},{"@type":"WebSite","@id":"https:\/\/www.naseprogram.org\/vi\/#website","url":"https:\/\/www.naseprogram.org\/vi\/","name":"NASE","description":"Network for Astronomy School Education","publisher":{"@id":"https:\/\/www.naseprogram.org\/vi\/#organization"},"potentialAction":[{"@type":"SearchAction","target":{"@type":"EntryPoint","urlTemplate":"https:\/\/www.naseprogram.org\/vi\/?s={search_term_string}"},"query-input":{"@type":"PropertyValueSpecification","valueRequired":true,"valueName":"search_term_string"}}],"inLanguage":"vi-VN"},{"@type":"Organization","@id":"https:\/\/www.naseprogram.org\/vi\/#organization","name":"NASE","url":"https:\/\/www.naseprogram.org\/vi\/","logo":{"@type":"ImageObject","inLanguage":"vi-VN","@id":"https:\/\/www.naseprogram.org\/vi\/#\/schema\/logo\/image\/","url":"https:\/\/www.naseprogram.org\/wp-content\/uploads\/sites\/10\/2021\/12\/naselogo.png","contentUrl":"https:\/\/www.naseprogram.org\/wp-content\/uploads\/sites\/10\/2021\/12\/naselogo.png","width":234,"height":91,"caption":"NASE"},"image":{"@id":"https:\/\/www.naseprogram.org\/vi\/#\/schema\/logo\/image\/"}}]}},"uagb_featured_image_src":{"full":false,"thumbnail":false,"medium":false,"medium_large":false,"large":false,"1536x1536":false,"2048x2048":false},"uagb_author_info":{"display_name":"lifetimemedia","author_link":"https:\/\/www.naseprogram.org\/vi\/author\/lifetimemedia\/"},"uagb_comment_info":0,"uagb_excerpt":"NASE (Network for Astronomy School Education) l\u00e0 m\u1ed9t Nh\u00f3m l\u00e0m vi\u1ec7c li\u00ean quan \u0111\u1ebfn Nh\u00f3m C\u00f4ng t\u00e1c Ch\u1ee9c n\u0103ng \u201cC\u00e1c S\u00e1ng ki\u1ebfn Ch\u00ednh trong Gi\u00e1o d\u1ee5c, Ti\u1ebfp c\u1eadn v\u00e0 Ph\u00e1t tri\u1ec3n\u201d thu\u1ed9c b\u1ed9 ph\u1eadn C c\u1ee7a IAU (Li\u00ean minh Thi\u00ean v\u0103n Qu\u1ed1c t\u1ebf). M\u1ee5c ti\u00eau ch\u00ednh c\u1ee7a NASE l\u00e0 \u0111\u00e0o t\u1ea1o c\u00e1c th\u1ebf h\u1ec7 gi\u00e1o&hellip;","_links":{"self":[{"href":"https:\/\/www.naseprogram.org\/vi\/wp-json\/wp\/v2\/pages\/303762","targetHints":{"allow":["GET"]}}],"collection":[{"href":"https:\/\/www.naseprogram.org\/vi\/wp-json\/wp\/v2\/pages"}],"about":[{"href":"https:\/\/www.naseprogram.org\/vi\/wp-json\/wp\/v2\/types\/page"}],"author":[{"embeddable":true,"href":"https:\/\/www.naseprogram.org\/vi\/wp-json\/wp\/v2\/users\/12"}],"replies":[{"embeddable":true,"href":"https:\/\/www.naseprogram.org\/vi\/wp-json\/wp\/v2\/comments?post=303762"}],"version-history":[{"count":7,"href":"https:\/\/www.naseprogram.org\/vi\/wp-json\/wp\/v2\/pages\/303762\/revisions"}],"predecessor-version":[{"id":539383,"href":"https:\/\/www.naseprogram.org\/vi\/wp-json\/wp\/v2\/pages\/303762\/revisions\/539383"}],"wp:attachment":[{"href":"https:\/\/www.naseprogram.org\/vi\/wp-json\/wp\/v2\/media?parent=303762"}],"curies":[{"name":"wp","href":"https:\/\/api.w.org\/{rel}","templated":true}]}}